{"id":13626,"date":"2021-08-17T11:20:50","date_gmt":"2021-08-17T11:20:50","guid":{"rendered":"https:\/\/ordoline.com\/privacy-policy-1\/"},"modified":"2021-08-17T11:20:50","modified_gmt":"2021-08-17T11:20:50","slug":"privacy-policy-1","status":"publish","type":"page","link":"https:\/\/ordoline.com\/ro-ro\/privacy-policy-1\/","title":{"rendered":"Politica privind fi\u0219ierele cookie"},"content":{"rendered":"\n<p><\/p>\n\n\n\n<h2 class=\"wp-block-heading\"><strong>Ce sunt cookie-urile \u0219i tehnologiile similare?<\/strong><\/h2>\n\n\n\n<p>Un <strong>cookie<\/strong> este un fi\u0219ier mic de date, adesea incluz\u00e2nd un identificator unic, care este trimis c\u0103tre computerul t\u0103u, telefonul mobil sau tableta ta (denumite \u00een aceast\u0103 politic\u0103 \u201edispozitiv\u201d) de c\u0103tre serverul web, astfel \u00eenc\u00e2t site-ul s\u0103 \u00ee\u0219i poat\u0103 aminti anumite informa\u021bii despre activitatea ta de navigare. Cookie-ul va colecta informa\u021bii legate de utilizarea serviciilor noastre, informa\u021bii despre dispozitivul t\u0103u, de exemplu adresa IP, tipul de browser, loca\u021bia aproximativ\u0103 \u0219i, dac\u0103 ai ajuns pe site-ul nostru printr-un link de pe un alt site, URL-ul paginii respective. Dac\u0103 te-ai \u00eenregistrat pentru anumite servicii sau e\u0219ti abonat, cookie-ul poate colecta \u0219i numele \u0219i adresa ta de email, care pot fi transmise c\u0103tre operatorii de date pentru verificarea utilizatorului \u00eenregistrat sau a abonatului.<\/p>\n\n\n\n<p>Tehnologii similare, cunoscute sub numele de <strong>\u201estocare local\u0103\u201d (local storage)<\/strong>, pot fi de asemenea utilizate \u00een cadrul serviciilor noastre ca alternativ\u0103 la cookie-uri. Aceast\u0103 tehnologie func\u021bioneaz\u0103 \u00eentr-un mod similar \u0219i \u00eendepline\u0219te func\u021bii asem\u0103n\u0103toare, cum ar fi stocarea \u00een cache a datelor pentru a \u00eembun\u0103t\u0103\u021bi serviciile, permiterea \u00eenregistr\u0103rii, urm\u0103rirea activit\u0103\u021bii utilizatorilor pentru scopuri publicitare \u0219i contorizarea afi\u0219\u0103rilor de reclame. Ori de c\u00e2te ori men\u021bion\u0103m \u201ecookie-uri\u201d \u00een aceast\u0103 politic\u0103, ne referim at\u00e2t la cookie-uri, c\u00e2t \u0219i la tehnologiile similare.<\/p>\n\n\n\n<p>Cookie-urile \u00eenregistreaz\u0103 preferin\u021bele tale online \u0219i ne ajut\u0103 s\u0103 adapt\u0103m serviciile noastre la interesele tale. Informa\u021biile oferite de cookie-uri ne ajut\u0103 s\u0103 analiz\u0103m modul \u00een care folose\u0219ti serviciile noastre \u0219i s\u0103-\u021bi oferim o experien\u021b\u0103 mai bun\u0103.<\/p>\n\n\n\n<p>Pe l\u00e2ng\u0103 cookie-uri, serviciile noastre pot folosi \u0219i alte tehnologii precum <strong>web beacons<\/strong>, <strong>GIF-uri transparente<\/strong>, <strong>page tags<\/strong> \u0219i <strong>web bugs<\/strong> \u2013 toate acestea fiind utilizate de site-uri sau servere de reclame ter\u021be pentru a analiza utilizarea site-ului \u0219i pentru a \u00eembun\u0103t\u0103\u021bi experien\u021ba ta de utilizare.<\/p>\n\n\n\n<h3 class=\"wp-block-heading\"><strong>Tipuri de cookie-uri:<\/strong><\/h3>\n\n\n\n<ul class=\"wp-block-list\">\n<li><strong>Cookie-uri de sesiune<\/strong> \u2013 sunt stocate doar pe durata vizitei tale pe site \u0219i sunt \u0219terse c\u00e2nd \u00eenchizi browserul;<\/li>\n\n\n\n<li><strong>Cookie-uri persistente<\/strong> \u2013 r\u0103m\u00e2n pe dispozitivul t\u0103u o perioad\u0103 definit\u0103 chiar \u0219i dup\u0103 ce browserul este \u00eenchis \u0219i sunt folosite pentru a te recunoa\u0219te la o sesiune viitoare;<\/li>\n\n\n\n<li><strong>Cookie-uri de prim\u0103 parte<\/strong> \u2013 sunt setate de site-ul pe care \u00eel vizitezi;<\/li>\n\n\n\n<li><strong>Cookie-uri de ter\u021b\u0103 parte<\/strong> \u2013 sunt plasate de organiza\u021bii externe, precum servicii de analiz\u0103 a traficului sau platforme de publicitate \u0219i re\u021bele sociale, pentru a urm\u0103ri eficien\u021ba reclamelor \u0219i pentru a permite partajarea de con\u021binut.<\/li>\n<\/ul>\n\n\n\n<p><\/p>\n\n\n\n<h2 class=\"wp-block-heading\"><strong>La ce sunt folosite cookie-urile?<\/strong><\/h2>\n\n\n\n<p><strong>Cookie-uri de targetare sau \u201epublicitate comportamental\u0103\u201d<\/strong><br>Aceste cookie-uri, care pot fi plasate pe dispozitivul t\u0103u de noi sau de furnizori ter\u021bi de \u00eencredere, re\u021bin faptul c\u0103 ai vizitat un site \u0219i folosesc aceast\u0103 informa\u021bie pentru a-\u021bi afi\u0219a con\u021binut sau reclame adaptate intereselor tale. Acest tip de publicitate este denumit adesea publicitate comportamental\u0103 online (OBA) \u0219i se bazeaz\u0103 pe istoricul t\u0103u de navigare. Aceste date pot sugera anumite lucruri despre tine (ex: interese, gen etc.) \u0219i pot fi folosite pentru a face reclamele mai relevante. F\u0103r\u0103 aceste cookie-uri, con\u021binutul \u0219i reclamele pot fi mai pu\u021bin relevante pentru tine.<br>Dac\u0103 dore\u0219ti mai multe informa\u021bii despre publicitatea comportamental\u0103 online \u0219i cum po\u021bi renun\u021ba la aceste cookie-uri, viziteaz\u0103: <a class=\"\" href=\"http:\/\/www.youronlinechoices.com\">www.youronlinechoices.com<\/a><\/p>\n\n\n\n<p><strong>Cookie-uri func\u021bionale<\/strong><br>Cookie-urile func\u021bionale sunt esen\u021biale pentru func\u021bionarea serviciilor noastre. Ele sunt utilizate pentru a re\u021bine preferin\u021bele tale pe site-urile noastre \u0219i pentru a oferi func\u021bionalit\u0103\u021bi mai avansate \u0219i personalizate. Informa\u021biile colectate de aceste cookie-uri sunt, de regul\u0103, anonime, astfel \u00eenc\u00e2t nu te putem identifica personal. Aceste cookie-uri nu urm\u0103resc activitatea ta pe internet \u0219i nu colecteaz\u0103 date pentru scopuri publicitare, dar pot ajuta la afi\u0219area de reclame. Acestea sunt de obicei cookie-uri de sesiune care expir\u0103 odat\u0103 cu \u00eenchiderea browserului.<\/p>\n\n\n\n<p><strong>Cookie-uri esen\u021biale sau \u201estrict necesare\u201d<\/strong><br>Aceste cookie-uri sunt vitale pentru func\u021bionarea serviciilor noastre. F\u0103r\u0103 ele, anumite p\u0103r\u021bi ale site-urilor noastre nu ar func\u021biona. Nu urm\u0103resc activitatea ta pe alte site-uri \u0219i nu re\u021bin preferin\u021bele dincolo de vizita curent\u0103. De asemenea, nu colecteaz\u0103 informa\u021bii care ar putea fi folosite \u00een scopuri de marketing. Sunt, \u00een general, cookie-uri de sesiune care expir\u0103 c\u00e2nd \u00eenchizi browserul.<\/p>\n\n\n\n<p><strong>Cookie-uri analitice de performan\u021b\u0103 \u0219i m\u0103surare<\/strong><br>Aceste cookie-uri sunt folosite pentru a monitoriza performan\u021ba serviciilor noastre, de exemplu, pentru a contoriza num\u0103rul de vizualiz\u0103ri de pagin\u0103 \u0219i num\u0103rul de utilizatori unici ai site-ului. Serviciile de analiz\u0103 web pot fi oferite de ter\u021bi. Informa\u021biile colectate ne ajut\u0103 s\u0103 \u00een\u021belegem comportamentul utilizatorilor \u0219i s\u0103 \u00eembun\u0103t\u0103\u021bim experien\u021ba lor sau s\u0103 identific\u0103m sec\u021biuni ale site-ului care necesit\u0103 optimizare. Aceste date sunt anonime \u0219i utilizate doar \u00een scopuri statistice.<\/p>\n\n\n\n<h2 class=\"wp-block-heading\"><strong>Cum utilizeaz\u0103 Ordoline cookie-urile?<\/strong><\/h2>\n\n\n\n<p>Ordoline, together with our trusted partners, uses cookies in combination with other information we maintain for a number of purposes, including the following:<\/p>\n\n\n\n<p>1. Essential and Functional Cookies<br>We use these cookies to enable certain online functionality including:<\/p>\n\n\n\n<ul class=\"wp-block-list\">\n<li>access your information so we can provide you with customised content and experiences, or remember the last page you visited on our website<\/li>\n\n\n\n<li>identify returning users, registrants and subscribers and allow them to be presented with a personalised version of the site;<\/li>\n\n\n\n<li>eliminating the need for returning users to re-enter their login details;<\/li>\n\n\n\n<li>commenting on our sites;<\/li>\n\n\n\n<li>to support security measures and to assist in identifying possible fraudulent or abusive activities.<\/li>\n<\/ul>\n\n\n\n<p>2. Cookie-uri analitice de performan\u021b\u0103 \u0219i m\u0103surare<\/p>\n\n\n\n<p>Folosim aceste cookie-uri pentru a m\u0103sura comportamentul utilizatorilor \u00een scopul dezvolt\u0103rii serviciilor noastre. Folosind servicii de analiz\u0103 furnizate de ter\u021bi, precum Google Analytics, putem analiza \u0219i m\u0103sura ce pagini sunt vizualizate \u0219i pentru c\u00e2t timp \u0219i ce linkuri sunt accesate, \u0219i putem folosi aceste informa\u021bii pentru a furniza mai mult con\u021binut de interes. De asemenea, folosim aceast\u0103 analiz\u0103 pentru a raporta performan\u021ba \u0219i pentru a vinde publicitate.<\/p>\n\n\n\n<p><strong>3. Cookie-uri de targetare \u0219i publicitate comportamental\u0103<\/strong><br>Partenerii de \u00eencredere cu care colabor\u0103m \u00een leg\u0103tur\u0103 cu targetarea \u0219i publicitatea comportamental\u0103 includ servere publicitare ter\u021be, agen\u021bii de publicitate, furnizori de tehnologie, furnizori de con\u021binut publicitar, firme de cercetare \u0219i alte companii care ne ajut\u0103 s\u0103 oferim publicitate mai eficient\u0103 \u0219i o experien\u021b\u0103 mai personalizat\u0103. Pe m\u0103sur\u0103 ce browserul, aplica\u021bia sau dispozitivul t\u0103u comunic\u0103 cu serverele ter\u021bei p\u0103r\u021bi, aceste companii pot colecta informa\u021bii, inclusiv adresa ta IP, informa\u021bii despre antetul paginii, browserul sau dispozitivul, exact ca \u0219i cum ai fi accesat direct pagina lor web sau aplica\u021biile acestora.<\/p>\n\n\n\n<p>Nu putem controla \u0219i nici nu avem acces la niciun cookie plasat pe calculatorul t\u0103u de agen\u021bii publicitari \u0219i sponsori ter\u021bi.<\/p>\n\n\n\n<p><strong>4. Alte cookie-uri ter\u021be<\/strong><br>Este posibil s\u0103 observi pe unele pagini ale site-urilor noastre c\u0103 au fost setate cookie-uri care nu au leg\u0103tur\u0103 cu Ordoline. C\u00e2nd vizitezi o pagin\u0103 cu con\u021binut \u00eencorporat de exemplu de la YouTube sau Facebook, ace\u0219ti furnizori de servicii ter\u021bi pot seta propriile cookie-uri pe dispozitivul t\u0103u. Future nu controleaz\u0103 utilizarea acestor cookie-uri ter\u021be \u0219i nu poate avea acces la ele din cauza modului \u00een care func\u021bioneaz\u0103 cookie-urile, deoarece acestea pot fi accesate doar de c\u0103tre partea care le-a setat ini\u021bial. Te rug\u0103m s\u0103 verifici site-urile ter\u021belor p\u0103r\u021bi pentru mai multe informa\u021bii despre aceste cookie-uri.<\/p>\n\n\n\n<p>De asemenea, includem web beacons \u00een emailurile noastre pentru a urm\u0103ri succesul campaniilor noastre de marketing. Asta \u00eenseamn\u0103 c\u0103, dac\u0103 deschizi un email de la noi, putem vedea ce pagini ale site-ului nostru ai vizitat. Web beacon-urile noastre nu stocheaz\u0103 informa\u021bii suplimentare pe dispozitivul t\u0103u, dar, prin comunicarea cu cookie-urile noastre de pe dispozitivul t\u0103u, ne pot spune c\u00e2nd ai deschis emailul nostru.<\/p>\n\n\n\n<h2 class=\"wp-block-heading\"><strong>Cum pot utilizatorii gestiona sau renun\u021ba la cookie-uri?<\/strong><\/h2>\n\n\n\n<p>Unii oameni consider\u0103 c\u0103 ideea ca un site web s\u0103 stocheze informa\u021bii pe dispozitivul lor este pu\u021bin intruziv\u0103, mai ales c\u00e2nd informa\u021biile sunt stocate \u0219i utilizate de o ter\u021b\u0103 parte. De exemplu, este posibil s\u0103 te opui primirii de publicitate direc\u021bionat\u0103 \u00een func\u021bie de istoricul de navigare. Dac\u0103 preferi s\u0103 renun\u021bi la cookie-uri, este posibil s\u0103 controlezi cookie-urile urm\u00e2nd pa\u0219ii de mai jos, totu\u0219i trebuie s\u0103 fii con\u0219tient c\u0103 este posibil s\u0103 pierzi unele func\u021bionalit\u0103\u021bi ale site-ului dac\u0103 faci asta.<\/p>\n\n\n\n<p>Cookie-urile, inclusiv cele care au fost deja setate, pot fi \u0219terse de pe hard disk-ul t\u0103u. De asemenea, po\u021bi modifica preferin\u021bele\/set\u0103rile din browserul t\u0103u web pentru a controla cookie-urile. Unele browsere de internet au o setare \u201eDo Not Track\u201d sau \u201eDNT\u201d; aceasta trimite un semnal c\u0103tre site-urile web cer\u00e2ndu-le s\u0103 nu \u00ee\u021bi urm\u0103reasc\u0103 navigarea.<\/p>\n\n\n\n<p>\u00cen unele cazuri, po\u021bi alege s\u0103 accep\u021bi cookie-uri de la site-ul principal, dar s\u0103 le blochezi pe cele de la ter\u021bi. \u00cen altele, po\u021bi bloca cookie-uri de la anumi\u021bi agen\u021bi publicitari sau s\u0103 le \u0219tergi pe toate. \u0218tergerea sau blocarea cookie-urilor poate reduce func\u021bionalitatea site-ului. Pentru a afla mai multe despre cum s\u0103 respingi cookie-urile, viziteaz\u0103 <a class=\"\" href=\"http:\/\/www.allaboutcookies.org\/\">http:\/\/www.allaboutcookies.org\/<\/a> sau acceseaz\u0103 meniul de ajutor din browserul t\u0103u web. Dac\u0103 \u00eent\u00e2mpini probleme dup\u0103 ce ai \u0219ters cookie-urile, ar trebui s\u0103 contactezi furnizorul browserului t\u0103u web.<\/p>\n\n\n\n<p>Pentru mai multe informa\u021bii despre cookie-urile ter\u021be generate de agen\u021bii publicitari, te rug\u0103m s\u0103 vizitezi:<br><a class=\"\" href=\"http:\/\/www.youronlinechoices.com\">www.youronlinechoices.com<\/a><\/p>\n\n\n\n<p>Te rug\u0103m s\u0103 fii con\u0219tient c\u0103 acestea sunt site-uri web ter\u021be \u0219i Future nu \u00ee\u0219i asum\u0103 nicio responsabilitate pentru instruc\u021biunile oferite pe aceste site-uri.<\/p>\n\n\n\n<p><strong>Po\u021bi afla cum s\u0103 refuzi cookie-urile de targetare \u0219i publicitate comportamental\u0103 vizit\u00e2nd:<\/strong><\/p>\n\n\n\n<p><a class=\"\" href=\"http:\/\/www.youronlinechoices.eu\">http:\/\/www.youronlinechoices.eu<\/a><\/p>\n\n\n\n<p><a class=\"\" href=\"http:\/\/optout.networkadvertising.org\/?c=1#!\/\">http:\/\/optout.networkadvertising.org\/?c=1#!\/<\/a><\/p>\n\n\n\n<p><a class=\"\" href=\"http:\/\/www.aboutads.info\">http:\/\/www.aboutads.info<\/a><\/p>\n\n\n\n<p><strong>Web Beacons<\/strong><br>\u00cen mod normal, po\u021bi face ineficiente web beacons \u0219i alte tehnologii de urm\u0103rire prin dezactivarea cookie-urilor \u00een browserul t\u0103u. Exist\u0103, de asemenea, extensii \u0219i suplimente pentru browser care blocheaz\u0103 specific web beacons. Dac\u0103 te opui folosirii web beacons \u00een emailuri, \u00ee\u021bi recomand\u0103m s\u0103 urmezi instruc\u021biunile de \u0219tergere a cookie-urilor existente \u0219i de dezactivare a celor viitoare men\u021bionate mai sus. Vom \u0219ti \u00een continuare c\u00e2te dintre emailurile noastre au fost deschise \u0219i vom primi automat adresa ta IP, un identificator unic al dispozitivului t\u0103u sau alt dispozitiv de acces; dar nu te vom identifica ca persoan\u0103 fizic\u0103.<\/p>\n\n\n\n<p><\/p>\n\n\n\n<h2 class=\"wp-block-heading\"><strong>Informa\u021bii suplimentare \u0219i detalii de contact:<\/strong><\/h2>\n\n\n\n<p>Pentru mai multe informa\u021bii, v\u0103 rug\u0103m s\u0103 contacta\u021bi <a class=\"\">info@ordoline.lt<\/a><\/p>\n\n\n\n<h2 class=\"wp-block-heading\"><\/h2>\n\n\n\n<p><\/p>\n\n\n\n<p><\/p>\n\n\n\n<h2 class=\"wp-block-heading\"><\/h2>\n\n\n\n<p><\/p>\n\n\n\n<h2 class=\"wp-block-heading\"><\/h2>\n\n\n\n<p><\/p>\n","protected":false},"excerpt":{"rendered":"<p>Ce sunt cookie-urile \u0219i tehnologiile similare? Un cookie este un fi\u0219ier mic de date, adesea incluz\u00e2nd un identificator unic, care este trimis c\u0103tre computerul t\u0103u, telefonul mobil sau tableta ta (denumite \u00een aceast\u0103 politic\u0103 \u201edispozitiv\u201d) de c\u0103tre serverul web, astfel \u00eenc\u00e2t site-ul s\u0103 \u00ee\u0219i poat\u0103 aminti anumite informa\u021bii despre activitatea ta de navigare. Cookie-ul va [&hellip;]<\/p>\n","protected":false},"author":1,"featured_media":0,"parent":0,"menu_order":0,"comment_status":"closed","ping_status":"closed","template":"template-privacy.php","meta":{"_acf_changed":false,"inline_featured_image":false,"footnotes":""},"class_list":["post-13626","page","type-page","status-publish","hentry"],"acf":[],"yoast_head":"<!-- This site is optimized with the Yoast SEO plugin v25.9 - https:\/\/yoast.com\/wordpress\/plugins\/seo\/ -->\n<title>Politica privind fi\u0219ierele cookie - Ordoline<\/title>\n<meta name=\"robots\" content=\"index, follow, max-snippet:-1, max-image-preview:large, max-video-preview:-1\" \/>\n<link rel=\"canonical\" href=\"https:\/\/ordoline.com\/ro-ro\/privacy-policy-1\/\" \/>\n<meta property=\"og:locale\" content=\"ro_RO\" \/>\n<meta property=\"og:type\" content=\"article\" \/>\n<meta property=\"og:title\" content=\"Politica privind fi\u0219ierele cookie - Ordoline\" \/>\n<meta property=\"og:description\" content=\"Ce sunt cookie-urile \u0219i tehnologiile similare? Un cookie este un fi\u0219ier mic de date, adesea incluz\u00e2nd un identificator unic, care este trimis c\u0103tre computerul t\u0103u, telefonul mobil sau tableta ta (denumite \u00een aceast\u0103 politic\u0103 \u201edispozitiv\u201d) de c\u0103tre serverul web, astfel \u00eenc\u00e2t site-ul s\u0103 \u00ee\u0219i poat\u0103 aminti anumite informa\u021bii despre activitatea ta de navigare. Cookie-ul va [&hellip;]\" \/>\n<meta property=\"og:url\" content=\"https:\/\/ordoline.com\/ro-ro\/privacy-policy-1\/\" \/>\n<meta property=\"og:site_name\" content=\"Ordoline\" \/>\n<meta name=\"twitter:card\" content=\"summary_large_image\" \/>\n<meta name=\"twitter:label1\" content=\"Est. reading time\" \/>\n\t<meta name=\"twitter:data1\" content=\"9 minutes\" \/>\n<script type=\"application\/ld+json\" class=\"yoast-schema-graph\">{\"@context\":\"https:\/\/schema.org\",\"@graph\":[{\"@type\":\"WebPage\",\"@id\":\"https:\/\/ordoline.com\/ro-ro\/privacy-policy-1\/\",\"url\":\"https:\/\/ordoline.com\/ro-ro\/privacy-policy-1\/\",\"name\":\"Politica privind fi\u0219ierele cookie - Ordoline\",\"isPartOf\":{\"@id\":\"https:\/\/ordoline.com\/ro-ro\/#website\"},\"datePublished\":\"2021-08-17T11:20:50+00:00\",\"breadcrumb\":{\"@id\":\"https:\/\/ordoline.com\/ro-ro\/privacy-policy-1\/#breadcrumb\"},\"inLanguage\":\"ro\",\"potentialAction\":[{\"@type\":\"ReadAction\",\"target\":[\"https:\/\/ordoline.com\/ro-ro\/privacy-policy-1\/\"]}]},{\"@type\":\"BreadcrumbList\",\"@id\":\"https:\/\/ordoline.com\/ro-ro\/privacy-policy-1\/#breadcrumb\",\"itemListElement\":[{\"@type\":\"ListItem\",\"position\":1,\"name\":\"Home\",\"item\":\"https:\/\/ordoline.com\/ro-ro\/\"},{\"@type\":\"ListItem\",\"position\":2,\"name\":\"Politica privind fi\u0219ierele cookie\"}]},{\"@type\":\"WebSite\",\"@id\":\"https:\/\/ordoline.com\/ro-ro\/#website\",\"url\":\"https:\/\/ordoline.com\/ro-ro\/\",\"name\":\"Ordoline\",\"description\":\"Confidence and predictability with every aligner case\",\"publisher\":{\"@id\":\"https:\/\/ordoline.com\/ro-ro\/#organization\"},\"potentialAction\":[{\"@type\":\"SearchAction\",\"target\":{\"@type\":\"EntryPoint\",\"urlTemplate\":\"https:\/\/ordoline.com\/ro-ro\/?s={search_term_string}\"},\"query-input\":{\"@type\":\"PropertyValueSpecification\",\"valueRequired\":true,\"valueName\":\"search_term_string\"}}],\"inLanguage\":\"ro\"},{\"@type\":\"Organization\",\"@id\":\"https:\/\/ordoline.com\/ro-ro\/#organization\",\"name\":\"Ordoline\",\"url\":\"https:\/\/ordoline.com\/ro-ro\/\",\"logo\":{\"@type\":\"ImageObject\",\"inLanguage\":\"ro\",\"@id\":\"https:\/\/ordoline.com\/ro-ro\/#\/schema\/logo\/image\/\",\"url\":\"https:\/\/ordoline.com\/wp-content\/uploads\/2021\/08\/ordoline_logo-juodas-4.png\",\"contentUrl\":\"https:\/\/ordoline.com\/wp-content\/uploads\/2021\/08\/ordoline_logo-juodas-4.png\",\"width\":199,\"height\":40,\"caption\":\"Ordoline\"},\"image\":{\"@id\":\"https:\/\/ordoline.com\/ro-ro\/#\/schema\/logo\/image\/\"}}]}<\/script>\n<!-- \/ Yoast SEO plugin. -->","yoast_head_json":{"title":"Politica privind fi\u0219ierele cookie - Ordoline","robots":{"index":"index","follow":"follow","max-snippet":"max-snippet:-1","max-image-preview":"max-image-preview:large","max-video-preview":"max-video-preview:-1"},"canonical":"https:\/\/ordoline.com\/ro-ro\/privacy-policy-1\/","og_locale":"ro_RO","og_type":"article","og_title":"Politica privind fi\u0219ierele cookie - Ordoline","og_description":"Ce sunt cookie-urile \u0219i tehnologiile similare? Un cookie este un fi\u0219ier mic de date, adesea incluz\u00e2nd un identificator unic, care este trimis c\u0103tre computerul t\u0103u, telefonul mobil sau tableta ta (denumite \u00een aceast\u0103 politic\u0103 \u201edispozitiv\u201d) de c\u0103tre serverul web, astfel \u00eenc\u00e2t site-ul s\u0103 \u00ee\u0219i poat\u0103 aminti anumite informa\u021bii despre activitatea ta de navigare. Cookie-ul va [&hellip;]","og_url":"https:\/\/ordoline.com\/ro-ro\/privacy-policy-1\/","og_site_name":"Ordoline","twitter_card":"summary_large_image","twitter_misc":{"Est. reading time":"9 minutes"},"schema":{"@context":"https:\/\/schema.org","@graph":[{"@type":"WebPage","@id":"https:\/\/ordoline.com\/ro-ro\/privacy-policy-1\/","url":"https:\/\/ordoline.com\/ro-ro\/privacy-policy-1\/","name":"Politica privind fi\u0219ierele cookie - Ordoline","isPartOf":{"@id":"https:\/\/ordoline.com\/ro-ro\/#website"},"datePublished":"2021-08-17T11:20:50+00:00","breadcrumb":{"@id":"https:\/\/ordoline.com\/ro-ro\/privacy-policy-1\/#breadcrumb"},"inLanguage":"ro","potentialAction":[{"@type":"ReadAction","target":["https:\/\/ordoline.com\/ro-ro\/privacy-policy-1\/"]}]},{"@type":"BreadcrumbList","@id":"https:\/\/ordoline.com\/ro-ro\/privacy-policy-1\/#breadcrumb","itemListElement":[{"@type":"ListItem","position":1,"name":"Home","item":"https:\/\/ordoline.com\/ro-ro\/"},{"@type":"ListItem","position":2,"name":"Politica privind fi\u0219ierele cookie"}]},{"@type":"WebSite","@id":"https:\/\/ordoline.com\/ro-ro\/#website","url":"https:\/\/ordoline.com\/ro-ro\/","name":"Ordoline","description":"Confidence and predictability with every aligner case","publisher":{"@id":"https:\/\/ordoline.com\/ro-ro\/#organization"},"potentialAction":[{"@type":"SearchAction","target":{"@type":"EntryPoint","urlTemplate":"https:\/\/ordoline.com\/ro-ro\/?s={search_term_string}"},"query-input":{"@type":"PropertyValueSpecification","valueRequired":true,"valueName":"search_term_string"}}],"inLanguage":"ro"},{"@type":"Organization","@id":"https:\/\/ordoline.com\/ro-ro\/#organization","name":"Ordoline","url":"https:\/\/ordoline.com\/ro-ro\/","logo":{"@type":"ImageObject","inLanguage":"ro","@id":"https:\/\/ordoline.com\/ro-ro\/#\/schema\/logo\/image\/","url":"https:\/\/ordoline.com\/wp-content\/uploads\/2021\/08\/ordoline_logo-juodas-4.png","contentUrl":"https:\/\/ordoline.com\/wp-content\/uploads\/2021\/08\/ordoline_logo-juodas-4.png","width":199,"height":40,"caption":"Ordoline"},"image":{"@id":"https:\/\/ordoline.com\/ro-ro\/#\/schema\/logo\/image\/"}}]}},"_links":{"self":[{"href":"https:\/\/ordoline.com\/ro-ro\/wp-json\/wp\/v2\/pages\/13626","targetHints":{"allow":["GET"]}}],"collection":[{"href":"https:\/\/ordoline.com\/ro-ro\/wp-json\/wp\/v2\/pages"}],"about":[{"href":"https:\/\/ordoline.com\/ro-ro\/wp-json\/wp\/v2\/types\/page"}],"author":[{"embeddable":true,"href":"https:\/\/ordoline.com\/ro-ro\/wp-json\/wp\/v2\/users\/1"}],"replies":[{"embeddable":true,"href":"https:\/\/ordoline.com\/ro-ro\/wp-json\/wp\/v2\/comments?post=13626"}],"version-history":[{"count":0,"href":"https:\/\/ordoline.com\/ro-ro\/wp-json\/wp\/v2\/pages\/13626\/revisions"}],"wp:attachment":[{"href":"https:\/\/ordoline.com\/ro-ro\/wp-json\/wp\/v2\/media?parent=13626"}],"curies":[{"name":"wp","href":"https:\/\/api.w.org\/{rel}","templated":true}]}}