{"id":13622,"date":"2021-08-18T09:19:29","date_gmt":"2021-08-18T09:19:29","guid":{"rendered":"https:\/\/ordoline.com\/aligners-vs-braces-b2c\/"},"modified":"2025-05-04T07:17:29","modified_gmt":"2025-05-04T07:17:29","slug":"aligners-vs-braces-b2c","status":"publish","type":"page","link":"https:\/\/ordoline.com\/ro-ro\/aligners-vs-braces-b2c\/","title":{"rendered":"Alignere vs. Braces"},"content":{"rendered":"\n<p>Alignerele \u0219i aparatele dentare sunt cele dou\u0103 op\u021biuni cele mai populare pentru a \u00eendrepta din\u021bii str\u00e2mbi \u0219i a corecta mu\u0219c\u0103tura incorect\u0103. Mai recent, alignerele transparente c\u00e2\u0219tig\u0103 cursa \u0219i devin din ce \u00een ce mai populare \u00een r\u00e2ndul medicilor denti\u0219ti \u0219i pacien\u021bilor.<\/p>\n","protected":false},"excerpt":{"rendered":"<p>Alignerele \u0219i aparatele dentare sunt cele dou\u0103 op\u021biuni cele mai populare pentru a \u00eendrepta din\u021bii str\u00e2mbi \u0219i a corecta mu\u0219c\u0103tura incorect\u0103. Mai recent, alignerele transparente c\u00e2\u0219tig\u0103 cursa \u0219i devin din ce \u00een ce mai populare \u00een r\u00e2ndul medicilor denti\u0219ti \u0219i pacien\u021bilor.<\/p>\n","protected":false},"author":1,"featured_media":13033,"parent":0,"menu_order":0,"comment_status":"closed","ping_status":"closed","template":"page-comparison-b2c.php","meta":{"_acf_changed":false,"inline_featured_image":false,"footnotes":""},"class_list":["post-13622","page","type-page","status-publish","has-post-thumbnail","hentry"],"acf":[],"yoast_head":"<!-- This site is optimized with the Yoast SEO plugin v25.9 - https:\/\/yoast.com\/wordpress\/plugins\/seo\/ -->\n<title>Alignere vs. Braces - Ordoline<\/title>\n<meta name=\"robots\" content=\"index, follow, max-snippet:-1, max-image-preview:large, max-video-preview:-1\" \/>\n<link rel=\"canonical\" href=\"https:\/\/ordoline.com\/ro-ro\/aligners-vs-braces-b2c\/\" \/>\n<meta property=\"og:locale\" content=\"ro_RO\" \/>\n<meta property=\"og:type\" content=\"article\" \/>\n<meta property=\"og:title\" content=\"Alignere vs. Braces - Ordoline\" \/>\n<meta property=\"og:description\" content=\"Alignerele \u0219i aparatele dentare sunt cele dou\u0103 op\u021biuni cele mai populare pentru a \u00eendrepta din\u021bii str\u00e2mbi \u0219i a corecta mu\u0219c\u0103tura incorect\u0103. Mai recent, alignerele transparente c\u00e2\u0219tig\u0103 cursa \u0219i devin din ce \u00een ce mai populare \u00een r\u00e2ndul medicilor denti\u0219ti \u0219i pacien\u021bilor.\" \/>\n<meta property=\"og:url\" content=\"https:\/\/ordoline.com\/ro-ro\/aligners-vs-braces-b2c\/\" \/>\n<meta property=\"og:site_name\" content=\"Ordoline\" \/>\n<meta property=\"article:modified_time\" content=\"2025-05-04T07:17:29+00:00\" \/>\n<meta property=\"og:image\" content=\"http:\/\/ordoline.com\/wp-content\/uploads\/2021\/08\/cut-1.png\" \/>\n\t<meta property=\"og:image:width\" content=\"1786\" \/>\n\t<meta property=\"og:image:height\" content=\"1360\" \/>\n\t<meta property=\"og:image:type\" content=\"image\/png\" \/>\n<meta name=\"twitter:card\" content=\"summary_large_image\" \/>\n<meta name=\"twitter:label1\" content=\"Est. reading time\" \/>\n\t<meta name=\"twitter:data1\" content=\"1 minute\" \/>\n<script type=\"application\/ld+json\" class=\"yoast-schema-graph\">{\"@context\":\"https:\/\/schema.org\",\"@graph\":[{\"@type\":\"WebPage\",\"@id\":\"https:\/\/ordoline.com\/ro-ro\/aligners-vs-braces-b2c\/\",\"url\":\"https:\/\/ordoline.com\/ro-ro\/aligners-vs-braces-b2c\/\",\"name\":\"Alignere vs. Braces - Ordoline\",\"isPartOf\":{\"@id\":\"https:\/\/ordoline.com\/ro-ro\/#website\"},\"primaryImageOfPage\":{\"@id\":\"https:\/\/ordoline.com\/ro-ro\/aligners-vs-braces-b2c\/#primaryimage\"},\"image\":{\"@id\":\"https:\/\/ordoline.com\/ro-ro\/aligners-vs-braces-b2c\/#primaryimage\"},\"thumbnailUrl\":\"https:\/\/ordoline.com\/wp-content\/uploads\/2021\/08\/cut-1.png\",\"datePublished\":\"2021-08-18T09:19:29+00:00\",\"dateModified\":\"2025-05-04T07:17:29+00:00\",\"breadcrumb\":{\"@id\":\"https:\/\/ordoline.com\/ro-ro\/aligners-vs-braces-b2c\/#breadcrumb\"},\"inLanguage\":\"ro\",\"potentialAction\":[{\"@type\":\"ReadAction\",\"target\":[\"https:\/\/ordoline.com\/ro-ro\/aligners-vs-braces-b2c\/\"]}]},{\"@type\":\"ImageObject\",\"inLanguage\":\"ro\",\"@id\":\"https:\/\/ordoline.com\/ro-ro\/aligners-vs-braces-b2c\/#primaryimage\",\"url\":\"https:\/\/ordoline.com\/wp-content\/uploads\/2021\/08\/cut-1.png\",\"contentUrl\":\"https:\/\/ordoline.com\/wp-content\/uploads\/2021\/08\/cut-1.png\",\"width\":1786,\"height\":1360},{\"@type\":\"BreadcrumbList\",\"@id\":\"https:\/\/ordoline.com\/ro-ro\/aligners-vs-braces-b2c\/#breadcrumb\",\"itemListElement\":[{\"@type\":\"ListItem\",\"position\":1,\"name\":\"Home\",\"item\":\"https:\/\/ordoline.com\/ro-ro\/\"},{\"@type\":\"ListItem\",\"position\":2,\"name\":\"Alignere vs. Braces\"}]},{\"@type\":\"WebSite\",\"@id\":\"https:\/\/ordoline.com\/ro-ro\/#website\",\"url\":\"https:\/\/ordoline.com\/ro-ro\/\",\"name\":\"Ordoline\",\"description\":\"Confidence and predictability with every aligner case\",\"publisher\":{\"@id\":\"https:\/\/ordoline.com\/ro-ro\/#organization\"},\"potentialAction\":[{\"@type\":\"SearchAction\",\"target\":{\"@type\":\"EntryPoint\",\"urlTemplate\":\"https:\/\/ordoline.com\/ro-ro\/?s={search_term_string}\"},\"query-input\":{\"@type\":\"PropertyValueSpecification\",\"valueRequired\":true,\"valueName\":\"search_term_string\"}}],\"inLanguage\":\"ro\"},{\"@type\":\"Organization\",\"@id\":\"https:\/\/ordoline.com\/ro-ro\/#organization\",\"name\":\"Ordoline\",\"url\":\"https:\/\/ordoline.com\/ro-ro\/\",\"logo\":{\"@type\":\"ImageObject\",\"inLanguage\":\"ro\",\"@id\":\"https:\/\/ordoline.com\/ro-ro\/#\/schema\/logo\/image\/\",\"url\":\"https:\/\/ordoline.com\/wp-content\/uploads\/2021\/08\/ordoline_logo-juodas-4.png\",\"contentUrl\":\"https:\/\/ordoline.com\/wp-content\/uploads\/2021\/08\/ordoline_logo-juodas-4.png\",\"width\":199,\"height\":40,\"caption\":\"Ordoline\"},\"image\":{\"@id\":\"https:\/\/ordoline.com\/ro-ro\/#\/schema\/logo\/image\/\"}}]}<\/script>\n<!-- \/ Yoast SEO plugin. -->","yoast_head_json":{"title":"Alignere vs. Braces - Ordoline","robots":{"index":"index","follow":"follow","max-snippet":"max-snippet:-1","max-image-preview":"max-image-preview:large","max-video-preview":"max-video-preview:-1"},"canonical":"https:\/\/ordoline.com\/ro-ro\/aligners-vs-braces-b2c\/","og_locale":"ro_RO","og_type":"article","og_title":"Alignere vs. Braces - Ordoline","og_description":"Alignerele \u0219i aparatele dentare sunt cele dou\u0103 op\u021biuni cele mai populare pentru a \u00eendrepta din\u021bii str\u00e2mbi \u0219i a corecta mu\u0219c\u0103tura incorect\u0103. Mai recent, alignerele transparente c\u00e2\u0219tig\u0103 cursa \u0219i devin din ce \u00een ce mai populare \u00een r\u00e2ndul medicilor denti\u0219ti \u0219i pacien\u021bilor.","og_url":"https:\/\/ordoline.com\/ro-ro\/aligners-vs-braces-b2c\/","og_site_name":"Ordoline","article_modified_time":"2025-05-04T07:17:29+00:00","og_image":[{"width":1786,"height":1360,"url":"http:\/\/ordoline.com\/wp-content\/uploads\/2021\/08\/cut-1.png","type":"image\/png"}],"twitter_card":"summary_large_image","twitter_misc":{"Est. reading time":"1 minute"},"schema":{"@context":"https:\/\/schema.org","@graph":[{"@type":"WebPage","@id":"https:\/\/ordoline.com\/ro-ro\/aligners-vs-braces-b2c\/","url":"https:\/\/ordoline.com\/ro-ro\/aligners-vs-braces-b2c\/","name":"Alignere vs. Braces - Ordoline","isPartOf":{"@id":"https:\/\/ordoline.com\/ro-ro\/#website"},"primaryImageOfPage":{"@id":"https:\/\/ordoline.com\/ro-ro\/aligners-vs-braces-b2c\/#primaryimage"},"image":{"@id":"https:\/\/ordoline.com\/ro-ro\/aligners-vs-braces-b2c\/#primaryimage"},"thumbnailUrl":"https:\/\/ordoline.com\/wp-content\/uploads\/2021\/08\/cut-1.png","datePublished":"2021-08-18T09:19:29+00:00","dateModified":"2025-05-04T07:17:29+00:00","breadcrumb":{"@id":"https:\/\/ordoline.com\/ro-ro\/aligners-vs-braces-b2c\/#breadcrumb"},"inLanguage":"ro","potentialAction":[{"@type":"ReadAction","target":["https:\/\/ordoline.com\/ro-ro\/aligners-vs-braces-b2c\/"]}]},{"@type":"ImageObject","inLanguage":"ro","@id":"https:\/\/ordoline.com\/ro-ro\/aligners-vs-braces-b2c\/#primaryimage","url":"https:\/\/ordoline.com\/wp-content\/uploads\/2021\/08\/cut-1.png","contentUrl":"https:\/\/ordoline.com\/wp-content\/uploads\/2021\/08\/cut-1.png","width":1786,"height":1360},{"@type":"BreadcrumbList","@id":"https:\/\/ordoline.com\/ro-ro\/aligners-vs-braces-b2c\/#breadcrumb","itemListElement":[{"@type":"ListItem","position":1,"name":"Home","item":"https:\/\/ordoline.com\/ro-ro\/"},{"@type":"ListItem","position":2,"name":"Alignere vs. Braces"}]},{"@type":"WebSite","@id":"https:\/\/ordoline.com\/ro-ro\/#website","url":"https:\/\/ordoline.com\/ro-ro\/","name":"Ordoline","description":"Confidence and predictability with every aligner case","publisher":{"@id":"https:\/\/ordoline.com\/ro-ro\/#organization"},"potentialAction":[{"@type":"SearchAction","target":{"@type":"EntryPoint","urlTemplate":"https:\/\/ordoline.com\/ro-ro\/?s={search_term_string}"},"query-input":{"@type":"PropertyValueSpecification","valueRequired":true,"valueName":"search_term_string"}}],"inLanguage":"ro"},{"@type":"Organization","@id":"https:\/\/ordoline.com\/ro-ro\/#organization","name":"Ordoline","url":"https:\/\/ordoline.com\/ro-ro\/","logo":{"@type":"ImageObject","inLanguage":"ro","@id":"https:\/\/ordoline.com\/ro-ro\/#\/schema\/logo\/image\/","url":"https:\/\/ordoline.com\/wp-content\/uploads\/2021\/08\/ordoline_logo-juodas-4.png","contentUrl":"https:\/\/ordoline.com\/wp-content\/uploads\/2021\/08\/ordoline_logo-juodas-4.png","width":199,"height":40,"caption":"Ordoline"},"image":{"@id":"https:\/\/ordoline.com\/ro-ro\/#\/schema\/logo\/image\/"}}]}},"_links":{"self":[{"href":"https:\/\/ordoline.com\/ro-ro\/wp-json\/wp\/v2\/pages\/13622","targetHints":{"allow":["GET"]}}],"collection":[{"href":"https:\/\/ordoline.com\/ro-ro\/wp-json\/wp\/v2\/pages"}],"about":[{"href":"https:\/\/ordoline.com\/ro-ro\/wp-json\/wp\/v2\/types\/page"}],"author":[{"embeddable":true,"href":"https:\/\/ordoline.com\/ro-ro\/wp-json\/wp\/v2\/users\/1"}],"replies":[{"embeddable":true,"href":"https:\/\/ordoline.com\/ro-ro\/wp-json\/wp\/v2\/comments?post=13622"}],"version-history":[{"count":0,"href":"https:\/\/ordoline.com\/ro-ro\/wp-json\/wp\/v2\/pages\/13622\/revisions"}],"wp:featuredmedia":[{"embeddable":true,"href":"https:\/\/ordoline.com\/ro-ro\/wp-json\/wp\/v2\/media\/13033"}],"wp:attachment":[{"href":"https:\/\/ordoline.com\/ro-ro\/wp-json\/wp\/v2\/media?parent=13622"}],"curies":[{"name":"wp","href":"https:\/\/api.w.org\/{rel}","templated":true}]}}