{"id":13047,"date":"2021-08-18T09:33:12","date_gmt":"2021-08-18T09:33:12","guid":{"rendered":"https:\/\/ordoline.com\/treatment-process-b2c\/"},"modified":"2025-05-20T05:41:29","modified_gmt":"2025-05-20T05:41:29","slug":"treatment-process-b2c","status":"publish","type":"page","link":"https:\/\/ordoline.com\/ro-ro\/treatment-process-b2c\/","title":{"rendered":"Rezultatele tratamentului"},"content":{"rendered":"\n<p>Ordoline a ridicat tratamentele cu aliniatori transparen\u021bi la un nou nivel, trat\u00e2nd cu succes cazuri ortodontice, de la cele u\u0219oare p\u00e2n\u0103 la cele mai complexe. Oamenii de toate v\u00e2rstele, cu din\u021bi permanen\u021bi, au beneficiat de tratamentul Ordoline \u0219i acum se bucur\u0103 de un z\u00e2mbet s\u0103n\u0103tos \u0219i frumos.<\/p>\n","protected":false},"excerpt":{"rendered":"<p>Ordoline a ridicat tratamentele cu aliniatori transparen\u021bi la un nou nivel, trat\u00e2nd cu succes cazuri ortodontice, de la cele u\u0219oare p\u00e2n\u0103 la cele mai complexe. Oamenii de toate v\u00e2rstele, cu din\u021bi permanen\u021bi, au beneficiat de tratamentul Ordoline \u0219i acum se bucur\u0103 de un z\u00e2mbet s\u0103n\u0103tos \u0219i frumos.<\/p>\n","protected":false},"author":1,"featured_media":0,"parent":0,"menu_order":0,"comment_status":"closed","ping_status":"closed","template":"page-treatment-b2c.php","meta":{"_acf_changed":false,"inline_featured_image":false,"footnotes":""},"class_list":["post-13047","page","type-page","status-publish","hentry"],"acf":[],"yoast_head":"<!-- This site is optimized with the Yoast SEO plugin v25.9 - https:\/\/yoast.com\/wordpress\/plugins\/seo\/ -->\n<title>Rezultatele tratamentului - Ordoline<\/title>\n<meta name=\"robots\" content=\"index, follow, max-snippet:-1, max-image-preview:large, max-video-preview:-1\" \/>\n<link rel=\"canonical\" href=\"https:\/\/ordoline.com\/ro-ro\/treatment-process-b2c\/\" \/>\n<meta property=\"og:locale\" content=\"ro_RO\" \/>\n<meta property=\"og:type\" content=\"article\" \/>\n<meta property=\"og:title\" content=\"Rezultatele tratamentului - Ordoline\" \/>\n<meta property=\"og:description\" content=\"Ordoline a ridicat tratamentele cu aliniatori transparen\u021bi la un nou nivel, trat\u00e2nd cu succes cazuri ortodontice, de la cele u\u0219oare p\u00e2n\u0103 la cele mai complexe. Oamenii de toate v\u00e2rstele, cu din\u021bi permanen\u021bi, au beneficiat de tratamentul Ordoline \u0219i acum se bucur\u0103 de un z\u00e2mbet s\u0103n\u0103tos \u0219i frumos.\" \/>\n<meta property=\"og:url\" content=\"https:\/\/ordoline.com\/ro-ro\/treatment-process-b2c\/\" \/>\n<meta property=\"og:site_name\" content=\"Ordoline\" \/>\n<meta property=\"article:modified_time\" content=\"2025-05-20T05:41:29+00:00\" \/>\n<meta name=\"twitter:card\" content=\"summary_large_image\" \/>\n<meta name=\"twitter:label1\" content=\"Est. reading time\" \/>\n\t<meta name=\"twitter:data1\" content=\"1 minute\" \/>\n<script type=\"application\/ld+json\" class=\"yoast-schema-graph\">{\"@context\":\"https:\/\/schema.org\",\"@graph\":[{\"@type\":\"WebPage\",\"@id\":\"https:\/\/ordoline.com\/ro-ro\/treatment-process-b2c\/\",\"url\":\"https:\/\/ordoline.com\/ro-ro\/treatment-process-b2c\/\",\"name\":\"Rezultatele tratamentului - Ordoline\",\"isPartOf\":{\"@id\":\"https:\/\/ordoline.com\/ro-ro\/#website\"},\"datePublished\":\"2021-08-18T09:33:12+00:00\",\"dateModified\":\"2025-05-20T05:41:29+00:00\",\"breadcrumb\":{\"@id\":\"https:\/\/ordoline.com\/ro-ro\/treatment-process-b2c\/#breadcrumb\"},\"inLanguage\":\"ro\",\"potentialAction\":[{\"@type\":\"ReadAction\",\"target\":[\"https:\/\/ordoline.com\/ro-ro\/treatment-process-b2c\/\"]}]},{\"@type\":\"BreadcrumbList\",\"@id\":\"https:\/\/ordoline.com\/ro-ro\/treatment-process-b2c\/#breadcrumb\",\"itemListElement\":[{\"@type\":\"ListItem\",\"position\":1,\"name\":\"Home\",\"item\":\"https:\/\/ordoline.com\/ro-ro\/\"},{\"@type\":\"ListItem\",\"position\":2,\"name\":\"Rezultatele tratamentului\"}]},{\"@type\":\"WebSite\",\"@id\":\"https:\/\/ordoline.com\/ro-ro\/#website\",\"url\":\"https:\/\/ordoline.com\/ro-ro\/\",\"name\":\"Ordoline\",\"description\":\"Confidence and predictability with every aligner case\",\"publisher\":{\"@id\":\"https:\/\/ordoline.com\/ro-ro\/#organization\"},\"potentialAction\":[{\"@type\":\"SearchAction\",\"target\":{\"@type\":\"EntryPoint\",\"urlTemplate\":\"https:\/\/ordoline.com\/ro-ro\/?s={search_term_string}\"},\"query-input\":{\"@type\":\"PropertyValueSpecification\",\"valueRequired\":true,\"valueName\":\"search_term_string\"}}],\"inLanguage\":\"ro\"},{\"@type\":\"Organization\",\"@id\":\"https:\/\/ordoline.com\/ro-ro\/#organization\",\"name\":\"Ordoline\",\"url\":\"https:\/\/ordoline.com\/ro-ro\/\",\"logo\":{\"@type\":\"ImageObject\",\"inLanguage\":\"ro\",\"@id\":\"https:\/\/ordoline.com\/ro-ro\/#\/schema\/logo\/image\/\",\"url\":\"https:\/\/ordoline.com\/wp-content\/uploads\/2021\/08\/ordoline_logo-juodas-4.png\",\"contentUrl\":\"https:\/\/ordoline.com\/wp-content\/uploads\/2021\/08\/ordoline_logo-juodas-4.png\",\"width\":199,\"height\":40,\"caption\":\"Ordoline\"},\"image\":{\"@id\":\"https:\/\/ordoline.com\/ro-ro\/#\/schema\/logo\/image\/\"}}]}<\/script>\n<!-- \/ Yoast SEO plugin. -->","yoast_head_json":{"title":"Rezultatele tratamentului - Ordoline","robots":{"index":"index","follow":"follow","max-snippet":"max-snippet:-1","max-image-preview":"max-image-preview:large","max-video-preview":"max-video-preview:-1"},"canonical":"https:\/\/ordoline.com\/ro-ro\/treatment-process-b2c\/","og_locale":"ro_RO","og_type":"article","og_title":"Rezultatele tratamentului - Ordoline","og_description":"Ordoline a ridicat tratamentele cu aliniatori transparen\u021bi la un nou nivel, trat\u00e2nd cu succes cazuri ortodontice, de la cele u\u0219oare p\u00e2n\u0103 la cele mai complexe. Oamenii de toate v\u00e2rstele, cu din\u021bi permanen\u021bi, au beneficiat de tratamentul Ordoline \u0219i acum se bucur\u0103 de un z\u00e2mbet s\u0103n\u0103tos \u0219i frumos.","og_url":"https:\/\/ordoline.com\/ro-ro\/treatment-process-b2c\/","og_site_name":"Ordoline","article_modified_time":"2025-05-20T05:41:29+00:00","twitter_card":"summary_large_image","twitter_misc":{"Est. reading time":"1 minute"},"schema":{"@context":"https:\/\/schema.org","@graph":[{"@type":"WebPage","@id":"https:\/\/ordoline.com\/ro-ro\/treatment-process-b2c\/","url":"https:\/\/ordoline.com\/ro-ro\/treatment-process-b2c\/","name":"Rezultatele tratamentului - Ordoline","isPartOf":{"@id":"https:\/\/ordoline.com\/ro-ro\/#website"},"datePublished":"2021-08-18T09:33:12+00:00","dateModified":"2025-05-20T05:41:29+00:00","breadcrumb":{"@id":"https:\/\/ordoline.com\/ro-ro\/treatment-process-b2c\/#breadcrumb"},"inLanguage":"ro","potentialAction":[{"@type":"ReadAction","target":["https:\/\/ordoline.com\/ro-ro\/treatment-process-b2c\/"]}]},{"@type":"BreadcrumbList","@id":"https:\/\/ordoline.com\/ro-ro\/treatment-process-b2c\/#breadcrumb","itemListElement":[{"@type":"ListItem","position":1,"name":"Home","item":"https:\/\/ordoline.com\/ro-ro\/"},{"@type":"ListItem","position":2,"name":"Rezultatele tratamentului"}]},{"@type":"WebSite","@id":"https:\/\/ordoline.com\/ro-ro\/#website","url":"https:\/\/ordoline.com\/ro-ro\/","name":"Ordoline","description":"Confidence and predictability with every aligner case","publisher":{"@id":"https:\/\/ordoline.com\/ro-ro\/#organization"},"potentialAction":[{"@type":"SearchAction","target":{"@type":"EntryPoint","urlTemplate":"https:\/\/ordoline.com\/ro-ro\/?s={search_term_string}"},"query-input":{"@type":"PropertyValueSpecification","valueRequired":true,"valueName":"search_term_string"}}],"inLanguage":"ro"},{"@type":"Organization","@id":"https:\/\/ordoline.com\/ro-ro\/#organization","name":"Ordoline","url":"https:\/\/ordoline.com\/ro-ro\/","logo":{"@type":"ImageObject","inLanguage":"ro","@id":"https:\/\/ordoline.com\/ro-ro\/#\/schema\/logo\/image\/","url":"https:\/\/ordoline.com\/wp-content\/uploads\/2021\/08\/ordoline_logo-juodas-4.png","contentUrl":"https:\/\/ordoline.com\/wp-content\/uploads\/2021\/08\/ordoline_logo-juodas-4.png","width":199,"height":40,"caption":"Ordoline"},"image":{"@id":"https:\/\/ordoline.com\/ro-ro\/#\/schema\/logo\/image\/"}}]}},"_links":{"self":[{"href":"https:\/\/ordoline.com\/ro-ro\/wp-json\/wp\/v2\/pages\/13047","targetHints":{"allow":["GET"]}}],"collection":[{"href":"https:\/\/ordoline.com\/ro-ro\/wp-json\/wp\/v2\/pages"}],"about":[{"href":"https:\/\/ordoline.com\/ro-ro\/wp-json\/wp\/v2\/types\/page"}],"author":[{"embeddable":true,"href":"https:\/\/ordoline.com\/ro-ro\/wp-json\/wp\/v2\/users\/1"}],"replies":[{"embeddable":true,"href":"https:\/\/ordoline.com\/ro-ro\/wp-json\/wp\/v2\/comments?post=13047"}],"version-history":[{"count":0,"href":"https:\/\/ordoline.com\/ro-ro\/wp-json\/wp\/v2\/pages\/13047\/revisions"}],"wp:attachment":[{"href":"https:\/\/ordoline.com\/ro-ro\/wp-json\/wp\/v2\/media?parent=13047"}],"curies":[{"name":"wp","href":"https:\/\/api.w.org\/{rel}","templated":true}]}}