{"id":13043,"date":"2021-08-18T09:41:21","date_gmt":"2021-08-18T09:41:21","guid":{"rendered":"https:\/\/ordoline.com\/we-are-happy-to-hear-from-you\/"},"modified":"2025-12-11T14:16:07","modified_gmt":"2025-12-11T14:16:07","slug":"we-are-happy-to-hear-from-you","status":"publish","type":"page","link":"https:\/\/ordoline.com\/ro-ro\/we-are-happy-to-hear-from-you\/","title":{"rendered":"Predictibilitate \u0219i suport \u2013 Trimite\u021bi detaliile dvs. \u0219i  ve\u021bi fi contactat"},"content":{"rendered":"\n<p><\/p>\n\n\n\n<div class=\"wp-block-contact-form-7-contact-form-selector\">\n<div class=\"wpcf7 no-js\" id=\"wpcf7-f12922-o1\" lang=\"ro\" dir=\"ltr\" data-wpcf7-id=\"12922\">\n<div class=\"screen-reader-response\"><p role=\"status\" aria-live=\"polite\" aria-atomic=\"true\"><\/p> <ul><\/ul><\/div>\n<form action=\"\/ro-ro\/wp-json\/wp\/v2\/pages\/13043#wpcf7-f12922-o1\" method=\"post\" class=\"wpcf7-form init\" aria-label=\"Contact form\" novalidate=\"novalidate\" data-status=\"init\">\n<div style=\"display: none;\">\n<input type=\"hidden\" name=\"_wpcf7\" value=\"12922\" \/>\n<input type=\"hidden\" name=\"_wpcf7_version\" value=\"6.0.6\" \/>\n<input type=\"hidden\" name=\"_wpcf7_locale\" value=\"ro\" \/>\n<input type=\"hidden\" name=\"_wpcf7_unit_tag\" value=\"wpcf7-f12922-o1\" \/>\n<input type=\"hidden\" name=\"_wpcf7_container_post\" value=\"0\" \/>\n<input type=\"hidden\" name=\"_wpcf7_posted_data_hash\" value=\"\" \/>\n<input type=\"hidden\" name=\"_wpcf7_recaptcha_response\" value=\"\" \/>\n<\/div>\n<div class=\"input\"><label for=\"name\">Nume<\/label><span class=\"wpcf7-form-control-wrap\" data-name=\"user-name\"><input size=\"40\" maxlength=\"400\" class=\"wpcf7-form-control wpcf7-text wpcf7-validates-as-required\" id=\"name\" aria-required=\"true\" aria-invalid=\"false\" value=\"\" type=\"text\" name=\"user-name\" \/><\/span><\/div>\n<div class=\"input\"><label>Email*<\/label><span class=\"wpcf7-form-control-wrap\" data-name=\"verification\"><input size=\"40\" maxlength=\"400\" class=\"wpcf7-form-control wpcf7-email wpcf7-validates-as-required wpcf7-text wpcf7-validates-as-email\" aria-required=\"true\" aria-invalid=\"false\" value=\"\" type=\"email\" name=\"verification\" \/><\/span><\/div>\n<div class=\"input\"><p class=\"evcf7p-verify-btn\"><input type=\"button\" name=\"evcf7p-verify-email\" value=\"Verify e-mail\"><span class=\"loader\"><\/span><\/p><\/div>\n<div class=\"input\"><label>Verificare email (OTP)*<\/label><span class=\"wpcf7-form-control-wrap\" data-name=\"verification-otp\"><input size=\"40\" maxlength=\"400\" class=\"wpcf7-form-control wpcf7-text wpcf7-validates-as-required\" aria-required=\"true\" aria-invalid=\"false\" value=\"\" type=\"text\" name=\"verification-otp\" \/><\/span><\/div>\n<div class=\"input\"><label for=\"message\">Mesaj<\/label><span class=\"wpcf7-form-control-wrap\" data-name=\"user-message\"><input size=\"40\" maxlength=\"400\" class=\"wpcf7-form-control wpcf7-text\" id=\"message\" aria-invalid=\"false\" value=\"\" type=\"text\" name=\"user-message\" \/><\/span><\/div>\n\n<div class=\"input\"><label for=\"country\">\u021aar\u0103<\/label><span class=\"wpcf7-form-control-wrap\" data-name=\"country-field\"><input size=\"40\" maxlength=\"400\" class=\"wpcf7-form-control wpcf7-text wpcf7-validates-as-required\" id=\"country\" aria-required=\"true\" aria-invalid=\"false\" value=\"\" type=\"text\" name=\"country-field\" \/><\/span><\/div>\n<div class=\"input\"><label for=\"city\">Ora\u0219<\/label><span class=\"wpcf7-form-control-wrap\" data-name=\"city-field\"><input size=\"40\" maxlength=\"400\" class=\"wpcf7-form-control wpcf7-text wpcf7-validates-as-required\" id=\"city\" aria-required=\"true\" aria-invalid=\"false\" value=\"\" type=\"text\" name=\"city-field\" \/><\/span><\/div>\n<div class=\"input\"><label for=\"phone-number\">Num\u0103r de telefon<\/label><span class=\"wpcf7-form-control-wrap\" data-name=\"phone-field\"><input size=\"40\" maxlength=\"400\" class=\"wpcf7-form-control wpcf7-tel wpcf7-validates-as-required wpcf7-text wpcf7-validates-as-tel\" id=\"phone-number\" aria-required=\"true\" aria-invalid=\"false\" value=\"\" type=\"tel\" name=\"phone-field\" \/><\/span><\/div>\n\n<div class=\"button button--circle contact-send-btn\">\n  <label class=\"text\" data-text=\"Trimite\"><span><input class=\"wpcf7-form-control wpcf7-submit has-spinner\" type=\"submit\" value=\"Trimite\" \/><\/span><\/label>\n  <div class=\"icon-wrapper\">\n    <span id=\"\" class=\"icon circle\">\n      <svg width=\"41\" height=\"41\" fill=\"none\" xmlns=\"http:\/\/www.w3.org\/2000\/svg\">\n        <circle cx=\"20.5\" cy=\"20.5\" r=\"20.1\" stroke=\"#fff\" stroke-width=\".8\"\/>\n      <\/svg>\n    <\/span>\n    <span id=\"\" class=\"icon arrow-top\">\n      <svg width=\"16\" height=\"8\" fill=\"none\" xmlns=\"http:\/\/www.w3.org\/2000\/svg\">\n        <path d=\"M1 3.5a.5.5 0 000 1v-1zm14.354.854a.5.5 0 000-.708L12.172.464a.5.5 0 10-.708.708L14.293 4l-2.829 2.828a.5.5 0 10.708.708l3.182-3.182zM1 4.5h14v-1H1v1z\" fill=\"#fff\"\/>\n      <\/svg>\n    <\/span>\n  <\/div>\n<\/div>\n\n<div class='form-loader'>\n  <p>Se trimite...<\/p>\n  <img src='http:\/\/ordoline.com\/wp-content\/uploads\/2022\/12\/loader-1.svg' alt='loader img'>\n<\/div>\n\n<div class=\"recaptcha-note\">\n  Acest site este protejat de reCAPTCHA \u0219i Google.\n  <a href=\"https:\/\/policies.google.com\/privacy\">Politica de Confiden\u021bialitate<\/a> \u0219i\n  <a href=\"https:\/\/policies.google.com\/terms\">Termenii \u0219i Condi\u021biile<\/a> se aplic\u0103.\n<\/div>\n<div class=\"wpcf7-response-output\" aria-hidden=\"true\"><\/div>\n<\/form>\n<\/div>\n<\/div>\n","protected":false},"excerpt":{"rendered":"","protected":false},"author":1,"featured_media":18669,"parent":0,"menu_order":0,"comment_status":"closed","ping_status":"closed","template":"page-contact.php","meta":{"_acf_changed":false,"inline_featured_image":false,"footnotes":""},"class_list":["post-13043","page","type-page","status-publish","has-post-thumbnail","hentry"],"acf":[],"yoast_head":"<!-- This site is optimized with the Yoast SEO plugin v25.9 - https:\/\/yoast.com\/wordpress\/plugins\/seo\/ -->\n<title>Predictibilitate \u0219i suport \u2013 Trimite\u021bi detaliile dvs. \u0219i ve\u021bi fi contactat - Ordoline<\/title>\n<meta name=\"description\" content=\"Predictibilitate \u0219i suport dedicat: contacta\u021bi echipa Ordoline pentru \u00eentreb\u0103ri, informa\u021bii \u0219i asisten\u021b\u0103 rapid\u0103 \u00een tratamentele cu alignere.\" \/>\n<meta name=\"robots\" content=\"index, follow, max-snippet:-1, max-image-preview:large, max-video-preview:-1\" \/>\n<link rel=\"canonical\" href=\"https:\/\/ordoline.com\/ro-ro\/we-are-happy-to-hear-from-you\/\" \/>\n<meta property=\"og:locale\" content=\"ro_RO\" \/>\n<meta property=\"og:type\" content=\"article\" \/>\n<meta property=\"og:title\" content=\"Predictibilitate \u0219i suport \u2013 Trimite\u021bi detaliile dvs. \u0219i ve\u021bi fi contactat - Ordoline\" \/>\n<meta property=\"og:description\" content=\"Predictibilitate \u0219i suport dedicat: contacta\u021bi echipa Ordoline pentru \u00eentreb\u0103ri, informa\u021bii \u0219i asisten\u021b\u0103 rapid\u0103 \u00een tratamentele cu alignere.\" \/>\n<meta property=\"og:url\" content=\"https:\/\/ordoline.com\/ro-ro\/we-are-happy-to-hear-from-you\/\" \/>\n<meta property=\"og:site_name\" content=\"Ordoline\" \/>\n<meta property=\"article:modified_time\" content=\"2025-12-11T14:16:07+00:00\" \/>\n<meta property=\"og:image\" content=\"https:\/\/ordoline.com\/wp-content\/uploads\/2025\/05\/contatct-us.jpg\" \/>\n\t<meta property=\"og:image:width\" content=\"950\" \/>\n\t<meta property=\"og:image:height\" content=\"1110\" \/>\n\t<meta property=\"og:image:type\" content=\"image\/jpeg\" \/>\n<meta name=\"twitter:card\" content=\"summary_large_image\" \/>\n<meta name=\"twitter:label1\" content=\"Est. reading time\" \/>\n\t<meta name=\"twitter:data1\" content=\"1 minute\" \/>\n<script type=\"application\/ld+json\" class=\"yoast-schema-graph\">{\"@context\":\"https:\/\/schema.org\",\"@graph\":[{\"@type\":\"WebPage\",\"@id\":\"https:\/\/ordoline.com\/ro-ro\/we-are-happy-to-hear-from-you\/\",\"url\":\"https:\/\/ordoline.com\/ro-ro\/we-are-happy-to-hear-from-you\/\",\"name\":\"Predictibilitate \u0219i suport \u2013 Trimite\u021bi detaliile dvs. \u0219i ve\u021bi fi contactat - Ordoline\",\"isPartOf\":{\"@id\":\"https:\/\/ordoline.com\/ro-ro\/#website\"},\"primaryImageOfPage\":{\"@id\":\"https:\/\/ordoline.com\/ro-ro\/we-are-happy-to-hear-from-you\/#primaryimage\"},\"image\":{\"@id\":\"https:\/\/ordoline.com\/ro-ro\/we-are-happy-to-hear-from-you\/#primaryimage\"},\"thumbnailUrl\":\"https:\/\/ordoline.com\/wp-content\/uploads\/2025\/05\/contatct-us.jpg\",\"datePublished\":\"2021-08-18T09:41:21+00:00\",\"dateModified\":\"2025-12-11T14:16:07+00:00\",\"description\":\"Predictibilitate \u0219i suport dedicat: contacta\u021bi echipa Ordoline pentru \u00eentreb\u0103ri, informa\u021bii \u0219i asisten\u021b\u0103 rapid\u0103 \u00een tratamentele cu alignere.\",\"breadcrumb\":{\"@id\":\"https:\/\/ordoline.com\/ro-ro\/we-are-happy-to-hear-from-you\/#breadcrumb\"},\"inLanguage\":\"ro\",\"potentialAction\":[{\"@type\":\"ReadAction\",\"target\":[\"https:\/\/ordoline.com\/ro-ro\/we-are-happy-to-hear-from-you\/\"]}]},{\"@type\":\"ImageObject\",\"inLanguage\":\"ro\",\"@id\":\"https:\/\/ordoline.com\/ro-ro\/we-are-happy-to-hear-from-you\/#primaryimage\",\"url\":\"https:\/\/ordoline.com\/wp-content\/uploads\/2025\/05\/contatct-us.jpg\",\"contentUrl\":\"https:\/\/ordoline.com\/wp-content\/uploads\/2025\/05\/contatct-us.jpg\",\"width\":950,\"height\":1110},{\"@type\":\"BreadcrumbList\",\"@id\":\"https:\/\/ordoline.com\/ro-ro\/we-are-happy-to-hear-from-you\/#breadcrumb\",\"itemListElement\":[{\"@type\":\"ListItem\",\"position\":1,\"name\":\"Home\",\"item\":\"https:\/\/ordoline.com\/ro-ro\/\"},{\"@type\":\"ListItem\",\"position\":2,\"name\":\"Predictibilitate \u0219i suport \u2013 Trimite\u021bi detaliile dvs. \u0219i ve\u021bi fi contactat\"}]},{\"@type\":\"WebSite\",\"@id\":\"https:\/\/ordoline.com\/ro-ro\/#website\",\"url\":\"https:\/\/ordoline.com\/ro-ro\/\",\"name\":\"Ordoline\",\"description\":\"Confidence and predictability with every aligner case\",\"publisher\":{\"@id\":\"https:\/\/ordoline.com\/ro-ro\/#organization\"},\"potentialAction\":[{\"@type\":\"SearchAction\",\"target\":{\"@type\":\"EntryPoint\",\"urlTemplate\":\"https:\/\/ordoline.com\/ro-ro\/?s={search_term_string}\"},\"query-input\":{\"@type\":\"PropertyValueSpecification\",\"valueRequired\":true,\"valueName\":\"search_term_string\"}}],\"inLanguage\":\"ro\"},{\"@type\":\"Organization\",\"@id\":\"https:\/\/ordoline.com\/ro-ro\/#organization\",\"name\":\"Ordoline\",\"url\":\"https:\/\/ordoline.com\/ro-ro\/\",\"logo\":{\"@type\":\"ImageObject\",\"inLanguage\":\"ro\",\"@id\":\"https:\/\/ordoline.com\/ro-ro\/#\/schema\/logo\/image\/\",\"url\":\"https:\/\/ordoline.com\/wp-content\/uploads\/2021\/08\/ordoline_logo-juodas-4.png\",\"contentUrl\":\"https:\/\/ordoline.com\/wp-content\/uploads\/2021\/08\/ordoline_logo-juodas-4.png\",\"width\":199,\"height\":40,\"caption\":\"Ordoline\"},\"image\":{\"@id\":\"https:\/\/ordoline.com\/ro-ro\/#\/schema\/logo\/image\/\"}}]}<\/script>\n<!-- \/ Yoast SEO plugin. -->","yoast_head_json":{"title":"Predictibilitate \u0219i suport \u2013 Trimite\u021bi detaliile dvs. \u0219i ve\u021bi fi contactat - Ordoline","description":"Predictibilitate \u0219i suport dedicat: contacta\u021bi echipa Ordoline pentru \u00eentreb\u0103ri, informa\u021bii \u0219i asisten\u021b\u0103 rapid\u0103 \u00een tratamentele cu alignere.","robots":{"index":"index","follow":"follow","max-snippet":"max-snippet:-1","max-image-preview":"max-image-preview:large","max-video-preview":"max-video-preview:-1"},"canonical":"https:\/\/ordoline.com\/ro-ro\/we-are-happy-to-hear-from-you\/","og_locale":"ro_RO","og_type":"article","og_title":"Predictibilitate \u0219i suport \u2013 Trimite\u021bi detaliile dvs. \u0219i ve\u021bi fi contactat - Ordoline","og_description":"Predictibilitate \u0219i suport dedicat: contacta\u021bi echipa Ordoline pentru \u00eentreb\u0103ri, informa\u021bii \u0219i asisten\u021b\u0103 rapid\u0103 \u00een tratamentele cu alignere.","og_url":"https:\/\/ordoline.com\/ro-ro\/we-are-happy-to-hear-from-you\/","og_site_name":"Ordoline","article_modified_time":"2025-12-11T14:16:07+00:00","og_image":[{"width":950,"height":1110,"url":"https:\/\/ordoline.com\/wp-content\/uploads\/2025\/05\/contatct-us.jpg","type":"image\/jpeg"}],"twitter_card":"summary_large_image","twitter_misc":{"Est. reading time":"1 minute"},"schema":{"@context":"https:\/\/schema.org","@graph":[{"@type":"WebPage","@id":"https:\/\/ordoline.com\/ro-ro\/we-are-happy-to-hear-from-you\/","url":"https:\/\/ordoline.com\/ro-ro\/we-are-happy-to-hear-from-you\/","name":"Predictibilitate \u0219i suport \u2013 Trimite\u021bi detaliile dvs. \u0219i ve\u021bi fi contactat - Ordoline","isPartOf":{"@id":"https:\/\/ordoline.com\/ro-ro\/#website"},"primaryImageOfPage":{"@id":"https:\/\/ordoline.com\/ro-ro\/we-are-happy-to-hear-from-you\/#primaryimage"},"image":{"@id":"https:\/\/ordoline.com\/ro-ro\/we-are-happy-to-hear-from-you\/#primaryimage"},"thumbnailUrl":"https:\/\/ordoline.com\/wp-content\/uploads\/2025\/05\/contatct-us.jpg","datePublished":"2021-08-18T09:41:21+00:00","dateModified":"2025-12-11T14:16:07+00:00","description":"Predictibilitate \u0219i suport dedicat: contacta\u021bi echipa Ordoline pentru \u00eentreb\u0103ri, informa\u021bii \u0219i asisten\u021b\u0103 rapid\u0103 \u00een tratamentele cu alignere.","breadcrumb":{"@id":"https:\/\/ordoline.com\/ro-ro\/we-are-happy-to-hear-from-you\/#breadcrumb"},"inLanguage":"ro","potentialAction":[{"@type":"ReadAction","target":["https:\/\/ordoline.com\/ro-ro\/we-are-happy-to-hear-from-you\/"]}]},{"@type":"ImageObject","inLanguage":"ro","@id":"https:\/\/ordoline.com\/ro-ro\/we-are-happy-to-hear-from-you\/#primaryimage","url":"https:\/\/ordoline.com\/wp-content\/uploads\/2025\/05\/contatct-us.jpg","contentUrl":"https:\/\/ordoline.com\/wp-content\/uploads\/2025\/05\/contatct-us.jpg","width":950,"height":1110},{"@type":"BreadcrumbList","@id":"https:\/\/ordoline.com\/ro-ro\/we-are-happy-to-hear-from-you\/#breadcrumb","itemListElement":[{"@type":"ListItem","position":1,"name":"Home","item":"https:\/\/ordoline.com\/ro-ro\/"},{"@type":"ListItem","position":2,"name":"Predictibilitate \u0219i suport \u2013 Trimite\u021bi detaliile dvs. \u0219i ve\u021bi fi contactat"}]},{"@type":"WebSite","@id":"https:\/\/ordoline.com\/ro-ro\/#website","url":"https:\/\/ordoline.com\/ro-ro\/","name":"Ordoline","description":"Confidence and predictability with every aligner case","publisher":{"@id":"https:\/\/ordoline.com\/ro-ro\/#organization"},"potentialAction":[{"@type":"SearchAction","target":{"@type":"EntryPoint","urlTemplate":"https:\/\/ordoline.com\/ro-ro\/?s={search_term_string}"},"query-input":{"@type":"PropertyValueSpecification","valueRequired":true,"valueName":"search_term_string"}}],"inLanguage":"ro"},{"@type":"Organization","@id":"https:\/\/ordoline.com\/ro-ro\/#organization","name":"Ordoline","url":"https:\/\/ordoline.com\/ro-ro\/","logo":{"@type":"ImageObject","inLanguage":"ro","@id":"https:\/\/ordoline.com\/ro-ro\/#\/schema\/logo\/image\/","url":"https:\/\/ordoline.com\/wp-content\/uploads\/2021\/08\/ordoline_logo-juodas-4.png","contentUrl":"https:\/\/ordoline.com\/wp-content\/uploads\/2021\/08\/ordoline_logo-juodas-4.png","width":199,"height":40,"caption":"Ordoline"},"image":{"@id":"https:\/\/ordoline.com\/ro-ro\/#\/schema\/logo\/image\/"}}]}},"_links":{"self":[{"href":"https:\/\/ordoline.com\/ro-ro\/wp-json\/wp\/v2\/pages\/13043","targetHints":{"allow":["GET"]}}],"collection":[{"href":"https:\/\/ordoline.com\/ro-ro\/wp-json\/wp\/v2\/pages"}],"about":[{"href":"https:\/\/ordoline.com\/ro-ro\/wp-json\/wp\/v2\/types\/page"}],"author":[{"embeddable":true,"href":"https:\/\/ordoline.com\/ro-ro\/wp-json\/wp\/v2\/users\/1"}],"replies":[{"embeddable":true,"href":"https:\/\/ordoline.com\/ro-ro\/wp-json\/wp\/v2\/comments?post=13043"}],"version-history":[{"count":2,"href":"https:\/\/ordoline.com\/ro-ro\/wp-json\/wp\/v2\/pages\/13043\/revisions"}],"predecessor-version":[{"id":48822,"href":"https:\/\/ordoline.com\/ro-ro\/wp-json\/wp\/v2\/pages\/13043\/revisions\/48822"}],"wp:featuredmedia":[{"embeddable":true,"href":"https:\/\/ordoline.com\/ro-ro\/wp-json\/wp\/v2\/media\/18669"}],"wp:attachment":[{"href":"https:\/\/ordoline.com\/ro-ro\/wp-json\/wp\/v2\/media?parent=13043"}],"curies":[{"name":"wp","href":"https:\/\/api.w.org\/{rel}","templated":true}]}}