{"id":13041,"date":"2021-08-18T10:16:22","date_gmt":"2021-08-18T10:16:22","guid":{"rendered":"https:\/\/ordoline.com\/become-partner\/"},"modified":"2025-12-10T16:29:27","modified_gmt":"2025-12-10T16:29:27","slug":"become-partner","status":"publish","type":"page","link":"https:\/\/ordoline.com\/ro-ro\/become-partner\/","title":{"rendered":"De ce Ordoline?"},"content":{"rendered":"\n<h2 class=\"wp-block-heading\">De ce Ordoline pentru predictibilitate?<\/h2>\n\n\n\n<p>Ordoline ofer\u0103 predictibilitate garantat\u0103 prin noua abordare sus\u021binut\u0103 clinic, integr\u00e2nd tehnici hibride \u00een planificarea tratamentului. \u00cen\u021belegem provoc\u0103rile terapiei cu alignere at\u00e2t pentru medicii experimenta\u021bi, c\u00e2t \u0219i pentru cei la \u00eenceput de drum. Baz\u00e2ndu-se pe expertiza ortodontic\u0103, experien\u021ba tratamentului \u0219i cercetarea \u0219tiin\u021bific\u0103, Ordoline trateaz\u0103 cu succes de la cazuri estetice simple p\u00e2n\u0103 la cele mai complexe malocluzii.<\/p>\n\n\n\n<p><\/p>\n","protected":false},"excerpt":{"rendered":"<p>De ce Ordoline pentru predictibilitate? Ordoline ofer\u0103 predictibilitate garantat\u0103 prin noua abordare sus\u021binut\u0103 clinic, integr\u00e2nd tehnici hibride \u00een planificarea tratamentului. \u00cen\u021belegem provoc\u0103rile terapiei cu alignere at\u00e2t pentru medicii experimenta\u021bi, c\u00e2t \u0219i pentru cei la \u00eenceput de drum. Baz\u00e2ndu-se pe expertiza ortodontic\u0103, experien\u021ba tratamentului \u0219i cercetarea \u0219tiin\u021bific\u0103, Ordoline trateaz\u0103 cu succes de la cazuri estetice simple [&hellip;]<\/p>\n","protected":false},"author":1,"featured_media":0,"parent":0,"menu_order":0,"comment_status":"closed","ping_status":"closed","template":"page-partner.php","meta":{"_acf_changed":false,"inline_featured_image":false,"footnotes":""},"class_list":["post-13041","page","type-page","status-publish","hentry"],"acf":[],"yoast_head":"<!-- This site is optimized with the Yoast SEO plugin v25.9 - https:\/\/yoast.com\/wordpress\/plugins\/seo\/ -->\n<title>De ce Ordoline? - Ordoline<\/title>\n<meta name=\"description\" content=\"Predictibilitate garantat\u0103 cu Ordoline: planuri de tratament validate \u0219tiin\u021bific \u0219i tratamente eficiente, pentru rezultate precise \u0219i sigure.\" \/>\n<meta name=\"robots\" content=\"index, follow, max-snippet:-1, max-image-preview:large, max-video-preview:-1\" \/>\n<link rel=\"canonical\" href=\"https:\/\/ordoline.com\/ro-ro\/become-partner\/\" \/>\n<meta property=\"og:locale\" content=\"ro_RO\" \/>\n<meta property=\"og:type\" content=\"article\" \/>\n<meta property=\"og:title\" content=\"De ce Ordoline? - Ordoline\" \/>\n<meta property=\"og:description\" content=\"Predictibilitate garantat\u0103 cu Ordoline: planuri de tratament validate \u0219tiin\u021bific \u0219i tratamente eficiente, pentru rezultate precise \u0219i sigure.\" \/>\n<meta property=\"og:url\" content=\"https:\/\/ordoline.com\/ro-ro\/become-partner\/\" \/>\n<meta property=\"og:site_name\" content=\"Ordoline\" \/>\n<meta property=\"article:modified_time\" content=\"2025-12-10T16:29:27+00:00\" \/>\n<meta name=\"twitter:card\" content=\"summary_large_image\" \/>\n<meta name=\"twitter:label1\" content=\"Est. reading time\" \/>\n\t<meta name=\"twitter:data1\" content=\"1 minute\" \/>\n<script type=\"application\/ld+json\" class=\"yoast-schema-graph\">{\"@context\":\"https:\/\/schema.org\",\"@graph\":[{\"@type\":\"WebPage\",\"@id\":\"https:\/\/ordoline.com\/ro-ro\/become-partner\/\",\"url\":\"https:\/\/ordoline.com\/ro-ro\/become-partner\/\",\"name\":\"De ce Ordoline? - Ordoline\",\"isPartOf\":{\"@id\":\"https:\/\/ordoline.com\/ro-ro\/#website\"},\"datePublished\":\"2021-08-18T10:16:22+00:00\",\"dateModified\":\"2025-12-10T16:29:27+00:00\",\"description\":\"Predictibilitate garantat\u0103 cu Ordoline: planuri de tratament validate \u0219tiin\u021bific \u0219i tratamente eficiente, pentru rezultate precise \u0219i sigure.\",\"breadcrumb\":{\"@id\":\"https:\/\/ordoline.com\/ro-ro\/become-partner\/#breadcrumb\"},\"inLanguage\":\"ro\",\"potentialAction\":[{\"@type\":\"ReadAction\",\"target\":[\"https:\/\/ordoline.com\/ro-ro\/become-partner\/\"]}]},{\"@type\":\"BreadcrumbList\",\"@id\":\"https:\/\/ordoline.com\/ro-ro\/become-partner\/#breadcrumb\",\"itemListElement\":[{\"@type\":\"ListItem\",\"position\":1,\"name\":\"Home\",\"item\":\"https:\/\/ordoline.com\/ro-ro\/\"},{\"@type\":\"ListItem\",\"position\":2,\"name\":\"De ce Ordoline?\"}]},{\"@type\":\"WebSite\",\"@id\":\"https:\/\/ordoline.com\/ro-ro\/#website\",\"url\":\"https:\/\/ordoline.com\/ro-ro\/\",\"name\":\"Ordoline\",\"description\":\"Confidence and predictability with every aligner case\",\"publisher\":{\"@id\":\"https:\/\/ordoline.com\/ro-ro\/#organization\"},\"potentialAction\":[{\"@type\":\"SearchAction\",\"target\":{\"@type\":\"EntryPoint\",\"urlTemplate\":\"https:\/\/ordoline.com\/ro-ro\/?s={search_term_string}\"},\"query-input\":{\"@type\":\"PropertyValueSpecification\",\"valueRequired\":true,\"valueName\":\"search_term_string\"}}],\"inLanguage\":\"ro\"},{\"@type\":\"Organization\",\"@id\":\"https:\/\/ordoline.com\/ro-ro\/#organization\",\"name\":\"Ordoline\",\"url\":\"https:\/\/ordoline.com\/ro-ro\/\",\"logo\":{\"@type\":\"ImageObject\",\"inLanguage\":\"ro\",\"@id\":\"https:\/\/ordoline.com\/ro-ro\/#\/schema\/logo\/image\/\",\"url\":\"https:\/\/ordoline.com\/wp-content\/uploads\/2021\/08\/ordoline_logo-juodas-4.png\",\"contentUrl\":\"https:\/\/ordoline.com\/wp-content\/uploads\/2021\/08\/ordoline_logo-juodas-4.png\",\"width\":199,\"height\":40,\"caption\":\"Ordoline\"},\"image\":{\"@id\":\"https:\/\/ordoline.com\/ro-ro\/#\/schema\/logo\/image\/\"}}]}<\/script>\n<!-- \/ Yoast SEO plugin. -->","yoast_head_json":{"title":"De ce Ordoline? - Ordoline","description":"Predictibilitate garantat\u0103 cu Ordoline: planuri de tratament validate \u0219tiin\u021bific \u0219i tratamente eficiente, pentru rezultate precise \u0219i sigure.","robots":{"index":"index","follow":"follow","max-snippet":"max-snippet:-1","max-image-preview":"max-image-preview:large","max-video-preview":"max-video-preview:-1"},"canonical":"https:\/\/ordoline.com\/ro-ro\/become-partner\/","og_locale":"ro_RO","og_type":"article","og_title":"De ce Ordoline? - Ordoline","og_description":"Predictibilitate garantat\u0103 cu Ordoline: planuri de tratament validate \u0219tiin\u021bific \u0219i tratamente eficiente, pentru rezultate precise \u0219i sigure.","og_url":"https:\/\/ordoline.com\/ro-ro\/become-partner\/","og_site_name":"Ordoline","article_modified_time":"2025-12-10T16:29:27+00:00","twitter_card":"summary_large_image","twitter_misc":{"Est. reading time":"1 minute"},"schema":{"@context":"https:\/\/schema.org","@graph":[{"@type":"WebPage","@id":"https:\/\/ordoline.com\/ro-ro\/become-partner\/","url":"https:\/\/ordoline.com\/ro-ro\/become-partner\/","name":"De ce Ordoline? - Ordoline","isPartOf":{"@id":"https:\/\/ordoline.com\/ro-ro\/#website"},"datePublished":"2021-08-18T10:16:22+00:00","dateModified":"2025-12-10T16:29:27+00:00","description":"Predictibilitate garantat\u0103 cu Ordoline: planuri de tratament validate \u0219tiin\u021bific \u0219i tratamente eficiente, pentru rezultate precise \u0219i sigure.","breadcrumb":{"@id":"https:\/\/ordoline.com\/ro-ro\/become-partner\/#breadcrumb"},"inLanguage":"ro","potentialAction":[{"@type":"ReadAction","target":["https:\/\/ordoline.com\/ro-ro\/become-partner\/"]}]},{"@type":"BreadcrumbList","@id":"https:\/\/ordoline.com\/ro-ro\/become-partner\/#breadcrumb","itemListElement":[{"@type":"ListItem","position":1,"name":"Home","item":"https:\/\/ordoline.com\/ro-ro\/"},{"@type":"ListItem","position":2,"name":"De ce Ordoline?"}]},{"@type":"WebSite","@id":"https:\/\/ordoline.com\/ro-ro\/#website","url":"https:\/\/ordoline.com\/ro-ro\/","name":"Ordoline","description":"Confidence and predictability with every aligner case","publisher":{"@id":"https:\/\/ordoline.com\/ro-ro\/#organization"},"potentialAction":[{"@type":"SearchAction","target":{"@type":"EntryPoint","urlTemplate":"https:\/\/ordoline.com\/ro-ro\/?s={search_term_string}"},"query-input":{"@type":"PropertyValueSpecification","valueRequired":true,"valueName":"search_term_string"}}],"inLanguage":"ro"},{"@type":"Organization","@id":"https:\/\/ordoline.com\/ro-ro\/#organization","name":"Ordoline","url":"https:\/\/ordoline.com\/ro-ro\/","logo":{"@type":"ImageObject","inLanguage":"ro","@id":"https:\/\/ordoline.com\/ro-ro\/#\/schema\/logo\/image\/","url":"https:\/\/ordoline.com\/wp-content\/uploads\/2021\/08\/ordoline_logo-juodas-4.png","contentUrl":"https:\/\/ordoline.com\/wp-content\/uploads\/2021\/08\/ordoline_logo-juodas-4.png","width":199,"height":40,"caption":"Ordoline"},"image":{"@id":"https:\/\/ordoline.com\/ro-ro\/#\/schema\/logo\/image\/"}}]}},"_links":{"self":[{"href":"https:\/\/ordoline.com\/ro-ro\/wp-json\/wp\/v2\/pages\/13041","targetHints":{"allow":["GET"]}}],"collection":[{"href":"https:\/\/ordoline.com\/ro-ro\/wp-json\/wp\/v2\/pages"}],"about":[{"href":"https:\/\/ordoline.com\/ro-ro\/wp-json\/wp\/v2\/types\/page"}],"author":[{"embeddable":true,"href":"https:\/\/ordoline.com\/ro-ro\/wp-json\/wp\/v2\/users\/1"}],"replies":[{"embeddable":true,"href":"https:\/\/ordoline.com\/ro-ro\/wp-json\/wp\/v2\/comments?post=13041"}],"version-history":[{"count":8,"href":"https:\/\/ordoline.com\/ro-ro\/wp-json\/wp\/v2\/pages\/13041\/revisions"}],"predecessor-version":[{"id":48248,"href":"https:\/\/ordoline.com\/ro-ro\/wp-json\/wp\/v2\/pages\/13041\/revisions\/48248"}],"wp:attachment":[{"href":"https:\/\/ordoline.com\/ro-ro\/wp-json\/wp\/v2\/media?parent=13041"}],"curies":[{"name":"wp","href":"https:\/\/api.w.org\/{rel}","templated":true}]}}