{"id":13031,"date":"2021-10-10T12:34:53","date_gmt":"2021-10-10T12:34:53","guid":{"rendered":"https:\/\/ordoline.com\/aligners-vs-braces-b2b\/"},"modified":"2025-12-11T13:55:26","modified_gmt":"2025-12-11T13:55:26","slug":"aligners-vs-braces-b2b","status":"publish","type":"page","link":"https:\/\/ordoline.com\/ro-ro\/aligners-vs-braces-b2b\/","title":{"rendered":"Alignere vs. Braces"},"content":{"rendered":"\n<p>Cu predictibilitate \u00een tratament, at\u00e2t alignerele, c\u00e2t \u0219i aparatele dentare cu brackets sunt op\u021biuni eficiente pentru \u00eendreptarea din\u021bilor \u0219i corectarea mu\u0219c\u0103turii incorecte. Totu\u0219i, alignerele transparente moderne ofer\u0103 o predictibilitate ridicat\u0103, mai pu\u021bin timp petrecut pe scaun \u0219i un confort sporit \u2014 chiar \u0219i \u00een cazurile complexe.<\/p>\n\n\n\n<p>\u00cen ultimii ani, alignerele au c\u00e2\u0219tigat tot mai mult teren, devenind o op\u021biune preferat\u0103 de pacien\u021bi. Dar ce \u00eei determin\u0103 s\u0103 aleag\u0103 aceast\u0103 terapie \u00een locul aparatelor dentare tradi\u021bionale?<\/p>\n\n\n\n<p><\/p>\n","protected":false},"excerpt":{"rendered":"<p>Cu predictibilitate \u00een tratament, at\u00e2t alignerele, c\u00e2t \u0219i aparatele dentare cu brackets sunt op\u021biuni eficiente pentru \u00eendreptarea din\u021bilor \u0219i corectarea mu\u0219c\u0103turii incorecte. Totu\u0219i, alignerele transparente moderne ofer\u0103 o predictibilitate ridicat\u0103, mai pu\u021bin timp petrecut pe scaun \u0219i un confort sporit \u2014 chiar \u0219i \u00een cazurile complexe. \u00cen ultimii ani, alignerele au c\u00e2\u0219tigat tot mai mult [&hellip;]<\/p>\n","protected":false},"author":1,"featured_media":13033,"parent":0,"menu_order":0,"comment_status":"closed","ping_status":"closed","template":"page-comparison-b2b.php","meta":{"_acf_changed":false,"inline_featured_image":false,"footnotes":""},"class_list":["post-13031","page","type-page","status-publish","has-post-thumbnail","hentry"],"acf":[],"yoast_head":"<!-- This site is optimized with the Yoast SEO plugin v25.9 - https:\/\/yoast.com\/wordpress\/plugins\/seo\/ -->\n<title>Alignere vs. Braces - Ordoline<\/title>\n<meta name=\"description\" content=\"Predictibilitate \u00een tratamente: diferen\u021bele dintre alignere \u0219i aparatele dentare clasice pentru rezultate eficiente \u0219i confort sporit.\" \/>\n<meta name=\"robots\" content=\"index, follow, max-snippet:-1, max-image-preview:large, max-video-preview:-1\" \/>\n<link rel=\"canonical\" href=\"https:\/\/ordoline.com\/ro-ro\/aligners-vs-braces-b2b\/\" \/>\n<meta property=\"og:locale\" content=\"ro_RO\" \/>\n<meta property=\"og:type\" content=\"article\" \/>\n<meta property=\"og:title\" content=\"Alignere vs. Braces - Ordoline\" \/>\n<meta property=\"og:description\" content=\"Predictibilitate \u00een tratamente: diferen\u021bele dintre alignere \u0219i aparatele dentare clasice pentru rezultate eficiente \u0219i confort sporit.\" \/>\n<meta property=\"og:url\" content=\"https:\/\/ordoline.com\/ro-ro\/aligners-vs-braces-b2b\/\" \/>\n<meta property=\"og:site_name\" content=\"Ordoline\" \/>\n<meta property=\"article:modified_time\" content=\"2025-12-11T13:55:26+00:00\" \/>\n<meta property=\"og:image\" content=\"https:\/\/ordoline.com\/wp-content\/uploads\/2021\/08\/cut-1.png\" \/>\n\t<meta property=\"og:image:width\" content=\"1786\" \/>\n\t<meta property=\"og:image:height\" content=\"1360\" \/>\n\t<meta property=\"og:image:type\" content=\"image\/png\" \/>\n<meta name=\"twitter:card\" content=\"summary_large_image\" \/>\n<meta name=\"twitter:label1\" content=\"Est. reading time\" \/>\n\t<meta name=\"twitter:data1\" content=\"1 minute\" \/>\n<script type=\"application\/ld+json\" class=\"yoast-schema-graph\">{\"@context\":\"https:\/\/schema.org\",\"@graph\":[{\"@type\":\"WebPage\",\"@id\":\"https:\/\/ordoline.com\/ro-ro\/aligners-vs-braces-b2b\/\",\"url\":\"https:\/\/ordoline.com\/ro-ro\/aligners-vs-braces-b2b\/\",\"name\":\"Alignere vs. Braces - Ordoline\",\"isPartOf\":{\"@id\":\"https:\/\/ordoline.com\/ro-ro\/#website\"},\"primaryImageOfPage\":{\"@id\":\"https:\/\/ordoline.com\/ro-ro\/aligners-vs-braces-b2b\/#primaryimage\"},\"image\":{\"@id\":\"https:\/\/ordoline.com\/ro-ro\/aligners-vs-braces-b2b\/#primaryimage\"},\"thumbnailUrl\":\"https:\/\/ordoline.com\/wp-content\/uploads\/2021\/08\/cut-1.png\",\"datePublished\":\"2021-10-10T12:34:53+00:00\",\"dateModified\":\"2025-12-11T13:55:26+00:00\",\"description\":\"Predictibilitate \u00een tratamente: diferen\u021bele dintre alignere \u0219i aparatele dentare clasice pentru rezultate eficiente \u0219i confort sporit.\",\"breadcrumb\":{\"@id\":\"https:\/\/ordoline.com\/ro-ro\/aligners-vs-braces-b2b\/#breadcrumb\"},\"inLanguage\":\"ro\",\"potentialAction\":[{\"@type\":\"ReadAction\",\"target\":[\"https:\/\/ordoline.com\/ro-ro\/aligners-vs-braces-b2b\/\"]}]},{\"@type\":\"ImageObject\",\"inLanguage\":\"ro\",\"@id\":\"https:\/\/ordoline.com\/ro-ro\/aligners-vs-braces-b2b\/#primaryimage\",\"url\":\"https:\/\/ordoline.com\/wp-content\/uploads\/2021\/08\/cut-1.png\",\"contentUrl\":\"https:\/\/ordoline.com\/wp-content\/uploads\/2021\/08\/cut-1.png\",\"width\":1786,\"height\":1360},{\"@type\":\"BreadcrumbList\",\"@id\":\"https:\/\/ordoline.com\/ro-ro\/aligners-vs-braces-b2b\/#breadcrumb\",\"itemListElement\":[{\"@type\":\"ListItem\",\"position\":1,\"name\":\"Home\",\"item\":\"https:\/\/ordoline.com\/ro-ro\/\"},{\"@type\":\"ListItem\",\"position\":2,\"name\":\"Alignere vs. Braces\"}]},{\"@type\":\"WebSite\",\"@id\":\"https:\/\/ordoline.com\/ro-ro\/#website\",\"url\":\"https:\/\/ordoline.com\/ro-ro\/\",\"name\":\"Ordoline\",\"description\":\"Confidence and predictability with every aligner case\",\"publisher\":{\"@id\":\"https:\/\/ordoline.com\/ro-ro\/#organization\"},\"potentialAction\":[{\"@type\":\"SearchAction\",\"target\":{\"@type\":\"EntryPoint\",\"urlTemplate\":\"https:\/\/ordoline.com\/ro-ro\/?s={search_term_string}\"},\"query-input\":{\"@type\":\"PropertyValueSpecification\",\"valueRequired\":true,\"valueName\":\"search_term_string\"}}],\"inLanguage\":\"ro\"},{\"@type\":\"Organization\",\"@id\":\"https:\/\/ordoline.com\/ro-ro\/#organization\",\"name\":\"Ordoline\",\"url\":\"https:\/\/ordoline.com\/ro-ro\/\",\"logo\":{\"@type\":\"ImageObject\",\"inLanguage\":\"ro\",\"@id\":\"https:\/\/ordoline.com\/ro-ro\/#\/schema\/logo\/image\/\",\"url\":\"https:\/\/ordoline.com\/wp-content\/uploads\/2021\/08\/ordoline_logo-juodas-4.png\",\"contentUrl\":\"https:\/\/ordoline.com\/wp-content\/uploads\/2021\/08\/ordoline_logo-juodas-4.png\",\"width\":199,\"height\":40,\"caption\":\"Ordoline\"},\"image\":{\"@id\":\"https:\/\/ordoline.com\/ro-ro\/#\/schema\/logo\/image\/\"}}]}<\/script>\n<!-- \/ Yoast SEO plugin. -->","yoast_head_json":{"title":"Alignere vs. Braces - Ordoline","description":"Predictibilitate \u00een tratamente: diferen\u021bele dintre alignere \u0219i aparatele dentare clasice pentru rezultate eficiente \u0219i confort sporit.","robots":{"index":"index","follow":"follow","max-snippet":"max-snippet:-1","max-image-preview":"max-image-preview:large","max-video-preview":"max-video-preview:-1"},"canonical":"https:\/\/ordoline.com\/ro-ro\/aligners-vs-braces-b2b\/","og_locale":"ro_RO","og_type":"article","og_title":"Alignere vs. Braces - Ordoline","og_description":"Predictibilitate \u00een tratamente: diferen\u021bele dintre alignere \u0219i aparatele dentare clasice pentru rezultate eficiente \u0219i confort sporit.","og_url":"https:\/\/ordoline.com\/ro-ro\/aligners-vs-braces-b2b\/","og_site_name":"Ordoline","article_modified_time":"2025-12-11T13:55:26+00:00","og_image":[{"width":1786,"height":1360,"url":"https:\/\/ordoline.com\/wp-content\/uploads\/2021\/08\/cut-1.png","type":"image\/png"}],"twitter_card":"summary_large_image","twitter_misc":{"Est. reading time":"1 minute"},"schema":{"@context":"https:\/\/schema.org","@graph":[{"@type":"WebPage","@id":"https:\/\/ordoline.com\/ro-ro\/aligners-vs-braces-b2b\/","url":"https:\/\/ordoline.com\/ro-ro\/aligners-vs-braces-b2b\/","name":"Alignere vs. Braces - Ordoline","isPartOf":{"@id":"https:\/\/ordoline.com\/ro-ro\/#website"},"primaryImageOfPage":{"@id":"https:\/\/ordoline.com\/ro-ro\/aligners-vs-braces-b2b\/#primaryimage"},"image":{"@id":"https:\/\/ordoline.com\/ro-ro\/aligners-vs-braces-b2b\/#primaryimage"},"thumbnailUrl":"https:\/\/ordoline.com\/wp-content\/uploads\/2021\/08\/cut-1.png","datePublished":"2021-10-10T12:34:53+00:00","dateModified":"2025-12-11T13:55:26+00:00","description":"Predictibilitate \u00een tratamente: diferen\u021bele dintre alignere \u0219i aparatele dentare clasice pentru rezultate eficiente \u0219i confort sporit.","breadcrumb":{"@id":"https:\/\/ordoline.com\/ro-ro\/aligners-vs-braces-b2b\/#breadcrumb"},"inLanguage":"ro","potentialAction":[{"@type":"ReadAction","target":["https:\/\/ordoline.com\/ro-ro\/aligners-vs-braces-b2b\/"]}]},{"@type":"ImageObject","inLanguage":"ro","@id":"https:\/\/ordoline.com\/ro-ro\/aligners-vs-braces-b2b\/#primaryimage","url":"https:\/\/ordoline.com\/wp-content\/uploads\/2021\/08\/cut-1.png","contentUrl":"https:\/\/ordoline.com\/wp-content\/uploads\/2021\/08\/cut-1.png","width":1786,"height":1360},{"@type":"BreadcrumbList","@id":"https:\/\/ordoline.com\/ro-ro\/aligners-vs-braces-b2b\/#breadcrumb","itemListElement":[{"@type":"ListItem","position":1,"name":"Home","item":"https:\/\/ordoline.com\/ro-ro\/"},{"@type":"ListItem","position":2,"name":"Alignere vs. Braces"}]},{"@type":"WebSite","@id":"https:\/\/ordoline.com\/ro-ro\/#website","url":"https:\/\/ordoline.com\/ro-ro\/","name":"Ordoline","description":"Confidence and predictability with every aligner case","publisher":{"@id":"https:\/\/ordoline.com\/ro-ro\/#organization"},"potentialAction":[{"@type":"SearchAction","target":{"@type":"EntryPoint","urlTemplate":"https:\/\/ordoline.com\/ro-ro\/?s={search_term_string}"},"query-input":{"@type":"PropertyValueSpecification","valueRequired":true,"valueName":"search_term_string"}}],"inLanguage":"ro"},{"@type":"Organization","@id":"https:\/\/ordoline.com\/ro-ro\/#organization","name":"Ordoline","url":"https:\/\/ordoline.com\/ro-ro\/","logo":{"@type":"ImageObject","inLanguage":"ro","@id":"https:\/\/ordoline.com\/ro-ro\/#\/schema\/logo\/image\/","url":"https:\/\/ordoline.com\/wp-content\/uploads\/2021\/08\/ordoline_logo-juodas-4.png","contentUrl":"https:\/\/ordoline.com\/wp-content\/uploads\/2021\/08\/ordoline_logo-juodas-4.png","width":199,"height":40,"caption":"Ordoline"},"image":{"@id":"https:\/\/ordoline.com\/ro-ro\/#\/schema\/logo\/image\/"}}]}},"_links":{"self":[{"href":"https:\/\/ordoline.com\/ro-ro\/wp-json\/wp\/v2\/pages\/13031","targetHints":{"allow":["GET"]}}],"collection":[{"href":"https:\/\/ordoline.com\/ro-ro\/wp-json\/wp\/v2\/pages"}],"about":[{"href":"https:\/\/ordoline.com\/ro-ro\/wp-json\/wp\/v2\/types\/page"}],"author":[{"embeddable":true,"href":"https:\/\/ordoline.com\/ro-ro\/wp-json\/wp\/v2\/users\/1"}],"replies":[{"embeddable":true,"href":"https:\/\/ordoline.com\/ro-ro\/wp-json\/wp\/v2\/comments?post=13031"}],"version-history":[{"count":1,"href":"https:\/\/ordoline.com\/ro-ro\/wp-json\/wp\/v2\/pages\/13031\/revisions"}],"predecessor-version":[{"id":48818,"href":"https:\/\/ordoline.com\/ro-ro\/wp-json\/wp\/v2\/pages\/13031\/revisions\/48818"}],"wp:featuredmedia":[{"embeddable":true,"href":"https:\/\/ordoline.com\/ro-ro\/wp-json\/wp\/v2\/media\/13033"}],"wp:attachment":[{"href":"https:\/\/ordoline.com\/ro-ro\/wp-json\/wp\/v2\/media?parent=13031"}],"curies":[{"name":"wp","href":"https:\/\/api.w.org\/{rel}","templated":true}]}}