{"id":13029,"date":"2021-10-10T13:01:28","date_gmt":"2021-10-10T13:01:28","guid":{"rendered":"https:\/\/ordoline.com\/treatment-process-b2b\/"},"modified":"2025-12-11T11:03:39","modified_gmt":"2025-12-11T11:03:39","slug":"treatment-process-b2b","status":"publish","type":"page","link":"https:\/\/ordoline.com\/ro-ro\/treatment-process-b2b\/","title":{"rendered":"Rezultate predictibile ale tratamentului"},"content":{"rendered":"\n<p><\/p>\n\n\n\n<p>Pentru a asigura un nivel ridicat de\u00a0predictibilitate, Ordoline combin\u0103 protocoale de tratament validate \u0219tiin\u021bific cu expertiza ortodon\u021bilor, asigur\u00e2nd rezultate constante\u00a0\u2014 de la aliniamente simple p\u00e2n\u0103 la malocluzii complexe.<br><br>Sus\u021binut de cercet\u0103ri independente, Ordoline atinge o acurate\u021be de 67\u201378% \u00een cazurile complexe, dep\u0103\u0219ind semnificativ standardele medii de pe pia\u021b\u0103. Performan\u021ba st\u0103 \u00een\u00a0planificarea tratamentului, condus\u0103 de exper\u021bi, \u00een sistemul de control al calit\u0103\u021bii \u00een trei etape \u0219i \u00een integrarea complet\u0103 a auxiliarelor ortodontice.<br><br>Astfel, Ordoline poate fi un partener de \u00eencredere at\u00e2t pentru utilizatori noi de\u00a0alignere, c\u00e2t \u0219i pentru medici ortodon\u021bi experimenta\u021bi care gestioneaz\u0103 cazuri complexe.<\/p>\n\n\n\n<ol class=\"wp-block-list\">\n<li><\/li>\n<\/ol>\n\n\n\n<p><\/p>\n","protected":false},"excerpt":{"rendered":"<p>Pentru a asigura un nivel ridicat de\u00a0predictibilitate, Ordoline combin\u0103 protocoale de tratament validate \u0219tiin\u021bific cu expertiza ortodon\u021bilor, asigur\u00e2nd rezultate constante\u00a0\u2014 de la aliniamente simple p\u00e2n\u0103 la malocluzii complexe. Sus\u021binut de cercet\u0103ri independente, Ordoline atinge o acurate\u021be de 67\u201378% \u00een cazurile complexe, dep\u0103\u0219ind semnificativ standardele medii de pe pia\u021b\u0103. Performan\u021ba st\u0103 \u00een\u00a0planificarea tratamentului, condus\u0103 de exper\u021bi, [&hellip;]<\/p>\n","protected":false},"author":1,"featured_media":0,"parent":0,"menu_order":0,"comment_status":"closed","ping_status":"closed","template":"page-treatment-b2b.php","meta":{"_acf_changed":false,"inline_featured_image":false,"footnotes":""},"class_list":["post-13029","page","type-page","status-publish","hentry"],"acf":[],"yoast_head":"<!-- This site is optimized with the Yoast SEO plugin v25.9 - https:\/\/yoast.com\/wordpress\/plugins\/seo\/ -->\n<title>Rezultate predictibile ale tratamentului - Ordoline<\/title>\n<meta name=\"description\" content=\"Predictibilitate \u00een fiecare tratament cu alignere: protocoale validate \u0219i planificare riguroas\u0103 pentru z\u00e2mbete sigure \u0219i armonioase.\" \/>\n<meta name=\"robots\" content=\"index, follow, max-snippet:-1, max-image-preview:large, max-video-preview:-1\" \/>\n<link rel=\"canonical\" href=\"https:\/\/ordoline.com\/ro-ro\/treatment-process-b2b\/\" \/>\n<meta property=\"og:locale\" content=\"ro_RO\" \/>\n<meta property=\"og:type\" content=\"article\" \/>\n<meta property=\"og:title\" content=\"Rezultate predictibile ale tratamentului - Ordoline\" \/>\n<meta property=\"og:description\" content=\"Predictibilitate \u00een fiecare tratament cu alignere: protocoale validate \u0219i planificare riguroas\u0103 pentru z\u00e2mbete sigure \u0219i armonioase.\" \/>\n<meta property=\"og:url\" content=\"https:\/\/ordoline.com\/ro-ro\/treatment-process-b2b\/\" \/>\n<meta property=\"og:site_name\" content=\"Ordoline\" \/>\n<meta property=\"article:modified_time\" content=\"2025-12-11T11:03:39+00:00\" \/>\n<meta name=\"twitter:card\" content=\"summary_large_image\" \/>\n<meta name=\"twitter:label1\" content=\"Est. reading time\" \/>\n\t<meta name=\"twitter:data1\" content=\"1 minute\" \/>\n<script type=\"application\/ld+json\" class=\"yoast-schema-graph\">{\"@context\":\"https:\/\/schema.org\",\"@graph\":[{\"@type\":\"WebPage\",\"@id\":\"https:\/\/ordoline.com\/ro-ro\/treatment-process-b2b\/\",\"url\":\"https:\/\/ordoline.com\/ro-ro\/treatment-process-b2b\/\",\"name\":\"Rezultate predictibile ale tratamentului - Ordoline\",\"isPartOf\":{\"@id\":\"https:\/\/ordoline.com\/ro-ro\/#website\"},\"datePublished\":\"2021-10-10T13:01:28+00:00\",\"dateModified\":\"2025-12-11T11:03:39+00:00\",\"description\":\"Predictibilitate \u00een fiecare tratament cu alignere: protocoale validate \u0219i planificare riguroas\u0103 pentru z\u00e2mbete sigure \u0219i armonioase.\",\"breadcrumb\":{\"@id\":\"https:\/\/ordoline.com\/ro-ro\/treatment-process-b2b\/#breadcrumb\"},\"inLanguage\":\"ro\",\"potentialAction\":[{\"@type\":\"ReadAction\",\"target\":[\"https:\/\/ordoline.com\/ro-ro\/treatment-process-b2b\/\"]}]},{\"@type\":\"BreadcrumbList\",\"@id\":\"https:\/\/ordoline.com\/ro-ro\/treatment-process-b2b\/#breadcrumb\",\"itemListElement\":[{\"@type\":\"ListItem\",\"position\":1,\"name\":\"Home\",\"item\":\"https:\/\/ordoline.com\/ro-ro\/\"},{\"@type\":\"ListItem\",\"position\":2,\"name\":\"Rezultate predictibile ale tratamentului\"}]},{\"@type\":\"WebSite\",\"@id\":\"https:\/\/ordoline.com\/ro-ro\/#website\",\"url\":\"https:\/\/ordoline.com\/ro-ro\/\",\"name\":\"Ordoline\",\"description\":\"Confidence and predictability with every aligner case\",\"publisher\":{\"@id\":\"https:\/\/ordoline.com\/ro-ro\/#organization\"},\"potentialAction\":[{\"@type\":\"SearchAction\",\"target\":{\"@type\":\"EntryPoint\",\"urlTemplate\":\"https:\/\/ordoline.com\/ro-ro\/?s={search_term_string}\"},\"query-input\":{\"@type\":\"PropertyValueSpecification\",\"valueRequired\":true,\"valueName\":\"search_term_string\"}}],\"inLanguage\":\"ro\"},{\"@type\":\"Organization\",\"@id\":\"https:\/\/ordoline.com\/ro-ro\/#organization\",\"name\":\"Ordoline\",\"url\":\"https:\/\/ordoline.com\/ro-ro\/\",\"logo\":{\"@type\":\"ImageObject\",\"inLanguage\":\"ro\",\"@id\":\"https:\/\/ordoline.com\/ro-ro\/#\/schema\/logo\/image\/\",\"url\":\"https:\/\/ordoline.com\/wp-content\/uploads\/2021\/08\/ordoline_logo-juodas-4.png\",\"contentUrl\":\"https:\/\/ordoline.com\/wp-content\/uploads\/2021\/08\/ordoline_logo-juodas-4.png\",\"width\":199,\"height\":40,\"caption\":\"Ordoline\"},\"image\":{\"@id\":\"https:\/\/ordoline.com\/ro-ro\/#\/schema\/logo\/image\/\"}}]}<\/script>\n<!-- \/ Yoast SEO plugin. -->","yoast_head_json":{"title":"Rezultate predictibile ale tratamentului - Ordoline","description":"Predictibilitate \u00een fiecare tratament cu alignere: protocoale validate \u0219i planificare riguroas\u0103 pentru z\u00e2mbete sigure \u0219i armonioase.","robots":{"index":"index","follow":"follow","max-snippet":"max-snippet:-1","max-image-preview":"max-image-preview:large","max-video-preview":"max-video-preview:-1"},"canonical":"https:\/\/ordoline.com\/ro-ro\/treatment-process-b2b\/","og_locale":"ro_RO","og_type":"article","og_title":"Rezultate predictibile ale tratamentului - Ordoline","og_description":"Predictibilitate \u00een fiecare tratament cu alignere: protocoale validate \u0219i planificare riguroas\u0103 pentru z\u00e2mbete sigure \u0219i armonioase.","og_url":"https:\/\/ordoline.com\/ro-ro\/treatment-process-b2b\/","og_site_name":"Ordoline","article_modified_time":"2025-12-11T11:03:39+00:00","twitter_card":"summary_large_image","twitter_misc":{"Est. reading time":"1 minute"},"schema":{"@context":"https:\/\/schema.org","@graph":[{"@type":"WebPage","@id":"https:\/\/ordoline.com\/ro-ro\/treatment-process-b2b\/","url":"https:\/\/ordoline.com\/ro-ro\/treatment-process-b2b\/","name":"Rezultate predictibile ale tratamentului - Ordoline","isPartOf":{"@id":"https:\/\/ordoline.com\/ro-ro\/#website"},"datePublished":"2021-10-10T13:01:28+00:00","dateModified":"2025-12-11T11:03:39+00:00","description":"Predictibilitate \u00een fiecare tratament cu alignere: protocoale validate \u0219i planificare riguroas\u0103 pentru z\u00e2mbete sigure \u0219i armonioase.","breadcrumb":{"@id":"https:\/\/ordoline.com\/ro-ro\/treatment-process-b2b\/#breadcrumb"},"inLanguage":"ro","potentialAction":[{"@type":"ReadAction","target":["https:\/\/ordoline.com\/ro-ro\/treatment-process-b2b\/"]}]},{"@type":"BreadcrumbList","@id":"https:\/\/ordoline.com\/ro-ro\/treatment-process-b2b\/#breadcrumb","itemListElement":[{"@type":"ListItem","position":1,"name":"Home","item":"https:\/\/ordoline.com\/ro-ro\/"},{"@type":"ListItem","position":2,"name":"Rezultate predictibile ale tratamentului"}]},{"@type":"WebSite","@id":"https:\/\/ordoline.com\/ro-ro\/#website","url":"https:\/\/ordoline.com\/ro-ro\/","name":"Ordoline","description":"Confidence and predictability with every aligner case","publisher":{"@id":"https:\/\/ordoline.com\/ro-ro\/#organization"},"potentialAction":[{"@type":"SearchAction","target":{"@type":"EntryPoint","urlTemplate":"https:\/\/ordoline.com\/ro-ro\/?s={search_term_string}"},"query-input":{"@type":"PropertyValueSpecification","valueRequired":true,"valueName":"search_term_string"}}],"inLanguage":"ro"},{"@type":"Organization","@id":"https:\/\/ordoline.com\/ro-ro\/#organization","name":"Ordoline","url":"https:\/\/ordoline.com\/ro-ro\/","logo":{"@type":"ImageObject","inLanguage":"ro","@id":"https:\/\/ordoline.com\/ro-ro\/#\/schema\/logo\/image\/","url":"https:\/\/ordoline.com\/wp-content\/uploads\/2021\/08\/ordoline_logo-juodas-4.png","contentUrl":"https:\/\/ordoline.com\/wp-content\/uploads\/2021\/08\/ordoline_logo-juodas-4.png","width":199,"height":40,"caption":"Ordoline"},"image":{"@id":"https:\/\/ordoline.com\/ro-ro\/#\/schema\/logo\/image\/"}}]}},"_links":{"self":[{"href":"https:\/\/ordoline.com\/ro-ro\/wp-json\/wp\/v2\/pages\/13029","targetHints":{"allow":["GET"]}}],"collection":[{"href":"https:\/\/ordoline.com\/ro-ro\/wp-json\/wp\/v2\/pages"}],"about":[{"href":"https:\/\/ordoline.com\/ro-ro\/wp-json\/wp\/v2\/types\/page"}],"author":[{"embeddable":true,"href":"https:\/\/ordoline.com\/ro-ro\/wp-json\/wp\/v2\/users\/1"}],"replies":[{"embeddable":true,"href":"https:\/\/ordoline.com\/ro-ro\/wp-json\/wp\/v2\/comments?post=13029"}],"version-history":[{"count":8,"href":"https:\/\/ordoline.com\/ro-ro\/wp-json\/wp\/v2\/pages\/13029\/revisions"}],"predecessor-version":[{"id":48816,"href":"https:\/\/ordoline.com\/ro-ro\/wp-json\/wp\/v2\/pages\/13029\/revisions\/48816"}],"wp:attachment":[{"href":"https:\/\/ordoline.com\/ro-ro\/wp-json\/wp\/v2\/media?parent=13029"}],"curies":[{"name":"wp","href":"https:\/\/api.w.org\/{rel}","templated":true}]}}