{"id":13025,"date":"2021-11-12T11:45:30","date_gmt":"2021-11-12T11:45:30","guid":{"rendered":"https:\/\/ordoline.com\/how-ordoline-works-b2c\/"},"modified":"2025-06-04T15:05:18","modified_gmt":"2025-06-04T15:05:18","slug":"how-ordoline-works-b2c","status":"publish","type":"page","link":"https:\/\/ordoline.com\/ro-ro\/how-ordoline-works-b2c\/","title":{"rendered":"Cum func\u021bioneaz\u0103 Ordoline"},"content":{"rendered":"\n<p>Alignerele Ordoline sunt aparate ortodontice aproape invizibile \u0219i deta\u0219abile, care deplaseaz\u0103 din\u021bii \u00eentr-un mod atent planificat. Alignerele \u00eendreapt\u0103 din\u021bii prin aplicarea unei presiuni u\u0219oare care \u00eei ghideaz\u0103 \u00een pozi\u021bia corect\u0103. Acestea sunt de obicei schimbate la fiecare 10 zile pentru a realiza urm\u0103toarea mi\u0219care dentar\u0103 p\u00e2n\u0103 la finalul tratamentului.<\/p>\n","protected":false},"excerpt":{"rendered":"<p>Alignerele Ordoline sunt aparate ortodontice aproape invizibile \u0219i deta\u0219abile, care deplaseaz\u0103 din\u021bii \u00eentr-un mod atent planificat. Alignerele \u00eendreapt\u0103 din\u021bii prin aplicarea unei presiuni u\u0219oare care \u00eei ghideaz\u0103 \u00een pozi\u021bia corect\u0103. Acestea sunt de obicei schimbate la fiecare 10 zile pentru a realiza urm\u0103toarea mi\u0219care dentar\u0103 p\u00e2n\u0103 la finalul tratamentului.<\/p>\n","protected":false},"author":1,"featured_media":0,"parent":0,"menu_order":0,"comment_status":"closed","ping_status":"closed","template":"page-how-works-b2c.php","meta":{"_acf_changed":false,"inline_featured_image":false,"footnotes":""},"class_list":["post-13025","page","type-page","status-publish","hentry"],"acf":[],"yoast_head":"<!-- This site is optimized with the Yoast SEO plugin v25.9 - https:\/\/yoast.com\/wordpress\/plugins\/seo\/ -->\n<title>Cum func\u021bioneaz\u0103 Ordoline - Ordoline<\/title>\n<meta name=\"robots\" content=\"index, follow, max-snippet:-1, max-image-preview:large, max-video-preview:-1\" \/>\n<link rel=\"canonical\" href=\"https:\/\/ordoline.com\/ro-ro\/how-ordoline-works-b2c\/\" \/>\n<meta property=\"og:locale\" content=\"ro_RO\" \/>\n<meta property=\"og:type\" content=\"article\" \/>\n<meta property=\"og:title\" content=\"Cum func\u021bioneaz\u0103 Ordoline - Ordoline\" \/>\n<meta property=\"og:description\" content=\"Alignerele Ordoline sunt aparate ortodontice aproape invizibile \u0219i deta\u0219abile, care deplaseaz\u0103 din\u021bii \u00eentr-un mod atent planificat. Alignerele \u00eendreapt\u0103 din\u021bii prin aplicarea unei presiuni u\u0219oare care \u00eei ghideaz\u0103 \u00een pozi\u021bia corect\u0103. Acestea sunt de obicei schimbate la fiecare 10 zile pentru a realiza urm\u0103toarea mi\u0219care dentar\u0103 p\u00e2n\u0103 la finalul tratamentului.\" \/>\n<meta property=\"og:url\" content=\"https:\/\/ordoline.com\/ro-ro\/how-ordoline-works-b2c\/\" \/>\n<meta property=\"og:site_name\" content=\"Ordoline\" \/>\n<meta property=\"article:modified_time\" content=\"2025-06-04T15:05:18+00:00\" \/>\n<meta name=\"twitter:card\" content=\"summary_large_image\" \/>\n<meta name=\"twitter:label1\" content=\"Est. reading time\" \/>\n\t<meta name=\"twitter:data1\" content=\"1 minute\" \/>\n<script type=\"application\/ld+json\" class=\"yoast-schema-graph\">{\"@context\":\"https:\/\/schema.org\",\"@graph\":[{\"@type\":\"WebPage\",\"@id\":\"https:\/\/ordoline.com\/ro-ro\/how-ordoline-works-b2c\/\",\"url\":\"https:\/\/ordoline.com\/ro-ro\/how-ordoline-works-b2c\/\",\"name\":\"Cum func\u021bioneaz\u0103 Ordoline - Ordoline\",\"isPartOf\":{\"@id\":\"https:\/\/ordoline.com\/ro-ro\/#website\"},\"datePublished\":\"2021-11-12T11:45:30+00:00\",\"dateModified\":\"2025-06-04T15:05:18+00:00\",\"breadcrumb\":{\"@id\":\"https:\/\/ordoline.com\/ro-ro\/how-ordoline-works-b2c\/#breadcrumb\"},\"inLanguage\":\"ro\",\"potentialAction\":[{\"@type\":\"ReadAction\",\"target\":[\"https:\/\/ordoline.com\/ro-ro\/how-ordoline-works-b2c\/\"]}]},{\"@type\":\"BreadcrumbList\",\"@id\":\"https:\/\/ordoline.com\/ro-ro\/how-ordoline-works-b2c\/#breadcrumb\",\"itemListElement\":[{\"@type\":\"ListItem\",\"position\":1,\"name\":\"Home\",\"item\":\"https:\/\/ordoline.com\/ro-ro\/\"},{\"@type\":\"ListItem\",\"position\":2,\"name\":\"Cum func\u021bioneaz\u0103 Ordoline\"}]},{\"@type\":\"WebSite\",\"@id\":\"https:\/\/ordoline.com\/ro-ro\/#website\",\"url\":\"https:\/\/ordoline.com\/ro-ro\/\",\"name\":\"Ordoline\",\"description\":\"Confidence and predictability with every aligner case\",\"publisher\":{\"@id\":\"https:\/\/ordoline.com\/ro-ro\/#organization\"},\"potentialAction\":[{\"@type\":\"SearchAction\",\"target\":{\"@type\":\"EntryPoint\",\"urlTemplate\":\"https:\/\/ordoline.com\/ro-ro\/?s={search_term_string}\"},\"query-input\":{\"@type\":\"PropertyValueSpecification\",\"valueRequired\":true,\"valueName\":\"search_term_string\"}}],\"inLanguage\":\"ro\"},{\"@type\":\"Organization\",\"@id\":\"https:\/\/ordoline.com\/ro-ro\/#organization\",\"name\":\"Ordoline\",\"url\":\"https:\/\/ordoline.com\/ro-ro\/\",\"logo\":{\"@type\":\"ImageObject\",\"inLanguage\":\"ro\",\"@id\":\"https:\/\/ordoline.com\/ro-ro\/#\/schema\/logo\/image\/\",\"url\":\"https:\/\/ordoline.com\/wp-content\/uploads\/2021\/08\/ordoline_logo-juodas-4.png\",\"contentUrl\":\"https:\/\/ordoline.com\/wp-content\/uploads\/2021\/08\/ordoline_logo-juodas-4.png\",\"width\":199,\"height\":40,\"caption\":\"Ordoline\"},\"image\":{\"@id\":\"https:\/\/ordoline.com\/ro-ro\/#\/schema\/logo\/image\/\"}}]}<\/script>\n<!-- \/ Yoast SEO plugin. -->","yoast_head_json":{"title":"Cum func\u021bioneaz\u0103 Ordoline - Ordoline","robots":{"index":"index","follow":"follow","max-snippet":"max-snippet:-1","max-image-preview":"max-image-preview:large","max-video-preview":"max-video-preview:-1"},"canonical":"https:\/\/ordoline.com\/ro-ro\/how-ordoline-works-b2c\/","og_locale":"ro_RO","og_type":"article","og_title":"Cum func\u021bioneaz\u0103 Ordoline - Ordoline","og_description":"Alignerele Ordoline sunt aparate ortodontice aproape invizibile \u0219i deta\u0219abile, care deplaseaz\u0103 din\u021bii \u00eentr-un mod atent planificat. Alignerele \u00eendreapt\u0103 din\u021bii prin aplicarea unei presiuni u\u0219oare care \u00eei ghideaz\u0103 \u00een pozi\u021bia corect\u0103. Acestea sunt de obicei schimbate la fiecare 10 zile pentru a realiza urm\u0103toarea mi\u0219care dentar\u0103 p\u00e2n\u0103 la finalul tratamentului.","og_url":"https:\/\/ordoline.com\/ro-ro\/how-ordoline-works-b2c\/","og_site_name":"Ordoline","article_modified_time":"2025-06-04T15:05:18+00:00","twitter_card":"summary_large_image","twitter_misc":{"Est. reading time":"1 minute"},"schema":{"@context":"https:\/\/schema.org","@graph":[{"@type":"WebPage","@id":"https:\/\/ordoline.com\/ro-ro\/how-ordoline-works-b2c\/","url":"https:\/\/ordoline.com\/ro-ro\/how-ordoline-works-b2c\/","name":"Cum func\u021bioneaz\u0103 Ordoline - Ordoline","isPartOf":{"@id":"https:\/\/ordoline.com\/ro-ro\/#website"},"datePublished":"2021-11-12T11:45:30+00:00","dateModified":"2025-06-04T15:05:18+00:00","breadcrumb":{"@id":"https:\/\/ordoline.com\/ro-ro\/how-ordoline-works-b2c\/#breadcrumb"},"inLanguage":"ro","potentialAction":[{"@type":"ReadAction","target":["https:\/\/ordoline.com\/ro-ro\/how-ordoline-works-b2c\/"]}]},{"@type":"BreadcrumbList","@id":"https:\/\/ordoline.com\/ro-ro\/how-ordoline-works-b2c\/#breadcrumb","itemListElement":[{"@type":"ListItem","position":1,"name":"Home","item":"https:\/\/ordoline.com\/ro-ro\/"},{"@type":"ListItem","position":2,"name":"Cum func\u021bioneaz\u0103 Ordoline"}]},{"@type":"WebSite","@id":"https:\/\/ordoline.com\/ro-ro\/#website","url":"https:\/\/ordoline.com\/ro-ro\/","name":"Ordoline","description":"Confidence and predictability with every aligner case","publisher":{"@id":"https:\/\/ordoline.com\/ro-ro\/#organization"},"potentialAction":[{"@type":"SearchAction","target":{"@type":"EntryPoint","urlTemplate":"https:\/\/ordoline.com\/ro-ro\/?s={search_term_string}"},"query-input":{"@type":"PropertyValueSpecification","valueRequired":true,"valueName":"search_term_string"}}],"inLanguage":"ro"},{"@type":"Organization","@id":"https:\/\/ordoline.com\/ro-ro\/#organization","name":"Ordoline","url":"https:\/\/ordoline.com\/ro-ro\/","logo":{"@type":"ImageObject","inLanguage":"ro","@id":"https:\/\/ordoline.com\/ro-ro\/#\/schema\/logo\/image\/","url":"https:\/\/ordoline.com\/wp-content\/uploads\/2021\/08\/ordoline_logo-juodas-4.png","contentUrl":"https:\/\/ordoline.com\/wp-content\/uploads\/2021\/08\/ordoline_logo-juodas-4.png","width":199,"height":40,"caption":"Ordoline"},"image":{"@id":"https:\/\/ordoline.com\/ro-ro\/#\/schema\/logo\/image\/"}}]}},"_links":{"self":[{"href":"https:\/\/ordoline.com\/ro-ro\/wp-json\/wp\/v2\/pages\/13025","targetHints":{"allow":["GET"]}}],"collection":[{"href":"https:\/\/ordoline.com\/ro-ro\/wp-json\/wp\/v2\/pages"}],"about":[{"href":"https:\/\/ordoline.com\/ro-ro\/wp-json\/wp\/v2\/types\/page"}],"author":[{"embeddable":true,"href":"https:\/\/ordoline.com\/ro-ro\/wp-json\/wp\/v2\/users\/1"}],"replies":[{"embeddable":true,"href":"https:\/\/ordoline.com\/ro-ro\/wp-json\/wp\/v2\/comments?post=13025"}],"version-history":[{"count":1,"href":"https:\/\/ordoline.com\/ro-ro\/wp-json\/wp\/v2\/pages\/13025\/revisions"}],"predecessor-version":[{"id":29676,"href":"https:\/\/ordoline.com\/ro-ro\/wp-json\/wp\/v2\/pages\/13025\/revisions\/29676"}],"wp:attachment":[{"href":"https:\/\/ordoline.com\/ro-ro\/wp-json\/wp\/v2\/media?parent=13025"}],"curies":[{"name":"wp","href":"https:\/\/api.w.org\/{rel}","templated":true}]}}