{"id":12198,"date":"2021-08-18T08:13:05","date_gmt":"2021-08-18T08:13:05","guid":{"rendered":"https:\/\/ordoline.com\/next-generation-aligners-for-advanced-treatment-and-improved-quality-of-life-b2c\/"},"modified":"2025-06-10T20:18:13","modified_gmt":"2025-06-10T20:18:13","slug":"next-generation-aligners-for-advanced-treatment-and-improved-quality-of-life-b2c","status":"publish","type":"page","link":"https:\/\/ordoline.com\/ro-md\/next-generation-aligners-for-advanced-treatment-and-improved-quality-of-life-b2c\/","title":{"rendered":"\u00cendreptare invizibil\u0103 a din\u021bilor pentru un z\u00e2mbet s\u0103n\u0103tos \u0219i frumos"},"content":{"rendered":"\n<p>Terapia cu alignere Ordoline este o solu\u021bie modern\u0103, eficient\u0103 \u0219i dovedit\u0103 \u0219tiin\u021bific pentru \u00eendreptarea din\u021bilor \u00een majoritatea cazurilor ortodontice. Aceasta include chiar \u0219i cazurile care anterior puteau fi tratate doar cu aparat dentar fix.<\/p>\n\n\n\n<p>Scopul nostru este s\u0103 te ajut\u0103m s\u0103 ob\u021bii z\u00e2mbetul pe care \u021bi-l dore\u0219ti, \u00eembun\u0103t\u0103\u021bind \u00een acela\u0219i timp s\u0103n\u0103tatea oral\u0103 pe termen lung. Cu sistemul avansat Ordoline, \u00eendreptarea din\u021bilor este confortabil\u0103, aproape invizibil\u0103 \u0219i se integreaz\u0103 perfect \u00een via\u021ba ta de zi cu zi.<\/p>\n","protected":false},"excerpt":{"rendered":"<p>Terapia cu alignere Ordoline este o solu\u021bie modern\u0103, eficient\u0103 \u0219i dovedit\u0103 \u0219tiin\u021bific pentru \u00eendreptarea din\u021bilor \u00een majoritatea cazurilor ortodontice. Aceasta include chiar \u0219i cazurile care anterior puteau fi tratate doar cu aparat dentar fix. Scopul nostru este s\u0103 te ajut\u0103m s\u0103 ob\u021bii z\u00e2mbetul pe care \u021bi-l dore\u0219ti, \u00eembun\u0103t\u0103\u021bind \u00een acela\u0219i timp s\u0103n\u0103tatea oral\u0103 pe termen [&hellip;]<\/p>\n","protected":false},"author":1,"featured_media":18901,"parent":0,"menu_order":0,"comment_status":"closed","ping_status":"closed","template":"page-about-b2c.php","meta":{"_acf_changed":false,"inline_featured_image":false,"footnotes":""},"class_list":["post-12198","page","type-page","status-publish","has-post-thumbnail","hentry"],"acf":[],"yoast_head":"<!-- This site is optimized with the Yoast SEO plugin v25.9 - https:\/\/yoast.com\/wordpress\/plugins\/seo\/ -->\n<title>\u00cendreptare invizibil\u0103 a din\u021bilor pentru un z\u00e2mbet s\u0103n\u0103tos \u0219i frumos - Ordoline<\/title>\n<meta name=\"robots\" content=\"index, follow, max-snippet:-1, max-image-preview:large, max-video-preview:-1\" \/>\n<link rel=\"canonical\" href=\"https:\/\/ordoline.com\/ro-md\/next-generation-aligners-for-advanced-treatment-and-improved-quality-of-life-b2c\/\" \/>\n<meta property=\"og:locale\" content=\"ro_RO\" \/>\n<meta property=\"og:type\" content=\"article\" \/>\n<meta property=\"og:title\" content=\"\u00cendreptare invizibil\u0103 a din\u021bilor pentru un z\u00e2mbet s\u0103n\u0103tos \u0219i frumos - Ordoline\" \/>\n<meta property=\"og:description\" content=\"Terapia cu alignere Ordoline este o solu\u021bie modern\u0103, eficient\u0103 \u0219i dovedit\u0103 \u0219tiin\u021bific pentru \u00eendreptarea din\u021bilor \u00een majoritatea cazurilor ortodontice. Aceasta include chiar \u0219i cazurile care anterior puteau fi tratate doar cu aparat dentar fix. Scopul nostru este s\u0103 te ajut\u0103m s\u0103 ob\u021bii z\u00e2mbetul pe care \u021bi-l dore\u0219ti, \u00eembun\u0103t\u0103\u021bind \u00een acela\u0219i timp s\u0103n\u0103tatea oral\u0103 pe termen [&hellip;]\" \/>\n<meta property=\"og:url\" content=\"https:\/\/ordoline.com\/ro-md\/next-generation-aligners-for-advanced-treatment-and-improved-quality-of-life-b2c\/\" \/>\n<meta property=\"og:site_name\" content=\"Ordoline\" \/>\n<meta property=\"article:modified_time\" content=\"2025-06-10T20:18:13+00:00\" \/>\n<meta property=\"og:image\" content=\"https:\/\/ordoline.com\/wp-content\/uploads\/2025\/05\/open-box-2.webp\" \/>\n\t<meta property=\"og:image:width\" content=\"708\" \/>\n\t<meta property=\"og:image:height\" content=\"869\" \/>\n\t<meta property=\"og:image:type\" content=\"image\/webp\" \/>\n<meta name=\"twitter:card\" content=\"summary_large_image\" \/>\n<meta name=\"twitter:label1\" content=\"Est. reading time\" \/>\n\t<meta name=\"twitter:data1\" content=\"1 minute\" \/>\n<script type=\"application\/ld+json\" class=\"yoast-schema-graph\">{\"@context\":\"https:\/\/schema.org\",\"@graph\":[{\"@type\":\"WebPage\",\"@id\":\"https:\/\/ordoline.com\/ro-md\/next-generation-aligners-for-advanced-treatment-and-improved-quality-of-life-b2c\/\",\"url\":\"https:\/\/ordoline.com\/ro-md\/next-generation-aligners-for-advanced-treatment-and-improved-quality-of-life-b2c\/\",\"name\":\"\u00cendreptare invizibil\u0103 a din\u021bilor pentru un z\u00e2mbet s\u0103n\u0103tos \u0219i frumos - Ordoline\",\"isPartOf\":{\"@id\":\"https:\/\/ordoline.com\/ro-md\/#website\"},\"primaryImageOfPage\":{\"@id\":\"https:\/\/ordoline.com\/ro-md\/next-generation-aligners-for-advanced-treatment-and-improved-quality-of-life-b2c\/#primaryimage\"},\"image\":{\"@id\":\"https:\/\/ordoline.com\/ro-md\/next-generation-aligners-for-advanced-treatment-and-improved-quality-of-life-b2c\/#primaryimage\"},\"thumbnailUrl\":\"https:\/\/ordoline.com\/wp-content\/uploads\/2025\/05\/open-box-2.webp\",\"datePublished\":\"2021-08-18T08:13:05+00:00\",\"dateModified\":\"2025-06-10T20:18:13+00:00\",\"breadcrumb\":{\"@id\":\"https:\/\/ordoline.com\/ro-md\/next-generation-aligners-for-advanced-treatment-and-improved-quality-of-life-b2c\/#breadcrumb\"},\"inLanguage\":\"ro-MD\",\"potentialAction\":[{\"@type\":\"ReadAction\",\"target\":[\"https:\/\/ordoline.com\/ro-md\/next-generation-aligners-for-advanced-treatment-and-improved-quality-of-life-b2c\/\"]}]},{\"@type\":\"ImageObject\",\"inLanguage\":\"ro-MD\",\"@id\":\"https:\/\/ordoline.com\/ro-md\/next-generation-aligners-for-advanced-treatment-and-improved-quality-of-life-b2c\/#primaryimage\",\"url\":\"https:\/\/ordoline.com\/wp-content\/uploads\/2025\/05\/open-box-2.webp\",\"contentUrl\":\"https:\/\/ordoline.com\/wp-content\/uploads\/2025\/05\/open-box-2.webp\",\"width\":708,\"height\":869},{\"@type\":\"BreadcrumbList\",\"@id\":\"https:\/\/ordoline.com\/ro-md\/next-generation-aligners-for-advanced-treatment-and-improved-quality-of-life-b2c\/#breadcrumb\",\"itemListElement\":[{\"@type\":\"ListItem\",\"position\":1,\"name\":\"Home\",\"item\":\"https:\/\/ordoline.com\/ro-md\/\"},{\"@type\":\"ListItem\",\"position\":2,\"name\":\"\u00cendreptare invizibil\u0103 a din\u021bilor pentru un z\u00e2mbet s\u0103n\u0103tos \u0219i frumos\"}]},{\"@type\":\"WebSite\",\"@id\":\"https:\/\/ordoline.com\/ro-md\/#website\",\"url\":\"https:\/\/ordoline.com\/ro-md\/\",\"name\":\"Ordoline\",\"description\":\"Confidence and predictability with every aligner case\",\"publisher\":{\"@id\":\"https:\/\/ordoline.com\/ro-md\/#organization\"},\"potentialAction\":[{\"@type\":\"SearchAction\",\"target\":{\"@type\":\"EntryPoint\",\"urlTemplate\":\"https:\/\/ordoline.com\/ro-md\/?s={search_term_string}\"},\"query-input\":{\"@type\":\"PropertyValueSpecification\",\"valueRequired\":true,\"valueName\":\"search_term_string\"}}],\"inLanguage\":\"ro-MD\"},{\"@type\":\"Organization\",\"@id\":\"https:\/\/ordoline.com\/ro-md\/#organization\",\"name\":\"Ordoline\",\"url\":\"https:\/\/ordoline.com\/ro-md\/\",\"logo\":{\"@type\":\"ImageObject\",\"inLanguage\":\"ro-MD\",\"@id\":\"https:\/\/ordoline.com\/ro-md\/#\/schema\/logo\/image\/\",\"url\":\"https:\/\/ordoline.com\/wp-content\/uploads\/2021\/08\/ordoline_logo-juodas-4.png\",\"contentUrl\":\"https:\/\/ordoline.com\/wp-content\/uploads\/2021\/08\/ordoline_logo-juodas-4.png\",\"width\":199,\"height\":40,\"caption\":\"Ordoline\"},\"image\":{\"@id\":\"https:\/\/ordoline.com\/ro-md\/#\/schema\/logo\/image\/\"}}]}<\/script>\n<!-- \/ Yoast SEO plugin. -->","yoast_head_json":{"title":"\u00cendreptare invizibil\u0103 a din\u021bilor pentru un z\u00e2mbet s\u0103n\u0103tos \u0219i frumos - Ordoline","robots":{"index":"index","follow":"follow","max-snippet":"max-snippet:-1","max-image-preview":"max-image-preview:large","max-video-preview":"max-video-preview:-1"},"canonical":"https:\/\/ordoline.com\/ro-md\/next-generation-aligners-for-advanced-treatment-and-improved-quality-of-life-b2c\/","og_locale":"ro_RO","og_type":"article","og_title":"\u00cendreptare invizibil\u0103 a din\u021bilor pentru un z\u00e2mbet s\u0103n\u0103tos \u0219i frumos - Ordoline","og_description":"Terapia cu alignere Ordoline este o solu\u021bie modern\u0103, eficient\u0103 \u0219i dovedit\u0103 \u0219tiin\u021bific pentru \u00eendreptarea din\u021bilor \u00een majoritatea cazurilor ortodontice. Aceasta include chiar \u0219i cazurile care anterior puteau fi tratate doar cu aparat dentar fix. Scopul nostru este s\u0103 te ajut\u0103m s\u0103 ob\u021bii z\u00e2mbetul pe care \u021bi-l dore\u0219ti, \u00eembun\u0103t\u0103\u021bind \u00een acela\u0219i timp s\u0103n\u0103tatea oral\u0103 pe termen [&hellip;]","og_url":"https:\/\/ordoline.com\/ro-md\/next-generation-aligners-for-advanced-treatment-and-improved-quality-of-life-b2c\/","og_site_name":"Ordoline","article_modified_time":"2025-06-10T20:18:13+00:00","og_image":[{"width":708,"height":869,"url":"https:\/\/ordoline.com\/wp-content\/uploads\/2025\/05\/open-box-2.webp","type":"image\/webp"}],"twitter_card":"summary_large_image","twitter_misc":{"Est. reading time":"1 minute"},"schema":{"@context":"https:\/\/schema.org","@graph":[{"@type":"WebPage","@id":"https:\/\/ordoline.com\/ro-md\/next-generation-aligners-for-advanced-treatment-and-improved-quality-of-life-b2c\/","url":"https:\/\/ordoline.com\/ro-md\/next-generation-aligners-for-advanced-treatment-and-improved-quality-of-life-b2c\/","name":"\u00cendreptare invizibil\u0103 a din\u021bilor pentru un z\u00e2mbet s\u0103n\u0103tos \u0219i frumos - Ordoline","isPartOf":{"@id":"https:\/\/ordoline.com\/ro-md\/#website"},"primaryImageOfPage":{"@id":"https:\/\/ordoline.com\/ro-md\/next-generation-aligners-for-advanced-treatment-and-improved-quality-of-life-b2c\/#primaryimage"},"image":{"@id":"https:\/\/ordoline.com\/ro-md\/next-generation-aligners-for-advanced-treatment-and-improved-quality-of-life-b2c\/#primaryimage"},"thumbnailUrl":"https:\/\/ordoline.com\/wp-content\/uploads\/2025\/05\/open-box-2.webp","datePublished":"2021-08-18T08:13:05+00:00","dateModified":"2025-06-10T20:18:13+00:00","breadcrumb":{"@id":"https:\/\/ordoline.com\/ro-md\/next-generation-aligners-for-advanced-treatment-and-improved-quality-of-life-b2c\/#breadcrumb"},"inLanguage":"ro-MD","potentialAction":[{"@type":"ReadAction","target":["https:\/\/ordoline.com\/ro-md\/next-generation-aligners-for-advanced-treatment-and-improved-quality-of-life-b2c\/"]}]},{"@type":"ImageObject","inLanguage":"ro-MD","@id":"https:\/\/ordoline.com\/ro-md\/next-generation-aligners-for-advanced-treatment-and-improved-quality-of-life-b2c\/#primaryimage","url":"https:\/\/ordoline.com\/wp-content\/uploads\/2025\/05\/open-box-2.webp","contentUrl":"https:\/\/ordoline.com\/wp-content\/uploads\/2025\/05\/open-box-2.webp","width":708,"height":869},{"@type":"BreadcrumbList","@id":"https:\/\/ordoline.com\/ro-md\/next-generation-aligners-for-advanced-treatment-and-improved-quality-of-life-b2c\/#breadcrumb","itemListElement":[{"@type":"ListItem","position":1,"name":"Home","item":"https:\/\/ordoline.com\/ro-md\/"},{"@type":"ListItem","position":2,"name":"\u00cendreptare invizibil\u0103 a din\u021bilor pentru un z\u00e2mbet s\u0103n\u0103tos \u0219i frumos"}]},{"@type":"WebSite","@id":"https:\/\/ordoline.com\/ro-md\/#website","url":"https:\/\/ordoline.com\/ro-md\/","name":"Ordoline","description":"Confidence and predictability with every aligner case","publisher":{"@id":"https:\/\/ordoline.com\/ro-md\/#organization"},"potentialAction":[{"@type":"SearchAction","target":{"@type":"EntryPoint","urlTemplate":"https:\/\/ordoline.com\/ro-md\/?s={search_term_string}"},"query-input":{"@type":"PropertyValueSpecification","valueRequired":true,"valueName":"search_term_string"}}],"inLanguage":"ro-MD"},{"@type":"Organization","@id":"https:\/\/ordoline.com\/ro-md\/#organization","name":"Ordoline","url":"https:\/\/ordoline.com\/ro-md\/","logo":{"@type":"ImageObject","inLanguage":"ro-MD","@id":"https:\/\/ordoline.com\/ro-md\/#\/schema\/logo\/image\/","url":"https:\/\/ordoline.com\/wp-content\/uploads\/2021\/08\/ordoline_logo-juodas-4.png","contentUrl":"https:\/\/ordoline.com\/wp-content\/uploads\/2021\/08\/ordoline_logo-juodas-4.png","width":199,"height":40,"caption":"Ordoline"},"image":{"@id":"https:\/\/ordoline.com\/ro-md\/#\/schema\/logo\/image\/"}}]}},"_links":{"self":[{"href":"https:\/\/ordoline.com\/ro-md\/wp-json\/wp\/v2\/pages\/12198","targetHints":{"allow":["GET"]}}],"collection":[{"href":"https:\/\/ordoline.com\/ro-md\/wp-json\/wp\/v2\/pages"}],"about":[{"href":"https:\/\/ordoline.com\/ro-md\/wp-json\/wp\/v2\/types\/page"}],"author":[{"embeddable":true,"href":"https:\/\/ordoline.com\/ro-md\/wp-json\/wp\/v2\/users\/1"}],"replies":[{"embeddable":true,"href":"https:\/\/ordoline.com\/ro-md\/wp-json\/wp\/v2\/comments?post=12198"}],"version-history":[{"count":1,"href":"https:\/\/ordoline.com\/ro-md\/wp-json\/wp\/v2\/pages\/12198\/revisions"}],"predecessor-version":[{"id":29838,"href":"https:\/\/ordoline.com\/ro-md\/wp-json\/wp\/v2\/pages\/12198\/revisions\/29838"}],"wp:featuredmedia":[{"embeddable":true,"href":"https:\/\/ordoline.com\/ro-md\/wp-json\/wp\/v2\/media\/18901"}],"wp:attachment":[{"href":"https:\/\/ordoline.com\/ro-md\/wp-json\/wp\/v2\/media?parent=12198"}],"curies":[{"name":"wp","href":"https:\/\/api.w.org\/{rel}","templated":true}]}}