{"id":11905,"date":"2021-08-18T10:16:22","date_gmt":"2021-08-18T10:16:22","guid":{"rendered":"https:\/\/ordoline.com\/become-partner\/"},"modified":"2025-06-28T20:40:52","modified_gmt":"2025-06-28T20:40:52","slug":"become-partner","status":"publish","type":"page","link":"https:\/\/ordoline.com\/ro-md\/become-partner\/","title":{"rendered":"De ce Ordoline"},"content":{"rendered":"\n<h2 class=\"wp-block-heading\">De ce medicii devin parteneri ai Ordoline?<\/h2>\n\n\n\n<p>Ordoline ofer\u0103 o abordare mai inteligent\u0103 \u0219i sus\u021binut\u0103 clinic pentru terapia cu alignere. Abord\u0103m provoc\u0103rile reale cu care se confrunt\u0103 at\u00e2t medicii experimenta\u021bi, c\u00e2t \u0219i cei la \u00eenceput de drum \u2014 de la complexitatea \u0219i predictibilitatea cazurilor p\u00e2n\u0103 la planificarea \u0219i eficien\u021ba tratamentului.<\/p>\n","protected":false},"excerpt":{"rendered":"<p>De ce medicii devin parteneri ai Ordoline? Ordoline ofer\u0103 o abordare mai inteligent\u0103 \u0219i sus\u021binut\u0103 clinic pentru terapia cu alignere. Abord\u0103m provoc\u0103rile reale cu care se confrunt\u0103 at\u00e2t medicii experimenta\u021bi, c\u00e2t \u0219i cei la \u00eenceput de drum \u2014 de la complexitatea \u0219i predictibilitatea cazurilor p\u00e2n\u0103 la planificarea \u0219i eficien\u021ba tratamentului.<\/p>\n","protected":false},"author":1,"featured_media":0,"parent":0,"menu_order":0,"comment_status":"closed","ping_status":"closed","template":"page-partner.php","meta":{"_acf_changed":false,"inline_featured_image":false,"footnotes":""},"class_list":["post-11905","page","type-page","status-publish","hentry"],"acf":[],"yoast_head":"<!-- This site is optimized with the Yoast SEO plugin v25.9 - https:\/\/yoast.com\/wordpress\/plugins\/seo\/ -->\n<title>De ce Ordoline - Ordoline<\/title>\n<meta name=\"robots\" content=\"index, follow, max-snippet:-1, max-image-preview:large, max-video-preview:-1\" \/>\n<link rel=\"canonical\" href=\"https:\/\/ordoline.com\/ro-md\/become-partner\/\" \/>\n<meta property=\"og:locale\" content=\"ro_RO\" \/>\n<meta property=\"og:type\" content=\"article\" \/>\n<meta property=\"og:title\" content=\"De ce Ordoline - Ordoline\" \/>\n<meta property=\"og:description\" content=\"De ce medicii devin parteneri ai Ordoline? Ordoline ofer\u0103 o abordare mai inteligent\u0103 \u0219i sus\u021binut\u0103 clinic pentru terapia cu alignere. Abord\u0103m provoc\u0103rile reale cu care se confrunt\u0103 at\u00e2t medicii experimenta\u021bi, c\u00e2t \u0219i cei la \u00eenceput de drum \u2014 de la complexitatea \u0219i predictibilitatea cazurilor p\u00e2n\u0103 la planificarea \u0219i eficien\u021ba tratamentului.\" \/>\n<meta property=\"og:url\" content=\"https:\/\/ordoline.com\/ro-md\/become-partner\/\" \/>\n<meta property=\"og:site_name\" content=\"Ordoline\" \/>\n<meta property=\"article:modified_time\" content=\"2025-06-28T20:40:52+00:00\" \/>\n<meta name=\"twitter:card\" content=\"summary_large_image\" \/>\n<meta name=\"twitter:label1\" content=\"Est. reading time\" \/>\n\t<meta name=\"twitter:data1\" content=\"1 minute\" \/>\n<script type=\"application\/ld+json\" class=\"yoast-schema-graph\">{\"@context\":\"https:\/\/schema.org\",\"@graph\":[{\"@type\":\"WebPage\",\"@id\":\"https:\/\/ordoline.com\/ro-md\/become-partner\/\",\"url\":\"https:\/\/ordoline.com\/ro-md\/become-partner\/\",\"name\":\"De ce Ordoline - Ordoline\",\"isPartOf\":{\"@id\":\"https:\/\/ordoline.com\/ro-md\/#website\"},\"datePublished\":\"2021-08-18T10:16:22+00:00\",\"dateModified\":\"2025-06-28T20:40:52+00:00\",\"breadcrumb\":{\"@id\":\"https:\/\/ordoline.com\/ro-md\/become-partner\/#breadcrumb\"},\"inLanguage\":\"ro-MD\",\"potentialAction\":[{\"@type\":\"ReadAction\",\"target\":[\"https:\/\/ordoline.com\/ro-md\/become-partner\/\"]}]},{\"@type\":\"BreadcrumbList\",\"@id\":\"https:\/\/ordoline.com\/ro-md\/become-partner\/#breadcrumb\",\"itemListElement\":[{\"@type\":\"ListItem\",\"position\":1,\"name\":\"Home\",\"item\":\"https:\/\/ordoline.com\/ro-md\/\"},{\"@type\":\"ListItem\",\"position\":2,\"name\":\"De ce Ordoline\"}]},{\"@type\":\"WebSite\",\"@id\":\"https:\/\/ordoline.com\/ro-md\/#website\",\"url\":\"https:\/\/ordoline.com\/ro-md\/\",\"name\":\"Ordoline\",\"description\":\"Confidence and predictability with every aligner case\",\"publisher\":{\"@id\":\"https:\/\/ordoline.com\/ro-md\/#organization\"},\"potentialAction\":[{\"@type\":\"SearchAction\",\"target\":{\"@type\":\"EntryPoint\",\"urlTemplate\":\"https:\/\/ordoline.com\/ro-md\/?s={search_term_string}\"},\"query-input\":{\"@type\":\"PropertyValueSpecification\",\"valueRequired\":true,\"valueName\":\"search_term_string\"}}],\"inLanguage\":\"ro-MD\"},{\"@type\":\"Organization\",\"@id\":\"https:\/\/ordoline.com\/ro-md\/#organization\",\"name\":\"Ordoline\",\"url\":\"https:\/\/ordoline.com\/ro-md\/\",\"logo\":{\"@type\":\"ImageObject\",\"inLanguage\":\"ro-MD\",\"@id\":\"https:\/\/ordoline.com\/ro-md\/#\/schema\/logo\/image\/\",\"url\":\"https:\/\/ordoline.com\/wp-content\/uploads\/2021\/08\/ordoline_logo-juodas-4.png\",\"contentUrl\":\"https:\/\/ordoline.com\/wp-content\/uploads\/2021\/08\/ordoline_logo-juodas-4.png\",\"width\":199,\"height\":40,\"caption\":\"Ordoline\"},\"image\":{\"@id\":\"https:\/\/ordoline.com\/ro-md\/#\/schema\/logo\/image\/\"}}]}<\/script>\n<!-- \/ Yoast SEO plugin. -->","yoast_head_json":{"title":"De ce Ordoline - Ordoline","robots":{"index":"index","follow":"follow","max-snippet":"max-snippet:-1","max-image-preview":"max-image-preview:large","max-video-preview":"max-video-preview:-1"},"canonical":"https:\/\/ordoline.com\/ro-md\/become-partner\/","og_locale":"ro_RO","og_type":"article","og_title":"De ce Ordoline - Ordoline","og_description":"De ce medicii devin parteneri ai Ordoline? Ordoline ofer\u0103 o abordare mai inteligent\u0103 \u0219i sus\u021binut\u0103 clinic pentru terapia cu alignere. Abord\u0103m provoc\u0103rile reale cu care se confrunt\u0103 at\u00e2t medicii experimenta\u021bi, c\u00e2t \u0219i cei la \u00eenceput de drum \u2014 de la complexitatea \u0219i predictibilitatea cazurilor p\u00e2n\u0103 la planificarea \u0219i eficien\u021ba tratamentului.","og_url":"https:\/\/ordoline.com\/ro-md\/become-partner\/","og_site_name":"Ordoline","article_modified_time":"2025-06-28T20:40:52+00:00","twitter_card":"summary_large_image","twitter_misc":{"Est. reading time":"1 minute"},"schema":{"@context":"https:\/\/schema.org","@graph":[{"@type":"WebPage","@id":"https:\/\/ordoline.com\/ro-md\/become-partner\/","url":"https:\/\/ordoline.com\/ro-md\/become-partner\/","name":"De ce Ordoline - Ordoline","isPartOf":{"@id":"https:\/\/ordoline.com\/ro-md\/#website"},"datePublished":"2021-08-18T10:16:22+00:00","dateModified":"2025-06-28T20:40:52+00:00","breadcrumb":{"@id":"https:\/\/ordoline.com\/ro-md\/become-partner\/#breadcrumb"},"inLanguage":"ro-MD","potentialAction":[{"@type":"ReadAction","target":["https:\/\/ordoline.com\/ro-md\/become-partner\/"]}]},{"@type":"BreadcrumbList","@id":"https:\/\/ordoline.com\/ro-md\/become-partner\/#breadcrumb","itemListElement":[{"@type":"ListItem","position":1,"name":"Home","item":"https:\/\/ordoline.com\/ro-md\/"},{"@type":"ListItem","position":2,"name":"De ce Ordoline"}]},{"@type":"WebSite","@id":"https:\/\/ordoline.com\/ro-md\/#website","url":"https:\/\/ordoline.com\/ro-md\/","name":"Ordoline","description":"Confidence and predictability with every aligner case","publisher":{"@id":"https:\/\/ordoline.com\/ro-md\/#organization"},"potentialAction":[{"@type":"SearchAction","target":{"@type":"EntryPoint","urlTemplate":"https:\/\/ordoline.com\/ro-md\/?s={search_term_string}"},"query-input":{"@type":"PropertyValueSpecification","valueRequired":true,"valueName":"search_term_string"}}],"inLanguage":"ro-MD"},{"@type":"Organization","@id":"https:\/\/ordoline.com\/ro-md\/#organization","name":"Ordoline","url":"https:\/\/ordoline.com\/ro-md\/","logo":{"@type":"ImageObject","inLanguage":"ro-MD","@id":"https:\/\/ordoline.com\/ro-md\/#\/schema\/logo\/image\/","url":"https:\/\/ordoline.com\/wp-content\/uploads\/2021\/08\/ordoline_logo-juodas-4.png","contentUrl":"https:\/\/ordoline.com\/wp-content\/uploads\/2021\/08\/ordoline_logo-juodas-4.png","width":199,"height":40,"caption":"Ordoline"},"image":{"@id":"https:\/\/ordoline.com\/ro-md\/#\/schema\/logo\/image\/"}}]}},"_links":{"self":[{"href":"https:\/\/ordoline.com\/ro-md\/wp-json\/wp\/v2\/pages\/11905","targetHints":{"allow":["GET"]}}],"collection":[{"href":"https:\/\/ordoline.com\/ro-md\/wp-json\/wp\/v2\/pages"}],"about":[{"href":"https:\/\/ordoline.com\/ro-md\/wp-json\/wp\/v2\/types\/page"}],"author":[{"embeddable":true,"href":"https:\/\/ordoline.com\/ro-md\/wp-json\/wp\/v2\/users\/1"}],"replies":[{"embeddable":true,"href":"https:\/\/ordoline.com\/ro-md\/wp-json\/wp\/v2\/comments?post=11905"}],"version-history":[{"count":5,"href":"https:\/\/ordoline.com\/ro-md\/wp-json\/wp\/v2\/pages\/11905\/revisions"}],"predecessor-version":[{"id":30982,"href":"https:\/\/ordoline.com\/ro-md\/wp-json\/wp\/v2\/pages\/11905\/revisions\/30982"}],"wp:attachment":[{"href":"https:\/\/ordoline.com\/ro-md\/wp-json\/wp\/v2\/media?parent=11905"}],"curies":[{"name":"wp","href":"https:\/\/api.w.org\/{rel}","templated":true}]}}