{"id":11892,"date":"2021-10-10T13:01:28","date_gmt":"2021-10-10T13:01:28","guid":{"rendered":"https:\/\/ordoline.com\/treatment-process-b2b\/"},"modified":"2025-05-11T07:53:04","modified_gmt":"2025-05-11T07:53:04","slug":"treatment-process-b2b","status":"publish","type":"page","link":"https:\/\/ordoline.com\/ro-md\/treatment-process-b2b\/","title":{"rendered":"Rezultatele tratamentului"},"content":{"rendered":"\n<p>Datorit\u0103 protocoalelor de tratament dovedite \u0219tiin\u021bific \u0219i expertizei ortodontice, Ordoline a dus tratamentul cu alignere transparente la un nou nivel, trat\u00e2nd cu succes cazuri de la cele simple p\u00e2n\u0103 la cele mai complexe malocluzii. Persoane de toate v\u00e2rstele cu din\u021bi permanen\u021bi au urmat tratamentul Ordoline \u0219i acum se bucur\u0103 de un z\u00e2mbet s\u0103n\u0103tos \u0219i frumos.<\/p>\n","protected":false},"excerpt":{"rendered":"<p>Datorit\u0103 protocoalelor de tratament dovedite \u0219tiin\u021bific \u0219i expertizei ortodontice, Ordoline a dus tratamentul cu alignere transparente la un nou nivel, trat\u00e2nd cu succes cazuri de la cele simple p\u00e2n\u0103 la cele mai complexe malocluzii. Persoane de toate v\u00e2rstele cu din\u021bi permanen\u021bi au urmat tratamentul Ordoline \u0219i acum se bucur\u0103 de un z\u00e2mbet s\u0103n\u0103tos \u0219i frumos.<\/p>\n","protected":false},"author":1,"featured_media":0,"parent":0,"menu_order":0,"comment_status":"closed","ping_status":"closed","template":"page-treatment-b2b.php","meta":{"_acf_changed":false,"inline_featured_image":false,"footnotes":""},"class_list":["post-11892","page","type-page","status-publish","hentry"],"acf":[],"yoast_head":"<!-- This site is optimized with the Yoast SEO plugin v25.9 - https:\/\/yoast.com\/wordpress\/plugins\/seo\/ -->\n<title>Rezultatele tratamentului - Ordoline<\/title>\n<meta name=\"robots\" content=\"index, follow, max-snippet:-1, max-image-preview:large, max-video-preview:-1\" \/>\n<link rel=\"canonical\" href=\"https:\/\/ordoline.com\/ro-md\/treatment-process-b2b\/\" \/>\n<meta property=\"og:locale\" content=\"ro_RO\" \/>\n<meta property=\"og:type\" content=\"article\" \/>\n<meta property=\"og:title\" content=\"Rezultatele tratamentului - Ordoline\" \/>\n<meta property=\"og:description\" content=\"Datorit\u0103 protocoalelor de tratament dovedite \u0219tiin\u021bific \u0219i expertizei ortodontice, Ordoline a dus tratamentul cu alignere transparente la un nou nivel, trat\u00e2nd cu succes cazuri de la cele simple p\u00e2n\u0103 la cele mai complexe malocluzii. Persoane de toate v\u00e2rstele cu din\u021bi permanen\u021bi au urmat tratamentul Ordoline \u0219i acum se bucur\u0103 de un z\u00e2mbet s\u0103n\u0103tos \u0219i frumos.\" \/>\n<meta property=\"og:url\" content=\"https:\/\/ordoline.com\/ro-md\/treatment-process-b2b\/\" \/>\n<meta property=\"og:site_name\" content=\"Ordoline\" \/>\n<meta property=\"article:modified_time\" content=\"2025-05-11T07:53:04+00:00\" \/>\n<meta name=\"twitter:card\" content=\"summary_large_image\" \/>\n<meta name=\"twitter:label1\" content=\"Est. reading time\" \/>\n\t<meta name=\"twitter:data1\" content=\"1 minute\" \/>\n<script type=\"application\/ld+json\" class=\"yoast-schema-graph\">{\"@context\":\"https:\/\/schema.org\",\"@graph\":[{\"@type\":\"WebPage\",\"@id\":\"https:\/\/ordoline.com\/ro-md\/treatment-process-b2b\/\",\"url\":\"https:\/\/ordoline.com\/ro-md\/treatment-process-b2b\/\",\"name\":\"Rezultatele tratamentului - Ordoline\",\"isPartOf\":{\"@id\":\"https:\/\/ordoline.com\/ro-md\/#website\"},\"datePublished\":\"2021-10-10T13:01:28+00:00\",\"dateModified\":\"2025-05-11T07:53:04+00:00\",\"breadcrumb\":{\"@id\":\"https:\/\/ordoline.com\/ro-md\/treatment-process-b2b\/#breadcrumb\"},\"inLanguage\":\"ro-MD\",\"potentialAction\":[{\"@type\":\"ReadAction\",\"target\":[\"https:\/\/ordoline.com\/ro-md\/treatment-process-b2b\/\"]}]},{\"@type\":\"BreadcrumbList\",\"@id\":\"https:\/\/ordoline.com\/ro-md\/treatment-process-b2b\/#breadcrumb\",\"itemListElement\":[{\"@type\":\"ListItem\",\"position\":1,\"name\":\"Home\",\"item\":\"https:\/\/ordoline.com\/ro-md\/\"},{\"@type\":\"ListItem\",\"position\":2,\"name\":\"Rezultatele tratamentului\"}]},{\"@type\":\"WebSite\",\"@id\":\"https:\/\/ordoline.com\/ro-md\/#website\",\"url\":\"https:\/\/ordoline.com\/ro-md\/\",\"name\":\"Ordoline\",\"description\":\"Confidence and predictability with every aligner case\",\"publisher\":{\"@id\":\"https:\/\/ordoline.com\/ro-md\/#organization\"},\"potentialAction\":[{\"@type\":\"SearchAction\",\"target\":{\"@type\":\"EntryPoint\",\"urlTemplate\":\"https:\/\/ordoline.com\/ro-md\/?s={search_term_string}\"},\"query-input\":{\"@type\":\"PropertyValueSpecification\",\"valueRequired\":true,\"valueName\":\"search_term_string\"}}],\"inLanguage\":\"ro-MD\"},{\"@type\":\"Organization\",\"@id\":\"https:\/\/ordoline.com\/ro-md\/#organization\",\"name\":\"Ordoline\",\"url\":\"https:\/\/ordoline.com\/ro-md\/\",\"logo\":{\"@type\":\"ImageObject\",\"inLanguage\":\"ro-MD\",\"@id\":\"https:\/\/ordoline.com\/ro-md\/#\/schema\/logo\/image\/\",\"url\":\"https:\/\/ordoline.com\/wp-content\/uploads\/2021\/08\/ordoline_logo-juodas-4.png\",\"contentUrl\":\"https:\/\/ordoline.com\/wp-content\/uploads\/2021\/08\/ordoline_logo-juodas-4.png\",\"width\":199,\"height\":40,\"caption\":\"Ordoline\"},\"image\":{\"@id\":\"https:\/\/ordoline.com\/ro-md\/#\/schema\/logo\/image\/\"}}]}<\/script>\n<!-- \/ Yoast SEO plugin. -->","yoast_head_json":{"title":"Rezultatele tratamentului - Ordoline","robots":{"index":"index","follow":"follow","max-snippet":"max-snippet:-1","max-image-preview":"max-image-preview:large","max-video-preview":"max-video-preview:-1"},"canonical":"https:\/\/ordoline.com\/ro-md\/treatment-process-b2b\/","og_locale":"ro_RO","og_type":"article","og_title":"Rezultatele tratamentului - Ordoline","og_description":"Datorit\u0103 protocoalelor de tratament dovedite \u0219tiin\u021bific \u0219i expertizei ortodontice, Ordoline a dus tratamentul cu alignere transparente la un nou nivel, trat\u00e2nd cu succes cazuri de la cele simple p\u00e2n\u0103 la cele mai complexe malocluzii. Persoane de toate v\u00e2rstele cu din\u021bi permanen\u021bi au urmat tratamentul Ordoline \u0219i acum se bucur\u0103 de un z\u00e2mbet s\u0103n\u0103tos \u0219i frumos.","og_url":"https:\/\/ordoline.com\/ro-md\/treatment-process-b2b\/","og_site_name":"Ordoline","article_modified_time":"2025-05-11T07:53:04+00:00","twitter_card":"summary_large_image","twitter_misc":{"Est. reading time":"1 minute"},"schema":{"@context":"https:\/\/schema.org","@graph":[{"@type":"WebPage","@id":"https:\/\/ordoline.com\/ro-md\/treatment-process-b2b\/","url":"https:\/\/ordoline.com\/ro-md\/treatment-process-b2b\/","name":"Rezultatele tratamentului - Ordoline","isPartOf":{"@id":"https:\/\/ordoline.com\/ro-md\/#website"},"datePublished":"2021-10-10T13:01:28+00:00","dateModified":"2025-05-11T07:53:04+00:00","breadcrumb":{"@id":"https:\/\/ordoline.com\/ro-md\/treatment-process-b2b\/#breadcrumb"},"inLanguage":"ro-MD","potentialAction":[{"@type":"ReadAction","target":["https:\/\/ordoline.com\/ro-md\/treatment-process-b2b\/"]}]},{"@type":"BreadcrumbList","@id":"https:\/\/ordoline.com\/ro-md\/treatment-process-b2b\/#breadcrumb","itemListElement":[{"@type":"ListItem","position":1,"name":"Home","item":"https:\/\/ordoline.com\/ro-md\/"},{"@type":"ListItem","position":2,"name":"Rezultatele tratamentului"}]},{"@type":"WebSite","@id":"https:\/\/ordoline.com\/ro-md\/#website","url":"https:\/\/ordoline.com\/ro-md\/","name":"Ordoline","description":"Confidence and predictability with every aligner case","publisher":{"@id":"https:\/\/ordoline.com\/ro-md\/#organization"},"potentialAction":[{"@type":"SearchAction","target":{"@type":"EntryPoint","urlTemplate":"https:\/\/ordoline.com\/ro-md\/?s={search_term_string}"},"query-input":{"@type":"PropertyValueSpecification","valueRequired":true,"valueName":"search_term_string"}}],"inLanguage":"ro-MD"},{"@type":"Organization","@id":"https:\/\/ordoline.com\/ro-md\/#organization","name":"Ordoline","url":"https:\/\/ordoline.com\/ro-md\/","logo":{"@type":"ImageObject","inLanguage":"ro-MD","@id":"https:\/\/ordoline.com\/ro-md\/#\/schema\/logo\/image\/","url":"https:\/\/ordoline.com\/wp-content\/uploads\/2021\/08\/ordoline_logo-juodas-4.png","contentUrl":"https:\/\/ordoline.com\/wp-content\/uploads\/2021\/08\/ordoline_logo-juodas-4.png","width":199,"height":40,"caption":"Ordoline"},"image":{"@id":"https:\/\/ordoline.com\/ro-md\/#\/schema\/logo\/image\/"}}]}},"_links":{"self":[{"href":"https:\/\/ordoline.com\/ro-md\/wp-json\/wp\/v2\/pages\/11892","targetHints":{"allow":["GET"]}}],"collection":[{"href":"https:\/\/ordoline.com\/ro-md\/wp-json\/wp\/v2\/pages"}],"about":[{"href":"https:\/\/ordoline.com\/ro-md\/wp-json\/wp\/v2\/types\/page"}],"author":[{"embeddable":true,"href":"https:\/\/ordoline.com\/ro-md\/wp-json\/wp\/v2\/users\/1"}],"replies":[{"embeddable":true,"href":"https:\/\/ordoline.com\/ro-md\/wp-json\/wp\/v2\/comments?post=11892"}],"version-history":[{"count":0,"href":"https:\/\/ordoline.com\/ro-md\/wp-json\/wp\/v2\/pages\/11892\/revisions"}],"wp:attachment":[{"href":"https:\/\/ordoline.com\/ro-md\/wp-json\/wp\/v2\/media?parent=11892"}],"curies":[{"name":"wp","href":"https:\/\/api.w.org\/{rel}","templated":true}]}}