{"id":11880,"date":"2023-03-30T10:32:51","date_gmt":"2023-03-30T10:32:51","guid":{"rendered":"https:\/\/ordoline.com\/privacy-policy\/"},"modified":"2025-04-12T14:57:17","modified_gmt":"2025-04-12T14:57:17","slug":"privacy-policy","status":"publish","type":"page","link":"https:\/\/ordoline.com\/ro-md\/privacy-policy\/","title":{"rendered":"Politica de confiden\u021bialitate"},"content":{"rendered":"\n<h2 class=\"wp-block-heading\">Prelucrarea datelor personale pe site-ul web<\/h2>\n\n\n\n<p>Dac\u0103 vizitezi site-ul nostru, Ordoline poate stoca datele pe care le prime\u0219ti atunci c\u00e2nd te \u00eenregistrezi: adresa IP, datele de re\u021bea \u0219i loca\u021bie, etc. Datele sunt stocate folosind cookies \u0219i alte tehnologii similare.<br>Dac\u0103 nu dore\u0219ti s\u0103 acces\u0103m datele tale personale pe site-ul nostru, \u00ee\u021bi recomand\u0103m s\u0103 activezi sistemul de navigare privat\u0103 \u00een browserul t\u0103u.<\/p>\n\n\n\n<p>Cu ajutorul site-ului, te po\u021bi \u00eenregistra la clinicile dentare indicate prin furnizarea datelor tale de contact (nume, prenume, adres\u0103 de e-mail, num\u0103r de telefon). Datele tale de contact vor fi transferate clinicii dentare.<\/p>\n\n\n\n<p>Pe pagina \u201eMedici\u201c, este posibil ca medicii s\u0103 se \u00eenregistreze pentru evenimente de instruire, oferind datele lor de contact (nume, prenume, adres\u0103 de e-mail, num\u0103r de telefon, loc de munc\u0103). Aceste date personale sunt prelucrate de Ordoline doar \u00een scopul organiz\u0103rii instruirii.<\/p>\n\n\n\n<p>De asemenea, po\u021bi acorda consim\u021b\u0103m\u00e2ntul t\u0103u pentru ca Ordoline s\u0103 prelucreze datele tale personale (nume, adres\u0103 de e-mail, num\u0103r de telefon) \u00een scopuri de marketing direct.<\/p>\n\n\n\n<h2 class=\"wp-block-heading\">Prelucrarea datelor personale pentru marketing direct<\/h2>\n\n\n\n<p>Ne str\u0103duim s\u0103 ne asigur\u0103m c\u0103 informa\u021biile pe care \u021bi le trimitem sunt acceptabile \u0219i utile pentru tine \u0219i lucr\u0103m din greu pentru a ne asigura c\u0103 at\u00e2t informa\u021biile, c\u00e2t \u0219i ofertele sunt complet relevante pentru afacerea noastr\u0103. Din acest motiv, Ordoline va prelucra doar datele tale personale (nume, adres\u0103 de e-mail, num\u0103r de telefon) \u00een scopuri de marketing direct \u0219i doar cu consim\u021b\u0103m\u00e2ntul t\u0103u expres.<\/p>\n\n\n\n<p>Datele personale pot fi folosite pentru scopuri de marketing direct \u00een urm\u0103toarele situa\u021bii:<\/p>\n\n\n\n<ul class=\"wp-block-list\">\n<li>E-mail cu oferte Ordoline.<\/li>\n\n\n\n<li>E-mail cu actualiz\u0103ri despre activitatea Ordoline.<\/li>\n\n\n\n<li><strong>Invita\u021bii prin e-mail la seminarii, zile de deschidere \u0219i alte evenimente similare.<\/strong><br>Po\u021bi renun\u021ba la prelucrarea datelor tale personale pentru scopuri de marketing direct \u00een orice moment contact\u00e2nd <a class=\"\">info@ordoline.com<\/a>. De asemenea, este important s\u0103 subliniem c\u0103 ai dreptul de a accesa datele tale personale pe care le p\u0103str\u0103m.<\/li>\n<\/ul>\n\n\n\n<h2 class=\"wp-block-heading\"><strong>Destinatarii datelor personale<\/strong><\/h2>\n\n\n\n<p>V\u0103 rug\u0103m s\u0103 re\u021bine\u021bi c\u0103 Ordoline utilizeaz\u0103 unii furnizori de servicii care sunt responsabili pentru prelucrarea datelor dumneavoastr\u0103. Ace\u0219ti procesatori sunt furnizori de publicitate, marketing, software \u0219i servicii de suport c\u0103rora le sunt divulgate datele dumneavoastr\u0103 personale doar \u00een m\u0103sura necesar\u0103 pentru furnizarea acestor servicii.<\/p>\n\n\n\n<p><strong>Perioada de p\u0103strare a datelor<\/strong><\/p>\n\n\n\n<p>\u00cen func\u021bie de cerin\u021bele legale \u0219i de tipul \u0219i natura datelor dumneavoastr\u0103 personale, datele sunt stocate pentru o perioad\u0103 de p\u00e2n\u0103 la 3 ani. Datele prelucrate \u00een scopuri de marketing direct sunt p\u0103strate timp de 2 ani de la data acord\u0103rii consim\u021b\u0103m\u00e2ntului dumneavoastr\u0103. Datele personale prelucrate \u00een scopul organiz\u0103rii instruirii vor fi stocate timp de 3 ani.<\/p>\n\n\n\n<p><strong>Ce facem pentru a proteja datele dumneavoastr\u0103?<\/strong><\/p>\n\n\n\n<p>Datele dumneavoastr\u0103 personale (nume, adres\u0103 de e-mail, num\u0103r de telefon, etc.) sunt protejate \u00eempotriva pierderii, utiliz\u0103rii neautorizate sau modific\u0103rii acestora f\u0103r\u0103 justificare legal\u0103.<br>Fiind constant interesa\u021bi de bunele practici de protec\u021bie a datelor \u0219i mijloace tehnice, ne asigur\u0103m c\u0103 datele dumneavoastr\u0103 personale sunt utilizate doar pentru a oferi servicii de mai bun\u0103 calitate \u0219i mai accesibile. Folosim doar mijloace fizice \u0219i tehnice de \u00eencredere pentru a proteja toate informa\u021biile clien\u021bilor.<\/p>\n\n\n\n<p><strong>Drepturile dumneavoastr\u0103<\/strong><\/p>\n\n\n\n<p>Ave\u021bi urm\u0103toarele drepturi \u00een leg\u0103tur\u0103 cu datele dumneavoastr\u0103 personale:<\/p>\n\n\n\n<ul class=\"wp-block-list\">\n<li>Exprimarea dorin\u021bei de a lua cuno\u0219tin\u021b\u0103 de datele dumneavoastr\u0103 personale \u0219i principiile colect\u0103rii \u0219i gestion\u0103rii acestora.<\/li>\n\n\n\n<li>Solicitarea corect\u0103rii datelor personale eronate, inexacte sau incomplete, precum \u0219i \u0219tergerea sau restric\u021bionarea utiliz\u0103rii acestora, dac\u0103 exist\u0103 o baz\u0103 legal\u0103 pentru acest lucru.<\/li>\n\n\n\n<li>Solicitarea transferului datelor dumneavoastr\u0103 personale c\u0103tre un alt operator de date sau transferul acestora direct c\u0103tre dumneavoastr\u0103.<\/li>\n\n\n\n<li>Neacordarea acordului cu principiile prelucr\u0103rii datelor dumneavoastr\u0103 personale dac\u0103 sunt prelucrate \u00een \u00eenc\u0103lcarea cerin\u021belor legale.<\/li>\n\n\n\n<li>Dac\u0103 datele dumneavoastr\u0103 sunt prelucrate separat, ave\u021bi dreptul de a retrage consim\u021b\u0103m\u00e2ntul pentru prelucrarea datelor personale \u00een orice moment contact\u00e2nd <a class=\"\">info@ordoline.com<\/a><\/li>\n\n\n\n<li>Dac\u0103 suspecta\u021bi c\u0103 datele dumneavoastr\u0103 personale sunt prelucrate ilegal, \u00een \u00eenc\u0103lcarea drepturilor dumneavoastr\u0103, pute\u021bi contacta autorit\u0103\u021bile legale responsabile de aceast\u0103 problem\u0103 \u0219i depune o pl\u00e2ngere. Dac\u0103 apare o problem\u0103, Ordoline recomand\u0103 s\u0103 ne contacta\u021bi pentru a g\u0103si cea mai bun\u0103 solu\u021bie.<\/li>\n<\/ul>\n\n\n\n<h2 class=\"wp-block-heading\"><strong>Informa\u021bii de contact<\/strong><\/h2>\n\n\n\n<p>Dac\u0103 ave\u021bi \u00eentreb\u0103ri sau nel\u0103muriri, v\u0103 rug\u0103m s\u0103 ne contacta\u021bi:<br>UAB Ordoline<br>Adres\u0103: Str. A. Vivulskio nr. 7, Vilnius, LT-03162<br><a class=\"\">info@ordoline.com<\/a><br>+370 687 847 28<\/p>\n\n\n\n<p><strong>Actualizarea politicii<\/strong><\/p>\n\n\n\n<p>Ne rezerv\u0103m dreptul de a actualiza periodic \u0219i de a modifica Politica noastr\u0103 de Confiden\u021bialitate. V\u0103 vom notifica despre orice modific\u0103ri pe site-ul nostru. Vizitatorul trebuie s\u0103 fie con\u0219tient c\u0103, prin continuarea utiliz\u0103rii site-ului, acesta accept\u0103 modific\u0103rile politicii.<\/p>\n","protected":false},"excerpt":{"rendered":"<p>Prelucrarea datelor personale pe site-ul web Dac\u0103 vizitezi site-ul nostru, Ordoline poate stoca datele pe care le prime\u0219ti atunci c\u00e2nd te \u00eenregistrezi: adresa IP, datele de re\u021bea \u0219i loca\u021bie, etc. Datele sunt stocate folosind cookies \u0219i alte tehnologii similare.Dac\u0103 nu dore\u0219ti s\u0103 acces\u0103m datele tale personale pe site-ul nostru, \u00ee\u021bi recomand\u0103m s\u0103 activezi sistemul de [&hellip;]<\/p>\n","protected":false},"author":1,"featured_media":0,"parent":0,"menu_order":0,"comment_status":"closed","ping_status":"closed","template":"template-privacy.php","meta":{"_acf_changed":false,"inline_featured_image":false,"footnotes":""},"class_list":["post-11880","page","type-page","status-publish","hentry"],"acf":[],"yoast_head":"<!-- This site is optimized with the Yoast SEO plugin v25.9 - https:\/\/yoast.com\/wordpress\/plugins\/seo\/ -->\n<title>Politica de confiden\u021bialitate - Ordoline<\/title>\n<meta name=\"robots\" content=\"index, follow, max-snippet:-1, max-image-preview:large, max-video-preview:-1\" \/>\n<link rel=\"canonical\" href=\"https:\/\/ordoline.com\/ro-md\/privacy-policy\/\" \/>\n<meta property=\"og:locale\" content=\"ro_RO\" \/>\n<meta property=\"og:type\" content=\"article\" \/>\n<meta property=\"og:title\" content=\"Politica de confiden\u021bialitate - Ordoline\" \/>\n<meta property=\"og:description\" content=\"Prelucrarea datelor personale pe site-ul web Dac\u0103 vizitezi site-ul nostru, Ordoline poate stoca datele pe care le prime\u0219ti atunci c\u00e2nd te \u00eenregistrezi: adresa IP, datele de re\u021bea \u0219i loca\u021bie, etc. Datele sunt stocate folosind cookies \u0219i alte tehnologii similare.Dac\u0103 nu dore\u0219ti s\u0103 acces\u0103m datele tale personale pe site-ul nostru, \u00ee\u021bi recomand\u0103m s\u0103 activezi sistemul de [&hellip;]\" \/>\n<meta property=\"og:url\" content=\"https:\/\/ordoline.com\/ro-md\/privacy-policy\/\" \/>\n<meta property=\"og:site_name\" content=\"Ordoline\" \/>\n<meta property=\"article:modified_time\" content=\"2025-04-12T14:57:17+00:00\" \/>\n<meta name=\"twitter:card\" content=\"summary_large_image\" \/>\n<meta name=\"twitter:label1\" content=\"Est. reading time\" \/>\n\t<meta name=\"twitter:data1\" content=\"4 minutes\" \/>\n<script type=\"application\/ld+json\" class=\"yoast-schema-graph\">{\"@context\":\"https:\/\/schema.org\",\"@graph\":[{\"@type\":\"WebPage\",\"@id\":\"https:\/\/ordoline.com\/ro-md\/privacy-policy\/\",\"url\":\"https:\/\/ordoline.com\/ro-md\/privacy-policy\/\",\"name\":\"Politica de confiden\u021bialitate - Ordoline\",\"isPartOf\":{\"@id\":\"https:\/\/ordoline.com\/ro-md\/#website\"},\"datePublished\":\"2023-03-30T10:32:51+00:00\",\"dateModified\":\"2025-04-12T14:57:17+00:00\",\"breadcrumb\":{\"@id\":\"https:\/\/ordoline.com\/ro-md\/privacy-policy\/#breadcrumb\"},\"inLanguage\":\"ro-MD\",\"potentialAction\":[{\"@type\":\"ReadAction\",\"target\":[\"https:\/\/ordoline.com\/ro-md\/privacy-policy\/\"]}]},{\"@type\":\"BreadcrumbList\",\"@id\":\"https:\/\/ordoline.com\/ro-md\/privacy-policy\/#breadcrumb\",\"itemListElement\":[{\"@type\":\"ListItem\",\"position\":1,\"name\":\"Home\",\"item\":\"https:\/\/ordoline.com\/ro-md\/\"},{\"@type\":\"ListItem\",\"position\":2,\"name\":\"Politica de confiden\u021bialitate\"}]},{\"@type\":\"WebSite\",\"@id\":\"https:\/\/ordoline.com\/ro-md\/#website\",\"url\":\"https:\/\/ordoline.com\/ro-md\/\",\"name\":\"Ordoline\",\"description\":\"Confidence and predictability with every aligner case\",\"publisher\":{\"@id\":\"https:\/\/ordoline.com\/ro-md\/#organization\"},\"potentialAction\":[{\"@type\":\"SearchAction\",\"target\":{\"@type\":\"EntryPoint\",\"urlTemplate\":\"https:\/\/ordoline.com\/ro-md\/?s={search_term_string}\"},\"query-input\":{\"@type\":\"PropertyValueSpecification\",\"valueRequired\":true,\"valueName\":\"search_term_string\"}}],\"inLanguage\":\"ro-MD\"},{\"@type\":\"Organization\",\"@id\":\"https:\/\/ordoline.com\/ro-md\/#organization\",\"name\":\"Ordoline\",\"url\":\"https:\/\/ordoline.com\/ro-md\/\",\"logo\":{\"@type\":\"ImageObject\",\"inLanguage\":\"ro-MD\",\"@id\":\"https:\/\/ordoline.com\/ro-md\/#\/schema\/logo\/image\/\",\"url\":\"https:\/\/ordoline.com\/wp-content\/uploads\/2021\/08\/ordoline_logo-juodas-4.png\",\"contentUrl\":\"https:\/\/ordoline.com\/wp-content\/uploads\/2021\/08\/ordoline_logo-juodas-4.png\",\"width\":199,\"height\":40,\"caption\":\"Ordoline\"},\"image\":{\"@id\":\"https:\/\/ordoline.com\/ro-md\/#\/schema\/logo\/image\/\"}}]}<\/script>\n<!-- \/ Yoast SEO plugin. -->","yoast_head_json":{"title":"Politica de confiden\u021bialitate - Ordoline","robots":{"index":"index","follow":"follow","max-snippet":"max-snippet:-1","max-image-preview":"max-image-preview:large","max-video-preview":"max-video-preview:-1"},"canonical":"https:\/\/ordoline.com\/ro-md\/privacy-policy\/","og_locale":"ro_RO","og_type":"article","og_title":"Politica de confiden\u021bialitate - Ordoline","og_description":"Prelucrarea datelor personale pe site-ul web Dac\u0103 vizitezi site-ul nostru, Ordoline poate stoca datele pe care le prime\u0219ti atunci c\u00e2nd te \u00eenregistrezi: adresa IP, datele de re\u021bea \u0219i loca\u021bie, etc. Datele sunt stocate folosind cookies \u0219i alte tehnologii similare.Dac\u0103 nu dore\u0219ti s\u0103 acces\u0103m datele tale personale pe site-ul nostru, \u00ee\u021bi recomand\u0103m s\u0103 activezi sistemul de [&hellip;]","og_url":"https:\/\/ordoline.com\/ro-md\/privacy-policy\/","og_site_name":"Ordoline","article_modified_time":"2025-04-12T14:57:17+00:00","twitter_card":"summary_large_image","twitter_misc":{"Est. reading time":"4 minutes"},"schema":{"@context":"https:\/\/schema.org","@graph":[{"@type":"WebPage","@id":"https:\/\/ordoline.com\/ro-md\/privacy-policy\/","url":"https:\/\/ordoline.com\/ro-md\/privacy-policy\/","name":"Politica de confiden\u021bialitate - Ordoline","isPartOf":{"@id":"https:\/\/ordoline.com\/ro-md\/#website"},"datePublished":"2023-03-30T10:32:51+00:00","dateModified":"2025-04-12T14:57:17+00:00","breadcrumb":{"@id":"https:\/\/ordoline.com\/ro-md\/privacy-policy\/#breadcrumb"},"inLanguage":"ro-MD","potentialAction":[{"@type":"ReadAction","target":["https:\/\/ordoline.com\/ro-md\/privacy-policy\/"]}]},{"@type":"BreadcrumbList","@id":"https:\/\/ordoline.com\/ro-md\/privacy-policy\/#breadcrumb","itemListElement":[{"@type":"ListItem","position":1,"name":"Home","item":"https:\/\/ordoline.com\/ro-md\/"},{"@type":"ListItem","position":2,"name":"Politica de confiden\u021bialitate"}]},{"@type":"WebSite","@id":"https:\/\/ordoline.com\/ro-md\/#website","url":"https:\/\/ordoline.com\/ro-md\/","name":"Ordoline","description":"Confidence and predictability with every aligner case","publisher":{"@id":"https:\/\/ordoline.com\/ro-md\/#organization"},"potentialAction":[{"@type":"SearchAction","target":{"@type":"EntryPoint","urlTemplate":"https:\/\/ordoline.com\/ro-md\/?s={search_term_string}"},"query-input":{"@type":"PropertyValueSpecification","valueRequired":true,"valueName":"search_term_string"}}],"inLanguage":"ro-MD"},{"@type":"Organization","@id":"https:\/\/ordoline.com\/ro-md\/#organization","name":"Ordoline","url":"https:\/\/ordoline.com\/ro-md\/","logo":{"@type":"ImageObject","inLanguage":"ro-MD","@id":"https:\/\/ordoline.com\/ro-md\/#\/schema\/logo\/image\/","url":"https:\/\/ordoline.com\/wp-content\/uploads\/2021\/08\/ordoline_logo-juodas-4.png","contentUrl":"https:\/\/ordoline.com\/wp-content\/uploads\/2021\/08\/ordoline_logo-juodas-4.png","width":199,"height":40,"caption":"Ordoline"},"image":{"@id":"https:\/\/ordoline.com\/ro-md\/#\/schema\/logo\/image\/"}}]}},"_links":{"self":[{"href":"https:\/\/ordoline.com\/ro-md\/wp-json\/wp\/v2\/pages\/11880","targetHints":{"allow":["GET"]}}],"collection":[{"href":"https:\/\/ordoline.com\/ro-md\/wp-json\/wp\/v2\/pages"}],"about":[{"href":"https:\/\/ordoline.com\/ro-md\/wp-json\/wp\/v2\/types\/page"}],"author":[{"embeddable":true,"href":"https:\/\/ordoline.com\/ro-md\/wp-json\/wp\/v2\/users\/1"}],"replies":[{"embeddable":true,"href":"https:\/\/ordoline.com\/ro-md\/wp-json\/wp\/v2\/comments?post=11880"}],"version-history":[{"count":0,"href":"https:\/\/ordoline.com\/ro-md\/wp-json\/wp\/v2\/pages\/11880\/revisions"}],"wp:attachment":[{"href":"https:\/\/ordoline.com\/ro-md\/wp-json\/wp\/v2\/media?parent=11880"}],"curies":[{"name":"wp","href":"https:\/\/api.w.org\/{rel}","templated":true}]}}