{"id":11879,"date":"2023-03-30T10:58:49","date_gmt":"2023-03-30T10:58:49","guid":{"rendered":"https:\/\/ordoline.com\/terms-of-service\/"},"modified":"2025-04-12T15:00:45","modified_gmt":"2025-04-12T15:00:45","slug":"terms-of-service","status":"publish","type":"page","link":"https:\/\/ordoline.com\/ro-md\/terms-of-service\/","title":{"rendered":"Termeni \u0219i condi\u021bii"},"content":{"rendered":"\n<h3 class=\"wp-block-heading\"><strong>Utilizarea site-ului Ordoline este supus\u0103 respect\u0103rii urm\u0103toarelor termeni<\/strong><\/h3>\n\n\n\n<p>V\u0103 rug\u0103m s\u0103 revizui\u021bi urm\u0103torii termeni \u0219i condi\u021bii referitoare la utilizarea site-ului. Prin accesarea, utilizarea sau desc\u0103rcarea oric\u0103rei informa\u021bii \u0219i\/sau materiale de pe site, sunte\u021bi de acord s\u0103 respecta\u021bi \u0219i s\u0103 v\u0103 supune\u021bi acestor termeni \u0219i condi\u021bii (denumite \u201eTermenii \u0219i condi\u021biile serviciului\u201d). Dac\u0103 nu sunte\u021bi de acord cu ace\u0219ti Termeni \u0219i condi\u021bii, nu ave\u021bi permisiunea de a utiliza acest site. Acest site poate con\u021bine alte informa\u021bii proprietare \u0219i informa\u021bii de drept de autor, al c\u0103ror termen trebuie respectat \u0219i urmat.<\/p>\n\n\n\n<p>Termenii \u201etu\u201d, \u201eal t\u0103u\u201d \u0219i \u201et\u0103u\u201d se refer\u0103 la tine, vizitatorul sau utilizatorul site-ului. Termenii \u201eOrdoline\u201d, \u201enoi\u201d, \u201enou\u0103\u201d \u0219i \u201eal nostru\u201d se refer\u0103 la Ordoline.<\/p>\n\n\n\n<p><strong>Declinare de responsabilitate medical\u0103<\/strong><\/p>\n\n\n\n<p>Toate informa\u021biile con\u021binute pe acest site, inclusiv informa\u021biile referitoare la ortodon\u021bie, stomatologie, condi\u021bii medicale \u0219i de s\u0103n\u0103tate, produse \u0219i tratamente, sunt pentru scopuri informa\u021bionale doar. Aceste informa\u021bii nu trebuie considerate complete \u0219i nu sunt destinate a \u00eenlocui vizita unui pacient, apelul, consulta\u021bia sau sfatul unui ortodont, dentist sau profesionist medical, sau orice informa\u021bie con\u021binut\u0103 pe sau \u00een ambalajul produsului sau etichete. Informa\u021biile ob\u021binute prin utilizarea site-ului nu sunt exhaustive \u0219i nu acoper\u0103 toate procedurile ortodontice sau tratamentele dentare.<br>Informa\u021biile de pe acest site \u0219i orice linkuri c\u0103tre alte site-uri sunt doar pentru scopuri informa\u021bionale \u0219i nu sunt destinate a oferi sfaturi medicale pentru nicio condi\u021bie medical\u0103 specific\u0103 pe care o pute\u021bi avea. Acest site nu creeaz\u0103 o rela\u021bie doctor\/pacient.<\/p>\n\n\n\n<p><strong>1. Utilizarea con\u021binutului site-ului<\/strong><\/p>\n\n\n\n<p>Sub rezerva acestor Termeni \u0219i condi\u021bii, v\u0103 acord\u0103m o licen\u021b\u0103 limitat\u0103, personal\u0103, revocabil\u0103, neexclusiv\u0103, netransferabil\u0103 pentru a utiliza site-ul \u00een scopuri personale \u0219i nu pentru rev\u00e2nzare sau distribuire ulterioar\u0103. Sunte\u021bi de acord s\u0103 nu reproduce\u021bi, s\u0103 nu duplica\u021bi, s\u0103 nu copia\u021bi, s\u0103 nu vinde\u021bi, s\u0103 nu revinde\u021bi sau s\u0103 exploata\u021bi \u00een scopuri comerciale utilizarea site-ului, accesul la site sau orice con\u021binut accesibil prin site. Sunte\u021bi de acord s\u0103 nu copia\u021bi sau s\u0103 posta\u021bi pe orice computer conectat \u00een re\u021bea, s\u0103 difuza\u021bi \u00een orice media sau s\u0103 utiliza\u021bi, modifica\u021bi, distribui\u021bi, publica\u021bi, transmite\u021bi sau s\u0103 crea\u021bi lucr\u0103ri derivate ale oric\u0103rui material g\u0103sit pe site-ul nostru \u00een scopuri publice sau comerciale. Nu ave\u021bi permisiunea de a modifica \u00een niciun fel materialele de pe acest site.<\/p>\n\n\n\n<p>Cu excep\u021bia celor prev\u0103zute expres mai sus, nimic din ceea ce con\u021bine acest site nu va fi interpretat ca acord\u00e2nd prin implica\u021bie, estoppel sau \u00een alt mod orice licen\u021b\u0103 sau drept asupra oric\u0103rui drept de autor, patent, marc\u0103 comercial\u0103 sau alt drept de proprietate intelectual\u0103 al Ordoline sau al unei ter\u021be p\u0103r\u021bi.<br><\/p>\n\n\n\n<h2 class=\"wp-block-heading\"><strong>2. Comportamentul utilizatorului<\/strong><\/h2>\n\n\n\n<p>Sunte\u021bi de acord s\u0103 nu utiliza\u021bi site-ul pentru:<\/p>\n\n\n\n<ul class=\"wp-block-list\">\n<li>A posta sau transmite orice material care nu este legat de subiectul site-ului;<\/li>\n\n\n\n<li>A \u00eenc\u0103lca sau solicita \u00eenc\u0103lcarea oric\u0103rei legi sau reglement\u0103ri locale, na\u021bionale sau interna\u021bionale aplicabile;<\/li>\n\n\n\n<li>A \u00eenc\u0103lca drepturile unei ter\u021be p\u0103r\u021bi, inclusiv, dar f\u0103r\u0103 a se limita la drepturile de proprietate intelectual\u0103, drepturile contractuale \u0219i drepturile de confiden\u021bialitate sau publicitate;<\/li>\n\n\n\n<li>A interveni sau a perturba site-ul, serverele de calculatoare sau panourile accesibile prin site;<\/li>\n\n\n\n<li>A c\u0103uta inten\u021bionat informa\u021bii despre, a ob\u021bine copii de sau a modifica fi\u0219iere sau alte date sau parole care apar\u021bin altor utilizatori f\u0103r\u0103 permisiune; sau a recolta nume de utilizatori, adrese de e-mail sau alte informa\u021bii personale \u00een orice scop;<\/li>\n\n\n\n<li>A se da drept o alt\u0103 persoan\u0103, sau a declara fals sau a \u00eenf\u0103\u021bi\u0219a altfel afilierea dumneavoastr\u0103 cu o persoan\u0103 sau entitate;<\/li>\n\n\n\n<li>A def\u0103ima, abuza, h\u0103r\u021bui, urm\u0103ri, amenin\u021ba sau a \u00eenc\u0103lca \u00een alt mod drepturile legale (cum ar fi drepturile de confiden\u021bialitate \u0219i publicitate) ale altora; a folosi limbaj rasist, etnic sau altfel ofensator; sau a discuta sau a incita la activit\u0103\u021bi ilegale; sau a folosi limbaj explicit\/obscen sau a solicita\/posta imagini sexuale explicite (reale sau simulate);<\/li>\n\n\n\n<li>A promova informa\u021bii pe care le \u0219ti\u021bi a fi false sau \u00een\u0219el\u0103toare sau care promoveaz\u0103 sau faciliteaz\u0103 activit\u0103\u021bi ilegale, piraterie sau comportamente abuzive, amenin\u021b\u0103toare, obscene, def\u0103im\u0103toare sau calomnioase;<\/li>\n\n\n\n<li>A participa sau a facilita transmiterea de mesaje nesolicitate \u00een mas\u0103 sau spam.<\/li>\n<\/ul>\n\n\n\n<p>Dac\u0103 utiliza\u021bi site-ul pentru a comite oricare dintre cele de mai sus, Ordoline poate, la discre\u021bia sa, s\u0103 v\u0103 rezilieze capacitatea de a utiliza site-ul \u0219i s\u0103 v\u0103 urm\u0103reasc\u0103 penal \u00een toat\u0103 m\u0103sura permis\u0103 de lege.<\/p>\n\n\n\n<p><strong>3. Informa\u021bii de plat\u0103<\/strong><\/p>\n\n\n\n<p>Taxa complet\u0103 de curs trebuie pl\u0103tit\u0103 cel t\u00e2rziu cu 3 zile \u00eenainte de \u00eenceperea cursului. Dac\u0103 participantul nu pl\u0103te\u0219te taxa complet\u0103 p\u00e2n\u0103 la aceast\u0103 dat\u0103 limit\u0103, organizatorul cursului \u00ee\u0219i rezerv\u0103 dreptul de a anula \u00eenregistrarea participantului \u0219i \u00eel va notifica prin e-mail. Re\u00eenregistrarea este posibil\u0103 doar dac\u0103 sunt locuri disponibile.<\/p>\n\n\n\n<p>Participan\u021bii pot anula \u00eenregistrarea p\u00e2n\u0103 la 3 zile \u00eenainte de \u00eenceperea cursului. Dac\u0103 fac acest lucru \u00een aceast\u0103 perioad\u0103, organizatorul va rambursa taxa de curs \u00een termen de 5 zile lucr\u0103toare. Anul\u0103rile efectuate cu 2 zile sau mai pu\u021bin \u00eenainte de data de \u00eencepere a cursului nu sunt rambursabile.<\/p>\n\n\n\n<p><strong>4. Modificarea \u0219i \u00eencetarea site-ului<\/strong><\/p>\n\n\n\n<p>Ordoline \u00ee\u0219i rezerv\u0103 dreptul, \u00een orice moment \u0219i din c\u00e2nd \u00een c\u00e2nd, s\u0103 modifice sau s\u0103 \u00eentrerup\u0103, temporar sau permanent, site-ul (sau orice parte din acesta) cu sau f\u0103r\u0103 notificare. Sunte\u021bi de acord c\u0103 Ordoline nu va fi r\u0103spunz\u0103tor fa\u021b\u0103 de dumneavoastr\u0103 sau fa\u021b\u0103 de nicio ter\u021b\u0103 parte pentru nicio modificare, suspendare sau \u00eentrerupere a site-ului. De asemenea, putem ad\u0103uga \u00eembun\u0103t\u0103\u021biri \u0219i\/sau modific\u0103ri ale produselor, serviciilor \u0219i\/sau programelor descrise pe acest site \u00een orice moment f\u0103r\u0103 notificare.<\/p>\n\n\n\n<h2 class=\"wp-block-heading\"><strong>5. Alte site-uri \u0219i resurse<\/strong><\/h2>\n\n\n\n<p>Ter\u021be p\u0103r\u021bi care utilizeaz\u0103 site-ul pot furniza linkuri sau acces c\u0103tre alte site-uri \u0219i resurse. Deoarece Ordoline nu are control asupra acestor site-uri \u0219i resurse, recunoa\u0219te\u021bi \u0219i sunte\u021bi de acord c\u0103 Ordoline nu este responsabil pentru disponibilitatea acestor site-uri sau resurse \u0219i nu sus\u021bine \u0219i nu este responsabil sau r\u0103spunz\u0103tor pentru niciun con\u021binut, publicitate, produse sau alte materiale de pe sau disponibile pe astfel de site-uri sau resurse. De asemenea, recunoa\u0219te\u021bi \u0219i sunte\u021bi de acord c\u0103 Ordoline nu va fi responsabil sau r\u0103spunz\u0103tor, direct sau indirect, pentru nicio daun\u0103 sau pierdere cauzat\u0103 sau care se presupune a fi cauzat\u0103 de sau \u00een leg\u0103tur\u0103 cu utilizarea sau \u00eencrederea \u00een orice astfel de con\u021binut, bunuri sau site-uri disponibile pe sau prin intermediul oric\u0103rui astfel de site sau resurs\u0103.<\/p>\n\n\n\n<p><\/p>\n\n\n\n<p><\/p>\n\n\n\n<p><\/p>\n","protected":false},"excerpt":{"rendered":"<p>Utilizarea site-ului Ordoline este supus\u0103 respect\u0103rii urm\u0103toarelor termeni V\u0103 rug\u0103m s\u0103 revizui\u021bi urm\u0103torii termeni \u0219i condi\u021bii referitoare la utilizarea site-ului. Prin accesarea, utilizarea sau desc\u0103rcarea oric\u0103rei informa\u021bii \u0219i\/sau materiale de pe site, sunte\u021bi de acord s\u0103 respecta\u021bi \u0219i s\u0103 v\u0103 supune\u021bi acestor termeni \u0219i condi\u021bii (denumite \u201eTermenii \u0219i condi\u021biile serviciului\u201d). Dac\u0103 nu sunte\u021bi de acord [&hellip;]<\/p>\n","protected":false},"author":1,"featured_media":0,"parent":0,"menu_order":0,"comment_status":"closed","ping_status":"closed","template":"template-privacy.php","meta":{"_acf_changed":false,"inline_featured_image":false,"footnotes":""},"class_list":["post-11879","page","type-page","status-publish","hentry"],"acf":[],"yoast_head":"<!-- This site is optimized with the Yoast SEO plugin v25.9 - https:\/\/yoast.com\/wordpress\/plugins\/seo\/ -->\n<title>Termeni \u0219i condi\u021bii - Ordoline<\/title>\n<meta name=\"robots\" content=\"index, follow, max-snippet:-1, max-image-preview:large, max-video-preview:-1\" \/>\n<link rel=\"canonical\" href=\"https:\/\/ordoline.com\/ro-md\/terms-of-service\/\" \/>\n<meta property=\"og:locale\" content=\"ro_RO\" \/>\n<meta property=\"og:type\" content=\"article\" \/>\n<meta property=\"og:title\" content=\"Termeni \u0219i condi\u021bii - Ordoline\" \/>\n<meta property=\"og:description\" content=\"Utilizarea site-ului Ordoline este supus\u0103 respect\u0103rii urm\u0103toarelor termeni V\u0103 rug\u0103m s\u0103 revizui\u021bi urm\u0103torii termeni \u0219i condi\u021bii referitoare la utilizarea site-ului. Prin accesarea, utilizarea sau desc\u0103rcarea oric\u0103rei informa\u021bii \u0219i\/sau materiale de pe site, sunte\u021bi de acord s\u0103 respecta\u021bi \u0219i s\u0103 v\u0103 supune\u021bi acestor termeni \u0219i condi\u021bii (denumite \u201eTermenii \u0219i condi\u021biile serviciului\u201d). Dac\u0103 nu sunte\u021bi de acord [&hellip;]\" \/>\n<meta property=\"og:url\" content=\"https:\/\/ordoline.com\/ro-md\/terms-of-service\/\" \/>\n<meta property=\"og:site_name\" content=\"Ordoline\" \/>\n<meta property=\"article:modified_time\" content=\"2025-04-12T15:00:45+00:00\" \/>\n<meta name=\"twitter:card\" content=\"summary_large_image\" \/>\n<meta name=\"twitter:label1\" content=\"Est. reading time\" \/>\n\t<meta name=\"twitter:data1\" content=\"5 minutes\" \/>\n<script type=\"application\/ld+json\" class=\"yoast-schema-graph\">{\"@context\":\"https:\/\/schema.org\",\"@graph\":[{\"@type\":\"WebPage\",\"@id\":\"https:\/\/ordoline.com\/ro-md\/terms-of-service\/\",\"url\":\"https:\/\/ordoline.com\/ro-md\/terms-of-service\/\",\"name\":\"Termeni \u0219i condi\u021bii - Ordoline\",\"isPartOf\":{\"@id\":\"https:\/\/ordoline.com\/ro-md\/#website\"},\"datePublished\":\"2023-03-30T10:58:49+00:00\",\"dateModified\":\"2025-04-12T15:00:45+00:00\",\"breadcrumb\":{\"@id\":\"https:\/\/ordoline.com\/ro-md\/terms-of-service\/#breadcrumb\"},\"inLanguage\":\"ro-MD\",\"potentialAction\":[{\"@type\":\"ReadAction\",\"target\":[\"https:\/\/ordoline.com\/ro-md\/terms-of-service\/\"]}]},{\"@type\":\"BreadcrumbList\",\"@id\":\"https:\/\/ordoline.com\/ro-md\/terms-of-service\/#breadcrumb\",\"itemListElement\":[{\"@type\":\"ListItem\",\"position\":1,\"name\":\"Home\",\"item\":\"https:\/\/ordoline.com\/ro-md\/\"},{\"@type\":\"ListItem\",\"position\":2,\"name\":\"Termeni \u0219i condi\u021bii\"}]},{\"@type\":\"WebSite\",\"@id\":\"https:\/\/ordoline.com\/ro-md\/#website\",\"url\":\"https:\/\/ordoline.com\/ro-md\/\",\"name\":\"Ordoline\",\"description\":\"Confidence and predictability with every aligner case\",\"publisher\":{\"@id\":\"https:\/\/ordoline.com\/ro-md\/#organization\"},\"potentialAction\":[{\"@type\":\"SearchAction\",\"target\":{\"@type\":\"EntryPoint\",\"urlTemplate\":\"https:\/\/ordoline.com\/ro-md\/?s={search_term_string}\"},\"query-input\":{\"@type\":\"PropertyValueSpecification\",\"valueRequired\":true,\"valueName\":\"search_term_string\"}}],\"inLanguage\":\"ro-MD\"},{\"@type\":\"Organization\",\"@id\":\"https:\/\/ordoline.com\/ro-md\/#organization\",\"name\":\"Ordoline\",\"url\":\"https:\/\/ordoline.com\/ro-md\/\",\"logo\":{\"@type\":\"ImageObject\",\"inLanguage\":\"ro-MD\",\"@id\":\"https:\/\/ordoline.com\/ro-md\/#\/schema\/logo\/image\/\",\"url\":\"https:\/\/ordoline.com\/wp-content\/uploads\/2021\/08\/ordoline_logo-juodas-4.png\",\"contentUrl\":\"https:\/\/ordoline.com\/wp-content\/uploads\/2021\/08\/ordoline_logo-juodas-4.png\",\"width\":199,\"height\":40,\"caption\":\"Ordoline\"},\"image\":{\"@id\":\"https:\/\/ordoline.com\/ro-md\/#\/schema\/logo\/image\/\"}}]}<\/script>\n<!-- \/ Yoast SEO plugin. -->","yoast_head_json":{"title":"Termeni \u0219i condi\u021bii - Ordoline","robots":{"index":"index","follow":"follow","max-snippet":"max-snippet:-1","max-image-preview":"max-image-preview:large","max-video-preview":"max-video-preview:-1"},"canonical":"https:\/\/ordoline.com\/ro-md\/terms-of-service\/","og_locale":"ro_RO","og_type":"article","og_title":"Termeni \u0219i condi\u021bii - Ordoline","og_description":"Utilizarea site-ului Ordoline este supus\u0103 respect\u0103rii urm\u0103toarelor termeni V\u0103 rug\u0103m s\u0103 revizui\u021bi urm\u0103torii termeni \u0219i condi\u021bii referitoare la utilizarea site-ului. Prin accesarea, utilizarea sau desc\u0103rcarea oric\u0103rei informa\u021bii \u0219i\/sau materiale de pe site, sunte\u021bi de acord s\u0103 respecta\u021bi \u0219i s\u0103 v\u0103 supune\u021bi acestor termeni \u0219i condi\u021bii (denumite \u201eTermenii \u0219i condi\u021biile serviciului\u201d). Dac\u0103 nu sunte\u021bi de acord [&hellip;]","og_url":"https:\/\/ordoline.com\/ro-md\/terms-of-service\/","og_site_name":"Ordoline","article_modified_time":"2025-04-12T15:00:45+00:00","twitter_card":"summary_large_image","twitter_misc":{"Est. reading time":"5 minutes"},"schema":{"@context":"https:\/\/schema.org","@graph":[{"@type":"WebPage","@id":"https:\/\/ordoline.com\/ro-md\/terms-of-service\/","url":"https:\/\/ordoline.com\/ro-md\/terms-of-service\/","name":"Termeni \u0219i condi\u021bii - Ordoline","isPartOf":{"@id":"https:\/\/ordoline.com\/ro-md\/#website"},"datePublished":"2023-03-30T10:58:49+00:00","dateModified":"2025-04-12T15:00:45+00:00","breadcrumb":{"@id":"https:\/\/ordoline.com\/ro-md\/terms-of-service\/#breadcrumb"},"inLanguage":"ro-MD","potentialAction":[{"@type":"ReadAction","target":["https:\/\/ordoline.com\/ro-md\/terms-of-service\/"]}]},{"@type":"BreadcrumbList","@id":"https:\/\/ordoline.com\/ro-md\/terms-of-service\/#breadcrumb","itemListElement":[{"@type":"ListItem","position":1,"name":"Home","item":"https:\/\/ordoline.com\/ro-md\/"},{"@type":"ListItem","position":2,"name":"Termeni \u0219i condi\u021bii"}]},{"@type":"WebSite","@id":"https:\/\/ordoline.com\/ro-md\/#website","url":"https:\/\/ordoline.com\/ro-md\/","name":"Ordoline","description":"Confidence and predictability with every aligner case","publisher":{"@id":"https:\/\/ordoline.com\/ro-md\/#organization"},"potentialAction":[{"@type":"SearchAction","target":{"@type":"EntryPoint","urlTemplate":"https:\/\/ordoline.com\/ro-md\/?s={search_term_string}"},"query-input":{"@type":"PropertyValueSpecification","valueRequired":true,"valueName":"search_term_string"}}],"inLanguage":"ro-MD"},{"@type":"Organization","@id":"https:\/\/ordoline.com\/ro-md\/#organization","name":"Ordoline","url":"https:\/\/ordoline.com\/ro-md\/","logo":{"@type":"ImageObject","inLanguage":"ro-MD","@id":"https:\/\/ordoline.com\/ro-md\/#\/schema\/logo\/image\/","url":"https:\/\/ordoline.com\/wp-content\/uploads\/2021\/08\/ordoline_logo-juodas-4.png","contentUrl":"https:\/\/ordoline.com\/wp-content\/uploads\/2021\/08\/ordoline_logo-juodas-4.png","width":199,"height":40,"caption":"Ordoline"},"image":{"@id":"https:\/\/ordoline.com\/ro-md\/#\/schema\/logo\/image\/"}}]}},"_links":{"self":[{"href":"https:\/\/ordoline.com\/ro-md\/wp-json\/wp\/v2\/pages\/11879","targetHints":{"allow":["GET"]}}],"collection":[{"href":"https:\/\/ordoline.com\/ro-md\/wp-json\/wp\/v2\/pages"}],"about":[{"href":"https:\/\/ordoline.com\/ro-md\/wp-json\/wp\/v2\/types\/page"}],"author":[{"embeddable":true,"href":"https:\/\/ordoline.com\/ro-md\/wp-json\/wp\/v2\/users\/1"}],"replies":[{"embeddable":true,"href":"https:\/\/ordoline.com\/ro-md\/wp-json\/wp\/v2\/comments?post=11879"}],"version-history":[{"count":0,"href":"https:\/\/ordoline.com\/ro-md\/wp-json\/wp\/v2\/pages\/11879\/revisions"}],"wp:attachment":[{"href":"https:\/\/ordoline.com\/ro-md\/wp-json\/wp\/v2\/media?parent=11879"}],"curies":[{"name":"wp","href":"https:\/\/api.w.org\/{rel}","templated":true}]}}