{"id":15137,"date":"2021-08-17T11:20:50","date_gmt":"2021-08-17T11:20:50","guid":{"rendered":"https:\/\/ordoline.com\/privacy-policy-1\/"},"modified":"2025-04-23T16:10:19","modified_gmt":"2025-04-23T16:10:19","slug":"privacy-policy-1","status":"publish","type":"page","link":"https:\/\/ordoline.com\/pl\/privacy-policy-1\/","title":{"rendered":"Polityka plik\u00f3w cookie"},"content":{"rendered":"\n<h2 class=\"wp-block-heading\">Czym s\u0105 pliki cookie i podobne technologie?<\/h2>\n\n\n\n<p>Plik cookie to ma\u0142y plik danych, cz\u0119sto zawieraj\u0105cy unikalny identyfikator, kt\u00f3ry jest wysy\u0142any na Tw\u00f3j komputer, telefon kom\u00f3rkowy lub tablet (okre\u015blany w niniejszej polityce jako \u201eurz\u0105dzenie\u201d) przez serwer internetowy, aby strona mog\u0142a zapami\u0119ta\u0107 pewne informacje dotycz\u0105ce Twojej aktywno\u015bci przegl\u0105dania. Plik cookie zbiera informacje dotycz\u0105ce korzystania z naszych Us\u0142ug, informacje o Twoim urz\u0105dzeniu, np. adres IP urz\u0105dzenia i typ przegl\u0105darki, przybli\u017con\u0105 lokalizacj\u0119 oraz, je\u015bli wszed\u0142e\u015b na nasz\u0105 stron\u0119 za po\u015brednictwem linku z witryny strony trzeciej, adres URL strony odsy\u0142aj\u0105cej. Je\u015bli zarejestrowa\u0142e\u015b si\u0119 do kt\u00f3rejkolwiek z Us\u0142ug lub jeste\u015b subskrybentem, plik cookie mo\u017ce r\u00f3wnie\u017c zbiera\u0107 Twoje imi\u0119 i adres e-mail, kt\u00f3re mog\u0105 by\u0107 przekazywane podmiotom przetwarzaj\u0105cym dane w celu weryfikacji zarejestrowanych u\u017cytkownik\u00f3w lub subskrybent\u00f3w.<\/p>\n\n\n\n<p>Podobne technologie, znane jako \u201elocal storage\u201d, mog\u0105 by\u0107 r\u00f3wnie\u017c u\u017cywane w naszych Us\u0142ugach jako alternatywa dla plik\u00f3w cookie. Technologia ta jest podobna do plik\u00f3w cookie i pe\u0142ni bardzo podobne funkcje, takie jak buforowanie danych w celu ulepszenia naszych Us\u0142ug, umo\u017cliwienie rejestracji do naszych Us\u0142ug, \u015bledzenie aktywno\u015bci w celu umo\u017cliwienia nam i naszym reklamodawcom dostarczania reklam zgodnie z niniejsz\u0105 polityk\u0105 oraz zliczanie liczby os\u00f3b, kt\u00f3re ogl\u0105daj\u0105 reklamy w naszych Us\u0142ugach. Gdy w niniejszej polityce odnosimy si\u0119 do \u201eplik\u00f3w cookie\u201d, mamy na my\u015bli pliki cookie lub podobne technologie.<\/p>\n\n\n\n<p>Pliki cookie zapisuj\u0105 informacje o Twoich preferencjach online i pomagaj\u0105 nam dostosowa\u0107 nasze Us\u0142ugi do Twoich zainteresowa\u0144. Informacje dostarczone przez pliki cookie mog\u0105 pom\u00f3c nam analizowa\u0107 korzystanie z naszych Us\u0142ug i zapewni\u0107 Ci lepsze do\u015bwiadczenie u\u017cytkownika.<\/p>\n\n\n\n<p>Opr\u00f3cz plik\u00f3w cookie, nasze Us\u0142ugi mog\u0105 r\u00f3wnie\u017c wykorzystywa\u0107 znaczniki internetowe, przezroczyste pliki GIF, znaczniki stron i b\u0142\u0119dy sieciowe. S\u0105 to rodzaje technologii wdra\u017canych przez strony internetowe lub zewn\u0119trznych dostawc\u00f3w reklam w celu analizy korzystania z witryny i poprawy do\u015bwiadczenia korzystania z Us\u0142ug.<\/p>\n\n\n\n<h2 class=\"wp-block-heading\"><strong>Jakie s\u0105 r\u00f3\u017cne typy plik\u00f3w cookie?<\/strong><\/h2>\n\n\n\n<ul class=\"wp-block-list\">\n<li>Pliki cookie sesji s\u0105 przechowywane tylko przez czas trwania Twojej wizyty na stronie internetowej i s\u0105 usuwane z urz\u0105dzenia po zamkni\u0119ciu przegl\u0105darki;<\/li>\n\n\n\n<li>Trwa\u0142e pliki cookie s\u0105 zapisywane na Twoim urz\u0105dzeniu przez okre\u015blony czas po zamkni\u0119ciu przegl\u0105darki i s\u0105 u\u017cywane, gdy my (lub strona trzecia) musimy Ci\u0119 zidentyfikowa\u0107 podczas kolejnej sesji przegl\u0105dania.<\/li>\n\n\n\n<li>Pliki cookie pierwszej strony s\u0105 ustawiane przez odwiedzan\u0105 witryn\u0119; oraz<\/li>\n\n\n\n<li>Pliki cookie stron trzecich s\u0105 u\u017cywane w ramach naszych Us\u0142ug i s\u0105 ustawiane przez inne organizacje. Obejmuj\u0105 one pliki cookie zewn\u0119trznych us\u0142ug analitycznych, kt\u00f3re pomagaj\u0105 nam zrozumie\u0107 korzystanie z naszych witryn, lub przez reklamodawc\u00f3w, aby mogli \u015bledzi\u0107 skuteczno\u015b\u0107 swoich reklam. Tak\u017ce od wybranych firm medi\u00f3w spo\u0142eczno\u015bciowych, kt\u00f3re umo\u017cliwiaj\u0105 udost\u0119pnianie naszych tre\u015bci znajomym i sieciom, co mo\u017ce mie\u0107 wp\u0142yw na tre\u015bci i wiadomo\u015bci wy\u015bwietlane na innych odwiedzanych przez Ciebie stronach internetowych.<\/li>\n<\/ul>\n\n\n\n<p><\/p>\n\n\n\n<h2 class=\"wp-block-heading\"><strong>Do czego s\u0142u\u017c\u0105 pliki cookie?<\/strong><\/h2>\n\n\n\n<p>1. Pliki cookie funkcjonalne<br>Pliki cookie funkcjonalne s\u0105 niezb\u0119dne do dzia\u0142ania naszych Us\u0142ug. S\u0105 u\u017cywane do zapami\u0119tywania Twoich preferencji na naszych stronach internetowych i zapewniania ulepszonych, bardziej spersonalizowanych funkcji. Informacje zbierane przez te pliki cookie s\u0105 zazwyczaj anonimowe, wi\u0119c nie mo\u017cemy Ci\u0119 zidentyfikowa\u0107 osobi\u015bcie. Pliki cookie funkcjonalne nie \u015bledz\u0105 Twojej aktywno\u015bci w internecie ani nie zbieraj\u0105 informacji, kt\u00f3re mog\u0142yby by\u0107 u\u017cyte do sprzeda\u017cy reklam, ale pomagaj\u0105 w ich wy\u015bwietlaniu. Zwykle s\u0105 to pliki cookie sesji, kt\u00f3re wygasaj\u0105 po zamkni\u0119ciu przegl\u0105darki.<\/p>\n\n\n\n<p>2. Niezb\u0119dne lub \u201ebezwzgl\u0119dnie wymagane\u201d pliki cookie<br>Te pliki cookie s\u0105 niezb\u0119dne do dzia\u0142ania naszych Us\u0142ug. Bez nich niekt\u00f3re cz\u0119\u015bci naszych stron nie dzia\u0142a\u0142yby poprawnie. Nie \u015bledz\u0105 Twojej aktywno\u015bci w internecie poza bie\u017c\u0105c\u0105 wizyt\u0105 i nie zbieraj\u0105 informacji, kt\u00f3re mog\u0142yby by\u0107 wykorzystane do cel\u00f3w marketingowych. Zwykle s\u0105 to pliki cookie sesji, kt\u00f3re wygasaj\u0105 po zamkni\u0119ciu przegl\u0105darki.<br><\/p>\n\n\n\n<p>3. Analityczne pliki cookie dotycz\u0105ce wydajno\u015bci i pomiar\u00f3w<br>Te pliki cookie s\u0105 u\u017cywane do monitorowania wydajno\u015bci naszych Us\u0142ug, np. do okre\u015blenia liczby wy\u015bwietle\u0144 stron i unikalnych u\u017cytkownik\u00f3w. Us\u0142ugi analizy internetowej mog\u0105 by\u0107 projektowane i obs\u0142ugiwane przez strony trzecie. Informacje dostarczane przez te pliki cookie umo\u017cliwiaj\u0105 nam analizowanie wzorc\u00f3w zachowa\u0144 u\u017cytkownik\u00f3w i s\u0142u\u017c\u0105 do ulepszania do\u015bwiadczenia u\u017cytkownika lub identyfikowania obszar\u00f3w strony wymagaj\u0105cych poprawy. Informacje s\u0105 anonimowe (tzn. nie mog\u0105 by\u0107 u\u017cyte do identyfikacji u\u017cytkownika i nie zawieraj\u0105 danych osobowych takich jak imi\u0119 i adres e-mail) i s\u0105 wykorzystywane wy\u0142\u0105cznie do cel\u00f3w statystycznych.<br><\/p>\n\n\n\n<p>4. Pliki cookie ukierunkowane lub \u201ereklama behawioralna\u201d<br>Te pliki cookie, kt\u00f3re mog\u0105 by\u0107 umieszczane na Twoim urz\u0105dzeniu przez nas lub naszych zaufanych zewn\u0119trznych dostawc\u00f3w us\u0142ug, zapami\u0119tuj\u0105, \u017ce odwiedzi\u0142e\u015b stron\u0119 internetow\u0105 i u\u017cywaj\u0105 tych informacji do dostarczania tre\u015bci lub reklam dostosowanych do Twoich zainteresowa\u0144. Nazywa si\u0119 to cz\u0119sto reklam\u0105 behawioraln\u0105 online (OBA) i polega na grupowaniu wsp\u00f3lnych zainteresowa\u0144 na podstawie historii przegl\u0105dania. Historia przegl\u0105dania mo\u017ce by\u0107 u\u017cywana do wyci\u0105gania wniosk\u00f3w na temat Ciebie (np. zainteresowa\u0144, p\u0142ci itp.), a te informacje mog\u0105 by\u0107 r\u00f3wnie\u017c u\u017cywane do wy\u015bwietlania bardziej trafnych reklam. Bez tych plik\u00f3w cookie tre\u015bci i reklamy, kt\u00f3re napotkasz, mog\u0105 by\u0107 mniej trafne. Wi\u0119cej informacji na temat OBA, w tym jak zrezygnowa\u0107 z tych plik\u00f3w cookie, znajdziesz na: <a class=\"\" href=\"http:\/\/www.youronlinechoices.com\/\">http:\/\/www.youronlinechoices.com\/<\/a><\/p>\n\n\n\n<h2 class=\"wp-block-heading\">Jak Ordoline wykorzystuje pliki cookie?<\/h2>\n\n\n\n<p>Ordoline, wraz z naszymi zaufanymi partnerami, u\u017cywa plik\u00f3w cookie w po\u0142\u0105czeniu z innymi posiadanymi informacjami w wielu celach, w tym:<\/p>\n\n\n\n<p>1. Niezb\u0119dne i funkcjonalne pliki cookie<br>U\u017cywamy tych plik\u00f3w cookie do umo\u017cliwienia okre\u015blonych funkcji online, w tym:<\/p>\n\n\n\n<ul class=\"wp-block-list\">\n<li>dost\u0119p do Twoich informacji, aby dostarczy\u0107 Ci spersonalizowane tre\u015bci i do\u015bwiadczenia lub zapami\u0119ta\u0107 ostatnio odwiedzan\u0105 stron\u0119,<\/li>\n\n\n\n<li>identyfikacja powracaj\u0105cych u\u017cytkownik\u00f3w, zarejestrowanych u\u017cytkownik\u00f3w i subskrybent\u00f3w, umo\u017cliwiaj\u0105c prezentacj\u0119 spersonalizowanej wersji strony;<\/li>\n\n\n\n<li>eliminacja konieczno\u015bci ponownego wprowadzania danych logowania przez powracaj\u0105cych u\u017cytkownik\u00f3w;<\/li>\n\n\n\n<li>umo\u017cliwienie komentowania na naszych stronach;<\/li>\n\n\n\n<li>wspieranie \u015brodk\u00f3w bezpiecze\u0144stwa i pomoc w identyfikacji potencjalnych oszustw lub nadu\u017cy\u0107.<\/li>\n<\/ul>\n\n\n\n<p>2. Analityczne pliki cookie dotycz\u0105ce wydajno\u015bci i pomiar\u00f3w<\/p>\n\n\n\n<p>U\u017cywamy tych plik\u00f3w cookie do pomiaru zachowania u\u017cytkownik\u00f3w w celu lepszego rozwoju naszych Us\u0142ug. Dzi\u0119ki us\u0142ugom analitycznym \u015bwiadczonym przez strony trzecie, takie jak Google Analytics, mo\u017cemy analizowa\u0107, kt\u00f3re strony s\u0105 ogl\u0105dane, jak d\u0142ugo i kt\u00f3re linki s\u0105 klikane, aby dostarcza\u0107 bardziej interesuj\u0105ce tre\u015bci. Analiz\u0119 t\u0119 wykorzystujemy tak\u017ce do raportowania wydajno\u015bci i sprzeda\u017cy reklam.<\/p>\n\n\n\n<p>3. Pliki cookie ukierunkowane i reklama behawioralna<\/p>\n\n\n\n<p>Zaufani partnerzy, z kt\u00f3rymi wsp\u00f3\u0142pracujemy w zakresie reklamy behawioralnej, obejmuj\u0105 zewn\u0119trznych dostawc\u00f3w reklam, agencje reklamowe, dostawc\u00f3w technologii, dostawc\u00f3w tre\u015bci reklamowych, firmy badawcze i inne podmioty, kt\u00f3re pomagaj\u0105 nam dostarcza\u0107 skuteczniejsze reklamy i oferowa\u0107 bardziej spersonalizowane do\u015bwiadczenia. Gdy Twoja przegl\u0105darka, aplikacja lub urz\u0105dzenie komunikuje si\u0119 z serwerami stron trzecich, firmy te mog\u0105 zbiera\u0107 informacje, w tym adres IP, dane nag\u0142\u00f3wka strony, informacje o przegl\u0105darce lub urz\u0105dzeniu, tak jakby\u015b odwiedza\u0142 ich stron\u0119 internetow\u0105 lub korzysta\u0142 z ich aplikacji bezpo\u015brednio.<br>Nie mamy kontroli ani dost\u0119pu do plik\u00f3w cookie umieszczonych na Twoim komputerze przez reklamodawc\u00f3w i sponsor\u00f3w zewn\u0119trznych.<\/p>\n\n\n\n<p>4. Inne pliki cookie stron trzecich<\/p>\n\n\n\n<p>Na niekt\u00f3rych stronach naszych witryn mo\u017cesz zauwa\u017cy\u0107 pliki cookie, kt\u00f3re nie s\u0105 powi\u0105zane z Ordoline. Gdy odwiedzasz stron\u0119 z tre\u015bci\u0105 osadzon\u0105, na przyk\u0142ad z YouTube lub Facebooka, ci zewn\u0119trzni dostawcy us\u0142ug mog\u0105 ustawi\u0107 w\u0142asne pliki cookie na Twoim urz\u0105dzeniu. Ordoline nie kontroluje korzystania z tych plik\u00f3w cookie i nie ma do nich dost\u0119pu. Prosz\u0119 sprawd\u017a strony internetowe stron trzecich, aby uzyska\u0107 wi\u0119cej informacji na ich temat.<\/p>\n\n\n\n<p>Do naszych wiadomo\u015bci e-mail do\u0142\u0105czamy r\u00f3wnie\u017c znaczniki internetowe, aby \u015bledzi\u0107 skuteczno\u015b\u0107 kampanii marketingowych. Oznacza to, \u017ce je\u015bli otworzysz e-mail od nas, mo\u017cemy zobaczy\u0107, kt\u00f3re strony naszej strony odwiedzi\u0142e\u015b. Nasze znaczniki internetowe nie przechowuj\u0105 dodatkowych informacji na Twoim urz\u0105dzeniu, ale komunikuj\u0105c si\u0119 z naszymi plikami cookie, mog\u0105 powiedzie\u0107 nam, kiedy otworzy\u0142e\u015b nasz e-mail.<\/p>\n\n\n\n<h2 class=\"wp-block-heading\"><strong>Jak u\u017cytkownicy mog\u0105 zarz\u0105dza\u0107 plikami cookie lub z nich zrezygnowa\u0107?<\/strong><\/h2>\n\n\n\n<p>Niekt\u00f3rzy uwa\u017caj\u0105, \u017ce pomys\u0142 przechowywania informacji na ich urz\u0105dzeniu przez witryn\u0119 internetow\u0105 jest nieco nachalny, zw\u0142aszcza gdy informacje s\u0105 przechowywane i wykorzystywane przez osoby trzecie. Na przyk\u0142ad mo\u017cesz sprzeciwi\u0107 si\u0119 wy\u015bwietlaniu reklam, kt\u00f3re s\u0105 ukierunkowane na Twoje zainteresowania na podstawie historii przegl\u0105dania. Je\u015bli wolisz zrezygnowa\u0107 z plik\u00f3w cookie, mo\u017cesz kontrolowa\u0107 pliki cookie, wykonuj\u0105c poni\u017csze kroki, jednak powiniene\u015b wiedzie\u0107, \u017ce mo\u017cesz utraci\u0107 niekt\u00f3re funkcje i funkcjonalno\u015bci witryny, je\u015bli to zrobisz.<\/p>\n\n\n\n<p>Cookies, including those which have already been set, can be deleted from your hard drive. You can also change the preferences\/settings in your web browser to control cookies. Some internet browsers have a \u2018Do Not Track or \u2018DNT\u2019 setting; this sends a signal to websites asking them not to track your browsing.&nbsp;<\/p>\n\n\n\n<p>W niekt\u00f3rych przypadkach mo\u017cesz wybra\u0107 akceptacj\u0119 plik\u00f3w cookie z g\u0142\u00f3wnej witryny, ale zablokowa\u0107 je od stron trzecich. W innych mo\u017cesz zablokowa\u0107 pliki cookie od okre\u015blonych reklamodawc\u00f3w lub wyczy\u015bci\u0107 wszystkie pliki cookie. Usuni\u0119cie lub zablokowanie plik\u00f3w cookie mo\u017ce zmniejszy\u0107 funkcjonalno\u015b\u0107 witryny. Aby dowiedzie\u0107 si\u0119 wi\u0119cej o tym, jak odrzuca\u0107 pliki cookie, odwied\u017a witryn\u0119\u00a0http:\/\/www.allaboutcookies.org\/\u00a0lub przejd\u017a do menu pomocy w swojej przegl\u0105darce internetowej. Je\u015bli po usuni\u0119ciu plik\u00f3w cookie wyst\u0105pi\u0105 jakiekolwiek problemy, powiniene\u015b skontaktowa\u0107 si\u0119 z dostawc\u0105 swojej przegl\u0105darki internetowej.<\/p>\n\n\n\n<p>Wi\u0119cej informacji na temat plik\u00f3w cookie stron trzecich generowanych przez reklamodawc\u00f3w mo\u017cna znale\u017a\u0107 na stronie www.youronlinechoices.com.<\/p>\n\n\n\n<p>Nale\u017cy pami\u0119ta\u0107, \u017ce s\u0105 to strony internetowe os\u00f3b trzecich i Future nie ponosi \u017cadnej odpowiedzialno\u015bci za instrukcje podawane na tych stronach.<\/p>\n\n\n\n<p>Mo\u017cesz dowiedzie\u0107 si\u0119, jak odrzuci\u0107 pliki cookie dotycz\u0105ce kierowania reklam\u0105 i reklam behawioralnych, odwiedzaj\u0105c:<br>http:\/\/optout.networkadvertising.org\/?c=1#!\/<br>http:\/\/www.aboutads.info<br>http:\/\/www.youronlinechoices.eu<\/p>\n\n\n\n<p>Sygna\u0142y nawigacyjne<br>Zazwyczaj mo\u017cesz sprawi\u0107, \u017ce sygna\u0142y nawigacyjne i inne technologie \u015bledzenia stan\u0105 si\u0119 nieskuteczne, wy\u0142\u0105czaj\u0105c pliki cookie w przegl\u0105darce. Istniej\u0105 r\u00f3wnie\u017c dodatki i rozszerzenia do przegl\u0105darki, kt\u00f3re blokuj\u0105 sygna\u0142y nawigacyjne. Je\u015bli nie zgadzasz si\u0119 na sygna\u0142y nawigacyjne w wiadomo\u015bciach e-mail, zalecamy post\u0119powanie zgodnie z instrukcjami usuwania istniej\u0105cych plik\u00f3w cookie i wy\u0142\u0105czania przysz\u0142ych plik\u00f3w cookie powy\u017cej. Nadal b\u0119dziemy wiedzie\u0107, ile naszych wiadomo\u015bci e-mail jest otwieranych i automatycznie otrzymamy Tw\u00f3j adres IP, unikalny identyfikator Twojego urz\u0105dzenia lub innego urz\u0105dzenia dost\u0119powego; ale nie b\u0119dziemy Ci\u0119 identyfikowa\u0107 jako osoby fizycznej.<\/p>\n\n\n\n<p><\/p>\n\n\n\n<h2 class=\"wp-block-heading\">Wi\u0119cej informacji i dane kontaktowe:<\/h2>\n\n\n\n<p>Aby uzyska\u0107 wi\u0119cej informacji, skontaktuj si\u0119 z info@ordoline.lt<\/p>\n\n\n\n<h2 class=\"wp-block-heading\"><\/h2>\n\n\n\n<p><\/p>\n\n\n\n<p><\/p>\n\n\n\n<h2 class=\"wp-block-heading\"><\/h2>\n\n\n\n<p><\/p>\n\n\n\n<h2 class=\"wp-block-heading\"><\/h2>\n\n\n\n<p><\/p>\n","protected":false},"excerpt":{"rendered":"<p>Czym s\u0105 pliki cookie i podobne technologie? Plik cookie to ma\u0142y plik danych, cz\u0119sto zawieraj\u0105cy unikalny identyfikator, kt\u00f3ry jest wysy\u0142any na Tw\u00f3j komputer, telefon kom\u00f3rkowy lub tablet (okre\u015blany w niniejszej polityce jako \u201eurz\u0105dzenie\u201d) przez serwer internetowy, aby strona mog\u0142a zapami\u0119ta\u0107 pewne informacje dotycz\u0105ce Twojej aktywno\u015bci przegl\u0105dania. Plik cookie zbiera informacje dotycz\u0105ce korzystania z naszych Us\u0142ug, [&hellip;]<\/p>\n","protected":false},"author":1,"featured_media":0,"parent":0,"menu_order":0,"comment_status":"closed","ping_status":"closed","template":"template-privacy.php","meta":{"_acf_changed":false,"inline_featured_image":false,"footnotes":""},"class_list":["post-15137","page","type-page","status-publish","hentry"],"acf":[],"yoast_head":"<!-- This site is optimized with the Yoast SEO plugin v25.9 - https:\/\/yoast.com\/wordpress\/plugins\/seo\/ -->\n<title>Polityka plik\u00f3w cookie - Ordoline<\/title>\n<meta name=\"robots\" content=\"index, follow, max-snippet:-1, max-image-preview:large, max-video-preview:-1\" \/>\n<link rel=\"canonical\" href=\"https:\/\/ordoline.com\/pl\/privacy-policy-1\/\" \/>\n<meta property=\"og:locale\" content=\"pl_PL\" \/>\n<meta property=\"og:type\" content=\"article\" \/>\n<meta property=\"og:title\" content=\"Polityka plik\u00f3w cookie - Ordoline\" \/>\n<meta property=\"og:description\" content=\"Czym s\u0105 pliki cookie i podobne technologie? Plik cookie to ma\u0142y plik danych, cz\u0119sto zawieraj\u0105cy unikalny identyfikator, kt\u00f3ry jest wysy\u0142any na Tw\u00f3j komputer, telefon kom\u00f3rkowy lub tablet (okre\u015blany w niniejszej polityce jako \u201eurz\u0105dzenie\u201d) przez serwer internetowy, aby strona mog\u0142a zapami\u0119ta\u0107 pewne informacje dotycz\u0105ce Twojej aktywno\u015bci przegl\u0105dania. Plik cookie zbiera informacje dotycz\u0105ce korzystania z naszych Us\u0142ug, [&hellip;]\" \/>\n<meta property=\"og:url\" content=\"https:\/\/ordoline.com\/pl\/privacy-policy-1\/\" \/>\n<meta property=\"og:site_name\" content=\"Ordoline\" \/>\n<meta property=\"article:modified_time\" content=\"2025-04-23T16:10:19+00:00\" \/>\n<meta name=\"twitter:card\" content=\"summary_large_image\" \/>\n<meta name=\"twitter:label1\" content=\"Szacowany czas czytania\" \/>\n\t<meta name=\"twitter:data1\" content=\"7 minut\" \/>\n<script type=\"application\/ld+json\" class=\"yoast-schema-graph\">{\"@context\":\"https:\/\/schema.org\",\"@graph\":[{\"@type\":\"WebPage\",\"@id\":\"https:\/\/ordoline.com\/pl\/privacy-policy-1\/\",\"url\":\"https:\/\/ordoline.com\/pl\/privacy-policy-1\/\",\"name\":\"Polityka plik\u00f3w cookie - Ordoline\",\"isPartOf\":{\"@id\":\"https:\/\/ordoline.com\/pl\/#website\"},\"datePublished\":\"2021-08-17T11:20:50+00:00\",\"dateModified\":\"2025-04-23T16:10:19+00:00\",\"breadcrumb\":{\"@id\":\"https:\/\/ordoline.com\/pl\/privacy-policy-1\/#breadcrumb\"},\"inLanguage\":\"pl-PL\",\"potentialAction\":[{\"@type\":\"ReadAction\",\"target\":[\"https:\/\/ordoline.com\/pl\/privacy-policy-1\/\"]}]},{\"@type\":\"BreadcrumbList\",\"@id\":\"https:\/\/ordoline.com\/pl\/privacy-policy-1\/#breadcrumb\",\"itemListElement\":[{\"@type\":\"ListItem\",\"position\":1,\"name\":\"Home\",\"item\":\"https:\/\/ordoline.com\/pl\/\"},{\"@type\":\"ListItem\",\"position\":2,\"name\":\"Polityka plik\u00f3w cookie\"}]},{\"@type\":\"WebSite\",\"@id\":\"https:\/\/ordoline.com\/pl\/#website\",\"url\":\"https:\/\/ordoline.com\/pl\/\",\"name\":\"Ordoline\",\"description\":\"Confidence and predictability with every aligner case\",\"publisher\":{\"@id\":\"https:\/\/ordoline.com\/pl\/#organization\"},\"potentialAction\":[{\"@type\":\"SearchAction\",\"target\":{\"@type\":\"EntryPoint\",\"urlTemplate\":\"https:\/\/ordoline.com\/pl\/?s={search_term_string}\"},\"query-input\":{\"@type\":\"PropertyValueSpecification\",\"valueRequired\":true,\"valueName\":\"search_term_string\"}}],\"inLanguage\":\"pl-PL\"},{\"@type\":\"Organization\",\"@id\":\"https:\/\/ordoline.com\/pl\/#organization\",\"name\":\"Ordoline\",\"url\":\"https:\/\/ordoline.com\/pl\/\",\"logo\":{\"@type\":\"ImageObject\",\"inLanguage\":\"pl-PL\",\"@id\":\"https:\/\/ordoline.com\/pl\/#\/schema\/logo\/image\/\",\"url\":\"https:\/\/ordoline.com\/wp-content\/uploads\/2021\/08\/ordoline_logo-juodas-4.png\",\"contentUrl\":\"https:\/\/ordoline.com\/wp-content\/uploads\/2021\/08\/ordoline_logo-juodas-4.png\",\"width\":199,\"height\":40,\"caption\":\"Ordoline\"},\"image\":{\"@id\":\"https:\/\/ordoline.com\/pl\/#\/schema\/logo\/image\/\"}}]}<\/script>\n<!-- \/ Yoast SEO plugin. -->","yoast_head_json":{"title":"Polityka plik\u00f3w cookie - Ordoline","robots":{"index":"index","follow":"follow","max-snippet":"max-snippet:-1","max-image-preview":"max-image-preview:large","max-video-preview":"max-video-preview:-1"},"canonical":"https:\/\/ordoline.com\/pl\/privacy-policy-1\/","og_locale":"pl_PL","og_type":"article","og_title":"Polityka plik\u00f3w cookie - Ordoline","og_description":"Czym s\u0105 pliki cookie i podobne technologie? Plik cookie to ma\u0142y plik danych, cz\u0119sto zawieraj\u0105cy unikalny identyfikator, kt\u00f3ry jest wysy\u0142any na Tw\u00f3j komputer, telefon kom\u00f3rkowy lub tablet (okre\u015blany w niniejszej polityce jako \u201eurz\u0105dzenie\u201d) przez serwer internetowy, aby strona mog\u0142a zapami\u0119ta\u0107 pewne informacje dotycz\u0105ce Twojej aktywno\u015bci przegl\u0105dania. Plik cookie zbiera informacje dotycz\u0105ce korzystania z naszych Us\u0142ug, [&hellip;]","og_url":"https:\/\/ordoline.com\/pl\/privacy-policy-1\/","og_site_name":"Ordoline","article_modified_time":"2025-04-23T16:10:19+00:00","twitter_card":"summary_large_image","twitter_misc":{"Szacowany czas czytania":"7 minut"},"schema":{"@context":"https:\/\/schema.org","@graph":[{"@type":"WebPage","@id":"https:\/\/ordoline.com\/pl\/privacy-policy-1\/","url":"https:\/\/ordoline.com\/pl\/privacy-policy-1\/","name":"Polityka plik\u00f3w cookie - Ordoline","isPartOf":{"@id":"https:\/\/ordoline.com\/pl\/#website"},"datePublished":"2021-08-17T11:20:50+00:00","dateModified":"2025-04-23T16:10:19+00:00","breadcrumb":{"@id":"https:\/\/ordoline.com\/pl\/privacy-policy-1\/#breadcrumb"},"inLanguage":"pl-PL","potentialAction":[{"@type":"ReadAction","target":["https:\/\/ordoline.com\/pl\/privacy-policy-1\/"]}]},{"@type":"BreadcrumbList","@id":"https:\/\/ordoline.com\/pl\/privacy-policy-1\/#breadcrumb","itemListElement":[{"@type":"ListItem","position":1,"name":"Home","item":"https:\/\/ordoline.com\/pl\/"},{"@type":"ListItem","position":2,"name":"Polityka plik\u00f3w cookie"}]},{"@type":"WebSite","@id":"https:\/\/ordoline.com\/pl\/#website","url":"https:\/\/ordoline.com\/pl\/","name":"Ordoline","description":"Confidence and predictability with every aligner case","publisher":{"@id":"https:\/\/ordoline.com\/pl\/#organization"},"potentialAction":[{"@type":"SearchAction","target":{"@type":"EntryPoint","urlTemplate":"https:\/\/ordoline.com\/pl\/?s={search_term_string}"},"query-input":{"@type":"PropertyValueSpecification","valueRequired":true,"valueName":"search_term_string"}}],"inLanguage":"pl-PL"},{"@type":"Organization","@id":"https:\/\/ordoline.com\/pl\/#organization","name":"Ordoline","url":"https:\/\/ordoline.com\/pl\/","logo":{"@type":"ImageObject","inLanguage":"pl-PL","@id":"https:\/\/ordoline.com\/pl\/#\/schema\/logo\/image\/","url":"https:\/\/ordoline.com\/wp-content\/uploads\/2021\/08\/ordoline_logo-juodas-4.png","contentUrl":"https:\/\/ordoline.com\/wp-content\/uploads\/2021\/08\/ordoline_logo-juodas-4.png","width":199,"height":40,"caption":"Ordoline"},"image":{"@id":"https:\/\/ordoline.com\/pl\/#\/schema\/logo\/image\/"}}]}},"_links":{"self":[{"href":"https:\/\/ordoline.com\/pl\/wp-json\/wp\/v2\/pages\/15137","targetHints":{"allow":["GET"]}}],"collection":[{"href":"https:\/\/ordoline.com\/pl\/wp-json\/wp\/v2\/pages"}],"about":[{"href":"https:\/\/ordoline.com\/pl\/wp-json\/wp\/v2\/types\/page"}],"author":[{"embeddable":true,"href":"https:\/\/ordoline.com\/pl\/wp-json\/wp\/v2\/users\/1"}],"replies":[{"embeddable":true,"href":"https:\/\/ordoline.com\/pl\/wp-json\/wp\/v2\/comments?post=15137"}],"version-history":[{"count":0,"href":"https:\/\/ordoline.com\/pl\/wp-json\/wp\/v2\/pages\/15137\/revisions"}],"wp:attachment":[{"href":"https:\/\/ordoline.com\/pl\/wp-json\/wp\/v2\/media?parent=15137"}],"curies":[{"name":"wp","href":"https:\/\/api.w.org\/{rel}","templated":true}]}}