{"id":14894,"date":"2021-08-18T09:33:12","date_gmt":"2021-08-18T09:33:12","guid":{"rendered":"https:\/\/ordoline.com\/treatment-process-b2c\/"},"modified":"2025-05-20T05:39:34","modified_gmt":"2025-05-20T05:39:34","slug":"treatment-process-b2c","status":"publish","type":"page","link":"https:\/\/ordoline.com\/pl\/treatment-process-b2c\/","title":{"rendered":"Efekty leczenia kt\u00f3remu mo\u017cesz zaufa\u0107"},"content":{"rendered":"\n<p>Ordoline wprowadzi\u0142o leczenie nak\u0142adkami na nowy poziom \u2014 pomagaj\u0105c ludziom w ka\u017cdym wieku osi\u0105gn\u0105\u0107 zdrowe, pi\u0119kne u\u015bmiechy z wysok\u0105 dok\u0142adno\u015bci\u0105 leczenia i klinicznie udowodnionymi wynikami. Od drobnych korekt po z\u0142o\u017cone przypadki ortodontyczne, nasz system zapewnia przewidywalne rezultaty.<\/p>\n","protected":false},"excerpt":{"rendered":"<p>Ordoline wprowadzi\u0142o leczenie nak\u0142adkami na nowy poziom \u2014 pomagaj\u0105c ludziom w ka\u017cdym wieku osi\u0105gn\u0105\u0107 zdrowe, pi\u0119kne u\u015bmiechy z wysok\u0105 dok\u0142adno\u015bci\u0105 leczenia i klinicznie udowodnionymi wynikami. Od drobnych korekt po z\u0142o\u017cone przypadki ortodontyczne, nasz system zapewnia przewidywalne rezultaty.<\/p>\n","protected":false},"author":1,"featured_media":0,"parent":0,"menu_order":0,"comment_status":"closed","ping_status":"closed","template":"page-treatment-b2c.php","meta":{"_acf_changed":false,"inline_featured_image":false,"footnotes":""},"class_list":["post-14894","page","type-page","status-publish","hentry"],"acf":[],"yoast_head":"<!-- This site is optimized with the Yoast SEO plugin v25.9 - https:\/\/yoast.com\/wordpress\/plugins\/seo\/ -->\n<title>Efekty leczenia kt\u00f3remu mo\u017cesz zaufa\u0107 - Ordoline<\/title>\n<meta name=\"robots\" content=\"index, follow, max-snippet:-1, max-image-preview:large, max-video-preview:-1\" \/>\n<link rel=\"canonical\" href=\"https:\/\/ordoline.com\/pl\/treatment-process-b2c\/\" \/>\n<meta property=\"og:locale\" content=\"pl_PL\" \/>\n<meta property=\"og:type\" content=\"article\" \/>\n<meta property=\"og:title\" content=\"Efekty leczenia kt\u00f3remu mo\u017cesz zaufa\u0107 - Ordoline\" \/>\n<meta property=\"og:description\" content=\"Ordoline wprowadzi\u0142o leczenie nak\u0142adkami na nowy poziom \u2014 pomagaj\u0105c ludziom w ka\u017cdym wieku osi\u0105gn\u0105\u0107 zdrowe, pi\u0119kne u\u015bmiechy z wysok\u0105 dok\u0142adno\u015bci\u0105 leczenia i klinicznie udowodnionymi wynikami. Od drobnych korekt po z\u0142o\u017cone przypadki ortodontyczne, nasz system zapewnia przewidywalne rezultaty.\" \/>\n<meta property=\"og:url\" content=\"https:\/\/ordoline.com\/pl\/treatment-process-b2c\/\" \/>\n<meta property=\"og:site_name\" content=\"Ordoline\" \/>\n<meta property=\"article:modified_time\" content=\"2025-05-20T05:39:34+00:00\" \/>\n<meta name=\"twitter:card\" content=\"summary_large_image\" \/>\n<meta name=\"twitter:label1\" content=\"Szacowany czas czytania\" \/>\n\t<meta name=\"twitter:data1\" content=\"1 minuta\" \/>\n<script type=\"application\/ld+json\" class=\"yoast-schema-graph\">{\"@context\":\"https:\/\/schema.org\",\"@graph\":[{\"@type\":\"WebPage\",\"@id\":\"https:\/\/ordoline.com\/pl\/treatment-process-b2c\/\",\"url\":\"https:\/\/ordoline.com\/pl\/treatment-process-b2c\/\",\"name\":\"Efekty leczenia kt\u00f3remu mo\u017cesz zaufa\u0107 - Ordoline\",\"isPartOf\":{\"@id\":\"https:\/\/ordoline.com\/pl\/#website\"},\"datePublished\":\"2021-08-18T09:33:12+00:00\",\"dateModified\":\"2025-05-20T05:39:34+00:00\",\"breadcrumb\":{\"@id\":\"https:\/\/ordoline.com\/pl\/treatment-process-b2c\/#breadcrumb\"},\"inLanguage\":\"pl-PL\",\"potentialAction\":[{\"@type\":\"ReadAction\",\"target\":[\"https:\/\/ordoline.com\/pl\/treatment-process-b2c\/\"]}]},{\"@type\":\"BreadcrumbList\",\"@id\":\"https:\/\/ordoline.com\/pl\/treatment-process-b2c\/#breadcrumb\",\"itemListElement\":[{\"@type\":\"ListItem\",\"position\":1,\"name\":\"Home\",\"item\":\"https:\/\/ordoline.com\/pl\/\"},{\"@type\":\"ListItem\",\"position\":2,\"name\":\"Efekty leczenia kt\u00f3remu mo\u017cesz zaufa\u0107\"}]},{\"@type\":\"WebSite\",\"@id\":\"https:\/\/ordoline.com\/pl\/#website\",\"url\":\"https:\/\/ordoline.com\/pl\/\",\"name\":\"Ordoline\",\"description\":\"Confidence and predictability with every aligner case\",\"publisher\":{\"@id\":\"https:\/\/ordoline.com\/pl\/#organization\"},\"potentialAction\":[{\"@type\":\"SearchAction\",\"target\":{\"@type\":\"EntryPoint\",\"urlTemplate\":\"https:\/\/ordoline.com\/pl\/?s={search_term_string}\"},\"query-input\":{\"@type\":\"PropertyValueSpecification\",\"valueRequired\":true,\"valueName\":\"search_term_string\"}}],\"inLanguage\":\"pl-PL\"},{\"@type\":\"Organization\",\"@id\":\"https:\/\/ordoline.com\/pl\/#organization\",\"name\":\"Ordoline\",\"url\":\"https:\/\/ordoline.com\/pl\/\",\"logo\":{\"@type\":\"ImageObject\",\"inLanguage\":\"pl-PL\",\"@id\":\"https:\/\/ordoline.com\/pl\/#\/schema\/logo\/image\/\",\"url\":\"https:\/\/ordoline.com\/wp-content\/uploads\/2021\/08\/ordoline_logo-juodas-4.png\",\"contentUrl\":\"https:\/\/ordoline.com\/wp-content\/uploads\/2021\/08\/ordoline_logo-juodas-4.png\",\"width\":199,\"height\":40,\"caption\":\"Ordoline\"},\"image\":{\"@id\":\"https:\/\/ordoline.com\/pl\/#\/schema\/logo\/image\/\"}}]}<\/script>\n<!-- \/ Yoast SEO plugin. -->","yoast_head_json":{"title":"Efekty leczenia kt\u00f3remu mo\u017cesz zaufa\u0107 - Ordoline","robots":{"index":"index","follow":"follow","max-snippet":"max-snippet:-1","max-image-preview":"max-image-preview:large","max-video-preview":"max-video-preview:-1"},"canonical":"https:\/\/ordoline.com\/pl\/treatment-process-b2c\/","og_locale":"pl_PL","og_type":"article","og_title":"Efekty leczenia kt\u00f3remu mo\u017cesz zaufa\u0107 - Ordoline","og_description":"Ordoline wprowadzi\u0142o leczenie nak\u0142adkami na nowy poziom \u2014 pomagaj\u0105c ludziom w ka\u017cdym wieku osi\u0105gn\u0105\u0107 zdrowe, pi\u0119kne u\u015bmiechy z wysok\u0105 dok\u0142adno\u015bci\u0105 leczenia i klinicznie udowodnionymi wynikami. Od drobnych korekt po z\u0142o\u017cone przypadki ortodontyczne, nasz system zapewnia przewidywalne rezultaty.","og_url":"https:\/\/ordoline.com\/pl\/treatment-process-b2c\/","og_site_name":"Ordoline","article_modified_time":"2025-05-20T05:39:34+00:00","twitter_card":"summary_large_image","twitter_misc":{"Szacowany czas czytania":"1 minuta"},"schema":{"@context":"https:\/\/schema.org","@graph":[{"@type":"WebPage","@id":"https:\/\/ordoline.com\/pl\/treatment-process-b2c\/","url":"https:\/\/ordoline.com\/pl\/treatment-process-b2c\/","name":"Efekty leczenia kt\u00f3remu mo\u017cesz zaufa\u0107 - Ordoline","isPartOf":{"@id":"https:\/\/ordoline.com\/pl\/#website"},"datePublished":"2021-08-18T09:33:12+00:00","dateModified":"2025-05-20T05:39:34+00:00","breadcrumb":{"@id":"https:\/\/ordoline.com\/pl\/treatment-process-b2c\/#breadcrumb"},"inLanguage":"pl-PL","potentialAction":[{"@type":"ReadAction","target":["https:\/\/ordoline.com\/pl\/treatment-process-b2c\/"]}]},{"@type":"BreadcrumbList","@id":"https:\/\/ordoline.com\/pl\/treatment-process-b2c\/#breadcrumb","itemListElement":[{"@type":"ListItem","position":1,"name":"Home","item":"https:\/\/ordoline.com\/pl\/"},{"@type":"ListItem","position":2,"name":"Efekty leczenia kt\u00f3remu mo\u017cesz zaufa\u0107"}]},{"@type":"WebSite","@id":"https:\/\/ordoline.com\/pl\/#website","url":"https:\/\/ordoline.com\/pl\/","name":"Ordoline","description":"Confidence and predictability with every aligner case","publisher":{"@id":"https:\/\/ordoline.com\/pl\/#organization"},"potentialAction":[{"@type":"SearchAction","target":{"@type":"EntryPoint","urlTemplate":"https:\/\/ordoline.com\/pl\/?s={search_term_string}"},"query-input":{"@type":"PropertyValueSpecification","valueRequired":true,"valueName":"search_term_string"}}],"inLanguage":"pl-PL"},{"@type":"Organization","@id":"https:\/\/ordoline.com\/pl\/#organization","name":"Ordoline","url":"https:\/\/ordoline.com\/pl\/","logo":{"@type":"ImageObject","inLanguage":"pl-PL","@id":"https:\/\/ordoline.com\/pl\/#\/schema\/logo\/image\/","url":"https:\/\/ordoline.com\/wp-content\/uploads\/2021\/08\/ordoline_logo-juodas-4.png","contentUrl":"https:\/\/ordoline.com\/wp-content\/uploads\/2021\/08\/ordoline_logo-juodas-4.png","width":199,"height":40,"caption":"Ordoline"},"image":{"@id":"https:\/\/ordoline.com\/pl\/#\/schema\/logo\/image\/"}}]}},"_links":{"self":[{"href":"https:\/\/ordoline.com\/pl\/wp-json\/wp\/v2\/pages\/14894","targetHints":{"allow":["GET"]}}],"collection":[{"href":"https:\/\/ordoline.com\/pl\/wp-json\/wp\/v2\/pages"}],"about":[{"href":"https:\/\/ordoline.com\/pl\/wp-json\/wp\/v2\/types\/page"}],"author":[{"embeddable":true,"href":"https:\/\/ordoline.com\/pl\/wp-json\/wp\/v2\/users\/1"}],"replies":[{"embeddable":true,"href":"https:\/\/ordoline.com\/pl\/wp-json\/wp\/v2\/comments?post=14894"}],"version-history":[{"count":0,"href":"https:\/\/ordoline.com\/pl\/wp-json\/wp\/v2\/pages\/14894\/revisions"}],"wp:attachment":[{"href":"https:\/\/ordoline.com\/pl\/wp-json\/wp\/v2\/media?parent=14894"}],"curies":[{"name":"wp","href":"https:\/\/api.w.org\/{rel}","templated":true}]}}