{"id":14890,"date":"2021-08-18T09:41:21","date_gmt":"2021-08-18T09:41:21","guid":{"rendered":"https:\/\/ordoline.com\/we-are-happy-to-hear-from-you\/"},"modified":"2025-04-23T15:44:52","modified_gmt":"2025-04-23T15:44:52","slug":"we-are-happy-to-hear-from-you","status":"publish","type":"page","link":"https:\/\/ordoline.com\/pl\/we-are-happy-to-hear-from-you\/","title":{"rendered":"Prze\u015blij swoje dane, a Tw\u00f3j lokalny kierownik wkr\u00f3tce si\u0119 z Tob\u0105 skontaktuje"},"content":{"rendered":"\n<p><\/p>\n\n\n\n<div class=\"wp-block-contact-form-7-contact-form-selector\">\n<div class=\"wpcf7 no-js\" id=\"wpcf7-f14687-o1\" lang=\"pl-PL\" dir=\"ltr\" data-wpcf7-id=\"14687\">\n<div class=\"screen-reader-response\"><p role=\"status\" aria-live=\"polite\" aria-atomic=\"true\"><\/p> <ul><\/ul><\/div>\n<form action=\"\/pl\/wp-json\/wp\/v2\/pages\/14890#wpcf7-f14687-o1\" method=\"post\" class=\"wpcf7-form init\" aria-label=\"Formularz kontaktowy\" novalidate=\"novalidate\" data-status=\"init\">\n<div style=\"display: none;\">\n<input type=\"hidden\" name=\"_wpcf7\" value=\"14687\" \/>\n<input type=\"hidden\" name=\"_wpcf7_version\" value=\"6.0.6\" \/>\n<input type=\"hidden\" name=\"_wpcf7_locale\" value=\"pl_PL\" \/>\n<input type=\"hidden\" name=\"_wpcf7_unit_tag\" value=\"wpcf7-f14687-o1\" \/>\n<input type=\"hidden\" name=\"_wpcf7_container_post\" value=\"0\" \/>\n<input type=\"hidden\" name=\"_wpcf7_posted_data_hash\" value=\"\" \/>\n<input type=\"hidden\" name=\"_wpcf7_recaptcha_response\" value=\"\" \/>\n<\/div>\n<div class=\"input\"><label for=\"name\">Imi\u0119<\/label><span class=\"wpcf7-form-control-wrap\" data-name=\"user-name\"><input size=\"40\" maxlength=\"400\" class=\"wpcf7-form-control wpcf7-text wpcf7-validates-as-required\" id=\"name\" aria-required=\"true\" aria-invalid=\"false\" value=\"\" type=\"text\" name=\"user-name\" \/><\/span><\/div>\n<div class=\"input\"><label>Email*<\/label><span class=\"wpcf7-form-control-wrap\" data-name=\"verification\"><input size=\"40\" maxlength=\"400\" class=\"wpcf7-form-control wpcf7-email wpcf7-validates-as-required wpcf7-text wpcf7-validates-as-email\" aria-required=\"true\" aria-invalid=\"false\" value=\"\" type=\"email\" name=\"verification\" \/><\/span><\/div>\n<div class=\"input\"><p class=\"evcf7p-verify-btn\"><input type=\"button\" name=\"evcf7p-verify-email\" value=\"Verify e-mail\"><span class=\"loader\"><\/span><\/p><\/div>\n<div class=\"input\"><label>Weryfikacja e-maila (OTP)*<\/label><span class=\"wpcf7-form-control-wrap\" data-name=\"verification-otp\"><input size=\"40\" maxlength=\"400\" class=\"wpcf7-form-control wpcf7-text wpcf7-validates-as-required\" aria-required=\"true\" aria-invalid=\"false\" value=\"\" type=\"text\" name=\"verification-otp\" \/><\/span><\/div>\n<div class=\"input\"><label for=\"message\">Wiadomo\u015b\u0107<\/label><span class=\"wpcf7-form-control-wrap\" data-name=\"user-message\"><input size=\"40\" maxlength=\"400\" class=\"wpcf7-form-control wpcf7-text\" id=\"message\" aria-invalid=\"false\" value=\"\" type=\"text\" name=\"user-message\" \/><\/span><\/div>\n\n<div class=\"input\"><label for=\"country\">Kraj<\/label><span class=\"wpcf7-form-control-wrap\" data-name=\"country-field\"><input size=\"40\" maxlength=\"400\" class=\"wpcf7-form-control wpcf7-text wpcf7-validates-as-required\" id=\"country\" aria-required=\"true\" aria-invalid=\"false\" value=\"\" type=\"text\" name=\"country-field\" \/><\/span><\/div>\n<div class=\"input\"><label for=\"city\">Miasto<\/label><span class=\"wpcf7-form-control-wrap\" data-name=\"city-field\"><input size=\"40\" maxlength=\"400\" class=\"wpcf7-form-control wpcf7-text wpcf7-validates-as-required\" id=\"city\" aria-required=\"true\" aria-invalid=\"false\" value=\"\" type=\"text\" name=\"city-field\" \/><\/span><\/div>\n<div class=\"input\"><label for=\"phone-number\">Numer telefonu<\/label><span class=\"wpcf7-form-control-wrap\" data-name=\"phone-field\"><input size=\"40\" maxlength=\"400\" class=\"wpcf7-form-control wpcf7-tel wpcf7-validates-as-required wpcf7-text wpcf7-validates-as-tel\" id=\"phone-number\" aria-required=\"true\" aria-invalid=\"false\" value=\"\" type=\"tel\" name=\"phone-field\" \/><\/span><\/div>\n\n<div class=\"button button--circle contact-send-btn\">\n  <label class=\"text\" data-text=\"Wy\u015blij\"><span><input class=\"wpcf7-form-control wpcf7-submit has-spinner\" type=\"submit\" value=\"Wy\u015blij\" \/><\/span><\/label>\n  <div class=\"icon-wrapper\">\n    <span id=\"\" class=\"icon circle\">\n      <svg width=\"41\" height=\"41\" fill=\"none\" xmlns=\"http:\/\/www.w3.org\/2000\/svg\">\n        <circle cx=\"20.5\" cy=\"20.5\" r=\"20.1\" stroke=\"#fff\" stroke-width=\".8\"\/>\n      <\/svg>\n    <\/span>\n    <span id=\"\" class=\"icon arrow-top\">\n      <svg width=\"16\" height=\"8\" fill=\"none\" xmlns=\"http:\/\/www.w3.org\/2000\/svg\">\n        <path d=\"M1 3.5a.5.5 0 000 1v-1zm14.354.854a.5.5 0 000-.708L12.172.464a.5.5 0 10-.708.708L14.293 4l-2.829 2.828a.5.5 0 10.708.708l3.182-3.182zM1 4.5h14v-1H1v1z\" fill=\"#fff\"\/>\n      <\/svg>\n    <\/span>\n  <\/div>\n<\/div>\n\n<div class='form-loader'>\n  <p>Wysy\u0142anie...<\/p>\n  <img src='http:\/\/ordoline.com\/wp-content\/uploads\/2022\/12\/loader-1.svg' alt='loader img'>\n<\/div>\n\n<div class=\"recaptcha-note\">\n  Ta strona jest chroniona przez reCAPTCHA oraz Google.\n  <a href=\"https:\/\/policies.google.com\/privacy\">Polityka prywatno\u015bci<\/a> oraz\n  <a href=\"https:\/\/policies.google.com\/terms\">Warunki korzystania z us\u0142ug<\/a> maj\u0105 zastosowanie.\n<\/div>\n<div class=\"wpcf7-response-output\" aria-hidden=\"true\"><\/div>\n<\/form>\n<\/div>\n<\/div>\n","protected":false},"excerpt":{"rendered":"","protected":false},"author":1,"featured_media":19196,"parent":0,"menu_order":0,"comment_status":"closed","ping_status":"closed","template":"page-contact.php","meta":{"_acf_changed":false,"inline_featured_image":false,"footnotes":""},"class_list":["post-14890","page","type-page","status-publish","has-post-thumbnail","hentry"],"acf":[],"yoast_head":"<!-- This site is optimized with the Yoast SEO plugin v25.9 - https:\/\/yoast.com\/wordpress\/plugins\/seo\/ -->\n<title>Prze\u015blij swoje dane, a Tw\u00f3j lokalny kierownik wkr\u00f3tce si\u0119 z Tob\u0105 skontaktuje - Ordoline<\/title>\n<meta name=\"robots\" content=\"index, follow, max-snippet:-1, max-image-preview:large, max-video-preview:-1\" \/>\n<link rel=\"canonical\" href=\"https:\/\/ordoline.com\/pl\/we-are-happy-to-hear-from-you\/\" \/>\n<meta property=\"og:locale\" content=\"pl_PL\" \/>\n<meta property=\"og:type\" content=\"article\" \/>\n<meta property=\"og:title\" content=\"Prze\u015blij swoje dane, a Tw\u00f3j lokalny kierownik wkr\u00f3tce si\u0119 z Tob\u0105 skontaktuje - Ordoline\" \/>\n<meta property=\"og:url\" content=\"https:\/\/ordoline.com\/pl\/we-are-happy-to-hear-from-you\/\" \/>\n<meta property=\"og:site_name\" content=\"Ordoline\" \/>\n<meta property=\"article:modified_time\" content=\"2025-04-23T15:44:52+00:00\" \/>\n<meta property=\"og:image\" content=\"http:\/\/ordoline.com\/wp-content\/uploads\/2021\/12\/About-1-min.png\" \/>\n\t<meta property=\"og:image:width\" content=\"944\" \/>\n\t<meta property=\"og:image:height\" content=\"1158\" \/>\n\t<meta property=\"og:image:type\" content=\"image\/png\" \/>\n<meta name=\"twitter:card\" content=\"summary_large_image\" \/>\n<meta name=\"twitter:label1\" content=\"Szacowany czas czytania\" \/>\n\t<meta name=\"twitter:data1\" content=\"1 minuta\" \/>\n<script type=\"application\/ld+json\" class=\"yoast-schema-graph\">{\"@context\":\"https:\/\/schema.org\",\"@graph\":[{\"@type\":\"WebPage\",\"@id\":\"https:\/\/ordoline.com\/pl\/we-are-happy-to-hear-from-you\/\",\"url\":\"https:\/\/ordoline.com\/pl\/we-are-happy-to-hear-from-you\/\",\"name\":\"Prze\u015blij swoje dane, a Tw\u00f3j lokalny kierownik wkr\u00f3tce si\u0119 z Tob\u0105 skontaktuje - Ordoline\",\"isPartOf\":{\"@id\":\"https:\/\/ordoline.com\/pl\/#website\"},\"primaryImageOfPage\":{\"@id\":\"https:\/\/ordoline.com\/pl\/we-are-happy-to-hear-from-you\/#primaryimage\"},\"image\":{\"@id\":\"https:\/\/ordoline.com\/pl\/we-are-happy-to-hear-from-you\/#primaryimage\"},\"thumbnailUrl\":\"https:\/\/ordoline.com\/wp-content\/uploads\/2025\/05\/conntact-us.webp\",\"datePublished\":\"2021-08-18T09:41:21+00:00\",\"dateModified\":\"2025-04-23T15:44:52+00:00\",\"breadcrumb\":{\"@id\":\"https:\/\/ordoline.com\/pl\/we-are-happy-to-hear-from-you\/#breadcrumb\"},\"inLanguage\":\"pl-PL\",\"potentialAction\":[{\"@type\":\"ReadAction\",\"target\":[\"https:\/\/ordoline.com\/pl\/we-are-happy-to-hear-from-you\/\"]}]},{\"@type\":\"ImageObject\",\"inLanguage\":\"pl-PL\",\"@id\":\"https:\/\/ordoline.com\/pl\/we-are-happy-to-hear-from-you\/#primaryimage\",\"url\":\"https:\/\/ordoline.com\/wp-content\/uploads\/2025\/05\/conntact-us.webp\",\"contentUrl\":\"https:\/\/ordoline.com\/wp-content\/uploads\/2025\/05\/conntact-us.webp\",\"width\":713,\"height\":833},{\"@type\":\"BreadcrumbList\",\"@id\":\"https:\/\/ordoline.com\/pl\/we-are-happy-to-hear-from-you\/#breadcrumb\",\"itemListElement\":[{\"@type\":\"ListItem\",\"position\":1,\"name\":\"Home\",\"item\":\"https:\/\/ordoline.com\/pl\/\"},{\"@type\":\"ListItem\",\"position\":2,\"name\":\"Prze\u015blij swoje dane, a Tw\u00f3j lokalny kierownik wkr\u00f3tce si\u0119 z Tob\u0105 skontaktuje\"}]},{\"@type\":\"WebSite\",\"@id\":\"https:\/\/ordoline.com\/pl\/#website\",\"url\":\"https:\/\/ordoline.com\/pl\/\",\"name\":\"Ordoline\",\"description\":\"Confidence and predictability with every aligner case\",\"publisher\":{\"@id\":\"https:\/\/ordoline.com\/pl\/#organization\"},\"potentialAction\":[{\"@type\":\"SearchAction\",\"target\":{\"@type\":\"EntryPoint\",\"urlTemplate\":\"https:\/\/ordoline.com\/pl\/?s={search_term_string}\"},\"query-input\":{\"@type\":\"PropertyValueSpecification\",\"valueRequired\":true,\"valueName\":\"search_term_string\"}}],\"inLanguage\":\"pl-PL\"},{\"@type\":\"Organization\",\"@id\":\"https:\/\/ordoline.com\/pl\/#organization\",\"name\":\"Ordoline\",\"url\":\"https:\/\/ordoline.com\/pl\/\",\"logo\":{\"@type\":\"ImageObject\",\"inLanguage\":\"pl-PL\",\"@id\":\"https:\/\/ordoline.com\/pl\/#\/schema\/logo\/image\/\",\"url\":\"https:\/\/ordoline.com\/wp-content\/uploads\/2021\/08\/ordoline_logo-juodas-4.png\",\"contentUrl\":\"https:\/\/ordoline.com\/wp-content\/uploads\/2021\/08\/ordoline_logo-juodas-4.png\",\"width\":199,\"height\":40,\"caption\":\"Ordoline\"},\"image\":{\"@id\":\"https:\/\/ordoline.com\/pl\/#\/schema\/logo\/image\/\"}}]}<\/script>\n<!-- \/ Yoast SEO plugin. -->","yoast_head_json":{"title":"Prze\u015blij swoje dane, a Tw\u00f3j lokalny kierownik wkr\u00f3tce si\u0119 z Tob\u0105 skontaktuje - Ordoline","robots":{"index":"index","follow":"follow","max-snippet":"max-snippet:-1","max-image-preview":"max-image-preview:large","max-video-preview":"max-video-preview:-1"},"canonical":"https:\/\/ordoline.com\/pl\/we-are-happy-to-hear-from-you\/","og_locale":"pl_PL","og_type":"article","og_title":"Prze\u015blij swoje dane, a Tw\u00f3j lokalny kierownik wkr\u00f3tce si\u0119 z Tob\u0105 skontaktuje - Ordoline","og_url":"https:\/\/ordoline.com\/pl\/we-are-happy-to-hear-from-you\/","og_site_name":"Ordoline","article_modified_time":"2025-04-23T15:44:52+00:00","og_image":[{"width":944,"height":1158,"url":"http:\/\/ordoline.com\/wp-content\/uploads\/2021\/12\/About-1-min.png","type":"image\/png"}],"twitter_card":"summary_large_image","twitter_misc":{"Szacowany czas czytania":"1 minuta"},"schema":{"@context":"https:\/\/schema.org","@graph":[{"@type":"WebPage","@id":"https:\/\/ordoline.com\/pl\/we-are-happy-to-hear-from-you\/","url":"https:\/\/ordoline.com\/pl\/we-are-happy-to-hear-from-you\/","name":"Prze\u015blij swoje dane, a Tw\u00f3j lokalny kierownik wkr\u00f3tce si\u0119 z Tob\u0105 skontaktuje - Ordoline","isPartOf":{"@id":"https:\/\/ordoline.com\/pl\/#website"},"primaryImageOfPage":{"@id":"https:\/\/ordoline.com\/pl\/we-are-happy-to-hear-from-you\/#primaryimage"},"image":{"@id":"https:\/\/ordoline.com\/pl\/we-are-happy-to-hear-from-you\/#primaryimage"},"thumbnailUrl":"https:\/\/ordoline.com\/wp-content\/uploads\/2025\/05\/conntact-us.webp","datePublished":"2021-08-18T09:41:21+00:00","dateModified":"2025-04-23T15:44:52+00:00","breadcrumb":{"@id":"https:\/\/ordoline.com\/pl\/we-are-happy-to-hear-from-you\/#breadcrumb"},"inLanguage":"pl-PL","potentialAction":[{"@type":"ReadAction","target":["https:\/\/ordoline.com\/pl\/we-are-happy-to-hear-from-you\/"]}]},{"@type":"ImageObject","inLanguage":"pl-PL","@id":"https:\/\/ordoline.com\/pl\/we-are-happy-to-hear-from-you\/#primaryimage","url":"https:\/\/ordoline.com\/wp-content\/uploads\/2025\/05\/conntact-us.webp","contentUrl":"https:\/\/ordoline.com\/wp-content\/uploads\/2025\/05\/conntact-us.webp","width":713,"height":833},{"@type":"BreadcrumbList","@id":"https:\/\/ordoline.com\/pl\/we-are-happy-to-hear-from-you\/#breadcrumb","itemListElement":[{"@type":"ListItem","position":1,"name":"Home","item":"https:\/\/ordoline.com\/pl\/"},{"@type":"ListItem","position":2,"name":"Prze\u015blij swoje dane, a Tw\u00f3j lokalny kierownik wkr\u00f3tce si\u0119 z Tob\u0105 skontaktuje"}]},{"@type":"WebSite","@id":"https:\/\/ordoline.com\/pl\/#website","url":"https:\/\/ordoline.com\/pl\/","name":"Ordoline","description":"Confidence and predictability with every aligner case","publisher":{"@id":"https:\/\/ordoline.com\/pl\/#organization"},"potentialAction":[{"@type":"SearchAction","target":{"@type":"EntryPoint","urlTemplate":"https:\/\/ordoline.com\/pl\/?s={search_term_string}"},"query-input":{"@type":"PropertyValueSpecification","valueRequired":true,"valueName":"search_term_string"}}],"inLanguage":"pl-PL"},{"@type":"Organization","@id":"https:\/\/ordoline.com\/pl\/#organization","name":"Ordoline","url":"https:\/\/ordoline.com\/pl\/","logo":{"@type":"ImageObject","inLanguage":"pl-PL","@id":"https:\/\/ordoline.com\/pl\/#\/schema\/logo\/image\/","url":"https:\/\/ordoline.com\/wp-content\/uploads\/2021\/08\/ordoline_logo-juodas-4.png","contentUrl":"https:\/\/ordoline.com\/wp-content\/uploads\/2021\/08\/ordoline_logo-juodas-4.png","width":199,"height":40,"caption":"Ordoline"},"image":{"@id":"https:\/\/ordoline.com\/pl\/#\/schema\/logo\/image\/"}}]}},"_links":{"self":[{"href":"https:\/\/ordoline.com\/pl\/wp-json\/wp\/v2\/pages\/14890","targetHints":{"allow":["GET"]}}],"collection":[{"href":"https:\/\/ordoline.com\/pl\/wp-json\/wp\/v2\/pages"}],"about":[{"href":"https:\/\/ordoline.com\/pl\/wp-json\/wp\/v2\/types\/page"}],"author":[{"embeddable":true,"href":"https:\/\/ordoline.com\/pl\/wp-json\/wp\/v2\/users\/1"}],"replies":[{"embeddable":true,"href":"https:\/\/ordoline.com\/pl\/wp-json\/wp\/v2\/comments?post=14890"}],"version-history":[{"count":0,"href":"https:\/\/ordoline.com\/pl\/wp-json\/wp\/v2\/pages\/14890\/revisions"}],"wp:featuredmedia":[{"embeddable":true,"href":"https:\/\/ordoline.com\/pl\/wp-json\/wp\/v2\/media\/19196"}],"wp:attachment":[{"href":"https:\/\/ordoline.com\/pl\/wp-json\/wp\/v2\/media?parent=14890"}],"curies":[{"name":"wp","href":"https:\/\/api.w.org\/{rel}","templated":true}]}}