{"id":14877,"date":"2021-10-10T12:34:53","date_gmt":"2021-10-10T12:34:53","guid":{"rendered":"https:\/\/ordoline.com\/aligners-vs-braces-b2b\/"},"modified":"2025-05-20T04:42:38","modified_gmt":"2025-05-20T04:42:38","slug":"aligners-vs-braces-b2b","status":"publish","type":"page","link":"https:\/\/ordoline.com\/pl\/aligners-vs-braces-b2b\/","title":{"rendered":"Nak\u0142adki a aparaty ortodontyczne"},"content":{"rendered":"\n<p>Zar\u00f3wno nak\u0142adki, jak i aparaty ortodontyczne s\u0105 skutecznymi narz\u0119dziami do korekcji ortodontycznej. Jednak nowoczesne, przezroczyste nak\u0142adki oferuj\u0105 teraz wysok\u0105 przewidywalno\u015b\u0107 leczenia, kr\u00f3tszy czas wizyty i bardziej komfortowe do\u015bwiadczenie pacjenta \u2014 nawet w skomplikowanych przypadkach.<\/p>\n\n\n\n<p><\/p>\n","protected":false},"excerpt":{"rendered":"<p>Zar\u00f3wno nak\u0142adki, jak i aparaty ortodontyczne s\u0105 skutecznymi narz\u0119dziami do korekcji ortodontycznej. Jednak nowoczesne, przezroczyste nak\u0142adki oferuj\u0105 teraz wysok\u0105 przewidywalno\u015b\u0107 leczenia, kr\u00f3tszy czas wizyty i bardziej komfortowe do\u015bwiadczenie pacjenta \u2014 nawet w skomplikowanych przypadkach.<\/p>\n","protected":false},"author":1,"featured_media":14879,"parent":0,"menu_order":0,"comment_status":"closed","ping_status":"closed","template":"page-comparison-b2b.php","meta":{"_acf_changed":false,"inline_featured_image":false,"footnotes":""},"class_list":["post-14877","page","type-page","status-publish","has-post-thumbnail","hentry"],"acf":[],"yoast_head":"<!-- This site is optimized with the Yoast SEO plugin v25.9 - https:\/\/yoast.com\/wordpress\/plugins\/seo\/ -->\n<title>Nak\u0142adki a aparaty ortodontyczne - Ordoline<\/title>\n<meta name=\"robots\" content=\"index, follow, max-snippet:-1, max-image-preview:large, max-video-preview:-1\" \/>\n<link rel=\"canonical\" href=\"https:\/\/ordoline.com\/pl\/aligners-vs-braces-b2b\/\" \/>\n<meta property=\"og:locale\" content=\"pl_PL\" \/>\n<meta property=\"og:type\" content=\"article\" \/>\n<meta property=\"og:title\" content=\"Nak\u0142adki a aparaty ortodontyczne - Ordoline\" \/>\n<meta property=\"og:description\" content=\"Zar\u00f3wno nak\u0142adki, jak i aparaty ortodontyczne s\u0105 skutecznymi narz\u0119dziami do korekcji ortodontycznej. Jednak nowoczesne, przezroczyste nak\u0142adki oferuj\u0105 teraz wysok\u0105 przewidywalno\u015b\u0107 leczenia, kr\u00f3tszy czas wizyty i bardziej komfortowe do\u015bwiadczenie pacjenta \u2014 nawet w skomplikowanych przypadkach.\" \/>\n<meta property=\"og:url\" content=\"https:\/\/ordoline.com\/pl\/aligners-vs-braces-b2b\/\" \/>\n<meta property=\"og:site_name\" content=\"Ordoline\" \/>\n<meta property=\"article:modified_time\" content=\"2025-05-20T04:42:38+00:00\" \/>\n<meta property=\"og:image\" content=\"https:\/\/ordoline.com\/wp-content\/uploads\/2021\/08\/cut-1.png\" \/>\n\t<meta property=\"og:image:width\" content=\"1786\" \/>\n\t<meta property=\"og:image:height\" content=\"1360\" \/>\n\t<meta property=\"og:image:type\" content=\"image\/png\" \/>\n<meta name=\"twitter:card\" content=\"summary_large_image\" \/>\n<meta name=\"twitter:label1\" content=\"Szacowany czas czytania\" \/>\n\t<meta name=\"twitter:data1\" content=\"1 minuta\" \/>\n<script type=\"application\/ld+json\" class=\"yoast-schema-graph\">{\"@context\":\"https:\/\/schema.org\",\"@graph\":[{\"@type\":\"WebPage\",\"@id\":\"https:\/\/ordoline.com\/pl\/aligners-vs-braces-b2b\/\",\"url\":\"https:\/\/ordoline.com\/pl\/aligners-vs-braces-b2b\/\",\"name\":\"Nak\u0142adki a aparaty ortodontyczne - Ordoline\",\"isPartOf\":{\"@id\":\"https:\/\/ordoline.com\/pl\/#website\"},\"primaryImageOfPage\":{\"@id\":\"https:\/\/ordoline.com\/pl\/aligners-vs-braces-b2b\/#primaryimage\"},\"image\":{\"@id\":\"https:\/\/ordoline.com\/pl\/aligners-vs-braces-b2b\/#primaryimage\"},\"thumbnailUrl\":\"https:\/\/ordoline.com\/wp-content\/uploads\/2021\/08\/cut-1.png\",\"datePublished\":\"2021-10-10T12:34:53+00:00\",\"dateModified\":\"2025-05-20T04:42:38+00:00\",\"breadcrumb\":{\"@id\":\"https:\/\/ordoline.com\/pl\/aligners-vs-braces-b2b\/#breadcrumb\"},\"inLanguage\":\"pl-PL\",\"potentialAction\":[{\"@type\":\"ReadAction\",\"target\":[\"https:\/\/ordoline.com\/pl\/aligners-vs-braces-b2b\/\"]}]},{\"@type\":\"ImageObject\",\"inLanguage\":\"pl-PL\",\"@id\":\"https:\/\/ordoline.com\/pl\/aligners-vs-braces-b2b\/#primaryimage\",\"url\":\"https:\/\/ordoline.com\/wp-content\/uploads\/2021\/08\/cut-1.png\",\"contentUrl\":\"https:\/\/ordoline.com\/wp-content\/uploads\/2021\/08\/cut-1.png\",\"width\":1786,\"height\":1360},{\"@type\":\"BreadcrumbList\",\"@id\":\"https:\/\/ordoline.com\/pl\/aligners-vs-braces-b2b\/#breadcrumb\",\"itemListElement\":[{\"@type\":\"ListItem\",\"position\":1,\"name\":\"Home\",\"item\":\"https:\/\/ordoline.com\/pl\/\"},{\"@type\":\"ListItem\",\"position\":2,\"name\":\"Nak\u0142adki a aparaty ortodontyczne\"}]},{\"@type\":\"WebSite\",\"@id\":\"https:\/\/ordoline.com\/pl\/#website\",\"url\":\"https:\/\/ordoline.com\/pl\/\",\"name\":\"Ordoline\",\"description\":\"Confidence and predictability with every aligner case\",\"publisher\":{\"@id\":\"https:\/\/ordoline.com\/pl\/#organization\"},\"potentialAction\":[{\"@type\":\"SearchAction\",\"target\":{\"@type\":\"EntryPoint\",\"urlTemplate\":\"https:\/\/ordoline.com\/pl\/?s={search_term_string}\"},\"query-input\":{\"@type\":\"PropertyValueSpecification\",\"valueRequired\":true,\"valueName\":\"search_term_string\"}}],\"inLanguage\":\"pl-PL\"},{\"@type\":\"Organization\",\"@id\":\"https:\/\/ordoline.com\/pl\/#organization\",\"name\":\"Ordoline\",\"url\":\"https:\/\/ordoline.com\/pl\/\",\"logo\":{\"@type\":\"ImageObject\",\"inLanguage\":\"pl-PL\",\"@id\":\"https:\/\/ordoline.com\/pl\/#\/schema\/logo\/image\/\",\"url\":\"https:\/\/ordoline.com\/wp-content\/uploads\/2021\/08\/ordoline_logo-juodas-4.png\",\"contentUrl\":\"https:\/\/ordoline.com\/wp-content\/uploads\/2021\/08\/ordoline_logo-juodas-4.png\",\"width\":199,\"height\":40,\"caption\":\"Ordoline\"},\"image\":{\"@id\":\"https:\/\/ordoline.com\/pl\/#\/schema\/logo\/image\/\"}}]}<\/script>\n<!-- \/ Yoast SEO plugin. -->","yoast_head_json":{"title":"Nak\u0142adki a aparaty ortodontyczne - Ordoline","robots":{"index":"index","follow":"follow","max-snippet":"max-snippet:-1","max-image-preview":"max-image-preview:large","max-video-preview":"max-video-preview:-1"},"canonical":"https:\/\/ordoline.com\/pl\/aligners-vs-braces-b2b\/","og_locale":"pl_PL","og_type":"article","og_title":"Nak\u0142adki a aparaty ortodontyczne - Ordoline","og_description":"Zar\u00f3wno nak\u0142adki, jak i aparaty ortodontyczne s\u0105 skutecznymi narz\u0119dziami do korekcji ortodontycznej. Jednak nowoczesne, przezroczyste nak\u0142adki oferuj\u0105 teraz wysok\u0105 przewidywalno\u015b\u0107 leczenia, kr\u00f3tszy czas wizyty i bardziej komfortowe do\u015bwiadczenie pacjenta \u2014 nawet w skomplikowanych przypadkach.","og_url":"https:\/\/ordoline.com\/pl\/aligners-vs-braces-b2b\/","og_site_name":"Ordoline","article_modified_time":"2025-05-20T04:42:38+00:00","og_image":[{"width":1786,"height":1360,"url":"https:\/\/ordoline.com\/wp-content\/uploads\/2021\/08\/cut-1.png","type":"image\/png"}],"twitter_card":"summary_large_image","twitter_misc":{"Szacowany czas czytania":"1 minuta"},"schema":{"@context":"https:\/\/schema.org","@graph":[{"@type":"WebPage","@id":"https:\/\/ordoline.com\/pl\/aligners-vs-braces-b2b\/","url":"https:\/\/ordoline.com\/pl\/aligners-vs-braces-b2b\/","name":"Nak\u0142adki a aparaty ortodontyczne - Ordoline","isPartOf":{"@id":"https:\/\/ordoline.com\/pl\/#website"},"primaryImageOfPage":{"@id":"https:\/\/ordoline.com\/pl\/aligners-vs-braces-b2b\/#primaryimage"},"image":{"@id":"https:\/\/ordoline.com\/pl\/aligners-vs-braces-b2b\/#primaryimage"},"thumbnailUrl":"https:\/\/ordoline.com\/wp-content\/uploads\/2021\/08\/cut-1.png","datePublished":"2021-10-10T12:34:53+00:00","dateModified":"2025-05-20T04:42:38+00:00","breadcrumb":{"@id":"https:\/\/ordoline.com\/pl\/aligners-vs-braces-b2b\/#breadcrumb"},"inLanguage":"pl-PL","potentialAction":[{"@type":"ReadAction","target":["https:\/\/ordoline.com\/pl\/aligners-vs-braces-b2b\/"]}]},{"@type":"ImageObject","inLanguage":"pl-PL","@id":"https:\/\/ordoline.com\/pl\/aligners-vs-braces-b2b\/#primaryimage","url":"https:\/\/ordoline.com\/wp-content\/uploads\/2021\/08\/cut-1.png","contentUrl":"https:\/\/ordoline.com\/wp-content\/uploads\/2021\/08\/cut-1.png","width":1786,"height":1360},{"@type":"BreadcrumbList","@id":"https:\/\/ordoline.com\/pl\/aligners-vs-braces-b2b\/#breadcrumb","itemListElement":[{"@type":"ListItem","position":1,"name":"Home","item":"https:\/\/ordoline.com\/pl\/"},{"@type":"ListItem","position":2,"name":"Nak\u0142adki a aparaty ortodontyczne"}]},{"@type":"WebSite","@id":"https:\/\/ordoline.com\/pl\/#website","url":"https:\/\/ordoline.com\/pl\/","name":"Ordoline","description":"Confidence and predictability with every aligner case","publisher":{"@id":"https:\/\/ordoline.com\/pl\/#organization"},"potentialAction":[{"@type":"SearchAction","target":{"@type":"EntryPoint","urlTemplate":"https:\/\/ordoline.com\/pl\/?s={search_term_string}"},"query-input":{"@type":"PropertyValueSpecification","valueRequired":true,"valueName":"search_term_string"}}],"inLanguage":"pl-PL"},{"@type":"Organization","@id":"https:\/\/ordoline.com\/pl\/#organization","name":"Ordoline","url":"https:\/\/ordoline.com\/pl\/","logo":{"@type":"ImageObject","inLanguage":"pl-PL","@id":"https:\/\/ordoline.com\/pl\/#\/schema\/logo\/image\/","url":"https:\/\/ordoline.com\/wp-content\/uploads\/2021\/08\/ordoline_logo-juodas-4.png","contentUrl":"https:\/\/ordoline.com\/wp-content\/uploads\/2021\/08\/ordoline_logo-juodas-4.png","width":199,"height":40,"caption":"Ordoline"},"image":{"@id":"https:\/\/ordoline.com\/pl\/#\/schema\/logo\/image\/"}}]}},"_links":{"self":[{"href":"https:\/\/ordoline.com\/pl\/wp-json\/wp\/v2\/pages\/14877","targetHints":{"allow":["GET"]}}],"collection":[{"href":"https:\/\/ordoline.com\/pl\/wp-json\/wp\/v2\/pages"}],"about":[{"href":"https:\/\/ordoline.com\/pl\/wp-json\/wp\/v2\/types\/page"}],"author":[{"embeddable":true,"href":"https:\/\/ordoline.com\/pl\/wp-json\/wp\/v2\/users\/1"}],"replies":[{"embeddable":true,"href":"https:\/\/ordoline.com\/pl\/wp-json\/wp\/v2\/comments?post=14877"}],"version-history":[{"count":0,"href":"https:\/\/ordoline.com\/pl\/wp-json\/wp\/v2\/pages\/14877\/revisions"}],"wp:featuredmedia":[{"embeddable":true,"href":"https:\/\/ordoline.com\/pl\/wp-json\/wp\/v2\/media\/14879"}],"wp:attachment":[{"href":"https:\/\/ordoline.com\/pl\/wp-json\/wp\/v2\/media?parent=14877"}],"curies":[{"name":"wp","href":"https:\/\/api.w.org\/{rel}","templated":true}]}}