{"id":14875,"date":"2021-10-10T13:01:28","date_gmt":"2021-10-10T13:01:28","guid":{"rendered":"https:\/\/ordoline.com\/treatment-process-b2b\/"},"modified":"2025-05-20T04:29:34","modified_gmt":"2025-05-20T04:29:34","slug":"treatment-process-b2b","status":"publish","type":"page","link":"https:\/\/ordoline.com\/pl\/treatment-process-b2b\/","title":{"rendered":"Przewidywalne wyniki leczenia"},"content":{"rendered":"\n<p>Ordoline \u0142\u0105czy naukowo sprawdzone protoko\u0142y leczenia z wiedz\u0105 ortodontyczn\u0105, aby zapewni\u0107 wysok\u0105 dok\u0142adno\u015b\u0107 kliniczn\u0105 \u2014 od prostych ustawie\u0144 do z\u0142o\u017conych wad zgryzu.<\/p>\n\n\n\n<p>Poparte niezale\u017cnymi badaniami Ordoline osi\u0105ga dok\u0142adno\u015b\u0107 na poziomie 67\u201378% w z\u0142o\u017conych przypadkach, znacznie przekraczaj\u0105c standardowe \u015brednie rynkowe. Takie wyniki s\u0105 mo\u017cliwe dzi\u0119ki planowaniu prowadzonemu przez ekspert\u00f3w, 3-warstwowemu systemowi kontroli jako\u015bci i pe\u0142nej integracji \u015brodk\u00f3w pomocniczych ortodontycznych.<\/p>\n\n\n\n<p>Ordoline umo\u017cliwia pewne leczenie szerokiej grupy pacjent\u00f3w \u2014 od u\u017cytkownik\u00f3w nak\u0142adek po raz pierwszy po do\u015bwiadczonych ortodont\u00f3w zajmuj\u0105cych si\u0119 zaawansowanymi przypadkami.<\/p>\n","protected":false},"excerpt":{"rendered":"<p>Ordoline \u0142\u0105czy naukowo sprawdzone protoko\u0142y leczenia z wiedz\u0105 ortodontyczn\u0105, aby zapewni\u0107 wysok\u0105 dok\u0142adno\u015b\u0107 kliniczn\u0105 \u2014 od prostych ustawie\u0144 do z\u0142o\u017conych wad zgryzu. Poparte niezale\u017cnymi badaniami Ordoline osi\u0105ga dok\u0142adno\u015b\u0107 na poziomie 67\u201378% w z\u0142o\u017conych przypadkach, znacznie przekraczaj\u0105c standardowe \u015brednie rynkowe. Takie wyniki s\u0105 mo\u017cliwe dzi\u0119ki planowaniu prowadzonemu przez ekspert\u00f3w, 3-warstwowemu systemowi kontroli jako\u015bci i pe\u0142nej integracji [&hellip;]<\/p>\n","protected":false},"author":1,"featured_media":0,"parent":0,"menu_order":0,"comment_status":"closed","ping_status":"closed","template":"page-treatment-b2b.php","meta":{"_acf_changed":false,"inline_featured_image":false,"footnotes":""},"class_list":["post-14875","page","type-page","status-publish","hentry"],"acf":[],"yoast_head":"<!-- This site is optimized with the Yoast SEO plugin v25.9 - https:\/\/yoast.com\/wordpress\/plugins\/seo\/ -->\n<title>Przewidywalne wyniki leczenia - Ordoline<\/title>\n<meta name=\"robots\" content=\"index, follow, max-snippet:-1, max-image-preview:large, max-video-preview:-1\" \/>\n<link rel=\"canonical\" href=\"https:\/\/ordoline.com\/pl\/treatment-process-b2b\/\" \/>\n<meta property=\"og:locale\" content=\"pl_PL\" \/>\n<meta property=\"og:type\" content=\"article\" \/>\n<meta property=\"og:title\" content=\"Przewidywalne wyniki leczenia - Ordoline\" \/>\n<meta property=\"og:description\" content=\"Ordoline \u0142\u0105czy naukowo sprawdzone protoko\u0142y leczenia z wiedz\u0105 ortodontyczn\u0105, aby zapewni\u0107 wysok\u0105 dok\u0142adno\u015b\u0107 kliniczn\u0105 \u2014 od prostych ustawie\u0144 do z\u0142o\u017conych wad zgryzu. Poparte niezale\u017cnymi badaniami Ordoline osi\u0105ga dok\u0142adno\u015b\u0107 na poziomie 67\u201378% w z\u0142o\u017conych przypadkach, znacznie przekraczaj\u0105c standardowe \u015brednie rynkowe. Takie wyniki s\u0105 mo\u017cliwe dzi\u0119ki planowaniu prowadzonemu przez ekspert\u00f3w, 3-warstwowemu systemowi kontroli jako\u015bci i pe\u0142nej integracji [&hellip;]\" \/>\n<meta property=\"og:url\" content=\"https:\/\/ordoline.com\/pl\/treatment-process-b2b\/\" \/>\n<meta property=\"og:site_name\" content=\"Ordoline\" \/>\n<meta property=\"article:modified_time\" content=\"2025-05-20T04:29:34+00:00\" \/>\n<meta name=\"twitter:card\" content=\"summary_large_image\" \/>\n<meta name=\"twitter:label1\" content=\"Szacowany czas czytania\" \/>\n\t<meta name=\"twitter:data1\" content=\"1 minuta\" \/>\n<script type=\"application\/ld+json\" class=\"yoast-schema-graph\">{\"@context\":\"https:\/\/schema.org\",\"@graph\":[{\"@type\":\"WebPage\",\"@id\":\"https:\/\/ordoline.com\/pl\/treatment-process-b2b\/\",\"url\":\"https:\/\/ordoline.com\/pl\/treatment-process-b2b\/\",\"name\":\"Przewidywalne wyniki leczenia - Ordoline\",\"isPartOf\":{\"@id\":\"https:\/\/ordoline.com\/pl\/#website\"},\"datePublished\":\"2021-10-10T13:01:28+00:00\",\"dateModified\":\"2025-05-20T04:29:34+00:00\",\"breadcrumb\":{\"@id\":\"https:\/\/ordoline.com\/pl\/treatment-process-b2b\/#breadcrumb\"},\"inLanguage\":\"pl-PL\",\"potentialAction\":[{\"@type\":\"ReadAction\",\"target\":[\"https:\/\/ordoline.com\/pl\/treatment-process-b2b\/\"]}]},{\"@type\":\"BreadcrumbList\",\"@id\":\"https:\/\/ordoline.com\/pl\/treatment-process-b2b\/#breadcrumb\",\"itemListElement\":[{\"@type\":\"ListItem\",\"position\":1,\"name\":\"Home\",\"item\":\"https:\/\/ordoline.com\/pl\/\"},{\"@type\":\"ListItem\",\"position\":2,\"name\":\"Przewidywalne wyniki leczenia\"}]},{\"@type\":\"WebSite\",\"@id\":\"https:\/\/ordoline.com\/pl\/#website\",\"url\":\"https:\/\/ordoline.com\/pl\/\",\"name\":\"Ordoline\",\"description\":\"Confidence and predictability with every aligner case\",\"publisher\":{\"@id\":\"https:\/\/ordoline.com\/pl\/#organization\"},\"potentialAction\":[{\"@type\":\"SearchAction\",\"target\":{\"@type\":\"EntryPoint\",\"urlTemplate\":\"https:\/\/ordoline.com\/pl\/?s={search_term_string}\"},\"query-input\":{\"@type\":\"PropertyValueSpecification\",\"valueRequired\":true,\"valueName\":\"search_term_string\"}}],\"inLanguage\":\"pl-PL\"},{\"@type\":\"Organization\",\"@id\":\"https:\/\/ordoline.com\/pl\/#organization\",\"name\":\"Ordoline\",\"url\":\"https:\/\/ordoline.com\/pl\/\",\"logo\":{\"@type\":\"ImageObject\",\"inLanguage\":\"pl-PL\",\"@id\":\"https:\/\/ordoline.com\/pl\/#\/schema\/logo\/image\/\",\"url\":\"https:\/\/ordoline.com\/wp-content\/uploads\/2021\/08\/ordoline_logo-juodas-4.png\",\"contentUrl\":\"https:\/\/ordoline.com\/wp-content\/uploads\/2021\/08\/ordoline_logo-juodas-4.png\",\"width\":199,\"height\":40,\"caption\":\"Ordoline\"},\"image\":{\"@id\":\"https:\/\/ordoline.com\/pl\/#\/schema\/logo\/image\/\"}}]}<\/script>\n<!-- \/ Yoast SEO plugin. -->","yoast_head_json":{"title":"Przewidywalne wyniki leczenia - Ordoline","robots":{"index":"index","follow":"follow","max-snippet":"max-snippet:-1","max-image-preview":"max-image-preview:large","max-video-preview":"max-video-preview:-1"},"canonical":"https:\/\/ordoline.com\/pl\/treatment-process-b2b\/","og_locale":"pl_PL","og_type":"article","og_title":"Przewidywalne wyniki leczenia - Ordoline","og_description":"Ordoline \u0142\u0105czy naukowo sprawdzone protoko\u0142y leczenia z wiedz\u0105 ortodontyczn\u0105, aby zapewni\u0107 wysok\u0105 dok\u0142adno\u015b\u0107 kliniczn\u0105 \u2014 od prostych ustawie\u0144 do z\u0142o\u017conych wad zgryzu. Poparte niezale\u017cnymi badaniami Ordoline osi\u0105ga dok\u0142adno\u015b\u0107 na poziomie 67\u201378% w z\u0142o\u017conych przypadkach, znacznie przekraczaj\u0105c standardowe \u015brednie rynkowe. Takie wyniki s\u0105 mo\u017cliwe dzi\u0119ki planowaniu prowadzonemu przez ekspert\u00f3w, 3-warstwowemu systemowi kontroli jako\u015bci i pe\u0142nej integracji [&hellip;]","og_url":"https:\/\/ordoline.com\/pl\/treatment-process-b2b\/","og_site_name":"Ordoline","article_modified_time":"2025-05-20T04:29:34+00:00","twitter_card":"summary_large_image","twitter_misc":{"Szacowany czas czytania":"1 minuta"},"schema":{"@context":"https:\/\/schema.org","@graph":[{"@type":"WebPage","@id":"https:\/\/ordoline.com\/pl\/treatment-process-b2b\/","url":"https:\/\/ordoline.com\/pl\/treatment-process-b2b\/","name":"Przewidywalne wyniki leczenia - Ordoline","isPartOf":{"@id":"https:\/\/ordoline.com\/pl\/#website"},"datePublished":"2021-10-10T13:01:28+00:00","dateModified":"2025-05-20T04:29:34+00:00","breadcrumb":{"@id":"https:\/\/ordoline.com\/pl\/treatment-process-b2b\/#breadcrumb"},"inLanguage":"pl-PL","potentialAction":[{"@type":"ReadAction","target":["https:\/\/ordoline.com\/pl\/treatment-process-b2b\/"]}]},{"@type":"BreadcrumbList","@id":"https:\/\/ordoline.com\/pl\/treatment-process-b2b\/#breadcrumb","itemListElement":[{"@type":"ListItem","position":1,"name":"Home","item":"https:\/\/ordoline.com\/pl\/"},{"@type":"ListItem","position":2,"name":"Przewidywalne wyniki leczenia"}]},{"@type":"WebSite","@id":"https:\/\/ordoline.com\/pl\/#website","url":"https:\/\/ordoline.com\/pl\/","name":"Ordoline","description":"Confidence and predictability with every aligner case","publisher":{"@id":"https:\/\/ordoline.com\/pl\/#organization"},"potentialAction":[{"@type":"SearchAction","target":{"@type":"EntryPoint","urlTemplate":"https:\/\/ordoline.com\/pl\/?s={search_term_string}"},"query-input":{"@type":"PropertyValueSpecification","valueRequired":true,"valueName":"search_term_string"}}],"inLanguage":"pl-PL"},{"@type":"Organization","@id":"https:\/\/ordoline.com\/pl\/#organization","name":"Ordoline","url":"https:\/\/ordoline.com\/pl\/","logo":{"@type":"ImageObject","inLanguage":"pl-PL","@id":"https:\/\/ordoline.com\/pl\/#\/schema\/logo\/image\/","url":"https:\/\/ordoline.com\/wp-content\/uploads\/2021\/08\/ordoline_logo-juodas-4.png","contentUrl":"https:\/\/ordoline.com\/wp-content\/uploads\/2021\/08\/ordoline_logo-juodas-4.png","width":199,"height":40,"caption":"Ordoline"},"image":{"@id":"https:\/\/ordoline.com\/pl\/#\/schema\/logo\/image\/"}}]}},"_links":{"self":[{"href":"https:\/\/ordoline.com\/pl\/wp-json\/wp\/v2\/pages\/14875","targetHints":{"allow":["GET"]}}],"collection":[{"href":"https:\/\/ordoline.com\/pl\/wp-json\/wp\/v2\/pages"}],"about":[{"href":"https:\/\/ordoline.com\/pl\/wp-json\/wp\/v2\/types\/page"}],"author":[{"embeddable":true,"href":"https:\/\/ordoline.com\/pl\/wp-json\/wp\/v2\/users\/1"}],"replies":[{"embeddable":true,"href":"https:\/\/ordoline.com\/pl\/wp-json\/wp\/v2\/comments?post=14875"}],"version-history":[{"count":0,"href":"https:\/\/ordoline.com\/pl\/wp-json\/wp\/v2\/pages\/14875\/revisions"}],"wp:attachment":[{"href":"https:\/\/ordoline.com\/pl\/wp-json\/wp\/v2\/media?parent=14875"}],"curies":[{"name":"wp","href":"https:\/\/api.w.org\/{rel}","templated":true}]}}