{"id":14863,"date":"2023-03-30T10:32:51","date_gmt":"2023-03-30T10:32:51","guid":{"rendered":"https:\/\/ordoline.com\/privacy-policy\/"},"modified":"2025-04-23T15:44:07","modified_gmt":"2025-04-23T15:44:07","slug":"privacy-policy","status":"publish","type":"page","link":"https:\/\/ordoline.com\/pl\/privacy-policy\/","title":{"rendered":"Polityka prywatno\u015bci"},"content":{"rendered":"\n<h2 class=\"wp-block-heading\">Przetwarzanie danych osobowych na stronie internetowej<\/h2>\n\n\n\n<p>Je\u015bli odwiedzasz nasz\u0105 stron\u0119 internetow\u0105, Ordoline mo\u017ce przechowywa\u0107 dane, kt\u00f3re otrzymuje podczas Twojej rejestracji: adres IP, dane sieciowe i lokalizacyjne itd. Dane s\u0105 przechowywane za pomoc\u0105 plik\u00f3w cookies i innych podobnych technologii.<br>Je\u015bli nie chcesz, aby\u015bmy uzyskiwali dost\u0119p do Twoich danych osobowych na naszej stronie, zalecamy aktywowanie trybu przegl\u0105dania prywatnego w Twojej przegl\u0105darce.<\/p>\n\n\n\n<p>Za po\u015brednictwem strony internetowej mo\u017cesz zarejestrowa\u0107 si\u0119 w wskazanych klinikach stomatologicznych, podaj\u0105c swoje dane kontaktowe (imi\u0119, nazwisko, adres e-mail, numer telefonu). Twoje dane kontaktowe zostan\u0105 przekazane do kliniki stomatologicznej.<\/p>\n\n\n\n<p>Na stronie \u201eLekarze\u201d lekarze mog\u0105 zarejestrowa\u0107 si\u0119 na wydarzenia szkoleniowe, podaj\u0105c swoje dane kontaktowe (imi\u0119, nazwisko, adres e-mail, numer telefonu, miejsce pracy). Dane osobowe s\u0105 przetwarzane przez Ordoline wy\u0142\u0105cznie w celu organizacji szkole\u0144.<\/p>\n\n\n\n<p>Mo\u017cesz r\u00f3wnie\u017c wyrazi\u0107 zgod\u0119 na przetwarzanie przez Ordoline Twoich danych osobowych (imi\u0119, adres e-mail, numer telefonu) w celach marketingu bezpo\u015bredniego.<\/p>\n\n\n\n<h2 class=\"wp-block-heading\">Dok\u0142adamy stara\u0144, aby przesy\u0142ane przez nas informacje by\u0142y dla Ciebie akceptowalne i u\u017cyteczne, i staramy si\u0119, aby zar\u00f3wno informacje, jak i oferty by\u0142y w pe\u0142ni zgodne z nasz\u0105 dzia\u0142alno\u015bci\u0105. Z tego powodu Ordoline b\u0119dzie przetwarza\u0107 Twoje dane osobowe (imi\u0119, adres e-mail, numer telefonu) w celach marketingu bezpo\u015bredniego tylko za Twoj\u0105 wyra\u017an\u0105 zgod\u0105.<\/h2>\n\n\n\n<p>Dane osobowe mog\u0105 by\u0107 wykorzystywane do cel\u00f3w marketingu bezpo\u015bredniego w nast\u0119puj\u0105cych przypadkach:<\/p>\n\n\n\n<ul class=\"wp-block-list\">\n<li>Wiadomo\u015bci e-mail z ofertami Ordoline.<\/li>\n\n\n\n<li>Wiadomo\u015bci e-mail z aktualizacjami dzia\u0142a\u0144 Ordoline.<\/li>\n\n\n\n<li>Wiadomo\u015bci e-mail z zaproszeniami na seminaria, dni otwarte i inne podobne wydarzenia.<\/li>\n<\/ul>\n\n\n\n<p>W ka\u017cdej chwili mo\u017cesz zrezygnowa\u0107 z przetwarzania swoich danych osobowych w celach marketingu bezpo\u015bredniego, kontaktuj\u0105c si\u0119 z <a class=\"\">info@ordoline.com<\/a><br>Wa\u017cne jest r\u00f3wnie\u017c, \u017ce masz prawo do wgl\u0105du w swoje dane osobowe, kt\u00f3re przechowujemy.g purposes and only with your express consent.<\/p>\n\n\n\n<p>Personal data may be used for direct marketing purposes in the following situations:<\/p>\n\n\n\n<ul class=\"wp-block-list\">\n<li>E-mail with Ordoline offers.<\/li>\n\n\n\n<li>E-mail updates on Ordoline activity.<\/li>\n\n\n\n<li>E-mail invitations to seminars, open days and other similar events.<br>You may opt out of the processing of your personal data for direct marketing purposes at any time by contacting info@ordoline.com It is also important to emphasize that you have the right to access your personal data, which we retain.<\/li>\n<\/ul>\n\n\n\n<h2 class=\"wp-block-heading\">Odbiorcy danych osobowych<\/h2>\n\n\n\n<p>Informujemy, \u017ce Ordoline korzysta z us\u0142ug niekt\u00f3rych dostawc\u00f3w us\u0142ug, kt\u00f3rzy odpowiadaj\u0105 za przetwarzanie Twoich danych. Podmioty przetwarzaj\u0105ce to dostawcy us\u0142ug reklamowych, marketingowych, oprogramowania i wsparcia, kt\u00f3rym dane osobowe s\u0105 ujawniane wy\u0142\u0105cznie w zakresie niezb\u0119dnym do \u015bwiadczenia tych us\u0142ug.<\/p>\n\n\n\n<p>Okres przechowywania danych<\/p>\n\n\n\n<p>W zale\u017cno\u015bci od wymog\u00f3w prawnych oraz rodzaju i charakteru Twoich danych osobowych, dane s\u0105 przechowywane do 3 lat. Dane przetwarzane w celach marketingu bezpo\u015bredniego s\u0105 przechowywane przez 2 lata od daty wyra\u017cenia zgody. Dane osobowe przetwarzane w celach organizacji szkole\u0144 b\u0119d\u0105 przechowywane przez 3 lata.<\/p>\n\n\n\n<p>Jak chronimy Twoje dane?<br>Twoje dane osobowe (imi\u0119, adres e-mail, numer telefonu itd.) s\u0105 chronione przed utrat\u0105, nieautoryzowanym u\u017cyciem lub zmian\u0105 bez podstawy prawnej.<br>Poniewa\u017c stale interesujemy si\u0119 dobrymi praktykami ochrony danych i \u015brodkami technicznymi, dbamy o to, by Twoje dane by\u0142y wykorzystywane wy\u0142\u0105cznie do \u015bwiadczenia us\u0142ug o wy\u017cszej jako\u015bci i \u0142atwiejszym dost\u0119pie. Korzystamy wy\u0142\u0105cznie z niezawodnych \u015brodk\u00f3w fizycznych i technicznych do ochrony wszystkich informacji o klientach.<\/p>\n\n\n\n<h2 class=\"wp-block-heading\">Twoje prawa<\/h2>\n\n\n\n<p>Masz nast\u0119puj\u0105ce prawa w odniesieniu do swoich danych osobowych:<\/p>\n\n\n\n<ul class=\"wp-block-list\">\n<li>Wyrazi\u0107 ch\u0119\u0107 zapoznania si\u0119 ze swoimi danymi osobowymi oraz zasadami ich gromadzenia i zarz\u0105dzania.<\/li>\n\n\n\n<li>Za\u017c\u0105da\u0107 poprawienia b\u0142\u0119dnych, niedok\u0142adnych lub niekompletnych danych osobowych, a tak\u017ce usuni\u0119cia lub ograniczenia ich wykorzystywania, je\u015bli istnieje ku temu podstawa prawna.<\/li>\n\n\n\n<li>Za\u017c\u0105da\u0107 przekazania swoich danych osobowych innemu administratorowi danych lub bezpo\u015bredniego przekazania ich Tobie.<\/li>\n\n\n\n<li>Nie wyra\u017ca\u0107 zgody na zasady przetwarzania danych osobowych, je\u015bli s\u0105 one przetwarzane z naruszeniem wymaga\u0144 prawnych.<\/li>\n\n\n\n<li>Je\u015bli Twoje dane s\u0105 przetwarzane na podstawie zgody, mo\u017cesz w ka\u017cdej chwili wycofa\u0107 swoj\u0105 zgod\u0119 na ich przetwarzanie, kontaktuj\u0105c si\u0119 z <a class=\"\">info@ordoline.com<\/a><\/li>\n<\/ul>\n\n\n\n<p>Je\u015bli podejrzewasz, \u017ce Twoje dane osobowe s\u0105 przetwarzane niezgodnie z prawem i z naruszeniem Twoich praw, mo\u017cesz skontaktowa\u0107 si\u0119 z odpowiednimi organami prawnymi i z\u0142o\u017cy\u0107 skarg\u0119. W przypadku wyst\u0105pienia problemu, Ordoline zaleca skontaktowanie si\u0119 z nami w celu znalezienia najlepszego rozwi\u0105zania.<\/p>\n\n\n\n<h2 class=\"wp-block-heading\">Dane kontaktowe<\/h2>\n\n\n\n<p>Je\u015bli masz pytania lub w\u0105tpliwo\u015bci, prosimy o kontakt:<br>UAB Ordoline<br>Adres: ul. A. Vivulskio 7, Wilno, LT-03162<br><a class=\"\">info@ordoline.com<\/a><br>+370 687 847 28<\/p>\n\n\n\n<p>Aktualizacja polityki<\/p>\n\n\n\n<p>Zastrzegamy sobie prawo do okresowej aktualizacji i zmiany naszej Polityki Prywatno\u015bci. O wszelkich zmianach poinformujemy Ci\u0119 na naszej stronie internetowej. U\u017cytkownik powinien mie\u0107 \u015bwiadomo\u015b\u0107, \u017ce kontynuuj\u0105c korzystanie z Serwisu, akceptuje zmiany w polityce.<\/p>\n","protected":false},"excerpt":{"rendered":"<p>Przetwarzanie danych osobowych na stronie internetowej Je\u015bli odwiedzasz nasz\u0105 stron\u0119 internetow\u0105, Ordoline mo\u017ce przechowywa\u0107 dane, kt\u00f3re otrzymuje podczas Twojej rejestracji: adres IP, dane sieciowe i lokalizacyjne itd. Dane s\u0105 przechowywane za pomoc\u0105 plik\u00f3w cookies i innych podobnych technologii.Je\u015bli nie chcesz, aby\u015bmy uzyskiwali dost\u0119p do Twoich danych osobowych na naszej stronie, zalecamy aktywowanie trybu przegl\u0105dania prywatnego [&hellip;]<\/p>\n","protected":false},"author":1,"featured_media":0,"parent":0,"menu_order":0,"comment_status":"closed","ping_status":"closed","template":"template-privacy.php","meta":{"_acf_changed":false,"inline_featured_image":false,"footnotes":""},"class_list":["post-14863","page","type-page","status-publish","hentry"],"acf":[],"yoast_head":"<!-- This site is optimized with the Yoast SEO plugin v25.9 - https:\/\/yoast.com\/wordpress\/plugins\/seo\/ -->\n<title>Polityka prywatno\u015bci - Ordoline<\/title>\n<meta name=\"robots\" content=\"index, follow, max-snippet:-1, max-image-preview:large, max-video-preview:-1\" \/>\n<link rel=\"canonical\" href=\"https:\/\/ordoline.com\/pl\/privacy-policy\/\" \/>\n<meta property=\"og:locale\" content=\"pl_PL\" \/>\n<meta property=\"og:type\" content=\"article\" \/>\n<meta property=\"og:title\" content=\"Polityka prywatno\u015bci - Ordoline\" \/>\n<meta property=\"og:description\" content=\"Przetwarzanie danych osobowych na stronie internetowej Je\u015bli odwiedzasz nasz\u0105 stron\u0119 internetow\u0105, Ordoline mo\u017ce przechowywa\u0107 dane, kt\u00f3re otrzymuje podczas Twojej rejestracji: adres IP, dane sieciowe i lokalizacyjne itd. Dane s\u0105 przechowywane za pomoc\u0105 plik\u00f3w cookies i innych podobnych technologii.Je\u015bli nie chcesz, aby\u015bmy uzyskiwali dost\u0119p do Twoich danych osobowych na naszej stronie, zalecamy aktywowanie trybu przegl\u0105dania prywatnego [&hellip;]\" \/>\n<meta property=\"og:url\" content=\"https:\/\/ordoline.com\/pl\/privacy-policy\/\" \/>\n<meta property=\"og:site_name\" content=\"Ordoline\" \/>\n<meta property=\"article:modified_time\" content=\"2025-04-23T15:44:07+00:00\" \/>\n<meta name=\"twitter:card\" content=\"summary_large_image\" \/>\n<meta name=\"twitter:label1\" content=\"Szacowany czas czytania\" \/>\n\t<meta name=\"twitter:data1\" content=\"4 minuty\" \/>\n<script type=\"application\/ld+json\" class=\"yoast-schema-graph\">{\"@context\":\"https:\/\/schema.org\",\"@graph\":[{\"@type\":\"WebPage\",\"@id\":\"https:\/\/ordoline.com\/pl\/privacy-policy\/\",\"url\":\"https:\/\/ordoline.com\/pl\/privacy-policy\/\",\"name\":\"Polityka prywatno\u015bci - Ordoline\",\"isPartOf\":{\"@id\":\"https:\/\/ordoline.com\/pl\/#website\"},\"datePublished\":\"2023-03-30T10:32:51+00:00\",\"dateModified\":\"2025-04-23T15:44:07+00:00\",\"breadcrumb\":{\"@id\":\"https:\/\/ordoline.com\/pl\/privacy-policy\/#breadcrumb\"},\"inLanguage\":\"pl-PL\",\"potentialAction\":[{\"@type\":\"ReadAction\",\"target\":[\"https:\/\/ordoline.com\/pl\/privacy-policy\/\"]}]},{\"@type\":\"BreadcrumbList\",\"@id\":\"https:\/\/ordoline.com\/pl\/privacy-policy\/#breadcrumb\",\"itemListElement\":[{\"@type\":\"ListItem\",\"position\":1,\"name\":\"Home\",\"item\":\"https:\/\/ordoline.com\/pl\/\"},{\"@type\":\"ListItem\",\"position\":2,\"name\":\"Polityka prywatno\u015bci\"}]},{\"@type\":\"WebSite\",\"@id\":\"https:\/\/ordoline.com\/pl\/#website\",\"url\":\"https:\/\/ordoline.com\/pl\/\",\"name\":\"Ordoline\",\"description\":\"Confidence and predictability with every aligner case\",\"publisher\":{\"@id\":\"https:\/\/ordoline.com\/pl\/#organization\"},\"potentialAction\":[{\"@type\":\"SearchAction\",\"target\":{\"@type\":\"EntryPoint\",\"urlTemplate\":\"https:\/\/ordoline.com\/pl\/?s={search_term_string}\"},\"query-input\":{\"@type\":\"PropertyValueSpecification\",\"valueRequired\":true,\"valueName\":\"search_term_string\"}}],\"inLanguage\":\"pl-PL\"},{\"@type\":\"Organization\",\"@id\":\"https:\/\/ordoline.com\/pl\/#organization\",\"name\":\"Ordoline\",\"url\":\"https:\/\/ordoline.com\/pl\/\",\"logo\":{\"@type\":\"ImageObject\",\"inLanguage\":\"pl-PL\",\"@id\":\"https:\/\/ordoline.com\/pl\/#\/schema\/logo\/image\/\",\"url\":\"https:\/\/ordoline.com\/wp-content\/uploads\/2021\/08\/ordoline_logo-juodas-4.png\",\"contentUrl\":\"https:\/\/ordoline.com\/wp-content\/uploads\/2021\/08\/ordoline_logo-juodas-4.png\",\"width\":199,\"height\":40,\"caption\":\"Ordoline\"},\"image\":{\"@id\":\"https:\/\/ordoline.com\/pl\/#\/schema\/logo\/image\/\"}}]}<\/script>\n<!-- \/ Yoast SEO plugin. -->","yoast_head_json":{"title":"Polityka prywatno\u015bci - Ordoline","robots":{"index":"index","follow":"follow","max-snippet":"max-snippet:-1","max-image-preview":"max-image-preview:large","max-video-preview":"max-video-preview:-1"},"canonical":"https:\/\/ordoline.com\/pl\/privacy-policy\/","og_locale":"pl_PL","og_type":"article","og_title":"Polityka prywatno\u015bci - Ordoline","og_description":"Przetwarzanie danych osobowych na stronie internetowej Je\u015bli odwiedzasz nasz\u0105 stron\u0119 internetow\u0105, Ordoline mo\u017ce przechowywa\u0107 dane, kt\u00f3re otrzymuje podczas Twojej rejestracji: adres IP, dane sieciowe i lokalizacyjne itd. Dane s\u0105 przechowywane za pomoc\u0105 plik\u00f3w cookies i innych podobnych technologii.Je\u015bli nie chcesz, aby\u015bmy uzyskiwali dost\u0119p do Twoich danych osobowych na naszej stronie, zalecamy aktywowanie trybu przegl\u0105dania prywatnego [&hellip;]","og_url":"https:\/\/ordoline.com\/pl\/privacy-policy\/","og_site_name":"Ordoline","article_modified_time":"2025-04-23T15:44:07+00:00","twitter_card":"summary_large_image","twitter_misc":{"Szacowany czas czytania":"4 minuty"},"schema":{"@context":"https:\/\/schema.org","@graph":[{"@type":"WebPage","@id":"https:\/\/ordoline.com\/pl\/privacy-policy\/","url":"https:\/\/ordoline.com\/pl\/privacy-policy\/","name":"Polityka prywatno\u015bci - Ordoline","isPartOf":{"@id":"https:\/\/ordoline.com\/pl\/#website"},"datePublished":"2023-03-30T10:32:51+00:00","dateModified":"2025-04-23T15:44:07+00:00","breadcrumb":{"@id":"https:\/\/ordoline.com\/pl\/privacy-policy\/#breadcrumb"},"inLanguage":"pl-PL","potentialAction":[{"@type":"ReadAction","target":["https:\/\/ordoline.com\/pl\/privacy-policy\/"]}]},{"@type":"BreadcrumbList","@id":"https:\/\/ordoline.com\/pl\/privacy-policy\/#breadcrumb","itemListElement":[{"@type":"ListItem","position":1,"name":"Home","item":"https:\/\/ordoline.com\/pl\/"},{"@type":"ListItem","position":2,"name":"Polityka prywatno\u015bci"}]},{"@type":"WebSite","@id":"https:\/\/ordoline.com\/pl\/#website","url":"https:\/\/ordoline.com\/pl\/","name":"Ordoline","description":"Confidence and predictability with every aligner case","publisher":{"@id":"https:\/\/ordoline.com\/pl\/#organization"},"potentialAction":[{"@type":"SearchAction","target":{"@type":"EntryPoint","urlTemplate":"https:\/\/ordoline.com\/pl\/?s={search_term_string}"},"query-input":{"@type":"PropertyValueSpecification","valueRequired":true,"valueName":"search_term_string"}}],"inLanguage":"pl-PL"},{"@type":"Organization","@id":"https:\/\/ordoline.com\/pl\/#organization","name":"Ordoline","url":"https:\/\/ordoline.com\/pl\/","logo":{"@type":"ImageObject","inLanguage":"pl-PL","@id":"https:\/\/ordoline.com\/pl\/#\/schema\/logo\/image\/","url":"https:\/\/ordoline.com\/wp-content\/uploads\/2021\/08\/ordoline_logo-juodas-4.png","contentUrl":"https:\/\/ordoline.com\/wp-content\/uploads\/2021\/08\/ordoline_logo-juodas-4.png","width":199,"height":40,"caption":"Ordoline"},"image":{"@id":"https:\/\/ordoline.com\/pl\/#\/schema\/logo\/image\/"}}]}},"_links":{"self":[{"href":"https:\/\/ordoline.com\/pl\/wp-json\/wp\/v2\/pages\/14863","targetHints":{"allow":["GET"]}}],"collection":[{"href":"https:\/\/ordoline.com\/pl\/wp-json\/wp\/v2\/pages"}],"about":[{"href":"https:\/\/ordoline.com\/pl\/wp-json\/wp\/v2\/types\/page"}],"author":[{"embeddable":true,"href":"https:\/\/ordoline.com\/pl\/wp-json\/wp\/v2\/users\/1"}],"replies":[{"embeddable":true,"href":"https:\/\/ordoline.com\/pl\/wp-json\/wp\/v2\/comments?post=14863"}],"version-history":[{"count":0,"href":"https:\/\/ordoline.com\/pl\/wp-json\/wp\/v2\/pages\/14863\/revisions"}],"wp:attachment":[{"href":"https:\/\/ordoline.com\/pl\/wp-json\/wp\/v2\/media?parent=14863"}],"curies":[{"name":"wp","href":"https:\/\/api.w.org\/{rel}","templated":true}]}}