{"id":14862,"date":"2023-03-30T10:58:49","date_gmt":"2023-03-30T10:58:49","guid":{"rendered":"https:\/\/ordoline.com\/terms-of-service\/"},"modified":"2025-04-23T15:46:42","modified_gmt":"2025-04-23T15:46:42","slug":"terms-of-service","status":"publish","type":"page","link":"https:\/\/ordoline.com\/pl\/terms-of-service\/","title":{"rendered":"Regulamin korzystania z serwisu"},"content":{"rendered":"\n<h3 class=\"wp-block-heading\"><strong>Korzystanie ze strony internetowej Ordoline podlega poni\u017cszym warunkom<\/strong><\/h3>\n\n\n\n<p>Prosimy o zapoznanie si\u0119 z poni\u017cszymi warunkami korzystania z serwisu. Uzyskuj\u0105c dost\u0119p do strony internetowej, korzystaj\u0105c z niej lub pobieraj\u0105c z niej jakiekolwiek informacje i\/lub materia\u0142y, wyra\u017casz zgod\u0119 na przestrzeganie poni\u017cszych warunk\u00f3w (\u201eRegulamin\u201d). Je\u015bli nie zgadzasz si\u0119 z tymi warunkami, nie mo\u017cesz korzysta\u0107 z tej strony internetowej. Strona mo\u017ce zawiera\u0107 inne informacje zastrze\u017cone i informacje o prawach autorskich, kt\u00f3rych warunki nale\u017cy przestrzega\u0107.<\/p>\n\n\n\n<p>Terminy \u201eTy\u201d, \u201eTwoje\u201d i \u201eCiebie\u201d odnosz\u0105 si\u0119 do u\u017cytkownika strony. Terminy \u201eOrdoline\u201d, \u201emy\u201d, \u201enas\u201d, \u201enasze\u201d odnosz\u0105 si\u0119 do firmy Ordoline.<\/p>\n\n\n\n<p><strong>Zastrze\u017cenie medyczne<\/strong><\/p>\n\n\n\n<p>Wszystkie informacje zawarte na tej stronie, w tym dotycz\u0105ce ortodoncji, stomatologii, stanu zdrowia, produkt\u00f3w i metod leczenia, maj\u0105 charakter wy\u0142\u0105cznie informacyjny. Informacje te nie powinny by\u0107 uznawane za kompletne i nie zast\u0119puj\u0105 wizyty, konsultacji lub porady ortodonty, stomatologa b\u0105d\u017a innego specjalisty medycznego, ani informacji zawartych na opakowaniach czy etykietach produkt\u00f3w. Informacje uzyskane za pomoc\u0105 tej strony nie s\u0105 wyczerpuj\u0105ce i nie obejmuj\u0105 wszystkich procedur ortodontycznych lub stomatologicznych.<br>Informacje zawarte na tej stronie oraz odno\u015bniki do innych witryn maj\u0105 charakter wy\u0142\u0105cznie informacyjny i nie stanowi\u0105 porady medycznej w przypadku jakichkolwiek konkretnych schorze\u0144. Ta strona nie tworzy relacji lekarz\u2013pacjent.<\/p>\n\n\n\n<h2 class=\"wp-block-heading\">1. Korzystanie z tre\u015bci strony internetowej<\/h2>\n\n\n\n<p>Zgodnie z niniejszym Regulaminem, przyznajemy Ci ograniczon\u0105, osobist\u0105, odwo\u0142ywaln\u0105, niewy\u0142\u0105czn\u0105 i nieprzenoszaln\u0105 licencj\u0119 na korzystanie z tej strony wy\u0142\u0105cznie do u\u017cytku osobistego, a nie do odsprzeda\u017cy ani dalszej dystrybucji. Zgadzasz si\u0119 nie powiela\u0107, kopiowa\u0107, sprzedawa\u0107, odsprzedawa\u0107 ani wykorzystywa\u0107 strony ani \u017cadnych jej tre\u015bci w celach komercyjnych. Nie wolno kopiowa\u0107 ani umieszcza\u0107 tre\u015bci na sieciach komputerowych, transmitowa\u0107 ich w mediach ani tworzy\u0107 z nich dzie\u0142 pochodnych w celach publicznych lub komercyjnych. Zabrania si\u0119 tak\u017ce modyfikowania materia\u0142\u00f3w ze strony w jakikolwiek spos\u00f3b.<\/p>\n\n\n\n<p>Poza przypadkami wyra\u017anie wskazanymi powy\u017cej, nic na stronie nie mo\u017ce by\u0107 interpretowane jako udzielenie licencji lub prawa do korzystania z jakichkolwiek praw autorskich, patent\u00f3w, znak\u00f3w towarowych lub innych praw w\u0142asno\u015bci intelektualnej nale\u017c\u0105cych do Ordoline lub os\u00f3b trzecich.<br><\/p>\n\n\n\n<h2 class=\"wp-block-heading\">. Zachowanie u\u017cytkownika<\/h2>\n\n\n\n<p>Zobowi\u0105zujesz si\u0119 nie u\u017cywa\u0107 strony do:<\/p>\n\n\n\n<ul class=\"wp-block-list\">\n<li>publikowania lub przesy\u0142ania materia\u0142\u00f3w niezwi\u0105zanych z tematyk\u0105 strony;<\/li>\n\n\n\n<li>naruszania obowi\u0105zuj\u0105cego prawa lokalnego, krajowego lub mi\u0119dzynarodowego;<\/li>\n\n\n\n<li>naruszania praw os\u00f3b trzecich, w tym praw w\u0142asno\u015bci intelektualnej, umownych, prywatno\u015bci lub wizerunku;<\/li>\n\n\n\n<li>zak\u0142\u00f3cania dzia\u0142ania strony, serwer\u00f3w lub innych system\u00f3w;<\/li>\n\n\n\n<li>uzyskiwania dost\u0119pu do danych innych u\u017cytkownik\u00f3w bez ich zgody;<\/li>\n\n\n\n<li>zbierania danych osobowych u\u017cytkownik\u00f3w, takich jak adresy e-mail, w jakimkolwiek celu;<\/li>\n\n\n\n<li>podszywania si\u0119 pod inne osoby lub fa\u0142szywego przedstawiania swojej to\u017csamo\u015bci;<\/li>\n\n\n\n<li>znies\u0142awiania, n\u0119kania, gr\u00f3\u017ab lub naruszania praw innych os\u00f3b;<\/li>\n\n\n\n<li>u\u017cywania obra\u017aliwego j\u0119zyka lub tre\u015bci nieodpowiednich, w tym pornograficznych;<\/li>\n\n\n\n<li>promowania nieprawdziwych informacji lub dzia\u0142a\u0144 nielegalnych, piractwa itp.;<\/li>\n\n\n\n<li>wysy\u0142ania niechcianych wiadomo\u015bci lub spamu.<\/li>\n<\/ul>\n\n\n\n<p>W przypadku naruszenia powy\u017cszych zasad, Ordoline mo\u017ce wedle w\u0142asnego uznania zablokowa\u0107 dost\u0119p do strony i dochodzi\u0107 swoich praw zgodnie z przepisami prawa.<\/p>\n\n\n\n<h2 class=\"wp-block-heading\">3. Informacje dotycz\u0105ce p\u0142atno\u015bci<\/h2>\n\n\n\n<p>Pe\u0142na op\u0142ata za kurs musi zosta\u0107 uiszczona najp\u00f3\u017aniej na 3 dni przed jego rozpocz\u0119ciem. Je\u015bli uczestnik nie op\u0142aci kursu w terminie, organizator zastrzega sobie prawo do anulowania rejestracji i poinformuje o tym uczestnika drog\u0105 mailow\u0105. Ponowna rejestracja jest mo\u017cliwa tylko w przypadku dost\u0119pno\u015bci miejsc.<\/p>\n\n\n\n<p>Uczestnik mo\u017ce anulowa\u0107 rejestracj\u0119 do 3 dni przed rozpocz\u0119ciem kursu \u2013 wtedy op\u0142ata zostanie zwr\u00f3cona w ci\u0105gu 5 dni roboczych. Anulowanie na 2 dni lub mniej przed kursem skutkuje brakiem zwrotu.<\/p>\n\n\n\n<h2 class=\"wp-block-heading\">4. Modyfikacja i zako\u0144czenie dzia\u0142ania strony<\/h2>\n\n\n\n<p>Ordoline zastrzega sobie prawo do czasowego lub trwa\u0142ego modyfikowania b\u0105d\u017a zamykania strony (lub jej cz\u0119\u015bci) bez wcze\u015bniejszego powiadomienia. Zgadzasz si\u0119, \u017ce Ordoline nie ponosi odpowiedzialno\u015bci wobec Ciebie ani os\u00f3b trzecich za takie dzia\u0142ania. Mo\u017cemy r\u00f3wnie\u017c wprowadza\u0107 zmiany w oferowanych produktach, us\u0142ugach i programach bez wcze\u015bniejszego powiadomienia.<\/p>\n\n\n\n<h2 class=\"wp-block-heading\">5. Inne strony i zasoby<\/h2>\n\n\n\n<p>Strona mo\u017ce zawiera\u0107 odno\u015bniki do innych stron i zasob\u00f3w udost\u0119pnianych przez osoby trzecie. Ordoline nie ma kontroli nad tymi stronami i nie ponosi odpowiedzialno\u015bci za ich dost\u0119pno\u015b\u0107, tre\u015bci, reklamy, produkty czy inne materia\u0142y na nich zawarte. U\u017cytkownik korzysta z takich stron na w\u0142asne ryzyko. Ordoline nie odpowiada za jakiekolwiek szkody wynikaj\u0105ce z korzystania z takich zasob\u00f3w.<\/p>\n\n\n\n<p><\/p>\n\n\n\n<p><\/p>\n\n\n\n<p><\/p>\n","protected":false},"excerpt":{"rendered":"<p>Korzystanie ze strony internetowej Ordoline podlega poni\u017cszym warunkom Prosimy o zapoznanie si\u0119 z poni\u017cszymi warunkami korzystania z serwisu. Uzyskuj\u0105c dost\u0119p do strony internetowej, korzystaj\u0105c z niej lub pobieraj\u0105c z niej jakiekolwiek informacje i\/lub materia\u0142y, wyra\u017casz zgod\u0119 na przestrzeganie poni\u017cszych warunk\u00f3w (\u201eRegulamin\u201d). Je\u015bli nie zgadzasz si\u0119 z tymi warunkami, nie mo\u017cesz korzysta\u0107 z tej strony internetowej. [&hellip;]<\/p>\n","protected":false},"author":1,"featured_media":0,"parent":0,"menu_order":0,"comment_status":"closed","ping_status":"closed","template":"template-privacy.php","meta":{"_acf_changed":false,"inline_featured_image":false,"footnotes":""},"class_list":["post-14862","page","type-page","status-publish","hentry"],"acf":[],"yoast_head":"<!-- This site is optimized with the Yoast SEO plugin v25.9 - https:\/\/yoast.com\/wordpress\/plugins\/seo\/ -->\n<title>Regulamin korzystania z serwisu - Ordoline<\/title>\n<meta name=\"robots\" content=\"index, follow, max-snippet:-1, max-image-preview:large, max-video-preview:-1\" \/>\n<link rel=\"canonical\" href=\"https:\/\/ordoline.com\/pl\/terms-of-service\/\" \/>\n<meta property=\"og:locale\" content=\"pl_PL\" \/>\n<meta property=\"og:type\" content=\"article\" \/>\n<meta property=\"og:title\" content=\"Regulamin korzystania z serwisu - Ordoline\" \/>\n<meta property=\"og:description\" content=\"Korzystanie ze strony internetowej Ordoline podlega poni\u017cszym warunkom Prosimy o zapoznanie si\u0119 z poni\u017cszymi warunkami korzystania z serwisu. Uzyskuj\u0105c dost\u0119p do strony internetowej, korzystaj\u0105c z niej lub pobieraj\u0105c z niej jakiekolwiek informacje i\/lub materia\u0142y, wyra\u017casz zgod\u0119 na przestrzeganie poni\u017cszych warunk\u00f3w (\u201eRegulamin\u201d). Je\u015bli nie zgadzasz si\u0119 z tymi warunkami, nie mo\u017cesz korzysta\u0107 z tej strony internetowej. [&hellip;]\" \/>\n<meta property=\"og:url\" content=\"https:\/\/ordoline.com\/pl\/terms-of-service\/\" \/>\n<meta property=\"og:site_name\" content=\"Ordoline\" \/>\n<meta property=\"article:modified_time\" content=\"2025-04-23T15:46:42+00:00\" \/>\n<meta name=\"twitter:card\" content=\"summary_large_image\" \/>\n<meta name=\"twitter:label1\" content=\"Szacowany czas czytania\" \/>\n\t<meta name=\"twitter:data1\" content=\"3 minuty\" \/>\n<script type=\"application\/ld+json\" class=\"yoast-schema-graph\">{\"@context\":\"https:\/\/schema.org\",\"@graph\":[{\"@type\":\"WebPage\",\"@id\":\"https:\/\/ordoline.com\/pl\/terms-of-service\/\",\"url\":\"https:\/\/ordoline.com\/pl\/terms-of-service\/\",\"name\":\"Regulamin korzystania z serwisu - Ordoline\",\"isPartOf\":{\"@id\":\"https:\/\/ordoline.com\/pl\/#website\"},\"datePublished\":\"2023-03-30T10:58:49+00:00\",\"dateModified\":\"2025-04-23T15:46:42+00:00\",\"breadcrumb\":{\"@id\":\"https:\/\/ordoline.com\/pl\/terms-of-service\/#breadcrumb\"},\"inLanguage\":\"pl-PL\",\"potentialAction\":[{\"@type\":\"ReadAction\",\"target\":[\"https:\/\/ordoline.com\/pl\/terms-of-service\/\"]}]},{\"@type\":\"BreadcrumbList\",\"@id\":\"https:\/\/ordoline.com\/pl\/terms-of-service\/#breadcrumb\",\"itemListElement\":[{\"@type\":\"ListItem\",\"position\":1,\"name\":\"Home\",\"item\":\"https:\/\/ordoline.com\/pl\/\"},{\"@type\":\"ListItem\",\"position\":2,\"name\":\"Regulamin korzystania z serwisu\"}]},{\"@type\":\"WebSite\",\"@id\":\"https:\/\/ordoline.com\/pl\/#website\",\"url\":\"https:\/\/ordoline.com\/pl\/\",\"name\":\"Ordoline\",\"description\":\"Confidence and predictability with every aligner case\",\"publisher\":{\"@id\":\"https:\/\/ordoline.com\/pl\/#organization\"},\"potentialAction\":[{\"@type\":\"SearchAction\",\"target\":{\"@type\":\"EntryPoint\",\"urlTemplate\":\"https:\/\/ordoline.com\/pl\/?s={search_term_string}\"},\"query-input\":{\"@type\":\"PropertyValueSpecification\",\"valueRequired\":true,\"valueName\":\"search_term_string\"}}],\"inLanguage\":\"pl-PL\"},{\"@type\":\"Organization\",\"@id\":\"https:\/\/ordoline.com\/pl\/#organization\",\"name\":\"Ordoline\",\"url\":\"https:\/\/ordoline.com\/pl\/\",\"logo\":{\"@type\":\"ImageObject\",\"inLanguage\":\"pl-PL\",\"@id\":\"https:\/\/ordoline.com\/pl\/#\/schema\/logo\/image\/\",\"url\":\"https:\/\/ordoline.com\/wp-content\/uploads\/2021\/08\/ordoline_logo-juodas-4.png\",\"contentUrl\":\"https:\/\/ordoline.com\/wp-content\/uploads\/2021\/08\/ordoline_logo-juodas-4.png\",\"width\":199,\"height\":40,\"caption\":\"Ordoline\"},\"image\":{\"@id\":\"https:\/\/ordoline.com\/pl\/#\/schema\/logo\/image\/\"}}]}<\/script>\n<!-- \/ Yoast SEO plugin. -->","yoast_head_json":{"title":"Regulamin korzystania z serwisu - Ordoline","robots":{"index":"index","follow":"follow","max-snippet":"max-snippet:-1","max-image-preview":"max-image-preview:large","max-video-preview":"max-video-preview:-1"},"canonical":"https:\/\/ordoline.com\/pl\/terms-of-service\/","og_locale":"pl_PL","og_type":"article","og_title":"Regulamin korzystania z serwisu - Ordoline","og_description":"Korzystanie ze strony internetowej Ordoline podlega poni\u017cszym warunkom Prosimy o zapoznanie si\u0119 z poni\u017cszymi warunkami korzystania z serwisu. Uzyskuj\u0105c dost\u0119p do strony internetowej, korzystaj\u0105c z niej lub pobieraj\u0105c z niej jakiekolwiek informacje i\/lub materia\u0142y, wyra\u017casz zgod\u0119 na przestrzeganie poni\u017cszych warunk\u00f3w (\u201eRegulamin\u201d). Je\u015bli nie zgadzasz si\u0119 z tymi warunkami, nie mo\u017cesz korzysta\u0107 z tej strony internetowej. [&hellip;]","og_url":"https:\/\/ordoline.com\/pl\/terms-of-service\/","og_site_name":"Ordoline","article_modified_time":"2025-04-23T15:46:42+00:00","twitter_card":"summary_large_image","twitter_misc":{"Szacowany czas czytania":"3 minuty"},"schema":{"@context":"https:\/\/schema.org","@graph":[{"@type":"WebPage","@id":"https:\/\/ordoline.com\/pl\/terms-of-service\/","url":"https:\/\/ordoline.com\/pl\/terms-of-service\/","name":"Regulamin korzystania z serwisu - Ordoline","isPartOf":{"@id":"https:\/\/ordoline.com\/pl\/#website"},"datePublished":"2023-03-30T10:58:49+00:00","dateModified":"2025-04-23T15:46:42+00:00","breadcrumb":{"@id":"https:\/\/ordoline.com\/pl\/terms-of-service\/#breadcrumb"},"inLanguage":"pl-PL","potentialAction":[{"@type":"ReadAction","target":["https:\/\/ordoline.com\/pl\/terms-of-service\/"]}]},{"@type":"BreadcrumbList","@id":"https:\/\/ordoline.com\/pl\/terms-of-service\/#breadcrumb","itemListElement":[{"@type":"ListItem","position":1,"name":"Home","item":"https:\/\/ordoline.com\/pl\/"},{"@type":"ListItem","position":2,"name":"Regulamin korzystania z serwisu"}]},{"@type":"WebSite","@id":"https:\/\/ordoline.com\/pl\/#website","url":"https:\/\/ordoline.com\/pl\/","name":"Ordoline","description":"Confidence and predictability with every aligner case","publisher":{"@id":"https:\/\/ordoline.com\/pl\/#organization"},"potentialAction":[{"@type":"SearchAction","target":{"@type":"EntryPoint","urlTemplate":"https:\/\/ordoline.com\/pl\/?s={search_term_string}"},"query-input":{"@type":"PropertyValueSpecification","valueRequired":true,"valueName":"search_term_string"}}],"inLanguage":"pl-PL"},{"@type":"Organization","@id":"https:\/\/ordoline.com\/pl\/#organization","name":"Ordoline","url":"https:\/\/ordoline.com\/pl\/","logo":{"@type":"ImageObject","inLanguage":"pl-PL","@id":"https:\/\/ordoline.com\/pl\/#\/schema\/logo\/image\/","url":"https:\/\/ordoline.com\/wp-content\/uploads\/2021\/08\/ordoline_logo-juodas-4.png","contentUrl":"https:\/\/ordoline.com\/wp-content\/uploads\/2021\/08\/ordoline_logo-juodas-4.png","width":199,"height":40,"caption":"Ordoline"},"image":{"@id":"https:\/\/ordoline.com\/pl\/#\/schema\/logo\/image\/"}}]}},"_links":{"self":[{"href":"https:\/\/ordoline.com\/pl\/wp-json\/wp\/v2\/pages\/14862","targetHints":{"allow":["GET"]}}],"collection":[{"href":"https:\/\/ordoline.com\/pl\/wp-json\/wp\/v2\/pages"}],"about":[{"href":"https:\/\/ordoline.com\/pl\/wp-json\/wp\/v2\/types\/page"}],"author":[{"embeddable":true,"href":"https:\/\/ordoline.com\/pl\/wp-json\/wp\/v2\/users\/1"}],"replies":[{"embeddable":true,"href":"https:\/\/ordoline.com\/pl\/wp-json\/wp\/v2\/comments?post=14862"}],"version-history":[{"count":0,"href":"https:\/\/ordoline.com\/pl\/wp-json\/wp\/v2\/pages\/14862\/revisions"}],"wp:attachment":[{"href":"https:\/\/ordoline.com\/pl\/wp-json\/wp\/v2\/media?parent=14862"}],"curies":[{"name":"wp","href":"https:\/\/api.w.org\/{rel}","templated":true}]}}