{"id":15833,"date":"2021-08-17T11:20:50","date_gmt":"2021-08-17T11:20:50","guid":{"rendered":"https:\/\/ordoline.com\/privacy-policy-1\/"},"modified":"2025-04-26T04:07:42","modified_gmt":"2025-04-26T04:07:42","slug":"privacy-policy-1","status":"publish","type":"page","link":"https:\/\/ordoline.com\/lv\/privacy-policy-1\/","title":{"rendered":"S\u012bkfailu politika"},"content":{"rendered":"\n<p><\/p>\n\n\n\n<h2 class=\"wp-block-heading\"><strong>Kas yra slapukai ir pana\u0161ios technologijos?<\/strong><\/h2>\n\n\n\n<p>Slapukas \u2013 tai nedidelis duomen\u0173 failas, da\u017enai turintis unikal\u0173 identifikatori\u0173, kuris siun\u010diamas \u012f j\u016bs\u0173 kompiuter\u012f, mobil\u0173j\u012f telefon\u0105 arba plan\u0161etin\u012f \u012frengin\u012f (\u0161ioje politikoje vadinam\u0105 \u201e\u012frenginiu\u201c) i\u0161 interneto serverio, kad svetain\u0117 gal\u0117t\u0173 prisiminti tam tikr\u0105 informacij\u0105 apie j\u016bs\u0173 nar\u0161ymo veikl\u0105 svetain\u0117je. Slapukas renka informacij\u0105, susijusi\u0105 su j\u016bs\u0173 naudojimusi m\u016bs\u0173 Paslaugomis, informacij\u0105 apie j\u016bs\u0173 \u012frengin\u012f, pvz., \u012frenginio IP adres\u0105, nar\u0161ykl\u0117s tip\u0105, apytiksl\u0119 viet\u0105 ir, jei \u012f m\u016bs\u0173 svetain\u0119 at\u0117jote per tre\u010diosios \u0161alies nuorod\u0105, susieja nukreipusio puslapio URL. Jei esate registruotas Paslaug\u0173 naudotojas arba prenumeratorius, slapukas taip pat gali rinkti j\u016bs\u0173 vard\u0105 ir el. pa\u0161to adres\u0105, kurie gali b\u016bti perduoti duomen\u0173 tvarkytojams naudotoj\u0173 ar prenumeratori\u0173 tapatyb\u0117s patvirtinimo tikslais.<\/p>\n\n\n\n<p>Pana\u0161ios technologijos, vadinamos \u201evietine saugykla\u201c (angl. local storage), taip pat gali b\u016bti naudojamos m\u016bs\u0173 Paslaugose kaip slapuk\u0173 alternatyva. Tai yra technologija, pana\u0161i \u012f slapukus, atliekanti labai pana\u0161ias funkcijas, pvz., duomen\u0173 talpinim\u0105, kad gal\u0117tume tobulinti savo Paslaugas, leisti jums registruotis m\u016bs\u0173 Paslaugoms, sekti veikl\u0105, kad mes ir m\u016bs\u0173 reklamos partneriai gal\u0117t\u0173 jums teikti reklamas pagal \u0161i\u0105 politik\u0105, ir skai\u010diuoti, kiek \u017emoni\u0173 per\u017ei\u016bri reklamas m\u016bs\u0173 Paslaugose. Kai \u0161ioje politikoje minimi \u201eslapukai\u201c, turime omenyje tiek slapukus, tiek pana\u0161ias technologijas.<\/p>\n\n\n\n<p>Slapukai \u012fra\u0161o informacij\u0105 apie j\u016bs\u0173 interneto naudojimosi nuostatas ir padeda mums pritaikyti savo Paslaugas pagal j\u016bs\u0173 interesus. Slapuk\u0173 pateikta informacija gali pad\u0117ti mums analizuoti j\u016bs\u0173 naudojim\u0105si Paslaugomis ir suteikti geresn\u0119 naudotojo patirt\u012f.<\/p>\n\n\n\n<p>Be slapuk\u0173, m\u016bs\u0173 Paslaugose taip pat gali b\u016bti naudojami \u017einiatinklio \u0161vytur\u0117liai (web beacons), skaidr\u016bs GIF, puslapio \u017eym\u0117s ir \u017einiatinklio klaidos (web bugs). Tai visos technologijos, kurias \u012fgyvendina svetain\u0117s ar tre\u010di\u0173j\u0173 \u0161ali\u0173 reklamos serveriai, kad gal\u0117t\u0173 analizuoti j\u016bs\u0173 naudojim\u0105si svetaine ir pad\u0117ti pagerinti j\u016bs\u0173 naudojimosi patirt\u012f.<\/p>\n\n\n\n<h2 class=\"wp-block-heading\"><strong>Kokie yra skirtingi slapuk\u0173 tipai?<\/strong><\/h2>\n\n\n\n<ul class=\"wp-block-list\">\n<li><strong>Seansiniai slapukai<\/strong> saugomi tik j\u016bs\u0173 apsilankymo svetain\u0117je metu ir i\u0161trinami u\u017edarius nar\u0161ykl\u0119;<\/li>\n\n\n\n<li><strong>Nuolatiniai slapukai<\/strong> i\u0161saugomi j\u016bs\u0173 \u012frenginyje nustatytam laikotarpiui po nar\u0161ykl\u0117s u\u017edarymo ir naudojami tam, kad mes (ar tre\u010dioji \u0161alis) gal\u0117tume jus atpa\u017einti kit\u0105 kart\u0105;<\/li>\n\n\n\n<li><strong>Pirmosios \u0161alies slapukai<\/strong> nustatomi j\u016bs\u0173 lankomoje svetain\u0117je;<\/li>\n\n\n\n<li><strong>Tre\u010di\u0173j\u0173 \u0161ali\u0173 slapukai<\/strong> naudojami m\u016bs\u0173 Paslaugose, bet nustatomi kit\u0173 organizacij\u0173 \u2013 pavyzd\u017eiui, i\u0161orini\u0173 analiz\u0117s paslaug\u0173 teik\u0117j\u0173 ar reklamuotoj\u0173, kurie stebi reklamos veiksmingum\u0105, arba socialini\u0173 tinkl\u0173 platform\u0173, kad gal\u0117tum\u0117te dalintis turiniu.<\/li>\n<\/ul>\n\n\n\n<p><\/p>\n\n\n\n<h2 class=\"wp-block-heading\"><strong>Kam naudojami slapukai?<\/strong><\/h2>\n\n\n\n<p>1. Funkcion\u0101l\u0101s s\u012bkdatnes<br>Funkcion\u0101l\u0101s s\u012bkdatnes ir b\u016btiskas m\u016bsu pakalpojumu darb\u012bbai. T\u0101s tiek izmantotas, lai atcer\u0113tos j\u016bsu preferences m\u016bsu t\u012bmek\u013ca vietn\u0113s un nodro\u0161in\u0101tu uzlabotas, personaliz\u0113t\u0101kas funkcijas. \u0160o s\u012bkdat\u0146u apkopot\u0101 inform\u0101cija parasti ir anonimiz\u0113ta, t\u0101p\u0113c m\u0113s nevaram j\u016bs identific\u0113t person\u012bgi. Funkcion\u0101l\u0101s s\u012bkdatnes neseko l\u012bdzi j\u016bsu interneta lietojumam un neapkopo inform\u0101ciju, ko var\u0113tu izmantot rekl\u0101mas p\u0101rdo\u0161anai, ta\u010du t\u0101s pal\u012bdz r\u0101d\u012bt rekl\u0101mas. \u0160\u012bs s\u012bkdatnes parasti ir sesijas s\u012bkdatnes, kuru der\u012bguma termi\u0146\u0161 beigsies, kad aizv\u0113rsiet p\u0101rl\u016bko\u0161anas sesiju.<\/p>\n\n\n\n<p>2. Nepiecie\u0161am\u0101s jeb \u201cstingri nepiecie\u0161am\u0101s\u201d s\u012bkdatnes<br>\u0160\u012bs s\u012bkdatnes ir b\u016btiskas m\u016bsu pakalpojumu darb\u012bbai. Bez \u0161\u012bm s\u012bkdatn\u0113m da\u013ca m\u016bsu t\u012bmek\u013ca viet\u0146u nedarbotos. \u0160\u012bs s\u012bkdatnes neizseko, kur esat bijis internet\u0101, un atceras preferences \u0101rpus j\u016bsu pa\u0161reiz\u0113j\u0101 apmekl\u0113juma, k\u0101 ar\u012b neapkopo inform\u0101ciju par jums, ko var\u0113tu izmantot m\u0101rketinga nol\u016bkos. \u0160\u012bs s\u012bkdatnes parasti ir sesijas s\u012bkdatnes, kuru der\u012bguma termi\u0146\u0161 beigsies, kad aizv\u0113rsiet p\u0101rl\u016bko\u0161anas sesiju.<\/p>\n\n\n\n<p>3. Anal\u012btisk\u0101s veiktsp\u0113jas un m\u0113r\u012bjumu s\u012bkfaili<br>Anal\u012btisk\u0101s veiktsp\u0113jas s\u012bkfaili tiek izmantoti, lai uzraudz\u012btu m\u016bsu pakalpojumu veiktsp\u0113ju, piem\u0113ram, lai noteiktu lapu skat\u012bjumu skaitu un unik\u0101lo lietot\u0101ju skaitu, kas ir t\u012bmek\u013ca vietn\u0113. T\u012bmek\u013ca anal\u012bzes pakalpojumus var izstr\u0101d\u0101t un p\u0101rvald\u012bt tre\u0161\u0101s puses. \u0160o s\u012bkfailu sniegt\u0101 inform\u0101cija \u013cauj mums analiz\u0113t lietot\u0101ju uzved\u012bbas mode\u013cus, un m\u0113s \u0161o inform\u0101ciju izmantojam, lai uzlabotu lietot\u0101ju pieredzi vai identific\u0113tu t\u012bmek\u013ca vietnes sada\u013cas, kur\u0101m var b\u016bt nepiecie\u0161ama apkope. Inform\u0101cija ir anon\u012bma (t.&nbsp;i., to nevar izmantot, lai j\u016bs identific\u0113tu, un t\u0101 nesatur personas inform\u0101ciju, piem\u0113ram, j\u016bsu v\u0101rdu un e-pasta adresi), un t\u0101 tiek izmantota tikai statistikas nol\u016bkos.<\/p>\n\n\n\n<p><br><\/p>\n\n\n\n<p>4. M\u0113r\u0137auditorijas atlases jeb \u201cuzved\u012bbas rekl\u0101mas\u201d s\u012bkfaili<br>\u0160\u012bs s\u012bkdatnes, ko j\u016bsu ier\u012bc\u0113 varam ievietot m\u0113s vai m\u016bsu uzticamie tre\u0161o pu\u0161u pakalpojumu sniedz\u0113ji, atceras, ka esat apmekl\u0113jis t\u012bmek\u013ca vietni, un izmanto \u0161o inform\u0101ciju, lai sniegtu jums saturu vai rekl\u0101mu, kas ir piel\u0101gota j\u016bsu interes\u0113m. To bie\u017ei sauc par tie\u0161saistes uzved\u012bbas rekl\u0101mu (OBA), un to veic, grup\u0113jot kop\u012bgas intereses, pamatojoties uz t\u012bmek\u013ca p\u0101rl\u016bko\u0161anas v\u0113sturi. J\u016bsu t\u012bmek\u013ca p\u0101rl\u016bko\u0161anas v\u0113sturi var izmantot, lai secin\u0101tu lietas par jums (piem\u0113ram, intereses, dzimumu utt.), un \u0161\u012b inform\u0101cija var tikt izmantota ar\u012b, lai t\u012bmek\u013ca vietn\u0113s rekl\u0101mas padar\u012btu jums atbilsto\u0161\u0101kas. Bez \u0161\u012bm s\u012bkdatn\u0113m saturs un rekl\u0101mas, ar kur\u0101m saskaraties, var b\u016bt maz\u0101k atbilsto\u0161as \u200b\u200bjums un j\u016bsu interes\u0113m. Ja v\u0113laties uzzin\u0101t vair\u0101k par OBA, tostarp par to, k\u0101 atteikties no \u0161\u012bm s\u012bkdatn\u0113m, l\u016bdzu, apmekl\u0113jiet vietni:&nbsp;http:\/\/www.youronlinechoices.com\/<\/p>\n\n\n\n<h2 class=\"wp-block-heading\">K\u0101 Ordoline izmanto s\u012bkfailus?<\/h2>\n\n\n\n<p>Ordoline kop\u0101 ar m\u016bsu uzticamajiem partneriem izmanto s\u012bkfailus kop\u0101 ar citu inform\u0101ciju, ko m\u0113s glab\u0101jam da\u017e\u0101diem m\u0113r\u0137iem, tostarp \u0161\u0101diem:<\/p>\n\n\n\n<p>1. B\u016btiski un funkcion\u0101li s\u012bkfaili<br>M\u0113s izmantojam \u0161os s\u012bkfailus, lai nodro\u0161in\u0101tu noteiktas tie\u0161saistes funkcijas, tostarp:<\/p>\n\n\n\n<ul class=\"wp-block-list\">\n<li>piek\u013c\u016bt j\u016bsu inform\u0101cijai, lai m\u0113s var\u0113tu nodro\u0161in\u0101t jums piel\u0101gotu saturu un pieredzi vai atcer\u0113ties p\u0113d\u0113jo lapu, ko apmekl\u0113j\u0101t m\u016bsu t\u012bmek\u013ca vietn\u0113;<\/li>\n\n\n\n<li>identific\u0113t atk\u0101rtotus lietot\u0101jus, re\u0123istr\u0113t\u0101jus un abonentus un \u013caut vi\u0146iem redz\u0113t personaliz\u0113tu vietnes versiju;<\/li>\n\n\n\n<li>nov\u0113rst nepiecie\u0161am\u012bbu atk\u0101rtotiem lietot\u0101jiem atk\u0101rtoti ievad\u012bt savus pieteik\u0161an\u0101s datus;<\/li>\n\n\n\n<li>koment\u0113t m\u016bsu vietn\u0113s;<\/li>\n\n\n\n<li>atbalst\u012bt dro\u0161\u012bbas pas\u0101kumus un pal\u012bdz\u0113t identific\u0113t iesp\u0113jamas kr\u0101pnieciskas vai \u013caunpr\u0101t\u012bgas darb\u012bbas.<\/li>\n<\/ul>\n\n\n\n<p>2. Anal\u012btisk\u0101s veiktsp\u0113jas un m\u0113r\u012bjumu s\u012bkfaili<\/p>\n\n\n\n<p>M\u0113s izmantojam \u0161\u012bs s\u012bkdatnes, lai m\u0113r\u012btu lietot\u0101ju uzved\u012bbu un lab\u0101k izstr\u0101d\u0101tu m\u016bsu Pakalpojumus. Izmantojot tre\u0161o pu\u0161u sniegtos anal\u012btikas pakalpojumus, piem\u0113ram, Google Analytics, m\u0113s varam analiz\u0113t un m\u0113r\u012bt, kuras lapas tiek skat\u012btas, cik ilgi un kur\u0101m sait\u0113m tiek sekots, un m\u0113s varam izmantot \u0161o inform\u0101ciju, lai sniegtu vair\u0101k interesanta satura. M\u0113s ar\u012b izmantojam \u0161o anal\u012bzi, lai zi\u0146otu par m\u016bsu sniegumu un p\u0101rdotu rekl\u0101mas..<\/p>\n\n\n\n<p>3. M\u0113r\u0137auditorijas atlases un uzved\u012bbas rekl\u0101mas s\u012bkfaili<\/p>\n\n\n\n<p>Uzticamie partneri, ar kuriem m\u0113s sadarbojamies m\u0113r\u0137auditorijas atlases un uzved\u012bbas rekl\u0101mas jom\u0101, ir tre\u0161o pu\u0161u rekl\u0101mu serveri, rekl\u0101mas a\u0123ent\u016bras, tehnolo\u0123iju p\u0101rdev\u0113ji, rekl\u0101mas satura nodro\u0161in\u0101t\u0101ji, p\u0113tniec\u012bbas firmas un citi uz\u0146\u0113mumi, kas pal\u012bdz mums nodro\u0161in\u0101t efekt\u012bv\u0101ku rekl\u0101mu un pied\u0101v\u0101t jums personaliz\u0113t\u0101ku pieredzi. J\u016bsu p\u0101rl\u016bkprogrammai, lietotnei vai ier\u012bcei sazinoties ar tre\u0161\u0101s puses serveriem, \u0161ie uz\u0146\u0113mumi var apkopot inform\u0101ciju, tostarp j\u016bsu IP adresi, lapas galvenes inform\u0101ciju, p\u0101rl\u016bkprogrammas vai ier\u012bces inform\u0101ciju, t\u0101pat k\u0101 tad, ja j\u016bs b\u016btu piepras\u012bjis vi\u0146u t\u012bmek\u013ca lapu vai tie\u0161i izmantojis vi\u0146u lietotnes.<\/p>\n\n\n\n<p>M\u0113s nevaram kontrol\u0113t un mums nav piek\u013cuves s\u012bkdatn\u0113m, ko j\u016bsu dator\u0101 ievietoju\u0161i tre\u0161o pu\u0161u rekl\u0101mdev\u0113ji un sponsori.<\/p>\n\n\n\n<p>4. Other Third Party Cookies<\/p>\n\n\n\n<p>Da\u017e\u0101s m\u016bsu t\u012bmek\u013ca viet\u0146u lap\u0101s j\u016bs varat paman\u012bt, ka ir iestat\u012btas s\u012bkdatnes, kas nav saist\u012btas ar Ordoline. Apmekl\u0113jot lapu ar saturu, kas ir iegults, piem\u0113ram, no YouTube vai Facebook, \u0161ie tre\u0161o pu\u0161u pakalpojumu sniedz\u0113ji var iestat\u012bt savas s\u012bkdatnes j\u016bsu ier\u012bc\u0113. Future nekontrol\u0113 \u0161o tre\u0161o pu\u0161u s\u012bkdat\u0146u izmanto\u0161anu un nevar t\u0101m piek\u013c\u016bt s\u012bkdat\u0146u darb\u012bbas veida d\u0113\u013c, jo s\u012bkdatn\u0113m var piek\u013c\u016bt tikai t\u0101 puse, kas t\u0101s s\u0101kotn\u0113ji iestat\u012bja. L\u016bdzu, skatiet tre\u0161o pu\u0161u t\u012bmek\u013ca vietnes, lai ieg\u016btu pla\u0161\u0101ku inform\u0101ciju par \u0161\u012bm s\u012bkdatn\u0113m.<\/p>\n\n\n\n<p>M\u0113s savos e-pastos iek\u013caujam ar\u012b t\u012bmek\u013ca b\u0101kugunis, lai izsekotu m\u016bsu m\u0101rketinga kampa\u0146u pan\u0101kumus. Tas noz\u012bm\u0113, ka, atverot no mums sa\u0146emtu e-pastu, m\u0113s varam redz\u0113t, kuras m\u016bsu t\u012bmek\u013ca vietnes lapas esat apmekl\u0113jis. M\u016bsu t\u012bmek\u013ca b\u0101kugunis neuzglab\u0101 papildu inform\u0101ciju j\u016bsu ier\u012bc\u0113, bet, sazinoties ar m\u016bsu s\u012bkdatn\u0113m j\u016bsu ier\u012bc\u0113, tie var mums pateikt, kad esat atv\u0113ris m\u016bsu e-pastu.<\/p>\n\n\n\n<h2 class=\"wp-block-heading\"><strong>K\u0101 lietot\u0101ji var p\u0101rvald\u012bt s\u012bkfailus vai atteikties no tiem?<\/strong><\/h2>\n\n\n\n<p>Da\u017eiem cilv\u0113kiem doma par t\u012bmek\u013ca vietni, kas saglab\u0101 inform\u0101ciju vi\u0146u ier\u012bc\u0113, \u0161\u0137iet nedaudz uzm\u0101c\u012bga, jo \u012bpa\u0161i, ja inform\u0101ciju glab\u0101 un izmanto tre\u0161\u0101 puse. Piem\u0113ram, j\u016bs varat iebilst pret rekl\u0101mu r\u0101d\u012b\u0161anu, kas ir piel\u0101gota j\u016bsu interes\u0113m, pamatojoties uz j\u016bsu p\u0101rl\u016bko\u0161anas v\u0113sturi. Ja v\u0113laties atteikties no s\u012bkfailiem, s\u012bkfailus ir iesp\u0113jams kontrol\u0113t, veicot t\u0101l\u0101k nor\u0101d\u012bt\u0101s darb\u012bbas, tom\u0113r jums j\u0101apzin\u0101s, ka, to darot, j\u016bs varat zaud\u0113t da\u017eas t\u012bmek\u013ca vietnes funkcijas un iesp\u0113jas.<\/p>\n\n\n\n<p>S\u012bkfailus, tostarp tos, kas jau ir iestat\u012bti, var dz\u0113st no j\u016bsu ciet\u0101 diska. Varat ar\u012b main\u012bt t\u012bmek\u013ca p\u0101rl\u016bkprogrammas preferences\/iestat\u012bjumus, lai kontrol\u0113tu s\u012bkfailus. Da\u017e\u0101m interneta p\u0101rl\u016bkprogramm\u0101m ir iestat\u012bjums \u201cNeizsekot\u201d vai \u201cDNT\u201d; tas nos\u016bta sign\u0101lu t\u012bmek\u013ca vietn\u0113m, l\u016bdzot t\u0101m neizsekot j\u016bsu p\u0101rl\u016bko\u0161anu.<\/p>\n\n\n\n<p>Da\u017eos gad\u012bjumos varat izv\u0113l\u0113ties pie\u0146emt s\u012bkfailus no galven\u0101s vietnes, bet blo\u0137\u0113t tos no tre\u0161aj\u0101m pus\u0113m. Citos gad\u012bjumos varat blo\u0137\u0113t s\u012bkfailus no konkr\u0113tiem rekl\u0101mdev\u0113jiem vai not\u012br\u012bt visus s\u012bkfailus. S\u012bkfailu dz\u0113\u0161ana vai blo\u0137\u0113\u0161ana var samazin\u0101t vietnes funkcionalit\u0101ti. Lai uzzin\u0101tu vair\u0101k par s\u012bkfailu noraid\u012b\u0161anu, apmekl\u0113jiet vietni&nbsp;http:\/\/www.allaboutcookies.org\/&nbsp;vai dodieties uz pal\u012bdz\u012bbas izv\u0113lni sav\u0101 interneta p\u0101rl\u016bkprogramm\u0101. Ja rodas probl\u0113mas ar s\u012bkfailu dz\u0113\u0161anu, sazinieties ar savas t\u012bmek\u013ca p\u0101rl\u016bkprogrammas pieg\u0101d\u0101t\u0101ju.<\/p>\n\n\n\n<p>Lai ieg\u016btu pla\u0161\u0101ku inform\u0101ciju par rekl\u0101mdev\u0113ju \u0123ener\u0113taj\u0101m tre\u0161o pu\u0161u s\u012bkdatn\u0113m, l\u016bdzu, apmekl\u0113jiet vietni&nbsp;www.youronlinechoices.com.<\/p>\n\n\n\n<p>L\u016bdzu, \u0146emiet v\u0113r\u0101, ka \u0161\u012bs ir tre\u0161o pu\u0161u t\u012bmek\u013ca vietnes, un Future neuz\u0146emas nek\u0101du atbild\u012bbu par \u0161aj\u0101s vietn\u0113s sniegtajiem nor\u0101d\u012bjumiem.<\/p>\n\n\n\n<p>J\u016bs varat uzzin\u0101t, k\u0101 atteikties no m\u0113r\u0137auditorijas atlases un uzved\u012bbas rekl\u0101mas s\u012bkdatn\u0113m, apmekl\u0113jot vietni:<br>http:\/\/optout.networkadvertising.org\/?c=1#!\/<br>http:\/\/www.aboutads.info<br>http:\/\/www.youronlinechoices.eu<\/p>\n\n\n\n<p>T\u012bmek\u013ca b\u0101ksign\u0101li<br>Parasti t\u012bmek\u013ca b\u0101ksign\u0101lus un citas izseko\u0161anas tehnolo\u0123ijas var padar\u012bt neefekt\u012bvas, izsl\u0113dzot s\u012bkdatnes sav\u0101 p\u0101rl\u016bkprogramm\u0101. Ir ar\u012b p\u0101rl\u016bkprogrammas pievienojumprogrammas un papla\u0161in\u0101jumi, kas \u012bpa\u0161i blo\u0137\u0113 t\u012bmek\u013ca b\u0101ksign\u0101lus. Ja iebilstat pret t\u012bmek\u013ca b\u0101ksign\u0101liem e-pastos, iesak\u0101m iev\u0113rot iepriek\u0161 min\u0113tos nor\u0101d\u012bjumus par eso\u0161o s\u012bkdat\u0146u dz\u0113\u0161anu un turpm\u0101ko s\u012bkdat\u0146u atsp\u0113jo\u0161anu. M\u0113s joproj\u0101m zin\u0101sim, cik daudz m\u016bsu e-pastu tiek atv\u0113rti, un m\u0113s autom\u0101tiski sa\u0146emsim j\u016bsu IP adresi, j\u016bsu ier\u012bces vai citas piek\u013cuves ier\u012bces unik\u0101lu identifikatoru; ta\u010du m\u0113s j\u016bs neidentific\u0113sim k\u0101 indiv\u012bdu.<\/p>\n\n\n\n<p><\/p>\n\n\n\n<h2 class=\"wp-block-heading\">Papildinform\u0101cija un kontaktinform\u0101cija:<\/h2>\n\n\n\n<p>Lai ieg\u016btu papildinform\u0101ciju, l\u016bdzu, sazinieties ar mums, rakstot uz info@ordoline.lt<\/p>\n\n\n\n<h2 class=\"wp-block-heading\"><\/h2>\n\n\n\n<p><\/p>\n\n\n\n<p><\/p>\n\n\n\n<h2 class=\"wp-block-heading\"><\/h2>\n\n\n\n<p><\/p>\n\n\n\n<h2 class=\"wp-block-heading\"><\/h2>\n\n\n\n<p><\/p>\n","protected":false},"excerpt":{"rendered":"<p>Kas yra slapukai ir pana\u0161ios technologijos? Slapukas \u2013 tai nedidelis duomen\u0173 failas, da\u017enai turintis unikal\u0173 identifikatori\u0173, kuris siun\u010diamas \u012f j\u016bs\u0173 kompiuter\u012f, mobil\u0173j\u012f telefon\u0105 arba plan\u0161etin\u012f \u012frengin\u012f (\u0161ioje politikoje vadinam\u0105 \u201e\u012frenginiu\u201c) i\u0161 interneto serverio, kad svetain\u0117 gal\u0117t\u0173 prisiminti tam tikr\u0105 informacij\u0105 apie j\u016bs\u0173 nar\u0161ymo veikl\u0105 svetain\u0117je. Slapukas renka informacij\u0105, susijusi\u0105 su j\u016bs\u0173 naudojimusi m\u016bs\u0173 Paslaugomis, informacij\u0105 [&hellip;]<\/p>\n","protected":false},"author":1,"featured_media":0,"parent":0,"menu_order":0,"comment_status":"closed","ping_status":"closed","template":"template-privacy.php","meta":{"_acf_changed":false,"inline_featured_image":false,"footnotes":""},"class_list":["post-15833","page","type-page","status-publish","hentry"],"acf":[],"yoast_head":"<!-- This site is optimized with the Yoast SEO plugin v25.9 - https:\/\/yoast.com\/wordpress\/plugins\/seo\/ -->\n<title>S\u012bkfailu politika - Ordoline<\/title>\n<meta name=\"robots\" content=\"index, follow, max-snippet:-1, max-image-preview:large, max-video-preview:-1\" \/>\n<link rel=\"canonical\" href=\"https:\/\/ordoline.com\/lv\/privacy-policy-1\/\" \/>\n<meta property=\"og:locale\" content=\"lv_LV\" \/>\n<meta property=\"og:type\" content=\"article\" \/>\n<meta property=\"og:title\" content=\"S\u012bkfailu politika - Ordoline\" \/>\n<meta property=\"og:description\" content=\"Kas yra slapukai ir pana\u0161ios technologijos? Slapukas \u2013 tai nedidelis duomen\u0173 failas, da\u017enai turintis unikal\u0173 identifikatori\u0173, kuris siun\u010diamas \u012f j\u016bs\u0173 kompiuter\u012f, mobil\u0173j\u012f telefon\u0105 arba plan\u0161etin\u012f \u012frengin\u012f (\u0161ioje politikoje vadinam\u0105 \u201e\u012frenginiu\u201c) i\u0161 interneto serverio, kad svetain\u0117 gal\u0117t\u0173 prisiminti tam tikr\u0105 informacij\u0105 apie j\u016bs\u0173 nar\u0161ymo veikl\u0105 svetain\u0117je. Slapukas renka informacij\u0105, susijusi\u0105 su j\u016bs\u0173 naudojimusi m\u016bs\u0173 Paslaugomis, informacij\u0105 [&hellip;]\" \/>\n<meta property=\"og:url\" content=\"https:\/\/ordoline.com\/lv\/privacy-policy-1\/\" \/>\n<meta property=\"og:site_name\" content=\"Ordoline\" \/>\n<meta property=\"article:modified_time\" content=\"2025-04-26T04:07:42+00:00\" \/>\n<meta name=\"twitter:card\" content=\"summary_large_image\" \/>\n<meta name=\"twitter:label1\" content=\"Est. reading time\" \/>\n\t<meta name=\"twitter:data1\" content=\"7 minutes\" \/>\n<script type=\"application\/ld+json\" class=\"yoast-schema-graph\">{\"@context\":\"https:\/\/schema.org\",\"@graph\":[{\"@type\":\"WebPage\",\"@id\":\"https:\/\/ordoline.com\/lv\/privacy-policy-1\/\",\"url\":\"https:\/\/ordoline.com\/lv\/privacy-policy-1\/\",\"name\":\"S\u012bkfailu politika - Ordoline\",\"isPartOf\":{\"@id\":\"https:\/\/ordoline.com\/lv\/#website\"},\"datePublished\":\"2021-08-17T11:20:50+00:00\",\"dateModified\":\"2025-04-26T04:07:42+00:00\",\"breadcrumb\":{\"@id\":\"https:\/\/ordoline.com\/lv\/privacy-policy-1\/#breadcrumb\"},\"inLanguage\":\"lv-LV\",\"potentialAction\":[{\"@type\":\"ReadAction\",\"target\":[\"https:\/\/ordoline.com\/lv\/privacy-policy-1\/\"]}]},{\"@type\":\"BreadcrumbList\",\"@id\":\"https:\/\/ordoline.com\/lv\/privacy-policy-1\/#breadcrumb\",\"itemListElement\":[{\"@type\":\"ListItem\",\"position\":1,\"name\":\"Home\",\"item\":\"https:\/\/ordoline.com\/lv\/\"},{\"@type\":\"ListItem\",\"position\":2,\"name\":\"S\u012bkfailu politika\"}]},{\"@type\":\"WebSite\",\"@id\":\"https:\/\/ordoline.com\/lv\/#website\",\"url\":\"https:\/\/ordoline.com\/lv\/\",\"name\":\"Ordoline\",\"description\":\"Confidence and predictability with every aligner case\",\"publisher\":{\"@id\":\"https:\/\/ordoline.com\/lv\/#organization\"},\"potentialAction\":[{\"@type\":\"SearchAction\",\"target\":{\"@type\":\"EntryPoint\",\"urlTemplate\":\"https:\/\/ordoline.com\/lv\/?s={search_term_string}\"},\"query-input\":{\"@type\":\"PropertyValueSpecification\",\"valueRequired\":true,\"valueName\":\"search_term_string\"}}],\"inLanguage\":\"lv-LV\"},{\"@type\":\"Organization\",\"@id\":\"https:\/\/ordoline.com\/lv\/#organization\",\"name\":\"Ordoline\",\"url\":\"https:\/\/ordoline.com\/lv\/\",\"logo\":{\"@type\":\"ImageObject\",\"inLanguage\":\"lv-LV\",\"@id\":\"https:\/\/ordoline.com\/lv\/#\/schema\/logo\/image\/\",\"url\":\"https:\/\/ordoline.com\/wp-content\/uploads\/2021\/08\/ordoline_logo-juodas-4.png\",\"contentUrl\":\"https:\/\/ordoline.com\/wp-content\/uploads\/2021\/08\/ordoline_logo-juodas-4.png\",\"width\":199,\"height\":40,\"caption\":\"Ordoline\"},\"image\":{\"@id\":\"https:\/\/ordoline.com\/lv\/#\/schema\/logo\/image\/\"}}]}<\/script>\n<!-- \/ Yoast SEO plugin. -->","yoast_head_json":{"title":"S\u012bkfailu politika - Ordoline","robots":{"index":"index","follow":"follow","max-snippet":"max-snippet:-1","max-image-preview":"max-image-preview:large","max-video-preview":"max-video-preview:-1"},"canonical":"https:\/\/ordoline.com\/lv\/privacy-policy-1\/","og_locale":"lv_LV","og_type":"article","og_title":"S\u012bkfailu politika - Ordoline","og_description":"Kas yra slapukai ir pana\u0161ios technologijos? Slapukas \u2013 tai nedidelis duomen\u0173 failas, da\u017enai turintis unikal\u0173 identifikatori\u0173, kuris siun\u010diamas \u012f j\u016bs\u0173 kompiuter\u012f, mobil\u0173j\u012f telefon\u0105 arba plan\u0161etin\u012f \u012frengin\u012f (\u0161ioje politikoje vadinam\u0105 \u201e\u012frenginiu\u201c) i\u0161 interneto serverio, kad svetain\u0117 gal\u0117t\u0173 prisiminti tam tikr\u0105 informacij\u0105 apie j\u016bs\u0173 nar\u0161ymo veikl\u0105 svetain\u0117je. Slapukas renka informacij\u0105, susijusi\u0105 su j\u016bs\u0173 naudojimusi m\u016bs\u0173 Paslaugomis, informacij\u0105 [&hellip;]","og_url":"https:\/\/ordoline.com\/lv\/privacy-policy-1\/","og_site_name":"Ordoline","article_modified_time":"2025-04-26T04:07:42+00:00","twitter_card":"summary_large_image","twitter_misc":{"Est. reading time":"7 minutes"},"schema":{"@context":"https:\/\/schema.org","@graph":[{"@type":"WebPage","@id":"https:\/\/ordoline.com\/lv\/privacy-policy-1\/","url":"https:\/\/ordoline.com\/lv\/privacy-policy-1\/","name":"S\u012bkfailu politika - Ordoline","isPartOf":{"@id":"https:\/\/ordoline.com\/lv\/#website"},"datePublished":"2021-08-17T11:20:50+00:00","dateModified":"2025-04-26T04:07:42+00:00","breadcrumb":{"@id":"https:\/\/ordoline.com\/lv\/privacy-policy-1\/#breadcrumb"},"inLanguage":"lv-LV","potentialAction":[{"@type":"ReadAction","target":["https:\/\/ordoline.com\/lv\/privacy-policy-1\/"]}]},{"@type":"BreadcrumbList","@id":"https:\/\/ordoline.com\/lv\/privacy-policy-1\/#breadcrumb","itemListElement":[{"@type":"ListItem","position":1,"name":"Home","item":"https:\/\/ordoline.com\/lv\/"},{"@type":"ListItem","position":2,"name":"S\u012bkfailu politika"}]},{"@type":"WebSite","@id":"https:\/\/ordoline.com\/lv\/#website","url":"https:\/\/ordoline.com\/lv\/","name":"Ordoline","description":"Confidence and predictability with every aligner case","publisher":{"@id":"https:\/\/ordoline.com\/lv\/#organization"},"potentialAction":[{"@type":"SearchAction","target":{"@type":"EntryPoint","urlTemplate":"https:\/\/ordoline.com\/lv\/?s={search_term_string}"},"query-input":{"@type":"PropertyValueSpecification","valueRequired":true,"valueName":"search_term_string"}}],"inLanguage":"lv-LV"},{"@type":"Organization","@id":"https:\/\/ordoline.com\/lv\/#organization","name":"Ordoline","url":"https:\/\/ordoline.com\/lv\/","logo":{"@type":"ImageObject","inLanguage":"lv-LV","@id":"https:\/\/ordoline.com\/lv\/#\/schema\/logo\/image\/","url":"https:\/\/ordoline.com\/wp-content\/uploads\/2021\/08\/ordoline_logo-juodas-4.png","contentUrl":"https:\/\/ordoline.com\/wp-content\/uploads\/2021\/08\/ordoline_logo-juodas-4.png","width":199,"height":40,"caption":"Ordoline"},"image":{"@id":"https:\/\/ordoline.com\/lv\/#\/schema\/logo\/image\/"}}]}},"_links":{"self":[{"href":"https:\/\/ordoline.com\/lv\/wp-json\/wp\/v2\/pages\/15833","targetHints":{"allow":["GET"]}}],"collection":[{"href":"https:\/\/ordoline.com\/lv\/wp-json\/wp\/v2\/pages"}],"about":[{"href":"https:\/\/ordoline.com\/lv\/wp-json\/wp\/v2\/types\/page"}],"author":[{"embeddable":true,"href":"https:\/\/ordoline.com\/lv\/wp-json\/wp\/v2\/users\/1"}],"replies":[{"embeddable":true,"href":"https:\/\/ordoline.com\/lv\/wp-json\/wp\/v2\/comments?post=15833"}],"version-history":[{"count":0,"href":"https:\/\/ordoline.com\/lv\/wp-json\/wp\/v2\/pages\/15833\/revisions"}],"wp:attachment":[{"href":"https:\/\/ordoline.com\/lv\/wp-json\/wp\/v2\/media?parent=15833"}],"curies":[{"name":"wp","href":"https:\/\/api.w.org\/{rel}","templated":true}]}}