{"id":15829,"date":"2021-08-18T08:13:05","date_gmt":"2021-08-18T08:13:05","guid":{"rendered":"https:\/\/ordoline.com\/next-generation-aligners-for-advanced-treatment-and-improved-quality-of-life-b2c\/"},"modified":"2025-06-12T12:55:46","modified_gmt":"2025-06-12T12:55:46","slug":"next-generation-aligners-for-advanced-treatment-and-improved-quality-of-life-b2c","status":"publish","type":"page","link":"https:\/\/ordoline.com\/lv\/next-generation-aligners-for-advanced-treatment-and-improved-quality-of-life-b2c\/","title":{"rendered":"Maz paman\u0101ma zobu taisno\u0161ana vesel\u012bgam un skaistam smaidam"},"content":{"rendered":"\n<p>Ordoline kapes ir m\u016bsdien\u012bgs, efekt\u012bvs un zin\u0101tniski pier\u0101d\u012bts zobu taisno\u0161anas risin\u0101jums vairumam ortodontisko gad\u012bjumu. Tas ietver pat tos gad\u012bjumus, kurus iepriek\u0161 var\u0113ja \u0101rst\u0113t tikai ar breket\u0113m.<\/p>\n\n\n\n<p>M\u016bsu m\u0113r\u0137is ir pal\u012bdz\u0113t jums ieg\u016bt v\u0113lamo smaidu, vienlaikus uzlabojot mutes dobuma vesel\u012bbu ilgtermi\u0146\u0101. Ar moderno Ordoline kapju sist\u0113mu zobu taisno\u0161ana ir \u0113rta, gandr\u012bz neman\u0101ma un \u0113rti iek\u013caujas j\u016bsu ikdienas dz\u012bv\u0113.<br><\/p>\n","protected":false},"excerpt":{"rendered":"<p>Ordoline kapes ir m\u016bsdien\u012bgs, efekt\u012bvs un zin\u0101tniski pier\u0101d\u012bts zobu taisno\u0161anas risin\u0101jums vairumam ortodontisko gad\u012bjumu. Tas ietver pat tos gad\u012bjumus, kurus iepriek\u0161 var\u0113ja \u0101rst\u0113t tikai ar breket\u0113m. M\u016bsu m\u0113r\u0137is ir pal\u012bdz\u0113t jums ieg\u016bt v\u0113lamo smaidu, vienlaikus uzlabojot mutes dobuma vesel\u012bbu ilgtermi\u0146\u0101. Ar moderno Ordoline kapju sist\u0113mu zobu taisno\u0161ana ir \u0113rta, gandr\u012bz neman\u0101ma un \u0113rti iek\u013caujas j\u016bsu [&hellip;]<\/p>\n","protected":false},"author":1,"featured_media":18897,"parent":0,"menu_order":0,"comment_status":"closed","ping_status":"closed","template":"page-about-b2c.php","meta":{"_acf_changed":false,"inline_featured_image":false,"footnotes":""},"class_list":["post-15829","page","type-page","status-publish","has-post-thumbnail","hentry"],"acf":[],"yoast_head":"<!-- This site is optimized with the Yoast SEO plugin v25.9 - https:\/\/yoast.com\/wordpress\/plugins\/seo\/ -->\n<title>Maz paman\u0101ma zobu taisno\u0161ana vesel\u012bgam un skaistam smaidam - Ordoline<\/title>\n<meta name=\"robots\" content=\"index, follow, max-snippet:-1, max-image-preview:large, max-video-preview:-1\" \/>\n<link rel=\"canonical\" href=\"https:\/\/ordoline.com\/lv\/next-generation-aligners-for-advanced-treatment-and-improved-quality-of-life-b2c\/\" \/>\n<meta property=\"og:locale\" content=\"lv_LV\" \/>\n<meta property=\"og:type\" content=\"article\" \/>\n<meta property=\"og:title\" content=\"Maz paman\u0101ma zobu taisno\u0161ana vesel\u012bgam un skaistam smaidam - Ordoline\" \/>\n<meta property=\"og:description\" content=\"Ordoline kapes ir m\u016bsdien\u012bgs, efekt\u012bvs un zin\u0101tniski pier\u0101d\u012bts zobu taisno\u0161anas risin\u0101jums vairumam ortodontisko gad\u012bjumu. Tas ietver pat tos gad\u012bjumus, kurus iepriek\u0161 var\u0113ja \u0101rst\u0113t tikai ar breket\u0113m. M\u016bsu m\u0113r\u0137is ir pal\u012bdz\u0113t jums ieg\u016bt v\u0113lamo smaidu, vienlaikus uzlabojot mutes dobuma vesel\u012bbu ilgtermi\u0146\u0101. Ar moderno Ordoline kapju sist\u0113mu zobu taisno\u0161ana ir \u0113rta, gandr\u012bz neman\u0101ma un \u0113rti iek\u013caujas j\u016bsu [&hellip;]\" \/>\n<meta property=\"og:url\" content=\"https:\/\/ordoline.com\/lv\/next-generation-aligners-for-advanced-treatment-and-improved-quality-of-life-b2c\/\" \/>\n<meta property=\"og:site_name\" content=\"Ordoline\" \/>\n<meta property=\"article:modified_time\" content=\"2025-06-12T12:55:46+00:00\" \/>\n<meta property=\"og:image\" content=\"https:\/\/ordoline.com\/wp-content\/uploads\/2025\/05\/open-box-2.webp\" \/>\n\t<meta property=\"og:image:width\" content=\"708\" \/>\n\t<meta property=\"og:image:height\" content=\"869\" \/>\n\t<meta property=\"og:image:type\" content=\"image\/webp\" \/>\n<meta name=\"twitter:card\" content=\"summary_large_image\" \/>\n<meta name=\"twitter:label1\" content=\"Est. reading time\" \/>\n\t<meta name=\"twitter:data1\" content=\"1 minute\" \/>\n<script type=\"application\/ld+json\" class=\"yoast-schema-graph\">{\"@context\":\"https:\/\/schema.org\",\"@graph\":[{\"@type\":\"WebPage\",\"@id\":\"https:\/\/ordoline.com\/lv\/next-generation-aligners-for-advanced-treatment-and-improved-quality-of-life-b2c\/\",\"url\":\"https:\/\/ordoline.com\/lv\/next-generation-aligners-for-advanced-treatment-and-improved-quality-of-life-b2c\/\",\"name\":\"Maz paman\u0101ma zobu taisno\u0161ana vesel\u012bgam un skaistam smaidam - Ordoline\",\"isPartOf\":{\"@id\":\"https:\/\/ordoline.com\/lv\/#website\"},\"primaryImageOfPage\":{\"@id\":\"https:\/\/ordoline.com\/lv\/next-generation-aligners-for-advanced-treatment-and-improved-quality-of-life-b2c\/#primaryimage\"},\"image\":{\"@id\":\"https:\/\/ordoline.com\/lv\/next-generation-aligners-for-advanced-treatment-and-improved-quality-of-life-b2c\/#primaryimage\"},\"thumbnailUrl\":\"https:\/\/ordoline.com\/wp-content\/uploads\/2025\/05\/open-box-2.webp\",\"datePublished\":\"2021-08-18T08:13:05+00:00\",\"dateModified\":\"2025-06-12T12:55:46+00:00\",\"breadcrumb\":{\"@id\":\"https:\/\/ordoline.com\/lv\/next-generation-aligners-for-advanced-treatment-and-improved-quality-of-life-b2c\/#breadcrumb\"},\"inLanguage\":\"lv-LV\",\"potentialAction\":[{\"@type\":\"ReadAction\",\"target\":[\"https:\/\/ordoline.com\/lv\/next-generation-aligners-for-advanced-treatment-and-improved-quality-of-life-b2c\/\"]}]},{\"@type\":\"ImageObject\",\"inLanguage\":\"lv-LV\",\"@id\":\"https:\/\/ordoline.com\/lv\/next-generation-aligners-for-advanced-treatment-and-improved-quality-of-life-b2c\/#primaryimage\",\"url\":\"https:\/\/ordoline.com\/wp-content\/uploads\/2025\/05\/open-box-2.webp\",\"contentUrl\":\"https:\/\/ordoline.com\/wp-content\/uploads\/2025\/05\/open-box-2.webp\",\"width\":708,\"height\":869},{\"@type\":\"BreadcrumbList\",\"@id\":\"https:\/\/ordoline.com\/lv\/next-generation-aligners-for-advanced-treatment-and-improved-quality-of-life-b2c\/#breadcrumb\",\"itemListElement\":[{\"@type\":\"ListItem\",\"position\":1,\"name\":\"Home\",\"item\":\"https:\/\/ordoline.com\/lv\/\"},{\"@type\":\"ListItem\",\"position\":2,\"name\":\"Maz paman\u0101ma zobu taisno\u0161ana vesel\u012bgam un skaistam smaidam\"}]},{\"@type\":\"WebSite\",\"@id\":\"https:\/\/ordoline.com\/lv\/#website\",\"url\":\"https:\/\/ordoline.com\/lv\/\",\"name\":\"Ordoline\",\"description\":\"Confidence and predictability with every aligner case\",\"publisher\":{\"@id\":\"https:\/\/ordoline.com\/lv\/#organization\"},\"potentialAction\":[{\"@type\":\"SearchAction\",\"target\":{\"@type\":\"EntryPoint\",\"urlTemplate\":\"https:\/\/ordoline.com\/lv\/?s={search_term_string}\"},\"query-input\":{\"@type\":\"PropertyValueSpecification\",\"valueRequired\":true,\"valueName\":\"search_term_string\"}}],\"inLanguage\":\"lv-LV\"},{\"@type\":\"Organization\",\"@id\":\"https:\/\/ordoline.com\/lv\/#organization\",\"name\":\"Ordoline\",\"url\":\"https:\/\/ordoline.com\/lv\/\",\"logo\":{\"@type\":\"ImageObject\",\"inLanguage\":\"lv-LV\",\"@id\":\"https:\/\/ordoline.com\/lv\/#\/schema\/logo\/image\/\",\"url\":\"https:\/\/ordoline.com\/wp-content\/uploads\/2021\/08\/ordoline_logo-juodas-4.png\",\"contentUrl\":\"https:\/\/ordoline.com\/wp-content\/uploads\/2021\/08\/ordoline_logo-juodas-4.png\",\"width\":199,\"height\":40,\"caption\":\"Ordoline\"},\"image\":{\"@id\":\"https:\/\/ordoline.com\/lv\/#\/schema\/logo\/image\/\"}}]}<\/script>\n<!-- \/ Yoast SEO plugin. -->","yoast_head_json":{"title":"Maz paman\u0101ma zobu taisno\u0161ana vesel\u012bgam un skaistam smaidam - Ordoline","robots":{"index":"index","follow":"follow","max-snippet":"max-snippet:-1","max-image-preview":"max-image-preview:large","max-video-preview":"max-video-preview:-1"},"canonical":"https:\/\/ordoline.com\/lv\/next-generation-aligners-for-advanced-treatment-and-improved-quality-of-life-b2c\/","og_locale":"lv_LV","og_type":"article","og_title":"Maz paman\u0101ma zobu taisno\u0161ana vesel\u012bgam un skaistam smaidam - Ordoline","og_description":"Ordoline kapes ir m\u016bsdien\u012bgs, efekt\u012bvs un zin\u0101tniski pier\u0101d\u012bts zobu taisno\u0161anas risin\u0101jums vairumam ortodontisko gad\u012bjumu. Tas ietver pat tos gad\u012bjumus, kurus iepriek\u0161 var\u0113ja \u0101rst\u0113t tikai ar breket\u0113m. M\u016bsu m\u0113r\u0137is ir pal\u012bdz\u0113t jums ieg\u016bt v\u0113lamo smaidu, vienlaikus uzlabojot mutes dobuma vesel\u012bbu ilgtermi\u0146\u0101. Ar moderno Ordoline kapju sist\u0113mu zobu taisno\u0161ana ir \u0113rta, gandr\u012bz neman\u0101ma un \u0113rti iek\u013caujas j\u016bsu [&hellip;]","og_url":"https:\/\/ordoline.com\/lv\/next-generation-aligners-for-advanced-treatment-and-improved-quality-of-life-b2c\/","og_site_name":"Ordoline","article_modified_time":"2025-06-12T12:55:46+00:00","og_image":[{"width":708,"height":869,"url":"https:\/\/ordoline.com\/wp-content\/uploads\/2025\/05\/open-box-2.webp","type":"image\/webp"}],"twitter_card":"summary_large_image","twitter_misc":{"Est. reading time":"1 minute"},"schema":{"@context":"https:\/\/schema.org","@graph":[{"@type":"WebPage","@id":"https:\/\/ordoline.com\/lv\/next-generation-aligners-for-advanced-treatment-and-improved-quality-of-life-b2c\/","url":"https:\/\/ordoline.com\/lv\/next-generation-aligners-for-advanced-treatment-and-improved-quality-of-life-b2c\/","name":"Maz paman\u0101ma zobu taisno\u0161ana vesel\u012bgam un skaistam smaidam - Ordoline","isPartOf":{"@id":"https:\/\/ordoline.com\/lv\/#website"},"primaryImageOfPage":{"@id":"https:\/\/ordoline.com\/lv\/next-generation-aligners-for-advanced-treatment-and-improved-quality-of-life-b2c\/#primaryimage"},"image":{"@id":"https:\/\/ordoline.com\/lv\/next-generation-aligners-for-advanced-treatment-and-improved-quality-of-life-b2c\/#primaryimage"},"thumbnailUrl":"https:\/\/ordoline.com\/wp-content\/uploads\/2025\/05\/open-box-2.webp","datePublished":"2021-08-18T08:13:05+00:00","dateModified":"2025-06-12T12:55:46+00:00","breadcrumb":{"@id":"https:\/\/ordoline.com\/lv\/next-generation-aligners-for-advanced-treatment-and-improved-quality-of-life-b2c\/#breadcrumb"},"inLanguage":"lv-LV","potentialAction":[{"@type":"ReadAction","target":["https:\/\/ordoline.com\/lv\/next-generation-aligners-for-advanced-treatment-and-improved-quality-of-life-b2c\/"]}]},{"@type":"ImageObject","inLanguage":"lv-LV","@id":"https:\/\/ordoline.com\/lv\/next-generation-aligners-for-advanced-treatment-and-improved-quality-of-life-b2c\/#primaryimage","url":"https:\/\/ordoline.com\/wp-content\/uploads\/2025\/05\/open-box-2.webp","contentUrl":"https:\/\/ordoline.com\/wp-content\/uploads\/2025\/05\/open-box-2.webp","width":708,"height":869},{"@type":"BreadcrumbList","@id":"https:\/\/ordoline.com\/lv\/next-generation-aligners-for-advanced-treatment-and-improved-quality-of-life-b2c\/#breadcrumb","itemListElement":[{"@type":"ListItem","position":1,"name":"Home","item":"https:\/\/ordoline.com\/lv\/"},{"@type":"ListItem","position":2,"name":"Maz paman\u0101ma zobu taisno\u0161ana vesel\u012bgam un skaistam smaidam"}]},{"@type":"WebSite","@id":"https:\/\/ordoline.com\/lv\/#website","url":"https:\/\/ordoline.com\/lv\/","name":"Ordoline","description":"Confidence and predictability with every aligner case","publisher":{"@id":"https:\/\/ordoline.com\/lv\/#organization"},"potentialAction":[{"@type":"SearchAction","target":{"@type":"EntryPoint","urlTemplate":"https:\/\/ordoline.com\/lv\/?s={search_term_string}"},"query-input":{"@type":"PropertyValueSpecification","valueRequired":true,"valueName":"search_term_string"}}],"inLanguage":"lv-LV"},{"@type":"Organization","@id":"https:\/\/ordoline.com\/lv\/#organization","name":"Ordoline","url":"https:\/\/ordoline.com\/lv\/","logo":{"@type":"ImageObject","inLanguage":"lv-LV","@id":"https:\/\/ordoline.com\/lv\/#\/schema\/logo\/image\/","url":"https:\/\/ordoline.com\/wp-content\/uploads\/2021\/08\/ordoline_logo-juodas-4.png","contentUrl":"https:\/\/ordoline.com\/wp-content\/uploads\/2021\/08\/ordoline_logo-juodas-4.png","width":199,"height":40,"caption":"Ordoline"},"image":{"@id":"https:\/\/ordoline.com\/lv\/#\/schema\/logo\/image\/"}}]}},"_links":{"self":[{"href":"https:\/\/ordoline.com\/lv\/wp-json\/wp\/v2\/pages\/15829","targetHints":{"allow":["GET"]}}],"collection":[{"href":"https:\/\/ordoline.com\/lv\/wp-json\/wp\/v2\/pages"}],"about":[{"href":"https:\/\/ordoline.com\/lv\/wp-json\/wp\/v2\/types\/page"}],"author":[{"embeddable":true,"href":"https:\/\/ordoline.com\/lv\/wp-json\/wp\/v2\/users\/1"}],"replies":[{"embeddable":true,"href":"https:\/\/ordoline.com\/lv\/wp-json\/wp\/v2\/comments?post=15829"}],"version-history":[{"count":15,"href":"https:\/\/ordoline.com\/lv\/wp-json\/wp\/v2\/pages\/15829\/revisions"}],"predecessor-version":[{"id":29968,"href":"https:\/\/ordoline.com\/lv\/wp-json\/wp\/v2\/pages\/15829\/revisions\/29968"}],"wp:featuredmedia":[{"embeddable":true,"href":"https:\/\/ordoline.com\/lv\/wp-json\/wp\/v2\/media\/18897"}],"wp:attachment":[{"href":"https:\/\/ordoline.com\/lv\/wp-json\/wp\/v2\/media?parent=15829"}],"curies":[{"name":"wp","href":"https:\/\/api.w.org\/{rel}","templated":true}]}}