{"id":15587,"date":"2021-08-18T09:33:12","date_gmt":"2021-08-18T09:33:12","guid":{"rendered":"https:\/\/ordoline.com\/treatment-process-b2c\/"},"modified":"2025-06-09T20:11:36","modified_gmt":"2025-06-09T20:11:36","slug":"treatment-process-b2c","status":"publish","type":"page","link":"https:\/\/ordoline.com\/lv\/treatment-process-b2c\/","title":{"rendered":"\u0100rst\u0113\u0161anas rezult\u0101ti, kuriem var uztic\u0113ties"},"content":{"rendered":"\n<p>Ordoline pac\u0113la \u0101rst\u0113\u0161anu ar kap\u0113m jaun\u0101 l\u012bmen\u012b, pal\u012bdzot visu vecumu cilv\u0113kiem ieg\u016bt vesel\u012bgus, skaistus smaidus ar augstu \u0101rst\u0113\u0161anas precizit\u0101ti un kl\u012bniski pier\u0101d\u012btiem rezult\u0101tiem. S\u0101kot no neliel\u0101m korekcij\u0101m l\u012bdz sare\u017e\u0123\u012btiem ortodontiskiem gad\u012bjumiem, m\u016bsu sist\u0113ma nodro\u0161ina paredzamus rezult\u0101tus.<\/p>\n","protected":false},"excerpt":{"rendered":"<p>Ordoline pac\u0113la \u0101rst\u0113\u0161anu ar kap\u0113m jaun\u0101 l\u012bmen\u012b, pal\u012bdzot visu vecumu cilv\u0113kiem ieg\u016bt vesel\u012bgus, skaistus smaidus ar augstu \u0101rst\u0113\u0161anas precizit\u0101ti un kl\u012bniski pier\u0101d\u012btiem rezult\u0101tiem. S\u0101kot no neliel\u0101m korekcij\u0101m l\u012bdz sare\u017e\u0123\u012btiem ortodontiskiem gad\u012bjumiem, m\u016bsu sist\u0113ma nodro\u0161ina paredzamus rezult\u0101tus.<\/p>\n","protected":false},"author":1,"featured_media":0,"parent":0,"menu_order":0,"comment_status":"closed","ping_status":"closed","template":"page-treatment-b2c.php","meta":{"_acf_changed":false,"inline_featured_image":false,"footnotes":""},"class_list":["post-15587","page","type-page","status-publish","hentry"],"acf":[],"yoast_head":"<!-- This site is optimized with the Yoast SEO plugin v25.9 - https:\/\/yoast.com\/wordpress\/plugins\/seo\/ -->\n<title>\u0100rst\u0113\u0161anas rezult\u0101ti, kuriem var uztic\u0113ties - Ordoline<\/title>\n<meta name=\"robots\" content=\"index, follow, max-snippet:-1, max-image-preview:large, max-video-preview:-1\" \/>\n<link rel=\"canonical\" href=\"https:\/\/ordoline.com\/lv\/treatment-process-b2c\/\" \/>\n<meta property=\"og:locale\" content=\"lv_LV\" \/>\n<meta property=\"og:type\" content=\"article\" \/>\n<meta property=\"og:title\" content=\"\u0100rst\u0113\u0161anas rezult\u0101ti, kuriem var uztic\u0113ties - Ordoline\" \/>\n<meta property=\"og:description\" content=\"Ordoline pac\u0113la \u0101rst\u0113\u0161anu ar kap\u0113m jaun\u0101 l\u012bmen\u012b, pal\u012bdzot visu vecumu cilv\u0113kiem ieg\u016bt vesel\u012bgus, skaistus smaidus ar augstu \u0101rst\u0113\u0161anas precizit\u0101ti un kl\u012bniski pier\u0101d\u012btiem rezult\u0101tiem. S\u0101kot no neliel\u0101m korekcij\u0101m l\u012bdz sare\u017e\u0123\u012btiem ortodontiskiem gad\u012bjumiem, m\u016bsu sist\u0113ma nodro\u0161ina paredzamus rezult\u0101tus.\" \/>\n<meta property=\"og:url\" content=\"https:\/\/ordoline.com\/lv\/treatment-process-b2c\/\" \/>\n<meta property=\"og:site_name\" content=\"Ordoline\" \/>\n<meta property=\"article:modified_time\" content=\"2025-06-09T20:11:36+00:00\" \/>\n<meta name=\"twitter:card\" content=\"summary_large_image\" \/>\n<meta name=\"twitter:label1\" content=\"Est. reading time\" \/>\n\t<meta name=\"twitter:data1\" content=\"1 minute\" \/>\n<script type=\"application\/ld+json\" class=\"yoast-schema-graph\">{\"@context\":\"https:\/\/schema.org\",\"@graph\":[{\"@type\":\"WebPage\",\"@id\":\"https:\/\/ordoline.com\/lv\/treatment-process-b2c\/\",\"url\":\"https:\/\/ordoline.com\/lv\/treatment-process-b2c\/\",\"name\":\"\u0100rst\u0113\u0161anas rezult\u0101ti, kuriem var uztic\u0113ties - Ordoline\",\"isPartOf\":{\"@id\":\"https:\/\/ordoline.com\/lv\/#website\"},\"datePublished\":\"2021-08-18T09:33:12+00:00\",\"dateModified\":\"2025-06-09T20:11:36+00:00\",\"breadcrumb\":{\"@id\":\"https:\/\/ordoline.com\/lv\/treatment-process-b2c\/#breadcrumb\"},\"inLanguage\":\"lv-LV\",\"potentialAction\":[{\"@type\":\"ReadAction\",\"target\":[\"https:\/\/ordoline.com\/lv\/treatment-process-b2c\/\"]}]},{\"@type\":\"BreadcrumbList\",\"@id\":\"https:\/\/ordoline.com\/lv\/treatment-process-b2c\/#breadcrumb\",\"itemListElement\":[{\"@type\":\"ListItem\",\"position\":1,\"name\":\"Home\",\"item\":\"https:\/\/ordoline.com\/lv\/\"},{\"@type\":\"ListItem\",\"position\":2,\"name\":\"\u0100rst\u0113\u0161anas rezult\u0101ti, kuriem var uztic\u0113ties\"}]},{\"@type\":\"WebSite\",\"@id\":\"https:\/\/ordoline.com\/lv\/#website\",\"url\":\"https:\/\/ordoline.com\/lv\/\",\"name\":\"Ordoline\",\"description\":\"Confidence and predictability with every aligner case\",\"publisher\":{\"@id\":\"https:\/\/ordoline.com\/lv\/#organization\"},\"potentialAction\":[{\"@type\":\"SearchAction\",\"target\":{\"@type\":\"EntryPoint\",\"urlTemplate\":\"https:\/\/ordoline.com\/lv\/?s={search_term_string}\"},\"query-input\":{\"@type\":\"PropertyValueSpecification\",\"valueRequired\":true,\"valueName\":\"search_term_string\"}}],\"inLanguage\":\"lv-LV\"},{\"@type\":\"Organization\",\"@id\":\"https:\/\/ordoline.com\/lv\/#organization\",\"name\":\"Ordoline\",\"url\":\"https:\/\/ordoline.com\/lv\/\",\"logo\":{\"@type\":\"ImageObject\",\"inLanguage\":\"lv-LV\",\"@id\":\"https:\/\/ordoline.com\/lv\/#\/schema\/logo\/image\/\",\"url\":\"https:\/\/ordoline.com\/wp-content\/uploads\/2021\/08\/ordoline_logo-juodas-4.png\",\"contentUrl\":\"https:\/\/ordoline.com\/wp-content\/uploads\/2021\/08\/ordoline_logo-juodas-4.png\",\"width\":199,\"height\":40,\"caption\":\"Ordoline\"},\"image\":{\"@id\":\"https:\/\/ordoline.com\/lv\/#\/schema\/logo\/image\/\"}}]}<\/script>\n<!-- \/ Yoast SEO plugin. -->","yoast_head_json":{"title":"\u0100rst\u0113\u0161anas rezult\u0101ti, kuriem var uztic\u0113ties - Ordoline","robots":{"index":"index","follow":"follow","max-snippet":"max-snippet:-1","max-image-preview":"max-image-preview:large","max-video-preview":"max-video-preview:-1"},"canonical":"https:\/\/ordoline.com\/lv\/treatment-process-b2c\/","og_locale":"lv_LV","og_type":"article","og_title":"\u0100rst\u0113\u0161anas rezult\u0101ti, kuriem var uztic\u0113ties - Ordoline","og_description":"Ordoline pac\u0113la \u0101rst\u0113\u0161anu ar kap\u0113m jaun\u0101 l\u012bmen\u012b, pal\u012bdzot visu vecumu cilv\u0113kiem ieg\u016bt vesel\u012bgus, skaistus smaidus ar augstu \u0101rst\u0113\u0161anas precizit\u0101ti un kl\u012bniski pier\u0101d\u012btiem rezult\u0101tiem. S\u0101kot no neliel\u0101m korekcij\u0101m l\u012bdz sare\u017e\u0123\u012btiem ortodontiskiem gad\u012bjumiem, m\u016bsu sist\u0113ma nodro\u0161ina paredzamus rezult\u0101tus.","og_url":"https:\/\/ordoline.com\/lv\/treatment-process-b2c\/","og_site_name":"Ordoline","article_modified_time":"2025-06-09T20:11:36+00:00","twitter_card":"summary_large_image","twitter_misc":{"Est. reading time":"1 minute"},"schema":{"@context":"https:\/\/schema.org","@graph":[{"@type":"WebPage","@id":"https:\/\/ordoline.com\/lv\/treatment-process-b2c\/","url":"https:\/\/ordoline.com\/lv\/treatment-process-b2c\/","name":"\u0100rst\u0113\u0161anas rezult\u0101ti, kuriem var uztic\u0113ties - Ordoline","isPartOf":{"@id":"https:\/\/ordoline.com\/lv\/#website"},"datePublished":"2021-08-18T09:33:12+00:00","dateModified":"2025-06-09T20:11:36+00:00","breadcrumb":{"@id":"https:\/\/ordoline.com\/lv\/treatment-process-b2c\/#breadcrumb"},"inLanguage":"lv-LV","potentialAction":[{"@type":"ReadAction","target":["https:\/\/ordoline.com\/lv\/treatment-process-b2c\/"]}]},{"@type":"BreadcrumbList","@id":"https:\/\/ordoline.com\/lv\/treatment-process-b2c\/#breadcrumb","itemListElement":[{"@type":"ListItem","position":1,"name":"Home","item":"https:\/\/ordoline.com\/lv\/"},{"@type":"ListItem","position":2,"name":"\u0100rst\u0113\u0161anas rezult\u0101ti, kuriem var uztic\u0113ties"}]},{"@type":"WebSite","@id":"https:\/\/ordoline.com\/lv\/#website","url":"https:\/\/ordoline.com\/lv\/","name":"Ordoline","description":"Confidence and predictability with every aligner case","publisher":{"@id":"https:\/\/ordoline.com\/lv\/#organization"},"potentialAction":[{"@type":"SearchAction","target":{"@type":"EntryPoint","urlTemplate":"https:\/\/ordoline.com\/lv\/?s={search_term_string}"},"query-input":{"@type":"PropertyValueSpecification","valueRequired":true,"valueName":"search_term_string"}}],"inLanguage":"lv-LV"},{"@type":"Organization","@id":"https:\/\/ordoline.com\/lv\/#organization","name":"Ordoline","url":"https:\/\/ordoline.com\/lv\/","logo":{"@type":"ImageObject","inLanguage":"lv-LV","@id":"https:\/\/ordoline.com\/lv\/#\/schema\/logo\/image\/","url":"https:\/\/ordoline.com\/wp-content\/uploads\/2021\/08\/ordoline_logo-juodas-4.png","contentUrl":"https:\/\/ordoline.com\/wp-content\/uploads\/2021\/08\/ordoline_logo-juodas-4.png","width":199,"height":40,"caption":"Ordoline"},"image":{"@id":"https:\/\/ordoline.com\/lv\/#\/schema\/logo\/image\/"}}]}},"_links":{"self":[{"href":"https:\/\/ordoline.com\/lv\/wp-json\/wp\/v2\/pages\/15587","targetHints":{"allow":["GET"]}}],"collection":[{"href":"https:\/\/ordoline.com\/lv\/wp-json\/wp\/v2\/pages"}],"about":[{"href":"https:\/\/ordoline.com\/lv\/wp-json\/wp\/v2\/types\/page"}],"author":[{"embeddable":true,"href":"https:\/\/ordoline.com\/lv\/wp-json\/wp\/v2\/users\/1"}],"replies":[{"embeddable":true,"href":"https:\/\/ordoline.com\/lv\/wp-json\/wp\/v2\/comments?post=15587"}],"version-history":[{"count":2,"href":"https:\/\/ordoline.com\/lv\/wp-json\/wp\/v2\/pages\/15587\/revisions"}],"predecessor-version":[{"id":29799,"href":"https:\/\/ordoline.com\/lv\/wp-json\/wp\/v2\/pages\/15587\/revisions\/29799"}],"wp:attachment":[{"href":"https:\/\/ordoline.com\/lv\/wp-json\/wp\/v2\/media?parent=15587"}],"curies":[{"name":"wp","href":"https:\/\/api.w.org\/{rel}","templated":true}]}}