{"id":15581,"date":"2021-08-18T10:16:22","date_gmt":"2021-08-18T10:16:22","guid":{"rendered":"https:\/\/ordoline.com\/become-partner\/"},"modified":"2025-07-01T08:08:53","modified_gmt":"2025-07-01T08:08:53","slug":"become-partner","status":"publish","type":"page","link":"https:\/\/ordoline.com\/lv\/become-partner\/","title":{"rendered":"K\u0101p\u0113c Ordoline"},"content":{"rendered":"\n<h2 class=\"wp-block-heading\">K\u0101p\u0113c \u0101rsti k\u013c\u016bst par Ordoline sadarb\u012bbas partneriem?<\/h2>\n\n\n\n<p>Ordoline pied\u0101v\u0101 vied\u0101ku, kl\u012bniski pamatotu pieeju \u0101rst\u0113\u0161anai ar kap\u0113m. Risin\u0101m da\u017e\u0101das izaicino\u0161as probl\u0113mas, ar kur\u0101m saskaras gan pieredz\u0113ju\u0161i, gan jauni \u0101rsti \u2014 s\u0101kot no \u0101rst\u0113\u0161anas sare\u017e\u0123\u012bt\u012bbas un paredzam\u012bbas l\u012bdz efekt\u012bvai pl\u0101no\u0161anai un sasniedzamam rezult\u0101tam.<\/p>\n","protected":false},"excerpt":{"rendered":"<p>K\u0101p\u0113c \u0101rsti k\u013c\u016bst par Ordoline sadarb\u012bbas partneriem? Ordoline pied\u0101v\u0101 vied\u0101ku, kl\u012bniski pamatotu pieeju \u0101rst\u0113\u0161anai ar kap\u0113m. Risin\u0101m da\u017e\u0101das izaicino\u0161as probl\u0113mas, ar kur\u0101m saskaras gan pieredz\u0113ju\u0161i, gan jauni \u0101rsti \u2014 s\u0101kot no \u0101rst\u0113\u0161anas sare\u017e\u0123\u012bt\u012bbas un paredzam\u012bbas l\u012bdz efekt\u012bvai pl\u0101no\u0161anai un sasniedzamam rezult\u0101tam.<\/p>\n","protected":false},"author":1,"featured_media":0,"parent":0,"menu_order":0,"comment_status":"closed","ping_status":"closed","template":"page-partner.php","meta":{"_acf_changed":false,"inline_featured_image":false,"footnotes":""},"class_list":["post-15581","page","type-page","status-publish","hentry"],"acf":[],"yoast_head":"<!-- This site is optimized with the Yoast SEO plugin v25.9 - https:\/\/yoast.com\/wordpress\/plugins\/seo\/ -->\n<title>K\u0101p\u0113c Ordoline - Ordoline<\/title>\n<meta name=\"robots\" content=\"index, follow, max-snippet:-1, max-image-preview:large, max-video-preview:-1\" \/>\n<link rel=\"canonical\" href=\"https:\/\/ordoline.com\/lv\/become-partner\/\" \/>\n<meta property=\"og:locale\" content=\"lv_LV\" \/>\n<meta property=\"og:type\" content=\"article\" \/>\n<meta property=\"og:title\" content=\"K\u0101p\u0113c Ordoline - Ordoline\" \/>\n<meta property=\"og:description\" content=\"K\u0101p\u0113c \u0101rsti k\u013c\u016bst par Ordoline sadarb\u012bbas partneriem? Ordoline pied\u0101v\u0101 vied\u0101ku, kl\u012bniski pamatotu pieeju \u0101rst\u0113\u0161anai ar kap\u0113m. Risin\u0101m da\u017e\u0101das izaicino\u0161as probl\u0113mas, ar kur\u0101m saskaras gan pieredz\u0113ju\u0161i, gan jauni \u0101rsti \u2014 s\u0101kot no \u0101rst\u0113\u0161anas sare\u017e\u0123\u012bt\u012bbas un paredzam\u012bbas l\u012bdz efekt\u012bvai pl\u0101no\u0161anai un sasniedzamam rezult\u0101tam.\" \/>\n<meta property=\"og:url\" content=\"https:\/\/ordoline.com\/lv\/become-partner\/\" \/>\n<meta property=\"og:site_name\" content=\"Ordoline\" \/>\n<meta property=\"article:modified_time\" content=\"2025-07-01T08:08:53+00:00\" \/>\n<meta name=\"twitter:card\" content=\"summary_large_image\" \/>\n<meta name=\"twitter:label1\" content=\"Est. reading time\" \/>\n\t<meta name=\"twitter:data1\" content=\"1 minute\" \/>\n<script type=\"application\/ld+json\" class=\"yoast-schema-graph\">{\"@context\":\"https:\/\/schema.org\",\"@graph\":[{\"@type\":\"WebPage\",\"@id\":\"https:\/\/ordoline.com\/lv\/become-partner\/\",\"url\":\"https:\/\/ordoline.com\/lv\/become-partner\/\",\"name\":\"K\u0101p\u0113c Ordoline - Ordoline\",\"isPartOf\":{\"@id\":\"https:\/\/ordoline.com\/lv\/#website\"},\"datePublished\":\"2021-08-18T10:16:22+00:00\",\"dateModified\":\"2025-07-01T08:08:53+00:00\",\"breadcrumb\":{\"@id\":\"https:\/\/ordoline.com\/lv\/become-partner\/#breadcrumb\"},\"inLanguage\":\"lv-LV\",\"potentialAction\":[{\"@type\":\"ReadAction\",\"target\":[\"https:\/\/ordoline.com\/lv\/become-partner\/\"]}]},{\"@type\":\"BreadcrumbList\",\"@id\":\"https:\/\/ordoline.com\/lv\/become-partner\/#breadcrumb\",\"itemListElement\":[{\"@type\":\"ListItem\",\"position\":1,\"name\":\"Home\",\"item\":\"https:\/\/ordoline.com\/lv\/\"},{\"@type\":\"ListItem\",\"position\":2,\"name\":\"K\u0101p\u0113c Ordoline\"}]},{\"@type\":\"WebSite\",\"@id\":\"https:\/\/ordoline.com\/lv\/#website\",\"url\":\"https:\/\/ordoline.com\/lv\/\",\"name\":\"Ordoline\",\"description\":\"Confidence and predictability with every aligner case\",\"publisher\":{\"@id\":\"https:\/\/ordoline.com\/lv\/#organization\"},\"potentialAction\":[{\"@type\":\"SearchAction\",\"target\":{\"@type\":\"EntryPoint\",\"urlTemplate\":\"https:\/\/ordoline.com\/lv\/?s={search_term_string}\"},\"query-input\":{\"@type\":\"PropertyValueSpecification\",\"valueRequired\":true,\"valueName\":\"search_term_string\"}}],\"inLanguage\":\"lv-LV\"},{\"@type\":\"Organization\",\"@id\":\"https:\/\/ordoline.com\/lv\/#organization\",\"name\":\"Ordoline\",\"url\":\"https:\/\/ordoline.com\/lv\/\",\"logo\":{\"@type\":\"ImageObject\",\"inLanguage\":\"lv-LV\",\"@id\":\"https:\/\/ordoline.com\/lv\/#\/schema\/logo\/image\/\",\"url\":\"https:\/\/ordoline.com\/wp-content\/uploads\/2021\/08\/ordoline_logo-juodas-4.png\",\"contentUrl\":\"https:\/\/ordoline.com\/wp-content\/uploads\/2021\/08\/ordoline_logo-juodas-4.png\",\"width\":199,\"height\":40,\"caption\":\"Ordoline\"},\"image\":{\"@id\":\"https:\/\/ordoline.com\/lv\/#\/schema\/logo\/image\/\"}}]}<\/script>\n<!-- \/ Yoast SEO plugin. -->","yoast_head_json":{"title":"K\u0101p\u0113c Ordoline - Ordoline","robots":{"index":"index","follow":"follow","max-snippet":"max-snippet:-1","max-image-preview":"max-image-preview:large","max-video-preview":"max-video-preview:-1"},"canonical":"https:\/\/ordoline.com\/lv\/become-partner\/","og_locale":"lv_LV","og_type":"article","og_title":"K\u0101p\u0113c Ordoline - Ordoline","og_description":"K\u0101p\u0113c \u0101rsti k\u013c\u016bst par Ordoline sadarb\u012bbas partneriem? Ordoline pied\u0101v\u0101 vied\u0101ku, kl\u012bniski pamatotu pieeju \u0101rst\u0113\u0161anai ar kap\u0113m. Risin\u0101m da\u017e\u0101das izaicino\u0161as probl\u0113mas, ar kur\u0101m saskaras gan pieredz\u0113ju\u0161i, gan jauni \u0101rsti \u2014 s\u0101kot no \u0101rst\u0113\u0161anas sare\u017e\u0123\u012bt\u012bbas un paredzam\u012bbas l\u012bdz efekt\u012bvai pl\u0101no\u0161anai un sasniedzamam rezult\u0101tam.","og_url":"https:\/\/ordoline.com\/lv\/become-partner\/","og_site_name":"Ordoline","article_modified_time":"2025-07-01T08:08:53+00:00","twitter_card":"summary_large_image","twitter_misc":{"Est. reading time":"1 minute"},"schema":{"@context":"https:\/\/schema.org","@graph":[{"@type":"WebPage","@id":"https:\/\/ordoline.com\/lv\/become-partner\/","url":"https:\/\/ordoline.com\/lv\/become-partner\/","name":"K\u0101p\u0113c Ordoline - Ordoline","isPartOf":{"@id":"https:\/\/ordoline.com\/lv\/#website"},"datePublished":"2021-08-18T10:16:22+00:00","dateModified":"2025-07-01T08:08:53+00:00","breadcrumb":{"@id":"https:\/\/ordoline.com\/lv\/become-partner\/#breadcrumb"},"inLanguage":"lv-LV","potentialAction":[{"@type":"ReadAction","target":["https:\/\/ordoline.com\/lv\/become-partner\/"]}]},{"@type":"BreadcrumbList","@id":"https:\/\/ordoline.com\/lv\/become-partner\/#breadcrumb","itemListElement":[{"@type":"ListItem","position":1,"name":"Home","item":"https:\/\/ordoline.com\/lv\/"},{"@type":"ListItem","position":2,"name":"K\u0101p\u0113c Ordoline"}]},{"@type":"WebSite","@id":"https:\/\/ordoline.com\/lv\/#website","url":"https:\/\/ordoline.com\/lv\/","name":"Ordoline","description":"Confidence and predictability with every aligner case","publisher":{"@id":"https:\/\/ordoline.com\/lv\/#organization"},"potentialAction":[{"@type":"SearchAction","target":{"@type":"EntryPoint","urlTemplate":"https:\/\/ordoline.com\/lv\/?s={search_term_string}"},"query-input":{"@type":"PropertyValueSpecification","valueRequired":true,"valueName":"search_term_string"}}],"inLanguage":"lv-LV"},{"@type":"Organization","@id":"https:\/\/ordoline.com\/lv\/#organization","name":"Ordoline","url":"https:\/\/ordoline.com\/lv\/","logo":{"@type":"ImageObject","inLanguage":"lv-LV","@id":"https:\/\/ordoline.com\/lv\/#\/schema\/logo\/image\/","url":"https:\/\/ordoline.com\/wp-content\/uploads\/2021\/08\/ordoline_logo-juodas-4.png","contentUrl":"https:\/\/ordoline.com\/wp-content\/uploads\/2021\/08\/ordoline_logo-juodas-4.png","width":199,"height":40,"caption":"Ordoline"},"image":{"@id":"https:\/\/ordoline.com\/lv\/#\/schema\/logo\/image\/"}}]}},"_links":{"self":[{"href":"https:\/\/ordoline.com\/lv\/wp-json\/wp\/v2\/pages\/15581","targetHints":{"allow":["GET"]}}],"collection":[{"href":"https:\/\/ordoline.com\/lv\/wp-json\/wp\/v2\/pages"}],"about":[{"href":"https:\/\/ordoline.com\/lv\/wp-json\/wp\/v2\/types\/page"}],"author":[{"embeddable":true,"href":"https:\/\/ordoline.com\/lv\/wp-json\/wp\/v2\/users\/1"}],"replies":[{"embeddable":true,"href":"https:\/\/ordoline.com\/lv\/wp-json\/wp\/v2\/comments?post=15581"}],"version-history":[{"count":23,"href":"https:\/\/ordoline.com\/lv\/wp-json\/wp\/v2\/pages\/15581\/revisions"}],"predecessor-version":[{"id":31005,"href":"https:\/\/ordoline.com\/lv\/wp-json\/wp\/v2\/pages\/15581\/revisions\/31005"}],"wp:attachment":[{"href":"https:\/\/ordoline.com\/lv\/wp-json\/wp\/v2\/media?parent=15581"}],"curies":[{"name":"wp","href":"https:\/\/api.w.org\/{rel}","templated":true}]}}