{"id":15570,"date":"2021-10-10T12:34:53","date_gmt":"2021-10-10T12:34:53","guid":{"rendered":"https:\/\/ordoline.com\/aligners-vs-braces-b2b\/"},"modified":"2025-06-04T20:54:46","modified_gmt":"2025-06-04T20:54:46","slug":"aligners-vs-braces-b2b","status":"publish","type":"page","link":"https:\/\/ordoline.com\/lv\/aligners-vs-braces-b2b\/","title":{"rendered":"Kapes vs breketes"},"content":{"rendered":"\n<p>Gan kapes, gan breketes ir efekt\u012bvi ortodontisk\u0101s \u0101rst\u0113\u0161anas instrumenti. Tom\u0113r m\u016bsdien\u012bg\u0101s caursp\u012bd\u012bg\u0101s kapes tagad pied\u0101v\u0101 patie\u0161\u0101m augstu \u0101rst\u0113\u0161anas paredzam\u012bbu, samazin\u0101tu \u0101rsta kl\u0101tienes apmekl\u0113jumu vajadz\u012bbu un komfortabl\u0101ku pacienta pa\u0161saj\u016btu \u2014 pat sare\u017e\u0123\u012btos gad\u012bjumos.<\/p>\n\n\n\n<p><\/p>\n","protected":false},"excerpt":{"rendered":"<p>Gan kapes, gan breketes ir efekt\u012bvi ortodontisk\u0101s \u0101rst\u0113\u0161anas instrumenti. Tom\u0113r m\u016bsdien\u012bg\u0101s caursp\u012bd\u012bg\u0101s kapes tagad pied\u0101v\u0101 patie\u0161\u0101m augstu \u0101rst\u0113\u0161anas paredzam\u012bbu, samazin\u0101tu \u0101rsta kl\u0101tienes apmekl\u0113jumu vajadz\u012bbu un komfortabl\u0101ku pacienta pa\u0161saj\u016btu \u2014 pat sare\u017e\u0123\u012btos gad\u012bjumos.<\/p>\n","protected":false},"author":1,"featured_media":15572,"parent":0,"menu_order":0,"comment_status":"closed","ping_status":"closed","template":"page-comparison-b2b.php","meta":{"_acf_changed":false,"inline_featured_image":false,"footnotes":""},"class_list":["post-15570","page","type-page","status-publish","has-post-thumbnail","hentry"],"acf":[],"yoast_head":"<!-- This site is optimized with the Yoast SEO plugin v25.9 - https:\/\/yoast.com\/wordpress\/plugins\/seo\/ -->\n<title>Kapes vs breketes - Ordoline<\/title>\n<meta name=\"robots\" content=\"index, follow, max-snippet:-1, max-image-preview:large, max-video-preview:-1\" \/>\n<link rel=\"canonical\" href=\"https:\/\/ordoline.com\/lv\/aligners-vs-braces-b2b\/\" \/>\n<meta property=\"og:locale\" content=\"lv_LV\" \/>\n<meta property=\"og:type\" content=\"article\" \/>\n<meta property=\"og:title\" content=\"Kapes vs breketes - Ordoline\" \/>\n<meta property=\"og:description\" content=\"Gan kapes, gan breketes ir efekt\u012bvi ortodontisk\u0101s \u0101rst\u0113\u0161anas instrumenti. Tom\u0113r m\u016bsdien\u012bg\u0101s caursp\u012bd\u012bg\u0101s kapes tagad pied\u0101v\u0101 patie\u0161\u0101m augstu \u0101rst\u0113\u0161anas paredzam\u012bbu, samazin\u0101tu \u0101rsta kl\u0101tienes apmekl\u0113jumu vajadz\u012bbu un komfortabl\u0101ku pacienta pa\u0161saj\u016btu \u2014 pat sare\u017e\u0123\u012btos gad\u012bjumos.\" \/>\n<meta property=\"og:url\" content=\"https:\/\/ordoline.com\/lv\/aligners-vs-braces-b2b\/\" \/>\n<meta property=\"og:site_name\" content=\"Ordoline\" \/>\n<meta property=\"article:modified_time\" content=\"2025-06-04T20:54:46+00:00\" \/>\n<meta property=\"og:image\" content=\"https:\/\/ordoline.com\/wp-content\/uploads\/2021\/08\/cut-1.png\" \/>\n\t<meta property=\"og:image:width\" content=\"1786\" \/>\n\t<meta property=\"og:image:height\" content=\"1360\" \/>\n\t<meta property=\"og:image:type\" content=\"image\/png\" \/>\n<meta name=\"twitter:card\" content=\"summary_large_image\" \/>\n<meta name=\"twitter:label1\" content=\"Est. reading time\" \/>\n\t<meta name=\"twitter:data1\" content=\"1 minute\" \/>\n<script type=\"application\/ld+json\" class=\"yoast-schema-graph\">{\"@context\":\"https:\/\/schema.org\",\"@graph\":[{\"@type\":\"WebPage\",\"@id\":\"https:\/\/ordoline.com\/lv\/aligners-vs-braces-b2b\/\",\"url\":\"https:\/\/ordoline.com\/lv\/aligners-vs-braces-b2b\/\",\"name\":\"Kapes vs breketes - Ordoline\",\"isPartOf\":{\"@id\":\"https:\/\/ordoline.com\/lv\/#website\"},\"primaryImageOfPage\":{\"@id\":\"https:\/\/ordoline.com\/lv\/aligners-vs-braces-b2b\/#primaryimage\"},\"image\":{\"@id\":\"https:\/\/ordoline.com\/lv\/aligners-vs-braces-b2b\/#primaryimage\"},\"thumbnailUrl\":\"https:\/\/ordoline.com\/wp-content\/uploads\/2021\/08\/cut-1.png\",\"datePublished\":\"2021-10-10T12:34:53+00:00\",\"dateModified\":\"2025-06-04T20:54:46+00:00\",\"breadcrumb\":{\"@id\":\"https:\/\/ordoline.com\/lv\/aligners-vs-braces-b2b\/#breadcrumb\"},\"inLanguage\":\"lv-LV\",\"potentialAction\":[{\"@type\":\"ReadAction\",\"target\":[\"https:\/\/ordoline.com\/lv\/aligners-vs-braces-b2b\/\"]}]},{\"@type\":\"ImageObject\",\"inLanguage\":\"lv-LV\",\"@id\":\"https:\/\/ordoline.com\/lv\/aligners-vs-braces-b2b\/#primaryimage\",\"url\":\"https:\/\/ordoline.com\/wp-content\/uploads\/2021\/08\/cut-1.png\",\"contentUrl\":\"https:\/\/ordoline.com\/wp-content\/uploads\/2021\/08\/cut-1.png\",\"width\":1786,\"height\":1360},{\"@type\":\"BreadcrumbList\",\"@id\":\"https:\/\/ordoline.com\/lv\/aligners-vs-braces-b2b\/#breadcrumb\",\"itemListElement\":[{\"@type\":\"ListItem\",\"position\":1,\"name\":\"Home\",\"item\":\"https:\/\/ordoline.com\/lv\/\"},{\"@type\":\"ListItem\",\"position\":2,\"name\":\"Kapes vs breketes\"}]},{\"@type\":\"WebSite\",\"@id\":\"https:\/\/ordoline.com\/lv\/#website\",\"url\":\"https:\/\/ordoline.com\/lv\/\",\"name\":\"Ordoline\",\"description\":\"Confidence and predictability with every aligner case\",\"publisher\":{\"@id\":\"https:\/\/ordoline.com\/lv\/#organization\"},\"potentialAction\":[{\"@type\":\"SearchAction\",\"target\":{\"@type\":\"EntryPoint\",\"urlTemplate\":\"https:\/\/ordoline.com\/lv\/?s={search_term_string}\"},\"query-input\":{\"@type\":\"PropertyValueSpecification\",\"valueRequired\":true,\"valueName\":\"search_term_string\"}}],\"inLanguage\":\"lv-LV\"},{\"@type\":\"Organization\",\"@id\":\"https:\/\/ordoline.com\/lv\/#organization\",\"name\":\"Ordoline\",\"url\":\"https:\/\/ordoline.com\/lv\/\",\"logo\":{\"@type\":\"ImageObject\",\"inLanguage\":\"lv-LV\",\"@id\":\"https:\/\/ordoline.com\/lv\/#\/schema\/logo\/image\/\",\"url\":\"https:\/\/ordoline.com\/wp-content\/uploads\/2021\/08\/ordoline_logo-juodas-4.png\",\"contentUrl\":\"https:\/\/ordoline.com\/wp-content\/uploads\/2021\/08\/ordoline_logo-juodas-4.png\",\"width\":199,\"height\":40,\"caption\":\"Ordoline\"},\"image\":{\"@id\":\"https:\/\/ordoline.com\/lv\/#\/schema\/logo\/image\/\"}}]}<\/script>\n<!-- \/ Yoast SEO plugin. -->","yoast_head_json":{"title":"Kapes vs breketes - Ordoline","robots":{"index":"index","follow":"follow","max-snippet":"max-snippet:-1","max-image-preview":"max-image-preview:large","max-video-preview":"max-video-preview:-1"},"canonical":"https:\/\/ordoline.com\/lv\/aligners-vs-braces-b2b\/","og_locale":"lv_LV","og_type":"article","og_title":"Kapes vs breketes - Ordoline","og_description":"Gan kapes, gan breketes ir efekt\u012bvi ortodontisk\u0101s \u0101rst\u0113\u0161anas instrumenti. Tom\u0113r m\u016bsdien\u012bg\u0101s caursp\u012bd\u012bg\u0101s kapes tagad pied\u0101v\u0101 patie\u0161\u0101m augstu \u0101rst\u0113\u0161anas paredzam\u012bbu, samazin\u0101tu \u0101rsta kl\u0101tienes apmekl\u0113jumu vajadz\u012bbu un komfortabl\u0101ku pacienta pa\u0161saj\u016btu \u2014 pat sare\u017e\u0123\u012btos gad\u012bjumos.","og_url":"https:\/\/ordoline.com\/lv\/aligners-vs-braces-b2b\/","og_site_name":"Ordoline","article_modified_time":"2025-06-04T20:54:46+00:00","og_image":[{"width":1786,"height":1360,"url":"https:\/\/ordoline.com\/wp-content\/uploads\/2021\/08\/cut-1.png","type":"image\/png"}],"twitter_card":"summary_large_image","twitter_misc":{"Est. reading time":"1 minute"},"schema":{"@context":"https:\/\/schema.org","@graph":[{"@type":"WebPage","@id":"https:\/\/ordoline.com\/lv\/aligners-vs-braces-b2b\/","url":"https:\/\/ordoline.com\/lv\/aligners-vs-braces-b2b\/","name":"Kapes vs breketes - Ordoline","isPartOf":{"@id":"https:\/\/ordoline.com\/lv\/#website"},"primaryImageOfPage":{"@id":"https:\/\/ordoline.com\/lv\/aligners-vs-braces-b2b\/#primaryimage"},"image":{"@id":"https:\/\/ordoline.com\/lv\/aligners-vs-braces-b2b\/#primaryimage"},"thumbnailUrl":"https:\/\/ordoline.com\/wp-content\/uploads\/2021\/08\/cut-1.png","datePublished":"2021-10-10T12:34:53+00:00","dateModified":"2025-06-04T20:54:46+00:00","breadcrumb":{"@id":"https:\/\/ordoline.com\/lv\/aligners-vs-braces-b2b\/#breadcrumb"},"inLanguage":"lv-LV","potentialAction":[{"@type":"ReadAction","target":["https:\/\/ordoline.com\/lv\/aligners-vs-braces-b2b\/"]}]},{"@type":"ImageObject","inLanguage":"lv-LV","@id":"https:\/\/ordoline.com\/lv\/aligners-vs-braces-b2b\/#primaryimage","url":"https:\/\/ordoline.com\/wp-content\/uploads\/2021\/08\/cut-1.png","contentUrl":"https:\/\/ordoline.com\/wp-content\/uploads\/2021\/08\/cut-1.png","width":1786,"height":1360},{"@type":"BreadcrumbList","@id":"https:\/\/ordoline.com\/lv\/aligners-vs-braces-b2b\/#breadcrumb","itemListElement":[{"@type":"ListItem","position":1,"name":"Home","item":"https:\/\/ordoline.com\/lv\/"},{"@type":"ListItem","position":2,"name":"Kapes vs breketes"}]},{"@type":"WebSite","@id":"https:\/\/ordoline.com\/lv\/#website","url":"https:\/\/ordoline.com\/lv\/","name":"Ordoline","description":"Confidence and predictability with every aligner case","publisher":{"@id":"https:\/\/ordoline.com\/lv\/#organization"},"potentialAction":[{"@type":"SearchAction","target":{"@type":"EntryPoint","urlTemplate":"https:\/\/ordoline.com\/lv\/?s={search_term_string}"},"query-input":{"@type":"PropertyValueSpecification","valueRequired":true,"valueName":"search_term_string"}}],"inLanguage":"lv-LV"},{"@type":"Organization","@id":"https:\/\/ordoline.com\/lv\/#organization","name":"Ordoline","url":"https:\/\/ordoline.com\/lv\/","logo":{"@type":"ImageObject","inLanguage":"lv-LV","@id":"https:\/\/ordoline.com\/lv\/#\/schema\/logo\/image\/","url":"https:\/\/ordoline.com\/wp-content\/uploads\/2021\/08\/ordoline_logo-juodas-4.png","contentUrl":"https:\/\/ordoline.com\/wp-content\/uploads\/2021\/08\/ordoline_logo-juodas-4.png","width":199,"height":40,"caption":"Ordoline"},"image":{"@id":"https:\/\/ordoline.com\/lv\/#\/schema\/logo\/image\/"}}]}},"_links":{"self":[{"href":"https:\/\/ordoline.com\/lv\/wp-json\/wp\/v2\/pages\/15570","targetHints":{"allow":["GET"]}}],"collection":[{"href":"https:\/\/ordoline.com\/lv\/wp-json\/wp\/v2\/pages"}],"about":[{"href":"https:\/\/ordoline.com\/lv\/wp-json\/wp\/v2\/types\/page"}],"author":[{"embeddable":true,"href":"https:\/\/ordoline.com\/lv\/wp-json\/wp\/v2\/users\/1"}],"replies":[{"embeddable":true,"href":"https:\/\/ordoline.com\/lv\/wp-json\/wp\/v2\/comments?post=15570"}],"version-history":[{"count":7,"href":"https:\/\/ordoline.com\/lv\/wp-json\/wp\/v2\/pages\/15570\/revisions"}],"predecessor-version":[{"id":29759,"href":"https:\/\/ordoline.com\/lv\/wp-json\/wp\/v2\/pages\/15570\/revisions\/29759"}],"wp:featuredmedia":[{"embeddable":true,"href":"https:\/\/ordoline.com\/lv\/wp-json\/wp\/v2\/media\/15572"}],"wp:attachment":[{"href":"https:\/\/ordoline.com\/lv\/wp-json\/wp\/v2\/media?parent=15570"}],"curies":[{"name":"wp","href":"https:\/\/api.w.org\/{rel}","templated":true}]}}