{"id":15568,"date":"2021-10-10T13:01:28","date_gmt":"2021-10-10T13:01:28","guid":{"rendered":"https:\/\/ordoline.com\/treatment-process-b2b\/"},"modified":"2025-06-04T20:39:30","modified_gmt":"2025-06-04T20:39:30","slug":"treatment-process-b2b","status":"publish","type":"page","link":"https:\/\/ordoline.com\/lv\/treatment-process-b2b\/","title":{"rendered":"Prognoz\u0113jami \u0101rst\u0113\u0161anas rezult\u0101ti"},"content":{"rendered":"\n<p>Ordoline apvieno zin\u0101tniski apstiprin\u0101tus \u0101rst\u0113\u0161anas protokolus un ortodontijas profesion\u0101\u013cus augstas kl\u012bnisk\u0101s precizit\u0101tes nodro\u0161in\u0101\u0161anai \u2014 no vienk\u0101r\u0161\u0101m zobu taisno\u0161an\u0101m l\u012bdz sare\u017e\u0123\u012btu sakodiena probl\u0113mu risin\u0101jumiem.<\/p>\n\n\n\n<p>Pateicoties virknei neatkar\u012bgu p\u0113t\u012bjumu, Ordoline sasniedz 67\u201378% \u0101rst\u0113\u0161anas precizit\u0101ti sare\u017e\u0123\u012btos gad\u012bjumos, iev\u0113rojami p\u0101rsniedzot nozares vid\u0113jos r\u0101d\u012bt\u0101jus. \u0160\u0101du veiktsp\u0113ju nodro\u0161ina ekspertu vad\u012bta pl\u0101no\u0161ana, 3 sl\u0101\u0146u kvalit\u0101tes kontroles sist\u0113ma un ortodontisko pal\u012bgl\u012bdzek\u013cu pilna integr\u0101cija.<\/p>\n\n\n\n<p>Ordoline \u013cauj veikt p\u0101rliecin\u0101tu \u0101rst\u0113\u0161anu pla\u0161am pacientu lokam gan pirmreiz\u0113jiem kapju lietot\u0101jiem, gan pieredz\u0113ju\u0161iem ortodontiem, kas \u0101rst\u0113 sare\u017e\u0123\u012btus gad\u012bjumus.<\/p>\n","protected":false},"excerpt":{"rendered":"<p>Ordoline apvieno zin\u0101tniski apstiprin\u0101tus \u0101rst\u0113\u0161anas protokolus un ortodontijas profesion\u0101\u013cus augstas kl\u012bnisk\u0101s precizit\u0101tes nodro\u0161in\u0101\u0161anai \u2014 no vienk\u0101r\u0161\u0101m zobu taisno\u0161an\u0101m l\u012bdz sare\u017e\u0123\u012btu sakodiena probl\u0113mu risin\u0101jumiem. Pateicoties virknei neatkar\u012bgu p\u0113t\u012bjumu, Ordoline sasniedz 67\u201378% \u0101rst\u0113\u0161anas precizit\u0101ti sare\u017e\u0123\u012btos gad\u012bjumos, iev\u0113rojami p\u0101rsniedzot nozares vid\u0113jos r\u0101d\u012bt\u0101jus. \u0160\u0101du veiktsp\u0113ju nodro\u0161ina ekspertu vad\u012bta pl\u0101no\u0161ana, 3 sl\u0101\u0146u kvalit\u0101tes kontroles sist\u0113ma un ortodontisko pal\u012bgl\u012bdzek\u013cu pilna integr\u0101cija. [&hellip;]<\/p>\n","protected":false},"author":1,"featured_media":0,"parent":0,"menu_order":0,"comment_status":"closed","ping_status":"closed","template":"page-treatment-b2b.php","meta":{"_acf_changed":false,"inline_featured_image":false,"footnotes":""},"class_list":["post-15568","page","type-page","status-publish","hentry"],"acf":[],"yoast_head":"<!-- This site is optimized with the Yoast SEO plugin v25.9 - https:\/\/yoast.com\/wordpress\/plugins\/seo\/ -->\n<title>Prognoz\u0113jami \u0101rst\u0113\u0161anas rezult\u0101ti - Ordoline<\/title>\n<meta name=\"robots\" content=\"index, follow, max-snippet:-1, max-image-preview:large, max-video-preview:-1\" \/>\n<link rel=\"canonical\" href=\"https:\/\/ordoline.com\/lv\/treatment-process-b2b\/\" \/>\n<meta property=\"og:locale\" content=\"lv_LV\" \/>\n<meta property=\"og:type\" content=\"article\" \/>\n<meta property=\"og:title\" content=\"Prognoz\u0113jami \u0101rst\u0113\u0161anas rezult\u0101ti - Ordoline\" \/>\n<meta property=\"og:description\" content=\"Ordoline apvieno zin\u0101tniski apstiprin\u0101tus \u0101rst\u0113\u0161anas protokolus un ortodontijas profesion\u0101\u013cus augstas kl\u012bnisk\u0101s precizit\u0101tes nodro\u0161in\u0101\u0161anai \u2014 no vienk\u0101r\u0161\u0101m zobu taisno\u0161an\u0101m l\u012bdz sare\u017e\u0123\u012btu sakodiena probl\u0113mu risin\u0101jumiem. Pateicoties virknei neatkar\u012bgu p\u0113t\u012bjumu, Ordoline sasniedz 67\u201378% \u0101rst\u0113\u0161anas precizit\u0101ti sare\u017e\u0123\u012btos gad\u012bjumos, iev\u0113rojami p\u0101rsniedzot nozares vid\u0113jos r\u0101d\u012bt\u0101jus. \u0160\u0101du veiktsp\u0113ju nodro\u0161ina ekspertu vad\u012bta pl\u0101no\u0161ana, 3 sl\u0101\u0146u kvalit\u0101tes kontroles sist\u0113ma un ortodontisko pal\u012bgl\u012bdzek\u013cu pilna integr\u0101cija. [&hellip;]\" \/>\n<meta property=\"og:url\" content=\"https:\/\/ordoline.com\/lv\/treatment-process-b2b\/\" \/>\n<meta property=\"og:site_name\" content=\"Ordoline\" \/>\n<meta property=\"article:modified_time\" content=\"2025-06-04T20:39:30+00:00\" \/>\n<meta name=\"twitter:card\" content=\"summary_large_image\" \/>\n<meta name=\"twitter:label1\" content=\"Est. reading time\" \/>\n\t<meta name=\"twitter:data1\" content=\"1 minute\" \/>\n<script type=\"application\/ld+json\" class=\"yoast-schema-graph\">{\"@context\":\"https:\/\/schema.org\",\"@graph\":[{\"@type\":\"WebPage\",\"@id\":\"https:\/\/ordoline.com\/lv\/treatment-process-b2b\/\",\"url\":\"https:\/\/ordoline.com\/lv\/treatment-process-b2b\/\",\"name\":\"Prognoz\u0113jami \u0101rst\u0113\u0161anas rezult\u0101ti - Ordoline\",\"isPartOf\":{\"@id\":\"https:\/\/ordoline.com\/lv\/#website\"},\"datePublished\":\"2021-10-10T13:01:28+00:00\",\"dateModified\":\"2025-06-04T20:39:30+00:00\",\"breadcrumb\":{\"@id\":\"https:\/\/ordoline.com\/lv\/treatment-process-b2b\/#breadcrumb\"},\"inLanguage\":\"lv-LV\",\"potentialAction\":[{\"@type\":\"ReadAction\",\"target\":[\"https:\/\/ordoline.com\/lv\/treatment-process-b2b\/\"]}]},{\"@type\":\"BreadcrumbList\",\"@id\":\"https:\/\/ordoline.com\/lv\/treatment-process-b2b\/#breadcrumb\",\"itemListElement\":[{\"@type\":\"ListItem\",\"position\":1,\"name\":\"Home\",\"item\":\"https:\/\/ordoline.com\/lv\/\"},{\"@type\":\"ListItem\",\"position\":2,\"name\":\"Prognoz\u0113jami \u0101rst\u0113\u0161anas rezult\u0101ti\"}]},{\"@type\":\"WebSite\",\"@id\":\"https:\/\/ordoline.com\/lv\/#website\",\"url\":\"https:\/\/ordoline.com\/lv\/\",\"name\":\"Ordoline\",\"description\":\"Confidence and predictability with every aligner case\",\"publisher\":{\"@id\":\"https:\/\/ordoline.com\/lv\/#organization\"},\"potentialAction\":[{\"@type\":\"SearchAction\",\"target\":{\"@type\":\"EntryPoint\",\"urlTemplate\":\"https:\/\/ordoline.com\/lv\/?s={search_term_string}\"},\"query-input\":{\"@type\":\"PropertyValueSpecification\",\"valueRequired\":true,\"valueName\":\"search_term_string\"}}],\"inLanguage\":\"lv-LV\"},{\"@type\":\"Organization\",\"@id\":\"https:\/\/ordoline.com\/lv\/#organization\",\"name\":\"Ordoline\",\"url\":\"https:\/\/ordoline.com\/lv\/\",\"logo\":{\"@type\":\"ImageObject\",\"inLanguage\":\"lv-LV\",\"@id\":\"https:\/\/ordoline.com\/lv\/#\/schema\/logo\/image\/\",\"url\":\"https:\/\/ordoline.com\/wp-content\/uploads\/2021\/08\/ordoline_logo-juodas-4.png\",\"contentUrl\":\"https:\/\/ordoline.com\/wp-content\/uploads\/2021\/08\/ordoline_logo-juodas-4.png\",\"width\":199,\"height\":40,\"caption\":\"Ordoline\"},\"image\":{\"@id\":\"https:\/\/ordoline.com\/lv\/#\/schema\/logo\/image\/\"}}]}<\/script>\n<!-- \/ Yoast SEO plugin. -->","yoast_head_json":{"title":"Prognoz\u0113jami \u0101rst\u0113\u0161anas rezult\u0101ti - Ordoline","robots":{"index":"index","follow":"follow","max-snippet":"max-snippet:-1","max-image-preview":"max-image-preview:large","max-video-preview":"max-video-preview:-1"},"canonical":"https:\/\/ordoline.com\/lv\/treatment-process-b2b\/","og_locale":"lv_LV","og_type":"article","og_title":"Prognoz\u0113jami \u0101rst\u0113\u0161anas rezult\u0101ti - Ordoline","og_description":"Ordoline apvieno zin\u0101tniski apstiprin\u0101tus \u0101rst\u0113\u0161anas protokolus un ortodontijas profesion\u0101\u013cus augstas kl\u012bnisk\u0101s precizit\u0101tes nodro\u0161in\u0101\u0161anai \u2014 no vienk\u0101r\u0161\u0101m zobu taisno\u0161an\u0101m l\u012bdz sare\u017e\u0123\u012btu sakodiena probl\u0113mu risin\u0101jumiem. Pateicoties virknei neatkar\u012bgu p\u0113t\u012bjumu, Ordoline sasniedz 67\u201378% \u0101rst\u0113\u0161anas precizit\u0101ti sare\u017e\u0123\u012btos gad\u012bjumos, iev\u0113rojami p\u0101rsniedzot nozares vid\u0113jos r\u0101d\u012bt\u0101jus. \u0160\u0101du veiktsp\u0113ju nodro\u0161ina ekspertu vad\u012bta pl\u0101no\u0161ana, 3 sl\u0101\u0146u kvalit\u0101tes kontroles sist\u0113ma un ortodontisko pal\u012bgl\u012bdzek\u013cu pilna integr\u0101cija. [&hellip;]","og_url":"https:\/\/ordoline.com\/lv\/treatment-process-b2b\/","og_site_name":"Ordoline","article_modified_time":"2025-06-04T20:39:30+00:00","twitter_card":"summary_large_image","twitter_misc":{"Est. reading time":"1 minute"},"schema":{"@context":"https:\/\/schema.org","@graph":[{"@type":"WebPage","@id":"https:\/\/ordoline.com\/lv\/treatment-process-b2b\/","url":"https:\/\/ordoline.com\/lv\/treatment-process-b2b\/","name":"Prognoz\u0113jami \u0101rst\u0113\u0161anas rezult\u0101ti - Ordoline","isPartOf":{"@id":"https:\/\/ordoline.com\/lv\/#website"},"datePublished":"2021-10-10T13:01:28+00:00","dateModified":"2025-06-04T20:39:30+00:00","breadcrumb":{"@id":"https:\/\/ordoline.com\/lv\/treatment-process-b2b\/#breadcrumb"},"inLanguage":"lv-LV","potentialAction":[{"@type":"ReadAction","target":["https:\/\/ordoline.com\/lv\/treatment-process-b2b\/"]}]},{"@type":"BreadcrumbList","@id":"https:\/\/ordoline.com\/lv\/treatment-process-b2b\/#breadcrumb","itemListElement":[{"@type":"ListItem","position":1,"name":"Home","item":"https:\/\/ordoline.com\/lv\/"},{"@type":"ListItem","position":2,"name":"Prognoz\u0113jami \u0101rst\u0113\u0161anas rezult\u0101ti"}]},{"@type":"WebSite","@id":"https:\/\/ordoline.com\/lv\/#website","url":"https:\/\/ordoline.com\/lv\/","name":"Ordoline","description":"Confidence and predictability with every aligner case","publisher":{"@id":"https:\/\/ordoline.com\/lv\/#organization"},"potentialAction":[{"@type":"SearchAction","target":{"@type":"EntryPoint","urlTemplate":"https:\/\/ordoline.com\/lv\/?s={search_term_string}"},"query-input":{"@type":"PropertyValueSpecification","valueRequired":true,"valueName":"search_term_string"}}],"inLanguage":"lv-LV"},{"@type":"Organization","@id":"https:\/\/ordoline.com\/lv\/#organization","name":"Ordoline","url":"https:\/\/ordoline.com\/lv\/","logo":{"@type":"ImageObject","inLanguage":"lv-LV","@id":"https:\/\/ordoline.com\/lv\/#\/schema\/logo\/image\/","url":"https:\/\/ordoline.com\/wp-content\/uploads\/2021\/08\/ordoline_logo-juodas-4.png","contentUrl":"https:\/\/ordoline.com\/wp-content\/uploads\/2021\/08\/ordoline_logo-juodas-4.png","width":199,"height":40,"caption":"Ordoline"},"image":{"@id":"https:\/\/ordoline.com\/lv\/#\/schema\/logo\/image\/"}}]}},"_links":{"self":[{"href":"https:\/\/ordoline.com\/lv\/wp-json\/wp\/v2\/pages\/15568","targetHints":{"allow":["GET"]}}],"collection":[{"href":"https:\/\/ordoline.com\/lv\/wp-json\/wp\/v2\/pages"}],"about":[{"href":"https:\/\/ordoline.com\/lv\/wp-json\/wp\/v2\/types\/page"}],"author":[{"embeddable":true,"href":"https:\/\/ordoline.com\/lv\/wp-json\/wp\/v2\/users\/1"}],"replies":[{"embeddable":true,"href":"https:\/\/ordoline.com\/lv\/wp-json\/wp\/v2\/comments?post=15568"}],"version-history":[{"count":2,"href":"https:\/\/ordoline.com\/lv\/wp-json\/wp\/v2\/pages\/15568\/revisions"}],"predecessor-version":[{"id":29748,"href":"https:\/\/ordoline.com\/lv\/wp-json\/wp\/v2\/pages\/15568\/revisions\/29748"}],"wp:attachment":[{"href":"https:\/\/ordoline.com\/lv\/wp-json\/wp\/v2\/media?parent=15568"}],"curies":[{"name":"wp","href":"https:\/\/api.w.org\/{rel}","templated":true}]}}