{"id":15564,"date":"2021-11-12T11:45:30","date_gmt":"2021-11-12T11:45:30","guid":{"rendered":"https:\/\/ordoline.com\/how-ordoline-works-b2c\/"},"modified":"2025-10-22T09:32:08","modified_gmt":"2025-10-22T09:32:08","slug":"how-ordoline-works-b2c","status":"publish","type":"page","link":"https:\/\/ordoline.com\/lv\/how-ordoline-works-b2c\/","title":{"rendered":"K\u0101 darbojas Ordoline"},"content":{"rendered":"\n<p>Ordoline kapes ir maz paman\u0101mas, no\u0146emamas ortodontiskas ier\u012bces, kas p\u0101rvieto zobus, pamatojoties uz r\u016bp\u012bgi pl\u0101notu zobu kust\u012bbu sec\u012bbu. T\u0101s pieliek delik\u0101tu, bet kontrol\u0113tu spiedienu un parasti tiek main\u012btas ik p\u0113c 7-10 dien\u0101m, lai pak\u0101peniski virz\u012btu zobus pareizaj\u0101 poz\u012bcij\u0101.<\/p>\n\n\n\n<p><\/p>\n","protected":false},"excerpt":{"rendered":"<p>Ordoline kapes ir maz paman\u0101mas, no\u0146emamas ortodontiskas ier\u012bces, kas p\u0101rvieto zobus, pamatojoties uz r\u016bp\u012bgi pl\u0101notu zobu kust\u012bbu sec\u012bbu. T\u0101s pieliek delik\u0101tu, bet kontrol\u0113tu spiedienu un parasti tiek main\u012btas ik p\u0113c 7-10 dien\u0101m, lai pak\u0101peniski virz\u012btu zobus pareizaj\u0101 poz\u012bcij\u0101.<\/p>\n","protected":false},"author":1,"featured_media":0,"parent":0,"menu_order":0,"comment_status":"closed","ping_status":"closed","template":"page-how-works-b2c.php","meta":{"_acf_changed":false,"inline_featured_image":false,"footnotes":""},"class_list":["post-15564","page","type-page","status-publish","hentry"],"acf":[],"yoast_head":"<!-- This site is optimized with the Yoast SEO plugin v25.9 - https:\/\/yoast.com\/wordpress\/plugins\/seo\/ -->\n<title>K\u0101 darbojas Ordoline - Ordoline<\/title>\n<meta name=\"robots\" content=\"index, follow, max-snippet:-1, max-image-preview:large, max-video-preview:-1\" \/>\n<link rel=\"canonical\" href=\"https:\/\/ordoline.com\/lv\/how-ordoline-works-b2c\/\" \/>\n<meta property=\"og:locale\" content=\"lv_LV\" \/>\n<meta property=\"og:type\" content=\"article\" \/>\n<meta property=\"og:title\" content=\"K\u0101 darbojas Ordoline - Ordoline\" \/>\n<meta property=\"og:description\" content=\"Ordoline kapes ir maz paman\u0101mas, no\u0146emamas ortodontiskas ier\u012bces, kas p\u0101rvieto zobus, pamatojoties uz r\u016bp\u012bgi pl\u0101notu zobu kust\u012bbu sec\u012bbu. T\u0101s pieliek delik\u0101tu, bet kontrol\u0113tu spiedienu un parasti tiek main\u012btas ik p\u0113c 7-10 dien\u0101m, lai pak\u0101peniski virz\u012btu zobus pareizaj\u0101 poz\u012bcij\u0101.\" \/>\n<meta property=\"og:url\" content=\"https:\/\/ordoline.com\/lv\/how-ordoline-works-b2c\/\" \/>\n<meta property=\"og:site_name\" content=\"Ordoline\" \/>\n<meta property=\"article:modified_time\" content=\"2025-10-22T09:32:08+00:00\" \/>\n<meta name=\"twitter:card\" content=\"summary_large_image\" \/>\n<meta name=\"twitter:label1\" content=\"Est. reading time\" \/>\n\t<meta name=\"twitter:data1\" content=\"1 minute\" \/>\n<script type=\"application\/ld+json\" class=\"yoast-schema-graph\">{\"@context\":\"https:\/\/schema.org\",\"@graph\":[{\"@type\":\"WebPage\",\"@id\":\"https:\/\/ordoline.com\/lv\/how-ordoline-works-b2c\/\",\"url\":\"https:\/\/ordoline.com\/lv\/how-ordoline-works-b2c\/\",\"name\":\"K\u0101 darbojas Ordoline - Ordoline\",\"isPartOf\":{\"@id\":\"https:\/\/ordoline.com\/lv\/#website\"},\"datePublished\":\"2021-11-12T11:45:30+00:00\",\"dateModified\":\"2025-10-22T09:32:08+00:00\",\"breadcrumb\":{\"@id\":\"https:\/\/ordoline.com\/lv\/how-ordoline-works-b2c\/#breadcrumb\"},\"inLanguage\":\"lv-LV\",\"potentialAction\":[{\"@type\":\"ReadAction\",\"target\":[\"https:\/\/ordoline.com\/lv\/how-ordoline-works-b2c\/\"]}]},{\"@type\":\"BreadcrumbList\",\"@id\":\"https:\/\/ordoline.com\/lv\/how-ordoline-works-b2c\/#breadcrumb\",\"itemListElement\":[{\"@type\":\"ListItem\",\"position\":1,\"name\":\"Home\",\"item\":\"https:\/\/ordoline.com\/lv\/\"},{\"@type\":\"ListItem\",\"position\":2,\"name\":\"K\u0101 darbojas Ordoline\"}]},{\"@type\":\"WebSite\",\"@id\":\"https:\/\/ordoline.com\/lv\/#website\",\"url\":\"https:\/\/ordoline.com\/lv\/\",\"name\":\"Ordoline\",\"description\":\"Confidence and predictability with every aligner case\",\"publisher\":{\"@id\":\"https:\/\/ordoline.com\/lv\/#organization\"},\"potentialAction\":[{\"@type\":\"SearchAction\",\"target\":{\"@type\":\"EntryPoint\",\"urlTemplate\":\"https:\/\/ordoline.com\/lv\/?s={search_term_string}\"},\"query-input\":{\"@type\":\"PropertyValueSpecification\",\"valueRequired\":true,\"valueName\":\"search_term_string\"}}],\"inLanguage\":\"lv-LV\"},{\"@type\":\"Organization\",\"@id\":\"https:\/\/ordoline.com\/lv\/#organization\",\"name\":\"Ordoline\",\"url\":\"https:\/\/ordoline.com\/lv\/\",\"logo\":{\"@type\":\"ImageObject\",\"inLanguage\":\"lv-LV\",\"@id\":\"https:\/\/ordoline.com\/lv\/#\/schema\/logo\/image\/\",\"url\":\"https:\/\/ordoline.com\/wp-content\/uploads\/2021\/08\/ordoline_logo-juodas-4.png\",\"contentUrl\":\"https:\/\/ordoline.com\/wp-content\/uploads\/2021\/08\/ordoline_logo-juodas-4.png\",\"width\":199,\"height\":40,\"caption\":\"Ordoline\"},\"image\":{\"@id\":\"https:\/\/ordoline.com\/lv\/#\/schema\/logo\/image\/\"}}]}<\/script>\n<!-- \/ Yoast SEO plugin. -->","yoast_head_json":{"title":"K\u0101 darbojas Ordoline - Ordoline","robots":{"index":"index","follow":"follow","max-snippet":"max-snippet:-1","max-image-preview":"max-image-preview:large","max-video-preview":"max-video-preview:-1"},"canonical":"https:\/\/ordoline.com\/lv\/how-ordoline-works-b2c\/","og_locale":"lv_LV","og_type":"article","og_title":"K\u0101 darbojas Ordoline - Ordoline","og_description":"Ordoline kapes ir maz paman\u0101mas, no\u0146emamas ortodontiskas ier\u012bces, kas p\u0101rvieto zobus, pamatojoties uz r\u016bp\u012bgi pl\u0101notu zobu kust\u012bbu sec\u012bbu. T\u0101s pieliek delik\u0101tu, bet kontrol\u0113tu spiedienu un parasti tiek main\u012btas ik p\u0113c 7-10 dien\u0101m, lai pak\u0101peniski virz\u012btu zobus pareizaj\u0101 poz\u012bcij\u0101.","og_url":"https:\/\/ordoline.com\/lv\/how-ordoline-works-b2c\/","og_site_name":"Ordoline","article_modified_time":"2025-10-22T09:32:08+00:00","twitter_card":"summary_large_image","twitter_misc":{"Est. reading time":"1 minute"},"schema":{"@context":"https:\/\/schema.org","@graph":[{"@type":"WebPage","@id":"https:\/\/ordoline.com\/lv\/how-ordoline-works-b2c\/","url":"https:\/\/ordoline.com\/lv\/how-ordoline-works-b2c\/","name":"K\u0101 darbojas Ordoline - Ordoline","isPartOf":{"@id":"https:\/\/ordoline.com\/lv\/#website"},"datePublished":"2021-11-12T11:45:30+00:00","dateModified":"2025-10-22T09:32:08+00:00","breadcrumb":{"@id":"https:\/\/ordoline.com\/lv\/how-ordoline-works-b2c\/#breadcrumb"},"inLanguage":"lv-LV","potentialAction":[{"@type":"ReadAction","target":["https:\/\/ordoline.com\/lv\/how-ordoline-works-b2c\/"]}]},{"@type":"BreadcrumbList","@id":"https:\/\/ordoline.com\/lv\/how-ordoline-works-b2c\/#breadcrumb","itemListElement":[{"@type":"ListItem","position":1,"name":"Home","item":"https:\/\/ordoline.com\/lv\/"},{"@type":"ListItem","position":2,"name":"K\u0101 darbojas Ordoline"}]},{"@type":"WebSite","@id":"https:\/\/ordoline.com\/lv\/#website","url":"https:\/\/ordoline.com\/lv\/","name":"Ordoline","description":"Confidence and predictability with every aligner case","publisher":{"@id":"https:\/\/ordoline.com\/lv\/#organization"},"potentialAction":[{"@type":"SearchAction","target":{"@type":"EntryPoint","urlTemplate":"https:\/\/ordoline.com\/lv\/?s={search_term_string}"},"query-input":{"@type":"PropertyValueSpecification","valueRequired":true,"valueName":"search_term_string"}}],"inLanguage":"lv-LV"},{"@type":"Organization","@id":"https:\/\/ordoline.com\/lv\/#organization","name":"Ordoline","url":"https:\/\/ordoline.com\/lv\/","logo":{"@type":"ImageObject","inLanguage":"lv-LV","@id":"https:\/\/ordoline.com\/lv\/#\/schema\/logo\/image\/","url":"https:\/\/ordoline.com\/wp-content\/uploads\/2021\/08\/ordoline_logo-juodas-4.png","contentUrl":"https:\/\/ordoline.com\/wp-content\/uploads\/2021\/08\/ordoline_logo-juodas-4.png","width":199,"height":40,"caption":"Ordoline"},"image":{"@id":"https:\/\/ordoline.com\/lv\/#\/schema\/logo\/image\/"}}]}},"_links":{"self":[{"href":"https:\/\/ordoline.com\/lv\/wp-json\/wp\/v2\/pages\/15564","targetHints":{"allow":["GET"]}}],"collection":[{"href":"https:\/\/ordoline.com\/lv\/wp-json\/wp\/v2\/pages"}],"about":[{"href":"https:\/\/ordoline.com\/lv\/wp-json\/wp\/v2\/types\/page"}],"author":[{"embeddable":true,"href":"https:\/\/ordoline.com\/lv\/wp-json\/wp\/v2\/users\/1"}],"replies":[{"embeddable":true,"href":"https:\/\/ordoline.com\/lv\/wp-json\/wp\/v2\/comments?post=15564"}],"version-history":[{"count":9,"href":"https:\/\/ordoline.com\/lv\/wp-json\/wp\/v2\/pages\/15564\/revisions"}],"predecessor-version":[{"id":40990,"href":"https:\/\/ordoline.com\/lv\/wp-json\/wp\/v2\/pages\/15564\/revisions\/40990"}],"wp:attachment":[{"href":"https:\/\/ordoline.com\/lv\/wp-json\/wp\/v2\/media?parent=15564"}],"curies":[{"name":"wp","href":"https:\/\/api.w.org\/{rel}","templated":true}]}}