{"id":15556,"date":"2023-03-30T10:32:51","date_gmt":"2023-03-30T10:32:51","guid":{"rendered":"https:\/\/ordoline.com\/privacy-policy\/"},"modified":"2025-04-26T04:00:06","modified_gmt":"2025-04-26T04:00:06","slug":"privacy-policy","status":"publish","type":"page","link":"https:\/\/ordoline.com\/lv\/privacy-policy\/","title":{"rendered":"Priv\u0101tuma politika"},"content":{"rendered":"\n<h2 class=\"wp-block-heading\">Person\u012bg\u0101s datu apstr\u0101de m\u0101jaslap\u0101<\/h2>\n\n\n\n<p>Ja apmekl\u0113jat m\u016bsu m\u0101jaslapu, Ordoline var saglab\u0101t datus, kurus sa\u0146emat re\u0123istr\u0113joties: IP adrese, t\u012bkla un atra\u0161an\u0101s vietas dati un citi l\u012bdz\u012bgi dati. Dati tiek saglab\u0101ti, izmantojot s\u012bkfailus un citas l\u012bdz\u012bgas tehnolo\u0123ijas.<br>Ja nev\u0113laties, lai m\u0113s piek\u013c\u016bstam j\u016bsu person\u012bgajiem datiem m\u016bsu m\u0101jaslap\u0101, m\u0113s iesak\u0101m aktiviz\u0113t priv\u0101to p\u0101rl\u016bko\u0161anas sist\u0113mu j\u016bsu p\u0101rl\u016bkprogramm\u0101.<\/p>\n\n\n\n<p>Izmantojot m\u0101jaslapu, j\u016bs varat re\u0123istr\u0113ties nor\u0101d\u012btaj\u0101s zob\u0101rstniec\u012bbas kl\u012bnik\u0101s, sniedzot savus kontaktus (v\u0101rds, uzv\u0101rds, e-pasta adrese, t\u0101lru\u0146a numurs). J\u016bsu kontaktinform\u0101cija tiks nodota zob\u0101rstniec\u012bbas kl\u012bnikai.<\/p>\n\n\n\n<p>\u201c\u0100rsti\u201d lap\u0101 \u0101rstiem ir iesp\u0113ja re\u0123istr\u0113ties apm\u0101c\u012bbu pas\u0101kumiem, sniedzot savus kontaktus (v\u0101rds, uzv\u0101rds, e-pasta adrese, t\u0101lru\u0146a numurs, darba vieta). \u0160ie person\u012bgie dati tiek apstr\u0101d\u0101ti tikai ar Ordoline m\u0113r\u0137i organiz\u0113t apm\u0101c\u012bbas.<\/p>\n\n\n\n<p>J\u016bs varat ar\u012b dot savu piekri\u0161anu Ordoline apstr\u0101d\u0101t j\u016bsu person\u012bgos datus (v\u0101rdu, e-pasta adresi, t\u0101lru\u0146a numuru) tie\u0161\u0101 m\u0101rketinga nol\u016bkos.<\/p>\n\n\n\n<h2 class=\"wp-block-heading\">Processing of personal data for direct marketing<strong><\/strong><\/h2>\n\n\n\n<p>Person\u012bgo datu apstr\u0101de tie\u0161\u0101 m\u0101rketing\u0101<\/p>\n\n\n\n<p>M\u0113s cen\u0161amies nodro\u0161in\u0101t, ka inform\u0101cija, ko m\u0113s jums s\u016bt\u0101m, ir pie\u0146emama un noder\u012bga, un m\u0113s str\u0101d\u0101jam, lai gan inform\u0101cija, gan pied\u0101v\u0101jumi piln\u012bb\u0101 atbilst m\u016bsu biznesa vajadz\u012bb\u0101m. T\u0101d\u0113\u013c Ordoline apstr\u0101d\u0101s j\u016bsu person\u012bgos datus (v\u0101rdu, e-pasta adresi, t\u0101lru\u0146a numuru) tie\u0161\u0101 m\u0101rketinga nol\u016bkos tikai ar j\u016bsu skaidru piekri\u0161anu.<\/p>\n\n\n\n<p>Person\u012bgie dati var tikt izmantoti tie\u0161\u0101 m\u0101rketinga nol\u016bkiem \u0161\u0101d\u0101s situ\u0101cij\u0101s:<\/p>\n\n\n\n<ul class=\"wp-block-list\">\n<li>E-pasts ar Ordoline pied\u0101v\u0101jumiem.<\/li>\n\n\n\n<li>E-pasta atjaunin\u0101jumi par Ordoline aktivit\u0101t\u0113m.<\/li>\n\n\n\n<li>E-pasta iel\u016bgumi uz semin\u0101riem, atv\u0113rto dienu un citiem l\u012bdz\u012bgiem pas\u0101kumiem.<br>J\u016bs varat atteikties no savu person\u012bgo datu apstr\u0101des tie\u0161\u0101 m\u0101rketinga nol\u016bkos jebkur\u0101 laik\u0101, sazinoties ar <a>info@ordoline.com<\/a>. T\u0101pat ir svar\u012bgi uzsv\u0113rt, ka jums ir ties\u012bbas piek\u013c\u016bt saviem person\u012bgajiem datiem, kurus m\u0113s saglab\u0101jam.<\/li>\n<\/ul>\n\n\n\n<h2 class=\"wp-block-heading\">Person\u012bgo datu sa\u0146\u0113m\u0113ji<\/h2>\n\n\n\n<p>L\u016bdzu, \u0146emiet v\u0113r\u0101, ka Ordoline izmanto da\u017eus pakalpojumu sniedz\u0113jus, kuri ir atbild\u012bgi par j\u016bsu datu apstr\u0101di. \u0160ie apstr\u0101d\u0101t\u0101ji ir rekl\u0101mas, m\u0101rketinga, programmat\u016bras un atbalsta pakalpojumu sniedz\u0113ji, kuriem j\u016bsu person\u012bgie dati tiek atkl\u0101ti tikai tikt\u0101l, cik nepiecie\u0161ams, lai sniegtu \u0161os pakalpojumus.<\/p>\n\n\n\n<p>Datu saglab\u0101\u0161anas periods<\/p>\n\n\n\n<p>Atkar\u012bb\u0101 no likumdo\u0161anas pras\u012bb\u0101m un j\u016bsu person\u012bgo datu veida un rakstura, j\u016bsu person\u012bgie dati tiek saglab\u0101ti l\u012bdz 3 gadiem. Dati, kas apstr\u0101d\u0101ti tie\u0161\u0101 m\u0101rketinga nol\u016bkiem, tiek saglab\u0101ti 2 gadus no j\u016bsu piekri\u0161anas datuma. Person\u012bgie dati, kas apstr\u0101d\u0101ti apm\u0101c\u012bbu organiz\u0113\u0161anas nol\u016bkos, tiks saglab\u0101ti 3 gadus.<\/p>\n\n\n\n<p>Ko m\u0113s dar\u0101m, lai aizsarg\u0101tu j\u016bsu datus?<br>J\u016bsu person\u012bgie dati (v\u0101rds, e-pasta adrese, t\u0101lru\u0146a numurs utt.) ir aizsarg\u0101ti pret zudumu, neat\u013cautu lieto\u0161anu vai \u0161o datu izmai\u0146\u0101m bez juridiska pamata.<br>T\u0101 k\u0101 m\u0113s past\u0101v\u012bgi interes\u0113jamies par lab\u0101m datu aizsardz\u012bbas praks\u0113m un tehniskajiem l\u012bdzek\u013ciem, m\u0113s p\u0101rliecin\u0101mies, ka j\u016bsu person\u012bgie dati tiek izmantoti tikai, lai nodro\u0161in\u0101tu lab\u0101ku kvalit\u0101ti un pieejam\u0101kus pakalpojumus. M\u0113s izmantojam tikai uzticamus fiziskos un tehniskos l\u012bdzek\u013cus, lai aizsarg\u0101tu visus klientu datus.<\/p>\n\n\n\n<h2 class=\"wp-block-heading\">J\u016bsu ties\u012bbas<\/h2>\n\n\n\n<p>Jums ir \u0161\u0101das ties\u012bbas attiec\u012bb\u0101 uz j\u016bsu person\u012bgajiem datiem:<\/p>\n\n\n\n<ul class=\"wp-block-list\">\n<li>Izteikt v\u0113lmi iepaz\u012bties ar saviem person\u012bgajiem datiem un to apkopo\u0161anas un p\u0101rvald\u012bbas principiem.<\/li>\n\n\n\n<li>Piepras\u012bt k\u013c\u016bdainu, neprec\u012bzu vai nepiln\u012bgu person\u012bgo datu labo\u0161anu, k\u0101 ar\u012b \u0161o datu dz\u0113\u0161anu vai izmanto\u0161anas ierobe\u017eo\u0161anu, ja tam ir juridisks pamats.<\/li>\n\n\n\n<li>Piepras\u012bt j\u016bsu person\u012bgo datu p\u0101rs\u016bt\u012b\u0161anu citam datu p\u0101rzinim vai to tie\u0161u p\u0101rs\u016bt\u012b\u0161anu jums.<\/li>\n\n\n\n<li>Nepiekrist j\u016bsu person\u012bgo datu apstr\u0101des principiem, ja tie tiek apstr\u0101d\u0101ti, p\u0101rk\u0101pjot juridisk\u0101s pras\u012bbas.<\/li>\n\n\n\n<li>Ja j\u016bsu dati tiek apstr\u0101d\u0101ti atsevi\u0161\u0137i, j\u016bs jebkur\u0101 laik\u0101 varat atsaukt savu piekri\u0161anu person\u012bgo datu apstr\u0101dei, sazinoties ar <a>info@ordoline.com<\/a>.<\/li>\n\n\n\n<li>Ja uzskat\u0101t, ka j\u016bsu person\u012bgie dati tiek apstr\u0101d\u0101ti nelikum\u012bgi, p\u0101rk\u0101pjot j\u016bsu ties\u012bbas, j\u016bs varat sazin\u0101ties ar juridiskaj\u0101m iest\u0101d\u0113m, kas atbild\u012bgas par \u0161o jaut\u0101jumu, un iesniegt s\u016bdz\u012bbu. Ja rodas probl\u0113ma, Ordoline iesaka sazin\u0101ties ar mums, lai atrastu lab\u0101ko risin\u0101jumu.<\/li>\n<\/ul>\n\n\n\n<h2 class=\"wp-block-heading\">Kontaktinform\u0101cija<\/h2>\n\n\n\n<p>Ja jums ir k\u0101di jaut\u0101jumi vai ba\u017eas, l\u016bdzu, sazinieties ar mums:<br>UAB Ordoline<br>Adrese: A. Vivulskio str. 7, Vilnius, LT-03162<br><a>info@ordoline.com<\/a><br>+370 687 847 28<\/p>\n\n\n\n<p>Politikas atjaunin\u0101jums<\/p>\n\n\n\n<p>M\u0113s paturam ties\u012bbas periodiski atjaunin\u0101t un main\u012bt m\u016bsu Priv\u0101tuma politiku. M\u0113s inform\u0113sim j\u016bs par jebkur\u0101m izmai\u0146\u0101m m\u016bsu m\u0101jaslap\u0101. Apmekl\u0113t\u0101jam j\u0101b\u016bt inform\u0113tam, ka, turpinot izmantot M\u0101jaslapu, vi\u0146\u0161 vai vi\u0146a piekr\u012bt politikas izmai\u0146\u0101m.<\/p>\n","protected":false},"excerpt":{"rendered":"<p>Person\u012bg\u0101s datu apstr\u0101de m\u0101jaslap\u0101 Ja apmekl\u0113jat m\u016bsu m\u0101jaslapu, Ordoline var saglab\u0101t datus, kurus sa\u0146emat re\u0123istr\u0113joties: IP adrese, t\u012bkla un atra\u0161an\u0101s vietas dati un citi l\u012bdz\u012bgi dati. Dati tiek saglab\u0101ti, izmantojot s\u012bkfailus un citas l\u012bdz\u012bgas tehnolo\u0123ijas.Ja nev\u0113laties, lai m\u0113s piek\u013c\u016bstam j\u016bsu person\u012bgajiem datiem m\u016bsu m\u0101jaslap\u0101, m\u0113s iesak\u0101m aktiviz\u0113t priv\u0101to p\u0101rl\u016bko\u0161anas sist\u0113mu j\u016bsu p\u0101rl\u016bkprogramm\u0101. Izmantojot m\u0101jaslapu, j\u016bs [&hellip;]<\/p>\n","protected":false},"author":1,"featured_media":0,"parent":0,"menu_order":0,"comment_status":"closed","ping_status":"closed","template":"template-privacy.php","meta":{"_acf_changed":false,"inline_featured_image":false,"footnotes":""},"class_list":["post-15556","page","type-page","status-publish","hentry"],"acf":[],"yoast_head":"<!-- This site is optimized with the Yoast SEO plugin v25.9 - https:\/\/yoast.com\/wordpress\/plugins\/seo\/ -->\n<title>Priv\u0101tuma politika - Ordoline<\/title>\n<meta name=\"robots\" content=\"index, follow, max-snippet:-1, max-image-preview:large, max-video-preview:-1\" \/>\n<link rel=\"canonical\" href=\"https:\/\/ordoline.com\/lv\/privacy-policy\/\" \/>\n<meta property=\"og:locale\" content=\"lv_LV\" \/>\n<meta property=\"og:type\" content=\"article\" \/>\n<meta property=\"og:title\" content=\"Priv\u0101tuma politika - Ordoline\" \/>\n<meta property=\"og:description\" content=\"Person\u012bg\u0101s datu apstr\u0101de m\u0101jaslap\u0101 Ja apmekl\u0113jat m\u016bsu m\u0101jaslapu, Ordoline var saglab\u0101t datus, kurus sa\u0146emat re\u0123istr\u0113joties: IP adrese, t\u012bkla un atra\u0161an\u0101s vietas dati un citi l\u012bdz\u012bgi dati. Dati tiek saglab\u0101ti, izmantojot s\u012bkfailus un citas l\u012bdz\u012bgas tehnolo\u0123ijas.Ja nev\u0113laties, lai m\u0113s piek\u013c\u016bstam j\u016bsu person\u012bgajiem datiem m\u016bsu m\u0101jaslap\u0101, m\u0113s iesak\u0101m aktiviz\u0113t priv\u0101to p\u0101rl\u016bko\u0161anas sist\u0113mu j\u016bsu p\u0101rl\u016bkprogramm\u0101. Izmantojot m\u0101jaslapu, j\u016bs [&hellip;]\" \/>\n<meta property=\"og:url\" content=\"https:\/\/ordoline.com\/lv\/privacy-policy\/\" \/>\n<meta property=\"og:site_name\" content=\"Ordoline\" \/>\n<meta property=\"article:modified_time\" content=\"2025-04-26T04:00:06+00:00\" \/>\n<meta name=\"twitter:card\" content=\"summary_large_image\" \/>\n<meta name=\"twitter:label1\" content=\"Est. reading time\" \/>\n\t<meta name=\"twitter:data1\" content=\"3 minutes\" \/>\n<script type=\"application\/ld+json\" class=\"yoast-schema-graph\">{\"@context\":\"https:\/\/schema.org\",\"@graph\":[{\"@type\":\"WebPage\",\"@id\":\"https:\/\/ordoline.com\/lv\/privacy-policy\/\",\"url\":\"https:\/\/ordoline.com\/lv\/privacy-policy\/\",\"name\":\"Priv\u0101tuma politika - Ordoline\",\"isPartOf\":{\"@id\":\"https:\/\/ordoline.com\/lv\/#website\"},\"datePublished\":\"2023-03-30T10:32:51+00:00\",\"dateModified\":\"2025-04-26T04:00:06+00:00\",\"breadcrumb\":{\"@id\":\"https:\/\/ordoline.com\/lv\/privacy-policy\/#breadcrumb\"},\"inLanguage\":\"lv-LV\",\"potentialAction\":[{\"@type\":\"ReadAction\",\"target\":[\"https:\/\/ordoline.com\/lv\/privacy-policy\/\"]}]},{\"@type\":\"BreadcrumbList\",\"@id\":\"https:\/\/ordoline.com\/lv\/privacy-policy\/#breadcrumb\",\"itemListElement\":[{\"@type\":\"ListItem\",\"position\":1,\"name\":\"Home\",\"item\":\"https:\/\/ordoline.com\/lv\/\"},{\"@type\":\"ListItem\",\"position\":2,\"name\":\"Priv\u0101tuma politika\"}]},{\"@type\":\"WebSite\",\"@id\":\"https:\/\/ordoline.com\/lv\/#website\",\"url\":\"https:\/\/ordoline.com\/lv\/\",\"name\":\"Ordoline\",\"description\":\"Confidence and predictability with every aligner case\",\"publisher\":{\"@id\":\"https:\/\/ordoline.com\/lv\/#organization\"},\"potentialAction\":[{\"@type\":\"SearchAction\",\"target\":{\"@type\":\"EntryPoint\",\"urlTemplate\":\"https:\/\/ordoline.com\/lv\/?s={search_term_string}\"},\"query-input\":{\"@type\":\"PropertyValueSpecification\",\"valueRequired\":true,\"valueName\":\"search_term_string\"}}],\"inLanguage\":\"lv-LV\"},{\"@type\":\"Organization\",\"@id\":\"https:\/\/ordoline.com\/lv\/#organization\",\"name\":\"Ordoline\",\"url\":\"https:\/\/ordoline.com\/lv\/\",\"logo\":{\"@type\":\"ImageObject\",\"inLanguage\":\"lv-LV\",\"@id\":\"https:\/\/ordoline.com\/lv\/#\/schema\/logo\/image\/\",\"url\":\"https:\/\/ordoline.com\/wp-content\/uploads\/2021\/08\/ordoline_logo-juodas-4.png\",\"contentUrl\":\"https:\/\/ordoline.com\/wp-content\/uploads\/2021\/08\/ordoline_logo-juodas-4.png\",\"width\":199,\"height\":40,\"caption\":\"Ordoline\"},\"image\":{\"@id\":\"https:\/\/ordoline.com\/lv\/#\/schema\/logo\/image\/\"}}]}<\/script>\n<!-- \/ Yoast SEO plugin. -->","yoast_head_json":{"title":"Priv\u0101tuma politika - Ordoline","robots":{"index":"index","follow":"follow","max-snippet":"max-snippet:-1","max-image-preview":"max-image-preview:large","max-video-preview":"max-video-preview:-1"},"canonical":"https:\/\/ordoline.com\/lv\/privacy-policy\/","og_locale":"lv_LV","og_type":"article","og_title":"Priv\u0101tuma politika - Ordoline","og_description":"Person\u012bg\u0101s datu apstr\u0101de m\u0101jaslap\u0101 Ja apmekl\u0113jat m\u016bsu m\u0101jaslapu, Ordoline var saglab\u0101t datus, kurus sa\u0146emat re\u0123istr\u0113joties: IP adrese, t\u012bkla un atra\u0161an\u0101s vietas dati un citi l\u012bdz\u012bgi dati. Dati tiek saglab\u0101ti, izmantojot s\u012bkfailus un citas l\u012bdz\u012bgas tehnolo\u0123ijas.Ja nev\u0113laties, lai m\u0113s piek\u013c\u016bstam j\u016bsu person\u012bgajiem datiem m\u016bsu m\u0101jaslap\u0101, m\u0113s iesak\u0101m aktiviz\u0113t priv\u0101to p\u0101rl\u016bko\u0161anas sist\u0113mu j\u016bsu p\u0101rl\u016bkprogramm\u0101. Izmantojot m\u0101jaslapu, j\u016bs [&hellip;]","og_url":"https:\/\/ordoline.com\/lv\/privacy-policy\/","og_site_name":"Ordoline","article_modified_time":"2025-04-26T04:00:06+00:00","twitter_card":"summary_large_image","twitter_misc":{"Est. reading time":"3 minutes"},"schema":{"@context":"https:\/\/schema.org","@graph":[{"@type":"WebPage","@id":"https:\/\/ordoline.com\/lv\/privacy-policy\/","url":"https:\/\/ordoline.com\/lv\/privacy-policy\/","name":"Priv\u0101tuma politika - Ordoline","isPartOf":{"@id":"https:\/\/ordoline.com\/lv\/#website"},"datePublished":"2023-03-30T10:32:51+00:00","dateModified":"2025-04-26T04:00:06+00:00","breadcrumb":{"@id":"https:\/\/ordoline.com\/lv\/privacy-policy\/#breadcrumb"},"inLanguage":"lv-LV","potentialAction":[{"@type":"ReadAction","target":["https:\/\/ordoline.com\/lv\/privacy-policy\/"]}]},{"@type":"BreadcrumbList","@id":"https:\/\/ordoline.com\/lv\/privacy-policy\/#breadcrumb","itemListElement":[{"@type":"ListItem","position":1,"name":"Home","item":"https:\/\/ordoline.com\/lv\/"},{"@type":"ListItem","position":2,"name":"Priv\u0101tuma politika"}]},{"@type":"WebSite","@id":"https:\/\/ordoline.com\/lv\/#website","url":"https:\/\/ordoline.com\/lv\/","name":"Ordoline","description":"Confidence and predictability with every aligner case","publisher":{"@id":"https:\/\/ordoline.com\/lv\/#organization"},"potentialAction":[{"@type":"SearchAction","target":{"@type":"EntryPoint","urlTemplate":"https:\/\/ordoline.com\/lv\/?s={search_term_string}"},"query-input":{"@type":"PropertyValueSpecification","valueRequired":true,"valueName":"search_term_string"}}],"inLanguage":"lv-LV"},{"@type":"Organization","@id":"https:\/\/ordoline.com\/lv\/#organization","name":"Ordoline","url":"https:\/\/ordoline.com\/lv\/","logo":{"@type":"ImageObject","inLanguage":"lv-LV","@id":"https:\/\/ordoline.com\/lv\/#\/schema\/logo\/image\/","url":"https:\/\/ordoline.com\/wp-content\/uploads\/2021\/08\/ordoline_logo-juodas-4.png","contentUrl":"https:\/\/ordoline.com\/wp-content\/uploads\/2021\/08\/ordoline_logo-juodas-4.png","width":199,"height":40,"caption":"Ordoline"},"image":{"@id":"https:\/\/ordoline.com\/lv\/#\/schema\/logo\/image\/"}}]}},"_links":{"self":[{"href":"https:\/\/ordoline.com\/lv\/wp-json\/wp\/v2\/pages\/15556","targetHints":{"allow":["GET"]}}],"collection":[{"href":"https:\/\/ordoline.com\/lv\/wp-json\/wp\/v2\/pages"}],"about":[{"href":"https:\/\/ordoline.com\/lv\/wp-json\/wp\/v2\/types\/page"}],"author":[{"embeddable":true,"href":"https:\/\/ordoline.com\/lv\/wp-json\/wp\/v2\/users\/1"}],"replies":[{"embeddable":true,"href":"https:\/\/ordoline.com\/lv\/wp-json\/wp\/v2\/comments?post=15556"}],"version-history":[{"count":0,"href":"https:\/\/ordoline.com\/lv\/wp-json\/wp\/v2\/pages\/15556\/revisions"}],"wp:attachment":[{"href":"https:\/\/ordoline.com\/lv\/wp-json\/wp\/v2\/media?parent=15556"}],"curies":[{"name":"wp","href":"https:\/\/api.w.org\/{rel}","templated":true}]}}