{"id":15555,"date":"2023-03-30T10:58:49","date_gmt":"2023-03-30T10:58:49","guid":{"rendered":"https:\/\/ordoline.com\/terms-of-service\/"},"modified":"2025-04-26T03:59:47","modified_gmt":"2025-04-26T03:59:47","slug":"terms-of-service","status":"publish","type":"page","link":"https:\/\/ordoline.com\/lv\/terms-of-service\/","title":{"rendered":"Pakalpojumu snieg\u0161anas noteikumi"},"content":{"rendered":"\n<h3 class=\"wp-block-heading\"><strong>Ordoline svetain\u0117s naudojimas priklauso nuo to, ar laikot\u0117s \u0161i\u0173 s\u0105lyg\u0173.<\/strong><\/h3>\n\n\n\n<p>Per\u017ei\u016br\u0117kite toliau pateiktas taisykles ir s\u0105lygas, susijusias su j\u016bs\u0173 naudojimusi \u0161ia svetaine. Prisijungdami, naudodamiesi ar atsisi\u0173sdami bet koki\u0105 informacij\u0105 ir (arba) med\u017eiag\u0105 i\u0161 \u0161ios svetain\u0117s, j\u016bs sutinkate laikytis \u0161i\u0173 taisykli\u0173 ir s\u0105lyg\u0173 (toliau \u2013 \u201ePaslaug\u0173 teikimo s\u0105lygos\u201c). Jei nesutinkate su \u0161iomis Paslaug\u0173 teikimo s\u0105lygomis, neturite teis\u0117s naudotis \u0161ia svetaine. \u0160ioje svetain\u0117je gali b\u016bti kit\u0173 nuosavyb\u0117s teisi\u0173 prane\u0161im\u0173 ir autori\u0173 teisi\u0173 informacijos, kurios s\u0105lygos taip pat turi b\u016bti laikomasi.<\/p>\n\n\n\n<p>Terminai \u201ej\u016bs\u201c, \u201ej\u016bs\u0173\u201c rei\u0161kia jus, svetain\u0117s lankytoj\u0105 ar naudotoj\u0105. Terminai \u201eOrdoline\u201c, \u201emes\u201c, \u201emums\u201c ir \u201em\u016bs\u0173\u201c rei\u0161kia \u201eOrdoline\u201c.<\/p>\n\n\n\n<h2 class=\"wp-block-heading\"><strong>Medicinin\u0117 atsakomyb\u0117s ribojimo deklaracija<\/strong><\/h2>\n\n\n\n<p>Visa informacija, pateikiama \u0161ioje svetain\u0117je, \u012fskaitant informacij\u0105 apie ortodontinius, odontologinius, medicininius ir sveikatos sutrikimus, produktus ir gydymo metodus, skirta tik informaciniams tikslams. \u0160i informacija n\u0117ra laikytina i\u0161samia ir n\u0117ra skirta pakeisti paciento apsilankymo, skambu\u010dio, konsultacijos ar gydytojo ortodonto, odontologo ar medicinos specialisto patarimo arba jokios informacijos, pateiktos ant gaminio pakuot\u0117s ar etiket\u0117s. Informacija, gauta naudojantis svetaine, n\u0117ra i\u0161sami ir neapima vis\u0173 ortodontini\u0173 ar odontologini\u0173 proced\u016br\u0173 ar gydymo b\u016bd\u0173.<br>Informacija \u0161ioje svetain\u0117je bei bet kokiose nuorodose \u012f kitas svetaines skirta tik informaciniams tikslams ir n\u0117ra skirta teikti medicininius patarimus d\u0117l joki\u0173 konkre\u010di\u0173 sveikatos sutrikim\u0173. \u0160i svetain\u0117 nesukuria gydytojo ir paciento santyki\u0173.<\/p>\n\n\n\n<h2 class=\"wp-block-heading\">1. <strong>Svetain\u0117s turinio naudojimas<\/strong><\/h2>\n\n\n\n<p>Remiantis \u0161iomis Paslaug\u0173 teikimo s\u0105lygomis, suteikiame jums ribot\u0105, asmenin\u0119, at\u0161aukiam\u0105, nei\u0161skirtin\u0119 ir neperduodam\u0105 licencij\u0105 naudotis svetaine tik asmeniniais tikslais, bet ne perpardavimui ar tolesniam platinimui. J\u016bs sutinkate neatgaminti, nedublikuoti, nekopijuoti, neparduoti, neplatinti ar kitaip nenaudoti svetain\u0117s ar jos turinio komerciniais tikslais. Sutinkate nekopijuoti ir neskelbti jokios med\u017eiagos tinkle, \u017einiasklaidoje, nekeisti, neplatinti, neskelbti, neperduoti ir nekurti joki\u0173 i\u0161vestini\u0173 k\u016brini\u0173 i\u0161 svetain\u0117je esan\u010dios med\u017eiagos jokiems vie\u0161iems ar komerciniams tikslams. Jums neleid\u017eiama jokiu b\u016bdu keisti \u0161ioje svetain\u0117je pateiktos med\u017eiagos.<\/p>\n\n\n\n<p>I\u0161skyrus ai\u0161kiai pirmiau nurodytus atvejus, niekas \u0161ioje svetain\u0117je netur\u0117t\u0173 b\u016bti interpretuojama kaip koki\u0173 nors teisi\u0173 ar licencij\u0173 pagal autorines teises, patentus, preki\u0173 \u017eenklus ar kitas intelektin\u0117s nuosavyb\u0117s teises suteikimas, nei tiesiogiai, nei netiesiogiai, nei remiantis teis\u0117s principu \u201eestoppel\u201c.<br><\/p>\n\n\n\n<h2 class=\"wp-block-heading\"><strong>2. Lietot\u0101ju uzved\u012bba<\/strong><\/h2>\n\n\n\n<p>J\u016bs sutinkate nesinaudoti svetaine:<\/p>\n\n\n\n<ul class=\"wp-block-list\">\n<li>skelbti ar perduoti bet koki\u0105 med\u017eiag\u0105, nesusijusi\u0105 su svetain\u0117s turiniu;<\/li>\n\n\n\n<li>pa\u017eeisti ar raginti pa\u017eeisti bet kokius galiojan\u010dius vietos, valstyb\u0117s, nacionalinius ar tarptautinius \u012fstatymus ar reglamentus;<\/li>\n\n\n\n<li>pa\u017eeisti tre\u010di\u0173j\u0173 \u0161ali\u0173 teises, \u012fskaitant, bet neapsiribojant, intelektin\u0117s nuosavyb\u0117s teises, sutartines teises ir teis\u0119 \u012f privatum\u0105 ar vie\u0161um\u0105;<\/li>\n\n\n\n<li>trukdyti ar pa\u017eeisti svetain\u0117s, serveri\u0173 ar lent\u0173 veikl\u0105;<\/li>\n\n\n\n<li>s\u0105moningai ie\u0161koti, gauti ar keisti kit\u0173 naudotoj\u0173 failus, duomenis ar slapta\u017eod\u017eius be leidimo, arba rinkti naudotoj\u0173 vardus, el. pa\u0161to adresus ar kit\u0105 asmenin\u0119 informacij\u0105 bet kokiu tikslu;<\/li>\n\n\n\n<li>apsimesti kitu asmeniu arba klaidinan\u010diai nurodyti savo tapatyb\u0119 ar ry\u0161\u012f su kitu asmeniu ar subjektu;<\/li>\n\n\n\n<li>\u0161mei\u017eti, piktnaud\u017eiauti, persekioti, grasinti ar kitaip pa\u017eeisti kit\u0173 asmen\u0173 teises (pvz., teis\u0119 \u012f privatum\u0105 ar vie\u0161um\u0105); vartoti rasisti\u0161kai, etni\u0161kai ar kitaip \u012f\u017eeid\u017eian\u010di\u0105 kalb\u0105; raginti vykdyti neteis\u0117t\u0105 veikl\u0105; vartoti atvir\u0105 \/ nepadori\u0105 kalb\u0105 ar skelbti seksualinio pob\u016bd\u017eio vaizdus (tikrus ar imituotus);<\/li>\n\n\n\n<li>skleisti informacij\u0105, kuri, j\u016bs\u0173 \u017einiomis, yra melaginga ar klaidinanti, arba skatina ar palengvina neteis\u0117t\u0105 veikl\u0105, piratavim\u0105, grasinan\u010di\u0105, \u012f\u017eeid\u017eian\u010di\u0105 ar \u0161mei\u017eian\u010di\u0105 veikl\u0105;<\/li>\n\n\n\n<li>si\u0173sti ar pad\u0117ti si\u0173sti nepageidaujam\u0105 masin\u012f pa\u0161t\u0105 ar \u0161lam\u0161t\u0105.<\/li>\n<\/ul>\n\n\n\n<p>Jei naudosit\u0117s svetaine bet kuriam i\u0161 pirmiau nurodyt\u0173 tiksl\u0173, \u201eOrdoline\u201c savo nuo\u017ei\u016bra gali nutraukti j\u016bs\u0173 teis\u0119 naudotis svetaine ir siekti teisin\u0117s atsakomyb\u0117s iki visi\u0161ko \u012fstatym\u0173 leid\u017eiamo lygio.<\/p>\n\n\n\n<h2 class=\"wp-block-heading\"><strong>3. Mok\u0117jimo informacija<\/strong><\/h2>\n\n\n\n<p>Visa kurso kaina turi b\u016bti sumok\u0117ta ne v\u0117liau kaip likus 3 dienoms iki kurso prad\u017eios. Jei dalyvis iki \u0161io termino nesumoka visos sumos, organizatorius pasilieka teis\u0119 at\u0161aukti dalyvio registracij\u0105 ir apie tai prane\u0161 el. pa\u0161tu. Registracija gali b\u016bti atnaujinta tik tuo atveju, jei yra laisv\u0173 viet\u0173.<\/p>\n\n\n\n<p>Dalyviai gali at\u0161aukti savo registracij\u0105 likus ne ma\u017eiau kaip 3 dienoms iki kurso prad\u017eios. Tokiu atveju organizatorius gr\u0105\u017eins kurso mokest\u012f per 5 darbo dienas. At\u0161aukus registracij\u0105 likus 2 ar ma\u017eiau dien\u0173 iki kurso prad\u017eios, mokestis negr\u0105\u017einamas.<\/p>\n\n\n\n<h2 class=\"wp-block-heading\">4. <strong>Svetain\u0117s keitimas ir nutraukimas<\/strong><\/h2>\n\n\n\n<p>\u201eOrdoline\u201c pasilieka teis\u0119 bet kuriuo metu laikinai arba visam laikui keisti ar nutraukti svetain\u0117s veikim\u0105 (ar jos dal\u012f) be \u012fsp\u0117jimo. J\u016bs sutinkate, kad \u201eOrdoline\u201c neprisiima atsakomyb\u0117s jums ar tre\u010diosioms \u0161alims d\u0117l bet koki\u0173 svetain\u0117s pakeitim\u0173, sustabdymo ar nutraukimo. Mes taip pat galime bet kada tobulinti ar keisti produktus, paslaugas ir (arba) programas, apra\u0161ytas \u0161ioje svetain\u0117je, be i\u0161ankstinio \u012fsp\u0117jimo.<\/p>\n\n\n\n<h2 class=\"wp-block-heading\"><strong>5. Kitos svetain\u0117s ir i\u0161tekliai<\/strong><\/h2>\n\n\n\n<p>Tre\u010diosios \u0161alys, naudodamosis svetaine, gali pateikti nuorodas ar prieig\u0105 prie kit\u0173 svetaini\u0173 ir i\u0161tekli\u0173. Kadangi \u201eOrdoline\u201c neturi jokios kontrol\u0117s d\u0117l toki\u0173 svetaini\u0173 ir i\u0161tekli\u0173, j\u016bs sutinkate, kad \u201eOrdoline\u201c neatsako u\u017e toki\u0173 svetaini\u0173 ar i\u0161tekli\u0173 prieinamum\u0105, taip pat neatsako ir neprisiima atsakomyb\u0117s u\u017e bet kok\u012f turin\u012f, reklam\u0105, produktus ar kit\u0105 med\u017eiag\u0105, esan\u010di\u0105 tokiose svetain\u0117se ar i\u0161tekliuose ar prieinama per juos. J\u016bs taip pat sutinkate, kad \u201eOrdoline\u201c n\u0117ra tiesiogiai ar netiesiogiai atsakinga u\u017e bet koki\u0105 \u017eal\u0105 ar nuostolius, atsiradusius ar tariamai atsiradusius naudojantis tokiu turiniu, produktais ar svetain\u0117mis.<\/p>\n\n\n\n<p><\/p>\n\n\n\n<p><\/p>\n\n\n\n<p><\/p>\n","protected":false},"excerpt":{"rendered":"<p>Ordoline svetain\u0117s naudojimas priklauso nuo to, ar laikot\u0117s \u0161i\u0173 s\u0105lyg\u0173. Per\u017ei\u016br\u0117kite toliau pateiktas taisykles ir s\u0105lygas, susijusias su j\u016bs\u0173 naudojimusi \u0161ia svetaine. Prisijungdami, naudodamiesi ar atsisi\u0173sdami bet koki\u0105 informacij\u0105 ir (arba) med\u017eiag\u0105 i\u0161 \u0161ios svetain\u0117s, j\u016bs sutinkate laikytis \u0161i\u0173 taisykli\u0173 ir s\u0105lyg\u0173 (toliau \u2013 \u201ePaslaug\u0173 teikimo s\u0105lygos\u201c). Jei nesutinkate su \u0161iomis Paslaug\u0173 teikimo s\u0105lygomis, neturite [&hellip;]<\/p>\n","protected":false},"author":1,"featured_media":0,"parent":0,"menu_order":0,"comment_status":"closed","ping_status":"closed","template":"template-privacy.php","meta":{"_acf_changed":false,"inline_featured_image":false,"footnotes":""},"class_list":["post-15555","page","type-page","status-publish","hentry"],"acf":[],"yoast_head":"<!-- This site is optimized with the Yoast SEO plugin v25.9 - https:\/\/yoast.com\/wordpress\/plugins\/seo\/ -->\n<title>Pakalpojumu snieg\u0161anas noteikumi - Ordoline<\/title>\n<meta name=\"robots\" content=\"index, follow, max-snippet:-1, max-image-preview:large, max-video-preview:-1\" \/>\n<link rel=\"canonical\" href=\"https:\/\/ordoline.com\/lv\/terms-of-service\/\" \/>\n<meta property=\"og:locale\" content=\"lv_LV\" \/>\n<meta property=\"og:type\" content=\"article\" \/>\n<meta property=\"og:title\" content=\"Pakalpojumu snieg\u0161anas noteikumi - Ordoline\" \/>\n<meta property=\"og:description\" content=\"Ordoline svetain\u0117s naudojimas priklauso nuo to, ar laikot\u0117s \u0161i\u0173 s\u0105lyg\u0173. Per\u017ei\u016br\u0117kite toliau pateiktas taisykles ir s\u0105lygas, susijusias su j\u016bs\u0173 naudojimusi \u0161ia svetaine. Prisijungdami, naudodamiesi ar atsisi\u0173sdami bet koki\u0105 informacij\u0105 ir (arba) med\u017eiag\u0105 i\u0161 \u0161ios svetain\u0117s, j\u016bs sutinkate laikytis \u0161i\u0173 taisykli\u0173 ir s\u0105lyg\u0173 (toliau \u2013 \u201ePaslaug\u0173 teikimo s\u0105lygos\u201c). Jei nesutinkate su \u0161iomis Paslaug\u0173 teikimo s\u0105lygomis, neturite [&hellip;]\" \/>\n<meta property=\"og:url\" content=\"https:\/\/ordoline.com\/lv\/terms-of-service\/\" \/>\n<meta property=\"og:site_name\" content=\"Ordoline\" \/>\n<meta property=\"article:modified_time\" content=\"2025-04-26T03:59:47+00:00\" \/>\n<meta name=\"twitter:card\" content=\"summary_large_image\" \/>\n<meta name=\"twitter:label1\" content=\"Est. reading time\" \/>\n\t<meta name=\"twitter:data1\" content=\"4 minutes\" \/>\n<script type=\"application\/ld+json\" class=\"yoast-schema-graph\">{\"@context\":\"https:\/\/schema.org\",\"@graph\":[{\"@type\":\"WebPage\",\"@id\":\"https:\/\/ordoline.com\/lv\/terms-of-service\/\",\"url\":\"https:\/\/ordoline.com\/lv\/terms-of-service\/\",\"name\":\"Pakalpojumu snieg\u0161anas noteikumi - Ordoline\",\"isPartOf\":{\"@id\":\"https:\/\/ordoline.com\/lv\/#website\"},\"datePublished\":\"2023-03-30T10:58:49+00:00\",\"dateModified\":\"2025-04-26T03:59:47+00:00\",\"breadcrumb\":{\"@id\":\"https:\/\/ordoline.com\/lv\/terms-of-service\/#breadcrumb\"},\"inLanguage\":\"lv-LV\",\"potentialAction\":[{\"@type\":\"ReadAction\",\"target\":[\"https:\/\/ordoline.com\/lv\/terms-of-service\/\"]}]},{\"@type\":\"BreadcrumbList\",\"@id\":\"https:\/\/ordoline.com\/lv\/terms-of-service\/#breadcrumb\",\"itemListElement\":[{\"@type\":\"ListItem\",\"position\":1,\"name\":\"Home\",\"item\":\"https:\/\/ordoline.com\/lv\/\"},{\"@type\":\"ListItem\",\"position\":2,\"name\":\"Pakalpojumu snieg\u0161anas noteikumi\"}]},{\"@type\":\"WebSite\",\"@id\":\"https:\/\/ordoline.com\/lv\/#website\",\"url\":\"https:\/\/ordoline.com\/lv\/\",\"name\":\"Ordoline\",\"description\":\"Confidence and predictability with every aligner case\",\"publisher\":{\"@id\":\"https:\/\/ordoline.com\/lv\/#organization\"},\"potentialAction\":[{\"@type\":\"SearchAction\",\"target\":{\"@type\":\"EntryPoint\",\"urlTemplate\":\"https:\/\/ordoline.com\/lv\/?s={search_term_string}\"},\"query-input\":{\"@type\":\"PropertyValueSpecification\",\"valueRequired\":true,\"valueName\":\"search_term_string\"}}],\"inLanguage\":\"lv-LV\"},{\"@type\":\"Organization\",\"@id\":\"https:\/\/ordoline.com\/lv\/#organization\",\"name\":\"Ordoline\",\"url\":\"https:\/\/ordoline.com\/lv\/\",\"logo\":{\"@type\":\"ImageObject\",\"inLanguage\":\"lv-LV\",\"@id\":\"https:\/\/ordoline.com\/lv\/#\/schema\/logo\/image\/\",\"url\":\"https:\/\/ordoline.com\/wp-content\/uploads\/2021\/08\/ordoline_logo-juodas-4.png\",\"contentUrl\":\"https:\/\/ordoline.com\/wp-content\/uploads\/2021\/08\/ordoline_logo-juodas-4.png\",\"width\":199,\"height\":40,\"caption\":\"Ordoline\"},\"image\":{\"@id\":\"https:\/\/ordoline.com\/lv\/#\/schema\/logo\/image\/\"}}]}<\/script>\n<!-- \/ Yoast SEO plugin. -->","yoast_head_json":{"title":"Pakalpojumu snieg\u0161anas noteikumi - Ordoline","robots":{"index":"index","follow":"follow","max-snippet":"max-snippet:-1","max-image-preview":"max-image-preview:large","max-video-preview":"max-video-preview:-1"},"canonical":"https:\/\/ordoline.com\/lv\/terms-of-service\/","og_locale":"lv_LV","og_type":"article","og_title":"Pakalpojumu snieg\u0161anas noteikumi - Ordoline","og_description":"Ordoline svetain\u0117s naudojimas priklauso nuo to, ar laikot\u0117s \u0161i\u0173 s\u0105lyg\u0173. Per\u017ei\u016br\u0117kite toliau pateiktas taisykles ir s\u0105lygas, susijusias su j\u016bs\u0173 naudojimusi \u0161ia svetaine. Prisijungdami, naudodamiesi ar atsisi\u0173sdami bet koki\u0105 informacij\u0105 ir (arba) med\u017eiag\u0105 i\u0161 \u0161ios svetain\u0117s, j\u016bs sutinkate laikytis \u0161i\u0173 taisykli\u0173 ir s\u0105lyg\u0173 (toliau \u2013 \u201ePaslaug\u0173 teikimo s\u0105lygos\u201c). Jei nesutinkate su \u0161iomis Paslaug\u0173 teikimo s\u0105lygomis, neturite [&hellip;]","og_url":"https:\/\/ordoline.com\/lv\/terms-of-service\/","og_site_name":"Ordoline","article_modified_time":"2025-04-26T03:59:47+00:00","twitter_card":"summary_large_image","twitter_misc":{"Est. reading time":"4 minutes"},"schema":{"@context":"https:\/\/schema.org","@graph":[{"@type":"WebPage","@id":"https:\/\/ordoline.com\/lv\/terms-of-service\/","url":"https:\/\/ordoline.com\/lv\/terms-of-service\/","name":"Pakalpojumu snieg\u0161anas noteikumi - Ordoline","isPartOf":{"@id":"https:\/\/ordoline.com\/lv\/#website"},"datePublished":"2023-03-30T10:58:49+00:00","dateModified":"2025-04-26T03:59:47+00:00","breadcrumb":{"@id":"https:\/\/ordoline.com\/lv\/terms-of-service\/#breadcrumb"},"inLanguage":"lv-LV","potentialAction":[{"@type":"ReadAction","target":["https:\/\/ordoline.com\/lv\/terms-of-service\/"]}]},{"@type":"BreadcrumbList","@id":"https:\/\/ordoline.com\/lv\/terms-of-service\/#breadcrumb","itemListElement":[{"@type":"ListItem","position":1,"name":"Home","item":"https:\/\/ordoline.com\/lv\/"},{"@type":"ListItem","position":2,"name":"Pakalpojumu snieg\u0161anas noteikumi"}]},{"@type":"WebSite","@id":"https:\/\/ordoline.com\/lv\/#website","url":"https:\/\/ordoline.com\/lv\/","name":"Ordoline","description":"Confidence and predictability with every aligner case","publisher":{"@id":"https:\/\/ordoline.com\/lv\/#organization"},"potentialAction":[{"@type":"SearchAction","target":{"@type":"EntryPoint","urlTemplate":"https:\/\/ordoline.com\/lv\/?s={search_term_string}"},"query-input":{"@type":"PropertyValueSpecification","valueRequired":true,"valueName":"search_term_string"}}],"inLanguage":"lv-LV"},{"@type":"Organization","@id":"https:\/\/ordoline.com\/lv\/#organization","name":"Ordoline","url":"https:\/\/ordoline.com\/lv\/","logo":{"@type":"ImageObject","inLanguage":"lv-LV","@id":"https:\/\/ordoline.com\/lv\/#\/schema\/logo\/image\/","url":"https:\/\/ordoline.com\/wp-content\/uploads\/2021\/08\/ordoline_logo-juodas-4.png","contentUrl":"https:\/\/ordoline.com\/wp-content\/uploads\/2021\/08\/ordoline_logo-juodas-4.png","width":199,"height":40,"caption":"Ordoline"},"image":{"@id":"https:\/\/ordoline.com\/lv\/#\/schema\/logo\/image\/"}}]}},"_links":{"self":[{"href":"https:\/\/ordoline.com\/lv\/wp-json\/wp\/v2\/pages\/15555","targetHints":{"allow":["GET"]}}],"collection":[{"href":"https:\/\/ordoline.com\/lv\/wp-json\/wp\/v2\/pages"}],"about":[{"href":"https:\/\/ordoline.com\/lv\/wp-json\/wp\/v2\/types\/page"}],"author":[{"embeddable":true,"href":"https:\/\/ordoline.com\/lv\/wp-json\/wp\/v2\/users\/1"}],"replies":[{"embeddable":true,"href":"https:\/\/ordoline.com\/lv\/wp-json\/wp\/v2\/comments?post=15555"}],"version-history":[{"count":0,"href":"https:\/\/ordoline.com\/lv\/wp-json\/wp\/v2\/pages\/15555\/revisions"}],"wp:attachment":[{"href":"https:\/\/ordoline.com\/lv\/wp-json\/wp\/v2\/media?parent=15555"}],"curies":[{"name":"wp","href":"https:\/\/api.w.org\/{rel}","templated":true}]}}