{"id":9936,"date":"2021-08-18T10:16:22","date_gmt":"2021-08-18T10:16:22","guid":{"rendered":"https:\/\/ordoline.com\/become-partner\/"},"modified":"2025-07-03T10:44:55","modified_gmt":"2025-07-03T10:44:55","slug":"become-partner","status":"publish","type":"page","link":"https:\/\/ordoline.com\/lt\/become-partner\/","title":{"rendered":"Kod\u0117l Ordoline"},"content":{"rendered":"\n<h2 class=\"wp-block-heading\">Kod\u0117l gydytojai tampa Ordoline partneriais?<\/h2>\n\n\n\n<p>Ordoline si\u016blo i\u0161manesn\u012f, klini\u0161kai pagr\u012fst\u0105 po\u017ei\u016br\u012f \u012f gydym\u0105 kapomis. Mes sprend\u017eiame tikrus i\u0161\u0161\u016bkius, su kuriais susiduria tiek patyr\u0119, tiek pradedantys gydytojai \u2014 nuo atvej\u0173 sud\u0117tingumo ir tikslumo iki gydymo planavimo ir efektyvumo<\/p>\n\n\n\n<p><\/p>\n","protected":false},"excerpt":{"rendered":"<p>Kod\u0117l gydytojai tampa Ordoline partneriais? Ordoline si\u016blo i\u0161manesn\u012f, klini\u0161kai pagr\u012fst\u0105 po\u017ei\u016br\u012f \u012f gydym\u0105 kapomis. Mes sprend\u017eiame tikrus i\u0161\u0161\u016bkius, su kuriais susiduria tiek patyr\u0119, tiek pradedantys gydytojai \u2014 nuo atvej\u0173 sud\u0117tingumo ir tikslumo iki gydymo planavimo ir efektyvumo<\/p>\n","protected":false},"author":1,"featured_media":0,"parent":0,"menu_order":0,"comment_status":"closed","ping_status":"closed","template":"page-partner.php","meta":{"_acf_changed":false,"inline_featured_image":false,"footnotes":""},"class_list":["post-9936","page","type-page","status-publish","hentry"],"acf":[],"yoast_head":"<!-- This site is optimized with the Yoast SEO plugin v25.9 - https:\/\/yoast.com\/wordpress\/plugins\/seo\/ -->\n<title>Kod\u0117l Ordoline - Ordoline<\/title>\n<meta name=\"robots\" content=\"index, follow, max-snippet:-1, max-image-preview:large, max-video-preview:-1\" \/>\n<link rel=\"canonical\" href=\"https:\/\/ordoline.com\/lt\/become-partner\/\" \/>\n<meta property=\"og:locale\" content=\"lt_LT\" \/>\n<meta property=\"og:type\" content=\"article\" \/>\n<meta property=\"og:title\" content=\"Kod\u0117l Ordoline - Ordoline\" \/>\n<meta property=\"og:description\" content=\"Kod\u0117l gydytojai tampa Ordoline partneriais? Ordoline si\u016blo i\u0161manesn\u012f, klini\u0161kai pagr\u012fst\u0105 po\u017ei\u016br\u012f \u012f gydym\u0105 kapomis. Mes sprend\u017eiame tikrus i\u0161\u0161\u016bkius, su kuriais susiduria tiek patyr\u0119, tiek pradedantys gydytojai \u2014 nuo atvej\u0173 sud\u0117tingumo ir tikslumo iki gydymo planavimo ir efektyvumo\" \/>\n<meta property=\"og:url\" content=\"https:\/\/ordoline.com\/lt\/become-partner\/\" \/>\n<meta property=\"og:site_name\" content=\"Ordoline\" \/>\n<meta property=\"article:modified_time\" content=\"2025-07-03T10:44:55+00:00\" \/>\n<meta name=\"twitter:card\" content=\"summary_large_image\" \/>\n<meta name=\"twitter:label1\" content=\"Est. reading time\" \/>\n\t<meta name=\"twitter:data1\" content=\"1 minut\u0117\" \/>\n<script type=\"application\/ld+json\" class=\"yoast-schema-graph\">{\"@context\":\"https:\/\/schema.org\",\"@graph\":[{\"@type\":\"WebPage\",\"@id\":\"https:\/\/ordoline.com\/lt\/become-partner\/\",\"url\":\"https:\/\/ordoline.com\/lt\/become-partner\/\",\"name\":\"Kod\u0117l Ordoline - Ordoline\",\"isPartOf\":{\"@id\":\"https:\/\/ordoline.com\/lt\/#website\"},\"datePublished\":\"2021-08-18T10:16:22+00:00\",\"dateModified\":\"2025-07-03T10:44:55+00:00\",\"breadcrumb\":{\"@id\":\"https:\/\/ordoline.com\/lt\/become-partner\/#breadcrumb\"},\"inLanguage\":\"lt-LT\",\"potentialAction\":[{\"@type\":\"ReadAction\",\"target\":[\"https:\/\/ordoline.com\/lt\/become-partner\/\"]}]},{\"@type\":\"BreadcrumbList\",\"@id\":\"https:\/\/ordoline.com\/lt\/become-partner\/#breadcrumb\",\"itemListElement\":[{\"@type\":\"ListItem\",\"position\":1,\"name\":\"Home\",\"item\":\"https:\/\/ordoline.com\/lt\/\"},{\"@type\":\"ListItem\",\"position\":2,\"name\":\"Kod\u0117l Ordoline\"}]},{\"@type\":\"WebSite\",\"@id\":\"https:\/\/ordoline.com\/lt\/#website\",\"url\":\"https:\/\/ordoline.com\/lt\/\",\"name\":\"Ordoline\",\"description\":\"Confidence and predictability with every aligner case\",\"publisher\":{\"@id\":\"https:\/\/ordoline.com\/lt\/#organization\"},\"potentialAction\":[{\"@type\":\"SearchAction\",\"target\":{\"@type\":\"EntryPoint\",\"urlTemplate\":\"https:\/\/ordoline.com\/lt\/?s={search_term_string}\"},\"query-input\":{\"@type\":\"PropertyValueSpecification\",\"valueRequired\":true,\"valueName\":\"search_term_string\"}}],\"inLanguage\":\"lt-LT\"},{\"@type\":\"Organization\",\"@id\":\"https:\/\/ordoline.com\/lt\/#organization\",\"name\":\"Ordoline\",\"url\":\"https:\/\/ordoline.com\/lt\/\",\"logo\":{\"@type\":\"ImageObject\",\"inLanguage\":\"lt-LT\",\"@id\":\"https:\/\/ordoline.com\/lt\/#\/schema\/logo\/image\/\",\"url\":\"https:\/\/ordoline.com\/wp-content\/uploads\/2021\/08\/ordoline_logo-juodas-4.png\",\"contentUrl\":\"https:\/\/ordoline.com\/wp-content\/uploads\/2021\/08\/ordoline_logo-juodas-4.png\",\"width\":199,\"height\":40,\"caption\":\"Ordoline\"},\"image\":{\"@id\":\"https:\/\/ordoline.com\/lt\/#\/schema\/logo\/image\/\"}}]}<\/script>\n<!-- \/ Yoast SEO plugin. -->","yoast_head_json":{"title":"Kod\u0117l Ordoline - Ordoline","robots":{"index":"index","follow":"follow","max-snippet":"max-snippet:-1","max-image-preview":"max-image-preview:large","max-video-preview":"max-video-preview:-1"},"canonical":"https:\/\/ordoline.com\/lt\/become-partner\/","og_locale":"lt_LT","og_type":"article","og_title":"Kod\u0117l Ordoline - Ordoline","og_description":"Kod\u0117l gydytojai tampa Ordoline partneriais? Ordoline si\u016blo i\u0161manesn\u012f, klini\u0161kai pagr\u012fst\u0105 po\u017ei\u016br\u012f \u012f gydym\u0105 kapomis. Mes sprend\u017eiame tikrus i\u0161\u0161\u016bkius, su kuriais susiduria tiek patyr\u0119, tiek pradedantys gydytojai \u2014 nuo atvej\u0173 sud\u0117tingumo ir tikslumo iki gydymo planavimo ir efektyvumo","og_url":"https:\/\/ordoline.com\/lt\/become-partner\/","og_site_name":"Ordoline","article_modified_time":"2025-07-03T10:44:55+00:00","twitter_card":"summary_large_image","twitter_misc":{"Est. reading time":"1 minut\u0117"},"schema":{"@context":"https:\/\/schema.org","@graph":[{"@type":"WebPage","@id":"https:\/\/ordoline.com\/lt\/become-partner\/","url":"https:\/\/ordoline.com\/lt\/become-partner\/","name":"Kod\u0117l Ordoline - Ordoline","isPartOf":{"@id":"https:\/\/ordoline.com\/lt\/#website"},"datePublished":"2021-08-18T10:16:22+00:00","dateModified":"2025-07-03T10:44:55+00:00","breadcrumb":{"@id":"https:\/\/ordoline.com\/lt\/become-partner\/#breadcrumb"},"inLanguage":"lt-LT","potentialAction":[{"@type":"ReadAction","target":["https:\/\/ordoline.com\/lt\/become-partner\/"]}]},{"@type":"BreadcrumbList","@id":"https:\/\/ordoline.com\/lt\/become-partner\/#breadcrumb","itemListElement":[{"@type":"ListItem","position":1,"name":"Home","item":"https:\/\/ordoline.com\/lt\/"},{"@type":"ListItem","position":2,"name":"Kod\u0117l Ordoline"}]},{"@type":"WebSite","@id":"https:\/\/ordoline.com\/lt\/#website","url":"https:\/\/ordoline.com\/lt\/","name":"Ordoline","description":"Confidence and predictability with every aligner case","publisher":{"@id":"https:\/\/ordoline.com\/lt\/#organization"},"potentialAction":[{"@type":"SearchAction","target":{"@type":"EntryPoint","urlTemplate":"https:\/\/ordoline.com\/lt\/?s={search_term_string}"},"query-input":{"@type":"PropertyValueSpecification","valueRequired":true,"valueName":"search_term_string"}}],"inLanguage":"lt-LT"},{"@type":"Organization","@id":"https:\/\/ordoline.com\/lt\/#organization","name":"Ordoline","url":"https:\/\/ordoline.com\/lt\/","logo":{"@type":"ImageObject","inLanguage":"lt-LT","@id":"https:\/\/ordoline.com\/lt\/#\/schema\/logo\/image\/","url":"https:\/\/ordoline.com\/wp-content\/uploads\/2021\/08\/ordoline_logo-juodas-4.png","contentUrl":"https:\/\/ordoline.com\/wp-content\/uploads\/2021\/08\/ordoline_logo-juodas-4.png","width":199,"height":40,"caption":"Ordoline"},"image":{"@id":"https:\/\/ordoline.com\/lt\/#\/schema\/logo\/image\/"}}]}},"_links":{"self":[{"href":"https:\/\/ordoline.com\/lt\/wp-json\/wp\/v2\/pages\/9936","targetHints":{"allow":["GET"]}}],"collection":[{"href":"https:\/\/ordoline.com\/lt\/wp-json\/wp\/v2\/pages"}],"about":[{"href":"https:\/\/ordoline.com\/lt\/wp-json\/wp\/v2\/types\/page"}],"author":[{"embeddable":true,"href":"https:\/\/ordoline.com\/lt\/wp-json\/wp\/v2\/users\/1"}],"replies":[{"embeddable":true,"href":"https:\/\/ordoline.com\/lt\/wp-json\/wp\/v2\/comments?post=9936"}],"version-history":[{"count":8,"href":"https:\/\/ordoline.com\/lt\/wp-json\/wp\/v2\/pages\/9936\/revisions"}],"predecessor-version":[{"id":31027,"href":"https:\/\/ordoline.com\/lt\/wp-json\/wp\/v2\/pages\/9936\/revisions\/31027"}],"wp:attachment":[{"href":"https:\/\/ordoline.com\/lt\/wp-json\/wp\/v2\/media?parent=9936"}],"curies":[{"name":"wp","href":"https:\/\/api.w.org\/{rel}","templated":true}]}}