{"id":9899,"date":"2021-10-10T13:01:28","date_gmt":"2021-10-10T13:01:28","guid":{"rendered":"https:\/\/ordoline.com\/treatment-process-b2b\/"},"modified":"2025-06-23T10:52:35","modified_gmt":"2025-06-23T10:52:35","slug":"treatment-process-b2b","status":"publish","type":"page","link":"https:\/\/ordoline.com\/lt\/treatment-process-b2b\/","title":{"rendered":"Tikslesni gydymo rezultatai"},"content":{"rendered":"\n<p><p>\u201eOrdoline\u201c derina moksli\u0161kai patvirtintus gydymo protokolus su ortodont\u0173 patirtimi, kad u\u017etikrint\u0173 auk\u0161t\u0105 klinikin\u012f tikslum\u0105 \u2014 nuo paprast\u0173 dant\u0173 tiesinim\u0173 iki sud\u0117ting\u0173 s\u0105kand\u017eio patologij\u0173.<\/p> <br><\/p> <p><p>\n\n\n\n<p><br>Remiantis nepriklausomais tyrimais, \u201eOrdoline\u201c pasiekia <strong>67\u201378 % tikslum\u0105 sud\u0117tinguose atvejuose<\/strong>, \u017eenkliai vir\u0161ydama rinkos vidurkius. Tokie rezultatai pasiekiami d\u0117l ekspert\u0173 atliekamo planavimo, trij\u0173 pakop\u0173 kokyb\u0117s kontrol\u0117s sistemos ir visi\u0161kos ortodontini\u0173 pagalbini\u0173 element\u0173 integracijos.<br><\/p>\n\n\n\n<p>\u201eOrdoline\u201c leid\u017eia u\u017etikrintai gydyti \u012fvairaus sud\u0117tingumo pacientus \u2014 nuo pirm\u0105 kart\u0105 kapas d\u0117vin\u010di\u0173 asmen\u0173 iki patyrusi\u0173 ortodont\u0173, dirban\u010di\u0173 su pa\u017eengusiais atvejais.<\/p>\n","protected":false},"excerpt":{"rendered":"<p>\u201eOrdoline\u201c derina moksli\u0161kai patvirtintus gydymo protokolus su ortodont\u0173 patirtimi, kad u\u017etikrint\u0173 auk\u0161t\u0105 klinikin\u012f tikslum\u0105 \u2014 nuo paprast\u0173 dant\u0173 tiesinim\u0173 iki sud\u0117ting\u0173 s\u0105kand\u017eio patologij\u0173. Remiantis nepriklausomais tyrimais, \u201eOrdoline\u201c pasiekia 67\u201378 % tikslum\u0105 sud\u0117tinguose atvejuose, \u017eenkliai vir\u0161ydama rinkos vidurkius. Tokie rezultatai pasiekiami d\u0117l ekspert\u0173 atliekamo planavimo, trij\u0173 pakop\u0173 kokyb\u0117s kontrol\u0117s sistemos ir visi\u0161kos ortodontini\u0173 pagalbini\u0173 element\u0173 integracijos. [&hellip;]<\/p>\n","protected":false},"author":1,"featured_media":0,"parent":0,"menu_order":0,"comment_status":"closed","ping_status":"closed","template":"page-treatment-b2b.php","meta":{"_acf_changed":false,"inline_featured_image":false,"footnotes":""},"class_list":["post-9899","page","type-page","status-publish","hentry"],"acf":[],"yoast_head":"<!-- This site is optimized with the Yoast SEO plugin v25.9 - https:\/\/yoast.com\/wordpress\/plugins\/seo\/ -->\n<title>Tikslesni gydymo rezultatai - Ordoline<\/title>\n<meta name=\"robots\" content=\"index, follow, max-snippet:-1, max-image-preview:large, max-video-preview:-1\" \/>\n<link rel=\"canonical\" href=\"https:\/\/ordoline.com\/lt\/treatment-process-b2b\/\" \/>\n<meta property=\"og:locale\" content=\"lt_LT\" \/>\n<meta property=\"og:type\" content=\"article\" \/>\n<meta property=\"og:title\" content=\"Tikslesni gydymo rezultatai - Ordoline\" \/>\n<meta property=\"og:description\" content=\"\u201eOrdoline\u201c derina moksli\u0161kai patvirtintus gydymo protokolus su ortodont\u0173 patirtimi, kad u\u017etikrint\u0173 auk\u0161t\u0105 klinikin\u012f tikslum\u0105 \u2014 nuo paprast\u0173 dant\u0173 tiesinim\u0173 iki sud\u0117ting\u0173 s\u0105kand\u017eio patologij\u0173. Remiantis nepriklausomais tyrimais, \u201eOrdoline\u201c pasiekia 67\u201378 % tikslum\u0105 sud\u0117tinguose atvejuose, \u017eenkliai vir\u0161ydama rinkos vidurkius. Tokie rezultatai pasiekiami d\u0117l ekspert\u0173 atliekamo planavimo, trij\u0173 pakop\u0173 kokyb\u0117s kontrol\u0117s sistemos ir visi\u0161kos ortodontini\u0173 pagalbini\u0173 element\u0173 integracijos. [&hellip;]\" \/>\n<meta property=\"og:url\" content=\"https:\/\/ordoline.com\/lt\/treatment-process-b2b\/\" \/>\n<meta property=\"og:site_name\" content=\"Ordoline\" \/>\n<meta property=\"article:modified_time\" content=\"2025-06-23T10:52:35+00:00\" \/>\n<meta name=\"twitter:card\" content=\"summary_large_image\" \/>\n<meta name=\"twitter:label1\" content=\"Est. reading time\" \/>\n\t<meta name=\"twitter:data1\" content=\"1 minut\u0117\" \/>\n<script type=\"application\/ld+json\" class=\"yoast-schema-graph\">{\"@context\":\"https:\/\/schema.org\",\"@graph\":[{\"@type\":\"WebPage\",\"@id\":\"https:\/\/ordoline.com\/lt\/treatment-process-b2b\/\",\"url\":\"https:\/\/ordoline.com\/lt\/treatment-process-b2b\/\",\"name\":\"Tikslesni gydymo rezultatai - Ordoline\",\"isPartOf\":{\"@id\":\"https:\/\/ordoline.com\/lt\/#website\"},\"datePublished\":\"2021-10-10T13:01:28+00:00\",\"dateModified\":\"2025-06-23T10:52:35+00:00\",\"breadcrumb\":{\"@id\":\"https:\/\/ordoline.com\/lt\/treatment-process-b2b\/#breadcrumb\"},\"inLanguage\":\"lt-LT\",\"potentialAction\":[{\"@type\":\"ReadAction\",\"target\":[\"https:\/\/ordoline.com\/lt\/treatment-process-b2b\/\"]}]},{\"@type\":\"BreadcrumbList\",\"@id\":\"https:\/\/ordoline.com\/lt\/treatment-process-b2b\/#breadcrumb\",\"itemListElement\":[{\"@type\":\"ListItem\",\"position\":1,\"name\":\"Home\",\"item\":\"https:\/\/ordoline.com\/lt\/\"},{\"@type\":\"ListItem\",\"position\":2,\"name\":\"Tikslesni gydymo rezultatai\"}]},{\"@type\":\"WebSite\",\"@id\":\"https:\/\/ordoline.com\/lt\/#website\",\"url\":\"https:\/\/ordoline.com\/lt\/\",\"name\":\"Ordoline\",\"description\":\"Confidence and predictability with every aligner case\",\"publisher\":{\"@id\":\"https:\/\/ordoline.com\/lt\/#organization\"},\"potentialAction\":[{\"@type\":\"SearchAction\",\"target\":{\"@type\":\"EntryPoint\",\"urlTemplate\":\"https:\/\/ordoline.com\/lt\/?s={search_term_string}\"},\"query-input\":{\"@type\":\"PropertyValueSpecification\",\"valueRequired\":true,\"valueName\":\"search_term_string\"}}],\"inLanguage\":\"lt-LT\"},{\"@type\":\"Organization\",\"@id\":\"https:\/\/ordoline.com\/lt\/#organization\",\"name\":\"Ordoline\",\"url\":\"https:\/\/ordoline.com\/lt\/\",\"logo\":{\"@type\":\"ImageObject\",\"inLanguage\":\"lt-LT\",\"@id\":\"https:\/\/ordoline.com\/lt\/#\/schema\/logo\/image\/\",\"url\":\"https:\/\/ordoline.com\/wp-content\/uploads\/2021\/08\/ordoline_logo-juodas-4.png\",\"contentUrl\":\"https:\/\/ordoline.com\/wp-content\/uploads\/2021\/08\/ordoline_logo-juodas-4.png\",\"width\":199,\"height\":40,\"caption\":\"Ordoline\"},\"image\":{\"@id\":\"https:\/\/ordoline.com\/lt\/#\/schema\/logo\/image\/\"}}]}<\/script>\n<!-- \/ Yoast SEO plugin. -->","yoast_head_json":{"title":"Tikslesni gydymo rezultatai - Ordoline","robots":{"index":"index","follow":"follow","max-snippet":"max-snippet:-1","max-image-preview":"max-image-preview:large","max-video-preview":"max-video-preview:-1"},"canonical":"https:\/\/ordoline.com\/lt\/treatment-process-b2b\/","og_locale":"lt_LT","og_type":"article","og_title":"Tikslesni gydymo rezultatai - Ordoline","og_description":"\u201eOrdoline\u201c derina moksli\u0161kai patvirtintus gydymo protokolus su ortodont\u0173 patirtimi, kad u\u017etikrint\u0173 auk\u0161t\u0105 klinikin\u012f tikslum\u0105 \u2014 nuo paprast\u0173 dant\u0173 tiesinim\u0173 iki sud\u0117ting\u0173 s\u0105kand\u017eio patologij\u0173. Remiantis nepriklausomais tyrimais, \u201eOrdoline\u201c pasiekia 67\u201378 % tikslum\u0105 sud\u0117tinguose atvejuose, \u017eenkliai vir\u0161ydama rinkos vidurkius. Tokie rezultatai pasiekiami d\u0117l ekspert\u0173 atliekamo planavimo, trij\u0173 pakop\u0173 kokyb\u0117s kontrol\u0117s sistemos ir visi\u0161kos ortodontini\u0173 pagalbini\u0173 element\u0173 integracijos. [&hellip;]","og_url":"https:\/\/ordoline.com\/lt\/treatment-process-b2b\/","og_site_name":"Ordoline","article_modified_time":"2025-06-23T10:52:35+00:00","twitter_card":"summary_large_image","twitter_misc":{"Est. reading time":"1 minut\u0117"},"schema":{"@context":"https:\/\/schema.org","@graph":[{"@type":"WebPage","@id":"https:\/\/ordoline.com\/lt\/treatment-process-b2b\/","url":"https:\/\/ordoline.com\/lt\/treatment-process-b2b\/","name":"Tikslesni gydymo rezultatai - Ordoline","isPartOf":{"@id":"https:\/\/ordoline.com\/lt\/#website"},"datePublished":"2021-10-10T13:01:28+00:00","dateModified":"2025-06-23T10:52:35+00:00","breadcrumb":{"@id":"https:\/\/ordoline.com\/lt\/treatment-process-b2b\/#breadcrumb"},"inLanguage":"lt-LT","potentialAction":[{"@type":"ReadAction","target":["https:\/\/ordoline.com\/lt\/treatment-process-b2b\/"]}]},{"@type":"BreadcrumbList","@id":"https:\/\/ordoline.com\/lt\/treatment-process-b2b\/#breadcrumb","itemListElement":[{"@type":"ListItem","position":1,"name":"Home","item":"https:\/\/ordoline.com\/lt\/"},{"@type":"ListItem","position":2,"name":"Tikslesni gydymo rezultatai"}]},{"@type":"WebSite","@id":"https:\/\/ordoline.com\/lt\/#website","url":"https:\/\/ordoline.com\/lt\/","name":"Ordoline","description":"Confidence and predictability with every aligner case","publisher":{"@id":"https:\/\/ordoline.com\/lt\/#organization"},"potentialAction":[{"@type":"SearchAction","target":{"@type":"EntryPoint","urlTemplate":"https:\/\/ordoline.com\/lt\/?s={search_term_string}"},"query-input":{"@type":"PropertyValueSpecification","valueRequired":true,"valueName":"search_term_string"}}],"inLanguage":"lt-LT"},{"@type":"Organization","@id":"https:\/\/ordoline.com\/lt\/#organization","name":"Ordoline","url":"https:\/\/ordoline.com\/lt\/","logo":{"@type":"ImageObject","inLanguage":"lt-LT","@id":"https:\/\/ordoline.com\/lt\/#\/schema\/logo\/image\/","url":"https:\/\/ordoline.com\/wp-content\/uploads\/2021\/08\/ordoline_logo-juodas-4.png","contentUrl":"https:\/\/ordoline.com\/wp-content\/uploads\/2021\/08\/ordoline_logo-juodas-4.png","width":199,"height":40,"caption":"Ordoline"},"image":{"@id":"https:\/\/ordoline.com\/lt\/#\/schema\/logo\/image\/"}}]}},"_links":{"self":[{"href":"https:\/\/ordoline.com\/lt\/wp-json\/wp\/v2\/pages\/9899","targetHints":{"allow":["GET"]}}],"collection":[{"href":"https:\/\/ordoline.com\/lt\/wp-json\/wp\/v2\/pages"}],"about":[{"href":"https:\/\/ordoline.com\/lt\/wp-json\/wp\/v2\/types\/page"}],"author":[{"embeddable":true,"href":"https:\/\/ordoline.com\/lt\/wp-json\/wp\/v2\/users\/1"}],"replies":[{"embeddable":true,"href":"https:\/\/ordoline.com\/lt\/wp-json\/wp\/v2\/comments?post=9899"}],"version-history":[{"count":1,"href":"https:\/\/ordoline.com\/lt\/wp-json\/wp\/v2\/pages\/9899\/revisions"}],"predecessor-version":[{"id":30798,"href":"https:\/\/ordoline.com\/lt\/wp-json\/wp\/v2\/pages\/9899\/revisions\/30798"}],"wp:attachment":[{"href":"https:\/\/ordoline.com\/lt\/wp-json\/wp\/v2\/media?parent=9899"}],"curies":[{"name":"wp","href":"https:\/\/api.w.org\/{rel}","templated":true}]}}