{"id":9880,"date":"2021-11-12T11:45:30","date_gmt":"2021-11-12T11:45:30","guid":{"rendered":"https:\/\/ordoline.com\/how-ordoline-works-b2c\/"},"modified":"2025-06-23T10:42:12","modified_gmt":"2025-06-23T10:42:12","slug":"how-ordoline-works-b2c","status":"publish","type":"page","link":"https:\/\/ordoline.com\/lt\/how-ordoline-works-b2c\/","title":{"rendered":"Kaip veikia Ordoline"},"content":{"rendered":"\n<p>Ordoline kapos yra beveik nematomi, nuimami ortodontiniai aparatai, kurie kruop\u0161\u010diai i\u0161 anksto suplanuotai judina dantis. Kapos i\u0161tiesina dantis, \u0161velniai spaud\u017eiant dantis \u012f teising\u0105 pad\u0117t\u012f. Paprastai jos kei\u010diamos kas 10 dien\u0173, kad b\u016bt\u0173 pasiektas kitas dant\u0173 jud\u0117jimas iki gydymo pabaigos.<\/p>\n","protected":false},"excerpt":{"rendered":"<p>Ordoline kapos yra beveik nematomi, nuimami ortodontiniai aparatai, kurie kruop\u0161\u010diai i\u0161 anksto suplanuotai judina dantis. Kapos i\u0161tiesina dantis, \u0161velniai spaud\u017eiant dantis \u012f teising\u0105 pad\u0117t\u012f. Paprastai jos kei\u010diamos kas 10 dien\u0173, kad b\u016bt\u0173 pasiektas kitas dant\u0173 jud\u0117jimas iki gydymo pabaigos.<\/p>\n","protected":false},"author":1,"featured_media":0,"parent":0,"menu_order":0,"comment_status":"closed","ping_status":"closed","template":"page-how-works-b2c.php","meta":{"_acf_changed":false,"inline_featured_image":false,"footnotes":""},"class_list":["post-9880","page","type-page","status-publish","hentry"],"acf":[],"yoast_head":"<!-- This site is optimized with the Yoast SEO plugin v25.9 - https:\/\/yoast.com\/wordpress\/plugins\/seo\/ -->\n<title>Kaip veikia Ordoline - Ordoline<\/title>\n<meta name=\"robots\" content=\"index, follow, max-snippet:-1, max-image-preview:large, max-video-preview:-1\" \/>\n<link rel=\"canonical\" href=\"https:\/\/ordoline.com\/lt\/how-ordoline-works-b2c\/\" \/>\n<meta property=\"og:locale\" content=\"lt_LT\" \/>\n<meta property=\"og:type\" content=\"article\" \/>\n<meta property=\"og:title\" content=\"Kaip veikia Ordoline - Ordoline\" \/>\n<meta property=\"og:description\" content=\"Ordoline kapos yra beveik nematomi, nuimami ortodontiniai aparatai, kurie kruop\u0161\u010diai i\u0161 anksto suplanuotai judina dantis. Kapos i\u0161tiesina dantis, \u0161velniai spaud\u017eiant dantis \u012f teising\u0105 pad\u0117t\u012f. Paprastai jos kei\u010diamos kas 10 dien\u0173, kad b\u016bt\u0173 pasiektas kitas dant\u0173 jud\u0117jimas iki gydymo pabaigos.\" \/>\n<meta property=\"og:url\" content=\"https:\/\/ordoline.com\/lt\/how-ordoline-works-b2c\/\" \/>\n<meta property=\"og:site_name\" content=\"Ordoline\" \/>\n<meta property=\"article:modified_time\" content=\"2025-06-23T10:42:12+00:00\" \/>\n<meta name=\"twitter:card\" content=\"summary_large_image\" \/>\n<meta name=\"twitter:label1\" content=\"Est. reading time\" \/>\n\t<meta name=\"twitter:data1\" content=\"1 minut\u0117\" \/>\n<script type=\"application\/ld+json\" class=\"yoast-schema-graph\">{\"@context\":\"https:\/\/schema.org\",\"@graph\":[{\"@type\":\"WebPage\",\"@id\":\"https:\/\/ordoline.com\/lt\/how-ordoline-works-b2c\/\",\"url\":\"https:\/\/ordoline.com\/lt\/how-ordoline-works-b2c\/\",\"name\":\"Kaip veikia Ordoline - Ordoline\",\"isPartOf\":{\"@id\":\"https:\/\/ordoline.com\/lt\/#website\"},\"datePublished\":\"2021-11-12T11:45:30+00:00\",\"dateModified\":\"2025-06-23T10:42:12+00:00\",\"breadcrumb\":{\"@id\":\"https:\/\/ordoline.com\/lt\/how-ordoline-works-b2c\/#breadcrumb\"},\"inLanguage\":\"lt-LT\",\"potentialAction\":[{\"@type\":\"ReadAction\",\"target\":[\"https:\/\/ordoline.com\/lt\/how-ordoline-works-b2c\/\"]}]},{\"@type\":\"BreadcrumbList\",\"@id\":\"https:\/\/ordoline.com\/lt\/how-ordoline-works-b2c\/#breadcrumb\",\"itemListElement\":[{\"@type\":\"ListItem\",\"position\":1,\"name\":\"Home\",\"item\":\"https:\/\/ordoline.com\/lt\/\"},{\"@type\":\"ListItem\",\"position\":2,\"name\":\"Kaip veikia Ordoline\"}]},{\"@type\":\"WebSite\",\"@id\":\"https:\/\/ordoline.com\/lt\/#website\",\"url\":\"https:\/\/ordoline.com\/lt\/\",\"name\":\"Ordoline\",\"description\":\"Confidence and predictability with every aligner case\",\"publisher\":{\"@id\":\"https:\/\/ordoline.com\/lt\/#organization\"},\"potentialAction\":[{\"@type\":\"SearchAction\",\"target\":{\"@type\":\"EntryPoint\",\"urlTemplate\":\"https:\/\/ordoline.com\/lt\/?s={search_term_string}\"},\"query-input\":{\"@type\":\"PropertyValueSpecification\",\"valueRequired\":true,\"valueName\":\"search_term_string\"}}],\"inLanguage\":\"lt-LT\"},{\"@type\":\"Organization\",\"@id\":\"https:\/\/ordoline.com\/lt\/#organization\",\"name\":\"Ordoline\",\"url\":\"https:\/\/ordoline.com\/lt\/\",\"logo\":{\"@type\":\"ImageObject\",\"inLanguage\":\"lt-LT\",\"@id\":\"https:\/\/ordoline.com\/lt\/#\/schema\/logo\/image\/\",\"url\":\"https:\/\/ordoline.com\/wp-content\/uploads\/2021\/08\/ordoline_logo-juodas-4.png\",\"contentUrl\":\"https:\/\/ordoline.com\/wp-content\/uploads\/2021\/08\/ordoline_logo-juodas-4.png\",\"width\":199,\"height\":40,\"caption\":\"Ordoline\"},\"image\":{\"@id\":\"https:\/\/ordoline.com\/lt\/#\/schema\/logo\/image\/\"}}]}<\/script>\n<!-- \/ Yoast SEO plugin. -->","yoast_head_json":{"title":"Kaip veikia Ordoline - Ordoline","robots":{"index":"index","follow":"follow","max-snippet":"max-snippet:-1","max-image-preview":"max-image-preview:large","max-video-preview":"max-video-preview:-1"},"canonical":"https:\/\/ordoline.com\/lt\/how-ordoline-works-b2c\/","og_locale":"lt_LT","og_type":"article","og_title":"Kaip veikia Ordoline - Ordoline","og_description":"Ordoline kapos yra beveik nematomi, nuimami ortodontiniai aparatai, kurie kruop\u0161\u010diai i\u0161 anksto suplanuotai judina dantis. Kapos i\u0161tiesina dantis, \u0161velniai spaud\u017eiant dantis \u012f teising\u0105 pad\u0117t\u012f. Paprastai jos kei\u010diamos kas 10 dien\u0173, kad b\u016bt\u0173 pasiektas kitas dant\u0173 jud\u0117jimas iki gydymo pabaigos.","og_url":"https:\/\/ordoline.com\/lt\/how-ordoline-works-b2c\/","og_site_name":"Ordoline","article_modified_time":"2025-06-23T10:42:12+00:00","twitter_card":"summary_large_image","twitter_misc":{"Est. reading time":"1 minut\u0117"},"schema":{"@context":"https:\/\/schema.org","@graph":[{"@type":"WebPage","@id":"https:\/\/ordoline.com\/lt\/how-ordoline-works-b2c\/","url":"https:\/\/ordoline.com\/lt\/how-ordoline-works-b2c\/","name":"Kaip veikia Ordoline - Ordoline","isPartOf":{"@id":"https:\/\/ordoline.com\/lt\/#website"},"datePublished":"2021-11-12T11:45:30+00:00","dateModified":"2025-06-23T10:42:12+00:00","breadcrumb":{"@id":"https:\/\/ordoline.com\/lt\/how-ordoline-works-b2c\/#breadcrumb"},"inLanguage":"lt-LT","potentialAction":[{"@type":"ReadAction","target":["https:\/\/ordoline.com\/lt\/how-ordoline-works-b2c\/"]}]},{"@type":"BreadcrumbList","@id":"https:\/\/ordoline.com\/lt\/how-ordoline-works-b2c\/#breadcrumb","itemListElement":[{"@type":"ListItem","position":1,"name":"Home","item":"https:\/\/ordoline.com\/lt\/"},{"@type":"ListItem","position":2,"name":"Kaip veikia Ordoline"}]},{"@type":"WebSite","@id":"https:\/\/ordoline.com\/lt\/#website","url":"https:\/\/ordoline.com\/lt\/","name":"Ordoline","description":"Confidence and predictability with every aligner case","publisher":{"@id":"https:\/\/ordoline.com\/lt\/#organization"},"potentialAction":[{"@type":"SearchAction","target":{"@type":"EntryPoint","urlTemplate":"https:\/\/ordoline.com\/lt\/?s={search_term_string}"},"query-input":{"@type":"PropertyValueSpecification","valueRequired":true,"valueName":"search_term_string"}}],"inLanguage":"lt-LT"},{"@type":"Organization","@id":"https:\/\/ordoline.com\/lt\/#organization","name":"Ordoline","url":"https:\/\/ordoline.com\/lt\/","logo":{"@type":"ImageObject","inLanguage":"lt-LT","@id":"https:\/\/ordoline.com\/lt\/#\/schema\/logo\/image\/","url":"https:\/\/ordoline.com\/wp-content\/uploads\/2021\/08\/ordoline_logo-juodas-4.png","contentUrl":"https:\/\/ordoline.com\/wp-content\/uploads\/2021\/08\/ordoline_logo-juodas-4.png","width":199,"height":40,"caption":"Ordoline"},"image":{"@id":"https:\/\/ordoline.com\/lt\/#\/schema\/logo\/image\/"}}]}},"_links":{"self":[{"href":"https:\/\/ordoline.com\/lt\/wp-json\/wp\/v2\/pages\/9880","targetHints":{"allow":["GET"]}}],"collection":[{"href":"https:\/\/ordoline.com\/lt\/wp-json\/wp\/v2\/pages"}],"about":[{"href":"https:\/\/ordoline.com\/lt\/wp-json\/wp\/v2\/types\/page"}],"author":[{"embeddable":true,"href":"https:\/\/ordoline.com\/lt\/wp-json\/wp\/v2\/users\/1"}],"replies":[{"embeddable":true,"href":"https:\/\/ordoline.com\/lt\/wp-json\/wp\/v2\/comments?post=9880"}],"version-history":[{"count":2,"href":"https:\/\/ordoline.com\/lt\/wp-json\/wp\/v2\/pages\/9880\/revisions"}],"predecessor-version":[{"id":30792,"href":"https:\/\/ordoline.com\/lt\/wp-json\/wp\/v2\/pages\/9880\/revisions\/30792"}],"wp:attachment":[{"href":"https:\/\/ordoline.com\/lt\/wp-json\/wp\/v2\/media?parent=9880"}],"curies":[{"name":"wp","href":"https:\/\/api.w.org\/{rel}","templated":true}]}}