{"id":9853,"date":"2023-03-30T10:32:51","date_gmt":"2023-03-30T10:32:51","guid":{"rendered":"https:\/\/ordoline.com\/privacy-policy\/"},"modified":"2025-06-19T08:46:39","modified_gmt":"2025-06-19T08:46:39","slug":"privacy-policy","status":"publish","type":"page","link":"https:\/\/ordoline.com\/lt\/privacy-policy\/","title":{"rendered":"Privatumo politika"},"content":{"rendered":"\n<p>\u0160ioje politikoje apra\u0161oma, kaip renkame ir naudojame j\u016bs\u0173 asmens duomenis jums lankantis m\u016bs\u0173 interneto svetain\u0117je pagal Bendr\u0105j\u012f duomen\u0173 apsaugos reglament\u0105 (BDAR) ir susijusius Lietuvos Respublikos duomen\u0173 apsaugos teis\u0117s aktus.<\/p>\n\n\n\n<h2 class=\"wp-block-heading\"><strong>Asmens duomen\u0173 tvarkymas interneto svetain\u0117je<\/strong><\/h2>\n\n\n\n<p>Jei apsilankote m\u016bs\u0173 interneto svetain\u0117je, \u201eOrdoline\u201c gali saugoti jums registruojantis gaunamus duomenis: IP adres\u0105, tinklo ir buvimo vietos duomenis ir kt. Duomenys saugomi naudojant slapukus ir kitas technologijas.<br>Jei nenorite, kad m\u016bs\u0173 interneto svetain\u0117je tur\u0117tume prieig\u0105 prie j\u016bs\u0173 asmens duomen\u0173, savo nar\u0161ykl\u0117je tur\u0117tum\u0117te \u012fjungti privataus nar\u0161ymo sistem\u0105.<\/p>\n\n\n\n<p>Naudodamiesi \u0161ia interneto svetaine galite registruotis nurodytose stomatologijos klinikose pateikdami savo kontaktinius duomenis (vard\u0105, pavard\u0119, el. pa\u0161to adres\u0105, telefono numer\u012f). J\u016bs\u0173 kontaktiniai duomenys bus perduoti stomatologijos klinikai.<\/p>\n\n\n\n<p>Skiltyje \u201eGydytojai\u201c gydytojai gali registruotis \u012f mokymus pateikdami savo kontaktinius duomenis (vard\u0105, pavard\u0119, el. pa\u0161to adres\u0105, telefono numer\u012f, darbo viet\u0105). \u201eOrdoline\u201c tvarko \u0161iuos asmens duomenis tik mokym\u0173 organizavimo tikslais.<\/p>\n\n\n\n<p>Taip pat galite duoti sutikim\u0105, kad \u201eOrdoline\u201c tvarkyt\u0173 j\u016bs\u0173 asmens duomenis (vard\u0105, pavard\u0119, el. pa\u0161to adres\u0105, telefono numer\u012f) tiesiogin\u0117s rinkodaros tikslais.<\/p>\n\n\n\n<h2 class=\"wp-block-heading\"><strong>Asmens duomen\u0173 tvarkymas tiesiogin\u0117s rinkodaros tikslais<\/strong><\/h2>\n\n\n\n<p>Siekiame u\u017etikrinti, kad informacija, kuri\u0105 jums siun\u010diame, jums b\u016bt\u0173 priimtina ir naudinga, tod\u0117l stengiam\u0117s, kad tiek informacija, tiek pasi\u016blymai b\u016bt\u0173 visi\u0161kai susij\u0119 su m\u016bs\u0173 verslu. D\u0117l \u0161ios prie\u017eastis \u201eOrdoline\u201c tvarkys j\u016bs\u0173 asmens duomenis (vard\u0105, pavard\u0119, el. pa\u0161to adres\u0105, telefono numer\u012f) tiesiogin\u0117s rinkodaros tikslais tik gavusi ai\u0161k\u0173 j\u016bs\u0173 sutikim\u0105.<\/p>\n\n\n\n<p>Asmens duomenys gali b\u016bti naudojami tiesiogin\u0117s rinkodaros tikslais \u0161iais atvejais:<\/p>\n\n\n\n<ul class=\"wp-block-list\">\n<li>siun\u010diant el. lai\u0161kus su \u201eOrdoline\u201c pasi\u016blymais;<\/li>\n\n\n\n<li>siun\u010diant el. lai\u0161kus su naujausia informacija apie \u201eOrdoline\u201c veikl\u0105;<\/li>\n\n\n\n<li>siun\u010diant el. pakvietimus \u012f seminarus, atvir\u0173 dur\u0173 dienas ar kitus pana\u0161ius renginius.<br>Galite bet kuriuo metu at\u0161aukti savo sutikim\u0105, kad \u201eOrdoline\u201c tvarkyt\u0173 j\u016bs\u0173 asmens duomenis tiesiogin\u0117s rinkodaros tikslais, kreipdamiesi adresu info@ordoline.com. Svarbu pa\u017eym\u0117ti, kad turite teis\u0119 \u012f prieig\u0105 prie savo asmens duomen\u0173, kuriuos saugome.<\/li>\n<\/ul>\n\n\n\n<h2 class=\"wp-block-heading\"><strong>Asmens duomen\u0173 gav\u0117jai<\/strong><\/h2>\n\n\n\n<p>Pra\u0161om atkreipti d\u0117mes\u012f, kad \u201eOrdoline\u201c bendradarbiauja su tam tikrais paslaug\u0173 teik\u0117jais, kurie tvarko j\u016bs\u0173 asmens duomenis. \u0160ie duomen\u0173 tvarkytojai teikia reklamos, rinkodaros, programin\u0117s \u012frangos ir technin\u0117s pagalbos paslaugas. J\u016bs\u0173 asmens duomenys jiems atskleid\u017eiami tik \u0161i\u0173 paslaug\u0173 teikimo tikslais.<\/p>\n\n\n\n<h2 class=\"wp-block-heading\"><strong>Duomen\u0173 saugojimo laikotarpis<\/strong><\/h2>\n\n\n\n<p>Atsi\u017evelgiant \u012f teisinius reikalavimus ir j\u016bs\u0173 asmens duomen\u0173 r\u016b\u0161\u012f bei pob\u016bd\u012f, j\u016bs\u0173 asmens duomenys saugomi iki 3 met\u0173. Tiesiogin\u0117s rinkodaros tikslais tvarkomi duomenys saugomi 2 metus nuo tos dienos, kai buvo duotas j\u016bs\u0173 sutikimas. Mokym\u0173 organizavimo tikslais tvarkomi duomenys saugomi 3 metus.<\/p>\n\n\n\n<h2 class=\"wp-block-heading\"><strong>Kaip apsaugome j\u016bs\u0173 duomenis?<\/strong><\/h2>\n\n\n\n<p>J\u016bs\u0173 asmens duomenys (vardas, pavard\u0117, el. pa\u0161to adresas, telefono numeris ir kt.) apsaugomi nuo praradimo, neteis\u0117to naudojimo ar toki\u0173 duomen\u0173 keitimo be teisinio pagrindo.<br>Kadangi nuolat domim\u0117s ger\u0105ja duomen\u0173 apsaugos praktika ir technin\u0117mis priemon\u0117mis, siekiame u\u017etikrinti, kad j\u016bs\u0173 asmens duomenys b\u016bt\u0173 naudojami tik tam, kad gal\u0117tume teikti auk\u0161tesn\u0117s kokyb\u0117s ir prieinamesnes paslaugas. Naudojame tik patikimas fizines ir technines priemones visai klient\u0173 informacijai apsaugoti.<\/p>\n\n\n\n<h2 class=\"wp-block-heading\"><strong>J\u016bs\u0173 teis\u0117s<\/strong><\/h2>\n\n\n\n<p>Turite toliau nurodytas, su asmens duomenimis susijusias teises:<\/p>\n\n\n\n<ul class=\"wp-block-list\">\n<li>galite pareik\u0161ti pageidavim\u0105 susipa\u017einti su savo asmens duomenimis ir j\u0173 rinkimo bei valdymo principais;<\/li>\n\n\n\n<li>galite reikalauti keisti klaidingus, netikslius ar nei\u0161samius asmens duomenis, taip pat i\u0161trinti tokius duomenis arba apriboti naudojim\u0105si jais, jei tam yra teisinis pagrindas;<\/li>\n\n\n\n<li>galite reikalauti perduoti j\u016bs\u0173 asmens duomenis kitam duomen\u0173 valdytojui ar tiesiogiai jums;<\/li>\n\n\n\n<li>galite nesutikti su j\u016bs\u0173 asmens duomen\u0173 tvarkymo principais, jei jie tvarkomi pa\u017eeid\u017eiant teisinius reikalavimus;<br>jei j\u016bs\u0173 duomenys tvarkomi atskirai, galite bet kuriuo metu at\u0161aukti savo sutikim\u0105 tvarkyti j\u016bs\u0173 asmens duomenis kreipdamiesi adresu info@ordoline.com;<\/li>\n\n\n\n<li>jei \u012ftariate, kad j\u016bs\u0173 asmens duomenys tvarkomi neteis\u0117tai ar pa\u017eeid\u017eiant j\u016bs\u0173 teises, galite susisiekti su teisin\u0117mis institucijomis, kurios sprend\u017eia tokius klausimus, ir pateikti skund\u0105. Jei susid\u016br\u0117te su problema, \u201eOrdoline\u201c rekomenduoja susisiekti su mumis ir rasti geriausi\u0105 sprendim\u0105.<\/li>\n<\/ul>\n\n\n\n<h2 class=\"wp-block-heading\"><strong>Kontaktin\u0117 informacija<\/strong><\/h2>\n\n\n\n<p>Jei turite klausim\u0173 ar nuog\u0105stavim\u0173, susisiekite su mumis:<br>UAB Ordoline<br>Address: A. Vivulskio g. 7, Vilnius, LT-03162<br><a href=\"mailto:info@ordoline.lt\">info@ordoline.lt<\/a><br><a href=\"tel:+370 687 847 28\">+370 687 847 28<\/a><\/p>\n\n\n\n<h2 class=\"wp-block-heading\"><strong>Politikos atnaujinimas<\/strong><\/h2>\n\n\n\n<p>Pasiliekame teis\u0119 periodi\u0161kai atnaujinti ir keisti m\u016bs\u0173 privatumo politik\u0105. Informuosime jus apie visus su m\u016bs\u0173 interneto svetaine susijusius pakeitimus. Interneto svetain\u0117je besilankantys naudotojai tur\u0117t\u0173 atminti, kad naudodamiesi \u0161ia interneto svetaine jie sutinka su politikos pakeitimais.<\/p>\n","protected":false},"excerpt":{"rendered":"<p>\u0160ioje politikoje apra\u0161oma, kaip renkame ir naudojame j\u016bs\u0173 asmens duomenis jums lankantis m\u016bs\u0173 interneto svetain\u0117je pagal Bendr\u0105j\u012f duomen\u0173 apsaugos reglament\u0105 (BDAR) ir susijusius Lietuvos Respublikos duomen\u0173 apsaugos teis\u0117s aktus. Asmens duomen\u0173 tvarkymas interneto svetain\u0117je Jei apsilankote m\u016bs\u0173 interneto svetain\u0117je, \u201eOrdoline\u201c gali saugoti jums registruojantis gaunamus duomenis: IP adres\u0105, tinklo ir buvimo vietos duomenis ir kt. [&hellip;]<\/p>\n","protected":false},"author":1,"featured_media":0,"parent":0,"menu_order":0,"comment_status":"closed","ping_status":"closed","template":"template-privacy.php","meta":{"_acf_changed":false,"inline_featured_image":false,"footnotes":""},"class_list":["post-9853","page","type-page","status-publish","hentry"],"acf":[],"yoast_head":"<!-- This site is optimized with the Yoast SEO plugin v25.9 - https:\/\/yoast.com\/wordpress\/plugins\/seo\/ -->\n<title>Privatumo politika - Ordoline<\/title>\n<meta name=\"robots\" content=\"index, follow, max-snippet:-1, max-image-preview:large, max-video-preview:-1\" \/>\n<link rel=\"canonical\" href=\"https:\/\/ordoline.com\/lt\/privacy-policy\/\" \/>\n<meta property=\"og:locale\" content=\"lt_LT\" \/>\n<meta property=\"og:type\" content=\"article\" \/>\n<meta property=\"og:title\" content=\"Privatumo politika - Ordoline\" \/>\n<meta property=\"og:description\" content=\"\u0160ioje politikoje apra\u0161oma, kaip renkame ir naudojame j\u016bs\u0173 asmens duomenis jums lankantis m\u016bs\u0173 interneto svetain\u0117je pagal Bendr\u0105j\u012f duomen\u0173 apsaugos reglament\u0105 (BDAR) ir susijusius Lietuvos Respublikos duomen\u0173 apsaugos teis\u0117s aktus. Asmens duomen\u0173 tvarkymas interneto svetain\u0117je Jei apsilankote m\u016bs\u0173 interneto svetain\u0117je, \u201eOrdoline\u201c gali saugoti jums registruojantis gaunamus duomenis: IP adres\u0105, tinklo ir buvimo vietos duomenis ir kt. [&hellip;]\" \/>\n<meta property=\"og:url\" content=\"https:\/\/ordoline.com\/lt\/privacy-policy\/\" \/>\n<meta property=\"og:site_name\" content=\"Ordoline\" \/>\n<meta property=\"article:modified_time\" content=\"2025-06-19T08:46:39+00:00\" \/>\n<meta name=\"twitter:card\" content=\"summary_large_image\" \/>\n<meta name=\"twitter:label1\" content=\"Est. reading time\" \/>\n\t<meta name=\"twitter:data1\" content=\"3 minu\u010di\u0173\" \/>\n<script type=\"application\/ld+json\" class=\"yoast-schema-graph\">{\"@context\":\"https:\/\/schema.org\",\"@graph\":[{\"@type\":\"WebPage\",\"@id\":\"https:\/\/ordoline.com\/lt\/privacy-policy\/\",\"url\":\"https:\/\/ordoline.com\/lt\/privacy-policy\/\",\"name\":\"Privatumo politika - Ordoline\",\"isPartOf\":{\"@id\":\"https:\/\/ordoline.com\/lt\/#website\"},\"datePublished\":\"2023-03-30T10:32:51+00:00\",\"dateModified\":\"2025-06-19T08:46:39+00:00\",\"breadcrumb\":{\"@id\":\"https:\/\/ordoline.com\/lt\/privacy-policy\/#breadcrumb\"},\"inLanguage\":\"lt-LT\",\"potentialAction\":[{\"@type\":\"ReadAction\",\"target\":[\"https:\/\/ordoline.com\/lt\/privacy-policy\/\"]}]},{\"@type\":\"BreadcrumbList\",\"@id\":\"https:\/\/ordoline.com\/lt\/privacy-policy\/#breadcrumb\",\"itemListElement\":[{\"@type\":\"ListItem\",\"position\":1,\"name\":\"Home\",\"item\":\"https:\/\/ordoline.com\/lt\/\"},{\"@type\":\"ListItem\",\"position\":2,\"name\":\"Privatumo politika\"}]},{\"@type\":\"WebSite\",\"@id\":\"https:\/\/ordoline.com\/lt\/#website\",\"url\":\"https:\/\/ordoline.com\/lt\/\",\"name\":\"Ordoline\",\"description\":\"Confidence and predictability with every aligner case\",\"publisher\":{\"@id\":\"https:\/\/ordoline.com\/lt\/#organization\"},\"potentialAction\":[{\"@type\":\"SearchAction\",\"target\":{\"@type\":\"EntryPoint\",\"urlTemplate\":\"https:\/\/ordoline.com\/lt\/?s={search_term_string}\"},\"query-input\":{\"@type\":\"PropertyValueSpecification\",\"valueRequired\":true,\"valueName\":\"search_term_string\"}}],\"inLanguage\":\"lt-LT\"},{\"@type\":\"Organization\",\"@id\":\"https:\/\/ordoline.com\/lt\/#organization\",\"name\":\"Ordoline\",\"url\":\"https:\/\/ordoline.com\/lt\/\",\"logo\":{\"@type\":\"ImageObject\",\"inLanguage\":\"lt-LT\",\"@id\":\"https:\/\/ordoline.com\/lt\/#\/schema\/logo\/image\/\",\"url\":\"https:\/\/ordoline.com\/wp-content\/uploads\/2021\/08\/ordoline_logo-juodas-4.png\",\"contentUrl\":\"https:\/\/ordoline.com\/wp-content\/uploads\/2021\/08\/ordoline_logo-juodas-4.png\",\"width\":199,\"height\":40,\"caption\":\"Ordoline\"},\"image\":{\"@id\":\"https:\/\/ordoline.com\/lt\/#\/schema\/logo\/image\/\"}}]}<\/script>\n<!-- \/ Yoast SEO plugin. -->","yoast_head_json":{"title":"Privatumo politika - Ordoline","robots":{"index":"index","follow":"follow","max-snippet":"max-snippet:-1","max-image-preview":"max-image-preview:large","max-video-preview":"max-video-preview:-1"},"canonical":"https:\/\/ordoline.com\/lt\/privacy-policy\/","og_locale":"lt_LT","og_type":"article","og_title":"Privatumo politika - Ordoline","og_description":"\u0160ioje politikoje apra\u0161oma, kaip renkame ir naudojame j\u016bs\u0173 asmens duomenis jums lankantis m\u016bs\u0173 interneto svetain\u0117je pagal Bendr\u0105j\u012f duomen\u0173 apsaugos reglament\u0105 (BDAR) ir susijusius Lietuvos Respublikos duomen\u0173 apsaugos teis\u0117s aktus. Asmens duomen\u0173 tvarkymas interneto svetain\u0117je Jei apsilankote m\u016bs\u0173 interneto svetain\u0117je, \u201eOrdoline\u201c gali saugoti jums registruojantis gaunamus duomenis: IP adres\u0105, tinklo ir buvimo vietos duomenis ir kt. [&hellip;]","og_url":"https:\/\/ordoline.com\/lt\/privacy-policy\/","og_site_name":"Ordoline","article_modified_time":"2025-06-19T08:46:39+00:00","twitter_card":"summary_large_image","twitter_misc":{"Est. reading time":"3 minu\u010di\u0173"},"schema":{"@context":"https:\/\/schema.org","@graph":[{"@type":"WebPage","@id":"https:\/\/ordoline.com\/lt\/privacy-policy\/","url":"https:\/\/ordoline.com\/lt\/privacy-policy\/","name":"Privatumo politika - Ordoline","isPartOf":{"@id":"https:\/\/ordoline.com\/lt\/#website"},"datePublished":"2023-03-30T10:32:51+00:00","dateModified":"2025-06-19T08:46:39+00:00","breadcrumb":{"@id":"https:\/\/ordoline.com\/lt\/privacy-policy\/#breadcrumb"},"inLanguage":"lt-LT","potentialAction":[{"@type":"ReadAction","target":["https:\/\/ordoline.com\/lt\/privacy-policy\/"]}]},{"@type":"BreadcrumbList","@id":"https:\/\/ordoline.com\/lt\/privacy-policy\/#breadcrumb","itemListElement":[{"@type":"ListItem","position":1,"name":"Home","item":"https:\/\/ordoline.com\/lt\/"},{"@type":"ListItem","position":2,"name":"Privatumo politika"}]},{"@type":"WebSite","@id":"https:\/\/ordoline.com\/lt\/#website","url":"https:\/\/ordoline.com\/lt\/","name":"Ordoline","description":"Confidence and predictability with every aligner case","publisher":{"@id":"https:\/\/ordoline.com\/lt\/#organization"},"potentialAction":[{"@type":"SearchAction","target":{"@type":"EntryPoint","urlTemplate":"https:\/\/ordoline.com\/lt\/?s={search_term_string}"},"query-input":{"@type":"PropertyValueSpecification","valueRequired":true,"valueName":"search_term_string"}}],"inLanguage":"lt-LT"},{"@type":"Organization","@id":"https:\/\/ordoline.com\/lt\/#organization","name":"Ordoline","url":"https:\/\/ordoline.com\/lt\/","logo":{"@type":"ImageObject","inLanguage":"lt-LT","@id":"https:\/\/ordoline.com\/lt\/#\/schema\/logo\/image\/","url":"https:\/\/ordoline.com\/wp-content\/uploads\/2021\/08\/ordoline_logo-juodas-4.png","contentUrl":"https:\/\/ordoline.com\/wp-content\/uploads\/2021\/08\/ordoline_logo-juodas-4.png","width":199,"height":40,"caption":"Ordoline"},"image":{"@id":"https:\/\/ordoline.com\/lt\/#\/schema\/logo\/image\/"}}]}},"_links":{"self":[{"href":"https:\/\/ordoline.com\/lt\/wp-json\/wp\/v2\/pages\/9853","targetHints":{"allow":["GET"]}}],"collection":[{"href":"https:\/\/ordoline.com\/lt\/wp-json\/wp\/v2\/pages"}],"about":[{"href":"https:\/\/ordoline.com\/lt\/wp-json\/wp\/v2\/types\/page"}],"author":[{"embeddable":true,"href":"https:\/\/ordoline.com\/lt\/wp-json\/wp\/v2\/users\/1"}],"replies":[{"embeddable":true,"href":"https:\/\/ordoline.com\/lt\/wp-json\/wp\/v2\/comments?post=9853"}],"version-history":[{"count":1,"href":"https:\/\/ordoline.com\/lt\/wp-json\/wp\/v2\/pages\/9853\/revisions"}],"predecessor-version":[{"id":30511,"href":"https:\/\/ordoline.com\/lt\/wp-json\/wp\/v2\/pages\/9853\/revisions\/30511"}],"wp:attachment":[{"href":"https:\/\/ordoline.com\/lt\/wp-json\/wp\/v2\/media?parent=9853"}],"curies":[{"name":"wp","href":"https:\/\/api.w.org\/{rel}","templated":true}]}}