{"id":9852,"date":"2023-03-30T10:58:49","date_gmt":"2023-03-30T10:58:49","guid":{"rendered":"https:\/\/ordoline.com\/terms-of-service\/"},"modified":"2025-04-05T14:23:32","modified_gmt":"2025-04-05T14:23:32","slug":"terms-of-service","status":"publish","type":"page","link":"https:\/\/ordoline.com\/lt\/terms-of-service\/","title":{"rendered":"Paslaugos teikimo s\u0105lygos"},"content":{"rendered":"\n<h3 class=\"wp-block-heading\"><strong>Naudojantis \u201eOrdoline\u201c interneto svetaine privaloma laikytis toliau nurodyt\u0173 s\u0105lyg\u0173.<\/strong><\/h3>\n\n\n\n<p>Pra\u0161om per\u017ei\u016br\u0117ti toliau pateiktas s\u0105lygas, susijusias su interneto svetain\u0117s naudojimu. Gaudami, naudodami ar atsisi\u0173sdami bet koki\u0105 informacij\u0105 ir (arba) med\u017eiag\u0105 i\u0161 \u0161ios interneto svetain\u0117s sutinkate, kad privalote laikytis \u0161i\u0173 s\u0105lyg\u0173 (toliau \u2013 \u201ePaslaugos teikimo s\u0105lygos\u201c). Jei nesutinkate su \u0161iomis Paslaugos teikimo s\u0105lygomis, negalite naudotis \u0161ia interneto svetaine. \u0160ioje interneto svetain\u0117je gali b\u016bti kit\u0173 su nuosavyb\u0117s teis\u0117mis susijusi\u0173 prane\u0161im\u0173 ir su autori\u0173 teis\u0117mis susijusios informacijos, kuri\u0173 s\u0105lyg\u0173 b\u016btina laikytis.<\/p>\n\n\n\n<p>S\u0105vokos \u201ej\u016bs\u201c, \u201ejums\u201c ir \u201ej\u016bs\u0173\u201c rei\u0161kia jus, kaip asmen\u012f, kuris lankosi \u0161ioje interneto svetaine ar ja naudojasi. S\u0105vokos \u201eOrdoline\u201c, \u201emes\u201c, \u201emums\u201c ir \u201em\u016bs\u0173\u201c rei\u0161kia \u201eOrdoline\u201c.<\/p>\n\n\n\n<h2 class=\"wp-block-heading\"><strong>Medicinin\u0117s atsakomyb\u0117s ribojimo parei\u0161kimas<\/strong><\/h2>\n\n\n\n<p>Visa \u0161ioje interneto svetain\u0117je skelbiama informacija, \u012fskaitant su ortodontin\u0117mis, stomatologin\u0117mis, medicinin\u0117mis ar sveikatos b\u016bkl\u0117mis susijusi\u0105 informacij\u0105, taip pat informacij\u0105 apie produktus ir gydym\u0105, pateikiama tik informacijos tikslais. \u0160i informacija netur\u0117t\u0173 b\u016bti laikoma i\u0161samia ir ji nepakei\u010dia paciento apsilankymo, skambu\u010dio, konsultacijos su ortodontu, stomatologu ar medicinos specialistu ar tokio specialisto patarimo; taip pat ji nepakei\u010dia bet kokios ant produkto pakuot\u0117s ar etiket\u0117s ar jose pateiktos informacijos. Naudojantis \u0161ia interneto svetaine gauta informacija n\u0117ra baigtin\u0117 ir neapima vis\u0173 ortodontini\u0173 ar stomatologini\u0173 proced\u016br\u0173 ar gydymo.<br><br>\u0160ioje interneto svetain\u0117je skelbiama informacija ir visos nuorodos \u012f kitas svetaines pateikiamos tik informacijos tikslais ir n\u0117ra skirtos medicininiam patarimui d\u0117l bet kokios medicinin\u0117s b\u016bklei pateikti. Naudojantis \u0161ia interneto svetaine nesukuriamas gydytojo ir paciento ry\u0161ys.<\/p>\n\n\n\n<h2 class=\"wp-block-heading\"><strong>1. Interneto svetain\u0117s turinio naudojimas<\/strong><\/h2>\n\n\n\n<p>Remiantis \u0161iomis Paslaugos teikimo s\u0105lygomis, suteikiame jums ribot\u0105, asmenin\u0119, at\u0161aukiam\u0105, nei\u0161skirtin\u0119 ir neperduodam\u0105 licencij\u0105 naudotis \u0161ia interneto svetaine asmeniniais tikslais. \u0160ios licencijos negalima parduoti ar platinti. Sutinkate neatkurti, nedubliuoti, nekopijuoti, neparduoti, neperparduoti \u0161ioje interneto svetain\u0117je skelbiamo turinio, prieigos prie jos, taip pat nenaudoti \u0161ios interneto svetain\u0117s turinio ar prieigos prie jos jokiais komerciniais tikslais. Sutinkate nekopijuoti ir neskelbti jokiame tinklo kompiuteryje, netransliuoti jokiose \u017einiasklaidos priemon\u0117se, nenaudoti, nekeisti, neplatinti, nepublikuoti, neperduoti jokios m\u016bs\u0173 interneto svetain\u0117je rastos med\u017eiagos ir jos pagrindu nekurti joki\u0173 i\u0161vestini\u0173 darb\u0173 jokiais vie\u0161inimo ar komerciniais tikslais. Jums draud\u017eiama kokiais nors b\u016bdais keisti \u0161ioje interneto svetain\u0117je skelbiam\u0105 med\u017eiag\u0105.<br><br>I\u0161skyrus atvejus, kai ai\u0161kiai nurodyta kitaip, jokia \u0161ioje interneto svetain\u0117je skelbiama informacija negali b\u016bti laikoma numanomai, laikantis estoppel principo ar kitaip suteikian\u010dia licencij\u0105 ar teis\u0119 pagal \u201eOrdoline\u201c ar kitos tre\u010diosios \u0161alies autori\u0173, patento, preki\u0173 \u017eenklo ar kitas intelektin\u0117s nuosavyb\u0117s teises.<\/p>\n\n\n\n<h2 class=\"wp-block-heading\"><strong>2. Naudotojo elgesio taisykl\u0117s<\/strong><\/h2>\n\n\n\n<p>Sutinkate nenaudoti interneto svetain\u0117s toliau nurodytais tikslais:<\/p>\n\n\n\n<ul class=\"wp-block-list\">\n<li>skelbti ar perduoti bet koki\u0105 su \u0161ios interneto svetain\u0117s dalyku nesusijusi\u0105 med\u017eiag\u0105;<\/li>\n\n\n\n<li>pa\u017eeisti ar bandyti pa\u017eeisti taikytinus vietos, valstybinius, nacionalinius ar tarptautinius \u012fstatymus ar reglamentus;<\/li>\n\n\n\n<li>pa\u017eeisti bet kurios tre\u010diosios \u0161alies teises, \u012fskaitant, be kita ko, intelektin\u0117s nuosavyb\u0117s, sutartines, privatumo ar vie\u0161umo teises;<\/li>\n\n\n\n<li>trikdyti ar pa\u017eeisti svetain\u0119 ar per interneto svetain\u0119 pasiekiamus kompiuteri\u0173 serverius ar plok\u0161tes;<\/li>\n\n\n\n<li>s\u0105moningai, neturint leidimo ie\u0161koti informacijos apie kitiems naudotojams priklausan\u010dius failus, kitus duomenis ar slapta\u017eod\u017eius, daryti j\u0173 kopijas ar juos keisti; gauti naudotoj\u0173 vardus, el. pa\u0161to adresus ar kit\u0105 asmens informacij\u0105 bet kokiais tikslais;<\/li>\n\n\n\n<li>apsimesti kitu asmeniu, melagingai teigti ar kitaip pareik\u0161ti apie savo ry\u0161\u012f su asmeniu ar subjektu;<\/li>\n\n\n\n<li>\u0161mei\u017eti, i\u0161naudoti, g\u0105sdinti, sekti, grasinti kitiems asmenims ar kitaip pa\u017eeisti j\u0173 juridines teises (pavyzd\u017eiui, privatumo ir vie\u0161umo teises); naudoti rasistinio pob\u016bd\u017eio, etnin\u0119 diskriminacij\u0105 skatinan\u010di\u0105 ar kitaip \u012f\u017eeid\u017eian\u010di\u0105 kalb\u0105; aptarti ar si\u016blyti neteis\u0117t\u0105 veikl\u0105; naudoti netinkam\u0105 \/ nepadoraus turinio kalb\u0105, si\u016blyti \/ skelbti seksualinio pob\u016bd\u017eio nuotraukas (tikras ar imituojamas);<\/li>\n\n\n\n<li>pateikti informacij\u0105, kuri j\u016bs\u0173 \u017einiomis yra neteisinga ar klaidinanti ar kuri skatina imtis neteis\u0117tos veiklos, piratavimo ar elgesio, kuriuo siekiama i\u0161naudoti, grasinti ar kuris yra nepadorus, \u0161mei\u017eiki\u0161kas ar \u012f\u017eeid\u017eiantis;<\/li>\n\n\n\n<li>dalyvauti platinant arba sudaryti s\u0105lygas platinti neu\u017esakytus masinius lai\u0161kus ar brukal\u0105.<\/li>\n<\/ul>\n\n\n\n<p>Jei interneto svetaine naudosit\u0117s bet kuriuo i\u0161 pirma nurodyt\u0173 tiksl\u0173, \u201eOrdoline\u201c gali savo nuo\u017ei\u016bra nebeleisti jums naudotis interneto svetaine ir patraukti jus atsakomyb\u0117n \u012fstatym\u0173 nustatyta tvarka.<\/p>\n\n\n\n<h2 class=\"wp-block-heading\"><strong>3. Mok\u0117jimo informacija<\/strong><\/h2>\n\n\n\n<p>Visas kurso mokestis turi b\u016bti sumok\u0117tas ne v\u0117liau kaip 3 dienos iki kurso prad\u017eios. Jei dalyvis neapmoka viso mokes\u010dio iki \u0161io termino, kurso organizatorius pasilieka teis\u0119 at\u0161aukti dalyvio registracij\u0105 ir apie tai informuoti dalyv\u012f el. pa\u0161tu. Registracija v\u0117l galioja tik tuo atveju, jei yra laisv\u0173 viet\u0173.<\/p>\n\n\n\n<p>Dalyviai gali at\u0161aukti savo registracij\u0105 ne v\u0117liau kaip 3 dienos iki kurso prad\u017eios. Jei jie tai padaro per \u0161\u012f laikotarp\u012f, organizatorius gr\u0105\u017eins kurso mokest\u012f per 5 darbo dienas. At\u0161aukus registracij\u0105 likus 2 ar ma\u017eiau dien\u0173 iki kurso prad\u017eios, mokestis negr\u0105\u017einamas.<\/p>\n\n\n\n<h2 class=\"wp-block-heading\"><strong>4. Interneto svetain\u0117s keitimas ir u\u017edarymas<\/strong><\/h2>\n\n\n\n<p>\u201eOrdoline\u201c pasilieka teis\u0119 bet kuriuo metu ir karts nuo karto keisti interneto svetain\u0119 (arba jos dal\u012f) ar laikinai arba visam laikui j\u0105 (arba jos dal\u012f) u\u017edaryti be \u012fsp\u0117jimo. Sutinkate, kad \u201eOrdoline\u201c neprisiima atsakomyb\u0117s j\u016bs\u0173 ar bet kurios tre\u010diosios \u0161alies at\u017evilgiu d\u0117l interneto svetain\u0117s keitimo, laikino sustabdymo arba u\u017edarymo. Mes taip pat galime bet kuriuo metu be \u012fsp\u0117jimo tobulinti ir (arba) keisti \u0161ioje interneto svetain\u0117je pateikiamus produktus, paslaugas ir (arba) programas.<\/p>\n\n\n\n<h2 class=\"wp-block-heading\"><strong>5. Kitos interneto svetain\u0117s ir i\u0161tekliai<\/strong><\/h2>\n\n\n\n<p>\u0160ia interneto svetaine besinaudojan\u010dios tre\u010diosios \u0161alys gali teikti nuorodas arba suteikti prieig\u0105 prie kit\u0173 interneto svetaini\u0173 ir i\u0161tekli\u0173. Kadangi \u201eOrdoline\u201c nekontroliuoja toki\u0173 svetaini\u0173 ar i\u0161tekli\u0173, j\u016bs pripa\u017e\u012fstate ir sutinkate, kad \u201eOrdoline\u201c n\u0117ra atsakinga u\u017e toki\u0173 svetaini\u0173 ar i\u0161tekli\u0173 prieinamum\u0105, taip pat neprisiima atsakomyb\u0117s u\u017e tokiose svetain\u0117se ar i\u0161tekliuose skelbiam\u0105 ar juose esant\u012f turin\u012f, reklam\u0105, produktus ar kit\u0105 med\u017eiag\u0105 ir j\u0173 nepatvirtina. Taip pat pripa\u017e\u012fstate ir sutinkate, kad \u201eOrdoline\u201c n\u0117ra tiesiogiai ar netiesiogiai atsakinga ir neprisiima atsakomyb\u0117s u\u017e joki\u0105 \u017eal\u0105 ar nuostolius, kurie atsirado, tariamai atsirado ar yra susij\u0119 su naudojimusi ar pasikliovimu \u0161iose svetain\u0117se ar i\u0161tekliuose skelbiamu arba per juos pasiekiamu turiniu, prek\u0117mis ar interneto svetain\u0117mis.<\/p>\n\n\n\n<p><\/p>\n\n\n\n<p><\/p>\n\n\n\n<p><\/p>\n","protected":false},"excerpt":{"rendered":"<p>Naudojantis \u201eOrdoline\u201c interneto svetaine privaloma laikytis toliau nurodyt\u0173 s\u0105lyg\u0173. Pra\u0161om per\u017ei\u016br\u0117ti toliau pateiktas s\u0105lygas, susijusias su interneto svetain\u0117s naudojimu. Gaudami, naudodami ar atsisi\u0173sdami bet koki\u0105 informacij\u0105 ir (arba) med\u017eiag\u0105 i\u0161 \u0161ios interneto svetain\u0117s sutinkate, kad privalote laikytis \u0161i\u0173 s\u0105lyg\u0173 (toliau \u2013 \u201ePaslaugos teikimo s\u0105lygos\u201c). Jei nesutinkate su \u0161iomis Paslaugos teikimo s\u0105lygomis, negalite naudotis \u0161ia interneto [&hellip;]<\/p>\n","protected":false},"author":1,"featured_media":0,"parent":0,"menu_order":0,"comment_status":"closed","ping_status":"closed","template":"template-privacy.php","meta":{"_acf_changed":false,"inline_featured_image":false,"footnotes":""},"class_list":["post-9852","page","type-page","status-publish","hentry"],"acf":[],"yoast_head":"<!-- This site is optimized with the Yoast SEO plugin v25.9 - https:\/\/yoast.com\/wordpress\/plugins\/seo\/ -->\n<title>Paslaugos teikimo s\u0105lygos - Ordoline<\/title>\n<meta name=\"robots\" content=\"index, follow, max-snippet:-1, max-image-preview:large, max-video-preview:-1\" \/>\n<link rel=\"canonical\" href=\"https:\/\/ordoline.com\/lt\/terms-of-service\/\" \/>\n<meta property=\"og:locale\" content=\"lt_LT\" \/>\n<meta property=\"og:type\" content=\"article\" \/>\n<meta property=\"og:title\" content=\"Paslaugos teikimo s\u0105lygos - Ordoline\" \/>\n<meta property=\"og:description\" content=\"Naudojantis \u201eOrdoline\u201c interneto svetaine privaloma laikytis toliau nurodyt\u0173 s\u0105lyg\u0173. Pra\u0161om per\u017ei\u016br\u0117ti toliau pateiktas s\u0105lygas, susijusias su interneto svetain\u0117s naudojimu. Gaudami, naudodami ar atsisi\u0173sdami bet koki\u0105 informacij\u0105 ir (arba) med\u017eiag\u0105 i\u0161 \u0161ios interneto svetain\u0117s sutinkate, kad privalote laikytis \u0161i\u0173 s\u0105lyg\u0173 (toliau \u2013 \u201ePaslaugos teikimo s\u0105lygos\u201c). Jei nesutinkate su \u0161iomis Paslaugos teikimo s\u0105lygomis, negalite naudotis \u0161ia interneto [&hellip;]\" \/>\n<meta property=\"og:url\" content=\"https:\/\/ordoline.com\/lt\/terms-of-service\/\" \/>\n<meta property=\"og:site_name\" content=\"Ordoline\" \/>\n<meta property=\"article:modified_time\" content=\"2025-04-05T14:23:32+00:00\" \/>\n<meta name=\"twitter:card\" content=\"summary_large_image\" \/>\n<meta name=\"twitter:label1\" content=\"Est. reading time\" \/>\n\t<meta name=\"twitter:data1\" content=\"4 minu\u010di\u0173\" \/>\n<script type=\"application\/ld+json\" class=\"yoast-schema-graph\">{\"@context\":\"https:\/\/schema.org\",\"@graph\":[{\"@type\":\"WebPage\",\"@id\":\"https:\/\/ordoline.com\/lt\/terms-of-service\/\",\"url\":\"https:\/\/ordoline.com\/lt\/terms-of-service\/\",\"name\":\"Paslaugos teikimo s\u0105lygos - Ordoline\",\"isPartOf\":{\"@id\":\"https:\/\/ordoline.com\/lt\/#website\"},\"datePublished\":\"2023-03-30T10:58:49+00:00\",\"dateModified\":\"2025-04-05T14:23:32+00:00\",\"breadcrumb\":{\"@id\":\"https:\/\/ordoline.com\/lt\/terms-of-service\/#breadcrumb\"},\"inLanguage\":\"lt-LT\",\"potentialAction\":[{\"@type\":\"ReadAction\",\"target\":[\"https:\/\/ordoline.com\/lt\/terms-of-service\/\"]}]},{\"@type\":\"BreadcrumbList\",\"@id\":\"https:\/\/ordoline.com\/lt\/terms-of-service\/#breadcrumb\",\"itemListElement\":[{\"@type\":\"ListItem\",\"position\":1,\"name\":\"Home\",\"item\":\"https:\/\/ordoline.com\/lt\/\"},{\"@type\":\"ListItem\",\"position\":2,\"name\":\"Paslaugos teikimo s\u0105lygos\"}]},{\"@type\":\"WebSite\",\"@id\":\"https:\/\/ordoline.com\/lt\/#website\",\"url\":\"https:\/\/ordoline.com\/lt\/\",\"name\":\"Ordoline\",\"description\":\"Confidence and predictability with every aligner case\",\"publisher\":{\"@id\":\"https:\/\/ordoline.com\/lt\/#organization\"},\"potentialAction\":[{\"@type\":\"SearchAction\",\"target\":{\"@type\":\"EntryPoint\",\"urlTemplate\":\"https:\/\/ordoline.com\/lt\/?s={search_term_string}\"},\"query-input\":{\"@type\":\"PropertyValueSpecification\",\"valueRequired\":true,\"valueName\":\"search_term_string\"}}],\"inLanguage\":\"lt-LT\"},{\"@type\":\"Organization\",\"@id\":\"https:\/\/ordoline.com\/lt\/#organization\",\"name\":\"Ordoline\",\"url\":\"https:\/\/ordoline.com\/lt\/\",\"logo\":{\"@type\":\"ImageObject\",\"inLanguage\":\"lt-LT\",\"@id\":\"https:\/\/ordoline.com\/lt\/#\/schema\/logo\/image\/\",\"url\":\"https:\/\/ordoline.com\/wp-content\/uploads\/2021\/08\/ordoline_logo-juodas-4.png\",\"contentUrl\":\"https:\/\/ordoline.com\/wp-content\/uploads\/2021\/08\/ordoline_logo-juodas-4.png\",\"width\":199,\"height\":40,\"caption\":\"Ordoline\"},\"image\":{\"@id\":\"https:\/\/ordoline.com\/lt\/#\/schema\/logo\/image\/\"}}]}<\/script>\n<!-- \/ Yoast SEO plugin. -->","yoast_head_json":{"title":"Paslaugos teikimo s\u0105lygos - Ordoline","robots":{"index":"index","follow":"follow","max-snippet":"max-snippet:-1","max-image-preview":"max-image-preview:large","max-video-preview":"max-video-preview:-1"},"canonical":"https:\/\/ordoline.com\/lt\/terms-of-service\/","og_locale":"lt_LT","og_type":"article","og_title":"Paslaugos teikimo s\u0105lygos - Ordoline","og_description":"Naudojantis \u201eOrdoline\u201c interneto svetaine privaloma laikytis toliau nurodyt\u0173 s\u0105lyg\u0173. Pra\u0161om per\u017ei\u016br\u0117ti toliau pateiktas s\u0105lygas, susijusias su interneto svetain\u0117s naudojimu. Gaudami, naudodami ar atsisi\u0173sdami bet koki\u0105 informacij\u0105 ir (arba) med\u017eiag\u0105 i\u0161 \u0161ios interneto svetain\u0117s sutinkate, kad privalote laikytis \u0161i\u0173 s\u0105lyg\u0173 (toliau \u2013 \u201ePaslaugos teikimo s\u0105lygos\u201c). Jei nesutinkate su \u0161iomis Paslaugos teikimo s\u0105lygomis, negalite naudotis \u0161ia interneto [&hellip;]","og_url":"https:\/\/ordoline.com\/lt\/terms-of-service\/","og_site_name":"Ordoline","article_modified_time":"2025-04-05T14:23:32+00:00","twitter_card":"summary_large_image","twitter_misc":{"Est. reading time":"4 minu\u010di\u0173"},"schema":{"@context":"https:\/\/schema.org","@graph":[{"@type":"WebPage","@id":"https:\/\/ordoline.com\/lt\/terms-of-service\/","url":"https:\/\/ordoline.com\/lt\/terms-of-service\/","name":"Paslaugos teikimo s\u0105lygos - Ordoline","isPartOf":{"@id":"https:\/\/ordoline.com\/lt\/#website"},"datePublished":"2023-03-30T10:58:49+00:00","dateModified":"2025-04-05T14:23:32+00:00","breadcrumb":{"@id":"https:\/\/ordoline.com\/lt\/terms-of-service\/#breadcrumb"},"inLanguage":"lt-LT","potentialAction":[{"@type":"ReadAction","target":["https:\/\/ordoline.com\/lt\/terms-of-service\/"]}]},{"@type":"BreadcrumbList","@id":"https:\/\/ordoline.com\/lt\/terms-of-service\/#breadcrumb","itemListElement":[{"@type":"ListItem","position":1,"name":"Home","item":"https:\/\/ordoline.com\/lt\/"},{"@type":"ListItem","position":2,"name":"Paslaugos teikimo s\u0105lygos"}]},{"@type":"WebSite","@id":"https:\/\/ordoline.com\/lt\/#website","url":"https:\/\/ordoline.com\/lt\/","name":"Ordoline","description":"Confidence and predictability with every aligner case","publisher":{"@id":"https:\/\/ordoline.com\/lt\/#organization"},"potentialAction":[{"@type":"SearchAction","target":{"@type":"EntryPoint","urlTemplate":"https:\/\/ordoline.com\/lt\/?s={search_term_string}"},"query-input":{"@type":"PropertyValueSpecification","valueRequired":true,"valueName":"search_term_string"}}],"inLanguage":"lt-LT"},{"@type":"Organization","@id":"https:\/\/ordoline.com\/lt\/#organization","name":"Ordoline","url":"https:\/\/ordoline.com\/lt\/","logo":{"@type":"ImageObject","inLanguage":"lt-LT","@id":"https:\/\/ordoline.com\/lt\/#\/schema\/logo\/image\/","url":"https:\/\/ordoline.com\/wp-content\/uploads\/2021\/08\/ordoline_logo-juodas-4.png","contentUrl":"https:\/\/ordoline.com\/wp-content\/uploads\/2021\/08\/ordoline_logo-juodas-4.png","width":199,"height":40,"caption":"Ordoline"},"image":{"@id":"https:\/\/ordoline.com\/lt\/#\/schema\/logo\/image\/"}}]}},"_links":{"self":[{"href":"https:\/\/ordoline.com\/lt\/wp-json\/wp\/v2\/pages\/9852","targetHints":{"allow":["GET"]}}],"collection":[{"href":"https:\/\/ordoline.com\/lt\/wp-json\/wp\/v2\/pages"}],"about":[{"href":"https:\/\/ordoline.com\/lt\/wp-json\/wp\/v2\/types\/page"}],"author":[{"embeddable":true,"href":"https:\/\/ordoline.com\/lt\/wp-json\/wp\/v2\/users\/1"}],"replies":[{"embeddable":true,"href":"https:\/\/ordoline.com\/lt\/wp-json\/wp\/v2\/comments?post=9852"}],"version-history":[{"count":0,"href":"https:\/\/ordoline.com\/lt\/wp-json\/wp\/v2\/pages\/9852\/revisions"}],"wp:attachment":[{"href":"https:\/\/ordoline.com\/lt\/wp-json\/wp\/v2\/media?parent=9852"}],"curies":[{"name":"wp","href":"https:\/\/api.w.org\/{rel}","templated":true}]}}