{"id":10116,"date":"2021-08-17T11:20:50","date_gmt":"2021-08-17T11:20:50","guid":{"rendered":"https:\/\/ordoline.com\/privacy-policy-1\/"},"modified":"2025-05-18T18:36:07","modified_gmt":"2025-05-18T18:36:07","slug":"cookie-policy","status":"publish","type":"page","link":"https:\/\/ordoline.com\/lt\/cookie-policy\/","title":{"rendered":"Slapuk\u0173 politika"},"content":{"rendered":"\n<p><\/p>\n\n\n\n<h2 class=\"wp-block-heading\"><strong>Kas yra slapukai ir pana\u0161ios technologijos?<\/strong><\/h2>\n\n\n\n<p>Slapukas yra ma\u017eas duomen\u0173 failas, da\u017enai apimantis unikal\u0173 identifikatori\u0173, kur\u012f \u017einiatinklio serveris siun\u010dia \u012f j\u016bs\u0173 kompiuter\u012f, mobil\u0173j\u012f telefon\u0105 ar plan\u0161etin\u012f \u012frengin\u012f (\u0161ioje politikoje vadinamas \u201e\u012frenginiu\u201c, kad svetain\u0117 gal\u0117t\u0173 prisiminti tam tikr\u0105 informacij\u0105 apie j\u016bs\u0173 nar\u0161ym\u0105 svetain\u0117je). Slapukas rinks informacij\u0105, susijusi\u0105 su j\u016bs\u0173 naudojimusi m\u016bs\u0173 paslaugomis, informacij\u0105 apie j\u016bs\u0173 \u012frengin\u012f, pvz. \u012frenginio IP adresas ir nar\u0161ykl\u0117s tipas, plati vieta ir, jei \u012f m\u016bs\u0173 svetain\u0119 atvykote per nuorod\u0105 i\u0161 tre\u010diosios \u0161alies svetain\u0117s, susiejan\u010dio puslapio URL. Jei u\u017esiregistravote naudotis bet kokiomis Paslaugomis arba esate abonentas, ji taip pat gali rinkti j\u016bs\u0173 vard\u0105 ir el. pa\u0161to adres\u0105, kurie gali b\u016bti perduoti duomen\u0173 tvarkytojams registruoto vartotojo ar abonento patvirtinimo tikslais.<\/p>\n\n\n\n<p>Pana\u0161ios technologijos, \u017einomos kaip \u201evietin\u0117 saugykla\u201c, taip pat gali b\u016bti naudojamos m\u016bs\u0173 Paslaugose kaip slapuk\u0173 alternatyva. Tai technologija, kuri yra pana\u0161i \u012f slapukus ir atlieka labai pana\u0161ias funkcijas, pvz., duomen\u0173 kaupim\u0105 talpykloje, kad gal\u0117tume tobulinti savo paslaugas, leid\u017eia jums u\u017esiregistruoti naudotis m\u016bs\u0173 paslaugomis, sekti veikl\u0105, kad mes ir m\u016bs\u0173 reklamuotojai gal\u0117t\u0173 jums reklamuotis pagal \u0161i\u0105 politik\u0105, ir skai\u010diuoti \u017emoni\u0173, kurie per\u017ei\u016bri skelbimus m\u016bs\u0173 Paslaugose, skai\u010di\u0173. Kai \u0161ioje politikoje vadiname \u201eslapukus\u201c, turime omenyje slapukus ar pana\u0161ias technologijas.<\/p>\n\n\n\n<p>Slapukai \u012fra\u0161o informacij\u0105 apie j\u016bs\u0173 internetines nuostatas ir padeda mums pritaikyti Paslaugas pagal j\u016bs\u0173 interesus. Slapuk\u0173 pateikiama informacija gali pad\u0117ti mums analizuoti, kaip naudojat\u0117s m\u016bs\u0173 paslaugomis, ir suteikti jums geresn\u0119 vartotojo patirt\u012f.<\/p>\n\n\n\n<p>Be slapuk\u0173, m\u016bs\u0173 Paslaugos taip pat gali naudoti \u017einiatinklio signalus, ai\u0161kius GIF, puslapi\u0173 \u017eymas ir \u017einiatinklio klaidas. Tai vis\u0173 tip\u0173 technologijos, kurias \u012fdiegia svetain\u0117s arba tre\u010di\u0173j\u0173 \u0161ali\u0173 skelbim\u0173 serveriai, leid\u017eiantys analizuoti j\u016bs\u0173 naudojim\u0105si svetaine ir pagerinti paslaug\u0173 patirt\u012f.<\/p>\n\n\n\n<h2 class=\"wp-block-heading\"><strong>Kokie yra skirtingi slapuk\u0173 tipai?<\/strong><\/h2>\n\n\n\n<ul class=\"wp-block-list\">\n<li>Seanso slapukai&nbsp;saugomi tik j\u016bs\u0173 apsilankymo svetain\u0117je metu ir i\u0161trinami i\u0161 \u012frenginio, kai u\u017edarote nar\u0161ykl\u0119;<\/li>\n\n\n\n<li>Nuolatiniai slapukai&nbsp;i\u0161saugomi j\u016bs\u0173 \u012frenginyje nustatyt\u0105 laikotarp\u012f, kai u\u017edaroma nar\u0161ykl\u0117, ir naudojami ten, kur mums (arba tre\u010diajai \u0161aliai) reikia jus identifikuoti v\u0117lesniam nar\u0161ymo seansui.<\/li>\n\n\n\n<li>Pirmosios \u0161alies slapukus&nbsp;nustato svetain\u0117, kurioje lankot\u0117s; ir<\/li>\n\n\n\n<li>Tre\u010di\u0173j\u0173 \u0161ali\u0173 slapukai&nbsp;yra m\u016bs\u0173 Paslaugose naudojami slapukai, kuriuos nustato kitos organizacijos. Tai apima slapukus i\u0161 i\u0161orini\u0173 analiz\u0117s paslaug\u0173, kurie padeda suprasti, kaip naudojamasi m\u016bs\u0173 svetain\u0117mis, arba reklamuotoj\u0173, kad jie gal\u0117t\u0173 steb\u0117ti savo reklam\u0173 efektyvum\u0105. Taip pat i\u0161 pasirinkt\u0173 socialin\u0117s \u017einiasklaidos \u012fmoni\u0173, kad gal\u0117tum\u0117te bendrinti m\u016bs\u0173 turin\u012f su draugais ir tinklais, o tai gali tur\u0117ti \u012ftakos turiniui ir prane\u0161imams, kuriuos matote kitose lankomose svetain\u0117se.<\/li>\n<\/ul>\n\n\n\n<p><\/p>\n\n\n\n<h2 class=\"wp-block-heading\"><strong>Kam naudojami slapukai?<\/strong><\/h2>\n\n\n\n<p>Funkciniai slapukai<br>Funkciniai slapukai yra b\u016btini m\u016bs\u0173 Paslaug\u0173 veikimui. Jie naudojami norint atsiminti j\u016bs\u0173 pageidavimus m\u016bs\u0173 svetain\u0117se ir suteikti patobulint\u0173, asmeni\u0161kesni\u0173 funkcij\u0173. \u0160iais slapukais surinkta informacija paprastai yra anonimin\u0117, tod\u0117l negalime j\u016bs\u0173 identifikuoti. Funkciniai slapukai neseka j\u016bs\u0173 interneto naudojimo ir nerenka informacijos, kuri\u0105 b\u016bt\u0173 galima panaudoti parduodant reklam\u0105, ta\u010diau padeda teikti reklam\u0105. \u0160ie slapukai paprastai yra seanso slapukai, kuri\u0173 galiojimo laikas baigsis, kai u\u017edarysite nar\u0161ymo sesij\u0105.<\/p>\n\n\n\n<p>B\u016btini arba \u201eb\u016btini\u201c slapukai<br>\u0160ie slapukai yra b\u016btini m\u016bs\u0173 Paslaug\u0173 veikimui. Be \u0161i\u0173 slapuk\u0173 dalis m\u016bs\u0173 svetaini\u0173 neveiks. \u0160ie slapukai neseka, kur buvote internete, ir atsimena nuostatas po j\u016bs\u0173 dabartinio apsilankymo ir nerenka informacijos apie jus, kuri gal\u0117t\u0173 b\u016bti naudojama rinkodaros tikslais. \u0160ie slapukai paprastai yra seanso slapukai, kuri\u0173 galiojimo laikas baigsis, kai u\u017edarysite nar\u0161ymo sesij\u0105.<\/p>\n\n\n\n<p>Analitinio na\u0161umo ir matavimo slapukai<br>Analitinio na\u0161umo slapukai naudojami m\u016bs\u0173 Paslaug\u0173 veikimui steb\u0117ti, pavyzd\u017eiui, siekiant nustatyti puslapio per\u017ei\u016br\u0173 skai\u010di\u0173 ir unikali\u0173 svetain\u0117s vartotoj\u0173 skai\u010di\u0173. \u017diniatinklio analiz\u0117s paslaugas gali sukurti ir valdyti tre\u010diosios \u0161alys. \u0160i\u0173 slapuk\u0173 teikiama informacija leid\u017eia analizuoti vartotoj\u0173 elgesio modelius ir \u0161i\u0105 informacij\u0105 naudojame siekdami pagerinti vartotojo patirt\u012f arba nustatyti svetain\u0117s sritis, kurioms gali prireikti prie\u017ei\u016bros. Informacija yra anonimin\u0117 (t. y. ji negali b\u016bti naudojama j\u016bs\u0173 tapatybei nustatyti ir joje n\u0117ra asmenin\u0117s informacijos, tokios kaip j\u016bs\u0173 vardas ir el. pa\u0161to adresas) ir ji naudojama tik statistiniais tikslais.<\/p>\n\n\n\n<p>Tiksliniai arba \u201eelgesio reklamavimo\u201c slapukai<br>\u0160ie slapukai, kuriuos \u012f j\u016bs\u0173 \u012frengin\u012f galime \u012fd\u0117ti mes arba m\u016bs\u0173 patikimi tre\u010di\u0173j\u0173 \u0161ali\u0173 paslaug\u0173 teik\u0117jai, prisimena, kad lank\u0117t\u0117s svetain\u0117je ir naudoja \u0161i\u0105 informacij\u0105, kad pateikt\u0173 jums turin\u012f ar reklam\u0105, pritaikyt\u0105 j\u016bs\u0173 pom\u0117giams. Tai da\u017enai vadinama internetine elgesio reklama (OBA) ir atliekama sugrupuojant bendrus interesus pagal \u017einiatinklio nar\u0161ymo istorij\u0105. J\u016bs\u0173 \u017einiatinklio nar\u0161ymo istorija gali b\u016bti naudojama nustatant dalykus apie jus (pvz., pom\u0117gius, lyt\u012f ir t. t.), o \u0161i informacija taip pat gali b\u016bti naudojama siekiant, kad reklama svetain\u0117se b\u016bt\u0173 jums aktualesn\u0117. Be \u0161i\u0173 slapuk\u0173 turinys ir skelbimai, su kuriais susiduriate, gali b\u016bti ma\u017eiau susij\u0119 su jumis ir j\u016bs\u0173 interesais. Jei norite gauti daugiau informacijos apie OBA, \u012fskaitant tai, kaip atsisakyti \u0161i\u0173 slapuk\u0173, apsilankykite:&nbsp;http:\/\/www.youronlinechoices.com\/<\/p>\n\n\n\n<h2 class=\"wp-block-heading\">Kaip Ordoline naudoja slapukus?<\/h2>\n\n\n\n<p>\u201eOrdoline\u201c kartu su m\u016bs\u0173 patikimais partneriais naudoja slapukus kartu su kita m\u016bs\u0173 saugoma informacija \u012fvairiais tikslais, \u012fskaitant \u0161iuos:<\/p>\n\n\n\n<p>1. Esminiai ir funkciniai slapukai<br>\u0160iuos slapukus naudojame tam, kad \u012fgalintume tam tikras internetines funkcijas, \u012fskaitant:<\/p>\n\n\n\n<ul class=\"wp-block-list\">\n<li>pasiekti j\u016bs\u0173 informacij\u0105, kad gal\u0117tume pateikti jums pritaikyt\u0105 turin\u012f ir patirt\u012f, arba prisiminti paskutin\u012f puslap\u012f, kuriame lank\u0117t\u0117s m\u016bs\u0173 svetain\u0117je<\/li>\n\n\n\n<li>identifikuoti gr\u012f\u017etan\u010dius vartotojus, u\u017esiregistravusius asmenis ir prenumeratorius ir leisti jiems pateikti suasmenint\u0105 svetain\u0117s versij\u0105;<\/li>\n\n\n\n<li>panaikinti poreik\u012f gr\u012f\u017etantiems vartotojams i\u0161 naujo \u012fvesti savo prisijungimo duomenis;<\/li>\n\n\n\n<li>komentuoti m\u016bs\u0173 svetaines;<\/li>\n\n\n\n<li>remti saugumo priemones ir pad\u0117ti nustatyti galim\u0105 nes\u0105\u017eining\u0105 ar piktnaud\u017eiavimo veikl\u0105.<\/li>\n<\/ul>\n\n\n\n<p>2. Analitin\u0117s veiklos ir matavimo slapukai<\/p>\n\n\n\n<p>\u0160iuos slapukus naudojame siekdami \u012fvertinti vartotoj\u0173 elges\u012f, kad gal\u0117tume geriau pl\u0117toti savo paslaugas. Naudodamiesi tre\u010di\u0173j\u0173 \u0161ali\u0173 teikiamomis analitikos paslaugomis, pvz., Google Analytics, galime analizuoti ir matuoti, kurie puslapiai yra per\u017ei\u016brimi, kiek laiko ir kokios nuorodos yra sekamos, taip pat galime naudoti \u0161i\u0105 informacij\u0105, kad pateiktume daugiau dominan\u010dio turinio. \u0160i\u0105 analiz\u0119 taip pat naudojame siekdami prane\u0161ti apie savo veikl\u0105 ir parduoti reklam\u0105.<\/p>\n\n\n\n<p>3. Tiksliniai ir elgsenos reklamos slapukai<\/p>\n\n\n\n<ol start=\"3\" class=\"wp-block-list\">\n<li><\/li>\n<\/ol>\n\n\n\n<p>Patikimi partneriai, su kuriais bendradarbiaujame taikydami ir reklamuodami elgsen\u0105, yra tre\u010di\u0173j\u0173 \u0161ali\u0173 skelbim\u0173 serveriai, skelbim\u0173 agent\u016bros, technologij\u0173 pardav\u0117jai, reklamos turinio tiek\u0117jai, tyrim\u0173 \u012fmon\u0117s ir kitos \u012fmon\u0117s, kurios padeda mums teikti efektyvesn\u0119 reklam\u0105 ir pasi\u016blyti jums labiau suasmenint\u0105 patirt\u012f. J\u016bs\u0173 nar\u0161yklei, programai ar \u012frenginiui susisiekiant su tre\u010diosios \u0161alies serveriais, \u0161ios \u012fmon\u0117s gali rinkti informacij\u0105, \u012fskaitant j\u016bs\u0173 IP adres\u0105, puslapio antra\u0161t\u0117s informacij\u0105, nar\u0161ykl\u0117s ar \u012frenginio informacij\u0105, taip, lyg b\u016btum\u0117te papra\u0161\u0119 j\u0173 tinklalapio arba tiesiogiai naudotum\u0117te j\u0173 programas.<br>Negalime kontroliuoti ir neturime prieigos prie slapuk\u0173, kuriuos j\u016bs\u0173 kompiuteryje \u012fd\u0117jo tre\u010di\u0173j\u0173 \u0161ali\u0173 reklamuotojai ir r\u0117m\u0117jai.<\/p>\n\n\n\n<p>4. Kiti tre\u010di\u0173j\u0173 \u0161ali\u0173 slapukai<\/p>\n\n\n\n<ol start=\"4\" class=\"wp-block-list\">\n<li><\/li>\n<\/ol>\n\n\n\n<p>Kai kuriuose m\u016bs\u0173 svetaini\u0173 puslapiuose galite pasteb\u0117ti, kad buvo nustatyti slapukai, nesusij\u0119 su Ordoline. Kai lankot\u0117s puslapyje su turiniu, \u012fd\u0117tu, pavyzd\u017eiui, i\u0161 \u201eYouTube\u201c ar \u201eFacebook\u201c, \u0161ie tre\u010di\u0173j\u0173 \u0161ali\u0173 paslaug\u0173 teik\u0117jai gali nustatyti savo slapukus j\u016bs\u0173 \u012frenginyje. Future nekontroliuoja \u0161i\u0173 tre\u010di\u0173j\u0173 \u0161ali\u0173 slapuk\u0173 naudojimo ir negali j\u0173 pasiekti d\u0117l slapuk\u0173 veikimo b\u016bdo, nes prie slapuk\u0173 gali patekti tik juos i\u0161 prad\u017ei\u0173 nustatusi \u0161alis. Nor\u0117dami gauti daugiau informacijos apie \u0161iuos slapukus, apsilankykite tre\u010di\u0173j\u0173 \u0161ali\u0173 svetain\u0117se.<\/p>\n\n\n\n<p>Taip pat \u012f savo el. lai\u0161kus \u012ftraukiame \u017einiatinklio signalus, kad gal\u0117tume sekti rinkodaros kampanij\u0173 s\u0117km\u0119. Tai rei\u0161kia, kad jei atidarysite m\u016bs\u0173 el. lai\u0161k\u0105, pamatysime, kuriuose m\u016bs\u0173 svetain\u0117s puslapiuose lank\u0117t\u0117s. M\u016bs\u0173 \u017einiatinklio \u0161vyturiai nesaugo papildomos informacijos j\u016bs\u0173 \u012frenginyje, ta\u010diau, bendraudami su m\u016bs\u0173 slapukais j\u016bs\u0173 \u012frenginyje, jie gali mums prane\u0161ti, kada atidar\u0117te m\u016bs\u0173 el.<\/p>\n\n\n\n<p>Kaip vartotojai gali valdyti slapukus arba j\u0173 atsisakyti?<\/p>\n\n\n\n<p>Kai kuriems \u017emon\u0117ms id\u0117ja apie svetain\u0119, kurioje b\u016bt\u0173 saugoma informacija j\u0173 \u012frenginyje, yra \u0161iek tiek \u012fkyri, ypa\u010d kai informacij\u0105 saugo ir naudoja tre\u010dioji \u0161alis. Pavyzd\u017eiui, galite prie\u0161tarauti, kad jums b\u016bt\u0173 teikiama reklama, atitinkanti j\u016bs\u0173 pom\u0117gius, remiantis j\u016bs\u0173 nar\u0161ymo istorija. Jei nor\u0117tum\u0117te atsisakyti slapuk\u0173, galite valdyti slapukus atlikdami toliau nurodytus veiksmus, ta\u010diau tur\u0117tum\u0117te \u017einoti, kad tai padar\u0119 galite prarasti kai kurias svetain\u0117s funkcijas ir funkcionalum\u0105.<\/p>\n\n\n\n<p>Slapukai, \u012fskaitant tuos, kurie jau buvo nustatyti, gali b\u016bti i\u0161trinti i\u0161 stand\u017eiojo disko. Taip pat galite keisti nuostatas\/nustatymus savo interneto nar\u0161ykl\u0117je, kad gal\u0117tum\u0117te valdyti slapukus. Kai kurios interneto nar\u0161ykl\u0117s turi \u201eDo Not Track\u201c arba \u201eDNT\u201c nustatym\u0105; tai siun\u010dia signal\u0105 svetain\u0117ms, pra\u0161ant j\u0173 nesekti j\u016bs\u0173 nar\u0161ymo.<\/p>\n\n\n\n<p>Kai kuriais atvejais galite pasirinkti priimti slapukus i\u0161 pirmin\u0117s svetain\u0117s, bet blokuoti juos i\u0161 tre\u010di\u0173j\u0173 \u0161ali\u0173. Kitais atvejais galite blokuoti konkre\u010di\u0173 reklamuotoj\u0173 slapukus arba i\u0161valyti visus slapukus. I\u0161trynus arba u\u017eblokavus slapukus gali suma\u017e\u0117ti svetain\u0117s funkcionalumas. Nor\u0117dami su\u017einoti daugiau apie tai, kaip atmesti slapukus, apsilankykite&nbsp;http:\/\/www.allaboutcookies.org\/&nbsp;arba eikite \u012f pagalbos meniu interneto nar\u0161ykl\u0117je. Jei susiduriate su problemomis i\u0161trindami slapukus, tur\u0117tum\u0117te susisiekti su savo interneto nar\u0161ykl\u0117s tiek\u0117ju.<\/p>\n\n\n\n<p>Nor\u0117dami gauti daugiau informacijos apie tre\u010di\u0173j\u0173 \u0161ali\u0173 slapukus, kuriuos generuoja reklamuotojai, apsilankykite&nbsp;www.youronlinechoices.com.<\/p>\n\n\n\n<p>Atminkite, kad tai yra tre\u010di\u0173j\u0173 \u0161ali\u0173 svetain\u0117s ir \u201eFuture\u201c neprisiima jokios atsakomyb\u0117s u\u017e \u0161iose svetain\u0117se pateiktas instrukcijas.<\/p>\n\n\n\n<p>Galite su\u017einoti, kaip atmesti taikymo ir elgsenos reklamos slapukus, apsilank\u0119:<br>http:\/\/optout.networkadvertising.org\/?c=1#!\/<br>http:\/\/www.aboutads.info<br>http:\/\/www.youronlinechoices.eu<\/p>\n\n\n\n<p>\u017diniatinklio \u0161vyturiai<br>Paprastai \u017einiatinklio \u0161vyturius ir kitas steb\u0117jimo technologijas galite padaryti neveiksmingus, nar\u0161ykl\u0117je i\u0161jung\u0119 slapukus. Taip pat yra nar\u0161ykl\u0117s pried\u0173 ir pl\u0117tini\u0173, kurie konkre\u010diai blokuoja \u017einiatinklio \u0161vyturius. Jei prie\u0161taraujate \u017einiatinklio signalams el. lai\u0161kuose, rekomenduojame vadovautis anks\u010diau pateiktomis instrukcijomis, kaip i\u0161trinti esamus slapukus ir i\u0161jungti b\u016bsimus slapukus. Mes vis tiek \u017einosime, kiek m\u016bs\u0173 lai\u0161k\u0173 yra atidaryta, ir automati\u0161kai gausime j\u016bs\u0173 IP adres\u0105, unikal\u0173 j\u016bs\u0173 \u012frenginio ar kito prieigos \u012frenginio identifikatori\u0173; bet mes neidentifikuosime j\u016bs\u0173 kaip asmens.<\/p>\n\n\n\n<p>Daugiau informacijos ir kontaktiniai duomenys:<\/p>\n\n\n\n<p>Daugiau informacijos teiraukit\u0117s info@ordoline.lt<\/p>\n\n\n\n<h2 class=\"wp-block-heading\"><\/h2>\n\n\n\n<p><\/p>\n\n\n\n<p><\/p>\n\n\n\n<h2 class=\"wp-block-heading\"><\/h2>\n\n\n\n<p><\/p>\n\n\n\n<h2 class=\"wp-block-heading\"><\/h2>\n\n\n\n<p><\/p>\n","protected":false},"excerpt":{"rendered":"<p>Kas yra slapukai ir pana\u0161ios technologijos? Slapukas yra ma\u017eas duomen\u0173 failas, da\u017enai apimantis unikal\u0173 identifikatori\u0173, kur\u012f \u017einiatinklio serveris siun\u010dia \u012f j\u016bs\u0173 kompiuter\u012f, mobil\u0173j\u012f telefon\u0105 ar plan\u0161etin\u012f \u012frengin\u012f (\u0161ioje politikoje vadinamas \u201e\u012frenginiu\u201c, kad svetain\u0117 gal\u0117t\u0173 prisiminti tam tikr\u0105 informacij\u0105 apie j\u016bs\u0173 nar\u0161ym\u0105 svetain\u0117je). Slapukas rinks informacij\u0105, susijusi\u0105 su j\u016bs\u0173 naudojimusi m\u016bs\u0173 paslaugomis, informacij\u0105 apie j\u016bs\u0173 \u012frengin\u012f, [&hellip;]<\/p>\n","protected":false},"author":1,"featured_media":0,"parent":0,"menu_order":0,"comment_status":"closed","ping_status":"closed","template":"template-privacy.php","meta":{"_acf_changed":false,"inline_featured_image":false,"footnotes":""},"class_list":["post-10116","page","type-page","status-publish","hentry"],"acf":[],"yoast_head":"<!-- This site is optimized with the Yoast SEO plugin v25.9 - https:\/\/yoast.com\/wordpress\/plugins\/seo\/ -->\n<title>Slapuk\u0173 politika - Ordoline<\/title>\n<meta name=\"robots\" content=\"index, follow, max-snippet:-1, max-image-preview:large, max-video-preview:-1\" \/>\n<link rel=\"canonical\" href=\"https:\/\/ordoline.com\/lt\/cookie-policy\/\" \/>\n<meta property=\"og:locale\" content=\"lt_LT\" \/>\n<meta property=\"og:type\" content=\"article\" \/>\n<meta property=\"og:title\" content=\"Slapuk\u0173 politika - Ordoline\" \/>\n<meta property=\"og:description\" content=\"Kas yra slapukai ir pana\u0161ios technologijos? Slapukas yra ma\u017eas duomen\u0173 failas, da\u017enai apimantis unikal\u0173 identifikatori\u0173, kur\u012f \u017einiatinklio serveris siun\u010dia \u012f j\u016bs\u0173 kompiuter\u012f, mobil\u0173j\u012f telefon\u0105 ar plan\u0161etin\u012f \u012frengin\u012f (\u0161ioje politikoje vadinamas \u201e\u012frenginiu\u201c, kad svetain\u0117 gal\u0117t\u0173 prisiminti tam tikr\u0105 informacij\u0105 apie j\u016bs\u0173 nar\u0161ym\u0105 svetain\u0117je). Slapukas rinks informacij\u0105, susijusi\u0105 su j\u016bs\u0173 naudojimusi m\u016bs\u0173 paslaugomis, informacij\u0105 apie j\u016bs\u0173 \u012frengin\u012f, [&hellip;]\" \/>\n<meta property=\"og:url\" content=\"https:\/\/ordoline.com\/lt\/cookie-policy\/\" \/>\n<meta property=\"og:site_name\" content=\"Ordoline\" \/>\n<meta property=\"article:modified_time\" content=\"2025-05-18T18:36:07+00:00\" \/>\n<meta name=\"twitter:card\" content=\"summary_large_image\" \/>\n<meta name=\"twitter:label1\" content=\"Est. reading time\" \/>\n\t<meta name=\"twitter:data1\" content=\"7 minu\u010di\u0173\" \/>\n<script type=\"application\/ld+json\" class=\"yoast-schema-graph\">{\"@context\":\"https:\/\/schema.org\",\"@graph\":[{\"@type\":\"WebPage\",\"@id\":\"https:\/\/ordoline.com\/lt\/cookie-policy\/\",\"url\":\"https:\/\/ordoline.com\/lt\/cookie-policy\/\",\"name\":\"Slapuk\u0173 politika - Ordoline\",\"isPartOf\":{\"@id\":\"https:\/\/ordoline.com\/lt\/#website\"},\"datePublished\":\"2021-08-17T11:20:50+00:00\",\"dateModified\":\"2025-05-18T18:36:07+00:00\",\"breadcrumb\":{\"@id\":\"https:\/\/ordoline.com\/lt\/cookie-policy\/#breadcrumb\"},\"inLanguage\":\"lt-LT\",\"potentialAction\":[{\"@type\":\"ReadAction\",\"target\":[\"https:\/\/ordoline.com\/lt\/cookie-policy\/\"]}]},{\"@type\":\"BreadcrumbList\",\"@id\":\"https:\/\/ordoline.com\/lt\/cookie-policy\/#breadcrumb\",\"itemListElement\":[{\"@type\":\"ListItem\",\"position\":1,\"name\":\"Home\",\"item\":\"https:\/\/ordoline.com\/lt\/\"},{\"@type\":\"ListItem\",\"position\":2,\"name\":\"Slapuk\u0173 politika\"}]},{\"@type\":\"WebSite\",\"@id\":\"https:\/\/ordoline.com\/lt\/#website\",\"url\":\"https:\/\/ordoline.com\/lt\/\",\"name\":\"Ordoline\",\"description\":\"Confidence and predictability with every aligner case\",\"publisher\":{\"@id\":\"https:\/\/ordoline.com\/lt\/#organization\"},\"potentialAction\":[{\"@type\":\"SearchAction\",\"target\":{\"@type\":\"EntryPoint\",\"urlTemplate\":\"https:\/\/ordoline.com\/lt\/?s={search_term_string}\"},\"query-input\":{\"@type\":\"PropertyValueSpecification\",\"valueRequired\":true,\"valueName\":\"search_term_string\"}}],\"inLanguage\":\"lt-LT\"},{\"@type\":\"Organization\",\"@id\":\"https:\/\/ordoline.com\/lt\/#organization\",\"name\":\"Ordoline\",\"url\":\"https:\/\/ordoline.com\/lt\/\",\"logo\":{\"@type\":\"ImageObject\",\"inLanguage\":\"lt-LT\",\"@id\":\"https:\/\/ordoline.com\/lt\/#\/schema\/logo\/image\/\",\"url\":\"https:\/\/ordoline.com\/wp-content\/uploads\/2021\/08\/ordoline_logo-juodas-4.png\",\"contentUrl\":\"https:\/\/ordoline.com\/wp-content\/uploads\/2021\/08\/ordoline_logo-juodas-4.png\",\"width\":199,\"height\":40,\"caption\":\"Ordoline\"},\"image\":{\"@id\":\"https:\/\/ordoline.com\/lt\/#\/schema\/logo\/image\/\"}}]}<\/script>\n<!-- \/ Yoast SEO plugin. -->","yoast_head_json":{"title":"Slapuk\u0173 politika - Ordoline","robots":{"index":"index","follow":"follow","max-snippet":"max-snippet:-1","max-image-preview":"max-image-preview:large","max-video-preview":"max-video-preview:-1"},"canonical":"https:\/\/ordoline.com\/lt\/cookie-policy\/","og_locale":"lt_LT","og_type":"article","og_title":"Slapuk\u0173 politika - Ordoline","og_description":"Kas yra slapukai ir pana\u0161ios technologijos? Slapukas yra ma\u017eas duomen\u0173 failas, da\u017enai apimantis unikal\u0173 identifikatori\u0173, kur\u012f \u017einiatinklio serveris siun\u010dia \u012f j\u016bs\u0173 kompiuter\u012f, mobil\u0173j\u012f telefon\u0105 ar plan\u0161etin\u012f \u012frengin\u012f (\u0161ioje politikoje vadinamas \u201e\u012frenginiu\u201c, kad svetain\u0117 gal\u0117t\u0173 prisiminti tam tikr\u0105 informacij\u0105 apie j\u016bs\u0173 nar\u0161ym\u0105 svetain\u0117je). Slapukas rinks informacij\u0105, susijusi\u0105 su j\u016bs\u0173 naudojimusi m\u016bs\u0173 paslaugomis, informacij\u0105 apie j\u016bs\u0173 \u012frengin\u012f, [&hellip;]","og_url":"https:\/\/ordoline.com\/lt\/cookie-policy\/","og_site_name":"Ordoline","article_modified_time":"2025-05-18T18:36:07+00:00","twitter_card":"summary_large_image","twitter_misc":{"Est. reading time":"7 minu\u010di\u0173"},"schema":{"@context":"https:\/\/schema.org","@graph":[{"@type":"WebPage","@id":"https:\/\/ordoline.com\/lt\/cookie-policy\/","url":"https:\/\/ordoline.com\/lt\/cookie-policy\/","name":"Slapuk\u0173 politika - Ordoline","isPartOf":{"@id":"https:\/\/ordoline.com\/lt\/#website"},"datePublished":"2021-08-17T11:20:50+00:00","dateModified":"2025-05-18T18:36:07+00:00","breadcrumb":{"@id":"https:\/\/ordoline.com\/lt\/cookie-policy\/#breadcrumb"},"inLanguage":"lt-LT","potentialAction":[{"@type":"ReadAction","target":["https:\/\/ordoline.com\/lt\/cookie-policy\/"]}]},{"@type":"BreadcrumbList","@id":"https:\/\/ordoline.com\/lt\/cookie-policy\/#breadcrumb","itemListElement":[{"@type":"ListItem","position":1,"name":"Home","item":"https:\/\/ordoline.com\/lt\/"},{"@type":"ListItem","position":2,"name":"Slapuk\u0173 politika"}]},{"@type":"WebSite","@id":"https:\/\/ordoline.com\/lt\/#website","url":"https:\/\/ordoline.com\/lt\/","name":"Ordoline","description":"Confidence and predictability with every aligner case","publisher":{"@id":"https:\/\/ordoline.com\/lt\/#organization"},"potentialAction":[{"@type":"SearchAction","target":{"@type":"EntryPoint","urlTemplate":"https:\/\/ordoline.com\/lt\/?s={search_term_string}"},"query-input":{"@type":"PropertyValueSpecification","valueRequired":true,"valueName":"search_term_string"}}],"inLanguage":"lt-LT"},{"@type":"Organization","@id":"https:\/\/ordoline.com\/lt\/#organization","name":"Ordoline","url":"https:\/\/ordoline.com\/lt\/","logo":{"@type":"ImageObject","inLanguage":"lt-LT","@id":"https:\/\/ordoline.com\/lt\/#\/schema\/logo\/image\/","url":"https:\/\/ordoline.com\/wp-content\/uploads\/2021\/08\/ordoline_logo-juodas-4.png","contentUrl":"https:\/\/ordoline.com\/wp-content\/uploads\/2021\/08\/ordoline_logo-juodas-4.png","width":199,"height":40,"caption":"Ordoline"},"image":{"@id":"https:\/\/ordoline.com\/lt\/#\/schema\/logo\/image\/"}}]}},"_links":{"self":[{"href":"https:\/\/ordoline.com\/lt\/wp-json\/wp\/v2\/pages\/10116","targetHints":{"allow":["GET"]}}],"collection":[{"href":"https:\/\/ordoline.com\/lt\/wp-json\/wp\/v2\/pages"}],"about":[{"href":"https:\/\/ordoline.com\/lt\/wp-json\/wp\/v2\/types\/page"}],"author":[{"embeddable":true,"href":"https:\/\/ordoline.com\/lt\/wp-json\/wp\/v2\/users\/1"}],"replies":[{"embeddable":true,"href":"https:\/\/ordoline.com\/lt\/wp-json\/wp\/v2\/comments?post=10116"}],"version-history":[{"count":0,"href":"https:\/\/ordoline.com\/lt\/wp-json\/wp\/v2\/pages\/10116\/revisions"}],"wp:attachment":[{"href":"https:\/\/ordoline.com\/lt\/wp-json\/wp\/v2\/media?parent=10116"}],"curies":[{"name":"wp","href":"https:\/\/api.w.org\/{rel}","templated":true}]}}