{"id":10060,"date":"2021-08-18T08:13:05","date_gmt":"2021-08-18T08:13:05","guid":{"rendered":"https:\/\/ordoline.com\/next-generation-aligners-for-advanced-treatment-and-improved-quality-of-life-b2c\/"},"modified":"2025-06-23T10:46:09","modified_gmt":"2025-06-23T10:46:09","slug":"next-generation-aligners-for-advanced-treatment-and-improved-quality-of-life-b2c","status":"publish","type":"page","link":"https:\/\/ordoline.com\/lt\/next-generation-aligners-for-advanced-treatment-and-improved-quality-of-life-b2c\/","title":{"rendered":"Nematomas dant\u0173 tiesinimas sveikai ir gra\u017eiai \u0161ypsenai"},"content":{"rendered":"\n<p>Ordoline gydymas kapomis yra modernus, efektyvus ir moksli\u0161kai pagr\u012fstas dant\u0173 tiesinimo sprendimas, tinkantis daugeliui ortodontini\u0173 atvej\u0173. Tai apima net ir tuos atvejus, kurie anks\u010diau gal\u0117jo b\u016bti gydomi tik breketais.<\/p>\n\n\n\n<p>M\u016bs\u0173 tikslas \u2013 pad\u0117ti jums pasiekti norim\u0105 \u0161ypsen\u0105 ir kartu pagerinti ilgalaik\u0119 burnos sveikat\u0105. Naudojant pa\u017eangi\u0105 Ordoline sistem\u0105, dant\u0173 tiesinimas tampa patogus, beveik nepastebimas ir lengvai pritaikomas kasdieniam gyvenimui<\/p>\n","protected":false},"excerpt":{"rendered":"<p>Ordoline gydymas kapomis yra modernus, efektyvus ir moksli\u0161kai pagr\u012fstas dant\u0173 tiesinimo sprendimas, tinkantis daugeliui ortodontini\u0173 atvej\u0173. Tai apima net ir tuos atvejus, kurie anks\u010diau gal\u0117jo b\u016bti gydomi tik breketais. M\u016bs\u0173 tikslas \u2013 pad\u0117ti jums pasiekti norim\u0105 \u0161ypsen\u0105 ir kartu pagerinti ilgalaik\u0119 burnos sveikat\u0105. Naudojant pa\u017eangi\u0105 Ordoline sistem\u0105, dant\u0173 tiesinimas tampa patogus, beveik nepastebimas ir lengvai [&hellip;]<\/p>\n","protected":false},"author":1,"featured_media":18898,"parent":0,"menu_order":0,"comment_status":"closed","ping_status":"closed","template":"page-about-b2c.php","meta":{"_acf_changed":false,"inline_featured_image":false,"footnotes":""},"class_list":["post-10060","page","type-page","status-publish","has-post-thumbnail","hentry"],"acf":[],"yoast_head":"<!-- This site is optimized with the Yoast SEO plugin v25.9 - https:\/\/yoast.com\/wordpress\/plugins\/seo\/ -->\n<title>Nematomas dant\u0173 tiesinimas sveikai ir gra\u017eiai \u0161ypsenai - Ordoline<\/title>\n<meta name=\"robots\" content=\"index, follow, max-snippet:-1, max-image-preview:large, max-video-preview:-1\" \/>\n<link rel=\"canonical\" href=\"https:\/\/ordoline.com\/lt\/next-generation-aligners-for-advanced-treatment-and-improved-quality-of-life-b2c\/\" \/>\n<meta property=\"og:locale\" content=\"lt_LT\" \/>\n<meta property=\"og:type\" content=\"article\" \/>\n<meta property=\"og:title\" content=\"Nematomas dant\u0173 tiesinimas sveikai ir gra\u017eiai \u0161ypsenai - Ordoline\" \/>\n<meta property=\"og:description\" content=\"Ordoline gydymas kapomis yra modernus, efektyvus ir moksli\u0161kai pagr\u012fstas dant\u0173 tiesinimo sprendimas, tinkantis daugeliui ortodontini\u0173 atvej\u0173. Tai apima net ir tuos atvejus, kurie anks\u010diau gal\u0117jo b\u016bti gydomi tik breketais. M\u016bs\u0173 tikslas \u2013 pad\u0117ti jums pasiekti norim\u0105 \u0161ypsen\u0105 ir kartu pagerinti ilgalaik\u0119 burnos sveikat\u0105. Naudojant pa\u017eangi\u0105 Ordoline sistem\u0105, dant\u0173 tiesinimas tampa patogus, beveik nepastebimas ir lengvai [&hellip;]\" \/>\n<meta property=\"og:url\" content=\"https:\/\/ordoline.com\/lt\/next-generation-aligners-for-advanced-treatment-and-improved-quality-of-life-b2c\/\" \/>\n<meta property=\"og:site_name\" content=\"Ordoline\" \/>\n<meta property=\"article:modified_time\" content=\"2025-06-23T10:46:09+00:00\" \/>\n<meta property=\"og:image\" content=\"https:\/\/ordoline.com\/wp-content\/uploads\/2025\/05\/open-box-2.webp\" \/>\n\t<meta property=\"og:image:width\" content=\"708\" \/>\n\t<meta property=\"og:image:height\" content=\"869\" \/>\n\t<meta property=\"og:image:type\" content=\"image\/webp\" \/>\n<meta name=\"twitter:card\" content=\"summary_large_image\" \/>\n<meta name=\"twitter:label1\" content=\"Est. reading time\" \/>\n\t<meta name=\"twitter:data1\" content=\"1 minut\u0117\" \/>\n<script type=\"application\/ld+json\" class=\"yoast-schema-graph\">{\"@context\":\"https:\/\/schema.org\",\"@graph\":[{\"@type\":\"WebPage\",\"@id\":\"https:\/\/ordoline.com\/lt\/next-generation-aligners-for-advanced-treatment-and-improved-quality-of-life-b2c\/\",\"url\":\"https:\/\/ordoline.com\/lt\/next-generation-aligners-for-advanced-treatment-and-improved-quality-of-life-b2c\/\",\"name\":\"Nematomas dant\u0173 tiesinimas sveikai ir gra\u017eiai \u0161ypsenai - Ordoline\",\"isPartOf\":{\"@id\":\"https:\/\/ordoline.com\/lt\/#website\"},\"primaryImageOfPage\":{\"@id\":\"https:\/\/ordoline.com\/lt\/next-generation-aligners-for-advanced-treatment-and-improved-quality-of-life-b2c\/#primaryimage\"},\"image\":{\"@id\":\"https:\/\/ordoline.com\/lt\/next-generation-aligners-for-advanced-treatment-and-improved-quality-of-life-b2c\/#primaryimage\"},\"thumbnailUrl\":\"https:\/\/ordoline.com\/wp-content\/uploads\/2025\/05\/open-box-2.webp\",\"datePublished\":\"2021-08-18T08:13:05+00:00\",\"dateModified\":\"2025-06-23T10:46:09+00:00\",\"breadcrumb\":{\"@id\":\"https:\/\/ordoline.com\/lt\/next-generation-aligners-for-advanced-treatment-and-improved-quality-of-life-b2c\/#breadcrumb\"},\"inLanguage\":\"lt-LT\",\"potentialAction\":[{\"@type\":\"ReadAction\",\"target\":[\"https:\/\/ordoline.com\/lt\/next-generation-aligners-for-advanced-treatment-and-improved-quality-of-life-b2c\/\"]}]},{\"@type\":\"ImageObject\",\"inLanguage\":\"lt-LT\",\"@id\":\"https:\/\/ordoline.com\/lt\/next-generation-aligners-for-advanced-treatment-and-improved-quality-of-life-b2c\/#primaryimage\",\"url\":\"https:\/\/ordoline.com\/wp-content\/uploads\/2025\/05\/open-box-2.webp\",\"contentUrl\":\"https:\/\/ordoline.com\/wp-content\/uploads\/2025\/05\/open-box-2.webp\",\"width\":708,\"height\":869},{\"@type\":\"BreadcrumbList\",\"@id\":\"https:\/\/ordoline.com\/lt\/next-generation-aligners-for-advanced-treatment-and-improved-quality-of-life-b2c\/#breadcrumb\",\"itemListElement\":[{\"@type\":\"ListItem\",\"position\":1,\"name\":\"Home\",\"item\":\"https:\/\/ordoline.com\/lt\/\"},{\"@type\":\"ListItem\",\"position\":2,\"name\":\"Nematomas dant\u0173 tiesinimas sveikai ir gra\u017eiai \u0161ypsenai\"}]},{\"@type\":\"WebSite\",\"@id\":\"https:\/\/ordoline.com\/lt\/#website\",\"url\":\"https:\/\/ordoline.com\/lt\/\",\"name\":\"Ordoline\",\"description\":\"Confidence and predictability with every aligner case\",\"publisher\":{\"@id\":\"https:\/\/ordoline.com\/lt\/#organization\"},\"potentialAction\":[{\"@type\":\"SearchAction\",\"target\":{\"@type\":\"EntryPoint\",\"urlTemplate\":\"https:\/\/ordoline.com\/lt\/?s={search_term_string}\"},\"query-input\":{\"@type\":\"PropertyValueSpecification\",\"valueRequired\":true,\"valueName\":\"search_term_string\"}}],\"inLanguage\":\"lt-LT\"},{\"@type\":\"Organization\",\"@id\":\"https:\/\/ordoline.com\/lt\/#organization\",\"name\":\"Ordoline\",\"url\":\"https:\/\/ordoline.com\/lt\/\",\"logo\":{\"@type\":\"ImageObject\",\"inLanguage\":\"lt-LT\",\"@id\":\"https:\/\/ordoline.com\/lt\/#\/schema\/logo\/image\/\",\"url\":\"https:\/\/ordoline.com\/wp-content\/uploads\/2021\/08\/ordoline_logo-juodas-4.png\",\"contentUrl\":\"https:\/\/ordoline.com\/wp-content\/uploads\/2021\/08\/ordoline_logo-juodas-4.png\",\"width\":199,\"height\":40,\"caption\":\"Ordoline\"},\"image\":{\"@id\":\"https:\/\/ordoline.com\/lt\/#\/schema\/logo\/image\/\"}}]}<\/script>\n<!-- \/ Yoast SEO plugin. -->","yoast_head_json":{"title":"Nematomas dant\u0173 tiesinimas sveikai ir gra\u017eiai \u0161ypsenai - Ordoline","robots":{"index":"index","follow":"follow","max-snippet":"max-snippet:-1","max-image-preview":"max-image-preview:large","max-video-preview":"max-video-preview:-1"},"canonical":"https:\/\/ordoline.com\/lt\/next-generation-aligners-for-advanced-treatment-and-improved-quality-of-life-b2c\/","og_locale":"lt_LT","og_type":"article","og_title":"Nematomas dant\u0173 tiesinimas sveikai ir gra\u017eiai \u0161ypsenai - Ordoline","og_description":"Ordoline gydymas kapomis yra modernus, efektyvus ir moksli\u0161kai pagr\u012fstas dant\u0173 tiesinimo sprendimas, tinkantis daugeliui ortodontini\u0173 atvej\u0173. Tai apima net ir tuos atvejus, kurie anks\u010diau gal\u0117jo b\u016bti gydomi tik breketais. M\u016bs\u0173 tikslas \u2013 pad\u0117ti jums pasiekti norim\u0105 \u0161ypsen\u0105 ir kartu pagerinti ilgalaik\u0119 burnos sveikat\u0105. Naudojant pa\u017eangi\u0105 Ordoline sistem\u0105, dant\u0173 tiesinimas tampa patogus, beveik nepastebimas ir lengvai [&hellip;]","og_url":"https:\/\/ordoline.com\/lt\/next-generation-aligners-for-advanced-treatment-and-improved-quality-of-life-b2c\/","og_site_name":"Ordoline","article_modified_time":"2025-06-23T10:46:09+00:00","og_image":[{"width":708,"height":869,"url":"https:\/\/ordoline.com\/wp-content\/uploads\/2025\/05\/open-box-2.webp","type":"image\/webp"}],"twitter_card":"summary_large_image","twitter_misc":{"Est. reading time":"1 minut\u0117"},"schema":{"@context":"https:\/\/schema.org","@graph":[{"@type":"WebPage","@id":"https:\/\/ordoline.com\/lt\/next-generation-aligners-for-advanced-treatment-and-improved-quality-of-life-b2c\/","url":"https:\/\/ordoline.com\/lt\/next-generation-aligners-for-advanced-treatment-and-improved-quality-of-life-b2c\/","name":"Nematomas dant\u0173 tiesinimas sveikai ir gra\u017eiai \u0161ypsenai - Ordoline","isPartOf":{"@id":"https:\/\/ordoline.com\/lt\/#website"},"primaryImageOfPage":{"@id":"https:\/\/ordoline.com\/lt\/next-generation-aligners-for-advanced-treatment-and-improved-quality-of-life-b2c\/#primaryimage"},"image":{"@id":"https:\/\/ordoline.com\/lt\/next-generation-aligners-for-advanced-treatment-and-improved-quality-of-life-b2c\/#primaryimage"},"thumbnailUrl":"https:\/\/ordoline.com\/wp-content\/uploads\/2025\/05\/open-box-2.webp","datePublished":"2021-08-18T08:13:05+00:00","dateModified":"2025-06-23T10:46:09+00:00","breadcrumb":{"@id":"https:\/\/ordoline.com\/lt\/next-generation-aligners-for-advanced-treatment-and-improved-quality-of-life-b2c\/#breadcrumb"},"inLanguage":"lt-LT","potentialAction":[{"@type":"ReadAction","target":["https:\/\/ordoline.com\/lt\/next-generation-aligners-for-advanced-treatment-and-improved-quality-of-life-b2c\/"]}]},{"@type":"ImageObject","inLanguage":"lt-LT","@id":"https:\/\/ordoline.com\/lt\/next-generation-aligners-for-advanced-treatment-and-improved-quality-of-life-b2c\/#primaryimage","url":"https:\/\/ordoline.com\/wp-content\/uploads\/2025\/05\/open-box-2.webp","contentUrl":"https:\/\/ordoline.com\/wp-content\/uploads\/2025\/05\/open-box-2.webp","width":708,"height":869},{"@type":"BreadcrumbList","@id":"https:\/\/ordoline.com\/lt\/next-generation-aligners-for-advanced-treatment-and-improved-quality-of-life-b2c\/#breadcrumb","itemListElement":[{"@type":"ListItem","position":1,"name":"Home","item":"https:\/\/ordoline.com\/lt\/"},{"@type":"ListItem","position":2,"name":"Nematomas dant\u0173 tiesinimas sveikai ir gra\u017eiai \u0161ypsenai"}]},{"@type":"WebSite","@id":"https:\/\/ordoline.com\/lt\/#website","url":"https:\/\/ordoline.com\/lt\/","name":"Ordoline","description":"Confidence and predictability with every aligner case","publisher":{"@id":"https:\/\/ordoline.com\/lt\/#organization"},"potentialAction":[{"@type":"SearchAction","target":{"@type":"EntryPoint","urlTemplate":"https:\/\/ordoline.com\/lt\/?s={search_term_string}"},"query-input":{"@type":"PropertyValueSpecification","valueRequired":true,"valueName":"search_term_string"}}],"inLanguage":"lt-LT"},{"@type":"Organization","@id":"https:\/\/ordoline.com\/lt\/#organization","name":"Ordoline","url":"https:\/\/ordoline.com\/lt\/","logo":{"@type":"ImageObject","inLanguage":"lt-LT","@id":"https:\/\/ordoline.com\/lt\/#\/schema\/logo\/image\/","url":"https:\/\/ordoline.com\/wp-content\/uploads\/2021\/08\/ordoline_logo-juodas-4.png","contentUrl":"https:\/\/ordoline.com\/wp-content\/uploads\/2021\/08\/ordoline_logo-juodas-4.png","width":199,"height":40,"caption":"Ordoline"},"image":{"@id":"https:\/\/ordoline.com\/lt\/#\/schema\/logo\/image\/"}}]}},"_links":{"self":[{"href":"https:\/\/ordoline.com\/lt\/wp-json\/wp\/v2\/pages\/10060","targetHints":{"allow":["GET"]}}],"collection":[{"href":"https:\/\/ordoline.com\/lt\/wp-json\/wp\/v2\/pages"}],"about":[{"href":"https:\/\/ordoline.com\/lt\/wp-json\/wp\/v2\/types\/page"}],"author":[{"embeddable":true,"href":"https:\/\/ordoline.com\/lt\/wp-json\/wp\/v2\/users\/1"}],"replies":[{"embeddable":true,"href":"https:\/\/ordoline.com\/lt\/wp-json\/wp\/v2\/comments?post=10060"}],"version-history":[{"count":3,"href":"https:\/\/ordoline.com\/lt\/wp-json\/wp\/v2\/pages\/10060\/revisions"}],"predecessor-version":[{"id":30793,"href":"https:\/\/ordoline.com\/lt\/wp-json\/wp\/v2\/pages\/10060\/revisions\/30793"}],"wp:featuredmedia":[{"embeddable":true,"href":"https:\/\/ordoline.com\/lt\/wp-json\/wp\/v2\/media\/18898"}],"wp:attachment":[{"href":"https:\/\/ordoline.com\/lt\/wp-json\/wp\/v2\/media?parent=10060"}],"curies":[{"name":"wp","href":"https:\/\/api.w.org\/{rel}","templated":true}]}}