{"id":10057,"date":"2021-08-18T09:33:12","date_gmt":"2021-08-18T09:33:12","guid":{"rendered":"https:\/\/ordoline.com\/treatment-process-b2c\/"},"modified":"2025-05-20T05:38:51","modified_gmt":"2025-05-20T05:38:51","slug":"treatment-process-b2c","status":"publish","type":"page","link":"https:\/\/ordoline.com\/lt\/treatment-process-b2c\/","title":{"rendered":"Gydymo rezultatai kuriais galite pasitik\u0117ti"},"content":{"rendered":"\n<p>Ordoline pak\u0117l\u0117 kap\u0173 gydym\u0105 \u012f nauj\u0105 lyg\u012f \u2013 pad\u0117dama \u017emon\u0117ms bet kokio am\u017eiaus pasiekti sveikas, gra\u017eias \u0161ypsenas su dideliu gydymo tikslumu ir klini\u0161kai \u012frodytais rezultatais. Nuo nedideli\u0173 korekcij\u0173 iki sud\u0117ting\u0173 ortodontini\u0173 atvej\u0173 m\u016bs\u0173 sistema u\u017etikrina nusp\u0117jamus rezultatus.<\/p>\n","protected":false},"excerpt":{"rendered":"<p>Ordoline pak\u0117l\u0117 kap\u0173 gydym\u0105 \u012f nauj\u0105 lyg\u012f \u2013 pad\u0117dama \u017emon\u0117ms bet kokio am\u017eiaus pasiekti sveikas, gra\u017eias \u0161ypsenas su dideliu gydymo tikslumu ir klini\u0161kai \u012frodytais rezultatais. Nuo nedideli\u0173 korekcij\u0173 iki sud\u0117ting\u0173 ortodontini\u0173 atvej\u0173 m\u016bs\u0173 sistema u\u017etikrina nusp\u0117jamus rezultatus.<\/p>\n","protected":false},"author":1,"featured_media":0,"parent":0,"menu_order":0,"comment_status":"closed","ping_status":"closed","template":"page-treatment-b2c.php","meta":{"_acf_changed":false,"inline_featured_image":false,"footnotes":""},"class_list":["post-10057","page","type-page","status-publish","hentry"],"acf":[],"yoast_head":"<!-- This site is optimized with the Yoast SEO plugin v25.9 - https:\/\/yoast.com\/wordpress\/plugins\/seo\/ -->\n<title>Gydymo rezultatai kuriais galite pasitik\u0117ti - Ordoline<\/title>\n<meta name=\"robots\" content=\"index, follow, max-snippet:-1, max-image-preview:large, max-video-preview:-1\" \/>\n<link rel=\"canonical\" href=\"https:\/\/ordoline.com\/lt\/treatment-process-b2c\/\" \/>\n<meta property=\"og:locale\" content=\"lt_LT\" \/>\n<meta property=\"og:type\" content=\"article\" \/>\n<meta property=\"og:title\" content=\"Gydymo rezultatai kuriais galite pasitik\u0117ti - Ordoline\" \/>\n<meta property=\"og:description\" content=\"Ordoline pak\u0117l\u0117 kap\u0173 gydym\u0105 \u012f nauj\u0105 lyg\u012f \u2013 pad\u0117dama \u017emon\u0117ms bet kokio am\u017eiaus pasiekti sveikas, gra\u017eias \u0161ypsenas su dideliu gydymo tikslumu ir klini\u0161kai \u012frodytais rezultatais. Nuo nedideli\u0173 korekcij\u0173 iki sud\u0117ting\u0173 ortodontini\u0173 atvej\u0173 m\u016bs\u0173 sistema u\u017etikrina nusp\u0117jamus rezultatus.\" \/>\n<meta property=\"og:url\" content=\"https:\/\/ordoline.com\/lt\/treatment-process-b2c\/\" \/>\n<meta property=\"og:site_name\" content=\"Ordoline\" \/>\n<meta property=\"article:modified_time\" content=\"2025-05-20T05:38:51+00:00\" \/>\n<meta name=\"twitter:card\" content=\"summary_large_image\" \/>\n<meta name=\"twitter:label1\" content=\"Est. reading time\" \/>\n\t<meta name=\"twitter:data1\" content=\"1 minut\u0117\" \/>\n<script type=\"application\/ld+json\" class=\"yoast-schema-graph\">{\"@context\":\"https:\/\/schema.org\",\"@graph\":[{\"@type\":\"WebPage\",\"@id\":\"https:\/\/ordoline.com\/lt\/treatment-process-b2c\/\",\"url\":\"https:\/\/ordoline.com\/lt\/treatment-process-b2c\/\",\"name\":\"Gydymo rezultatai kuriais galite pasitik\u0117ti - Ordoline\",\"isPartOf\":{\"@id\":\"https:\/\/ordoline.com\/lt\/#website\"},\"datePublished\":\"2021-08-18T09:33:12+00:00\",\"dateModified\":\"2025-05-20T05:38:51+00:00\",\"breadcrumb\":{\"@id\":\"https:\/\/ordoline.com\/lt\/treatment-process-b2c\/#breadcrumb\"},\"inLanguage\":\"lt-LT\",\"potentialAction\":[{\"@type\":\"ReadAction\",\"target\":[\"https:\/\/ordoline.com\/lt\/treatment-process-b2c\/\"]}]},{\"@type\":\"BreadcrumbList\",\"@id\":\"https:\/\/ordoline.com\/lt\/treatment-process-b2c\/#breadcrumb\",\"itemListElement\":[{\"@type\":\"ListItem\",\"position\":1,\"name\":\"Home\",\"item\":\"https:\/\/ordoline.com\/lt\/\"},{\"@type\":\"ListItem\",\"position\":2,\"name\":\"Gydymo rezultatai kuriais galite pasitik\u0117ti\"}]},{\"@type\":\"WebSite\",\"@id\":\"https:\/\/ordoline.com\/lt\/#website\",\"url\":\"https:\/\/ordoline.com\/lt\/\",\"name\":\"Ordoline\",\"description\":\"Confidence and predictability with every aligner case\",\"publisher\":{\"@id\":\"https:\/\/ordoline.com\/lt\/#organization\"},\"potentialAction\":[{\"@type\":\"SearchAction\",\"target\":{\"@type\":\"EntryPoint\",\"urlTemplate\":\"https:\/\/ordoline.com\/lt\/?s={search_term_string}\"},\"query-input\":{\"@type\":\"PropertyValueSpecification\",\"valueRequired\":true,\"valueName\":\"search_term_string\"}}],\"inLanguage\":\"lt-LT\"},{\"@type\":\"Organization\",\"@id\":\"https:\/\/ordoline.com\/lt\/#organization\",\"name\":\"Ordoline\",\"url\":\"https:\/\/ordoline.com\/lt\/\",\"logo\":{\"@type\":\"ImageObject\",\"inLanguage\":\"lt-LT\",\"@id\":\"https:\/\/ordoline.com\/lt\/#\/schema\/logo\/image\/\",\"url\":\"https:\/\/ordoline.com\/wp-content\/uploads\/2021\/08\/ordoline_logo-juodas-4.png\",\"contentUrl\":\"https:\/\/ordoline.com\/wp-content\/uploads\/2021\/08\/ordoline_logo-juodas-4.png\",\"width\":199,\"height\":40,\"caption\":\"Ordoline\"},\"image\":{\"@id\":\"https:\/\/ordoline.com\/lt\/#\/schema\/logo\/image\/\"}}]}<\/script>\n<!-- \/ Yoast SEO plugin. -->","yoast_head_json":{"title":"Gydymo rezultatai kuriais galite pasitik\u0117ti - Ordoline","robots":{"index":"index","follow":"follow","max-snippet":"max-snippet:-1","max-image-preview":"max-image-preview:large","max-video-preview":"max-video-preview:-1"},"canonical":"https:\/\/ordoline.com\/lt\/treatment-process-b2c\/","og_locale":"lt_LT","og_type":"article","og_title":"Gydymo rezultatai kuriais galite pasitik\u0117ti - Ordoline","og_description":"Ordoline pak\u0117l\u0117 kap\u0173 gydym\u0105 \u012f nauj\u0105 lyg\u012f \u2013 pad\u0117dama \u017emon\u0117ms bet kokio am\u017eiaus pasiekti sveikas, gra\u017eias \u0161ypsenas su dideliu gydymo tikslumu ir klini\u0161kai \u012frodytais rezultatais. Nuo nedideli\u0173 korekcij\u0173 iki sud\u0117ting\u0173 ortodontini\u0173 atvej\u0173 m\u016bs\u0173 sistema u\u017etikrina nusp\u0117jamus rezultatus.","og_url":"https:\/\/ordoline.com\/lt\/treatment-process-b2c\/","og_site_name":"Ordoline","article_modified_time":"2025-05-20T05:38:51+00:00","twitter_card":"summary_large_image","twitter_misc":{"Est. reading time":"1 minut\u0117"},"schema":{"@context":"https:\/\/schema.org","@graph":[{"@type":"WebPage","@id":"https:\/\/ordoline.com\/lt\/treatment-process-b2c\/","url":"https:\/\/ordoline.com\/lt\/treatment-process-b2c\/","name":"Gydymo rezultatai kuriais galite pasitik\u0117ti - Ordoline","isPartOf":{"@id":"https:\/\/ordoline.com\/lt\/#website"},"datePublished":"2021-08-18T09:33:12+00:00","dateModified":"2025-05-20T05:38:51+00:00","breadcrumb":{"@id":"https:\/\/ordoline.com\/lt\/treatment-process-b2c\/#breadcrumb"},"inLanguage":"lt-LT","potentialAction":[{"@type":"ReadAction","target":["https:\/\/ordoline.com\/lt\/treatment-process-b2c\/"]}]},{"@type":"BreadcrumbList","@id":"https:\/\/ordoline.com\/lt\/treatment-process-b2c\/#breadcrumb","itemListElement":[{"@type":"ListItem","position":1,"name":"Home","item":"https:\/\/ordoline.com\/lt\/"},{"@type":"ListItem","position":2,"name":"Gydymo rezultatai kuriais galite pasitik\u0117ti"}]},{"@type":"WebSite","@id":"https:\/\/ordoline.com\/lt\/#website","url":"https:\/\/ordoline.com\/lt\/","name":"Ordoline","description":"Confidence and predictability with every aligner case","publisher":{"@id":"https:\/\/ordoline.com\/lt\/#organization"},"potentialAction":[{"@type":"SearchAction","target":{"@type":"EntryPoint","urlTemplate":"https:\/\/ordoline.com\/lt\/?s={search_term_string}"},"query-input":{"@type":"PropertyValueSpecification","valueRequired":true,"valueName":"search_term_string"}}],"inLanguage":"lt-LT"},{"@type":"Organization","@id":"https:\/\/ordoline.com\/lt\/#organization","name":"Ordoline","url":"https:\/\/ordoline.com\/lt\/","logo":{"@type":"ImageObject","inLanguage":"lt-LT","@id":"https:\/\/ordoline.com\/lt\/#\/schema\/logo\/image\/","url":"https:\/\/ordoline.com\/wp-content\/uploads\/2021\/08\/ordoline_logo-juodas-4.png","contentUrl":"https:\/\/ordoline.com\/wp-content\/uploads\/2021\/08\/ordoline_logo-juodas-4.png","width":199,"height":40,"caption":"Ordoline"},"image":{"@id":"https:\/\/ordoline.com\/lt\/#\/schema\/logo\/image\/"}}]}},"_links":{"self":[{"href":"https:\/\/ordoline.com\/lt\/wp-json\/wp\/v2\/pages\/10057","targetHints":{"allow":["GET"]}}],"collection":[{"href":"https:\/\/ordoline.com\/lt\/wp-json\/wp\/v2\/pages"}],"about":[{"href":"https:\/\/ordoline.com\/lt\/wp-json\/wp\/v2\/types\/page"}],"author":[{"embeddable":true,"href":"https:\/\/ordoline.com\/lt\/wp-json\/wp\/v2\/users\/1"}],"replies":[{"embeddable":true,"href":"https:\/\/ordoline.com\/lt\/wp-json\/wp\/v2\/comments?post=10057"}],"version-history":[{"count":0,"href":"https:\/\/ordoline.com\/lt\/wp-json\/wp\/v2\/pages\/10057\/revisions"}],"wp:attachment":[{"href":"https:\/\/ordoline.com\/lt\/wp-json\/wp\/v2\/media?parent=10057"}],"curies":[{"name":"wp","href":"https:\/\/api.w.org\/{rel}","templated":true}]}}