{"id":38447,"date":"2021-08-18T08:13:05","date_gmt":"2021-08-18T08:13:05","guid":{"rendered":"https:\/\/ordoline.com\/next-generation-aligners-for-advanced-treatment-and-improved-quality-of-life-b2c\/"},"modified":"2025-09-05T15:12:38","modified_gmt":"2025-09-05T15:12:38","slug":"next-generation-aligners-for-advanced-treatment-and-improved-quality-of-life-b2c","status":"publish","type":"page","link":"https:\/\/ordoline.com\/is\/next-generation-aligners-for-advanced-treatment-and-improved-quality-of-life-b2c\/","title":{"rendered":"\u00d3s\u00fdnileg tannar\u00e9tting fyrir heilbrig\u00f0an og fallegan bros"},"content":{"rendered":"\n<p>Ordoline r\u00e9ttt\u00e6kjame\u00f0fer\u00f0 er n\u00fat\u00edmaleg, \u00e1rangursr\u00edk og v\u00edsindalega s\u00f6nnu\u00f0 lausn til a\u00f0 r\u00e9tta tennur \u00ed flestum m\u00e1lum \u00ed tannr\u00e9ttingum. \u00deetta n\u00e6r einnig til \u00feeirra tilfella sem \u00e1\u00f0ur var a\u00f0eins h\u00e6gt a\u00f0 me\u00f0h\u00f6ndla me\u00f0 tannr\u00e9ttingart\u00e6kjum.<\/p>\n\n\n\n<p><br>Markmi\u00f0 okkar er a\u00f0 hj\u00e1lpa \u00fe\u00e9r a\u00f0 n\u00e1 brosinu sem \u00fe\u00fa vilt \u00e1 sama t\u00edma og vi\u00f0 b\u00e6tum langt\u00edma munnheilbrig\u00f0i. Me\u00f0 h\u00e1\u00fer\u00f3u\u00f0u kerfi Ordoline er tannar\u00e9tting \u00fe\u00e6gileg, n\u00e1nast \u00f3s\u00fdnileg og passar inn \u00ed daglegt l\u00edf \u00feitt.<\/p>\n","protected":false},"excerpt":{"rendered":"<p>Ordoline r\u00e9ttt\u00e6kjame\u00f0fer\u00f0 er n\u00fat\u00edmaleg, \u00e1rangursr\u00edk og v\u00edsindalega s\u00f6nnu\u00f0 lausn til a\u00f0 r\u00e9tta tennur \u00ed flestum m\u00e1lum \u00ed tannr\u00e9ttingum. \u00deetta n\u00e6r einnig til \u00feeirra tilfella sem \u00e1\u00f0ur var a\u00f0eins h\u00e6gt a\u00f0 me\u00f0h\u00f6ndla me\u00f0 tannr\u00e9ttingart\u00e6kjum. Markmi\u00f0 okkar er a\u00f0 hj\u00e1lpa \u00fe\u00e9r a\u00f0 n\u00e1 brosinu sem \u00fe\u00fa vilt \u00e1 sama t\u00edma og vi\u00f0 b\u00e6tum langt\u00edma munnheilbrig\u00f0i. Me\u00f0 h\u00e1\u00fer\u00f3u\u00f0u [&hellip;]<\/p>\n","protected":false},"author":1,"featured_media":38449,"parent":0,"menu_order":0,"comment_status":"closed","ping_status":"closed","template":"page-about-b2c.php","meta":{"_acf_changed":false,"inline_featured_image":false,"footnotes":""},"class_list":["post-38447","page","type-page","status-publish","has-post-thumbnail","hentry"],"acf":[],"yoast_head":"<!-- This site is optimized with the Yoast SEO plugin v25.9 - https:\/\/yoast.com\/wordpress\/plugins\/seo\/ -->\n<title>\u00d3s\u00fdnileg tannar\u00e9tting fyrir heilbrig\u00f0an og fallegan bros - Ordoline<\/title>\n<meta name=\"robots\" content=\"index, follow, max-snippet:-1, max-image-preview:large, max-video-preview:-1\" \/>\n<link rel=\"canonical\" href=\"https:\/\/ordoline.com\/is\/next-generation-aligners-for-advanced-treatment-and-improved-quality-of-life-b2c\/\" \/>\n<meta property=\"og:locale\" content=\"is_IS\" \/>\n<meta property=\"og:type\" content=\"article\" \/>\n<meta property=\"og:title\" content=\"\u00d3s\u00fdnileg tannar\u00e9tting fyrir heilbrig\u00f0an og fallegan bros - Ordoline\" \/>\n<meta property=\"og:description\" content=\"Ordoline r\u00e9ttt\u00e6kjame\u00f0fer\u00f0 er n\u00fat\u00edmaleg, \u00e1rangursr\u00edk og v\u00edsindalega s\u00f6nnu\u00f0 lausn til a\u00f0 r\u00e9tta tennur \u00ed flestum m\u00e1lum \u00ed tannr\u00e9ttingum. \u00deetta n\u00e6r einnig til \u00feeirra tilfella sem \u00e1\u00f0ur var a\u00f0eins h\u00e6gt a\u00f0 me\u00f0h\u00f6ndla me\u00f0 tannr\u00e9ttingart\u00e6kjum. Markmi\u00f0 okkar er a\u00f0 hj\u00e1lpa \u00fe\u00e9r a\u00f0 n\u00e1 brosinu sem \u00fe\u00fa vilt \u00e1 sama t\u00edma og vi\u00f0 b\u00e6tum langt\u00edma munnheilbrig\u00f0i. Me\u00f0 h\u00e1\u00fer\u00f3u\u00f0u [&hellip;]\" \/>\n<meta property=\"og:url\" content=\"https:\/\/ordoline.com\/is\/next-generation-aligners-for-advanced-treatment-and-improved-quality-of-life-b2c\/\" \/>\n<meta property=\"og:site_name\" content=\"Ordoline\" \/>\n<meta property=\"article:modified_time\" content=\"2025-09-05T15:12:38+00:00\" \/>\n<meta property=\"og:image\" content=\"https:\/\/ordoline.com\/wp-content\/uploads\/2025\/05\/open-box-2.webp\" \/>\n\t<meta property=\"og:image:width\" content=\"708\" \/>\n\t<meta property=\"og:image:height\" content=\"869\" \/>\n\t<meta property=\"og:image:type\" content=\"image\/webp\" \/>\n<meta name=\"twitter:card\" content=\"summary_large_image\" \/>\n<meta name=\"twitter:label1\" content=\"Est. reading time\" \/>\n\t<meta name=\"twitter:data1\" content=\"1 minute\" \/>\n<script type=\"application\/ld+json\" class=\"yoast-schema-graph\">{\"@context\":\"https:\/\/schema.org\",\"@graph\":[{\"@type\":\"WebPage\",\"@id\":\"https:\/\/ordoline.com\/is\/next-generation-aligners-for-advanced-treatment-and-improved-quality-of-life-b2c\/\",\"url\":\"https:\/\/ordoline.com\/is\/next-generation-aligners-for-advanced-treatment-and-improved-quality-of-life-b2c\/\",\"name\":\"\u00d3s\u00fdnileg tannar\u00e9tting fyrir heilbrig\u00f0an og fallegan bros - Ordoline\",\"isPartOf\":{\"@id\":\"https:\/\/ordoline.com\/is\/#website\"},\"primaryImageOfPage\":{\"@id\":\"https:\/\/ordoline.com\/is\/next-generation-aligners-for-advanced-treatment-and-improved-quality-of-life-b2c\/#primaryimage\"},\"image\":{\"@id\":\"https:\/\/ordoline.com\/is\/next-generation-aligners-for-advanced-treatment-and-improved-quality-of-life-b2c\/#primaryimage\"},\"thumbnailUrl\":\"https:\/\/ordoline.com\/wp-content\/uploads\/2025\/05\/open-box-2.webp\",\"datePublished\":\"2021-08-18T08:13:05+00:00\",\"dateModified\":\"2025-09-05T15:12:38+00:00\",\"breadcrumb\":{\"@id\":\"https:\/\/ordoline.com\/is\/next-generation-aligners-for-advanced-treatment-and-improved-quality-of-life-b2c\/#breadcrumb\"},\"inLanguage\":\"is\",\"potentialAction\":[{\"@type\":\"ReadAction\",\"target\":[\"https:\/\/ordoline.com\/is\/next-generation-aligners-for-advanced-treatment-and-improved-quality-of-life-b2c\/\"]}]},{\"@type\":\"ImageObject\",\"inLanguage\":\"is\",\"@id\":\"https:\/\/ordoline.com\/is\/next-generation-aligners-for-advanced-treatment-and-improved-quality-of-life-b2c\/#primaryimage\",\"url\":\"https:\/\/ordoline.com\/wp-content\/uploads\/2025\/05\/open-box-2.webp\",\"contentUrl\":\"https:\/\/ordoline.com\/wp-content\/uploads\/2025\/05\/open-box-2.webp\",\"width\":708,\"height\":869},{\"@type\":\"BreadcrumbList\",\"@id\":\"https:\/\/ordoline.com\/is\/next-generation-aligners-for-advanced-treatment-and-improved-quality-of-life-b2c\/#breadcrumb\",\"itemListElement\":[{\"@type\":\"ListItem\",\"position\":1,\"name\":\"Home\",\"item\":\"https:\/\/ordoline.com\/is\/\"},{\"@type\":\"ListItem\",\"position\":2,\"name\":\"\u00d3s\u00fdnileg tannar\u00e9tting fyrir heilbrig\u00f0an og fallegan bros\"}]},{\"@type\":\"WebSite\",\"@id\":\"https:\/\/ordoline.com\/is\/#website\",\"url\":\"https:\/\/ordoline.com\/is\/\",\"name\":\"Ordoline\",\"description\":\"Confidence and predictability with every aligner case\",\"publisher\":{\"@id\":\"https:\/\/ordoline.com\/is\/#organization\"},\"potentialAction\":[{\"@type\":\"SearchAction\",\"target\":{\"@type\":\"EntryPoint\",\"urlTemplate\":\"https:\/\/ordoline.com\/is\/?s={search_term_string}\"},\"query-input\":{\"@type\":\"PropertyValueSpecification\",\"valueRequired\":true,\"valueName\":\"search_term_string\"}}],\"inLanguage\":\"is\"},{\"@type\":\"Organization\",\"@id\":\"https:\/\/ordoline.com\/is\/#organization\",\"name\":\"Ordoline\",\"url\":\"https:\/\/ordoline.com\/is\/\",\"logo\":{\"@type\":\"ImageObject\",\"inLanguage\":\"is\",\"@id\":\"https:\/\/ordoline.com\/is\/#\/schema\/logo\/image\/\",\"url\":\"https:\/\/ordoline.com\/wp-content\/uploads\/2021\/08\/ordoline_logo-juodas-4.png\",\"contentUrl\":\"https:\/\/ordoline.com\/wp-content\/uploads\/2021\/08\/ordoline_logo-juodas-4.png\",\"width\":199,\"height\":40,\"caption\":\"Ordoline\"},\"image\":{\"@id\":\"https:\/\/ordoline.com\/is\/#\/schema\/logo\/image\/\"}}]}<\/script>\n<!-- \/ Yoast SEO plugin. -->","yoast_head_json":{"title":"\u00d3s\u00fdnileg tannar\u00e9tting fyrir heilbrig\u00f0an og fallegan bros - Ordoline","robots":{"index":"index","follow":"follow","max-snippet":"max-snippet:-1","max-image-preview":"max-image-preview:large","max-video-preview":"max-video-preview:-1"},"canonical":"https:\/\/ordoline.com\/is\/next-generation-aligners-for-advanced-treatment-and-improved-quality-of-life-b2c\/","og_locale":"is_IS","og_type":"article","og_title":"\u00d3s\u00fdnileg tannar\u00e9tting fyrir heilbrig\u00f0an og fallegan bros - Ordoline","og_description":"Ordoline r\u00e9ttt\u00e6kjame\u00f0fer\u00f0 er n\u00fat\u00edmaleg, \u00e1rangursr\u00edk og v\u00edsindalega s\u00f6nnu\u00f0 lausn til a\u00f0 r\u00e9tta tennur \u00ed flestum m\u00e1lum \u00ed tannr\u00e9ttingum. \u00deetta n\u00e6r einnig til \u00feeirra tilfella sem \u00e1\u00f0ur var a\u00f0eins h\u00e6gt a\u00f0 me\u00f0h\u00f6ndla me\u00f0 tannr\u00e9ttingart\u00e6kjum. Markmi\u00f0 okkar er a\u00f0 hj\u00e1lpa \u00fe\u00e9r a\u00f0 n\u00e1 brosinu sem \u00fe\u00fa vilt \u00e1 sama t\u00edma og vi\u00f0 b\u00e6tum langt\u00edma munnheilbrig\u00f0i. Me\u00f0 h\u00e1\u00fer\u00f3u\u00f0u [&hellip;]","og_url":"https:\/\/ordoline.com\/is\/next-generation-aligners-for-advanced-treatment-and-improved-quality-of-life-b2c\/","og_site_name":"Ordoline","article_modified_time":"2025-09-05T15:12:38+00:00","og_image":[{"width":708,"height":869,"url":"https:\/\/ordoline.com\/wp-content\/uploads\/2025\/05\/open-box-2.webp","type":"image\/webp"}],"twitter_card":"summary_large_image","twitter_misc":{"Est. reading time":"1 minute"},"schema":{"@context":"https:\/\/schema.org","@graph":[{"@type":"WebPage","@id":"https:\/\/ordoline.com\/is\/next-generation-aligners-for-advanced-treatment-and-improved-quality-of-life-b2c\/","url":"https:\/\/ordoline.com\/is\/next-generation-aligners-for-advanced-treatment-and-improved-quality-of-life-b2c\/","name":"\u00d3s\u00fdnileg tannar\u00e9tting fyrir heilbrig\u00f0an og fallegan bros - Ordoline","isPartOf":{"@id":"https:\/\/ordoline.com\/is\/#website"},"primaryImageOfPage":{"@id":"https:\/\/ordoline.com\/is\/next-generation-aligners-for-advanced-treatment-and-improved-quality-of-life-b2c\/#primaryimage"},"image":{"@id":"https:\/\/ordoline.com\/is\/next-generation-aligners-for-advanced-treatment-and-improved-quality-of-life-b2c\/#primaryimage"},"thumbnailUrl":"https:\/\/ordoline.com\/wp-content\/uploads\/2025\/05\/open-box-2.webp","datePublished":"2021-08-18T08:13:05+00:00","dateModified":"2025-09-05T15:12:38+00:00","breadcrumb":{"@id":"https:\/\/ordoline.com\/is\/next-generation-aligners-for-advanced-treatment-and-improved-quality-of-life-b2c\/#breadcrumb"},"inLanguage":"is","potentialAction":[{"@type":"ReadAction","target":["https:\/\/ordoline.com\/is\/next-generation-aligners-for-advanced-treatment-and-improved-quality-of-life-b2c\/"]}]},{"@type":"ImageObject","inLanguage":"is","@id":"https:\/\/ordoline.com\/is\/next-generation-aligners-for-advanced-treatment-and-improved-quality-of-life-b2c\/#primaryimage","url":"https:\/\/ordoline.com\/wp-content\/uploads\/2025\/05\/open-box-2.webp","contentUrl":"https:\/\/ordoline.com\/wp-content\/uploads\/2025\/05\/open-box-2.webp","width":708,"height":869},{"@type":"BreadcrumbList","@id":"https:\/\/ordoline.com\/is\/next-generation-aligners-for-advanced-treatment-and-improved-quality-of-life-b2c\/#breadcrumb","itemListElement":[{"@type":"ListItem","position":1,"name":"Home","item":"https:\/\/ordoline.com\/is\/"},{"@type":"ListItem","position":2,"name":"\u00d3s\u00fdnileg tannar\u00e9tting fyrir heilbrig\u00f0an og fallegan bros"}]},{"@type":"WebSite","@id":"https:\/\/ordoline.com\/is\/#website","url":"https:\/\/ordoline.com\/is\/","name":"Ordoline","description":"Confidence and predictability with every aligner case","publisher":{"@id":"https:\/\/ordoline.com\/is\/#organization"},"potentialAction":[{"@type":"SearchAction","target":{"@type":"EntryPoint","urlTemplate":"https:\/\/ordoline.com\/is\/?s={search_term_string}"},"query-input":{"@type":"PropertyValueSpecification","valueRequired":true,"valueName":"search_term_string"}}],"inLanguage":"is"},{"@type":"Organization","@id":"https:\/\/ordoline.com\/is\/#organization","name":"Ordoline","url":"https:\/\/ordoline.com\/is\/","logo":{"@type":"ImageObject","inLanguage":"is","@id":"https:\/\/ordoline.com\/is\/#\/schema\/logo\/image\/","url":"https:\/\/ordoline.com\/wp-content\/uploads\/2021\/08\/ordoline_logo-juodas-4.png","contentUrl":"https:\/\/ordoline.com\/wp-content\/uploads\/2021\/08\/ordoline_logo-juodas-4.png","width":199,"height":40,"caption":"Ordoline"},"image":{"@id":"https:\/\/ordoline.com\/is\/#\/schema\/logo\/image\/"}}]}},"_links":{"self":[{"href":"https:\/\/ordoline.com\/is\/wp-json\/wp\/v2\/pages\/38447","targetHints":{"allow":["GET"]}}],"collection":[{"href":"https:\/\/ordoline.com\/is\/wp-json\/wp\/v2\/pages"}],"about":[{"href":"https:\/\/ordoline.com\/is\/wp-json\/wp\/v2\/types\/page"}],"author":[{"embeddable":true,"href":"https:\/\/ordoline.com\/is\/wp-json\/wp\/v2\/users\/1"}],"replies":[{"embeddable":true,"href":"https:\/\/ordoline.com\/is\/wp-json\/wp\/v2\/comments?post=38447"}],"version-history":[{"count":1,"href":"https:\/\/ordoline.com\/is\/wp-json\/wp\/v2\/pages\/38447\/revisions"}],"predecessor-version":[{"id":38513,"href":"https:\/\/ordoline.com\/is\/wp-json\/wp\/v2\/pages\/38447\/revisions\/38513"}],"wp:featuredmedia":[{"embeddable":true,"href":"https:\/\/ordoline.com\/is\/wp-json\/wp\/v2\/media\/38449"}],"wp:attachment":[{"href":"https:\/\/ordoline.com\/is\/wp-json\/wp\/v2\/media?parent=38447"}],"curies":[{"name":"wp","href":"https:\/\/api.w.org\/{rel}","templated":true}]}}