{"id":38393,"date":"2021-08-18T09:19:29","date_gmt":"2021-08-18T09:19:29","guid":{"rendered":"https:\/\/ordoline.com\/aligners-vs-braces-b2c\/"},"modified":"2025-09-05T15:05:40","modified_gmt":"2025-09-05T15:05:40","slug":"aligners-vs-braces-b2c","status":"publish","type":"page","link":"https:\/\/ordoline.com\/is\/aligners-vs-braces-b2c\/","title":{"rendered":"Gegns\u00e6r r\u00e9ttt\u00e6ki vs. tannr\u00e9ttingart\u00e6ki"},"content":{"rendered":"\n<p>\u00de\u00f3 b\u00e1\u00f0ir valkostirnir r\u00e9tti tennur og lei\u00f0r\u00e9tti bit, eru gegns\u00e6ir r\u00e9ttt\u00e6ki (clear aligners) a\u00f0 ver\u00f0a vins\u00e6lli vegna \u00feeirra dul\u00fa\u00f0uga \u00fatlits, \u00fe\u00e6ginda og sveigjanleika \u00ed daglegu l\u00edfi, \u00e1n \u00feess a\u00f0 sker\u00f0a me\u00f0fer\u00f0arni\u00f0urst\u00f6\u00f0ur.<\/p>\n\n\n\n<p><\/p>\n","protected":false},"excerpt":{"rendered":"<p>\u00de\u00f3 b\u00e1\u00f0ir valkostirnir r\u00e9tti tennur og lei\u00f0r\u00e9tti bit, eru gegns\u00e6ir r\u00e9ttt\u00e6ki (clear aligners) a\u00f0 ver\u00f0a vins\u00e6lli vegna \u00feeirra dul\u00fa\u00f0uga \u00fatlits, \u00fe\u00e6ginda og sveigjanleika \u00ed daglegu l\u00edfi, \u00e1n \u00feess a\u00f0 sker\u00f0a me\u00f0fer\u00f0arni\u00f0urst\u00f6\u00f0ur.<\/p>\n","protected":false},"author":1,"featured_media":38218,"parent":0,"menu_order":0,"comment_status":"closed","ping_status":"closed","template":"page-comparison-b2c.php","meta":{"_acf_changed":false,"inline_featured_image":false,"footnotes":""},"class_list":["post-38393","page","type-page","status-publish","has-post-thumbnail","hentry"],"acf":[],"yoast_head":"<!-- This site is optimized with the Yoast SEO plugin v25.9 - https:\/\/yoast.com\/wordpress\/plugins\/seo\/ -->\n<title>Gegns\u00e6r r\u00e9ttt\u00e6ki vs. tannr\u00e9ttingart\u00e6ki - Ordoline<\/title>\n<meta name=\"robots\" content=\"index, follow, max-snippet:-1, max-image-preview:large, max-video-preview:-1\" \/>\n<link rel=\"canonical\" href=\"https:\/\/ordoline.com\/is\/aligners-vs-braces-b2c\/\" \/>\n<meta property=\"og:locale\" content=\"is_IS\" \/>\n<meta property=\"og:type\" content=\"article\" \/>\n<meta property=\"og:title\" content=\"Gegns\u00e6r r\u00e9ttt\u00e6ki vs. tannr\u00e9ttingart\u00e6ki - Ordoline\" \/>\n<meta property=\"og:description\" content=\"\u00de\u00f3 b\u00e1\u00f0ir valkostirnir r\u00e9tti tennur og lei\u00f0r\u00e9tti bit, eru gegns\u00e6ir r\u00e9ttt\u00e6ki (clear aligners) a\u00f0 ver\u00f0a vins\u00e6lli vegna \u00feeirra dul\u00fa\u00f0uga \u00fatlits, \u00fe\u00e6ginda og sveigjanleika \u00ed daglegu l\u00edfi, \u00e1n \u00feess a\u00f0 sker\u00f0a me\u00f0fer\u00f0arni\u00f0urst\u00f6\u00f0ur.\" \/>\n<meta property=\"og:url\" content=\"https:\/\/ordoline.com\/is\/aligners-vs-braces-b2c\/\" \/>\n<meta property=\"og:site_name\" content=\"Ordoline\" \/>\n<meta property=\"article:modified_time\" content=\"2025-09-05T15:05:40+00:00\" \/>\n<meta property=\"og:image\" content=\"https:\/\/ordoline.com\/wp-content\/uploads\/2021\/08\/cut-1.png\" \/>\n\t<meta property=\"og:image:width\" content=\"1786\" \/>\n\t<meta property=\"og:image:height\" content=\"1360\" \/>\n\t<meta property=\"og:image:type\" content=\"image\/png\" \/>\n<meta name=\"twitter:card\" content=\"summary_large_image\" \/>\n<meta name=\"twitter:label1\" content=\"Est. reading time\" \/>\n\t<meta name=\"twitter:data1\" content=\"1 minute\" \/>\n<script type=\"application\/ld+json\" class=\"yoast-schema-graph\">{\"@context\":\"https:\/\/schema.org\",\"@graph\":[{\"@type\":\"WebPage\",\"@id\":\"https:\/\/ordoline.com\/is\/aligners-vs-braces-b2c\/\",\"url\":\"https:\/\/ordoline.com\/is\/aligners-vs-braces-b2c\/\",\"name\":\"Gegns\u00e6r r\u00e9ttt\u00e6ki vs. tannr\u00e9ttingart\u00e6ki - Ordoline\",\"isPartOf\":{\"@id\":\"https:\/\/ordoline.com\/is\/#website\"},\"primaryImageOfPage\":{\"@id\":\"https:\/\/ordoline.com\/is\/aligners-vs-braces-b2c\/#primaryimage\"},\"image\":{\"@id\":\"https:\/\/ordoline.com\/is\/aligners-vs-braces-b2c\/#primaryimage\"},\"thumbnailUrl\":\"https:\/\/ordoline.com\/wp-content\/uploads\/2021\/08\/cut-1.png\",\"datePublished\":\"2021-08-18T09:19:29+00:00\",\"dateModified\":\"2025-09-05T15:05:40+00:00\",\"breadcrumb\":{\"@id\":\"https:\/\/ordoline.com\/is\/aligners-vs-braces-b2c\/#breadcrumb\"},\"inLanguage\":\"is\",\"potentialAction\":[{\"@type\":\"ReadAction\",\"target\":[\"https:\/\/ordoline.com\/is\/aligners-vs-braces-b2c\/\"]}]},{\"@type\":\"ImageObject\",\"inLanguage\":\"is\",\"@id\":\"https:\/\/ordoline.com\/is\/aligners-vs-braces-b2c\/#primaryimage\",\"url\":\"https:\/\/ordoline.com\/wp-content\/uploads\/2021\/08\/cut-1.png\",\"contentUrl\":\"https:\/\/ordoline.com\/wp-content\/uploads\/2021\/08\/cut-1.png\",\"width\":1786,\"height\":1360},{\"@type\":\"BreadcrumbList\",\"@id\":\"https:\/\/ordoline.com\/is\/aligners-vs-braces-b2c\/#breadcrumb\",\"itemListElement\":[{\"@type\":\"ListItem\",\"position\":1,\"name\":\"Home\",\"item\":\"https:\/\/ordoline.com\/is\/\"},{\"@type\":\"ListItem\",\"position\":2,\"name\":\"Gegns\u00e6r r\u00e9ttt\u00e6ki vs. tannr\u00e9ttingart\u00e6ki\"}]},{\"@type\":\"WebSite\",\"@id\":\"https:\/\/ordoline.com\/is\/#website\",\"url\":\"https:\/\/ordoline.com\/is\/\",\"name\":\"Ordoline\",\"description\":\"Confidence and predictability with every aligner case\",\"publisher\":{\"@id\":\"https:\/\/ordoline.com\/is\/#organization\"},\"potentialAction\":[{\"@type\":\"SearchAction\",\"target\":{\"@type\":\"EntryPoint\",\"urlTemplate\":\"https:\/\/ordoline.com\/is\/?s={search_term_string}\"},\"query-input\":{\"@type\":\"PropertyValueSpecification\",\"valueRequired\":true,\"valueName\":\"search_term_string\"}}],\"inLanguage\":\"is\"},{\"@type\":\"Organization\",\"@id\":\"https:\/\/ordoline.com\/is\/#organization\",\"name\":\"Ordoline\",\"url\":\"https:\/\/ordoline.com\/is\/\",\"logo\":{\"@type\":\"ImageObject\",\"inLanguage\":\"is\",\"@id\":\"https:\/\/ordoline.com\/is\/#\/schema\/logo\/image\/\",\"url\":\"https:\/\/ordoline.com\/wp-content\/uploads\/2021\/08\/ordoline_logo-juodas-4.png\",\"contentUrl\":\"https:\/\/ordoline.com\/wp-content\/uploads\/2021\/08\/ordoline_logo-juodas-4.png\",\"width\":199,\"height\":40,\"caption\":\"Ordoline\"},\"image\":{\"@id\":\"https:\/\/ordoline.com\/is\/#\/schema\/logo\/image\/\"}}]}<\/script>\n<!-- \/ Yoast SEO plugin. -->","yoast_head_json":{"title":"Gegns\u00e6r r\u00e9ttt\u00e6ki vs. tannr\u00e9ttingart\u00e6ki - Ordoline","robots":{"index":"index","follow":"follow","max-snippet":"max-snippet:-1","max-image-preview":"max-image-preview:large","max-video-preview":"max-video-preview:-1"},"canonical":"https:\/\/ordoline.com\/is\/aligners-vs-braces-b2c\/","og_locale":"is_IS","og_type":"article","og_title":"Gegns\u00e6r r\u00e9ttt\u00e6ki vs. tannr\u00e9ttingart\u00e6ki - Ordoline","og_description":"\u00de\u00f3 b\u00e1\u00f0ir valkostirnir r\u00e9tti tennur og lei\u00f0r\u00e9tti bit, eru gegns\u00e6ir r\u00e9ttt\u00e6ki (clear aligners) a\u00f0 ver\u00f0a vins\u00e6lli vegna \u00feeirra dul\u00fa\u00f0uga \u00fatlits, \u00fe\u00e6ginda og sveigjanleika \u00ed daglegu l\u00edfi, \u00e1n \u00feess a\u00f0 sker\u00f0a me\u00f0fer\u00f0arni\u00f0urst\u00f6\u00f0ur.","og_url":"https:\/\/ordoline.com\/is\/aligners-vs-braces-b2c\/","og_site_name":"Ordoline","article_modified_time":"2025-09-05T15:05:40+00:00","og_image":[{"width":1786,"height":1360,"url":"https:\/\/ordoline.com\/wp-content\/uploads\/2021\/08\/cut-1.png","type":"image\/png"}],"twitter_card":"summary_large_image","twitter_misc":{"Est. reading time":"1 minute"},"schema":{"@context":"https:\/\/schema.org","@graph":[{"@type":"WebPage","@id":"https:\/\/ordoline.com\/is\/aligners-vs-braces-b2c\/","url":"https:\/\/ordoline.com\/is\/aligners-vs-braces-b2c\/","name":"Gegns\u00e6r r\u00e9ttt\u00e6ki vs. tannr\u00e9ttingart\u00e6ki - Ordoline","isPartOf":{"@id":"https:\/\/ordoline.com\/is\/#website"},"primaryImageOfPage":{"@id":"https:\/\/ordoline.com\/is\/aligners-vs-braces-b2c\/#primaryimage"},"image":{"@id":"https:\/\/ordoline.com\/is\/aligners-vs-braces-b2c\/#primaryimage"},"thumbnailUrl":"https:\/\/ordoline.com\/wp-content\/uploads\/2021\/08\/cut-1.png","datePublished":"2021-08-18T09:19:29+00:00","dateModified":"2025-09-05T15:05:40+00:00","breadcrumb":{"@id":"https:\/\/ordoline.com\/is\/aligners-vs-braces-b2c\/#breadcrumb"},"inLanguage":"is","potentialAction":[{"@type":"ReadAction","target":["https:\/\/ordoline.com\/is\/aligners-vs-braces-b2c\/"]}]},{"@type":"ImageObject","inLanguage":"is","@id":"https:\/\/ordoline.com\/is\/aligners-vs-braces-b2c\/#primaryimage","url":"https:\/\/ordoline.com\/wp-content\/uploads\/2021\/08\/cut-1.png","contentUrl":"https:\/\/ordoline.com\/wp-content\/uploads\/2021\/08\/cut-1.png","width":1786,"height":1360},{"@type":"BreadcrumbList","@id":"https:\/\/ordoline.com\/is\/aligners-vs-braces-b2c\/#breadcrumb","itemListElement":[{"@type":"ListItem","position":1,"name":"Home","item":"https:\/\/ordoline.com\/is\/"},{"@type":"ListItem","position":2,"name":"Gegns\u00e6r r\u00e9ttt\u00e6ki vs. tannr\u00e9ttingart\u00e6ki"}]},{"@type":"WebSite","@id":"https:\/\/ordoline.com\/is\/#website","url":"https:\/\/ordoline.com\/is\/","name":"Ordoline","description":"Confidence and predictability with every aligner case","publisher":{"@id":"https:\/\/ordoline.com\/is\/#organization"},"potentialAction":[{"@type":"SearchAction","target":{"@type":"EntryPoint","urlTemplate":"https:\/\/ordoline.com\/is\/?s={search_term_string}"},"query-input":{"@type":"PropertyValueSpecification","valueRequired":true,"valueName":"search_term_string"}}],"inLanguage":"is"},{"@type":"Organization","@id":"https:\/\/ordoline.com\/is\/#organization","name":"Ordoline","url":"https:\/\/ordoline.com\/is\/","logo":{"@type":"ImageObject","inLanguage":"is","@id":"https:\/\/ordoline.com\/is\/#\/schema\/logo\/image\/","url":"https:\/\/ordoline.com\/wp-content\/uploads\/2021\/08\/ordoline_logo-juodas-4.png","contentUrl":"https:\/\/ordoline.com\/wp-content\/uploads\/2021\/08\/ordoline_logo-juodas-4.png","width":199,"height":40,"caption":"Ordoline"},"image":{"@id":"https:\/\/ordoline.com\/is\/#\/schema\/logo\/image\/"}}]}},"_links":{"self":[{"href":"https:\/\/ordoline.com\/is\/wp-json\/wp\/v2\/pages\/38393","targetHints":{"allow":["GET"]}}],"collection":[{"href":"https:\/\/ordoline.com\/is\/wp-json\/wp\/v2\/pages"}],"about":[{"href":"https:\/\/ordoline.com\/is\/wp-json\/wp\/v2\/types\/page"}],"author":[{"embeddable":true,"href":"https:\/\/ordoline.com\/is\/wp-json\/wp\/v2\/users\/1"}],"replies":[{"embeddable":true,"href":"https:\/\/ordoline.com\/is\/wp-json\/wp\/v2\/comments?post=38393"}],"version-history":[{"count":1,"href":"https:\/\/ordoline.com\/is\/wp-json\/wp\/v2\/pages\/38393\/revisions"}],"predecessor-version":[{"id":38446,"href":"https:\/\/ordoline.com\/is\/wp-json\/wp\/v2\/pages\/38393\/revisions\/38446"}],"wp:featuredmedia":[{"embeddable":true,"href":"https:\/\/ordoline.com\/is\/wp-json\/wp\/v2\/media\/38218"}],"wp:attachment":[{"href":"https:\/\/ordoline.com\/is\/wp-json\/wp\/v2\/media?parent=38393"}],"curies":[{"name":"wp","href":"https:\/\/api.w.org\/{rel}","templated":true}]}}