{"id":38363,"date":"2021-08-18T09:33:12","date_gmt":"2021-08-18T09:33:12","guid":{"rendered":"https:\/\/ordoline.com\/treatment-process-b2c\/"},"modified":"2025-09-05T14:59:59","modified_gmt":"2025-09-05T14:59:59","slug":"treatment-process-b2c","status":"publish","type":"page","link":"https:\/\/ordoline.com\/is\/treatment-process-b2c\/","title":{"rendered":"Ni\u00f0urst\u00f6\u00f0ur me\u00f0fer\u00f0ar sem \u00fe\u00fa getur treyst"},"content":{"rendered":"\n<p>Ordoline hefur f\u00e6rt r\u00e9ttt\u00e6kjame\u00f0fer\u00f0 \u00e1 n\u00fdtt stig \u2014 og hj\u00e1lpar f\u00f3lki \u00e1 \u00f6llum aldri a\u00f0 \u00f6\u00f0last heilbrig\u00f0 og falleg bros me\u00f0 mikilli me\u00f0fer\u00f0arn\u00e1kv\u00e6mni og kl\u00edn\u00edskum s\u00f6nnu\u00f0um \u00e1rangri. Fr\u00e1 litlum lei\u00f0r\u00e9ttingum til fl\u00f3kinna tanntannr\u00e9ttingarm\u00e1la, skilar kerfi\u00f0 okkar \u00e1rei\u00f0anlegum ni\u00f0urst\u00f6\u00f0um.<\/p>\n\n\n\n<p><\/p>\n","protected":false},"excerpt":{"rendered":"<p>Ordoline hefur f\u00e6rt r\u00e9ttt\u00e6kjame\u00f0fer\u00f0 \u00e1 n\u00fdtt stig \u2014 og hj\u00e1lpar f\u00f3lki \u00e1 \u00f6llum aldri a\u00f0 \u00f6\u00f0last heilbrig\u00f0 og falleg bros me\u00f0 mikilli me\u00f0fer\u00f0arn\u00e1kv\u00e6mni og kl\u00edn\u00edskum s\u00f6nnu\u00f0um \u00e1rangri. Fr\u00e1 litlum lei\u00f0r\u00e9ttingum til fl\u00f3kinna tanntannr\u00e9ttingarm\u00e1la, skilar kerfi\u00f0 okkar \u00e1rei\u00f0anlegum ni\u00f0urst\u00f6\u00f0um.<\/p>\n","protected":false},"author":1,"featured_media":0,"parent":0,"menu_order":0,"comment_status":"closed","ping_status":"closed","template":"page-treatment-b2c.php","meta":{"_acf_changed":false,"inline_featured_image":false,"footnotes":""},"class_list":["post-38363","page","type-page","status-publish","hentry"],"acf":[],"yoast_head":"<!-- This site is optimized with the Yoast SEO plugin v25.9 - https:\/\/yoast.com\/wordpress\/plugins\/seo\/ -->\n<title>Ni\u00f0urst\u00f6\u00f0ur me\u00f0fer\u00f0ar sem \u00fe\u00fa getur treyst - Ordoline<\/title>\n<meta name=\"robots\" content=\"index, follow, max-snippet:-1, max-image-preview:large, max-video-preview:-1\" \/>\n<link rel=\"canonical\" href=\"https:\/\/ordoline.com\/is\/treatment-process-b2c\/\" \/>\n<meta property=\"og:locale\" content=\"is_IS\" \/>\n<meta property=\"og:type\" content=\"article\" \/>\n<meta property=\"og:title\" content=\"Ni\u00f0urst\u00f6\u00f0ur me\u00f0fer\u00f0ar sem \u00fe\u00fa getur treyst - Ordoline\" \/>\n<meta property=\"og:description\" content=\"Ordoline hefur f\u00e6rt r\u00e9ttt\u00e6kjame\u00f0fer\u00f0 \u00e1 n\u00fdtt stig \u2014 og hj\u00e1lpar f\u00f3lki \u00e1 \u00f6llum aldri a\u00f0 \u00f6\u00f0last heilbrig\u00f0 og falleg bros me\u00f0 mikilli me\u00f0fer\u00f0arn\u00e1kv\u00e6mni og kl\u00edn\u00edskum s\u00f6nnu\u00f0um \u00e1rangri. Fr\u00e1 litlum lei\u00f0r\u00e9ttingum til fl\u00f3kinna tanntannr\u00e9ttingarm\u00e1la, skilar kerfi\u00f0 okkar \u00e1rei\u00f0anlegum ni\u00f0urst\u00f6\u00f0um.\" \/>\n<meta property=\"og:url\" content=\"https:\/\/ordoline.com\/is\/treatment-process-b2c\/\" \/>\n<meta property=\"og:site_name\" content=\"Ordoline\" \/>\n<meta property=\"article:modified_time\" content=\"2025-09-05T14:59:59+00:00\" \/>\n<meta name=\"twitter:card\" content=\"summary_large_image\" \/>\n<meta name=\"twitter:label1\" content=\"Est. reading time\" \/>\n\t<meta name=\"twitter:data1\" content=\"1 minute\" \/>\n<script type=\"application\/ld+json\" class=\"yoast-schema-graph\">{\"@context\":\"https:\/\/schema.org\",\"@graph\":[{\"@type\":\"WebPage\",\"@id\":\"https:\/\/ordoline.com\/is\/treatment-process-b2c\/\",\"url\":\"https:\/\/ordoline.com\/is\/treatment-process-b2c\/\",\"name\":\"Ni\u00f0urst\u00f6\u00f0ur me\u00f0fer\u00f0ar sem \u00fe\u00fa getur treyst - Ordoline\",\"isPartOf\":{\"@id\":\"https:\/\/ordoline.com\/is\/#website\"},\"datePublished\":\"2021-08-18T09:33:12+00:00\",\"dateModified\":\"2025-09-05T14:59:59+00:00\",\"breadcrumb\":{\"@id\":\"https:\/\/ordoline.com\/is\/treatment-process-b2c\/#breadcrumb\"},\"inLanguage\":\"is\",\"potentialAction\":[{\"@type\":\"ReadAction\",\"target\":[\"https:\/\/ordoline.com\/is\/treatment-process-b2c\/\"]}]},{\"@type\":\"BreadcrumbList\",\"@id\":\"https:\/\/ordoline.com\/is\/treatment-process-b2c\/#breadcrumb\",\"itemListElement\":[{\"@type\":\"ListItem\",\"position\":1,\"name\":\"Home\",\"item\":\"https:\/\/ordoline.com\/is\/\"},{\"@type\":\"ListItem\",\"position\":2,\"name\":\"Ni\u00f0urst\u00f6\u00f0ur me\u00f0fer\u00f0ar sem \u00fe\u00fa getur treyst\"}]},{\"@type\":\"WebSite\",\"@id\":\"https:\/\/ordoline.com\/is\/#website\",\"url\":\"https:\/\/ordoline.com\/is\/\",\"name\":\"Ordoline\",\"description\":\"Confidence and predictability with every aligner case\",\"publisher\":{\"@id\":\"https:\/\/ordoline.com\/is\/#organization\"},\"potentialAction\":[{\"@type\":\"SearchAction\",\"target\":{\"@type\":\"EntryPoint\",\"urlTemplate\":\"https:\/\/ordoline.com\/is\/?s={search_term_string}\"},\"query-input\":{\"@type\":\"PropertyValueSpecification\",\"valueRequired\":true,\"valueName\":\"search_term_string\"}}],\"inLanguage\":\"is\"},{\"@type\":\"Organization\",\"@id\":\"https:\/\/ordoline.com\/is\/#organization\",\"name\":\"Ordoline\",\"url\":\"https:\/\/ordoline.com\/is\/\",\"logo\":{\"@type\":\"ImageObject\",\"inLanguage\":\"is\",\"@id\":\"https:\/\/ordoline.com\/is\/#\/schema\/logo\/image\/\",\"url\":\"https:\/\/ordoline.com\/wp-content\/uploads\/2021\/08\/ordoline_logo-juodas-4.png\",\"contentUrl\":\"https:\/\/ordoline.com\/wp-content\/uploads\/2021\/08\/ordoline_logo-juodas-4.png\",\"width\":199,\"height\":40,\"caption\":\"Ordoline\"},\"image\":{\"@id\":\"https:\/\/ordoline.com\/is\/#\/schema\/logo\/image\/\"}}]}<\/script>\n<!-- \/ Yoast SEO plugin. -->","yoast_head_json":{"title":"Ni\u00f0urst\u00f6\u00f0ur me\u00f0fer\u00f0ar sem \u00fe\u00fa getur treyst - Ordoline","robots":{"index":"index","follow":"follow","max-snippet":"max-snippet:-1","max-image-preview":"max-image-preview:large","max-video-preview":"max-video-preview:-1"},"canonical":"https:\/\/ordoline.com\/is\/treatment-process-b2c\/","og_locale":"is_IS","og_type":"article","og_title":"Ni\u00f0urst\u00f6\u00f0ur me\u00f0fer\u00f0ar sem \u00fe\u00fa getur treyst - Ordoline","og_description":"Ordoline hefur f\u00e6rt r\u00e9ttt\u00e6kjame\u00f0fer\u00f0 \u00e1 n\u00fdtt stig \u2014 og hj\u00e1lpar f\u00f3lki \u00e1 \u00f6llum aldri a\u00f0 \u00f6\u00f0last heilbrig\u00f0 og falleg bros me\u00f0 mikilli me\u00f0fer\u00f0arn\u00e1kv\u00e6mni og kl\u00edn\u00edskum s\u00f6nnu\u00f0um \u00e1rangri. Fr\u00e1 litlum lei\u00f0r\u00e9ttingum til fl\u00f3kinna tanntannr\u00e9ttingarm\u00e1la, skilar kerfi\u00f0 okkar \u00e1rei\u00f0anlegum ni\u00f0urst\u00f6\u00f0um.","og_url":"https:\/\/ordoline.com\/is\/treatment-process-b2c\/","og_site_name":"Ordoline","article_modified_time":"2025-09-05T14:59:59+00:00","twitter_card":"summary_large_image","twitter_misc":{"Est. reading time":"1 minute"},"schema":{"@context":"https:\/\/schema.org","@graph":[{"@type":"WebPage","@id":"https:\/\/ordoline.com\/is\/treatment-process-b2c\/","url":"https:\/\/ordoline.com\/is\/treatment-process-b2c\/","name":"Ni\u00f0urst\u00f6\u00f0ur me\u00f0fer\u00f0ar sem \u00fe\u00fa getur treyst - Ordoline","isPartOf":{"@id":"https:\/\/ordoline.com\/is\/#website"},"datePublished":"2021-08-18T09:33:12+00:00","dateModified":"2025-09-05T14:59:59+00:00","breadcrumb":{"@id":"https:\/\/ordoline.com\/is\/treatment-process-b2c\/#breadcrumb"},"inLanguage":"is","potentialAction":[{"@type":"ReadAction","target":["https:\/\/ordoline.com\/is\/treatment-process-b2c\/"]}]},{"@type":"BreadcrumbList","@id":"https:\/\/ordoline.com\/is\/treatment-process-b2c\/#breadcrumb","itemListElement":[{"@type":"ListItem","position":1,"name":"Home","item":"https:\/\/ordoline.com\/is\/"},{"@type":"ListItem","position":2,"name":"Ni\u00f0urst\u00f6\u00f0ur me\u00f0fer\u00f0ar sem \u00fe\u00fa getur treyst"}]},{"@type":"WebSite","@id":"https:\/\/ordoline.com\/is\/#website","url":"https:\/\/ordoline.com\/is\/","name":"Ordoline","description":"Confidence and predictability with every aligner case","publisher":{"@id":"https:\/\/ordoline.com\/is\/#organization"},"potentialAction":[{"@type":"SearchAction","target":{"@type":"EntryPoint","urlTemplate":"https:\/\/ordoline.com\/is\/?s={search_term_string}"},"query-input":{"@type":"PropertyValueSpecification","valueRequired":true,"valueName":"search_term_string"}}],"inLanguage":"is"},{"@type":"Organization","@id":"https:\/\/ordoline.com\/is\/#organization","name":"Ordoline","url":"https:\/\/ordoline.com\/is\/","logo":{"@type":"ImageObject","inLanguage":"is","@id":"https:\/\/ordoline.com\/is\/#\/schema\/logo\/image\/","url":"https:\/\/ordoline.com\/wp-content\/uploads\/2021\/08\/ordoline_logo-juodas-4.png","contentUrl":"https:\/\/ordoline.com\/wp-content\/uploads\/2021\/08\/ordoline_logo-juodas-4.png","width":199,"height":40,"caption":"Ordoline"},"image":{"@id":"https:\/\/ordoline.com\/is\/#\/schema\/logo\/image\/"}}]}},"_links":{"self":[{"href":"https:\/\/ordoline.com\/is\/wp-json\/wp\/v2\/pages\/38363","targetHints":{"allow":["GET"]}}],"collection":[{"href":"https:\/\/ordoline.com\/is\/wp-json\/wp\/v2\/pages"}],"about":[{"href":"https:\/\/ordoline.com\/is\/wp-json\/wp\/v2\/types\/page"}],"author":[{"embeddable":true,"href":"https:\/\/ordoline.com\/is\/wp-json\/wp\/v2\/users\/1"}],"replies":[{"embeddable":true,"href":"https:\/\/ordoline.com\/is\/wp-json\/wp\/v2\/comments?post=38363"}],"version-history":[{"count":1,"href":"https:\/\/ordoline.com\/is\/wp-json\/wp\/v2\/pages\/38363\/revisions"}],"predecessor-version":[{"id":38432,"href":"https:\/\/ordoline.com\/is\/wp-json\/wp\/v2\/pages\/38363\/revisions\/38432"}],"wp:attachment":[{"href":"https:\/\/ordoline.com\/is\/wp-json\/wp\/v2\/media?parent=38363"}],"curies":[{"name":"wp","href":"https:\/\/api.w.org\/{rel}","templated":true}]}}