{"id":38271,"date":"2021-08-18T10:16:22","date_gmt":"2021-08-18T10:16:22","guid":{"rendered":"https:\/\/ordoline.com\/become-partner\/"},"modified":"2025-09-05T14:53:21","modified_gmt":"2025-09-05T14:53:21","slug":"become-partner","status":"publish","type":"page","link":"https:\/\/ordoline.com\/is\/become-partner\/","title":{"rendered":"Af hverju Ordoline"},"content":{"rendered":"\n<h2 class=\"wp-block-heading\">Af hverju ver\u00f0a l\u00e6knar samstarfsa\u00f0ilar Ordoline?<\/h2>\n\n\n\n<p>Ordoline b\u00fd\u00f0ur upp \u00e1 snjallari, kl\u00edn\u00edskum stu\u00f0ningi bygg\u00f0a n\u00e1lgun vi\u00f0 notkun skinnna. Vi\u00f0 t\u00f6kum \u00e1 raunverulegum \u00e1skorunum sem b\u00e6\u00f0i reyndir og n\u00fdir l\u00e6knar standa frammi fyrir \u2014 fr\u00e1 fl\u00e6kjustigi m\u00e1la og fyrirsj\u00e1anleika til me\u00f0fer\u00f0arstj\u00f3rnunar og skilvirkni.<\/p>\n","protected":false},"excerpt":{"rendered":"<p>Af hverju ver\u00f0a l\u00e6knar samstarfsa\u00f0ilar Ordoline? Ordoline b\u00fd\u00f0ur upp \u00e1 snjallari, kl\u00edn\u00edskum stu\u00f0ningi bygg\u00f0a n\u00e1lgun vi\u00f0 notkun skinnna. Vi\u00f0 t\u00f6kum \u00e1 raunverulegum \u00e1skorunum sem b\u00e6\u00f0i reyndir og n\u00fdir l\u00e6knar standa frammi fyrir \u2014 fr\u00e1 fl\u00e6kjustigi m\u00e1la og fyrirsj\u00e1anleika til me\u00f0fer\u00f0arstj\u00f3rnunar og skilvirkni.<\/p>\n","protected":false},"author":1,"featured_media":0,"parent":0,"menu_order":0,"comment_status":"closed","ping_status":"closed","template":"page-partner.php","meta":{"_acf_changed":false,"inline_featured_image":false,"footnotes":""},"class_list":["post-38271","page","type-page","status-publish","hentry"],"acf":[],"yoast_head":"<!-- This site is optimized with the Yoast SEO plugin v25.9 - https:\/\/yoast.com\/wordpress\/plugins\/seo\/ -->\n<title>Af hverju Ordoline - Ordoline<\/title>\n<meta name=\"robots\" content=\"index, follow, max-snippet:-1, max-image-preview:large, max-video-preview:-1\" \/>\n<link rel=\"canonical\" href=\"https:\/\/ordoline.com\/is\/become-partner\/\" \/>\n<meta property=\"og:locale\" content=\"is_IS\" \/>\n<meta property=\"og:type\" content=\"article\" \/>\n<meta property=\"og:title\" content=\"Af hverju Ordoline - Ordoline\" \/>\n<meta property=\"og:description\" content=\"Af hverju ver\u00f0a l\u00e6knar samstarfsa\u00f0ilar Ordoline? Ordoline b\u00fd\u00f0ur upp \u00e1 snjallari, kl\u00edn\u00edskum stu\u00f0ningi bygg\u00f0a n\u00e1lgun vi\u00f0 notkun skinnna. Vi\u00f0 t\u00f6kum \u00e1 raunverulegum \u00e1skorunum sem b\u00e6\u00f0i reyndir og n\u00fdir l\u00e6knar standa frammi fyrir \u2014 fr\u00e1 fl\u00e6kjustigi m\u00e1la og fyrirsj\u00e1anleika til me\u00f0fer\u00f0arstj\u00f3rnunar og skilvirkni.\" \/>\n<meta property=\"og:url\" content=\"https:\/\/ordoline.com\/is\/become-partner\/\" \/>\n<meta property=\"og:site_name\" content=\"Ordoline\" \/>\n<meta property=\"article:modified_time\" content=\"2025-09-05T14:53:21+00:00\" \/>\n<meta name=\"twitter:card\" content=\"summary_large_image\" \/>\n<meta name=\"twitter:label1\" content=\"Est. reading time\" \/>\n\t<meta name=\"twitter:data1\" content=\"1 minute\" \/>\n<script type=\"application\/ld+json\" class=\"yoast-schema-graph\">{\"@context\":\"https:\/\/schema.org\",\"@graph\":[{\"@type\":\"WebPage\",\"@id\":\"https:\/\/ordoline.com\/is\/become-partner\/\",\"url\":\"https:\/\/ordoline.com\/is\/become-partner\/\",\"name\":\"Af hverju Ordoline - Ordoline\",\"isPartOf\":{\"@id\":\"https:\/\/ordoline.com\/is\/#website\"},\"datePublished\":\"2021-08-18T10:16:22+00:00\",\"dateModified\":\"2025-09-05T14:53:21+00:00\",\"breadcrumb\":{\"@id\":\"https:\/\/ordoline.com\/is\/become-partner\/#breadcrumb\"},\"inLanguage\":\"is\",\"potentialAction\":[{\"@type\":\"ReadAction\",\"target\":[\"https:\/\/ordoline.com\/is\/become-partner\/\"]}]},{\"@type\":\"BreadcrumbList\",\"@id\":\"https:\/\/ordoline.com\/is\/become-partner\/#breadcrumb\",\"itemListElement\":[{\"@type\":\"ListItem\",\"position\":1,\"name\":\"Home\",\"item\":\"https:\/\/ordoline.com\/is\/\"},{\"@type\":\"ListItem\",\"position\":2,\"name\":\"Af hverju Ordoline\"}]},{\"@type\":\"WebSite\",\"@id\":\"https:\/\/ordoline.com\/is\/#website\",\"url\":\"https:\/\/ordoline.com\/is\/\",\"name\":\"Ordoline\",\"description\":\"Confidence and predictability with every aligner case\",\"publisher\":{\"@id\":\"https:\/\/ordoline.com\/is\/#organization\"},\"potentialAction\":[{\"@type\":\"SearchAction\",\"target\":{\"@type\":\"EntryPoint\",\"urlTemplate\":\"https:\/\/ordoline.com\/is\/?s={search_term_string}\"},\"query-input\":{\"@type\":\"PropertyValueSpecification\",\"valueRequired\":true,\"valueName\":\"search_term_string\"}}],\"inLanguage\":\"is\"},{\"@type\":\"Organization\",\"@id\":\"https:\/\/ordoline.com\/is\/#organization\",\"name\":\"Ordoline\",\"url\":\"https:\/\/ordoline.com\/is\/\",\"logo\":{\"@type\":\"ImageObject\",\"inLanguage\":\"is\",\"@id\":\"https:\/\/ordoline.com\/is\/#\/schema\/logo\/image\/\",\"url\":\"https:\/\/ordoline.com\/wp-content\/uploads\/2021\/08\/ordoline_logo-juodas-4.png\",\"contentUrl\":\"https:\/\/ordoline.com\/wp-content\/uploads\/2021\/08\/ordoline_logo-juodas-4.png\",\"width\":199,\"height\":40,\"caption\":\"Ordoline\"},\"image\":{\"@id\":\"https:\/\/ordoline.com\/is\/#\/schema\/logo\/image\/\"}}]}<\/script>\n<!-- \/ Yoast SEO plugin. -->","yoast_head_json":{"title":"Af hverju Ordoline - Ordoline","robots":{"index":"index","follow":"follow","max-snippet":"max-snippet:-1","max-image-preview":"max-image-preview:large","max-video-preview":"max-video-preview:-1"},"canonical":"https:\/\/ordoline.com\/is\/become-partner\/","og_locale":"is_IS","og_type":"article","og_title":"Af hverju Ordoline - Ordoline","og_description":"Af hverju ver\u00f0a l\u00e6knar samstarfsa\u00f0ilar Ordoline? Ordoline b\u00fd\u00f0ur upp \u00e1 snjallari, kl\u00edn\u00edskum stu\u00f0ningi bygg\u00f0a n\u00e1lgun vi\u00f0 notkun skinnna. Vi\u00f0 t\u00f6kum \u00e1 raunverulegum \u00e1skorunum sem b\u00e6\u00f0i reyndir og n\u00fdir l\u00e6knar standa frammi fyrir \u2014 fr\u00e1 fl\u00e6kjustigi m\u00e1la og fyrirsj\u00e1anleika til me\u00f0fer\u00f0arstj\u00f3rnunar og skilvirkni.","og_url":"https:\/\/ordoline.com\/is\/become-partner\/","og_site_name":"Ordoline","article_modified_time":"2025-09-05T14:53:21+00:00","twitter_card":"summary_large_image","twitter_misc":{"Est. reading time":"1 minute"},"schema":{"@context":"https:\/\/schema.org","@graph":[{"@type":"WebPage","@id":"https:\/\/ordoline.com\/is\/become-partner\/","url":"https:\/\/ordoline.com\/is\/become-partner\/","name":"Af hverju Ordoline - Ordoline","isPartOf":{"@id":"https:\/\/ordoline.com\/is\/#website"},"datePublished":"2021-08-18T10:16:22+00:00","dateModified":"2025-09-05T14:53:21+00:00","breadcrumb":{"@id":"https:\/\/ordoline.com\/is\/become-partner\/#breadcrumb"},"inLanguage":"is","potentialAction":[{"@type":"ReadAction","target":["https:\/\/ordoline.com\/is\/become-partner\/"]}]},{"@type":"BreadcrumbList","@id":"https:\/\/ordoline.com\/is\/become-partner\/#breadcrumb","itemListElement":[{"@type":"ListItem","position":1,"name":"Home","item":"https:\/\/ordoline.com\/is\/"},{"@type":"ListItem","position":2,"name":"Af hverju Ordoline"}]},{"@type":"WebSite","@id":"https:\/\/ordoline.com\/is\/#website","url":"https:\/\/ordoline.com\/is\/","name":"Ordoline","description":"Confidence and predictability with every aligner case","publisher":{"@id":"https:\/\/ordoline.com\/is\/#organization"},"potentialAction":[{"@type":"SearchAction","target":{"@type":"EntryPoint","urlTemplate":"https:\/\/ordoline.com\/is\/?s={search_term_string}"},"query-input":{"@type":"PropertyValueSpecification","valueRequired":true,"valueName":"search_term_string"}}],"inLanguage":"is"},{"@type":"Organization","@id":"https:\/\/ordoline.com\/is\/#organization","name":"Ordoline","url":"https:\/\/ordoline.com\/is\/","logo":{"@type":"ImageObject","inLanguage":"is","@id":"https:\/\/ordoline.com\/is\/#\/schema\/logo\/image\/","url":"https:\/\/ordoline.com\/wp-content\/uploads\/2021\/08\/ordoline_logo-juodas-4.png","contentUrl":"https:\/\/ordoline.com\/wp-content\/uploads\/2021\/08\/ordoline_logo-juodas-4.png","width":199,"height":40,"caption":"Ordoline"},"image":{"@id":"https:\/\/ordoline.com\/is\/#\/schema\/logo\/image\/"}}]}},"_links":{"self":[{"href":"https:\/\/ordoline.com\/is\/wp-json\/wp\/v2\/pages\/38271","targetHints":{"allow":["GET"]}}],"collection":[{"href":"https:\/\/ordoline.com\/is\/wp-json\/wp\/v2\/pages"}],"about":[{"href":"https:\/\/ordoline.com\/is\/wp-json\/wp\/v2\/types\/page"}],"author":[{"embeddable":true,"href":"https:\/\/ordoline.com\/is\/wp-json\/wp\/v2\/users\/1"}],"replies":[{"embeddable":true,"href":"https:\/\/ordoline.com\/is\/wp-json\/wp\/v2\/comments?post=38271"}],"version-history":[{"count":1,"href":"https:\/\/ordoline.com\/is\/wp-json\/wp\/v2\/pages\/38271\/revisions"}],"predecessor-version":[{"id":38357,"href":"https:\/\/ordoline.com\/is\/wp-json\/wp\/v2\/pages\/38271\/revisions\/38357"}],"wp:attachment":[{"href":"https:\/\/ordoline.com\/is\/wp-json\/wp\/v2\/media?parent=38271"}],"curies":[{"name":"wp","href":"https:\/\/api.w.org\/{rel}","templated":true}]}}