{"id":38232,"date":"2021-08-24T14:07:19","date_gmt":"2021-08-24T14:07:19","guid":{"rendered":"https:\/\/ordoline.com\/invisiteeth-straightening-with-aligners\/"},"modified":"2025-09-05T14:43:46","modified_gmt":"2025-09-05T14:43:46","slug":"invisiteeth-straightening-with-aligners","status":"publish","type":"page","link":"https:\/\/ordoline.com\/is\/invisiteeth-straightening-with-aligners\/","title":{"rendered":"\u00d3s\u00fdnileg og \u00e1rangursr\u00edk t\u00f6nnumr\u00e9tting"},"content":{"rendered":"\n<p><\/p>\n\n\n\n<p><\/p>\n","protected":false},"excerpt":{"rendered":"","protected":false},"author":1,"featured_media":0,"parent":0,"menu_order":0,"comment_status":"closed","ping_status":"closed","template":"home-b2c.php","meta":{"_acf_changed":false,"inline_featured_image":false,"footnotes":""},"class_list":["post-38232","page","type-page","status-publish","hentry"],"acf":[],"yoast_head":"<!-- This site is optimized with the Yoast SEO plugin v25.9 - https:\/\/yoast.com\/wordpress\/plugins\/seo\/ -->\n<title>\u00d3s\u00fdnileg og \u00e1rangursr\u00edk t\u00f6nnumr\u00e9tting - Ordoline<\/title>\n<meta name=\"robots\" content=\"index, follow, max-snippet:-1, max-image-preview:large, max-video-preview:-1\" \/>\n<link rel=\"canonical\" href=\"https:\/\/ordoline.com\/is\/invisiteeth-straightening-with-aligners\/\" \/>\n<meta property=\"og:locale\" content=\"is_IS\" \/>\n<meta property=\"og:type\" content=\"article\" \/>\n<meta property=\"og:title\" content=\"\u00d3s\u00fdnileg og \u00e1rangursr\u00edk t\u00f6nnumr\u00e9tting - Ordoline\" \/>\n<meta property=\"og:url\" content=\"https:\/\/ordoline.com\/is\/invisiteeth-straightening-with-aligners\/\" \/>\n<meta property=\"og:site_name\" content=\"Ordoline\" \/>\n<meta property=\"article:modified_time\" content=\"2025-09-05T14:43:46+00:00\" \/>\n<meta name=\"twitter:card\" content=\"summary_large_image\" \/>\n<script type=\"application\/ld+json\" class=\"yoast-schema-graph\">{\"@context\":\"https:\/\/schema.org\",\"@graph\":[{\"@type\":\"WebPage\",\"@id\":\"https:\/\/ordoline.com\/is\/invisiteeth-straightening-with-aligners\/\",\"url\":\"https:\/\/ordoline.com\/is\/invisiteeth-straightening-with-aligners\/\",\"name\":\"\u00d3s\u00fdnileg og \u00e1rangursr\u00edk t\u00f6nnumr\u00e9tting - Ordoline\",\"isPartOf\":{\"@id\":\"https:\/\/ordoline.com\/is\/#website\"},\"datePublished\":\"2021-08-24T14:07:19+00:00\",\"dateModified\":\"2025-09-05T14:43:46+00:00\",\"breadcrumb\":{\"@id\":\"https:\/\/ordoline.com\/is\/invisiteeth-straightening-with-aligners\/#breadcrumb\"},\"inLanguage\":\"is\",\"potentialAction\":[{\"@type\":\"ReadAction\",\"target\":[\"https:\/\/ordoline.com\/is\/invisiteeth-straightening-with-aligners\/\"]}]},{\"@type\":\"BreadcrumbList\",\"@id\":\"https:\/\/ordoline.com\/is\/invisiteeth-straightening-with-aligners\/#breadcrumb\",\"itemListElement\":[{\"@type\":\"ListItem\",\"position\":1,\"name\":\"Home\",\"item\":\"https:\/\/ordoline.com\/is\/\"},{\"@type\":\"ListItem\",\"position\":2,\"name\":\"\u00d3s\u00fdnileg og \u00e1rangursr\u00edk t\u00f6nnumr\u00e9tting\"}]},{\"@type\":\"WebSite\",\"@id\":\"https:\/\/ordoline.com\/is\/#website\",\"url\":\"https:\/\/ordoline.com\/is\/\",\"name\":\"Ordoline\",\"description\":\"Confidence and predictability with every aligner case\",\"publisher\":{\"@id\":\"https:\/\/ordoline.com\/is\/#organization\"},\"potentialAction\":[{\"@type\":\"SearchAction\",\"target\":{\"@type\":\"EntryPoint\",\"urlTemplate\":\"https:\/\/ordoline.com\/is\/?s={search_term_string}\"},\"query-input\":{\"@type\":\"PropertyValueSpecification\",\"valueRequired\":true,\"valueName\":\"search_term_string\"}}],\"inLanguage\":\"is\"},{\"@type\":\"Organization\",\"@id\":\"https:\/\/ordoline.com\/is\/#organization\",\"name\":\"Ordoline\",\"url\":\"https:\/\/ordoline.com\/is\/\",\"logo\":{\"@type\":\"ImageObject\",\"inLanguage\":\"is\",\"@id\":\"https:\/\/ordoline.com\/is\/#\/schema\/logo\/image\/\",\"url\":\"https:\/\/ordoline.com\/wp-content\/uploads\/2021\/08\/ordoline_logo-juodas-4.png\",\"contentUrl\":\"https:\/\/ordoline.com\/wp-content\/uploads\/2021\/08\/ordoline_logo-juodas-4.png\",\"width\":199,\"height\":40,\"caption\":\"Ordoline\"},\"image\":{\"@id\":\"https:\/\/ordoline.com\/is\/#\/schema\/logo\/image\/\"}}]}<\/script>\n<!-- \/ Yoast SEO plugin. -->","yoast_head_json":{"title":"\u00d3s\u00fdnileg og \u00e1rangursr\u00edk t\u00f6nnumr\u00e9tting - Ordoline","robots":{"index":"index","follow":"follow","max-snippet":"max-snippet:-1","max-image-preview":"max-image-preview:large","max-video-preview":"max-video-preview:-1"},"canonical":"https:\/\/ordoline.com\/is\/invisiteeth-straightening-with-aligners\/","og_locale":"is_IS","og_type":"article","og_title":"\u00d3s\u00fdnileg og \u00e1rangursr\u00edk t\u00f6nnumr\u00e9tting - Ordoline","og_url":"https:\/\/ordoline.com\/is\/invisiteeth-straightening-with-aligners\/","og_site_name":"Ordoline","article_modified_time":"2025-09-05T14:43:46+00:00","twitter_card":"summary_large_image","schema":{"@context":"https:\/\/schema.org","@graph":[{"@type":"WebPage","@id":"https:\/\/ordoline.com\/is\/invisiteeth-straightening-with-aligners\/","url":"https:\/\/ordoline.com\/is\/invisiteeth-straightening-with-aligners\/","name":"\u00d3s\u00fdnileg og \u00e1rangursr\u00edk t\u00f6nnumr\u00e9tting - Ordoline","isPartOf":{"@id":"https:\/\/ordoline.com\/is\/#website"},"datePublished":"2021-08-24T14:07:19+00:00","dateModified":"2025-09-05T14:43:46+00:00","breadcrumb":{"@id":"https:\/\/ordoline.com\/is\/invisiteeth-straightening-with-aligners\/#breadcrumb"},"inLanguage":"is","potentialAction":[{"@type":"ReadAction","target":["https:\/\/ordoline.com\/is\/invisiteeth-straightening-with-aligners\/"]}]},{"@type":"BreadcrumbList","@id":"https:\/\/ordoline.com\/is\/invisiteeth-straightening-with-aligners\/#breadcrumb","itemListElement":[{"@type":"ListItem","position":1,"name":"Home","item":"https:\/\/ordoline.com\/is\/"},{"@type":"ListItem","position":2,"name":"\u00d3s\u00fdnileg og \u00e1rangursr\u00edk t\u00f6nnumr\u00e9tting"}]},{"@type":"WebSite","@id":"https:\/\/ordoline.com\/is\/#website","url":"https:\/\/ordoline.com\/is\/","name":"Ordoline","description":"Confidence and predictability with every aligner case","publisher":{"@id":"https:\/\/ordoline.com\/is\/#organization"},"potentialAction":[{"@type":"SearchAction","target":{"@type":"EntryPoint","urlTemplate":"https:\/\/ordoline.com\/is\/?s={search_term_string}"},"query-input":{"@type":"PropertyValueSpecification","valueRequired":true,"valueName":"search_term_string"}}],"inLanguage":"is"},{"@type":"Organization","@id":"https:\/\/ordoline.com\/is\/#organization","name":"Ordoline","url":"https:\/\/ordoline.com\/is\/","logo":{"@type":"ImageObject","inLanguage":"is","@id":"https:\/\/ordoline.com\/is\/#\/schema\/logo\/image\/","url":"https:\/\/ordoline.com\/wp-content\/uploads\/2021\/08\/ordoline_logo-juodas-4.png","contentUrl":"https:\/\/ordoline.com\/wp-content\/uploads\/2021\/08\/ordoline_logo-juodas-4.png","width":199,"height":40,"caption":"Ordoline"},"image":{"@id":"https:\/\/ordoline.com\/is\/#\/schema\/logo\/image\/"}}]}},"_links":{"self":[{"href":"https:\/\/ordoline.com\/is\/wp-json\/wp\/v2\/pages\/38232","targetHints":{"allow":["GET"]}}],"collection":[{"href":"https:\/\/ordoline.com\/is\/wp-json\/wp\/v2\/pages"}],"about":[{"href":"https:\/\/ordoline.com\/is\/wp-json\/wp\/v2\/types\/page"}],"author":[{"embeddable":true,"href":"https:\/\/ordoline.com\/is\/wp-json\/wp\/v2\/users\/1"}],"replies":[{"embeddable":true,"href":"https:\/\/ordoline.com\/is\/wp-json\/wp\/v2\/comments?post=38232"}],"version-history":[{"count":1,"href":"https:\/\/ordoline.com\/is\/wp-json\/wp\/v2\/pages\/38232\/revisions"}],"predecessor-version":[{"id":38270,"href":"https:\/\/ordoline.com\/is\/wp-json\/wp\/v2\/pages\/38232\/revisions\/38270"}],"wp:attachment":[{"href":"https:\/\/ordoline.com\/is\/wp-json\/wp\/v2\/media?parent=38232"}],"curies":[{"name":"wp","href":"https:\/\/api.w.org\/{rel}","templated":true}]}}