{"id":38216,"date":"2021-10-10T12:34:53","date_gmt":"2021-10-10T12:34:53","guid":{"rendered":"https:\/\/ordoline.com\/aligners-vs-braces-b2b\/"},"modified":"2025-09-05T14:37:43","modified_gmt":"2025-09-05T14:37:43","slug":"aligners-vs-braces-b2b","status":"publish","type":"page","link":"https:\/\/ordoline.com\/is\/aligners-vs-braces-b2b\/","title":{"rendered":"Glerja tannr\u00e9ttingar vs. Tannl\u00edm"},"content":{"rendered":"\n<p>B\u00e6\u00f0i glerjatannr\u00e9ttingar og tannl\u00edm eru \u00e1hrifar\u00edk t\u00e6ki til tannr\u00e9ttingar. Hins vegar bj\u00f3\u00f0a n\u00fat\u00edmalegir t\u00e6rir glerjatannr\u00e9ttingar upp \u00e1 mikla fyrirsj\u00e1anleika me\u00f0fer\u00f0ar, styttri t\u00edma \u00ed st\u00f3l og \u00fe\u00e6gilegri upplifun fyrir sj\u00faklinginn \u2014 jafnvel \u00ed fl\u00f3knum tilfellum.<\/p>\n\n\n\n<p><\/p>\n","protected":false},"excerpt":{"rendered":"<p>B\u00e6\u00f0i glerjatannr\u00e9ttingar og tannl\u00edm eru \u00e1hrifar\u00edk t\u00e6ki til tannr\u00e9ttingar. Hins vegar bj\u00f3\u00f0a n\u00fat\u00edmalegir t\u00e6rir glerjatannr\u00e9ttingar upp \u00e1 mikla fyrirsj\u00e1anleika me\u00f0fer\u00f0ar, styttri t\u00edma \u00ed st\u00f3l og \u00fe\u00e6gilegri upplifun fyrir sj\u00faklinginn \u2014 jafnvel \u00ed fl\u00f3knum tilfellum.<\/p>\n","protected":false},"author":1,"featured_media":38218,"parent":0,"menu_order":0,"comment_status":"closed","ping_status":"closed","template":"page-comparison-b2b.php","meta":{"_acf_changed":false,"inline_featured_image":false,"footnotes":""},"class_list":["post-38216","page","type-page","status-publish","has-post-thumbnail","hentry"],"acf":[],"yoast_head":"<!-- This site is optimized with the Yoast SEO plugin v25.9 - https:\/\/yoast.com\/wordpress\/plugins\/seo\/ -->\n<title>Glerja tannr\u00e9ttingar vs. Tannl\u00edm - Ordoline<\/title>\n<meta name=\"robots\" content=\"index, follow, max-snippet:-1, max-image-preview:large, max-video-preview:-1\" \/>\n<link rel=\"canonical\" href=\"https:\/\/ordoline.com\/is\/aligners-vs-braces-b2b\/\" \/>\n<meta property=\"og:locale\" content=\"is_IS\" \/>\n<meta property=\"og:type\" content=\"article\" \/>\n<meta property=\"og:title\" content=\"Glerja tannr\u00e9ttingar vs. Tannl\u00edm - Ordoline\" \/>\n<meta property=\"og:description\" content=\"B\u00e6\u00f0i glerjatannr\u00e9ttingar og tannl\u00edm eru \u00e1hrifar\u00edk t\u00e6ki til tannr\u00e9ttingar. Hins vegar bj\u00f3\u00f0a n\u00fat\u00edmalegir t\u00e6rir glerjatannr\u00e9ttingar upp \u00e1 mikla fyrirsj\u00e1anleika me\u00f0fer\u00f0ar, styttri t\u00edma \u00ed st\u00f3l og \u00fe\u00e6gilegri upplifun fyrir sj\u00faklinginn \u2014 jafnvel \u00ed fl\u00f3knum tilfellum.\" \/>\n<meta property=\"og:url\" content=\"https:\/\/ordoline.com\/is\/aligners-vs-braces-b2b\/\" \/>\n<meta property=\"og:site_name\" content=\"Ordoline\" \/>\n<meta property=\"article:modified_time\" content=\"2025-09-05T14:37:43+00:00\" \/>\n<meta property=\"og:image\" content=\"https:\/\/ordoline.com\/wp-content\/uploads\/2021\/08\/cut-1.png\" \/>\n\t<meta property=\"og:image:width\" content=\"1786\" \/>\n\t<meta property=\"og:image:height\" content=\"1360\" \/>\n\t<meta property=\"og:image:type\" content=\"image\/png\" \/>\n<meta name=\"twitter:card\" content=\"summary_large_image\" \/>\n<meta name=\"twitter:label1\" content=\"Est. reading time\" \/>\n\t<meta name=\"twitter:data1\" content=\"1 minute\" \/>\n<script type=\"application\/ld+json\" class=\"yoast-schema-graph\">{\"@context\":\"https:\/\/schema.org\",\"@graph\":[{\"@type\":\"WebPage\",\"@id\":\"https:\/\/ordoline.com\/is\/aligners-vs-braces-b2b\/\",\"url\":\"https:\/\/ordoline.com\/is\/aligners-vs-braces-b2b\/\",\"name\":\"Glerja tannr\u00e9ttingar vs. Tannl\u00edm - Ordoline\",\"isPartOf\":{\"@id\":\"https:\/\/ordoline.com\/is\/#website\"},\"primaryImageOfPage\":{\"@id\":\"https:\/\/ordoline.com\/is\/aligners-vs-braces-b2b\/#primaryimage\"},\"image\":{\"@id\":\"https:\/\/ordoline.com\/is\/aligners-vs-braces-b2b\/#primaryimage\"},\"thumbnailUrl\":\"https:\/\/ordoline.com\/wp-content\/uploads\/2021\/08\/cut-1.png\",\"datePublished\":\"2021-10-10T12:34:53+00:00\",\"dateModified\":\"2025-09-05T14:37:43+00:00\",\"breadcrumb\":{\"@id\":\"https:\/\/ordoline.com\/is\/aligners-vs-braces-b2b\/#breadcrumb\"},\"inLanguage\":\"is\",\"potentialAction\":[{\"@type\":\"ReadAction\",\"target\":[\"https:\/\/ordoline.com\/is\/aligners-vs-braces-b2b\/\"]}]},{\"@type\":\"ImageObject\",\"inLanguage\":\"is\",\"@id\":\"https:\/\/ordoline.com\/is\/aligners-vs-braces-b2b\/#primaryimage\",\"url\":\"https:\/\/ordoline.com\/wp-content\/uploads\/2021\/08\/cut-1.png\",\"contentUrl\":\"https:\/\/ordoline.com\/wp-content\/uploads\/2021\/08\/cut-1.png\",\"width\":1786,\"height\":1360},{\"@type\":\"BreadcrumbList\",\"@id\":\"https:\/\/ordoline.com\/is\/aligners-vs-braces-b2b\/#breadcrumb\",\"itemListElement\":[{\"@type\":\"ListItem\",\"position\":1,\"name\":\"Home\",\"item\":\"https:\/\/ordoline.com\/is\/\"},{\"@type\":\"ListItem\",\"position\":2,\"name\":\"Glerja tannr\u00e9ttingar vs. Tannl\u00edm\"}]},{\"@type\":\"WebSite\",\"@id\":\"https:\/\/ordoline.com\/is\/#website\",\"url\":\"https:\/\/ordoline.com\/is\/\",\"name\":\"Ordoline\",\"description\":\"Confidence and predictability with every aligner case\",\"publisher\":{\"@id\":\"https:\/\/ordoline.com\/is\/#organization\"},\"potentialAction\":[{\"@type\":\"SearchAction\",\"target\":{\"@type\":\"EntryPoint\",\"urlTemplate\":\"https:\/\/ordoline.com\/is\/?s={search_term_string}\"},\"query-input\":{\"@type\":\"PropertyValueSpecification\",\"valueRequired\":true,\"valueName\":\"search_term_string\"}}],\"inLanguage\":\"is\"},{\"@type\":\"Organization\",\"@id\":\"https:\/\/ordoline.com\/is\/#organization\",\"name\":\"Ordoline\",\"url\":\"https:\/\/ordoline.com\/is\/\",\"logo\":{\"@type\":\"ImageObject\",\"inLanguage\":\"is\",\"@id\":\"https:\/\/ordoline.com\/is\/#\/schema\/logo\/image\/\",\"url\":\"https:\/\/ordoline.com\/wp-content\/uploads\/2021\/08\/ordoline_logo-juodas-4.png\",\"contentUrl\":\"https:\/\/ordoline.com\/wp-content\/uploads\/2021\/08\/ordoline_logo-juodas-4.png\",\"width\":199,\"height\":40,\"caption\":\"Ordoline\"},\"image\":{\"@id\":\"https:\/\/ordoline.com\/is\/#\/schema\/logo\/image\/\"}}]}<\/script>\n<!-- \/ Yoast SEO plugin. -->","yoast_head_json":{"title":"Glerja tannr\u00e9ttingar vs. Tannl\u00edm - Ordoline","robots":{"index":"index","follow":"follow","max-snippet":"max-snippet:-1","max-image-preview":"max-image-preview:large","max-video-preview":"max-video-preview:-1"},"canonical":"https:\/\/ordoline.com\/is\/aligners-vs-braces-b2b\/","og_locale":"is_IS","og_type":"article","og_title":"Glerja tannr\u00e9ttingar vs. Tannl\u00edm - Ordoline","og_description":"B\u00e6\u00f0i glerjatannr\u00e9ttingar og tannl\u00edm eru \u00e1hrifar\u00edk t\u00e6ki til tannr\u00e9ttingar. Hins vegar bj\u00f3\u00f0a n\u00fat\u00edmalegir t\u00e6rir glerjatannr\u00e9ttingar upp \u00e1 mikla fyrirsj\u00e1anleika me\u00f0fer\u00f0ar, styttri t\u00edma \u00ed st\u00f3l og \u00fe\u00e6gilegri upplifun fyrir sj\u00faklinginn \u2014 jafnvel \u00ed fl\u00f3knum tilfellum.","og_url":"https:\/\/ordoline.com\/is\/aligners-vs-braces-b2b\/","og_site_name":"Ordoline","article_modified_time":"2025-09-05T14:37:43+00:00","og_image":[{"width":1786,"height":1360,"url":"https:\/\/ordoline.com\/wp-content\/uploads\/2021\/08\/cut-1.png","type":"image\/png"}],"twitter_card":"summary_large_image","twitter_misc":{"Est. reading time":"1 minute"},"schema":{"@context":"https:\/\/schema.org","@graph":[{"@type":"WebPage","@id":"https:\/\/ordoline.com\/is\/aligners-vs-braces-b2b\/","url":"https:\/\/ordoline.com\/is\/aligners-vs-braces-b2b\/","name":"Glerja tannr\u00e9ttingar vs. Tannl\u00edm - Ordoline","isPartOf":{"@id":"https:\/\/ordoline.com\/is\/#website"},"primaryImageOfPage":{"@id":"https:\/\/ordoline.com\/is\/aligners-vs-braces-b2b\/#primaryimage"},"image":{"@id":"https:\/\/ordoline.com\/is\/aligners-vs-braces-b2b\/#primaryimage"},"thumbnailUrl":"https:\/\/ordoline.com\/wp-content\/uploads\/2021\/08\/cut-1.png","datePublished":"2021-10-10T12:34:53+00:00","dateModified":"2025-09-05T14:37:43+00:00","breadcrumb":{"@id":"https:\/\/ordoline.com\/is\/aligners-vs-braces-b2b\/#breadcrumb"},"inLanguage":"is","potentialAction":[{"@type":"ReadAction","target":["https:\/\/ordoline.com\/is\/aligners-vs-braces-b2b\/"]}]},{"@type":"ImageObject","inLanguage":"is","@id":"https:\/\/ordoline.com\/is\/aligners-vs-braces-b2b\/#primaryimage","url":"https:\/\/ordoline.com\/wp-content\/uploads\/2021\/08\/cut-1.png","contentUrl":"https:\/\/ordoline.com\/wp-content\/uploads\/2021\/08\/cut-1.png","width":1786,"height":1360},{"@type":"BreadcrumbList","@id":"https:\/\/ordoline.com\/is\/aligners-vs-braces-b2b\/#breadcrumb","itemListElement":[{"@type":"ListItem","position":1,"name":"Home","item":"https:\/\/ordoline.com\/is\/"},{"@type":"ListItem","position":2,"name":"Glerja tannr\u00e9ttingar vs. Tannl\u00edm"}]},{"@type":"WebSite","@id":"https:\/\/ordoline.com\/is\/#website","url":"https:\/\/ordoline.com\/is\/","name":"Ordoline","description":"Confidence and predictability with every aligner case","publisher":{"@id":"https:\/\/ordoline.com\/is\/#organization"},"potentialAction":[{"@type":"SearchAction","target":{"@type":"EntryPoint","urlTemplate":"https:\/\/ordoline.com\/is\/?s={search_term_string}"},"query-input":{"@type":"PropertyValueSpecification","valueRequired":true,"valueName":"search_term_string"}}],"inLanguage":"is"},{"@type":"Organization","@id":"https:\/\/ordoline.com\/is\/#organization","name":"Ordoline","url":"https:\/\/ordoline.com\/is\/","logo":{"@type":"ImageObject","inLanguage":"is","@id":"https:\/\/ordoline.com\/is\/#\/schema\/logo\/image\/","url":"https:\/\/ordoline.com\/wp-content\/uploads\/2021\/08\/ordoline_logo-juodas-4.png","contentUrl":"https:\/\/ordoline.com\/wp-content\/uploads\/2021\/08\/ordoline_logo-juodas-4.png","width":199,"height":40,"caption":"Ordoline"},"image":{"@id":"https:\/\/ordoline.com\/is\/#\/schema\/logo\/image\/"}}]}},"_links":{"self":[{"href":"https:\/\/ordoline.com\/is\/wp-json\/wp\/v2\/pages\/38216","targetHints":{"allow":["GET"]}}],"collection":[{"href":"https:\/\/ordoline.com\/is\/wp-json\/wp\/v2\/pages"}],"about":[{"href":"https:\/\/ordoline.com\/is\/wp-json\/wp\/v2\/types\/page"}],"author":[{"embeddable":true,"href":"https:\/\/ordoline.com\/is\/wp-json\/wp\/v2\/users\/1"}],"replies":[{"embeddable":true,"href":"https:\/\/ordoline.com\/is\/wp-json\/wp\/v2\/comments?post=38216"}],"version-history":[{"count":1,"href":"https:\/\/ordoline.com\/is\/wp-json\/wp\/v2\/pages\/38216\/revisions"}],"predecessor-version":[{"id":38223,"href":"https:\/\/ordoline.com\/is\/wp-json\/wp\/v2\/pages\/38216\/revisions\/38223"}],"wp:featuredmedia":[{"embeddable":true,"href":"https:\/\/ordoline.com\/is\/wp-json\/wp\/v2\/media\/38218"}],"wp:attachment":[{"href":"https:\/\/ordoline.com\/is\/wp-json\/wp\/v2\/media?parent=38216"}],"curies":[{"name":"wp","href":"https:\/\/api.w.org\/{rel}","templated":true}]}}