{"id":38204,"date":"2021-10-10T13:01:28","date_gmt":"2021-10-10T13:01:28","guid":{"rendered":"https:\/\/ordoline.com\/treatment-results-b2b\/"},"modified":"2025-09-05T14:34:00","modified_gmt":"2025-09-05T14:34:00","slug":"treatment-results-b2b","status":"publish","type":"page","link":"https:\/\/ordoline.com\/is\/treatment-results-b2b\/","title":{"rendered":"Fyrirsj\u00e1anleg me\u00f0fer\u00f0arni\u00f0urst\u00f6\u00f0ur"},"content":{"rendered":"\n<p>Ordoline sameinar v\u00edsindalega sta\u00f0festar me\u00f0fer\u00f0arreglur me\u00f0 s\u00e9rfr\u00e6\u00f0i\u00feekkingu \u00ed tannr\u00e9ttingum til a\u00f0 tryggja h\u00e1a kl\u00edn\u00edskri n\u00e1kv\u00e6mni \u2014 allt fr\u00e1 einf\u00f6ldum j\u00f6fnunum til fl\u00f3kinna skekkja \u00ed bit.<\/p>\n\n\n\n<p>Stu\u00f0ningur vi\u00f0 \u00f3h\u00e1\u00f0a ranns\u00f3knir s\u00fdnir a\u00f0 Ordoline n\u00e6r 67\u201378% n\u00e1kv\u00e6mni \u00ed fl\u00f3knum tilfellum, sem er verulega yfir me\u00f0altali \u00e1 marka\u00f0num. \u00deessi frammista\u00f0a er ger\u00f0 m\u00f6guleg me\u00f0 \u00e1\u00e6tlanager\u00f0 undir lei\u00f0s\u00f6gn s\u00e9rfr\u00e6\u00f0inga, \u00feriggja laga g\u00e6\u00f0aeftirlitskerfi og fullri sam\u00fe\u00e6ttingu tannr\u00e9ttingaa\u00f0sto\u00f0ar.<\/p>\n\n\n\n<p>Ordoline gerir kleift a\u00f0 me\u00f0h\u00f6ndla me\u00f0fer\u00f0 me\u00f0 sj\u00e1lfstrausti \u00e1 brei\u00f0um h\u00f3pi sj\u00faklinga \u2014 allt fr\u00e1 n\u00fdli\u00f0um \u00ed notkun tannr\u00e9ttingarglerja til reyndra tannr\u00e9ttingarl\u00e6kna sem stj\u00f3rna fl\u00f3knum tilfellum.<\/p>\n","protected":false},"excerpt":{"rendered":"<p>Ordoline sameinar v\u00edsindalega sta\u00f0festar me\u00f0fer\u00f0arreglur me\u00f0 s\u00e9rfr\u00e6\u00f0i\u00feekkingu \u00ed tannr\u00e9ttingum til a\u00f0 tryggja h\u00e1a kl\u00edn\u00edskri n\u00e1kv\u00e6mni \u2014 allt fr\u00e1 einf\u00f6ldum j\u00f6fnunum til fl\u00f3kinna skekkja \u00ed bit. Stu\u00f0ningur vi\u00f0 \u00f3h\u00e1\u00f0a ranns\u00f3knir s\u00fdnir a\u00f0 Ordoline n\u00e6r 67\u201378% n\u00e1kv\u00e6mni \u00ed fl\u00f3knum tilfellum, sem er verulega yfir me\u00f0altali \u00e1 marka\u00f0num. \u00deessi frammista\u00f0a er ger\u00f0 m\u00f6guleg me\u00f0 \u00e1\u00e6tlanager\u00f0 undir lei\u00f0s\u00f6gn s\u00e9rfr\u00e6\u00f0inga, [&hellip;]<\/p>\n","protected":false},"author":1,"featured_media":0,"parent":0,"menu_order":0,"comment_status":"closed","ping_status":"closed","template":"page-treatment-b2b.php","meta":{"_acf_changed":false,"inline_featured_image":false,"footnotes":""},"class_list":["post-38204","page","type-page","status-publish","hentry"],"acf":[],"yoast_head":"<!-- This site is optimized with the Yoast SEO plugin v25.9 - https:\/\/yoast.com\/wordpress\/plugins\/seo\/ -->\n<title>Fyrirsj\u00e1anleg me\u00f0fer\u00f0arni\u00f0urst\u00f6\u00f0ur - Ordoline<\/title>\n<meta name=\"robots\" content=\"index, follow, max-snippet:-1, max-image-preview:large, max-video-preview:-1\" \/>\n<link rel=\"canonical\" href=\"https:\/\/ordoline.com\/is\/treatment-results-b2b\/\" \/>\n<meta property=\"og:locale\" content=\"is_IS\" \/>\n<meta property=\"og:type\" content=\"article\" \/>\n<meta property=\"og:title\" content=\"Fyrirsj\u00e1anleg me\u00f0fer\u00f0arni\u00f0urst\u00f6\u00f0ur - Ordoline\" \/>\n<meta property=\"og:description\" content=\"Ordoline sameinar v\u00edsindalega sta\u00f0festar me\u00f0fer\u00f0arreglur me\u00f0 s\u00e9rfr\u00e6\u00f0i\u00feekkingu \u00ed tannr\u00e9ttingum til a\u00f0 tryggja h\u00e1a kl\u00edn\u00edskri n\u00e1kv\u00e6mni \u2014 allt fr\u00e1 einf\u00f6ldum j\u00f6fnunum til fl\u00f3kinna skekkja \u00ed bit. Stu\u00f0ningur vi\u00f0 \u00f3h\u00e1\u00f0a ranns\u00f3knir s\u00fdnir a\u00f0 Ordoline n\u00e6r 67\u201378% n\u00e1kv\u00e6mni \u00ed fl\u00f3knum tilfellum, sem er verulega yfir me\u00f0altali \u00e1 marka\u00f0num. \u00deessi frammista\u00f0a er ger\u00f0 m\u00f6guleg me\u00f0 \u00e1\u00e6tlanager\u00f0 undir lei\u00f0s\u00f6gn s\u00e9rfr\u00e6\u00f0inga, [&hellip;]\" \/>\n<meta property=\"og:url\" content=\"https:\/\/ordoline.com\/is\/treatment-results-b2b\/\" \/>\n<meta property=\"og:site_name\" content=\"Ordoline\" \/>\n<meta property=\"article:modified_time\" content=\"2025-09-05T14:34:00+00:00\" \/>\n<meta name=\"twitter:card\" content=\"summary_large_image\" \/>\n<meta name=\"twitter:label1\" content=\"Est. reading time\" \/>\n\t<meta name=\"twitter:data1\" content=\"1 minute\" \/>\n<script type=\"application\/ld+json\" class=\"yoast-schema-graph\">{\"@context\":\"https:\/\/schema.org\",\"@graph\":[{\"@type\":\"WebPage\",\"@id\":\"https:\/\/ordoline.com\/is\/treatment-results-b2b\/\",\"url\":\"https:\/\/ordoline.com\/is\/treatment-results-b2b\/\",\"name\":\"Fyrirsj\u00e1anleg me\u00f0fer\u00f0arni\u00f0urst\u00f6\u00f0ur - Ordoline\",\"isPartOf\":{\"@id\":\"https:\/\/ordoline.com\/is\/#website\"},\"datePublished\":\"2021-10-10T13:01:28+00:00\",\"dateModified\":\"2025-09-05T14:34:00+00:00\",\"breadcrumb\":{\"@id\":\"https:\/\/ordoline.com\/is\/treatment-results-b2b\/#breadcrumb\"},\"inLanguage\":\"is\",\"potentialAction\":[{\"@type\":\"ReadAction\",\"target\":[\"https:\/\/ordoline.com\/is\/treatment-results-b2b\/\"]}]},{\"@type\":\"BreadcrumbList\",\"@id\":\"https:\/\/ordoline.com\/is\/treatment-results-b2b\/#breadcrumb\",\"itemListElement\":[{\"@type\":\"ListItem\",\"position\":1,\"name\":\"Home\",\"item\":\"https:\/\/ordoline.com\/is\/\"},{\"@type\":\"ListItem\",\"position\":2,\"name\":\"Fyrirsj\u00e1anleg me\u00f0fer\u00f0arni\u00f0urst\u00f6\u00f0ur\"}]},{\"@type\":\"WebSite\",\"@id\":\"https:\/\/ordoline.com\/is\/#website\",\"url\":\"https:\/\/ordoline.com\/is\/\",\"name\":\"Ordoline\",\"description\":\"Confidence and predictability with every aligner case\",\"publisher\":{\"@id\":\"https:\/\/ordoline.com\/is\/#organization\"},\"potentialAction\":[{\"@type\":\"SearchAction\",\"target\":{\"@type\":\"EntryPoint\",\"urlTemplate\":\"https:\/\/ordoline.com\/is\/?s={search_term_string}\"},\"query-input\":{\"@type\":\"PropertyValueSpecification\",\"valueRequired\":true,\"valueName\":\"search_term_string\"}}],\"inLanguage\":\"is\"},{\"@type\":\"Organization\",\"@id\":\"https:\/\/ordoline.com\/is\/#organization\",\"name\":\"Ordoline\",\"url\":\"https:\/\/ordoline.com\/is\/\",\"logo\":{\"@type\":\"ImageObject\",\"inLanguage\":\"is\",\"@id\":\"https:\/\/ordoline.com\/is\/#\/schema\/logo\/image\/\",\"url\":\"https:\/\/ordoline.com\/wp-content\/uploads\/2021\/08\/ordoline_logo-juodas-4.png\",\"contentUrl\":\"https:\/\/ordoline.com\/wp-content\/uploads\/2021\/08\/ordoline_logo-juodas-4.png\",\"width\":199,\"height\":40,\"caption\":\"Ordoline\"},\"image\":{\"@id\":\"https:\/\/ordoline.com\/is\/#\/schema\/logo\/image\/\"}}]}<\/script>\n<!-- \/ Yoast SEO plugin. -->","yoast_head_json":{"title":"Fyrirsj\u00e1anleg me\u00f0fer\u00f0arni\u00f0urst\u00f6\u00f0ur - Ordoline","robots":{"index":"index","follow":"follow","max-snippet":"max-snippet:-1","max-image-preview":"max-image-preview:large","max-video-preview":"max-video-preview:-1"},"canonical":"https:\/\/ordoline.com\/is\/treatment-results-b2b\/","og_locale":"is_IS","og_type":"article","og_title":"Fyrirsj\u00e1anleg me\u00f0fer\u00f0arni\u00f0urst\u00f6\u00f0ur - Ordoline","og_description":"Ordoline sameinar v\u00edsindalega sta\u00f0festar me\u00f0fer\u00f0arreglur me\u00f0 s\u00e9rfr\u00e6\u00f0i\u00feekkingu \u00ed tannr\u00e9ttingum til a\u00f0 tryggja h\u00e1a kl\u00edn\u00edskri n\u00e1kv\u00e6mni \u2014 allt fr\u00e1 einf\u00f6ldum j\u00f6fnunum til fl\u00f3kinna skekkja \u00ed bit. Stu\u00f0ningur vi\u00f0 \u00f3h\u00e1\u00f0a ranns\u00f3knir s\u00fdnir a\u00f0 Ordoline n\u00e6r 67\u201378% n\u00e1kv\u00e6mni \u00ed fl\u00f3knum tilfellum, sem er verulega yfir me\u00f0altali \u00e1 marka\u00f0num. \u00deessi frammista\u00f0a er ger\u00f0 m\u00f6guleg me\u00f0 \u00e1\u00e6tlanager\u00f0 undir lei\u00f0s\u00f6gn s\u00e9rfr\u00e6\u00f0inga, [&hellip;]","og_url":"https:\/\/ordoline.com\/is\/treatment-results-b2b\/","og_site_name":"Ordoline","article_modified_time":"2025-09-05T14:34:00+00:00","twitter_card":"summary_large_image","twitter_misc":{"Est. reading time":"1 minute"},"schema":{"@context":"https:\/\/schema.org","@graph":[{"@type":"WebPage","@id":"https:\/\/ordoline.com\/is\/treatment-results-b2b\/","url":"https:\/\/ordoline.com\/is\/treatment-results-b2b\/","name":"Fyrirsj\u00e1anleg me\u00f0fer\u00f0arni\u00f0urst\u00f6\u00f0ur - Ordoline","isPartOf":{"@id":"https:\/\/ordoline.com\/is\/#website"},"datePublished":"2021-10-10T13:01:28+00:00","dateModified":"2025-09-05T14:34:00+00:00","breadcrumb":{"@id":"https:\/\/ordoline.com\/is\/treatment-results-b2b\/#breadcrumb"},"inLanguage":"is","potentialAction":[{"@type":"ReadAction","target":["https:\/\/ordoline.com\/is\/treatment-results-b2b\/"]}]},{"@type":"BreadcrumbList","@id":"https:\/\/ordoline.com\/is\/treatment-results-b2b\/#breadcrumb","itemListElement":[{"@type":"ListItem","position":1,"name":"Home","item":"https:\/\/ordoline.com\/is\/"},{"@type":"ListItem","position":2,"name":"Fyrirsj\u00e1anleg me\u00f0fer\u00f0arni\u00f0urst\u00f6\u00f0ur"}]},{"@type":"WebSite","@id":"https:\/\/ordoline.com\/is\/#website","url":"https:\/\/ordoline.com\/is\/","name":"Ordoline","description":"Confidence and predictability with every aligner case","publisher":{"@id":"https:\/\/ordoline.com\/is\/#organization"},"potentialAction":[{"@type":"SearchAction","target":{"@type":"EntryPoint","urlTemplate":"https:\/\/ordoline.com\/is\/?s={search_term_string}"},"query-input":{"@type":"PropertyValueSpecification","valueRequired":true,"valueName":"search_term_string"}}],"inLanguage":"is"},{"@type":"Organization","@id":"https:\/\/ordoline.com\/is\/#organization","name":"Ordoline","url":"https:\/\/ordoline.com\/is\/","logo":{"@type":"ImageObject","inLanguage":"is","@id":"https:\/\/ordoline.com\/is\/#\/schema\/logo\/image\/","url":"https:\/\/ordoline.com\/wp-content\/uploads\/2021\/08\/ordoline_logo-juodas-4.png","contentUrl":"https:\/\/ordoline.com\/wp-content\/uploads\/2021\/08\/ordoline_logo-juodas-4.png","width":199,"height":40,"caption":"Ordoline"},"image":{"@id":"https:\/\/ordoline.com\/is\/#\/schema\/logo\/image\/"}}]}},"_links":{"self":[{"href":"https:\/\/ordoline.com\/is\/wp-json\/wp\/v2\/pages\/38204","targetHints":{"allow":["GET"]}}],"collection":[{"href":"https:\/\/ordoline.com\/is\/wp-json\/wp\/v2\/pages"}],"about":[{"href":"https:\/\/ordoline.com\/is\/wp-json\/wp\/v2\/types\/page"}],"author":[{"embeddable":true,"href":"https:\/\/ordoline.com\/is\/wp-json\/wp\/v2\/users\/1"}],"replies":[{"embeddable":true,"href":"https:\/\/ordoline.com\/is\/wp-json\/wp\/v2\/comments?post=38204"}],"version-history":[{"count":1,"href":"https:\/\/ordoline.com\/is\/wp-json\/wp\/v2\/pages\/38204\/revisions"}],"predecessor-version":[{"id":38215,"href":"https:\/\/ordoline.com\/is\/wp-json\/wp\/v2\/pages\/38204\/revisions\/38215"}],"wp:attachment":[{"href":"https:\/\/ordoline.com\/is\/wp-json\/wp\/v2\/media?parent=38204"}],"curies":[{"name":"wp","href":"https:\/\/api.w.org\/{rel}","templated":true}]}}