{"id":38181,"date":"2021-11-12T11:45:30","date_gmt":"2021-11-12T11:45:30","guid":{"rendered":"https:\/\/ordoline.com\/how-ordoline-works-b2c\/"},"modified":"2025-09-05T14:22:48","modified_gmt":"2025-09-05T14:22:48","slug":"how-ordoline-works-b2c","status":"publish","type":"page","link":"https:\/\/ordoline.com\/is\/how-ordoline-works-b2c\/","title":{"rendered":"Hvernig Ordoline virkar"},"content":{"rendered":"\n<p>Ordoline tannr\u00e9ttingast\u00e6ki eru n\u00e6stum \u00f3s\u00fdnileg, fjarl\u00e6ganleg tannr\u00e9ttingart\u00e6ki sem f\u00e6ra tennur \u00ed samr\u00e6mi vi\u00f0 vel skipulag\u00f0a me\u00f0fer\u00f0ar\u00f6\u00f0. \u00deau beita mildum, stj\u00f3rnu\u00f0um \u00fer\u00fdstingi og eru venjulega skipt \u00fat \u00e1 10 daga fresti til a\u00f0 lei\u00f0beina t\u00f6nnum sm\u00e1m saman \u00ed r\u00e9tta st\u00f6\u00f0u.<\/p>\n\n\n\n<p><\/p>\n","protected":false},"excerpt":{"rendered":"<p>Ordoline tannr\u00e9ttingast\u00e6ki eru n\u00e6stum \u00f3s\u00fdnileg, fjarl\u00e6ganleg tannr\u00e9ttingart\u00e6ki sem f\u00e6ra tennur \u00ed samr\u00e6mi vi\u00f0 vel skipulag\u00f0a me\u00f0fer\u00f0ar\u00f6\u00f0. \u00deau beita mildum, stj\u00f3rnu\u00f0um \u00fer\u00fdstingi og eru venjulega skipt \u00fat \u00e1 10 daga fresti til a\u00f0 lei\u00f0beina t\u00f6nnum sm\u00e1m saman \u00ed r\u00e9tta st\u00f6\u00f0u.<\/p>\n","protected":false},"author":1,"featured_media":0,"parent":0,"menu_order":0,"comment_status":"closed","ping_status":"closed","template":"page-how-works-b2c.php","meta":{"_acf_changed":false,"inline_featured_image":false,"footnotes":""},"class_list":["post-38181","page","type-page","status-publish","hentry"],"acf":[],"yoast_head":"<!-- This site is optimized with the Yoast SEO plugin v25.9 - https:\/\/yoast.com\/wordpress\/plugins\/seo\/ -->\n<title>Hvernig Ordoline virkar - Ordoline<\/title>\n<meta name=\"robots\" content=\"index, follow, max-snippet:-1, max-image-preview:large, max-video-preview:-1\" \/>\n<link rel=\"canonical\" href=\"https:\/\/ordoline.com\/is\/how-ordoline-works-b2c\/\" \/>\n<meta property=\"og:locale\" content=\"is_IS\" \/>\n<meta property=\"og:type\" content=\"article\" \/>\n<meta property=\"og:title\" content=\"Hvernig Ordoline virkar - Ordoline\" \/>\n<meta property=\"og:description\" content=\"Ordoline tannr\u00e9ttingast\u00e6ki eru n\u00e6stum \u00f3s\u00fdnileg, fjarl\u00e6ganleg tannr\u00e9ttingart\u00e6ki sem f\u00e6ra tennur \u00ed samr\u00e6mi vi\u00f0 vel skipulag\u00f0a me\u00f0fer\u00f0ar\u00f6\u00f0. \u00deau beita mildum, stj\u00f3rnu\u00f0um \u00fer\u00fdstingi og eru venjulega skipt \u00fat \u00e1 10 daga fresti til a\u00f0 lei\u00f0beina t\u00f6nnum sm\u00e1m saman \u00ed r\u00e9tta st\u00f6\u00f0u.\" \/>\n<meta property=\"og:url\" content=\"https:\/\/ordoline.com\/is\/how-ordoline-works-b2c\/\" \/>\n<meta property=\"og:site_name\" content=\"Ordoline\" \/>\n<meta property=\"article:modified_time\" content=\"2025-09-05T14:22:48+00:00\" \/>\n<meta name=\"twitter:card\" content=\"summary_large_image\" \/>\n<meta name=\"twitter:label1\" content=\"Est. reading time\" \/>\n\t<meta name=\"twitter:data1\" content=\"1 minute\" \/>\n<script type=\"application\/ld+json\" class=\"yoast-schema-graph\">{\"@context\":\"https:\/\/schema.org\",\"@graph\":[{\"@type\":\"WebPage\",\"@id\":\"https:\/\/ordoline.com\/is\/how-ordoline-works-b2c\/\",\"url\":\"https:\/\/ordoline.com\/is\/how-ordoline-works-b2c\/\",\"name\":\"Hvernig Ordoline virkar - Ordoline\",\"isPartOf\":{\"@id\":\"https:\/\/ordoline.com\/is\/#website\"},\"datePublished\":\"2021-11-12T11:45:30+00:00\",\"dateModified\":\"2025-09-05T14:22:48+00:00\",\"breadcrumb\":{\"@id\":\"https:\/\/ordoline.com\/is\/how-ordoline-works-b2c\/#breadcrumb\"},\"inLanguage\":\"is\",\"potentialAction\":[{\"@type\":\"ReadAction\",\"target\":[\"https:\/\/ordoline.com\/is\/how-ordoline-works-b2c\/\"]}]},{\"@type\":\"BreadcrumbList\",\"@id\":\"https:\/\/ordoline.com\/is\/how-ordoline-works-b2c\/#breadcrumb\",\"itemListElement\":[{\"@type\":\"ListItem\",\"position\":1,\"name\":\"Home\",\"item\":\"https:\/\/ordoline.com\/is\/\"},{\"@type\":\"ListItem\",\"position\":2,\"name\":\"Hvernig Ordoline virkar\"}]},{\"@type\":\"WebSite\",\"@id\":\"https:\/\/ordoline.com\/is\/#website\",\"url\":\"https:\/\/ordoline.com\/is\/\",\"name\":\"Ordoline\",\"description\":\"Confidence and predictability with every aligner case\",\"publisher\":{\"@id\":\"https:\/\/ordoline.com\/is\/#organization\"},\"potentialAction\":[{\"@type\":\"SearchAction\",\"target\":{\"@type\":\"EntryPoint\",\"urlTemplate\":\"https:\/\/ordoline.com\/is\/?s={search_term_string}\"},\"query-input\":{\"@type\":\"PropertyValueSpecification\",\"valueRequired\":true,\"valueName\":\"search_term_string\"}}],\"inLanguage\":\"is\"},{\"@type\":\"Organization\",\"@id\":\"https:\/\/ordoline.com\/is\/#organization\",\"name\":\"Ordoline\",\"url\":\"https:\/\/ordoline.com\/is\/\",\"logo\":{\"@type\":\"ImageObject\",\"inLanguage\":\"is\",\"@id\":\"https:\/\/ordoline.com\/is\/#\/schema\/logo\/image\/\",\"url\":\"https:\/\/ordoline.com\/wp-content\/uploads\/2021\/08\/ordoline_logo-juodas-4.png\",\"contentUrl\":\"https:\/\/ordoline.com\/wp-content\/uploads\/2021\/08\/ordoline_logo-juodas-4.png\",\"width\":199,\"height\":40,\"caption\":\"Ordoline\"},\"image\":{\"@id\":\"https:\/\/ordoline.com\/is\/#\/schema\/logo\/image\/\"}}]}<\/script>\n<!-- \/ Yoast SEO plugin. -->","yoast_head_json":{"title":"Hvernig Ordoline virkar - Ordoline","robots":{"index":"index","follow":"follow","max-snippet":"max-snippet:-1","max-image-preview":"max-image-preview:large","max-video-preview":"max-video-preview:-1"},"canonical":"https:\/\/ordoline.com\/is\/how-ordoline-works-b2c\/","og_locale":"is_IS","og_type":"article","og_title":"Hvernig Ordoline virkar - Ordoline","og_description":"Ordoline tannr\u00e9ttingast\u00e6ki eru n\u00e6stum \u00f3s\u00fdnileg, fjarl\u00e6ganleg tannr\u00e9ttingart\u00e6ki sem f\u00e6ra tennur \u00ed samr\u00e6mi vi\u00f0 vel skipulag\u00f0a me\u00f0fer\u00f0ar\u00f6\u00f0. \u00deau beita mildum, stj\u00f3rnu\u00f0um \u00fer\u00fdstingi og eru venjulega skipt \u00fat \u00e1 10 daga fresti til a\u00f0 lei\u00f0beina t\u00f6nnum sm\u00e1m saman \u00ed r\u00e9tta st\u00f6\u00f0u.","og_url":"https:\/\/ordoline.com\/is\/how-ordoline-works-b2c\/","og_site_name":"Ordoline","article_modified_time":"2025-09-05T14:22:48+00:00","twitter_card":"summary_large_image","twitter_misc":{"Est. reading time":"1 minute"},"schema":{"@context":"https:\/\/schema.org","@graph":[{"@type":"WebPage","@id":"https:\/\/ordoline.com\/is\/how-ordoline-works-b2c\/","url":"https:\/\/ordoline.com\/is\/how-ordoline-works-b2c\/","name":"Hvernig Ordoline virkar - Ordoline","isPartOf":{"@id":"https:\/\/ordoline.com\/is\/#website"},"datePublished":"2021-11-12T11:45:30+00:00","dateModified":"2025-09-05T14:22:48+00:00","breadcrumb":{"@id":"https:\/\/ordoline.com\/is\/how-ordoline-works-b2c\/#breadcrumb"},"inLanguage":"is","potentialAction":[{"@type":"ReadAction","target":["https:\/\/ordoline.com\/is\/how-ordoline-works-b2c\/"]}]},{"@type":"BreadcrumbList","@id":"https:\/\/ordoline.com\/is\/how-ordoline-works-b2c\/#breadcrumb","itemListElement":[{"@type":"ListItem","position":1,"name":"Home","item":"https:\/\/ordoline.com\/is\/"},{"@type":"ListItem","position":2,"name":"Hvernig Ordoline virkar"}]},{"@type":"WebSite","@id":"https:\/\/ordoline.com\/is\/#website","url":"https:\/\/ordoline.com\/is\/","name":"Ordoline","description":"Confidence and predictability with every aligner case","publisher":{"@id":"https:\/\/ordoline.com\/is\/#organization"},"potentialAction":[{"@type":"SearchAction","target":{"@type":"EntryPoint","urlTemplate":"https:\/\/ordoline.com\/is\/?s={search_term_string}"},"query-input":{"@type":"PropertyValueSpecification","valueRequired":true,"valueName":"search_term_string"}}],"inLanguage":"is"},{"@type":"Organization","@id":"https:\/\/ordoline.com\/is\/#organization","name":"Ordoline","url":"https:\/\/ordoline.com\/is\/","logo":{"@type":"ImageObject","inLanguage":"is","@id":"https:\/\/ordoline.com\/is\/#\/schema\/logo\/image\/","url":"https:\/\/ordoline.com\/wp-content\/uploads\/2021\/08\/ordoline_logo-juodas-4.png","contentUrl":"https:\/\/ordoline.com\/wp-content\/uploads\/2021\/08\/ordoline_logo-juodas-4.png","width":199,"height":40,"caption":"Ordoline"},"image":{"@id":"https:\/\/ordoline.com\/is\/#\/schema\/logo\/image\/"}}]}},"_links":{"self":[{"href":"https:\/\/ordoline.com\/is\/wp-json\/wp\/v2\/pages\/38181","targetHints":{"allow":["GET"]}}],"collection":[{"href":"https:\/\/ordoline.com\/is\/wp-json\/wp\/v2\/pages"}],"about":[{"href":"https:\/\/ordoline.com\/is\/wp-json\/wp\/v2\/types\/page"}],"author":[{"embeddable":true,"href":"https:\/\/ordoline.com\/is\/wp-json\/wp\/v2\/users\/1"}],"replies":[{"embeddable":true,"href":"https:\/\/ordoline.com\/is\/wp-json\/wp\/v2\/comments?post=38181"}],"version-history":[{"count":1,"href":"https:\/\/ordoline.com\/is\/wp-json\/wp\/v2\/pages\/38181\/revisions"}],"predecessor-version":[{"id":38203,"href":"https:\/\/ordoline.com\/is\/wp-json\/wp\/v2\/pages\/38181\/revisions\/38203"}],"wp:attachment":[{"href":"https:\/\/ordoline.com\/is\/wp-json\/wp\/v2\/media?parent=38181"}],"curies":[{"name":"wp","href":"https:\/\/api.w.org\/{rel}","templated":true}]}}