{"id":38165,"date":"2023-03-30T10:32:51","date_gmt":"2023-03-30T10:32:51","guid":{"rendered":"https:\/\/ordoline.com\/privacy-policy\/"},"modified":"2025-09-05T09:39:44","modified_gmt":"2025-09-05T09:39:44","slug":"privacy-policy","status":"publish","type":"page","link":"https:\/\/ordoline.com\/is\/privacy-policy\/","title":{"rendered":"Pers\u00f3nuverndarstefna"},"content":{"rendered":"\n<h2 class=\"wp-block-heading\"><strong>Vinnsla pers\u00f3nuuppl\u00fdsinga \u00e1 vefs\u00ed\u00f0unni<\/strong><\/h2>\n\n\n\n<p>Ef \u00fe\u00fa heims\u00e6kir vefs\u00ed\u00f0u okkar getur Ordoline geymt g\u00f6gn sem \u00fe\u00fa veitir \u00feegar \u00fe\u00fa skr\u00e1ir \u00feig: IP-t\u00f6lu, net- og sta\u00f0setningarg\u00f6gn o.s.frv. G\u00f6gn eru geymd me\u00f0 notkun vafrakaka og annarra svipa\u00f0ra t\u00e6kni.<br>Ef \u00fe\u00fa vilt ekki a\u00f0 vi\u00f0 h\u00f6fum a\u00f0gang a\u00f0 pers\u00f3nuuppl\u00fdsingum \u00fe\u00ednum \u00e1 vefs\u00ed\u00f0unni okkar, m\u00e6lum vi\u00f0 me\u00f0 a\u00f0 \u00fe\u00fa virkjar einkavafskerfi\u00f0 \u00ed vafranum \u00fe\u00ednum.<\/p>\n\n\n\n<p>Me\u00f0 a\u00f0sto\u00f0 vefs\u00ed\u00f0unnar getur\u00f0u skr\u00e1\u00f0 \u00feig \u00e1 tilgreindar tannl\u00e6kningastofur me\u00f0 \u00fev\u00ed a\u00f0 gefa upp tengili\u00f0auppl\u00fdsingar \u00fe\u00ednar (nafn, eftirnafn, netfang, s\u00edman\u00famer). Tengili\u00f0auppl\u00fdsingar \u00fe\u00ednar ver\u00f0a sendar til tannl\u00e6knastofunnar.<\/p>\n\n\n\n<p>\u00c1 <strong>\u201eL\u00e6knar\u201c<\/strong> s\u00ed\u00f0unni er l\u00e6knum gert kleift a\u00f0 skr\u00e1 sig \u00e1 n\u00e1mskei\u00f0 me\u00f0 \u00fev\u00ed a\u00f0 gefa upp tengili\u00f0auppl\u00fdsingar s\u00ednar (nafn, eftirnafn, netfang, s\u00edman\u00famer, vinnusta\u00f0ur). \u00deessar pers\u00f3nuuppl\u00fdsingar eru unnar af Ordoline eing\u00f6ngu \u00ed \u00feeim tilgangi a\u00f0 skipuleggja n\u00e1mskei\u00f0.<\/p>\n\n\n\n<p>\u00de\u00fa getur einnig veitt sam\u00feykki \u00feitt fyrir vinnslu Ordoline \u00e1 pers\u00f3nuuppl\u00fdsingum \u00fe\u00ednum (nafn, netfang, s\u00edman\u00famer) \u00ed beinni marka\u00f0ssetningu.<\/p>\n\n\n\n<h2 class=\"wp-block-heading\"><strong>Vinnsla pers\u00f3nuuppl\u00fdsinga \u00ed beinni marka\u00f0ssetningu<\/strong><\/h2>\n\n\n\n<p>Vi\u00f0 leggjum okkur fram um a\u00f0 tryggja a\u00f0 uppl\u00fdsingarnar sem vi\u00f0 sendum \u00fe\u00e9r s\u00e9u vi\u00f0eigandi og gagnlegar fyrir \u00feig, og vi\u00f0 vinnum h\u00f6r\u00f0um h\u00f6ndum a\u00f0 \u00fev\u00ed a\u00f0 tryggja a\u00f0 b\u00e6\u00f0i uppl\u00fdsingarnar og tilbo\u00f0in tengist starfsemi okkar. Af \u00feessum \u00e1st\u00e6\u00f0um mun Ordoline einungis vinna me\u00f0 pers\u00f3nuuppl\u00fdsingar \u00fe\u00ednar (nafn, netfang, s\u00edman\u00famer) \u00ed beinni marka\u00f0ssetningu og a\u00f0eins me\u00f0 sk\u00fdru sam\u00feykki \u00fe\u00ednu.<\/p>\n\n\n\n<p>Pers\u00f3nuuppl\u00fdsingar geta veri\u00f0 nota\u00f0ar \u00ed beinni marka\u00f0ssetningu \u00ed eftirfarandi tilvikum:<\/p>\n\n\n\n<ul class=\"wp-block-list\">\n<li>T\u00f6lvup\u00f3stur me\u00f0 tilbo\u00f0um fr\u00e1 Ordoline.<\/li>\n\n\n\n<li>T\u00f6lvup\u00f3stuppf\u00e6rslur um starfsemi Ordoline.<\/li>\n\n\n\n<li>T\u00f6lvup\u00f3stbo\u00f0 \u00e1 n\u00e1mskei\u00f0, opna daga og a\u00f0ra samb\u00e6rilega vi\u00f0bur\u00f0i.<br>\u00de\u00fa getur hafna\u00f0 vinnslu pers\u00f3nuuppl\u00fdsinga \u00feinna \u00ed beinni marka\u00f0ssetningu hven\u00e6r sem er me\u00f0 \u00fev\u00ed a\u00f0 hafa samband vi\u00f0 <strong><a>info@ordoline.com<\/a><\/strong>. \u00dea\u00f0 er einnig mikilv\u00e6gt a\u00f0 leggja \u00e1herslu \u00e1 a\u00f0 \u00fe\u00fa hefur r\u00e9tt til a\u00f0 f\u00e1 a\u00f0gang a\u00f0 \u00feeim pers\u00f3nuuppl\u00fdsingum sem vi\u00f0 var\u00f0veitum.<\/li>\n<\/ul>\n\n\n\n<h2 class=\"wp-block-heading\"><strong>Vi\u00f0takendur pers\u00f3nuuppl\u00fdsinga<\/strong><\/h2>\n\n\n\n<p>Vinsamlegast athugi\u00f0 a\u00f0 Ordoline n\u00fdtir s\u00e9r suma \u00fej\u00f3nustua\u00f0ila sem bera \u00e1byrg\u00f0 \u00e1 vinnslu gagna \u00feinna. \u00deessir vinnslua\u00f0ilar eru veitendur augl\u00fdsinga-, marka\u00f0s-, hugb\u00fana\u00f0ar- og stu\u00f0nings\u00fej\u00f3nustu sem f\u00e1 pers\u00f3nuuppl\u00fdsingar \u00fe\u00ednar a\u00f0eins a\u00f0 \u00fev\u00ed marki sem nau\u00f0synlegt er til a\u00f0 veita \u00feessa \u00fej\u00f3nustu.<\/p>\n\n\n\n<h2 class=\"wp-block-heading\"><strong>Geymslut\u00edmi pers\u00f3nuuppl\u00fdsinga<\/strong><\/h2>\n\n\n\n<p>Eftir \u00fev\u00ed sem l\u00f6g krefjast og mi\u00f0a\u00f0 vi\u00f0 tegund og e\u00f0li pers\u00f3nuuppl\u00fdsinga \u00feinna eru \u00fe\u00e6r geymdar \u00ed allt a\u00f0 3 \u00e1r. G\u00f6gn sem unnin eru \u00ed \u00feeim tilgangi a\u00f0 stunda beina marka\u00f0ssetningu eru geymd \u00ed 2 \u00e1r fr\u00e1 \u00fev\u00ed a\u00f0 sam\u00feykki \u00feitt var veitt. Pers\u00f3nuuppl\u00fdsingar sem unnar eru \u00ed tengslum vi\u00f0 skipulagningu n\u00e1mskei\u00f0a ver\u00f0a geymdar \u00ed 3 \u00e1r.<\/p>\n\n\n\n<p><strong>Hva\u00f0 gerum vi\u00f0 til a\u00f0 vernda g\u00f6gnin \u00fe\u00edn?<\/strong><\/p>\n\n\n\n<p>Pers\u00f3nuuppl\u00fdsingar \u00fe\u00ednar (nafn, netfang, s\u00edman\u00famer o.s.frv.) eru vernda\u00f0ar gegn tapi, \u00f3l\u00f6gm\u00e6tri notkun e\u00f0a breytingum \u00e1 \u00feessum g\u00f6gnum \u00e1n lagalegs tilefnis.<\/p>\n\n\n\n<p>\u00dear sem vi\u00f0 h\u00f6fum st\u00f6\u00f0ugan \u00e1huga \u00e1 g\u00f3\u00f0um verklagsreglum og t\u00e6knilegum \u00farr\u00e6\u00f0um \u00ed gagnavernd tryggjum vi\u00f0 a\u00f0 pers\u00f3nuuppl\u00fdsingar \u00fe\u00ednar s\u00e9u a\u00f0eins nota\u00f0ar til a\u00f0 veita betri og a\u00f0gengilegri \u00fej\u00f3nustu. Vi\u00f0 notum einungis \u00e1rei\u00f0anlegar l\u00edkamlegar og t\u00e6knilegar a\u00f0fer\u00f0ir til a\u00f0 vernda allar uppl\u00fdsingar vi\u00f0skiptavina.<\/p>\n\n\n\n<h2 class=\"wp-block-heading\"><strong>R\u00e9ttindi \u00fe\u00edn<\/strong><\/h2>\n\n\n\n<p>\u00de\u00fa hefur eftirfarandi r\u00e9ttindi var\u00f0andi pers\u00f3nuuppl\u00fdsingar \u00fe\u00ednar:<\/p>\n\n\n\n<ul class=\"wp-block-list\">\n<li>A\u00f0 \u00f3ska eftir a\u00f0 f\u00e1 a\u00f0 kynna \u00fe\u00e9r pers\u00f3nuuppl\u00fdsingar \u00fe\u00ednar og meginreglur um s\u00f6fnun og me\u00f0fer\u00f0 \u00feeirra.<\/li>\n\n\n\n<li>A\u00f0 krefjast lei\u00f0r\u00e9ttingar \u00e1 r\u00f6ngum, \u00f3n\u00e1kv\u00e6mum e\u00f0a \u00f3fulln\u00e6gjandi pers\u00f3nuuppl\u00fdsingum, sem og ey\u00f0ingar e\u00f0a takm\u00f6rkunar \u00e1 notkun sl\u00edkra gagna ef til sta\u00f0ar er lagalegur grundv\u00f6llur.<\/li>\n\n\n\n<li>A\u00f0 \u00f3ska eftir flutningi pers\u00f3nuuppl\u00fdsinga \u00feinna til annars \u00e1byrg\u00f0ara\u00f0ila e\u00f0a a\u00f0 f\u00e1 \u00fe\u00e6r afhentar beint til \u00fe\u00edn.<\/li>\n\n\n\n<li>A\u00f0 vera \u00f3samm\u00e1la meginreglum um vinnslu pers\u00f3nuuppl\u00fdsinga \u00feinna ef \u00fe\u00e6r eru unnar \u00ed andst\u00f6\u00f0u vi\u00f0 lagalegar kr\u00f6fur.<\/li>\n\n\n\n<li>Ef g\u00f6gn \u00fe\u00edn eru unnin s\u00e9rstaklega getur \u00fe\u00fa afturkalla\u00f0 sam\u00feykki \u00feitt fyrir vinnslu pers\u00f3nuuppl\u00fdsinga hven\u00e6r sem er me\u00f0 \u00fev\u00ed a\u00f0 hafa samband vi\u00f0 <strong><a>info@ordoline.com<\/a><\/strong>.<\/li>\n\n\n\n<li>Ef \u00fe\u00fa grunar a\u00f0 pers\u00f3nuuppl\u00fdsingar \u00fe\u00ednar s\u00e9u unnar \u00f3l\u00f6glega me\u00f0 broti \u00e1 r\u00e9ttindum \u00fe\u00ednum getur \u00fe\u00fa haft samband vi\u00f0 yfirv\u00f6ld sem bera \u00e1byrg\u00f0 \u00e1 \u00feessum m\u00e1lum og lagt fram kv\u00f6rtun. Ef vandam\u00e1l kemur upp m\u00e6lir Ordoline me\u00f0 a\u00f0 \u00fe\u00fa hafir samband vi\u00f0 okkur til a\u00f0 finna bestu lausnina.<\/li>\n<\/ul>\n\n\n\n<h2 class=\"wp-block-heading\"><strong>Tengili\u00f0auppl\u00fdsingar<\/strong><\/h2>\n\n\n\n<p>Ef \u00fe\u00fa hefur einhverjar spurningar e\u00f0a \u00e1hyggjur, vinsamlegast haf\u00f0u samband vi\u00f0 okkur:<br><strong>UAB Ordoline<\/strong><br>Heimilisfang: A. Vivulskio str. 7, Vilnius, LT-03162<br><a href=\"mailto:info@ordoline.com\">info@ordoline.com<\/a><br><a href=\"tel:\">+370 687 847 28<\/a><\/p>\n\n\n\n<h2 class=\"wp-block-heading\"><strong>Uppf\u00e6rsla stefnu<\/strong><\/h2>\n\n\n\n<p>Vi\u00f0 \u00e1skiljum okkur r\u00e9tt til a\u00f0 uppf\u00e6ra og breyta pers\u00f3nuverndarstefnu okkar reglulega. Vi\u00f0 munum tilkynna \u00fe\u00e9r um allar breytingar \u00e1 vefs\u00ed\u00f0u okkar. Gestir \u00e6ttu a\u00f0 hafa \u00ed huga a\u00f0 me\u00f0 \u00fev\u00ed a\u00f0 halda \u00e1fram a\u00f0 nota vefs\u00ed\u00f0una sam\u00feykkja \u00feeir breytingar \u00e1 stefnunni.<\/p>\n","protected":false},"excerpt":{"rendered":"<p>Vinnsla pers\u00f3nuuppl\u00fdsinga \u00e1 vefs\u00ed\u00f0unni Ef \u00fe\u00fa heims\u00e6kir vefs\u00ed\u00f0u okkar getur Ordoline geymt g\u00f6gn sem \u00fe\u00fa veitir \u00feegar \u00fe\u00fa skr\u00e1ir \u00feig: IP-t\u00f6lu, net- og sta\u00f0setningarg\u00f6gn o.s.frv. G\u00f6gn eru geymd me\u00f0 notkun vafrakaka og annarra svipa\u00f0ra t\u00e6kni.Ef \u00fe\u00fa vilt ekki a\u00f0 vi\u00f0 h\u00f6fum a\u00f0gang a\u00f0 pers\u00f3nuuppl\u00fdsingum \u00fe\u00ednum \u00e1 vefs\u00ed\u00f0unni okkar, m\u00e6lum vi\u00f0 me\u00f0 a\u00f0 \u00fe\u00fa virkjar einkavafskerfi\u00f0 [&hellip;]<\/p>\n","protected":false},"author":1,"featured_media":0,"parent":0,"menu_order":0,"comment_status":"closed","ping_status":"closed","template":"template-privacy.php","meta":{"_acf_changed":false,"inline_featured_image":false,"footnotes":""},"class_list":["post-38165","page","type-page","status-publish","hentry"],"acf":[],"yoast_head":"<!-- This site is optimized with the Yoast SEO plugin v25.9 - https:\/\/yoast.com\/wordpress\/plugins\/seo\/ -->\n<title>Pers\u00f3nuverndarstefna - Ordoline<\/title>\n<meta name=\"robots\" content=\"index, follow, max-snippet:-1, max-image-preview:large, max-video-preview:-1\" \/>\n<link rel=\"canonical\" href=\"https:\/\/ordoline.com\/is\/privacy-policy\/\" \/>\n<meta property=\"og:locale\" content=\"is_IS\" \/>\n<meta property=\"og:type\" content=\"article\" \/>\n<meta property=\"og:title\" content=\"Pers\u00f3nuverndarstefna - Ordoline\" \/>\n<meta property=\"og:description\" content=\"Vinnsla pers\u00f3nuuppl\u00fdsinga \u00e1 vefs\u00ed\u00f0unni Ef \u00fe\u00fa heims\u00e6kir vefs\u00ed\u00f0u okkar getur Ordoline geymt g\u00f6gn sem \u00fe\u00fa veitir \u00feegar \u00fe\u00fa skr\u00e1ir \u00feig: IP-t\u00f6lu, net- og sta\u00f0setningarg\u00f6gn o.s.frv. G\u00f6gn eru geymd me\u00f0 notkun vafrakaka og annarra svipa\u00f0ra t\u00e6kni.Ef \u00fe\u00fa vilt ekki a\u00f0 vi\u00f0 h\u00f6fum a\u00f0gang a\u00f0 pers\u00f3nuuppl\u00fdsingum \u00fe\u00ednum \u00e1 vefs\u00ed\u00f0unni okkar, m\u00e6lum vi\u00f0 me\u00f0 a\u00f0 \u00fe\u00fa virkjar einkavafskerfi\u00f0 [&hellip;]\" \/>\n<meta property=\"og:url\" content=\"https:\/\/ordoline.com\/is\/privacy-policy\/\" \/>\n<meta property=\"og:site_name\" content=\"Ordoline\" \/>\n<meta property=\"article:modified_time\" content=\"2025-09-05T09:39:44+00:00\" \/>\n<meta name=\"twitter:card\" content=\"summary_large_image\" \/>\n<meta name=\"twitter:label1\" content=\"Est. reading time\" \/>\n\t<meta name=\"twitter:data1\" content=\"3 minutes\" \/>\n<script type=\"application\/ld+json\" class=\"yoast-schema-graph\">{\"@context\":\"https:\/\/schema.org\",\"@graph\":[{\"@type\":\"WebPage\",\"@id\":\"https:\/\/ordoline.com\/is\/privacy-policy\/\",\"url\":\"https:\/\/ordoline.com\/is\/privacy-policy\/\",\"name\":\"Pers\u00f3nuverndarstefna - Ordoline\",\"isPartOf\":{\"@id\":\"https:\/\/ordoline.com\/is\/#website\"},\"datePublished\":\"2023-03-30T10:32:51+00:00\",\"dateModified\":\"2025-09-05T09:39:44+00:00\",\"breadcrumb\":{\"@id\":\"https:\/\/ordoline.com\/is\/privacy-policy\/#breadcrumb\"},\"inLanguage\":\"is\",\"potentialAction\":[{\"@type\":\"ReadAction\",\"target\":[\"https:\/\/ordoline.com\/is\/privacy-policy\/\"]}]},{\"@type\":\"BreadcrumbList\",\"@id\":\"https:\/\/ordoline.com\/is\/privacy-policy\/#breadcrumb\",\"itemListElement\":[{\"@type\":\"ListItem\",\"position\":1,\"name\":\"Home\",\"item\":\"https:\/\/ordoline.com\/is\/\"},{\"@type\":\"ListItem\",\"position\":2,\"name\":\"Pers\u00f3nuverndarstefna\"}]},{\"@type\":\"WebSite\",\"@id\":\"https:\/\/ordoline.com\/is\/#website\",\"url\":\"https:\/\/ordoline.com\/is\/\",\"name\":\"Ordoline\",\"description\":\"Confidence and predictability with every aligner case\",\"publisher\":{\"@id\":\"https:\/\/ordoline.com\/is\/#organization\"},\"potentialAction\":[{\"@type\":\"SearchAction\",\"target\":{\"@type\":\"EntryPoint\",\"urlTemplate\":\"https:\/\/ordoline.com\/is\/?s={search_term_string}\"},\"query-input\":{\"@type\":\"PropertyValueSpecification\",\"valueRequired\":true,\"valueName\":\"search_term_string\"}}],\"inLanguage\":\"is\"},{\"@type\":\"Organization\",\"@id\":\"https:\/\/ordoline.com\/is\/#organization\",\"name\":\"Ordoline\",\"url\":\"https:\/\/ordoline.com\/is\/\",\"logo\":{\"@type\":\"ImageObject\",\"inLanguage\":\"is\",\"@id\":\"https:\/\/ordoline.com\/is\/#\/schema\/logo\/image\/\",\"url\":\"https:\/\/ordoline.com\/wp-content\/uploads\/2021\/08\/ordoline_logo-juodas-4.png\",\"contentUrl\":\"https:\/\/ordoline.com\/wp-content\/uploads\/2021\/08\/ordoline_logo-juodas-4.png\",\"width\":199,\"height\":40,\"caption\":\"Ordoline\"},\"image\":{\"@id\":\"https:\/\/ordoline.com\/is\/#\/schema\/logo\/image\/\"}}]}<\/script>\n<!-- \/ Yoast SEO plugin. -->","yoast_head_json":{"title":"Pers\u00f3nuverndarstefna - Ordoline","robots":{"index":"index","follow":"follow","max-snippet":"max-snippet:-1","max-image-preview":"max-image-preview:large","max-video-preview":"max-video-preview:-1"},"canonical":"https:\/\/ordoline.com\/is\/privacy-policy\/","og_locale":"is_IS","og_type":"article","og_title":"Pers\u00f3nuverndarstefna - Ordoline","og_description":"Vinnsla pers\u00f3nuuppl\u00fdsinga \u00e1 vefs\u00ed\u00f0unni Ef \u00fe\u00fa heims\u00e6kir vefs\u00ed\u00f0u okkar getur Ordoline geymt g\u00f6gn sem \u00fe\u00fa veitir \u00feegar \u00fe\u00fa skr\u00e1ir \u00feig: IP-t\u00f6lu, net- og sta\u00f0setningarg\u00f6gn o.s.frv. G\u00f6gn eru geymd me\u00f0 notkun vafrakaka og annarra svipa\u00f0ra t\u00e6kni.Ef \u00fe\u00fa vilt ekki a\u00f0 vi\u00f0 h\u00f6fum a\u00f0gang a\u00f0 pers\u00f3nuuppl\u00fdsingum \u00fe\u00ednum \u00e1 vefs\u00ed\u00f0unni okkar, m\u00e6lum vi\u00f0 me\u00f0 a\u00f0 \u00fe\u00fa virkjar einkavafskerfi\u00f0 [&hellip;]","og_url":"https:\/\/ordoline.com\/is\/privacy-policy\/","og_site_name":"Ordoline","article_modified_time":"2025-09-05T09:39:44+00:00","twitter_card":"summary_large_image","twitter_misc":{"Est. reading time":"3 minutes"},"schema":{"@context":"https:\/\/schema.org","@graph":[{"@type":"WebPage","@id":"https:\/\/ordoline.com\/is\/privacy-policy\/","url":"https:\/\/ordoline.com\/is\/privacy-policy\/","name":"Pers\u00f3nuverndarstefna - Ordoline","isPartOf":{"@id":"https:\/\/ordoline.com\/is\/#website"},"datePublished":"2023-03-30T10:32:51+00:00","dateModified":"2025-09-05T09:39:44+00:00","breadcrumb":{"@id":"https:\/\/ordoline.com\/is\/privacy-policy\/#breadcrumb"},"inLanguage":"is","potentialAction":[{"@type":"ReadAction","target":["https:\/\/ordoline.com\/is\/privacy-policy\/"]}]},{"@type":"BreadcrumbList","@id":"https:\/\/ordoline.com\/is\/privacy-policy\/#breadcrumb","itemListElement":[{"@type":"ListItem","position":1,"name":"Home","item":"https:\/\/ordoline.com\/is\/"},{"@type":"ListItem","position":2,"name":"Pers\u00f3nuverndarstefna"}]},{"@type":"WebSite","@id":"https:\/\/ordoline.com\/is\/#website","url":"https:\/\/ordoline.com\/is\/","name":"Ordoline","description":"Confidence and predictability with every aligner case","publisher":{"@id":"https:\/\/ordoline.com\/is\/#organization"},"potentialAction":[{"@type":"SearchAction","target":{"@type":"EntryPoint","urlTemplate":"https:\/\/ordoline.com\/is\/?s={search_term_string}"},"query-input":{"@type":"PropertyValueSpecification","valueRequired":true,"valueName":"search_term_string"}}],"inLanguage":"is"},{"@type":"Organization","@id":"https:\/\/ordoline.com\/is\/#organization","name":"Ordoline","url":"https:\/\/ordoline.com\/is\/","logo":{"@type":"ImageObject","inLanguage":"is","@id":"https:\/\/ordoline.com\/is\/#\/schema\/logo\/image\/","url":"https:\/\/ordoline.com\/wp-content\/uploads\/2021\/08\/ordoline_logo-juodas-4.png","contentUrl":"https:\/\/ordoline.com\/wp-content\/uploads\/2021\/08\/ordoline_logo-juodas-4.png","width":199,"height":40,"caption":"Ordoline"},"image":{"@id":"https:\/\/ordoline.com\/is\/#\/schema\/logo\/image\/"}}]}},"_links":{"self":[{"href":"https:\/\/ordoline.com\/is\/wp-json\/wp\/v2\/pages\/38165","targetHints":{"allow":["GET"]}}],"collection":[{"href":"https:\/\/ordoline.com\/is\/wp-json\/wp\/v2\/pages"}],"about":[{"href":"https:\/\/ordoline.com\/is\/wp-json\/wp\/v2\/types\/page"}],"author":[{"embeddable":true,"href":"https:\/\/ordoline.com\/is\/wp-json\/wp\/v2\/users\/1"}],"replies":[{"embeddable":true,"href":"https:\/\/ordoline.com\/is\/wp-json\/wp\/v2\/comments?post=38165"}],"version-history":[{"count":1,"href":"https:\/\/ordoline.com\/is\/wp-json\/wp\/v2\/pages\/38165\/revisions"}],"predecessor-version":[{"id":38177,"href":"https:\/\/ordoline.com\/is\/wp-json\/wp\/v2\/pages\/38165\/revisions\/38177"}],"wp:attachment":[{"href":"https:\/\/ordoline.com\/is\/wp-json\/wp\/v2\/media?parent=38165"}],"curies":[{"name":"wp","href":"https:\/\/api.w.org\/{rel}","templated":true}]}}