{"id":38164,"date":"2023-03-30T10:58:49","date_gmt":"2023-03-30T10:58:49","guid":{"rendered":"https:\/\/ordoline.com\/terms-of-service\/"},"modified":"2025-09-05T09:44:09","modified_gmt":"2025-09-05T09:44:09","slug":"terms-of-service","status":"publish","type":"page","link":"https:\/\/ordoline.com\/is\/terms-of-service\/","title":{"rendered":"\u00dej\u00f3nustuskilm\u00e1lar"},"content":{"rendered":"\n<h3 class=\"wp-block-heading\">Notkun \u00e1 Ordoline vefs\u00ed\u00f0unni er h\u00e1\u00f0 \u00fev\u00ed a\u00f0 \u00fe\u00fa fylgir eftirfarandi skilm\u00e1lum.<\/h3>\n\n\n\n<p>Vinsamlegast lestu eftirfarandi skilm\u00e1la og skilyr\u00f0i var\u00f0andi notkun \u00fe\u00edna \u00e1 vefs\u00ed\u00f0unni. Me\u00f0 \u00fev\u00ed a\u00f0 f\u00e1 a\u00f0gang a\u00f0, nota e\u00f0a hla\u00f0a ni\u00f0ur uppl\u00fdsingum og\/e\u00f0a efni af vefs\u00ed\u00f0unni sam\u00feykkir \u00fe\u00fa a\u00f0 fylgja og vera bundinn af \u00feessum skilm\u00e1lum og skilyr\u00f0um (\u201e\u00dej\u00f3nustuskilm\u00e1lar\u201c). Ef \u00fe\u00fa sam\u00feykkir ekki \u00feessa \u00dej\u00f3nustuskilm\u00e1la m\u00e1ttu ekki nota \u00feessa vefs\u00ed\u00f0u. \u00deessi vefs\u00ed\u00f0a getur innihaldi\u00f0 a\u00f0rar tilkynningar um eignarr\u00e9tt og h\u00f6fundarr\u00e9tt sem ver\u00f0ur a\u00f0 vir\u00f0a og fylgja.<\/p>\n\n\n\n<p>Hugt\u00f6kin \u201e\u00fe\u00fa\u201c, \u201e\u00feinn\u201c og \u201e\u00fe\u00ednir\u201c v\u00edsa til \u00fe\u00edn, gests e\u00f0a notanda vefs\u00ed\u00f0unnar. Hugt\u00f6kin \u201eOrdoline\u201c, \u201evi\u00f0\u201c, \u201eokkur\u201c og \u201eokkar\u201c v\u00edsa til Ordoline.<\/p>\n\n\n\n<h2 class=\"wp-block-heading\"><strong>L\u00e6knisleg \u00e1byrg\u00f0<\/strong><\/h2>\n\n\n\n<p>\u00d6ll uppl\u00fdsing efni \u00e1 \u00feessari vefs\u00ed\u00f0u, \u00fear me\u00f0 tali\u00f0 uppl\u00fdsingar um tannr\u00e9ttingame\u00f0fer\u00f0ir, tannl\u00e6kningar, l\u00e6knis- og heilsufars\u00e1stand, v\u00f6rur og me\u00f0fer\u00f0ir, er eing\u00f6ngu til fr\u00e6\u00f0slu. \u00deessar uppl\u00fdsingar \u00e6ttu ekki a\u00f0 vera taldar fullkomnar og eru ekki \u00e6tla\u00f0ar til a\u00f0 koma \u00ed sta\u00f0 heims\u00f3knar, s\u00edmtals, r\u00e1\u00f0gjafar e\u00f0a lei\u00f0beininga fr\u00e1 tannr\u00e9ttingas\u00e9rfr\u00e6\u00f0ingi, tannl\u00e6kni e\u00f0a heilbrig\u00f0isstarfsmanni, n\u00e9 neinna uppl\u00fdsinga \u00e1 v\u00f6ruumb\u00fa\u00f0um e\u00f0a merkimi\u00f0um. Uppl\u00fdsingar sem afla\u00f0 er me\u00f0 notkun vefs\u00ed\u00f0unnar eru ekki t\u00e6mandi og n\u00e1 ekki yfir allar tannr\u00e9ttingaa\u00f0ger\u00f0ir e\u00f0a tannl\u00e6knisme\u00f0fer\u00f0ir.<\/p>\n\n\n\n<p>Uppl\u00fdsingar \u00e1 \u00feessari vefs\u00ed\u00f0u og allar tengingar \u00e1 a\u00f0rar s\u00ed\u00f0ur eru eing\u00f6ngu til fr\u00e6\u00f0slu og eru ekki \u00e6tla\u00f0ar til a\u00f0 veita l\u00e6knisr\u00e1\u00f0 fyrir neitt s\u00e9rstakt heilsufars\u00e1stand sem \u00fe\u00fa g\u00e6tir haft. \u00deessi vefs\u00ed\u00f0a stofnar ekki til l\u00e6knis\/\u00fej\u00f3nustua\u00f0ila samband.<\/p>\n\n\n\n<h2 class=\"wp-block-heading\"><strong>1. <\/strong><strong>Notkun efnis \u00e1 vefs\u00ed\u00f0unni<\/strong><\/h2>\n\n\n\n<p>Mi\u00f0a\u00f0 vi\u00f0 \u00feessa \u00fej\u00f3nustuskilm\u00e1la veitum vi\u00f0 \u00fe\u00e9r takmarka\u00f0, pers\u00f3nulegt, afturkallanlegt, ekki-einkar\u00e9tt, \u00f3flytjanlegt leyfi til a\u00f0 nota vefs\u00ed\u00f0una fyrir pers\u00f3nulega notkun \u00fe\u00edna en ekki til endurs\u00f6lu e\u00f0a frekari dreifingar. \u00de\u00fa sam\u00feykkir a\u00f0 endurgera, afrita, selja, endurselja e\u00f0a n\u00fdta vefs\u00ed\u00f0una e\u00f0a a\u00f0gang a\u00f0 vefs\u00ed\u00f0unni e\u00f0a efni sem a\u00f0gengilegt er \u00ed gegnum vefs\u00ed\u00f0una \u00ed vi\u00f0skiptalegum tilgangi. \u00de\u00fa sam\u00feykkir a\u00f0 afrita e\u00f0a birta \u00e1 nettengdum t\u00f6lvum, senda \u00fat \u00ed fj\u00f6lmi\u00f0lum, e\u00f0a nota, breyta, dreifa, birta, senda e\u00f0a b\u00faa til afleidda hluti \u00far efni sem finnst \u00e1 vefs\u00ed\u00f0unni fyrir opinbera e\u00f0a vi\u00f0skiptalega tilgangi. \u00de\u00fa m\u00e1tt ekki breyta neinu efni fr\u00e1 \u00feessari vefs\u00ed\u00f0u \u00e1 nokkurn h\u00e1tt.<\/p>\n\n\n\n<p>Nema sem s\u00e9rstaklega er kve\u00f0i\u00f0 \u00e1 um h\u00e9r a\u00f0 ofan, skal ekkert efni \u00e1 \u00feessari vefs\u00ed\u00f0u t\u00falka\u00f0 sem a\u00f0 veita me\u00f0 sam\u00feykki, hindrun e\u00f0a \u00e1 annan h\u00e1tt leyfi e\u00f0a r\u00e9tt undir h\u00f6fundarr\u00e9tti, einkaleyfi, v\u00f6rumerki e\u00f0a \u00f6\u00f0rum hugverkar\u00e9tti Ordoline e\u00f0a \u00feri\u00f0ja a\u00f0ila.<br><\/p>\n\n\n\n<h2 class=\"wp-block-heading\"><strong>2. <\/strong><strong>Notkunarskilyr\u00f0i notanda<\/strong><\/h2>\n\n\n\n<p>\u00de\u00fa sam\u00feykkir a\u00f0 nota ekki vefs\u00ed\u00f0una til a\u00f0:<\/p>\n\n\n\n<ul class=\"wp-block-list\">\n<li>birta e\u00f0a senda efni sem tengist ekki efni e\u00f0a tilgangi vefs\u00ed\u00f0unnar;<\/li>\n\n\n\n<li>brj\u00f3ta gegn e\u00f0a hvetja til brota \u00e1 \u00f6llum gildandi sta\u00f0bundnum, r\u00edkis-, \u00fej\u00f3\u00f0ar- e\u00f0a al\u00fej\u00f3\u00f0legum l\u00f6gum e\u00f0a regluger\u00f0um;<\/li>\n\n\n\n<li>brj\u00f3ta r\u00e9ttindi \u00feri\u00f0ja a\u00f0ila, \u00fear me\u00f0 tali\u00f0 en ekki takmarka\u00f0 vi\u00f0 hugverkar\u00e9ttindi, samningsr\u00e9ttindi og pers\u00f3nuvernd e\u00f0a augl\u00fdsinga- og kynningar\u00e9ttindi;<\/li>\n\n\n\n<li>trufla e\u00f0a raska\u00f0 vefs\u00ed\u00f0unni, t\u00f6lvume\u00f0limum e\u00f0a spj\u00f6ldum sem a\u00f0gengileg eru \u00ed gegnum vefs\u00ed\u00f0una;<\/li>\n\n\n\n<li>me\u00f0 \u00e1setningi leita uppl\u00fdsinga um, afla afrita af e\u00f0a breyta skr\u00e1m, g\u00f6gnum e\u00f0a lykilor\u00f0um annarra notenda \u00e1n leyfis; e\u00f0a safna notandanafni, netf\u00f6ngum e\u00f0a \u00f6\u00f0rum pers\u00f3nuuppl\u00fdsingum \u00ed hva\u00f0a tilgangi sem er.<\/li>\n\n\n\n<li>l\u00e1ta l\u00edta \u00fat fyrir a\u00f0 vera einhver annar, e\u00f0a ranglega fullyr\u00f0a e\u00f0a \u00e1 annan h\u00e1tt gefa rangar uppl\u00fdsingar um tengsl \u00fe\u00edn vi\u00f0 einstakling e\u00f0a fyrirt\u00e6ki;<\/li>\n\n\n\n<li>n\u00ed\u00f0ast \u00e1, misnota, \u00e1reita, elta, h\u00f3ta e\u00f0a \u00e1 annan h\u00e1tt brj\u00f3ta \u00e1 l\u00f6gbundnum r\u00e9ttindum annarra (svo sem r\u00e9ttindi til einkal\u00edfs og kynningar); nota kyn\u00fe\u00e1tta-, \u00fej\u00f3\u00f0ernis- e\u00f0a annan m\u00f3\u00f0gandi m\u00e1lflutning; r\u00e6\u00f0a e\u00f0a hvetja til \u00f3l\u00f6glegra athafna; e\u00f0a nota kl\u00e1mfengi\u00f0\/\u00f3b\u00e6ranlegt m\u00e1l e\u00f0a leita birta kynfer\u00f0islega sk\u00fdrar myndir (raunverulegar e\u00f0a hermdar);<\/li>\n\n\n\n<li>kynna uppl\u00fdsingar sem \u00fe\u00fa veist a\u00f0 eru rangar e\u00f0a villandi e\u00f0a sem stu\u00f0la a\u00f0 e\u00f0a au\u00f0velda \u00f3l\u00f6glegar athafnir, sj\u00f3r\u00e6ningjastarfsemi, e\u00f0a heg\u00f0un sem er misnotandi, h\u00f3tandi, \u00f3ge\u00f0felld, ni\u00f0randi e\u00f0a \u00e6rumei\u00f0andi;<\/li>\n\n\n\n<li>taka \u00fe\u00e1tt \u00ed e\u00f0a au\u00f0velda sendingu \u00f3umbe\u00f0inna fj\u00f6ldap\u00f3sta e\u00f0a ruslp\u00f3sts.<\/li>\n<\/ul>\n\n\n\n<p>Ef \u00fe\u00fa notar vefs\u00ed\u00f0una til a\u00f0 fremja einhverja af ofangreindum ath\u00f6fnum, getur Ordoline, eftir eigin \u00e1kv\u00f6r\u00f0un, loka\u00f0 a\u00f0gangi \u00fe\u00ednum a\u00f0 vefs\u00ed\u00f0unni og \u00e1k\u00e6rt \u00feig a\u00f0 fullu samkv\u00e6mt l\u00f6gum.<\/p>\n\n\n\n<h2 class=\"wp-block-heading\"><strong>3. <\/strong><strong>Grei\u00f0sluuppl\u00fdsingar<\/strong><\/h2>\n\n\n\n<p>Allur n\u00e1mskei\u00f0sgjald ver\u00f0ur a\u00f0 grei\u00f0a eigi s\u00ed\u00f0ar en 3 d\u00f6gum fyrir upphaf n\u00e1mskei\u00f0sins. Ef \u00fe\u00e1tttakandi grei\u00f0ir ekki fullt gjald fyrir \u00feennan frest, \u00e1skilur skipuleggjandi n\u00e1mskei\u00f0sins s\u00e9r r\u00e9tt til a\u00f0 \u00f3gilda skr\u00e1ningu \u00fe\u00e1tttakanda og mun tilkynna \u00fe\u00e1tttakanda me\u00f0 t\u00f6lvup\u00f3sti. Endurskr\u00e1ning er a\u00f0eins m\u00f6guleg ef laus pl\u00e1ss eru til sta\u00f0ar.<\/p>\n\n\n\n<p>\u00de\u00e1tttakendur geta sagt sig \u00far skr\u00e1ningu allt a\u00f0 3 d\u00f6gum fyrir upphaf n\u00e1mskei\u00f0sins. Ef \u00feeir gera \u00fea\u00f0 innan \u00feessa t\u00edmabils mun skipuleggjandinn endurgrei\u00f0a n\u00e1mskei\u00f0sgjaldi\u00f0 innan 5 vinnudaga. Afskr\u00e1ningar ger\u00f0ar 2 d\u00f6gum e\u00f0a skemur fyrir upphaf n\u00e1mskei\u00f0s eru ekki endurgrei\u00f0anlegar.<\/p>\n\n\n\n<h2 class=\"wp-block-heading\">4. <strong>Breytingar og lokun vefs\u00ed\u00f0u<\/strong><\/h2>\n\n\n\n<p>Ordoline \u00e1skilur s\u00e9r r\u00e9tt til a\u00f0 breyta e\u00f0a h\u00e6tta rekstri vefs\u00ed\u00f0unnar (e\u00f0a hluta hennar), t\u00edmabundi\u00f0 e\u00f0a varanlega, hven\u00e6r sem er, me\u00f0 e\u00f0a \u00e1n fyrirvara. \u00de\u00fa sam\u00feykkir a\u00f0 Ordoline beri ekki \u00e1byrg\u00f0 gagnvart \u00fe\u00e9r n\u00e9 \u00feri\u00f0ja a\u00f0ila vegna breytinga, t\u00edmabundinnar st\u00f6\u00f0vunar e\u00f0a lokunar vefs\u00ed\u00f0unnar. Vi\u00f0 getum einnig gert endurb\u00e6tur og\/e\u00f0a breytingar \u00e1 v\u00f6rum, \u00fej\u00f3nustu og\/e\u00f0a forritum sem l\u00fdst er \u00e1 \u00feessari vefs\u00ed\u00f0u hven\u00e6r sem er \u00e1n fyrirvara.<\/p>\n\n\n\n<h2 class=\"wp-block-heading\"><strong>5. <\/strong><strong>A\u00f0rar vefs\u00ed\u00f0ur og \u00farr\u00e6\u00f0i<\/strong><\/h2>\n\n\n\n<p>\u00deri\u00f0ju a\u00f0ilar sem nota vefs\u00ed\u00f0una geta veitt tengla e\u00f0a a\u00f0gang a\u00f0 \u00f6\u00f0rum vefs\u00ed\u00f0um og \u00farr\u00e6\u00f0um. \u00dear sem Ordoline hefur ekki stj\u00f3rn \u00e1 sl\u00edkum s\u00ed\u00f0um e\u00f0a \u00farr\u00e6\u00f0um, vi\u00f0urkennir \u00fe\u00fa og sam\u00feykkir a\u00f0 Ordoline beri ekki \u00e1byrg\u00f0 \u00e1 a\u00f0gengi a\u00f0 sl\u00edkum s\u00ed\u00f0um e\u00f0a \u00farr\u00e6\u00f0um, sty\u00f0ur ekki vi\u00f0 \u00fe\u00e6r og ber ekki \u00e1byrg\u00f0 \u00e1 neinu efni, augl\u00fdsingum, v\u00f6rum e\u00f0a \u00f6\u00f0rum efnum \u00e1 e\u00f0a \u00ed bo\u00f0i fr\u00e1 sl\u00edkum s\u00ed\u00f0um e\u00f0a \u00farr\u00e6\u00f0um. \u00de\u00fa vi\u00f0urkennir ennfremur og sam\u00feykkir a\u00f0 Ordoline ber ekki beint n\u00e9 \u00f3beint \u00e1byrg\u00f0 \u00e1 neinum ska\u00f0a e\u00f0a tapi sem orsaka\u00f0 er e\u00f0a haldi\u00f0 fram a\u00f0 s\u00e9 orsaka\u00f0 vegna notkunar e\u00f0a trausts \u00e1 sl\u00edku efni, v\u00f6rum e\u00f0a vefs\u00ed\u00f0um sem eru a\u00f0gengilegar \u00e1 e\u00f0a \u00ed gegnum sl\u00edka s\u00ed\u00f0u e\u00f0a \u00farr\u00e6\u00f0i.<\/p>\n\n\n\n<p><\/p>\n\n\n\n<p><\/p>\n\n\n\n<p><\/p>\n","protected":false},"excerpt":{"rendered":"<p>Notkun \u00e1 Ordoline vefs\u00ed\u00f0unni er h\u00e1\u00f0 \u00fev\u00ed a\u00f0 \u00fe\u00fa fylgir eftirfarandi skilm\u00e1lum. Vinsamlegast lestu eftirfarandi skilm\u00e1la og skilyr\u00f0i var\u00f0andi notkun \u00fe\u00edna \u00e1 vefs\u00ed\u00f0unni. Me\u00f0 \u00fev\u00ed a\u00f0 f\u00e1 a\u00f0gang a\u00f0, nota e\u00f0a hla\u00f0a ni\u00f0ur uppl\u00fdsingum og\/e\u00f0a efni af vefs\u00ed\u00f0unni sam\u00feykkir \u00fe\u00fa a\u00f0 fylgja og vera bundinn af \u00feessum skilm\u00e1lum og skilyr\u00f0um (\u201e\u00dej\u00f3nustuskilm\u00e1lar\u201c). Ef \u00fe\u00fa sam\u00feykkir ekki [&hellip;]<\/p>\n","protected":false},"author":1,"featured_media":0,"parent":0,"menu_order":0,"comment_status":"closed","ping_status":"closed","template":"template-privacy.php","meta":{"_acf_changed":false,"inline_featured_image":false,"footnotes":""},"class_list":["post-38164","page","type-page","status-publish","hentry"],"acf":[],"yoast_head":"<!-- This site is optimized with the Yoast SEO plugin v25.9 - https:\/\/yoast.com\/wordpress\/plugins\/seo\/ -->\n<title>\u00dej\u00f3nustuskilm\u00e1lar - Ordoline<\/title>\n<meta name=\"robots\" content=\"index, follow, max-snippet:-1, max-image-preview:large, max-video-preview:-1\" \/>\n<link rel=\"canonical\" href=\"https:\/\/ordoline.com\/is\/terms-of-service\/\" \/>\n<meta property=\"og:locale\" content=\"is_IS\" \/>\n<meta property=\"og:type\" content=\"article\" \/>\n<meta property=\"og:title\" content=\"\u00dej\u00f3nustuskilm\u00e1lar - Ordoline\" \/>\n<meta property=\"og:description\" content=\"Notkun \u00e1 Ordoline vefs\u00ed\u00f0unni er h\u00e1\u00f0 \u00fev\u00ed a\u00f0 \u00fe\u00fa fylgir eftirfarandi skilm\u00e1lum. Vinsamlegast lestu eftirfarandi skilm\u00e1la og skilyr\u00f0i var\u00f0andi notkun \u00fe\u00edna \u00e1 vefs\u00ed\u00f0unni. Me\u00f0 \u00fev\u00ed a\u00f0 f\u00e1 a\u00f0gang a\u00f0, nota e\u00f0a hla\u00f0a ni\u00f0ur uppl\u00fdsingum og\/e\u00f0a efni af vefs\u00ed\u00f0unni sam\u00feykkir \u00fe\u00fa a\u00f0 fylgja og vera bundinn af \u00feessum skilm\u00e1lum og skilyr\u00f0um (\u201e\u00dej\u00f3nustuskilm\u00e1lar\u201c). Ef \u00fe\u00fa sam\u00feykkir ekki [&hellip;]\" \/>\n<meta property=\"og:url\" content=\"https:\/\/ordoline.com\/is\/terms-of-service\/\" \/>\n<meta property=\"og:site_name\" content=\"Ordoline\" \/>\n<meta property=\"article:modified_time\" content=\"2025-09-05T09:44:09+00:00\" \/>\n<meta name=\"twitter:card\" content=\"summary_large_image\" \/>\n<meta name=\"twitter:label1\" content=\"Est. reading time\" \/>\n\t<meta name=\"twitter:data1\" content=\"4 minutes\" \/>\n<script type=\"application\/ld+json\" class=\"yoast-schema-graph\">{\"@context\":\"https:\/\/schema.org\",\"@graph\":[{\"@type\":\"WebPage\",\"@id\":\"https:\/\/ordoline.com\/is\/terms-of-service\/\",\"url\":\"https:\/\/ordoline.com\/is\/terms-of-service\/\",\"name\":\"\u00dej\u00f3nustuskilm\u00e1lar - Ordoline\",\"isPartOf\":{\"@id\":\"https:\/\/ordoline.com\/is\/#website\"},\"datePublished\":\"2023-03-30T10:58:49+00:00\",\"dateModified\":\"2025-09-05T09:44:09+00:00\",\"breadcrumb\":{\"@id\":\"https:\/\/ordoline.com\/is\/terms-of-service\/#breadcrumb\"},\"inLanguage\":\"is\",\"potentialAction\":[{\"@type\":\"ReadAction\",\"target\":[\"https:\/\/ordoline.com\/is\/terms-of-service\/\"]}]},{\"@type\":\"BreadcrumbList\",\"@id\":\"https:\/\/ordoline.com\/is\/terms-of-service\/#breadcrumb\",\"itemListElement\":[{\"@type\":\"ListItem\",\"position\":1,\"name\":\"Home\",\"item\":\"https:\/\/ordoline.com\/is\/\"},{\"@type\":\"ListItem\",\"position\":2,\"name\":\"\u00dej\u00f3nustuskilm\u00e1lar\"}]},{\"@type\":\"WebSite\",\"@id\":\"https:\/\/ordoline.com\/is\/#website\",\"url\":\"https:\/\/ordoline.com\/is\/\",\"name\":\"Ordoline\",\"description\":\"Confidence and predictability with every aligner case\",\"publisher\":{\"@id\":\"https:\/\/ordoline.com\/is\/#organization\"},\"potentialAction\":[{\"@type\":\"SearchAction\",\"target\":{\"@type\":\"EntryPoint\",\"urlTemplate\":\"https:\/\/ordoline.com\/is\/?s={search_term_string}\"},\"query-input\":{\"@type\":\"PropertyValueSpecification\",\"valueRequired\":true,\"valueName\":\"search_term_string\"}}],\"inLanguage\":\"is\"},{\"@type\":\"Organization\",\"@id\":\"https:\/\/ordoline.com\/is\/#organization\",\"name\":\"Ordoline\",\"url\":\"https:\/\/ordoline.com\/is\/\",\"logo\":{\"@type\":\"ImageObject\",\"inLanguage\":\"is\",\"@id\":\"https:\/\/ordoline.com\/is\/#\/schema\/logo\/image\/\",\"url\":\"https:\/\/ordoline.com\/wp-content\/uploads\/2021\/08\/ordoline_logo-juodas-4.png\",\"contentUrl\":\"https:\/\/ordoline.com\/wp-content\/uploads\/2021\/08\/ordoline_logo-juodas-4.png\",\"width\":199,\"height\":40,\"caption\":\"Ordoline\"},\"image\":{\"@id\":\"https:\/\/ordoline.com\/is\/#\/schema\/logo\/image\/\"}}]}<\/script>\n<!-- \/ Yoast SEO plugin. -->","yoast_head_json":{"title":"\u00dej\u00f3nustuskilm\u00e1lar - Ordoline","robots":{"index":"index","follow":"follow","max-snippet":"max-snippet:-1","max-image-preview":"max-image-preview:large","max-video-preview":"max-video-preview:-1"},"canonical":"https:\/\/ordoline.com\/is\/terms-of-service\/","og_locale":"is_IS","og_type":"article","og_title":"\u00dej\u00f3nustuskilm\u00e1lar - Ordoline","og_description":"Notkun \u00e1 Ordoline vefs\u00ed\u00f0unni er h\u00e1\u00f0 \u00fev\u00ed a\u00f0 \u00fe\u00fa fylgir eftirfarandi skilm\u00e1lum. Vinsamlegast lestu eftirfarandi skilm\u00e1la og skilyr\u00f0i var\u00f0andi notkun \u00fe\u00edna \u00e1 vefs\u00ed\u00f0unni. Me\u00f0 \u00fev\u00ed a\u00f0 f\u00e1 a\u00f0gang a\u00f0, nota e\u00f0a hla\u00f0a ni\u00f0ur uppl\u00fdsingum og\/e\u00f0a efni af vefs\u00ed\u00f0unni sam\u00feykkir \u00fe\u00fa a\u00f0 fylgja og vera bundinn af \u00feessum skilm\u00e1lum og skilyr\u00f0um (\u201e\u00dej\u00f3nustuskilm\u00e1lar\u201c). Ef \u00fe\u00fa sam\u00feykkir ekki [&hellip;]","og_url":"https:\/\/ordoline.com\/is\/terms-of-service\/","og_site_name":"Ordoline","article_modified_time":"2025-09-05T09:44:09+00:00","twitter_card":"summary_large_image","twitter_misc":{"Est. reading time":"4 minutes"},"schema":{"@context":"https:\/\/schema.org","@graph":[{"@type":"WebPage","@id":"https:\/\/ordoline.com\/is\/terms-of-service\/","url":"https:\/\/ordoline.com\/is\/terms-of-service\/","name":"\u00dej\u00f3nustuskilm\u00e1lar - Ordoline","isPartOf":{"@id":"https:\/\/ordoline.com\/is\/#website"},"datePublished":"2023-03-30T10:58:49+00:00","dateModified":"2025-09-05T09:44:09+00:00","breadcrumb":{"@id":"https:\/\/ordoline.com\/is\/terms-of-service\/#breadcrumb"},"inLanguage":"is","potentialAction":[{"@type":"ReadAction","target":["https:\/\/ordoline.com\/is\/terms-of-service\/"]}]},{"@type":"BreadcrumbList","@id":"https:\/\/ordoline.com\/is\/terms-of-service\/#breadcrumb","itemListElement":[{"@type":"ListItem","position":1,"name":"Home","item":"https:\/\/ordoline.com\/is\/"},{"@type":"ListItem","position":2,"name":"\u00dej\u00f3nustuskilm\u00e1lar"}]},{"@type":"WebSite","@id":"https:\/\/ordoline.com\/is\/#website","url":"https:\/\/ordoline.com\/is\/","name":"Ordoline","description":"Confidence and predictability with every aligner case","publisher":{"@id":"https:\/\/ordoline.com\/is\/#organization"},"potentialAction":[{"@type":"SearchAction","target":{"@type":"EntryPoint","urlTemplate":"https:\/\/ordoline.com\/is\/?s={search_term_string}"},"query-input":{"@type":"PropertyValueSpecification","valueRequired":true,"valueName":"search_term_string"}}],"inLanguage":"is"},{"@type":"Organization","@id":"https:\/\/ordoline.com\/is\/#organization","name":"Ordoline","url":"https:\/\/ordoline.com\/is\/","logo":{"@type":"ImageObject","inLanguage":"is","@id":"https:\/\/ordoline.com\/is\/#\/schema\/logo\/image\/","url":"https:\/\/ordoline.com\/wp-content\/uploads\/2021\/08\/ordoline_logo-juodas-4.png","contentUrl":"https:\/\/ordoline.com\/wp-content\/uploads\/2021\/08\/ordoline_logo-juodas-4.png","width":199,"height":40,"caption":"Ordoline"},"image":{"@id":"https:\/\/ordoline.com\/is\/#\/schema\/logo\/image\/"}}]}},"_links":{"self":[{"href":"https:\/\/ordoline.com\/is\/wp-json\/wp\/v2\/pages\/38164","targetHints":{"allow":["GET"]}}],"collection":[{"href":"https:\/\/ordoline.com\/is\/wp-json\/wp\/v2\/pages"}],"about":[{"href":"https:\/\/ordoline.com\/is\/wp-json\/wp\/v2\/types\/page"}],"author":[{"embeddable":true,"href":"https:\/\/ordoline.com\/is\/wp-json\/wp\/v2\/users\/1"}],"replies":[{"embeddable":true,"href":"https:\/\/ordoline.com\/is\/wp-json\/wp\/v2\/comments?post=38164"}],"version-history":[{"count":1,"href":"https:\/\/ordoline.com\/is\/wp-json\/wp\/v2\/pages\/38164\/revisions"}],"predecessor-version":[{"id":38179,"href":"https:\/\/ordoline.com\/is\/wp-json\/wp\/v2\/pages\/38164\/revisions\/38179"}],"wp:attachment":[{"href":"https:\/\/ordoline.com\/is\/wp-json\/wp\/v2\/media?parent=38164"}],"curies":[{"name":"wp","href":"https:\/\/api.w.org\/{rel}","templated":true}]}}