{"id":32633,"date":"2021-08-18T08:13:05","date_gmt":"2021-08-18T08:13:05","guid":{"rendered":"https:\/\/ordoline.com\/next-generation-aligners-for-advanced-treatment-and-improved-quality-of-life-b2c\/"},"modified":"2025-07-25T14:56:33","modified_gmt":"2025-07-25T14:56:33","slug":"next-generation-aligners-for-advanced-treatment-and-improved-quality-of-life-b2c","status":"publish","type":"page","link":"https:\/\/ordoline.com\/hr\/next-generation-aligners-for-advanced-treatment-and-improved-quality-of-life-b2c\/","title":{"rendered":"Nevidljivo ispravljanje zuba za zdrav i lijep osmijeh"},"content":{"rendered":"\n<p>Ordoline terapija alignerima je moderno, u\u010dinkovito i znanstveno dokazano rje\u0161enje za ispravljanje zubi za ve\u0107inu ortodontskih slu\u010dajeva. To uklju\u010duje \u010dak i one koji su se prije mogli lije\u010diti samo aparati\u0107em za zube.<\/p>\n\n\n\n<p>Na\u0161 je cilj pomo\u0107i vam da postignete osmijeh koji \u017eelite, a istovremeno pobolj\u0161ate dugoro\u010dno oralno zdravlje. Uz Ordolineov napredni sustav, ispravljanje zubi je ugodno, gotovo nevidljivo i uklapa se u va\u0161 svakodnevni \u017eivot.<\/p>\n","protected":false},"excerpt":{"rendered":"<p>Ordoline terapija alignerima je moderno, u\u010dinkovito i znanstveno dokazano rje\u0161enje za ispravljanje zubi za ve\u0107inu ortodontskih slu\u010dajeva. To uklju\u010duje \u010dak i one koji su se prije mogli lije\u010diti samo aparati\u0107em za zube. Na\u0161 je cilj pomo\u0107i vam da postignete osmijeh koji \u017eelite, a istovremeno pobolj\u0161ate dugoro\u010dno oralno zdravlje. Uz Ordolineov napredni sustav, ispravljanje zubi je [&hellip;]<\/p>\n","protected":false},"author":1,"featured_media":32635,"parent":0,"menu_order":0,"comment_status":"closed","ping_status":"closed","template":"page-about-b2c.php","meta":{"_acf_changed":false,"inline_featured_image":false,"footnotes":""},"class_list":["post-32633","page","type-page","status-publish","has-post-thumbnail","hentry"],"acf":[],"yoast_head":"<!-- This site is optimized with the Yoast SEO plugin v25.9 - https:\/\/yoast.com\/wordpress\/plugins\/seo\/ -->\n<title>Nevidljivo ispravljanje zuba za zdrav i lijep osmijeh - Ordoline<\/title>\n<meta name=\"robots\" content=\"index, follow, max-snippet:-1, max-image-preview:large, max-video-preview:-1\" \/>\n<link rel=\"canonical\" href=\"https:\/\/ordoline.com\/hr\/next-generation-aligners-for-advanced-treatment-and-improved-quality-of-life-b2c\/\" \/>\n<meta property=\"og:locale\" content=\"hr_HR\" \/>\n<meta property=\"og:type\" content=\"article\" \/>\n<meta property=\"og:title\" content=\"Nevidljivo ispravljanje zuba za zdrav i lijep osmijeh - Ordoline\" \/>\n<meta property=\"og:description\" content=\"Ordoline terapija alignerima je moderno, u\u010dinkovito i znanstveno dokazano rje\u0161enje za ispravljanje zubi za ve\u0107inu ortodontskih slu\u010dajeva. To uklju\u010duje \u010dak i one koji su se prije mogli lije\u010diti samo aparati\u0107em za zube. Na\u0161 je cilj pomo\u0107i vam da postignete osmijeh koji \u017eelite, a istovremeno pobolj\u0161ate dugoro\u010dno oralno zdravlje. Uz Ordolineov napredni sustav, ispravljanje zubi je [&hellip;]\" \/>\n<meta property=\"og:url\" content=\"https:\/\/ordoline.com\/hr\/next-generation-aligners-for-advanced-treatment-and-improved-quality-of-life-b2c\/\" \/>\n<meta property=\"og:site_name\" content=\"Ordoline\" \/>\n<meta property=\"article:modified_time\" content=\"2025-07-25T14:56:33+00:00\" \/>\n<meta property=\"og:image\" content=\"https:\/\/ordoline.com\/wp-content\/uploads\/2025\/05\/open-box-2.webp\" \/>\n\t<meta property=\"og:image:width\" content=\"708\" \/>\n\t<meta property=\"og:image:height\" content=\"869\" \/>\n\t<meta property=\"og:image:type\" content=\"image\/webp\" \/>\n<meta name=\"twitter:card\" content=\"summary_large_image\" \/>\n<meta name=\"twitter:label1\" content=\"Procijenjeno vrijeme \u010ditanja\" \/>\n\t<meta name=\"twitter:data1\" content=\"1 minuta\" \/>\n<script type=\"application\/ld+json\" class=\"yoast-schema-graph\">{\"@context\":\"https:\/\/schema.org\",\"@graph\":[{\"@type\":\"WebPage\",\"@id\":\"https:\/\/ordoline.com\/hr\/next-generation-aligners-for-advanced-treatment-and-improved-quality-of-life-b2c\/\",\"url\":\"https:\/\/ordoline.com\/hr\/next-generation-aligners-for-advanced-treatment-and-improved-quality-of-life-b2c\/\",\"name\":\"Nevidljivo ispravljanje zuba za zdrav i lijep osmijeh - Ordoline\",\"isPartOf\":{\"@id\":\"https:\/\/ordoline.com\/hr\/#website\"},\"primaryImageOfPage\":{\"@id\":\"https:\/\/ordoline.com\/hr\/next-generation-aligners-for-advanced-treatment-and-improved-quality-of-life-b2c\/#primaryimage\"},\"image\":{\"@id\":\"https:\/\/ordoline.com\/hr\/next-generation-aligners-for-advanced-treatment-and-improved-quality-of-life-b2c\/#primaryimage\"},\"thumbnailUrl\":\"https:\/\/ordoline.com\/wp-content\/uploads\/2025\/05\/open-box-2.webp\",\"datePublished\":\"2021-08-18T08:13:05+00:00\",\"dateModified\":\"2025-07-25T14:56:33+00:00\",\"breadcrumb\":{\"@id\":\"https:\/\/ordoline.com\/hr\/next-generation-aligners-for-advanced-treatment-and-improved-quality-of-life-b2c\/#breadcrumb\"},\"inLanguage\":\"hr\",\"potentialAction\":[{\"@type\":\"ReadAction\",\"target\":[\"https:\/\/ordoline.com\/hr\/next-generation-aligners-for-advanced-treatment-and-improved-quality-of-life-b2c\/\"]}]},{\"@type\":\"ImageObject\",\"inLanguage\":\"hr\",\"@id\":\"https:\/\/ordoline.com\/hr\/next-generation-aligners-for-advanced-treatment-and-improved-quality-of-life-b2c\/#primaryimage\",\"url\":\"https:\/\/ordoline.com\/wp-content\/uploads\/2025\/05\/open-box-2.webp\",\"contentUrl\":\"https:\/\/ordoline.com\/wp-content\/uploads\/2025\/05\/open-box-2.webp\",\"width\":708,\"height\":869},{\"@type\":\"BreadcrumbList\",\"@id\":\"https:\/\/ordoline.com\/hr\/next-generation-aligners-for-advanced-treatment-and-improved-quality-of-life-b2c\/#breadcrumb\",\"itemListElement\":[{\"@type\":\"ListItem\",\"position\":1,\"name\":\"Home\",\"item\":\"https:\/\/ordoline.com\/hr\/\"},{\"@type\":\"ListItem\",\"position\":2,\"name\":\"Nevidljivo ispravljanje zuba za zdrav i lijep osmijeh\"}]},{\"@type\":\"WebSite\",\"@id\":\"https:\/\/ordoline.com\/hr\/#website\",\"url\":\"https:\/\/ordoline.com\/hr\/\",\"name\":\"Ordoline\",\"description\":\"Confidence and predictability with every aligner case\",\"publisher\":{\"@id\":\"https:\/\/ordoline.com\/hr\/#organization\"},\"potentialAction\":[{\"@type\":\"SearchAction\",\"target\":{\"@type\":\"EntryPoint\",\"urlTemplate\":\"https:\/\/ordoline.com\/hr\/?s={search_term_string}\"},\"query-input\":{\"@type\":\"PropertyValueSpecification\",\"valueRequired\":true,\"valueName\":\"search_term_string\"}}],\"inLanguage\":\"hr\"},{\"@type\":\"Organization\",\"@id\":\"https:\/\/ordoline.com\/hr\/#organization\",\"name\":\"Ordoline\",\"url\":\"https:\/\/ordoline.com\/hr\/\",\"logo\":{\"@type\":\"ImageObject\",\"inLanguage\":\"hr\",\"@id\":\"https:\/\/ordoline.com\/hr\/#\/schema\/logo\/image\/\",\"url\":\"https:\/\/ordoline.com\/wp-content\/uploads\/2021\/08\/ordoline_logo-juodas-4.png\",\"contentUrl\":\"https:\/\/ordoline.com\/wp-content\/uploads\/2021\/08\/ordoline_logo-juodas-4.png\",\"width\":199,\"height\":40,\"caption\":\"Ordoline\"},\"image\":{\"@id\":\"https:\/\/ordoline.com\/hr\/#\/schema\/logo\/image\/\"}}]}<\/script>\n<!-- \/ Yoast SEO plugin. -->","yoast_head_json":{"title":"Nevidljivo ispravljanje zuba za zdrav i lijep osmijeh - Ordoline","robots":{"index":"index","follow":"follow","max-snippet":"max-snippet:-1","max-image-preview":"max-image-preview:large","max-video-preview":"max-video-preview:-1"},"canonical":"https:\/\/ordoline.com\/hr\/next-generation-aligners-for-advanced-treatment-and-improved-quality-of-life-b2c\/","og_locale":"hr_HR","og_type":"article","og_title":"Nevidljivo ispravljanje zuba za zdrav i lijep osmijeh - Ordoline","og_description":"Ordoline terapija alignerima je moderno, u\u010dinkovito i znanstveno dokazano rje\u0161enje za ispravljanje zubi za ve\u0107inu ortodontskih slu\u010dajeva. To uklju\u010duje \u010dak i one koji su se prije mogli lije\u010diti samo aparati\u0107em za zube. Na\u0161 je cilj pomo\u0107i vam da postignete osmijeh koji \u017eelite, a istovremeno pobolj\u0161ate dugoro\u010dno oralno zdravlje. Uz Ordolineov napredni sustav, ispravljanje zubi je [&hellip;]","og_url":"https:\/\/ordoline.com\/hr\/next-generation-aligners-for-advanced-treatment-and-improved-quality-of-life-b2c\/","og_site_name":"Ordoline","article_modified_time":"2025-07-25T14:56:33+00:00","og_image":[{"width":708,"height":869,"url":"https:\/\/ordoline.com\/wp-content\/uploads\/2025\/05\/open-box-2.webp","type":"image\/webp"}],"twitter_card":"summary_large_image","twitter_misc":{"Procijenjeno vrijeme \u010ditanja":"1 minuta"},"schema":{"@context":"https:\/\/schema.org","@graph":[{"@type":"WebPage","@id":"https:\/\/ordoline.com\/hr\/next-generation-aligners-for-advanced-treatment-and-improved-quality-of-life-b2c\/","url":"https:\/\/ordoline.com\/hr\/next-generation-aligners-for-advanced-treatment-and-improved-quality-of-life-b2c\/","name":"Nevidljivo ispravljanje zuba za zdrav i lijep osmijeh - Ordoline","isPartOf":{"@id":"https:\/\/ordoline.com\/hr\/#website"},"primaryImageOfPage":{"@id":"https:\/\/ordoline.com\/hr\/next-generation-aligners-for-advanced-treatment-and-improved-quality-of-life-b2c\/#primaryimage"},"image":{"@id":"https:\/\/ordoline.com\/hr\/next-generation-aligners-for-advanced-treatment-and-improved-quality-of-life-b2c\/#primaryimage"},"thumbnailUrl":"https:\/\/ordoline.com\/wp-content\/uploads\/2025\/05\/open-box-2.webp","datePublished":"2021-08-18T08:13:05+00:00","dateModified":"2025-07-25T14:56:33+00:00","breadcrumb":{"@id":"https:\/\/ordoline.com\/hr\/next-generation-aligners-for-advanced-treatment-and-improved-quality-of-life-b2c\/#breadcrumb"},"inLanguage":"hr","potentialAction":[{"@type":"ReadAction","target":["https:\/\/ordoline.com\/hr\/next-generation-aligners-for-advanced-treatment-and-improved-quality-of-life-b2c\/"]}]},{"@type":"ImageObject","inLanguage":"hr","@id":"https:\/\/ordoline.com\/hr\/next-generation-aligners-for-advanced-treatment-and-improved-quality-of-life-b2c\/#primaryimage","url":"https:\/\/ordoline.com\/wp-content\/uploads\/2025\/05\/open-box-2.webp","contentUrl":"https:\/\/ordoline.com\/wp-content\/uploads\/2025\/05\/open-box-2.webp","width":708,"height":869},{"@type":"BreadcrumbList","@id":"https:\/\/ordoline.com\/hr\/next-generation-aligners-for-advanced-treatment-and-improved-quality-of-life-b2c\/#breadcrumb","itemListElement":[{"@type":"ListItem","position":1,"name":"Home","item":"https:\/\/ordoline.com\/hr\/"},{"@type":"ListItem","position":2,"name":"Nevidljivo ispravljanje zuba za zdrav i lijep osmijeh"}]},{"@type":"WebSite","@id":"https:\/\/ordoline.com\/hr\/#website","url":"https:\/\/ordoline.com\/hr\/","name":"Ordoline","description":"Confidence and predictability with every aligner case","publisher":{"@id":"https:\/\/ordoline.com\/hr\/#organization"},"potentialAction":[{"@type":"SearchAction","target":{"@type":"EntryPoint","urlTemplate":"https:\/\/ordoline.com\/hr\/?s={search_term_string}"},"query-input":{"@type":"PropertyValueSpecification","valueRequired":true,"valueName":"search_term_string"}}],"inLanguage":"hr"},{"@type":"Organization","@id":"https:\/\/ordoline.com\/hr\/#organization","name":"Ordoline","url":"https:\/\/ordoline.com\/hr\/","logo":{"@type":"ImageObject","inLanguage":"hr","@id":"https:\/\/ordoline.com\/hr\/#\/schema\/logo\/image\/","url":"https:\/\/ordoline.com\/wp-content\/uploads\/2021\/08\/ordoline_logo-juodas-4.png","contentUrl":"https:\/\/ordoline.com\/wp-content\/uploads\/2021\/08\/ordoline_logo-juodas-4.png","width":199,"height":40,"caption":"Ordoline"},"image":{"@id":"https:\/\/ordoline.com\/hr\/#\/schema\/logo\/image\/"}}]}},"_links":{"self":[{"href":"https:\/\/ordoline.com\/hr\/wp-json\/wp\/v2\/pages\/32633","targetHints":{"allow":["GET"]}}],"collection":[{"href":"https:\/\/ordoline.com\/hr\/wp-json\/wp\/v2\/pages"}],"about":[{"href":"https:\/\/ordoline.com\/hr\/wp-json\/wp\/v2\/types\/page"}],"author":[{"embeddable":true,"href":"https:\/\/ordoline.com\/hr\/wp-json\/wp\/v2\/users\/1"}],"replies":[{"embeddable":true,"href":"https:\/\/ordoline.com\/hr\/wp-json\/wp\/v2\/comments?post=32633"}],"version-history":[{"count":1,"href":"https:\/\/ordoline.com\/hr\/wp-json\/wp\/v2\/pages\/32633\/revisions"}],"predecessor-version":[{"id":32699,"href":"https:\/\/ordoline.com\/hr\/wp-json\/wp\/v2\/pages\/32633\/revisions\/32699"}],"wp:featuredmedia":[{"embeddable":true,"href":"https:\/\/ordoline.com\/hr\/wp-json\/wp\/v2\/media\/32635"}],"wp:attachment":[{"href":"https:\/\/ordoline.com\/hr\/wp-json\/wp\/v2\/media?parent=32633"}],"curies":[{"name":"wp","href":"https:\/\/api.w.org\/{rel}","templated":true}]}}