{"id":32380,"date":"2021-08-18T10:16:22","date_gmt":"2021-08-18T10:16:22","guid":{"rendered":"https:\/\/ordoline.com\/become-partner\/"},"modified":"2025-07-25T13:28:13","modified_gmt":"2025-07-25T13:28:13","slug":"become-partner","status":"publish","type":"page","link":"https:\/\/ordoline.com\/hr\/become-partner\/","title":{"rendered":"Za\u0161to Ordoline"},"content":{"rendered":"\n<h2 class=\"wp-block-heading\">Za\u0161to lije\u010dnici postaju partneri s Ordolineom?<\/h2>\n\n\n\n<p>Ordoline nudi pametniji, klini\u010dki podr\u017ean pristup terapiji alignerom. Bavimo se stvarnim izazovima s kojima se suo\u010davaju i iskusni i novi lije\u010dnici &#8211; od slo\u017eenosti slu\u010daja i predvidljivosti do planiranja i u\u010dinkovitosti lije\u010denja.<\/p>\n","protected":false},"excerpt":{"rendered":"<p>Za\u0161to lije\u010dnici postaju partneri s Ordolineom? Ordoline nudi pametniji, klini\u010dki podr\u017ean pristup terapiji alignerom. Bavimo se stvarnim izazovima s kojima se suo\u010davaju i iskusni i novi lije\u010dnici &#8211; od slo\u017eenosti slu\u010daja i predvidljivosti do planiranja i u\u010dinkovitosti lije\u010denja.<\/p>\n","protected":false},"author":1,"featured_media":0,"parent":0,"menu_order":0,"comment_status":"closed","ping_status":"closed","template":"page-partner.php","meta":{"_acf_changed":false,"inline_featured_image":false,"footnotes":""},"class_list":["post-32380","page","type-page","status-publish","hentry"],"acf":[],"yoast_head":"<!-- This site is optimized with the Yoast SEO plugin v25.9 - https:\/\/yoast.com\/wordpress\/plugins\/seo\/ -->\n<title>Za\u0161to Ordoline - Ordoline<\/title>\n<meta name=\"robots\" content=\"index, follow, max-snippet:-1, max-image-preview:large, max-video-preview:-1\" \/>\n<link rel=\"canonical\" href=\"https:\/\/ordoline.com\/hr\/become-partner\/\" \/>\n<meta property=\"og:locale\" content=\"hr_HR\" \/>\n<meta property=\"og:type\" content=\"article\" \/>\n<meta property=\"og:title\" content=\"Za\u0161to Ordoline - Ordoline\" \/>\n<meta property=\"og:description\" content=\"Za\u0161to lije\u010dnici postaju partneri s Ordolineom? Ordoline nudi pametniji, klini\u010dki podr\u017ean pristup terapiji alignerom. Bavimo se stvarnim izazovima s kojima se suo\u010davaju i iskusni i novi lije\u010dnici &#8211; od slo\u017eenosti slu\u010daja i predvidljivosti do planiranja i u\u010dinkovitosti lije\u010denja.\" \/>\n<meta property=\"og:url\" content=\"https:\/\/ordoline.com\/hr\/become-partner\/\" \/>\n<meta property=\"og:site_name\" content=\"Ordoline\" \/>\n<meta property=\"article:modified_time\" content=\"2025-07-25T13:28:13+00:00\" \/>\n<meta name=\"twitter:card\" content=\"summary_large_image\" \/>\n<meta name=\"twitter:label1\" content=\"Procijenjeno vrijeme \u010ditanja\" \/>\n\t<meta name=\"twitter:data1\" content=\"1 minuta\" \/>\n<script type=\"application\/ld+json\" class=\"yoast-schema-graph\">{\"@context\":\"https:\/\/schema.org\",\"@graph\":[{\"@type\":\"WebPage\",\"@id\":\"https:\/\/ordoline.com\/hr\/become-partner\/\",\"url\":\"https:\/\/ordoline.com\/hr\/become-partner\/\",\"name\":\"Za\u0161to Ordoline - Ordoline\",\"isPartOf\":{\"@id\":\"https:\/\/ordoline.com\/hr\/#website\"},\"datePublished\":\"2021-08-18T10:16:22+00:00\",\"dateModified\":\"2025-07-25T13:28:13+00:00\",\"breadcrumb\":{\"@id\":\"https:\/\/ordoline.com\/hr\/become-partner\/#breadcrumb\"},\"inLanguage\":\"hr\",\"potentialAction\":[{\"@type\":\"ReadAction\",\"target\":[\"https:\/\/ordoline.com\/hr\/become-partner\/\"]}]},{\"@type\":\"BreadcrumbList\",\"@id\":\"https:\/\/ordoline.com\/hr\/become-partner\/#breadcrumb\",\"itemListElement\":[{\"@type\":\"ListItem\",\"position\":1,\"name\":\"Home\",\"item\":\"https:\/\/ordoline.com\/hr\/\"},{\"@type\":\"ListItem\",\"position\":2,\"name\":\"Za\u0161to Ordoline\"}]},{\"@type\":\"WebSite\",\"@id\":\"https:\/\/ordoline.com\/hr\/#website\",\"url\":\"https:\/\/ordoline.com\/hr\/\",\"name\":\"Ordoline\",\"description\":\"Confidence and predictability with every aligner case\",\"publisher\":{\"@id\":\"https:\/\/ordoline.com\/hr\/#organization\"},\"potentialAction\":[{\"@type\":\"SearchAction\",\"target\":{\"@type\":\"EntryPoint\",\"urlTemplate\":\"https:\/\/ordoline.com\/hr\/?s={search_term_string}\"},\"query-input\":{\"@type\":\"PropertyValueSpecification\",\"valueRequired\":true,\"valueName\":\"search_term_string\"}}],\"inLanguage\":\"hr\"},{\"@type\":\"Organization\",\"@id\":\"https:\/\/ordoline.com\/hr\/#organization\",\"name\":\"Ordoline\",\"url\":\"https:\/\/ordoline.com\/hr\/\",\"logo\":{\"@type\":\"ImageObject\",\"inLanguage\":\"hr\",\"@id\":\"https:\/\/ordoline.com\/hr\/#\/schema\/logo\/image\/\",\"url\":\"https:\/\/ordoline.com\/wp-content\/uploads\/2021\/08\/ordoline_logo-juodas-4.png\",\"contentUrl\":\"https:\/\/ordoline.com\/wp-content\/uploads\/2021\/08\/ordoline_logo-juodas-4.png\",\"width\":199,\"height\":40,\"caption\":\"Ordoline\"},\"image\":{\"@id\":\"https:\/\/ordoline.com\/hr\/#\/schema\/logo\/image\/\"}}]}<\/script>\n<!-- \/ Yoast SEO plugin. -->","yoast_head_json":{"title":"Za\u0161to Ordoline - Ordoline","robots":{"index":"index","follow":"follow","max-snippet":"max-snippet:-1","max-image-preview":"max-image-preview:large","max-video-preview":"max-video-preview:-1"},"canonical":"https:\/\/ordoline.com\/hr\/become-partner\/","og_locale":"hr_HR","og_type":"article","og_title":"Za\u0161to Ordoline - Ordoline","og_description":"Za\u0161to lije\u010dnici postaju partneri s Ordolineom? Ordoline nudi pametniji, klini\u010dki podr\u017ean pristup terapiji alignerom. Bavimo se stvarnim izazovima s kojima se suo\u010davaju i iskusni i novi lije\u010dnici &#8211; od slo\u017eenosti slu\u010daja i predvidljivosti do planiranja i u\u010dinkovitosti lije\u010denja.","og_url":"https:\/\/ordoline.com\/hr\/become-partner\/","og_site_name":"Ordoline","article_modified_time":"2025-07-25T13:28:13+00:00","twitter_card":"summary_large_image","twitter_misc":{"Procijenjeno vrijeme \u010ditanja":"1 minuta"},"schema":{"@context":"https:\/\/schema.org","@graph":[{"@type":"WebPage","@id":"https:\/\/ordoline.com\/hr\/become-partner\/","url":"https:\/\/ordoline.com\/hr\/become-partner\/","name":"Za\u0161to Ordoline - Ordoline","isPartOf":{"@id":"https:\/\/ordoline.com\/hr\/#website"},"datePublished":"2021-08-18T10:16:22+00:00","dateModified":"2025-07-25T13:28:13+00:00","breadcrumb":{"@id":"https:\/\/ordoline.com\/hr\/become-partner\/#breadcrumb"},"inLanguage":"hr","potentialAction":[{"@type":"ReadAction","target":["https:\/\/ordoline.com\/hr\/become-partner\/"]}]},{"@type":"BreadcrumbList","@id":"https:\/\/ordoline.com\/hr\/become-partner\/#breadcrumb","itemListElement":[{"@type":"ListItem","position":1,"name":"Home","item":"https:\/\/ordoline.com\/hr\/"},{"@type":"ListItem","position":2,"name":"Za\u0161to Ordoline"}]},{"@type":"WebSite","@id":"https:\/\/ordoline.com\/hr\/#website","url":"https:\/\/ordoline.com\/hr\/","name":"Ordoline","description":"Confidence and predictability with every aligner case","publisher":{"@id":"https:\/\/ordoline.com\/hr\/#organization"},"potentialAction":[{"@type":"SearchAction","target":{"@type":"EntryPoint","urlTemplate":"https:\/\/ordoline.com\/hr\/?s={search_term_string}"},"query-input":{"@type":"PropertyValueSpecification","valueRequired":true,"valueName":"search_term_string"}}],"inLanguage":"hr"},{"@type":"Organization","@id":"https:\/\/ordoline.com\/hr\/#organization","name":"Ordoline","url":"https:\/\/ordoline.com\/hr\/","logo":{"@type":"ImageObject","inLanguage":"hr","@id":"https:\/\/ordoline.com\/hr\/#\/schema\/logo\/image\/","url":"https:\/\/ordoline.com\/wp-content\/uploads\/2021\/08\/ordoline_logo-juodas-4.png","contentUrl":"https:\/\/ordoline.com\/wp-content\/uploads\/2021\/08\/ordoline_logo-juodas-4.png","width":199,"height":40,"caption":"Ordoline"},"image":{"@id":"https:\/\/ordoline.com\/hr\/#\/schema\/logo\/image\/"}}]}},"_links":{"self":[{"href":"https:\/\/ordoline.com\/hr\/wp-json\/wp\/v2\/pages\/32380","targetHints":{"allow":["GET"]}}],"collection":[{"href":"https:\/\/ordoline.com\/hr\/wp-json\/wp\/v2\/pages"}],"about":[{"href":"https:\/\/ordoline.com\/hr\/wp-json\/wp\/v2\/types\/page"}],"author":[{"embeddable":true,"href":"https:\/\/ordoline.com\/hr\/wp-json\/wp\/v2\/users\/1"}],"replies":[{"embeddable":true,"href":"https:\/\/ordoline.com\/hr\/wp-json\/wp\/v2\/comments?post=32380"}],"version-history":[{"count":1,"href":"https:\/\/ordoline.com\/hr\/wp-json\/wp\/v2\/pages\/32380\/revisions"}],"predecessor-version":[{"id":32509,"href":"https:\/\/ordoline.com\/hr\/wp-json\/wp\/v2\/pages\/32380\/revisions\/32509"}],"wp:attachment":[{"href":"https:\/\/ordoline.com\/hr\/wp-json\/wp\/v2\/media?parent=32380"}],"curies":[{"name":"wp","href":"https:\/\/api.w.org\/{rel}","templated":true}]}}