{"id":32354,"date":"2021-10-10T13:01:28","date_gmt":"2021-10-10T13:01:28","guid":{"rendered":"https:\/\/ordoline.com\/treatment-results-b2b\/"},"modified":"2025-07-24T14:49:09","modified_gmt":"2025-07-24T14:49:09","slug":"treatment-results-b2b","status":"publish","type":"page","link":"https:\/\/ordoline.com\/hr\/treatment-results-b2b\/","title":{"rendered":"Predvidljivi rezultati lije\u010denja"},"content":{"rendered":"\n<p><\/p>\n\n\n\n<p>Ordoline kombinira znanstveno validirane protokole lije\u010denja s ortodontskim stru\u010dnim znanjem kako bi pru\u017eio visoku klini\u010dku to\u010dnost &#8211; od jednostavnih poravnanja do slo\u017eenih malokluzija.<\/p>\n\n\n\n<p><\/p>\n\n\n\n<p><\/p>\n\n\n\n<p>Potkrijepljen neovisnim istra\u017eivanjima, Ordoline posti\u017ee to\u010dnost od 67\u201378% u slo\u017eenim slu\u010dajevima, \u0161to zna\u010dajno prema\u0161uje standardne tr\u017ei\u0161ne prosjeke. Ovu izvedbu omogu\u0107uje stru\u010dno vo\u0111eno planiranje, troslojni sustav kontrole kvalitete i potpuna integracija ortodontskih pomo\u0107nih sredstava.<\/p>\n\n\n\n<p><\/p>\n\n\n\n<p>Ordoline omogu\u0107uje pouzdan tretman \u0161irokoj bazi pacijenata &#8211; od korisnika koji prvi put koriste alignere do iskusnih ortodonta koji rje\u0161avaju uznapredovale slu\u010dajeve.<\/p>\n\n\n\n<p><\/p>\n","protected":false},"excerpt":{"rendered":"<p>Ordoline kombinira znanstveno validirane protokole lije\u010denja s ortodontskim stru\u010dnim znanjem kako bi pru\u017eio visoku klini\u010dku to\u010dnost &#8211; od jednostavnih poravnanja do slo\u017eenih malokluzija. Potkrijepljen neovisnim istra\u017eivanjima, Ordoline posti\u017ee to\u010dnost od 67\u201378% u slo\u017eenim slu\u010dajevima, \u0161to zna\u010dajno prema\u0161uje standardne tr\u017ei\u0161ne prosjeke. Ovu izvedbu omogu\u0107uje stru\u010dno vo\u0111eno planiranje, troslojni sustav kontrole kvalitete i potpuna integracija ortodontskih pomo\u0107nih [&hellip;]<\/p>\n","protected":false},"author":1,"featured_media":0,"parent":0,"menu_order":0,"comment_status":"closed","ping_status":"closed","template":"page-treatment-b2b.php","meta":{"_acf_changed":false,"inline_featured_image":false,"footnotes":""},"class_list":["post-32354","page","type-page","status-publish","hentry"],"acf":[],"yoast_head":"<!-- This site is optimized with the Yoast SEO plugin v25.9 - https:\/\/yoast.com\/wordpress\/plugins\/seo\/ -->\n<title>Predvidljivi rezultati lije\u010denja - Ordoline<\/title>\n<meta name=\"robots\" content=\"index, follow, max-snippet:-1, max-image-preview:large, max-video-preview:-1\" \/>\n<link rel=\"canonical\" href=\"https:\/\/ordoline.com\/hr\/treatment-results-b2b\/\" \/>\n<meta property=\"og:locale\" content=\"hr_HR\" \/>\n<meta property=\"og:type\" content=\"article\" \/>\n<meta property=\"og:title\" content=\"Predvidljivi rezultati lije\u010denja - Ordoline\" \/>\n<meta property=\"og:description\" content=\"Ordoline kombinira znanstveno validirane protokole lije\u010denja s ortodontskim stru\u010dnim znanjem kako bi pru\u017eio visoku klini\u010dku to\u010dnost &#8211; od jednostavnih poravnanja do slo\u017eenih malokluzija. Potkrijepljen neovisnim istra\u017eivanjima, Ordoline posti\u017ee to\u010dnost od 67\u201378% u slo\u017eenim slu\u010dajevima, \u0161to zna\u010dajno prema\u0161uje standardne tr\u017ei\u0161ne prosjeke. Ovu izvedbu omogu\u0107uje stru\u010dno vo\u0111eno planiranje, troslojni sustav kontrole kvalitete i potpuna integracija ortodontskih pomo\u0107nih [&hellip;]\" \/>\n<meta property=\"og:url\" content=\"https:\/\/ordoline.com\/hr\/treatment-results-b2b\/\" \/>\n<meta property=\"og:site_name\" content=\"Ordoline\" \/>\n<meta property=\"article:modified_time\" content=\"2025-07-24T14:49:09+00:00\" \/>\n<meta name=\"twitter:card\" content=\"summary_large_image\" \/>\n<meta name=\"twitter:label1\" content=\"Procijenjeno vrijeme \u010ditanja\" \/>\n\t<meta name=\"twitter:data1\" content=\"1 minuta\" \/>\n<script type=\"application\/ld+json\" class=\"yoast-schema-graph\">{\"@context\":\"https:\/\/schema.org\",\"@graph\":[{\"@type\":\"WebPage\",\"@id\":\"https:\/\/ordoline.com\/hr\/treatment-results-b2b\/\",\"url\":\"https:\/\/ordoline.com\/hr\/treatment-results-b2b\/\",\"name\":\"Predvidljivi rezultati lije\u010denja - Ordoline\",\"isPartOf\":{\"@id\":\"https:\/\/ordoline.com\/hr\/#website\"},\"datePublished\":\"2021-10-10T13:01:28+00:00\",\"dateModified\":\"2025-07-24T14:49:09+00:00\",\"breadcrumb\":{\"@id\":\"https:\/\/ordoline.com\/hr\/treatment-results-b2b\/#breadcrumb\"},\"inLanguage\":\"hr\",\"potentialAction\":[{\"@type\":\"ReadAction\",\"target\":[\"https:\/\/ordoline.com\/hr\/treatment-results-b2b\/\"]}]},{\"@type\":\"BreadcrumbList\",\"@id\":\"https:\/\/ordoline.com\/hr\/treatment-results-b2b\/#breadcrumb\",\"itemListElement\":[{\"@type\":\"ListItem\",\"position\":1,\"name\":\"Home\",\"item\":\"https:\/\/ordoline.com\/hr\/\"},{\"@type\":\"ListItem\",\"position\":2,\"name\":\"Predvidljivi rezultati lije\u010denja\"}]},{\"@type\":\"WebSite\",\"@id\":\"https:\/\/ordoline.com\/hr\/#website\",\"url\":\"https:\/\/ordoline.com\/hr\/\",\"name\":\"Ordoline\",\"description\":\"Confidence and predictability with every aligner case\",\"publisher\":{\"@id\":\"https:\/\/ordoline.com\/hr\/#organization\"},\"potentialAction\":[{\"@type\":\"SearchAction\",\"target\":{\"@type\":\"EntryPoint\",\"urlTemplate\":\"https:\/\/ordoline.com\/hr\/?s={search_term_string}\"},\"query-input\":{\"@type\":\"PropertyValueSpecification\",\"valueRequired\":true,\"valueName\":\"search_term_string\"}}],\"inLanguage\":\"hr\"},{\"@type\":\"Organization\",\"@id\":\"https:\/\/ordoline.com\/hr\/#organization\",\"name\":\"Ordoline\",\"url\":\"https:\/\/ordoline.com\/hr\/\",\"logo\":{\"@type\":\"ImageObject\",\"inLanguage\":\"hr\",\"@id\":\"https:\/\/ordoline.com\/hr\/#\/schema\/logo\/image\/\",\"url\":\"https:\/\/ordoline.com\/wp-content\/uploads\/2021\/08\/ordoline_logo-juodas-4.png\",\"contentUrl\":\"https:\/\/ordoline.com\/wp-content\/uploads\/2021\/08\/ordoline_logo-juodas-4.png\",\"width\":199,\"height\":40,\"caption\":\"Ordoline\"},\"image\":{\"@id\":\"https:\/\/ordoline.com\/hr\/#\/schema\/logo\/image\/\"}}]}<\/script>\n<!-- \/ Yoast SEO plugin. -->","yoast_head_json":{"title":"Predvidljivi rezultati lije\u010denja - Ordoline","robots":{"index":"index","follow":"follow","max-snippet":"max-snippet:-1","max-image-preview":"max-image-preview:large","max-video-preview":"max-video-preview:-1"},"canonical":"https:\/\/ordoline.com\/hr\/treatment-results-b2b\/","og_locale":"hr_HR","og_type":"article","og_title":"Predvidljivi rezultati lije\u010denja - Ordoline","og_description":"Ordoline kombinira znanstveno validirane protokole lije\u010denja s ortodontskim stru\u010dnim znanjem kako bi pru\u017eio visoku klini\u010dku to\u010dnost &#8211; od jednostavnih poravnanja do slo\u017eenih malokluzija. Potkrijepljen neovisnim istra\u017eivanjima, Ordoline posti\u017ee to\u010dnost od 67\u201378% u slo\u017eenim slu\u010dajevima, \u0161to zna\u010dajno prema\u0161uje standardne tr\u017ei\u0161ne prosjeke. Ovu izvedbu omogu\u0107uje stru\u010dno vo\u0111eno planiranje, troslojni sustav kontrole kvalitete i potpuna integracija ortodontskih pomo\u0107nih [&hellip;]","og_url":"https:\/\/ordoline.com\/hr\/treatment-results-b2b\/","og_site_name":"Ordoline","article_modified_time":"2025-07-24T14:49:09+00:00","twitter_card":"summary_large_image","twitter_misc":{"Procijenjeno vrijeme \u010ditanja":"1 minuta"},"schema":{"@context":"https:\/\/schema.org","@graph":[{"@type":"WebPage","@id":"https:\/\/ordoline.com\/hr\/treatment-results-b2b\/","url":"https:\/\/ordoline.com\/hr\/treatment-results-b2b\/","name":"Predvidljivi rezultati lije\u010denja - Ordoline","isPartOf":{"@id":"https:\/\/ordoline.com\/hr\/#website"},"datePublished":"2021-10-10T13:01:28+00:00","dateModified":"2025-07-24T14:49:09+00:00","breadcrumb":{"@id":"https:\/\/ordoline.com\/hr\/treatment-results-b2b\/#breadcrumb"},"inLanguage":"hr","potentialAction":[{"@type":"ReadAction","target":["https:\/\/ordoline.com\/hr\/treatment-results-b2b\/"]}]},{"@type":"BreadcrumbList","@id":"https:\/\/ordoline.com\/hr\/treatment-results-b2b\/#breadcrumb","itemListElement":[{"@type":"ListItem","position":1,"name":"Home","item":"https:\/\/ordoline.com\/hr\/"},{"@type":"ListItem","position":2,"name":"Predvidljivi rezultati lije\u010denja"}]},{"@type":"WebSite","@id":"https:\/\/ordoline.com\/hr\/#website","url":"https:\/\/ordoline.com\/hr\/","name":"Ordoline","description":"Confidence and predictability with every aligner case","publisher":{"@id":"https:\/\/ordoline.com\/hr\/#organization"},"potentialAction":[{"@type":"SearchAction","target":{"@type":"EntryPoint","urlTemplate":"https:\/\/ordoline.com\/hr\/?s={search_term_string}"},"query-input":{"@type":"PropertyValueSpecification","valueRequired":true,"valueName":"search_term_string"}}],"inLanguage":"hr"},{"@type":"Organization","@id":"https:\/\/ordoline.com\/hr\/#organization","name":"Ordoline","url":"https:\/\/ordoline.com\/hr\/","logo":{"@type":"ImageObject","inLanguage":"hr","@id":"https:\/\/ordoline.com\/hr\/#\/schema\/logo\/image\/","url":"https:\/\/ordoline.com\/wp-content\/uploads\/2021\/08\/ordoline_logo-juodas-4.png","contentUrl":"https:\/\/ordoline.com\/wp-content\/uploads\/2021\/08\/ordoline_logo-juodas-4.png","width":199,"height":40,"caption":"Ordoline"},"image":{"@id":"https:\/\/ordoline.com\/hr\/#\/schema\/logo\/image\/"}}]}},"_links":{"self":[{"href":"https:\/\/ordoline.com\/hr\/wp-json\/wp\/v2\/pages\/32354","targetHints":{"allow":["GET"]}}],"collection":[{"href":"https:\/\/ordoline.com\/hr\/wp-json\/wp\/v2\/pages"}],"about":[{"href":"https:\/\/ordoline.com\/hr\/wp-json\/wp\/v2\/types\/page"}],"author":[{"embeddable":true,"href":"https:\/\/ordoline.com\/hr\/wp-json\/wp\/v2\/users\/1"}],"replies":[{"embeddable":true,"href":"https:\/\/ordoline.com\/hr\/wp-json\/wp\/v2\/comments?post=32354"}],"version-history":[{"count":1,"href":"https:\/\/ordoline.com\/hr\/wp-json\/wp\/v2\/pages\/32354\/revisions"}],"predecessor-version":[{"id":32365,"href":"https:\/\/ordoline.com\/hr\/wp-json\/wp\/v2\/pages\/32354\/revisions\/32365"}],"wp:attachment":[{"href":"https:\/\/ordoline.com\/hr\/wp-json\/wp\/v2\/media?parent=32354"}],"curies":[{"name":"wp","href":"https:\/\/api.w.org\/{rel}","templated":true}]}}